{"id":134444,"date":"2026-01-28T19:16:58","date_gmt":"2026-01-28T18:16:58","guid":{"rendered":"https:\/\/new.visit-montenegro.com\/crna-gora\/tradicionalni-crnogorski-obroci\/"},"modified":"2026-02-22T16:56:42","modified_gmt":"2026-02-22T15:56:42","slug":"tradicionalni-crnogorski-obroci","status":"publish","type":"page","link":"https:\/\/www.visit-montenegro.com\/me\/crna-gora\/tradicionalni-crnogorski-obroci\/","title":{"rendered":"Crnogorska kuhinja"},"content":{"rendered":"\n<p>Crnogorska kuhinja je obilna i raznolika kulinarska tradicija, sa velikim porcijama sve\u017eih, organskih i ukusnih jela koja odra\u017eavaju primorske, centralne i planinske regije zemlje.<\/p>\n\n<hr class=\"wp-block-separator has-alpha-channel-opacity\"\/>\n\n<h2 class=\"wp-block-heading\">Primorska kuhinja<\/h2>\n\n<p>Porcije u <strong>crnogorskoj kuhinji<\/strong> su ogromne i ukusne, zato se pobrinite da opustite kai\u0161 kada jedete ovdje. Hrana je sve\u017ea, organska i puna ukusa. Shodno tome, primorska kuhinja je puna ribe, plodova mora i maslinovog ulja, za\u010dinjena lovorovim listom, per\u0161unom, limunom i bijelim lukom. Ukusna riblja \u010dorba, ro\u0161tiljane lignje, riba i hobotnica su obavezno za probati, kao i ri\u017eoto sa plodovima mora i crni ri\u017eoto obojen tintom od lignje.<\/p>\n\n<figure class=\"wp-block-image size-large\"><img loading=\"lazy\" decoding=\"async\" width=\"1024\" height=\"409\" src=\"https:\/\/www.visit-montenegro.com\/wp-content\/uploads\/2026\/02\/sea-food-1024x409.jpg\" alt=\"\" class=\"wp-image-133472\" srcset=\"https:\/\/www.visit-montenegro.com\/wp-content\/uploads\/2026\/02\/sea-food-1024x409.jpg 1024w, https:\/\/www.visit-montenegro.com\/wp-content\/uploads\/2026\/02\/sea-food-300x120.jpg 300w, https:\/\/www.visit-montenegro.com\/wp-content\/uploads\/2026\/02\/sea-food-768x307.jpg 768w, https:\/\/www.visit-montenegro.com\/wp-content\/uploads\/2026\/02\/sea-food-1536x614.jpg 1536w, https:\/\/www.visit-montenegro.com\/wp-content\/uploads\/2026\/02\/sea-food-2048x819.jpg 2048w, https:\/\/www.visit-montenegro.com\/wp-content\/uploads\/2026\/02\/sea-food-scaled.jpg 1600w\" sizes=\"auto, (max-width: 1024px) 100vw, 1024px\" \/><\/figure>\n\n<h2 class=\"wp-block-heading\">Centralni i planinski ukusi<\/h2>\n\n<p>Ukus &#8220;Stare Crne Gore&#8221; obitava u centralnom dijelu zemlje, gdje dominiraju dimljena \u0161unka (pr\u0161ut), Njegu\u0161ki sir i jela sa Skadarskog jezera, kao \u0161to su jegulja i dimljena \u0161aran. \u0160tavi\u0161e, ovdje mo\u017eete naru\u010diti kraljeve pala\u010dinke Nikole, napravljene od kukuruznog bra\u0161na, punjene orasima i lokalnim medom, i posute sosom od suhih \u0161ljiva kuhanih u vinu. Jako ukusno!<\/p>\n\n<figure class=\"wp-block-image size-large\"><img loading=\"lazy\" decoding=\"async\" width=\"1024\" height=\"681\" src=\"https:\/\/www.visit-montenegro.com\/wp-content\/uploads\/2026\/01\/montenegrian-organic-food-1024x681.jpg\" alt=\"\" class=\"wp-image-36307\" srcset=\"https:\/\/www.visit-montenegro.com\/wp-content\/uploads\/2026\/01\/montenegrian-organic-food-1024x681.jpg 1024w, https:\/\/www.visit-montenegro.com\/wp-content\/uploads\/2026\/01\/montenegrian-organic-food-300x200.jpg 300w, https:\/\/www.visit-montenegro.com\/wp-content\/uploads\/2026\/01\/montenegrian-organic-food-768x511.jpg 768w, https:\/\/www.visit-montenegro.com\/wp-content\/uploads\/2026\/01\/montenegrian-organic-food-1536x1022.jpg 1536w, https:\/\/www.visit-montenegro.com\/wp-content\/uploads\/2026\/01\/montenegrian-organic-food-1200x798.jpg 1200w, https:\/\/www.visit-montenegro.com\/wp-content\/uploads\/2026\/01\/montenegrian-organic-food-scaled.jpg 1600w\" sizes=\"auto, (max-width: 1024px) 100vw, 1024px\" \/><\/figure>\n\n<p>U planinama, hrana je te\u017ea, pru\u017eaju\u0107i energiju za hladne zimske no\u0107i. Meso i povr\u0107e se peku pod metalnim poklopcem prekrivenim vru\u0107im ugljem &#8220;ispod sa\u010da&#8221;. Zaista, jagnje kuhano na ovaj na\u010din je delicija koju morate naru\u010diti i koja se tako dobro sla\u017ee sa doma\u0107im hrskavim hljebom. Ka\u010damak je jelo bazirano na palenti pomije\u0161ano sa krompirom, sirom i kajmakom (sli\u010dno gustoj pavlaci), i obavezno je za odr\u017eavanje energije tokom planinskih \u0161etnji. Probajte ga. Pravi se samo u crnogorskim planinama i dobro se sla\u017ee sa doma\u0107im kiselim mlijekom.<\/p>\n","protected":false},"excerpt":{"rendered":"<p>Otkrijte obilne i raznolike ukuse crnogorske kuhinje, od sve\u017eih primorskih plodova mora do sna\u017enih planinskih jela. Saznajte o specijalitetima koje morate probati kao \u0161to su ro\u0161tiljane lignje, dimljena \u0161unka i Ka\u010damak.<\/p>\n","protected":false},"author":1,"featured_media":134161,"parent":133962,"menu_order":0,"comment_status":"open","ping_status":"open","template":"","meta":{"_yoast_wpseo_focuskw":"Crnogorska kuhinja","_yoast_wpseo_metadesc":"Istra\u017eite crnogorsku kuhinju sa sve\u017eim plodovima mora, dimljenim mesom i obilnim planinskim jelima. Planirajte svoju kulinarsku avanturu sa specijalitetima koje morate probati i regionalnim ukusima.","_kad_post_transparent":"","_kad_post_title":"","_kad_post_layout":"","_kad_post_sidebar_id":"","_kad_post_content_style":"","_kad_post_vertical_padding":"","_kad_post_feature":"","_kad_post_feature_position":"","_kad_post_header":false,"_kad_post_footer":false,"_kad_post_classname":"","iawp_total_views":33,"footnotes":""},"tags":[],"class_list":["post-134444","page","type-page","status-publish","has-post-thumbnail","hentry"],"yoast_head":"<!-- This site is optimized with the Yoast SEO plugin v27.3 - https:\/\/yoast.com\/product\/yoast-seo-wordpress\/ -->\n<title>Crnogorska kuhinja - Visit Montenegro<\/title>\n<meta name=\"description\" content=\"Istra\u017eite crnogorsku kuhinju sa sve\u017eim plodovima mora, dimljenim mesom i obilnim planinskim jelima. Planirajte svoju kulinarsku avanturu sa specijalitetima koje morate probati i regionalnim ukusima.\" \/>\n<meta name=\"robots\" content=\"index, follow, max-snippet:-1, max-image-preview:large, max-video-preview:-1\" \/>\n<link rel=\"canonical\" href=\"https:\/\/www.visit-montenegro.com\/me\/crna-gora\/tradicionalni-crnogorski-obroci\/\" \/>\n<meta property=\"og:locale\" content=\"en_US\" \/>\n<meta property=\"og:type\" content=\"article\" \/>\n<meta property=\"og:title\" content=\"Crnogorska kuhinja - Visit Montenegro\" \/>\n<meta property=\"og:description\" content=\"Istra\u017eite crnogorsku kuhinju sa sve\u017eim plodovima mora, dimljenim mesom i obilnim planinskim jelima. Planirajte svoju kulinarsku avanturu sa specijalitetima koje morate probati i regionalnim ukusima.\" \/>\n<meta property=\"og:url\" content=\"https:\/\/www.visit-montenegro.com\/me\/crna-gora\/tradicionalni-crnogorski-obroci\/\" \/>\n<meta property=\"og:site_name\" content=\"Visit Montenegro\" \/>\n<meta property=\"article:publisher\" content=\"https:\/\/www.facebook.com\/visitmontenegro\" \/>\n<meta property=\"article:modified_time\" content=\"2026-02-22T15:56:42+00:00\" \/>\n<meta property=\"og:image\" content=\"https:\/\/www.visit-montenegro.com\/wp-content\/uploads\/2026\/01\/wine-on-balcony-scaled.jpg\" \/>\n\t<meta property=\"og:image:width\" content=\"1600\" \/>\n\t<meta property=\"og:image:height\" content=\"900\" \/>\n\t<meta property=\"og:image:type\" content=\"image\/jpeg\" \/>\n<meta name=\"twitter:card\" content=\"summary_large_image\" \/>\n<meta name=\"twitter:site\" content=\"@visitmontenegro\" \/>\n<meta name=\"twitter:label1\" content=\"Est. reading time\" \/>\n\t<meta name=\"twitter:data1\" content=\"1 minute\" \/>\n<script type=\"application\/ld+json\" class=\"yoast-schema-graph\">{\"@context\":\"https:\\\/\\\/schema.org\",\"@graph\":[{\"@type\":\"WebPage\",\"@id\":\"https:\\\/\\\/www.visit-montenegro.com\\\/me\\\/crna-gora\\\/tradicionalni-crnogorski-obroci\\\/\",\"url\":\"https:\\\/\\\/www.visit-montenegro.com\\\/me\\\/crna-gora\\\/tradicionalni-crnogorski-obroci\\\/\",\"name\":\"Crnogorska kuhinja - Visit Montenegro\",\"isPartOf\":{\"@id\":\"https:\\\/\\\/www.visit-montenegro.com\\\/me\\\/#website\"},\"primaryImageOfPage\":{\"@id\":\"https:\\\/\\\/www.visit-montenegro.com\\\/me\\\/crna-gora\\\/tradicionalni-crnogorski-obroci\\\/#primaryimage\"},\"image\":{\"@id\":\"https:\\\/\\\/www.visit-montenegro.com\\\/me\\\/crna-gora\\\/tradicionalni-crnogorski-obroci\\\/#primaryimage\"},\"thumbnailUrl\":\"https:\\\/\\\/www.visit-montenegro.com\\\/wp-content\\\/uploads\\\/2026\\\/01\\\/wine-on-balcony-scaled.jpg\",\"datePublished\":\"2026-01-28T18:16:58+00:00\",\"dateModified\":\"2026-02-22T15:56:42+00:00\",\"description\":\"Istra\u017eite crnogorsku kuhinju sa sve\u017eim plodovima mora, dimljenim mesom i obilnim planinskim jelima. Planirajte svoju kulinarsku avanturu sa specijalitetima koje morate probati i regionalnim ukusima.\",\"breadcrumb\":{\"@id\":\"https:\\\/\\\/www.visit-montenegro.com\\\/me\\\/crna-gora\\\/tradicionalni-crnogorski-obroci\\\/#breadcrumb\"},\"inLanguage\":\"sr-Latn-ME\",\"potentialAction\":[{\"@type\":\"ReadAction\",\"target\":[\"https:\\\/\\\/www.visit-montenegro.com\\\/me\\\/crna-gora\\\/tradicionalni-crnogorski-obroci\\\/\"]}]},{\"@type\":\"ImageObject\",\"inLanguage\":\"sr-Latn-ME\",\"@id\":\"https:\\\/\\\/www.visit-montenegro.com\\\/me\\\/crna-gora\\\/tradicionalni-crnogorski-obroci\\\/#primaryimage\",\"url\":\"https:\\\/\\\/www.visit-montenegro.com\\\/wp-content\\\/uploads\\\/2026\\\/01\\\/wine-on-balcony-scaled.jpg\",\"contentUrl\":\"https:\\\/\\\/www.visit-montenegro.com\\\/wp-content\\\/uploads\\\/2026\\\/01\\\/wine-on-balcony-scaled.jpg\",\"width\":1600,\"height\":900,\"caption\":\"Sto sa lokalnom hranom i vinom na ku\u0107nom balkonu. Fokus na hrani. Prekrasan pogled sa balkona na mirno more i planine. Kamenice sa limunom, salata, meso, grickalice i boca pjenu\u0161avog vina\"},{\"@type\":\"BreadcrumbList\",\"@id\":\"https:\\\/\\\/www.visit-montenegro.com\\\/me\\\/crna-gora\\\/tradicionalni-crnogorski-obroci\\\/#breadcrumb\",\"itemListElement\":[{\"@type\":\"ListItem\",\"position\":1,\"name\":\"Home\",\"item\":\"https:\\\/\\\/www.visit-montenegro.com\\\/me\\\/pocetna\\\/\"},{\"@type\":\"ListItem\",\"position\":2,\"name\":\"Vi\u0161e o Crnoj Gori\",\"item\":\"https:\\\/\\\/www.visit-montenegro.com\\\/me\\\/crna-gora\\\/\"},{\"@type\":\"ListItem\",\"position\":3,\"name\":\"Crnogorska kuhinja\"}]},{\"@type\":\"WebSite\",\"@id\":\"https:\\\/\\\/www.visit-montenegro.com\\\/me\\\/#website\",\"url\":\"https:\\\/\\\/www.visit-montenegro.com\\\/me\\\/\",\"name\":\"Visit Montenegro\",\"description\":\"Breathtaking beauty\",\"publisher\":{\"@id\":\"https:\\\/\\\/www.visit-montenegro.com\\\/me\\\/#organization\"},\"potentialAction\":[{\"@type\":\"SearchAction\",\"target\":{\"@type\":\"EntryPoint\",\"urlTemplate\":\"https:\\\/\\\/www.visit-montenegro.com\\\/me\\\/?s={search_term_string}\"},\"query-input\":{\"@type\":\"PropertyValueSpecification\",\"valueRequired\":true,\"valueName\":\"search_term_string\"}}],\"inLanguage\":\"sr-Latn-ME\"},{\"@type\":\"Organization\",\"@id\":\"https:\\\/\\\/www.visit-montenegro.com\\\/me\\\/#organization\",\"name\":\"Visit Montenegro\",\"url\":\"https:\\\/\\\/www.visit-montenegro.com\\\/me\\\/\",\"logo\":{\"@type\":\"ImageObject\",\"inLanguage\":\"sr-Latn-ME\",\"@id\":\"https:\\\/\\\/www.visit-montenegro.com\\\/me\\\/#\\\/schema\\\/logo\\\/image\\\/\",\"url\":\"https:\\\/\\\/www.visit-montenegro.com\\\/wp-content\\\/uploads\\\/2017\\\/10\\\/logo-amp.png\",\"contentUrl\":\"https:\\\/\\\/www.visit-montenegro.com\\\/wp-content\\\/uploads\\\/2017\\\/10\\\/logo-amp.png\",\"width\":190,\"height\":36,\"caption\":\"Visit Montenegro\"},\"image\":{\"@id\":\"https:\\\/\\\/www.visit-montenegro.com\\\/me\\\/#\\\/schema\\\/logo\\\/image\\\/\"},\"sameAs\":[\"https:\\\/\\\/www.facebook.com\\\/visitmontenegro\",\"https:\\\/\\\/x.com\\\/visitmontenegro\",\"https:\\\/\\\/www.instagram.com\\\/visit_montenegro\\\/\",\"https:\\\/\\\/www.youtube.com\\\/user\\\/VisitMontenegro\"]}]}<\/script>\n<!-- \/ Yoast SEO plugin. -->","yoast_head_json":{"title":"Crnogorska kuhinja - Visit Montenegro","description":"Istra\u017eite crnogorsku kuhinju sa sve\u017eim plodovima mora, dimljenim mesom i obilnim planinskim jelima. Planirajte svoju kulinarsku avanturu sa specijalitetima koje morate probati i regionalnim ukusima.","robots":{"index":"index","follow":"follow","max-snippet":"max-snippet:-1","max-image-preview":"max-image-preview:large","max-video-preview":"max-video-preview:-1"},"canonical":"https:\/\/www.visit-montenegro.com\/me\/crna-gora\/tradicionalni-crnogorski-obroci\/","og_locale":"en_US","og_type":"article","og_title":"Crnogorska kuhinja - Visit Montenegro","og_description":"Istra\u017eite crnogorsku kuhinju sa sve\u017eim plodovima mora, dimljenim mesom i obilnim planinskim jelima. Planirajte svoju kulinarsku avanturu sa specijalitetima koje morate probati i regionalnim ukusima.","og_url":"https:\/\/www.visit-montenegro.com\/me\/crna-gora\/tradicionalni-crnogorski-obroci\/","og_site_name":"Visit Montenegro","article_publisher":"https:\/\/www.facebook.com\/visitmontenegro","article_modified_time":"2026-02-22T15:56:42+00:00","og_image":[{"width":1600,"height":900,"url":"https:\/\/www.visit-montenegro.com\/wp-content\/uploads\/2026\/01\/wine-on-balcony-scaled.jpg","type":"image\/jpeg"}],"twitter_card":"summary_large_image","twitter_site":"@visitmontenegro","twitter_misc":{"Est. reading time":"1 minute"},"schema":{"@context":"https:\/\/schema.org","@graph":[{"@type":"WebPage","@id":"https:\/\/www.visit-montenegro.com\/me\/crna-gora\/tradicionalni-crnogorski-obroci\/","url":"https:\/\/www.visit-montenegro.com\/me\/crna-gora\/tradicionalni-crnogorski-obroci\/","name":"Crnogorska kuhinja - Visit Montenegro","isPartOf":{"@id":"https:\/\/www.visit-montenegro.com\/me\/#website"},"primaryImageOfPage":{"@id":"https:\/\/www.visit-montenegro.com\/me\/crna-gora\/tradicionalni-crnogorski-obroci\/#primaryimage"},"image":{"@id":"https:\/\/www.visit-montenegro.com\/me\/crna-gora\/tradicionalni-crnogorski-obroci\/#primaryimage"},"thumbnailUrl":"https:\/\/www.visit-montenegro.com\/wp-content\/uploads\/2026\/01\/wine-on-balcony-scaled.jpg","datePublished":"2026-01-28T18:16:58+00:00","dateModified":"2026-02-22T15:56:42+00:00","description":"Istra\u017eite crnogorsku kuhinju sa sve\u017eim plodovima mora, dimljenim mesom i obilnim planinskim jelima. Planirajte svoju kulinarsku avanturu sa specijalitetima koje morate probati i regionalnim ukusima.","breadcrumb":{"@id":"https:\/\/www.visit-montenegro.com\/me\/crna-gora\/tradicionalni-crnogorski-obroci\/#breadcrumb"},"inLanguage":"sr-Latn-ME","potentialAction":[{"@type":"ReadAction","target":["https:\/\/www.visit-montenegro.com\/me\/crna-gora\/tradicionalni-crnogorski-obroci\/"]}]},{"@type":"ImageObject","inLanguage":"sr-Latn-ME","@id":"https:\/\/www.visit-montenegro.com\/me\/crna-gora\/tradicionalni-crnogorski-obroci\/#primaryimage","url":"https:\/\/www.visit-montenegro.com\/wp-content\/uploads\/2026\/01\/wine-on-balcony-scaled.jpg","contentUrl":"https:\/\/www.visit-montenegro.com\/wp-content\/uploads\/2026\/01\/wine-on-balcony-scaled.jpg","width":1600,"height":900,"caption":"Sto sa lokalnom hranom i vinom na ku\u0107nom balkonu. Fokus na hrani. Prekrasan pogled sa balkona na mirno more i planine. Kamenice sa limunom, salata, meso, grickalice i boca pjenu\u0161avog vina"},{"@type":"BreadcrumbList","@id":"https:\/\/www.visit-montenegro.com\/me\/crna-gora\/tradicionalni-crnogorski-obroci\/#breadcrumb","itemListElement":[{"@type":"ListItem","position":1,"name":"Home","item":"https:\/\/www.visit-montenegro.com\/me\/pocetna\/"},{"@type":"ListItem","position":2,"name":"Vi\u0161e o Crnoj Gori","item":"https:\/\/www.visit-montenegro.com\/me\/crna-gora\/"},{"@type":"ListItem","position":3,"name":"Crnogorska kuhinja"}]},{"@type":"WebSite","@id":"https:\/\/www.visit-montenegro.com\/me\/#website","url":"https:\/\/www.visit-montenegro.com\/me\/","name":"Visit Montenegro","description":"Breathtaking beauty","publisher":{"@id":"https:\/\/www.visit-montenegro.com\/me\/#organization"},"potentialAction":[{"@type":"SearchAction","target":{"@type":"EntryPoint","urlTemplate":"https:\/\/www.visit-montenegro.com\/me\/?s={search_term_string}"},"query-input":{"@type":"PropertyValueSpecification","valueRequired":true,"valueName":"search_term_string"}}],"inLanguage":"sr-Latn-ME"},{"@type":"Organization","@id":"https:\/\/www.visit-montenegro.com\/me\/#organization","name":"Visit Montenegro","url":"https:\/\/www.visit-montenegro.com\/me\/","logo":{"@type":"ImageObject","inLanguage":"sr-Latn-ME","@id":"https:\/\/www.visit-montenegro.com\/me\/#\/schema\/logo\/image\/","url":"https:\/\/www.visit-montenegro.com\/wp-content\/uploads\/2017\/10\/logo-amp.png","contentUrl":"https:\/\/www.visit-montenegro.com\/wp-content\/uploads\/2017\/10\/logo-amp.png","width":190,"height":36,"caption":"Visit Montenegro"},"image":{"@id":"https:\/\/www.visit-montenegro.com\/me\/#\/schema\/logo\/image\/"},"sameAs":["https:\/\/www.facebook.com\/visitmontenegro","https:\/\/x.com\/visitmontenegro","https:\/\/www.instagram.com\/visit_montenegro\/","https:\/\/www.youtube.com\/user\/VisitMontenegro"]}]}},"translations":[],"_links":{"self":[{"href":"https:\/\/www.visit-montenegro.com\/me\/wp-json\/wp\/v2\/pages\/134444","targetHints":{"allow":["GET"]}}],"collection":[{"href":"https:\/\/www.visit-montenegro.com\/me\/wp-json\/wp\/v2\/pages"}],"about":[{"href":"https:\/\/www.visit-montenegro.com\/me\/wp-json\/wp\/v2\/types\/page"}],"author":[{"embeddable":true,"href":"https:\/\/www.visit-montenegro.com\/me\/wp-json\/wp\/v2\/users\/1"}],"replies":[{"embeddable":true,"href":"https:\/\/www.visit-montenegro.com\/me\/wp-json\/wp\/v2\/comments?post=134444"}],"version-history":[{"count":0,"href":"https:\/\/www.visit-montenegro.com\/me\/wp-json\/wp\/v2\/pages\/134444\/revisions"}],"up":[{"embeddable":true,"href":"https:\/\/www.visit-montenegro.com\/me\/wp-json\/wp\/v2\/pages\/133962"}],"wp:featuredmedia":[{"embeddable":true,"href":"https:\/\/www.visit-montenegro.com\/me\/wp-json\/wp\/v2\/media\/134161"}],"wp:attachment":[{"href":"https:\/\/www.visit-montenegro.com\/me\/wp-json\/wp\/v2\/media?parent=134444"}],"wp:term":[{"taxonomy":"post_tag","embeddable":true,"href":"https:\/\/www.visit-montenegro.com\/me\/wp-json\/wp\/v2\/tags?post=134444"}],"curies":[{"name":"wp","href":"https:\/\/api.w.org\/{rel}","templated":true}]}}