{"id":134454,"date":"2026-01-28T19:16:58","date_gmt":"2026-01-28T18:16:58","guid":{"rendered":"https:\/\/new.visit-montenegro.com\/turizam\/vizne-informacije-i-ambasada-crne-gore\/"},"modified":"2026-02-22T16:56:42","modified_gmt":"2026-02-22T15:56:42","slug":"vizne-informacije-i-ambasada-crne-gore","status":"publish","type":"page","link":"https:\/\/www.visit-montenegro.com\/me\/turizam\/vizne-informacije-i-ambasada-crne-gore\/","title":{"rendered":"Ambasade i Konzulati Crne Gore"},"content":{"rendered":"\n<p>Planirate putovanje u Crnu Goru ili vam je potrebna konzularna pomo\u0107 u inostranstvu? Ovaj sveobuhvatni direktorijum navodi sve ambasade, konzulate i diplomatske misije Crne Gore \u0161irom svijeta. Bilo da ste turist koji tra\u017ei informacije o vizama, dr\u017eavljanin Crne Gore kojem je potrebna hitna podr\u0161ka, ili poslovni partner koji \u017eeli da se pove\u017ee, pronala\u017eenje odgovaraju\u0107e diplomatske predstavni\u0161tva je prvi korak.<\/p>\n\n<p>Istra\u017eite na\u0161 a\u017eurirani spisak crnogorskih diplomatskih predstavni\u0161tava, sa kompletnim adresama i kontakt podacima za misije \u0161irom Evrope, Amerike i Azije.<\/p>\n\n<hr class=\"wp-block-separator has-alpha-channel-opacity\"\/>\n\n<h3 class=\"wp-block-heading\">Albanija<\/h3>\n\n<p><strong>Ambasada Crne Gore u Republici Albaniji<\/strong><br\/>Adresa: Rruga Abdi Toptani 8, Tirana<\/p>\n\n<h3 class=\"wp-block-heading\">Argentina<\/h3>\n\n<p><strong>Ambasada Crne Gore u Republici Argentini<\/strong><br\/>Adresa: Libertad 1173, 1a<\/p>\n\n<h3 class=\"wp-block-heading\">Austrija<\/h3>\n\n<p><strong>Ambasada Crne Gore u Republici Austriji<\/strong><br\/>Adresa: Lothringerstrasse 16\/II\/3, 1030 Be\u010d<\/p>\n\n<h3 class=\"wp-block-heading\">Belgija<\/h3>\n\n<p><strong>Ambasada Crne Gore u Kraljevini Belgiji<\/strong><br\/>Adresa: Rue du Tr\u00f4ne 117, 1050 Brisel<\/p>\n\n<h3 class=\"wp-block-heading\">Bosna i Hercegovina<\/h3>\n\n<p><strong>Ambasada Crne Gore u Bosni i Hercegovini<\/strong><br\/>Adresa: Ulica Dervi\u0161a Numi\u0107a broj 24A, Sarajevo<\/p>\n\n<h3 class=\"wp-block-heading\">Bugarska<\/h3>\n\n<p><strong>Ambasada Crne Gore u Republici Bugarskoj<\/strong><br\/>Adresa: Aleksandar \u017dendov 1, str.1, Ap 29<\/p>\n\n<h3 class=\"wp-block-heading\">Kina<\/h3>\n\n<p><strong>Ambasada Crne Gore u Narodnoj Republici Kini<\/strong><br\/>Adresa: 3-1-12 San Li Tun Diplomatic Compound, Peking<\/p>\n\n<h3 class=\"wp-block-heading\">Hrvatska<\/h3>\n\n<p><strong>Ambasada Crne Gore u Republici Hrvatskoj<\/strong><br\/>Adresa: Pantov\u010dak 27, 10 000 Zagreb<\/p>\n\n<h3 class=\"wp-block-heading\">Danska<\/h3>\n\n<p><strong>Ambasada Crne Gore u Kraljevini Danskoj<\/strong><br\/>Adresa: Amaliegade 6, 1256 Kopenhagen<\/p>\n\n<h3 class=\"wp-block-heading\">Francuska<\/h3>\n\n<p><strong>Ambasada Crne Gore u Republici Francuskoj<\/strong><br\/>Adresa: 90 Bd Flandrin, 75116 Pariz<\/p>\n\n<h3 class=\"wp-block-heading\">Njema\u010dka<\/h3>\n\n<p><strong>Ambasada Crne Gore u Saveznoj Republici Njema\u010dkoj<\/strong><br\/>Adresa: Charlottenstra\u00dfe 35\/36, 10117 Berlin<\/p>\n\n<p><strong>Generalni konzulat Crne Gore u Frankfurtu<\/strong><br\/>Adresa: Zeil 5, D-60313, Frankfurt\/Main<\/p>\n\n<h3 class=\"wp-block-heading\">Gr\u010dka<\/h3>\n\n<p><strong>Ambasada Crne Gore u Republici Gr\u010dkoj, Atina<\/strong><br\/>Adresa: Loukianou 5, II sprat, 10675 Kolonaki<\/p>\n\n<h3 class=\"wp-block-heading\">Ma\u0111arska<\/h3>\n\n<p><strong>Ambasada Crne Gore u Republici Ma\u0111arskoj<\/strong><br\/>Adresa: Arany Janos 15, 1051 Budimpe\u0161ta<\/p>\n\n<h3 class=\"wp-block-heading\">Italija<\/h3>\n\n<p><strong>Ambasada Crne Gore u Republici Italiji<\/strong><br\/>Adresa: Via Giovanni Paisiello 27, 00198 Rim<\/p>\n\n<h3 class=\"wp-block-heading\">Kosovo<\/h3>\n\n<p><strong>Ambasada Crne Gore u Republici Kosovu<\/strong><br\/>Adresa: Trg Majke Tereze br: 28\/3, Pri\u0161tina<\/p>\n\n<h3 class=\"wp-block-heading\">Holandija<\/h3>\n\n<p><strong>Ambasada Crne Gore u Kraljevini Holandiji<\/strong><br\/>Adresa: Mauritskade 33, III sprat, 2514 HD \u2013 Den Haag<\/p>\n\n<h3 class=\"wp-block-heading\">Sjeverna Makedonija<\/h3>\n\n<p><strong>Ambasada Crne Gore u Republici Sjevernoj Makedoniji<\/strong><br\/>Adresa: Vasil Stefanovski br. 7 Skoplje<\/p>\n\n<h3 class=\"wp-block-heading\">Poljska<\/h3>\n\n<p><strong>Ambasada Crne Gore u Republici Poljskoj<\/strong><br\/>Adresa: Aleje Ujazdowskie 41, 00-540<\/p>\n\n<h3 class=\"wp-block-heading\">Rumunija<\/h3>\n\n<p><strong>Ambasada Crne Gore u Rumuniji<\/strong><br\/>Adresa: Str. Emanoil Porumbaru nr. 17, Sector 1, Bukure\u0161t<\/p>\n\n<h3 class=\"wp-block-heading\">Ruska Federacija<\/h3>\n\n<p><strong>Ambasada Crne Gore u Ruskoj Federaciji<\/strong><br\/>Adresa: Mytnaya Ulitsa, 3, Moskva<\/p>\n\n<h3 class=\"wp-block-heading\">Srbija<\/h3>\n\n<p><strong>Ambasada Crne Gore u Republici Srbiji<\/strong><br\/>Adresa: Knez Mihajlova 10\/IV, Beograd<\/p>\n\n<p><strong>Generalni konzulat Crne Gore u Sremskim Karlovcima<\/strong><br\/>Adresa: Trg Branka Radi\u010devi\u0107a 1, 21 205 Sremski Karlovci<\/p>\n\n<h3 class=\"wp-block-heading\">Slovenija<\/h3>\n\n<p><strong>Ambasada Crne Gore u Republici Sloveniji<\/strong><br\/>Adresa: Njego\u0161eva cesta 14, 1000 Ljubljana<\/p>\n\n<h3 class=\"wp-block-heading\">\u0160panija<\/h3>\n\n<p><strong>Ambasada Crne Gore u Kraljevini \u0160paniji<\/strong><br\/>Adresa: C\/Alcal\u00e1 89, bajo izquierda, 28009 Madrid<\/p>\n\n<h3 class=\"wp-block-heading\">\u0160vajcarska<\/h3>\n\n<p><strong>Ambasada Crne Gore u \u0160vajcarskoj Konfederaciji<\/strong><br\/>Adresa: Christoffelgasse 7, 3011 Bern<\/p>\n\n<h3 class=\"wp-block-heading\">Turska (T\u00fcrkiye)<\/h3>\n\n<p><strong>Ambasada Crne Gore u Republici Turskoj<\/strong><br\/>Adresa: \u00c7ayhane Sokak 41\/10 G.O.P., Ankara<\/p>\n\n<p><strong>Generalni konzulat Crne Gore u Istanbulu<\/strong><br\/>Adresa: Harman Sok. No:5 Harmanc\u0131 Giz Plaza, Levent \/ ISTANBUL<\/p>\n\n<h3 class=\"wp-block-heading\">Ukrajina<\/h3>\n\n<p><strong>Ambasada Crne Gore u Ukrajini<\/strong><br\/>Adresa: Ulica Ivana Fedorova 12, 03150 Kijev<\/p>\n\n<h3 class=\"wp-block-heading\">Ujedinjeni Arapski Emirati<\/h3>\n\n<p><strong>Ambasada Crne Gore u Ujedinjenim Arapskim Emiratima<\/strong><br\/>Adresa: Villa Number 69, Rabdan Street, Abu Dhabi<\/p>\n\n<h3 class=\"wp-block-heading\">Ujedinjeno Kraljevstvo<\/h3>\n\n<p><strong>Ambasada Crne Gore u UK<\/strong><br\/>Adresa: 40 Cambridge Street, London, SW1V 4QH<\/p>\n\n<h3 class=\"wp-block-heading\">Sjedinjene Ameri\u010dke Dr\u017eave (SAD)<\/h3>\n\n<p><strong>Ambasada Crne Gore u SAD<\/strong><br\/>Adresa: 1610 New Hampshire Avenue, Washington, DC<\/p>\n\n<p><strong>Generalni konzulat Crne Gore u Njujorku<\/strong><br\/>Adresa: Second Avenue, 7th floor, New York, NY 10017<\/p>\n\n<h3 class=\"wp-block-heading\">Vatikan<\/h3>\n\n<p><strong>Ambasada Crne Gore pri Svetoj Stolici<\/strong><br\/>Adresa: Via dei Corridori, 48, 00193 Rim<\/p>\n\n<hr class=\"wp-block-separator has-alpha-channel-opacity\"\/>\n\n<h2 class=\"wp-block-heading\">Me\u0111unarodne misije<\/h2>\n\n<p><strong>EU (Brisel):<\/strong> Rue du Tr\u00f4ne 117-119, 1050 Ixelles<br\/><strong>Savjet Evrope (Strasbourg):<\/strong> 18 all\u00e9e Spach, 67000 Strasbourg<br\/><strong>UN (Njujork):<\/strong> 801 Second Avenue, 7th Floor, New York, NY 10017<br\/><strong>UN (\u017deneva):<\/strong> Rue de Varembe 7, 1202, \u017deneva<br\/><strong>OEBS (Be\u010d):<\/strong> Lothringerstrasse 16\/II\/EG, Top 3, 1030 Be\u010d<br\/><strong>UNESCO (Pariz):<\/strong> 216, Boulevard Saint Germain, 75007 Pariz<\/p>\n","protected":false},"excerpt":{"rendered":"<p>Planirate putovanje u Crnu Goru ili vam je potrebna konzularna pomo\u0107 u inostranstvu? Ovaj sveobuhvatni direktorijum navodi sve ambasade, konzulate i diplomatske misije Crne Gore \u0161irom svijeta. Bilo da ste turist koji tra\u017ei informacije o vizama, dr\u017eavljanin Crne Gore kojem je potrebna hitna podr\u0161ka, ili poslovni partner koji \u017eeli da se pove\u017ee, pronala\u017eenje odgovaraju\u0107e diplomatske&#8230;<\/p>\n","protected":false},"author":1,"featured_media":134429,"parent":133967,"menu_order":0,"comment_status":"open","ping_status":"open","template":"","meta":{"_yoast_wpseo_focuskw":"","_yoast_wpseo_metadesc":"","_kad_post_transparent":"","_kad_post_title":"","_kad_post_layout":"","_kad_post_sidebar_id":"","_kad_post_content_style":"","_kad_post_vertical_padding":"","_kad_post_feature":"","_kad_post_feature_position":"","_kad_post_header":false,"_kad_post_footer":false,"_kad_post_classname":"","iawp_total_views":45,"footnotes":""},"tags":[],"class_list":["post-134454","page","type-page","status-publish","has-post-thumbnail","hentry"],"yoast_head":"<!-- This site is optimized with the Yoast SEO plugin v27.3 - https:\/\/yoast.com\/product\/yoast-seo-wordpress\/ -->\n<title>Ambasade i Konzulati Crne Gore - Visit Montenegro<\/title>\n<meta name=\"robots\" content=\"index, follow, max-snippet:-1, max-image-preview:large, max-video-preview:-1\" \/>\n<link rel=\"canonical\" href=\"https:\/\/www.visit-montenegro.com\/me\/turizam\/vizne-informacije-i-ambasada-crne-gore\/\" \/>\n<meta property=\"og:locale\" content=\"en_US\" \/>\n<meta property=\"og:type\" content=\"article\" \/>\n<meta property=\"og:title\" content=\"Ambasade i Konzulati Crne Gore - Visit Montenegro\" \/>\n<meta property=\"og:description\" content=\"Planirate putovanje u Crnu Goru ili vam je potrebna konzularna pomo\u0107 u inostranstvu? Ovaj sveobuhvatni direktorijum navodi sve ambasade, konzulate i diplomatske misije Crne Gore \u0161irom svijeta. Bilo da ste turist koji tra\u017ei informacije o vizama, dr\u017eavljanin Crne Gore kojem je potrebna hitna podr\u0161ka, ili poslovni partner koji \u017eeli da se pove\u017ee, pronala\u017eenje odgovaraju\u0107e diplomatske...\" \/>\n<meta property=\"og:url\" content=\"https:\/\/www.visit-montenegro.com\/me\/turizam\/vizne-informacije-i-ambasada-crne-gore\/\" \/>\n<meta property=\"og:site_name\" content=\"Visit Montenegro\" \/>\n<meta property=\"article:publisher\" content=\"https:\/\/www.facebook.com\/visitmontenegro\" \/>\n<meta property=\"article:modified_time\" content=\"2026-02-22T15:56:42+00:00\" \/>\n<meta property=\"og:image\" content=\"https:\/\/www.visit-montenegro.com\/wp-content\/uploads\/2026\/02\/montenegro-flag.png\" \/>\n\t<meta property=\"og:image:width\" content=\"1600\" \/>\n\t<meta property=\"og:image:height\" content=\"800\" \/>\n\t<meta property=\"og:image:type\" content=\"image\/png\" \/>\n<meta name=\"twitter:card\" content=\"summary_large_image\" \/>\n<meta name=\"twitter:site\" content=\"@visitmontenegro\" \/>\n<meta name=\"twitter:label1\" content=\"Est. reading time\" \/>\n\t<meta name=\"twitter:data1\" content=\"3 minutes\" \/>\n<script type=\"application\/ld+json\" class=\"yoast-schema-graph\">{\"@context\":\"https:\\\/\\\/schema.org\",\"@graph\":[{\"@type\":\"WebPage\",\"@id\":\"https:\\\/\\\/www.visit-montenegro.com\\\/me\\\/turizam\\\/vizne-informacije-i-ambasada-crne-gore\\\/\",\"url\":\"https:\\\/\\\/www.visit-montenegro.com\\\/me\\\/turizam\\\/vizne-informacije-i-ambasada-crne-gore\\\/\",\"name\":\"Ambasade i Konzulati Crne Gore - Visit Montenegro\",\"isPartOf\":{\"@id\":\"https:\\\/\\\/www.visit-montenegro.com\\\/me\\\/#website\"},\"primaryImageOfPage\":{\"@id\":\"https:\\\/\\\/www.visit-montenegro.com\\\/me\\\/turizam\\\/vizne-informacije-i-ambasada-crne-gore\\\/#primaryimage\"},\"image\":{\"@id\":\"https:\\\/\\\/www.visit-montenegro.com\\\/me\\\/turizam\\\/vizne-informacije-i-ambasada-crne-gore\\\/#primaryimage\"},\"thumbnailUrl\":\"https:\\\/\\\/www.visit-montenegro.com\\\/wp-content\\\/uploads\\\/2026\\\/02\\\/montenegro-flag.png\",\"datePublished\":\"2026-01-28T18:16:58+00:00\",\"dateModified\":\"2026-02-22T15:56:42+00:00\",\"breadcrumb\":{\"@id\":\"https:\\\/\\\/www.visit-montenegro.com\\\/me\\\/turizam\\\/vizne-informacije-i-ambasada-crne-gore\\\/#breadcrumb\"},\"inLanguage\":\"sr-Latn-ME\",\"potentialAction\":[{\"@type\":\"ReadAction\",\"target\":[\"https:\\\/\\\/www.visit-montenegro.com\\\/me\\\/turizam\\\/vizne-informacije-i-ambasada-crne-gore\\\/\"]}]},{\"@type\":\"ImageObject\",\"inLanguage\":\"sr-Latn-ME\",\"@id\":\"https:\\\/\\\/www.visit-montenegro.com\\\/me\\\/turizam\\\/vizne-informacije-i-ambasada-crne-gore\\\/#primaryimage\",\"url\":\"https:\\\/\\\/www.visit-montenegro.com\\\/wp-content\\\/uploads\\\/2026\\\/02\\\/montenegro-flag.png\",\"contentUrl\":\"https:\\\/\\\/www.visit-montenegro.com\\\/wp-content\\\/uploads\\\/2026\\\/02\\\/montenegro-flag.png\",\"width\":1600,\"height\":800},{\"@type\":\"BreadcrumbList\",\"@id\":\"https:\\\/\\\/www.visit-montenegro.com\\\/me\\\/turizam\\\/vizne-informacije-i-ambasada-crne-gore\\\/#breadcrumb\",\"itemListElement\":[{\"@type\":\"ListItem\",\"position\":1,\"name\":\"Home\",\"item\":\"https:\\\/\\\/www.visit-montenegro.com\\\/me\\\/pocetna\\\/\"},{\"@type\":\"ListItem\",\"position\":2,\"name\":\"Turizam u Crnoj Gori\",\"item\":\"https:\\\/\\\/www.visit-montenegro.com\\\/me\\\/turizam\\\/\"},{\"@type\":\"ListItem\",\"position\":3,\"name\":\"Ambasade i Konzulati Crne Gore\"}]},{\"@type\":\"WebSite\",\"@id\":\"https:\\\/\\\/www.visit-montenegro.com\\\/me\\\/#website\",\"url\":\"https:\\\/\\\/www.visit-montenegro.com\\\/me\\\/\",\"name\":\"Visit Montenegro\",\"description\":\"Breathtaking beauty\",\"publisher\":{\"@id\":\"https:\\\/\\\/www.visit-montenegro.com\\\/me\\\/#organization\"},\"potentialAction\":[{\"@type\":\"SearchAction\",\"target\":{\"@type\":\"EntryPoint\",\"urlTemplate\":\"https:\\\/\\\/www.visit-montenegro.com\\\/me\\\/?s={search_term_string}\"},\"query-input\":{\"@type\":\"PropertyValueSpecification\",\"valueRequired\":true,\"valueName\":\"search_term_string\"}}],\"inLanguage\":\"sr-Latn-ME\"},{\"@type\":\"Organization\",\"@id\":\"https:\\\/\\\/www.visit-montenegro.com\\\/me\\\/#organization\",\"name\":\"Visit Montenegro\",\"url\":\"https:\\\/\\\/www.visit-montenegro.com\\\/me\\\/\",\"logo\":{\"@type\":\"ImageObject\",\"inLanguage\":\"sr-Latn-ME\",\"@id\":\"https:\\\/\\\/www.visit-montenegro.com\\\/me\\\/#\\\/schema\\\/logo\\\/image\\\/\",\"url\":\"https:\\\/\\\/www.visit-montenegro.com\\\/wp-content\\\/uploads\\\/2017\\\/10\\\/logo-amp.png\",\"contentUrl\":\"https:\\\/\\\/www.visit-montenegro.com\\\/wp-content\\\/uploads\\\/2017\\\/10\\\/logo-amp.png\",\"width\":190,\"height\":36,\"caption\":\"Visit Montenegro\"},\"image\":{\"@id\":\"https:\\\/\\\/www.visit-montenegro.com\\\/me\\\/#\\\/schema\\\/logo\\\/image\\\/\"},\"sameAs\":[\"https:\\\/\\\/www.facebook.com\\\/visitmontenegro\",\"https:\\\/\\\/x.com\\\/visitmontenegro\",\"https:\\\/\\\/www.instagram.com\\\/visit_montenegro\\\/\",\"https:\\\/\\\/www.youtube.com\\\/user\\\/VisitMontenegro\"]}]}<\/script>\n<!-- \/ Yoast SEO plugin. -->","yoast_head_json":{"title":"Ambasade i Konzulati Crne Gore - Visit Montenegro","robots":{"index":"index","follow":"follow","max-snippet":"max-snippet:-1","max-image-preview":"max-image-preview:large","max-video-preview":"max-video-preview:-1"},"canonical":"https:\/\/www.visit-montenegro.com\/me\/turizam\/vizne-informacije-i-ambasada-crne-gore\/","og_locale":"en_US","og_type":"article","og_title":"Ambasade i Konzulati Crne Gore - Visit Montenegro","og_description":"Planirate putovanje u Crnu Goru ili vam je potrebna konzularna pomo\u0107 u inostranstvu? Ovaj sveobuhvatni direktorijum navodi sve ambasade, konzulate i diplomatske misije Crne Gore \u0161irom svijeta. Bilo da ste turist koji tra\u017ei informacije o vizama, dr\u017eavljanin Crne Gore kojem je potrebna hitna podr\u0161ka, ili poslovni partner koji \u017eeli da se pove\u017ee, pronala\u017eenje odgovaraju\u0107e diplomatske...","og_url":"https:\/\/www.visit-montenegro.com\/me\/turizam\/vizne-informacije-i-ambasada-crne-gore\/","og_site_name":"Visit Montenegro","article_publisher":"https:\/\/www.facebook.com\/visitmontenegro","article_modified_time":"2026-02-22T15:56:42+00:00","og_image":[{"width":1600,"height":800,"url":"https:\/\/www.visit-montenegro.com\/wp-content\/uploads\/2026\/02\/montenegro-flag.png","type":"image\/png"}],"twitter_card":"summary_large_image","twitter_site":"@visitmontenegro","twitter_misc":{"Est. reading time":"3 minutes"},"schema":{"@context":"https:\/\/schema.org","@graph":[{"@type":"WebPage","@id":"https:\/\/www.visit-montenegro.com\/me\/turizam\/vizne-informacije-i-ambasada-crne-gore\/","url":"https:\/\/www.visit-montenegro.com\/me\/turizam\/vizne-informacije-i-ambasada-crne-gore\/","name":"Ambasade i Konzulati Crne Gore - Visit Montenegro","isPartOf":{"@id":"https:\/\/www.visit-montenegro.com\/me\/#website"},"primaryImageOfPage":{"@id":"https:\/\/www.visit-montenegro.com\/me\/turizam\/vizne-informacije-i-ambasada-crne-gore\/#primaryimage"},"image":{"@id":"https:\/\/www.visit-montenegro.com\/me\/turizam\/vizne-informacije-i-ambasada-crne-gore\/#primaryimage"},"thumbnailUrl":"https:\/\/www.visit-montenegro.com\/wp-content\/uploads\/2026\/02\/montenegro-flag.png","datePublished":"2026-01-28T18:16:58+00:00","dateModified":"2026-02-22T15:56:42+00:00","breadcrumb":{"@id":"https:\/\/www.visit-montenegro.com\/me\/turizam\/vizne-informacije-i-ambasada-crne-gore\/#breadcrumb"},"inLanguage":"sr-Latn-ME","potentialAction":[{"@type":"ReadAction","target":["https:\/\/www.visit-montenegro.com\/me\/turizam\/vizne-informacije-i-ambasada-crne-gore\/"]}]},{"@type":"ImageObject","inLanguage":"sr-Latn-ME","@id":"https:\/\/www.visit-montenegro.com\/me\/turizam\/vizne-informacije-i-ambasada-crne-gore\/#primaryimage","url":"https:\/\/www.visit-montenegro.com\/wp-content\/uploads\/2026\/02\/montenegro-flag.png","contentUrl":"https:\/\/www.visit-montenegro.com\/wp-content\/uploads\/2026\/02\/montenegro-flag.png","width":1600,"height":800},{"@type":"BreadcrumbList","@id":"https:\/\/www.visit-montenegro.com\/me\/turizam\/vizne-informacije-i-ambasada-crne-gore\/#breadcrumb","itemListElement":[{"@type":"ListItem","position":1,"name":"Home","item":"https:\/\/www.visit-montenegro.com\/me\/pocetna\/"},{"@type":"ListItem","position":2,"name":"Turizam u Crnoj Gori","item":"https:\/\/www.visit-montenegro.com\/me\/turizam\/"},{"@type":"ListItem","position":3,"name":"Ambasade i Konzulati Crne Gore"}]},{"@type":"WebSite","@id":"https:\/\/www.visit-montenegro.com\/me\/#website","url":"https:\/\/www.visit-montenegro.com\/me\/","name":"Visit Montenegro","description":"Breathtaking beauty","publisher":{"@id":"https:\/\/www.visit-montenegro.com\/me\/#organization"},"potentialAction":[{"@type":"SearchAction","target":{"@type":"EntryPoint","urlTemplate":"https:\/\/www.visit-montenegro.com\/me\/?s={search_term_string}"},"query-input":{"@type":"PropertyValueSpecification","valueRequired":true,"valueName":"search_term_string"}}],"inLanguage":"sr-Latn-ME"},{"@type":"Organization","@id":"https:\/\/www.visit-montenegro.com\/me\/#organization","name":"Visit Montenegro","url":"https:\/\/www.visit-montenegro.com\/me\/","logo":{"@type":"ImageObject","inLanguage":"sr-Latn-ME","@id":"https:\/\/www.visit-montenegro.com\/me\/#\/schema\/logo\/image\/","url":"https:\/\/www.visit-montenegro.com\/wp-content\/uploads\/2017\/10\/logo-amp.png","contentUrl":"https:\/\/www.visit-montenegro.com\/wp-content\/uploads\/2017\/10\/logo-amp.png","width":190,"height":36,"caption":"Visit Montenegro"},"image":{"@id":"https:\/\/www.visit-montenegro.com\/me\/#\/schema\/logo\/image\/"},"sameAs":["https:\/\/www.facebook.com\/visitmontenegro","https:\/\/x.com\/visitmontenegro","https:\/\/www.instagram.com\/visit_montenegro\/","https:\/\/www.youtube.com\/user\/VisitMontenegro"]}]}},"translations":[],"_links":{"self":[{"href":"https:\/\/www.visit-montenegro.com\/me\/wp-json\/wp\/v2\/pages\/134454","targetHints":{"allow":["GET"]}}],"collection":[{"href":"https:\/\/www.visit-montenegro.com\/me\/wp-json\/wp\/v2\/pages"}],"about":[{"href":"https:\/\/www.visit-montenegro.com\/me\/wp-json\/wp\/v2\/types\/page"}],"author":[{"embeddable":true,"href":"https:\/\/www.visit-montenegro.com\/me\/wp-json\/wp\/v2\/users\/1"}],"replies":[{"embeddable":true,"href":"https:\/\/www.visit-montenegro.com\/me\/wp-json\/wp\/v2\/comments?post=134454"}],"version-history":[{"count":0,"href":"https:\/\/www.visit-montenegro.com\/me\/wp-json\/wp\/v2\/pages\/134454\/revisions"}],"up":[{"embeddable":true,"href":"https:\/\/www.visit-montenegro.com\/me\/wp-json\/wp\/v2\/pages\/133967"}],"wp:featuredmedia":[{"embeddable":true,"href":"https:\/\/www.visit-montenegro.com\/me\/wp-json\/wp\/v2\/media\/134429"}],"wp:attachment":[{"href":"https:\/\/www.visit-montenegro.com\/me\/wp-json\/wp\/v2\/media?parent=134454"}],"wp:term":[{"taxonomy":"post_tag","embeddable":true,"href":"https:\/\/www.visit-montenegro.com\/me\/wp-json\/wp\/v2\/tags?post=134454"}],"curies":[{"name":"wp","href":"https:\/\/api.w.org\/{rel}","templated":true}]}}