{"id":134461,"date":"2026-01-28T19:16:58","date_gmt":"2026-01-28T18:16:58","guid":{"rendered":"https:\/\/new.visit-montenegro.com\/turizam\/tourism-main-information\/"},"modified":"2026-02-23T11:49:18","modified_gmt":"2026-02-23T10:49:18","slug":"tourism-main-information","status":"publish","type":"page","link":"https:\/\/www.visit-montenegro.com\/me\/turizam\/tourism-main-information\/","title":{"rendered":"Korisne informacije za putovanje"},"content":{"rendered":"\n<p>Crna Gora je mala balkanska zemlja koja nudi raznolike pejza\u017ee, od sun\u010dane jadranske obale do kr\u0161evitih planina, sa <strong>korisnim informacijama za putovanje<\/strong> uklju\u010duju\u0107i vize, detalje o valuti i klju\u010dne \u010dinjenice za planiranje va\u0161e posjete.<\/p>\n\n<hr class=\"wp-block-separator has-css-opacity\"\/>\n\n<h2 class=\"wp-block-heading\">Osnovne \u010dinjenice i brojke<\/h2>\n\n<p>Crna Gora pokriva 13.812 km\u00b2 sa populacijom od 650.000 stanovnika. Njen glavni grad, <a href=\"https:\/\/www.visit-montenegro.com\/me\/destinacije\/podgorica\/\">Podgorica<\/a>, ima 150.000 stanovnika, dok stara kraljevska prijestolnica, <a href=\"https:\/\/www.visit-montenegro.com\/me\/destinacije\/cetinje\/\">Cetinje<\/a>, ima 14.000. Obala se prote\u017ee 294 km sa 117 pla\u017ea. Vremenska zona je CET\/CEST, elektri\u010dna struja je 230V\/50Hz, pozivni broj je +382, a valuta je EUR.<\/p>\n\n<figure class=\"wp-block-table\"><table><tbody><tr><th class=\"has-text-align-right\" data-align=\"right\">Povr\u0161ina<\/th><td>13.812 km<sup>2<\/sup><\/td><\/tr><tr><th class=\"has-text-align-right\" data-align=\"right\">Populacija<\/th><td>650.000 stanovnika<\/td><\/tr><tr><th class=\"has-text-align-right\" data-align=\"right\">Glavni grad<\/th><td><a href=\"https:\/\/www.visit-montenegro.com\/me\/destinacije\/podgorica\/\" type=\"page\" id=\"90000\">Podgorica<\/a> \u2013 150.000 stanovnika<\/td><\/tr><tr><th class=\"has-text-align-right\" data-align=\"right\">Stara kraljevska prijestolnica<\/th><td><a href=\"https:\/\/www.visit-montenegro.com\/me\/destinacije\/cetinje\/\" type=\"page\" id=\"80000\">Cetinje <\/a> \u2013 14.000 stanovnika<\/td><\/tr><tr><th class=\"has-text-align-right\" data-align=\"right\">Obala<\/th><td>294km sa 117 pla\u017ea<\/td><\/tr><tr><th class=\"has-text-align-right\" data-align=\"right\">Vremenska zona<\/th><td>CET\/CEST (Centralnoevropsko vrijeme)<\/td><\/tr><tr><th class=\"has-text-align-right\" data-align=\"right\">Elektri\u010dna struja<\/th><td>230V\/50Hz<\/td><\/tr><tr><th class=\"has-text-align-right\" data-align=\"right\">Pozivni broj<\/th><td>+382<\/td><\/tr><tr><th class=\"has-text-align-right\" data-align=\"right\">Valuta<\/th><td>EUR<\/td><\/tr><tr><th class=\"has-text-align-right\" data-align=\"right\">Telefonski brojevi<\/th><td>112 \u2013 Hitna pomo\u0107<br\/>122 \u2013 Policija<br\/>123 \u2013 Vatrogasci<br\/>124 \u2013 Hitna medicinska pomo\u0107<br\/>134 \u2013 Saobra\u0107ajne informacije<\/td><\/tr><tr><th class=\"has-text-align-right\" data-align=\"right\">Mobilni operateri<\/th><td>m:tel<br\/>One<br\/>T-Mobile<\/td><\/tr><\/tbody><\/table><\/figure>\n\n<h2 class=\"wp-block-heading\">Zna\u010dajne geografske karakteristike<\/h2>\n\n<p>Crna Gora se ponosi impresivnim prirodnim znamenitostima. Kanjon rijeke Tare je najdublji u Evropi sa 1.333m. Tako\u0111e, ima najve\u0107u vinogradarsku povr\u0161inu u Evropi od 23 km\u00b2 sa 11,5 miliona loza. Duga pla\u017ea <a href=\"https:\/\/www.visit-montenegro.com\/me\/destinacije\/ulcinj\/\">Ulcinj<\/a> je najdu\u017ea pje\u0161\u010dana pla\u017ea na Jadranu sa 13 km. Skadarsko jezero je najve\u0107e jezero na Balkanu sa 530 km\u00b2. Zla Kolata u Prokletijama je najvi\u0161i vrh sa 2.534m.<\/p>\n\n<figure class=\"wp-block-table\"><table><tbody><tr><th class=\"has-text-align-right\" data-align=\"right\">Najdublji kanjon<\/th><td>1.333m \u2013 <a href=\"https:\/\/www.visit-montenegro.com\/me\/destinacije\/zabljak\/atrakcije\/kanjon-tare\/\" type=\"page\" id=\"111051\">Kanjon rijeke Tare<\/a><br\/>(najdublji u Evropi)<\/td><\/tr><tr><th class=\"has-text-align-right\" data-align=\"right\">Najve\u0107i vinograd<\/th><td>23km2 sa 11,5 miliona loza<br\/>(najve\u0107i u Evropi)<\/td><\/tr><tr><th class=\"has-text-align-right\" data-align=\"right\">Najdu\u017ea pje\u0161\u010dana pla\u017ea<\/th><td>13km \u2013 <a href=\"https:\/\/www.visit-montenegro.com\/me\/destinacije\/ulcinj\/atrakcije\/velika-plaza\/\" type=\"page\" id=\"71036\">Velika pla\u017ea Ulcinj<\/a><br\/>(najdu\u017ea na Jadranu)<\/td><\/tr><tr><th class=\"has-text-align-right\" data-align=\"right\">Najve\u0107e jezero<\/th><td>530km2 \u2013 <a href=\"https:\/\/www.visit-montenegro.com\/me\/destinacije\/podgorica\/atrakcije\/skadarsko-jezero\/\" type=\"page\" id=\"91058\">Skadarsko jezero<\/a><br\/>(najve\u0107e na Balkanu)<\/td><\/tr><tr><th class=\"has-text-align-right\" data-align=\"right\">Najvi\u0161i vrh<\/th><td>2.534m \u2013 Zla Kolata, <a href=\"https:\/\/www.visit-montenegro.com\/me\/destinacije\/plav\/atrakcije\/prokletije\/\" type=\"page\" id=\"121059\">Prokletije<\/a><\/td><\/tr><\/tbody><\/table><\/figure>\n\n<h2 class=\"wp-block-heading\">Klima i logistika putovanja<\/h2>\n\n<h3 class=\"wp-block-heading\">Klima u Crnoj Gori<\/h3>\n\n<p>Crna Gora ima dvije klime. Obala u\u017eiva mediteransku klimu sa 240 sun\u010danih dana godi\u0161nje. Leta su vru\u0107a i suva, temperature se kre\u0107u 30-35\u00b0C. Zime su blage i vla\u017ene. Podgorica je jedan od najtoplijih gradova u Evropi ljeti, ponekad iznad 40\u00b0C. Tako\u0111e, iznad 1.200m ljeti, sve\u017e planinski vazduh hladi temperature na oko 25\u00b0C.<\/p>\n\n<h3 class=\"wp-block-heading\">Vizni re\u017eim Crne Gore<\/h3>\n\n<p>Viza nije potrebna za boravke do 30 dana ako imate va\u017ee\u0107i paso\u0161 iz dr\u017eava \u010dlanica EU, SAD, Norve\u0161ke, Islanda, \u0160vajcarske, Kanade, Australije, Novog Zelanda ili Japana. Konkretno, Crna Gora ima recipro\u010dni vizni re\u017eim. Provjerite link za detalje.<\/p>\n\n<p>Crna Gora ima recipro\u010dni vizni re\u017eim i najbolji na\u010din da saznate da li vam je potrebna viza je da provjerite sljede\u0107i link: <a href=\"https:\/\/www.visit-montenegro.com\/me\/vizni-rezim-crne-gore\/\">Vizni re\u017eim Crne Gore<\/a><\/p>\n\n<h3 class=\"wp-block-heading\">Valuta i bankomati<\/h3>\n\n<p>Crna Gora koristi EURO kao zvani\u010dnu valutu, iako nije \u010dlanica EU. Stoga su bankomati \u0161iroko rasprostranjeni. Ve\u0107ina prihvata Visa, Maestro i MasterCard. American Express i Diners imaju ograni\u010deno prihvatanje.<\/p>\n","protected":false},"excerpt":{"rendered":"<p>Otkrijte osnovne informacije za putovanje u Crnu Goru, od vize i valute do uvida u klimu i znamenitosti koje morate vidjeti. Planirajte svoje putovanje s ovim sveobuhvatnim vodi\u010dem kako biste maksimalno iskoristili svoju balkansku avanturu.<\/p>\n","protected":false},"author":1,"featured_media":134462,"parent":133967,"menu_order":0,"comment_status":"open","ping_status":"open","template":"","meta":{"_yoast_wpseo_focuskw":"Korisne informacije za putovanje","_yoast_wpseo_metadesc":"Prona\u0111ite sve korisne informacije za putovanje u Crnu Goru: detalje o vizama, valuti, klimi i klju\u010dne \u010dinjenice za planiranje savr\u0161enog putovanja. Zapo\u010dnite istra\u017eivanje odmah!","_kad_post_transparent":"","_kad_post_title":"","_kad_post_layout":"","_kad_post_sidebar_id":"","_kad_post_content_style":"","_kad_post_vertical_padding":"","_kad_post_feature":"","_kad_post_feature_position":"","_kad_post_header":false,"_kad_post_footer":false,"_kad_post_classname":"","iawp_total_views":18,"footnotes":""},"tags":[],"class_list":["post-134461","page","type-page","status-publish","has-post-thumbnail","hentry"],"yoast_head":"<!-- This site is optimized with the Yoast SEO plugin v27.3 - https:\/\/yoast.com\/product\/yoast-seo-wordpress\/ -->\n<title>Korisne informacije za putovanje - Visit Montenegro<\/title>\n<meta name=\"description\" content=\"Prona\u0111ite sve korisne informacije za putovanje u Crnu Goru: detalje o vizama, valuti, klimi i klju\u010dne \u010dinjenice za planiranje savr\u0161enog putovanja. Zapo\u010dnite istra\u017eivanje odmah!\" \/>\n<meta name=\"robots\" content=\"index, follow, max-snippet:-1, max-image-preview:large, max-video-preview:-1\" \/>\n<link rel=\"canonical\" href=\"https:\/\/www.visit-montenegro.com\/me\/turizam\/tourism-main-information\/\" \/>\n<meta property=\"og:locale\" content=\"en_US\" \/>\n<meta property=\"og:type\" content=\"article\" \/>\n<meta property=\"og:title\" content=\"Korisne informacije za putovanje - Visit Montenegro\" \/>\n<meta property=\"og:description\" content=\"Prona\u0111ite sve korisne informacije za putovanje u Crnu Goru: detalje o vizama, valuti, klimi i klju\u010dne \u010dinjenice za planiranje savr\u0161enog putovanja. Zapo\u010dnite istra\u017eivanje odmah!\" \/>\n<meta property=\"og:url\" content=\"https:\/\/www.visit-montenegro.com\/me\/turizam\/tourism-main-information\/\" \/>\n<meta property=\"og:site_name\" content=\"Visit Montenegro\" \/>\n<meta property=\"article:publisher\" content=\"https:\/\/www.facebook.com\/visitmontenegro\" \/>\n<meta property=\"article:modified_time\" content=\"2026-02-23T10:49:18+00:00\" \/>\n<meta property=\"og:image\" content=\"https:\/\/www.visit-montenegro.com\/wp-content\/uploads\/2026\/01\/crno-jezero-1-scaled.jpg\" \/>\n\t<meta property=\"og:image:width\" content=\"1600\" \/>\n\t<meta property=\"og:image:height\" content=\"1067\" \/>\n\t<meta property=\"og:image:type\" content=\"image\/jpeg\" \/>\n<meta name=\"twitter:card\" content=\"summary_large_image\" \/>\n<meta name=\"twitter:site\" content=\"@visitmontenegro\" \/>\n<meta name=\"twitter:label1\" content=\"Est. reading time\" \/>\n\t<meta name=\"twitter:data1\" content=\"2 minutes\" \/>\n<script type=\"application\/ld+json\" class=\"yoast-schema-graph\">{\"@context\":\"https:\\\/\\\/schema.org\",\"@graph\":[{\"@type\":\"WebPage\",\"@id\":\"https:\\\/\\\/www.visit-montenegro.com\\\/me\\\/turizam\\\/tourism-main-information\\\/\",\"url\":\"https:\\\/\\\/www.visit-montenegro.com\\\/me\\\/turizam\\\/tourism-main-information\\\/\",\"name\":\"Korisne informacije za putovanje - Visit Montenegro\",\"isPartOf\":{\"@id\":\"https:\\\/\\\/www.visit-montenegro.com\\\/me\\\/#website\"},\"primaryImageOfPage\":{\"@id\":\"https:\\\/\\\/www.visit-montenegro.com\\\/me\\\/turizam\\\/tourism-main-information\\\/#primaryimage\"},\"image\":{\"@id\":\"https:\\\/\\\/www.visit-montenegro.com\\\/me\\\/turizam\\\/tourism-main-information\\\/#primaryimage\"},\"thumbnailUrl\":\"https:\\\/\\\/www.visit-montenegro.com\\\/wp-content\\\/uploads\\\/2026\\\/01\\\/crno-jezero-1-scaled.jpg\",\"datePublished\":\"2026-01-28T18:16:58+00:00\",\"dateModified\":\"2026-02-23T10:49:18+00:00\",\"description\":\"Prona\u0111ite sve korisne informacije za putovanje u Crnu Goru: detalje o vizama, valuti, klimi i klju\u010dne \u010dinjenice za planiranje savr\u0161enog putovanja. Zapo\u010dnite istra\u017eivanje odmah!\",\"breadcrumb\":{\"@id\":\"https:\\\/\\\/www.visit-montenegro.com\\\/me\\\/turizam\\\/tourism-main-information\\\/#breadcrumb\"},\"inLanguage\":\"sr-Latn-ME\",\"potentialAction\":[{\"@type\":\"ReadAction\",\"target\":[\"https:\\\/\\\/www.visit-montenegro.com\\\/me\\\/turizam\\\/tourism-main-information\\\/\"]}]},{\"@type\":\"ImageObject\",\"inLanguage\":\"sr-Latn-ME\",\"@id\":\"https:\\\/\\\/www.visit-montenegro.com\\\/me\\\/turizam\\\/tourism-main-information\\\/#primaryimage\",\"url\":\"https:\\\/\\\/www.visit-montenegro.com\\\/wp-content\\\/uploads\\\/2026\\\/01\\\/crno-jezero-1-scaled.jpg\",\"contentUrl\":\"https:\\\/\\\/www.visit-montenegro.com\\\/wp-content\\\/uploads\\\/2026\\\/01\\\/crno-jezero-1-scaled.jpg\",\"width\":1600,\"height\":1067,\"caption\":\"\u010damac na Crnom jezeru u nacionalnom parku Durmitor i planine u pozadini.Crna Gora\"},{\"@type\":\"BreadcrumbList\",\"@id\":\"https:\\\/\\\/www.visit-montenegro.com\\\/me\\\/turizam\\\/tourism-main-information\\\/#breadcrumb\",\"itemListElement\":[{\"@type\":\"ListItem\",\"position\":1,\"name\":\"Home\",\"item\":\"https:\\\/\\\/www.visit-montenegro.com\\\/me\\\/pocetna\\\/\"},{\"@type\":\"ListItem\",\"position\":2,\"name\":\"Turizam u Crnoj Gori\",\"item\":\"https:\\\/\\\/www.visit-montenegro.com\\\/me\\\/turizam\\\/\"},{\"@type\":\"ListItem\",\"position\":3,\"name\":\"Korisne informacije za putovanje\"}]},{\"@type\":\"WebSite\",\"@id\":\"https:\\\/\\\/www.visit-montenegro.com\\\/me\\\/#website\",\"url\":\"https:\\\/\\\/www.visit-montenegro.com\\\/me\\\/\",\"name\":\"Visit Montenegro\",\"description\":\"Breathtaking beauty\",\"publisher\":{\"@id\":\"https:\\\/\\\/www.visit-montenegro.com\\\/me\\\/#organization\"},\"potentialAction\":[{\"@type\":\"SearchAction\",\"target\":{\"@type\":\"EntryPoint\",\"urlTemplate\":\"https:\\\/\\\/www.visit-montenegro.com\\\/me\\\/?s={search_term_string}\"},\"query-input\":{\"@type\":\"PropertyValueSpecification\",\"valueRequired\":true,\"valueName\":\"search_term_string\"}}],\"inLanguage\":\"sr-Latn-ME\"},{\"@type\":\"Organization\",\"@id\":\"https:\\\/\\\/www.visit-montenegro.com\\\/me\\\/#organization\",\"name\":\"Visit Montenegro\",\"url\":\"https:\\\/\\\/www.visit-montenegro.com\\\/me\\\/\",\"logo\":{\"@type\":\"ImageObject\",\"inLanguage\":\"sr-Latn-ME\",\"@id\":\"https:\\\/\\\/www.visit-montenegro.com\\\/me\\\/#\\\/schema\\\/logo\\\/image\\\/\",\"url\":\"https:\\\/\\\/www.visit-montenegro.com\\\/wp-content\\\/uploads\\\/2017\\\/10\\\/logo-amp.png\",\"contentUrl\":\"https:\\\/\\\/www.visit-montenegro.com\\\/wp-content\\\/uploads\\\/2017\\\/10\\\/logo-amp.png\",\"width\":190,\"height\":36,\"caption\":\"Visit Montenegro\"},\"image\":{\"@id\":\"https:\\\/\\\/www.visit-montenegro.com\\\/me\\\/#\\\/schema\\\/logo\\\/image\\\/\"},\"sameAs\":[\"https:\\\/\\\/www.facebook.com\\\/visitmontenegro\",\"https:\\\/\\\/x.com\\\/visitmontenegro\",\"https:\\\/\\\/www.instagram.com\\\/visit_montenegro\\\/\",\"https:\\\/\\\/www.youtube.com\\\/user\\\/VisitMontenegro\"]}]}<\/script>\n<!-- \/ Yoast SEO plugin. -->","yoast_head_json":{"title":"Korisne informacije za putovanje - Visit Montenegro","description":"Prona\u0111ite sve korisne informacije za putovanje u Crnu Goru: detalje o vizama, valuti, klimi i klju\u010dne \u010dinjenice za planiranje savr\u0161enog putovanja. Zapo\u010dnite istra\u017eivanje odmah!","robots":{"index":"index","follow":"follow","max-snippet":"max-snippet:-1","max-image-preview":"max-image-preview:large","max-video-preview":"max-video-preview:-1"},"canonical":"https:\/\/www.visit-montenegro.com\/me\/turizam\/tourism-main-information\/","og_locale":"en_US","og_type":"article","og_title":"Korisne informacije za putovanje - Visit Montenegro","og_description":"Prona\u0111ite sve korisne informacije za putovanje u Crnu Goru: detalje o vizama, valuti, klimi i klju\u010dne \u010dinjenice za planiranje savr\u0161enog putovanja. Zapo\u010dnite istra\u017eivanje odmah!","og_url":"https:\/\/www.visit-montenegro.com\/me\/turizam\/tourism-main-information\/","og_site_name":"Visit Montenegro","article_publisher":"https:\/\/www.facebook.com\/visitmontenegro","article_modified_time":"2026-02-23T10:49:18+00:00","og_image":[{"width":1600,"height":1067,"url":"https:\/\/www.visit-montenegro.com\/wp-content\/uploads\/2026\/01\/crno-jezero-1-scaled.jpg","type":"image\/jpeg"}],"twitter_card":"summary_large_image","twitter_site":"@visitmontenegro","twitter_misc":{"Est. reading time":"2 minutes"},"schema":{"@context":"https:\/\/schema.org","@graph":[{"@type":"WebPage","@id":"https:\/\/www.visit-montenegro.com\/me\/turizam\/tourism-main-information\/","url":"https:\/\/www.visit-montenegro.com\/me\/turizam\/tourism-main-information\/","name":"Korisne informacije za putovanje - Visit Montenegro","isPartOf":{"@id":"https:\/\/www.visit-montenegro.com\/me\/#website"},"primaryImageOfPage":{"@id":"https:\/\/www.visit-montenegro.com\/me\/turizam\/tourism-main-information\/#primaryimage"},"image":{"@id":"https:\/\/www.visit-montenegro.com\/me\/turizam\/tourism-main-information\/#primaryimage"},"thumbnailUrl":"https:\/\/www.visit-montenegro.com\/wp-content\/uploads\/2026\/01\/crno-jezero-1-scaled.jpg","datePublished":"2026-01-28T18:16:58+00:00","dateModified":"2026-02-23T10:49:18+00:00","description":"Prona\u0111ite sve korisne informacije za putovanje u Crnu Goru: detalje o vizama, valuti, klimi i klju\u010dne \u010dinjenice za planiranje savr\u0161enog putovanja. Zapo\u010dnite istra\u017eivanje odmah!","breadcrumb":{"@id":"https:\/\/www.visit-montenegro.com\/me\/turizam\/tourism-main-information\/#breadcrumb"},"inLanguage":"sr-Latn-ME","potentialAction":[{"@type":"ReadAction","target":["https:\/\/www.visit-montenegro.com\/me\/turizam\/tourism-main-information\/"]}]},{"@type":"ImageObject","inLanguage":"sr-Latn-ME","@id":"https:\/\/www.visit-montenegro.com\/me\/turizam\/tourism-main-information\/#primaryimage","url":"https:\/\/www.visit-montenegro.com\/wp-content\/uploads\/2026\/01\/crno-jezero-1-scaled.jpg","contentUrl":"https:\/\/www.visit-montenegro.com\/wp-content\/uploads\/2026\/01\/crno-jezero-1-scaled.jpg","width":1600,"height":1067,"caption":"\u010damac na Crnom jezeru u nacionalnom parku Durmitor i planine u pozadini.Crna Gora"},{"@type":"BreadcrumbList","@id":"https:\/\/www.visit-montenegro.com\/me\/turizam\/tourism-main-information\/#breadcrumb","itemListElement":[{"@type":"ListItem","position":1,"name":"Home","item":"https:\/\/www.visit-montenegro.com\/me\/pocetna\/"},{"@type":"ListItem","position":2,"name":"Turizam u Crnoj Gori","item":"https:\/\/www.visit-montenegro.com\/me\/turizam\/"},{"@type":"ListItem","position":3,"name":"Korisne informacije za putovanje"}]},{"@type":"WebSite","@id":"https:\/\/www.visit-montenegro.com\/me\/#website","url":"https:\/\/www.visit-montenegro.com\/me\/","name":"Visit Montenegro","description":"Breathtaking beauty","publisher":{"@id":"https:\/\/www.visit-montenegro.com\/me\/#organization"},"potentialAction":[{"@type":"SearchAction","target":{"@type":"EntryPoint","urlTemplate":"https:\/\/www.visit-montenegro.com\/me\/?s={search_term_string}"},"query-input":{"@type":"PropertyValueSpecification","valueRequired":true,"valueName":"search_term_string"}}],"inLanguage":"sr-Latn-ME"},{"@type":"Organization","@id":"https:\/\/www.visit-montenegro.com\/me\/#organization","name":"Visit Montenegro","url":"https:\/\/www.visit-montenegro.com\/me\/","logo":{"@type":"ImageObject","inLanguage":"sr-Latn-ME","@id":"https:\/\/www.visit-montenegro.com\/me\/#\/schema\/logo\/image\/","url":"https:\/\/www.visit-montenegro.com\/wp-content\/uploads\/2017\/10\/logo-amp.png","contentUrl":"https:\/\/www.visit-montenegro.com\/wp-content\/uploads\/2017\/10\/logo-amp.png","width":190,"height":36,"caption":"Visit Montenegro"},"image":{"@id":"https:\/\/www.visit-montenegro.com\/me\/#\/schema\/logo\/image\/"},"sameAs":["https:\/\/www.facebook.com\/visitmontenegro","https:\/\/x.com\/visitmontenegro","https:\/\/www.instagram.com\/visit_montenegro\/","https:\/\/www.youtube.com\/user\/VisitMontenegro"]}]}},"translations":[],"_links":{"self":[{"href":"https:\/\/www.visit-montenegro.com\/me\/wp-json\/wp\/v2\/pages\/134461","targetHints":{"allow":["GET"]}}],"collection":[{"href":"https:\/\/www.visit-montenegro.com\/me\/wp-json\/wp\/v2\/pages"}],"about":[{"href":"https:\/\/www.visit-montenegro.com\/me\/wp-json\/wp\/v2\/types\/page"}],"author":[{"embeddable":true,"href":"https:\/\/www.visit-montenegro.com\/me\/wp-json\/wp\/v2\/users\/1"}],"replies":[{"embeddable":true,"href":"https:\/\/www.visit-montenegro.com\/me\/wp-json\/wp\/v2\/comments?post=134461"}],"version-history":[{"count":0,"href":"https:\/\/www.visit-montenegro.com\/me\/wp-json\/wp\/v2\/pages\/134461\/revisions"}],"up":[{"embeddable":true,"href":"https:\/\/www.visit-montenegro.com\/me\/wp-json\/wp\/v2\/pages\/133967"}],"wp:featuredmedia":[{"embeddable":true,"href":"https:\/\/www.visit-montenegro.com\/me\/wp-json\/wp\/v2\/media\/134462"}],"wp:attachment":[{"href":"https:\/\/www.visit-montenegro.com\/me\/wp-json\/wp\/v2\/media?parent=134461"}],"wp:term":[{"taxonomy":"post_tag","embeddable":true,"href":"https:\/\/www.visit-montenegro.com\/me\/wp-json\/wp\/v2\/tags?post=134461"}],"curies":[{"name":"wp","href":"https:\/\/api.w.org\/{rel}","templated":true}]}}