{"id":134464,"date":"2026-01-28T19:16:58","date_gmt":"2026-01-28T18:16:58","guid":{"rendered":"https:\/\/new.visit-montenegro.com\/turizam\/gdje-je-crna-gora\/"},"modified":"2026-02-22T16:56:42","modified_gmt":"2026-02-22T15:56:42","slug":"gdje-je-crna-gora","status":"publish","type":"page","link":"https:\/\/www.visit-montenegro.com\/me\/turizam\/gdje-je-crna-gora\/","title":{"rendered":"Gdje je Crna Gora?"},"content":{"rendered":"\n<p>Crna Gora je mala, planinska zemlja u jugoisto\u010dnoj Evropi na Jadranskom moru, poznata po svojoj zadivljuju\u0107oj prirodnoj ljepoti, mediteranskoj kulturi i raznovrsnim pejza\u017eima od pla\u017ea do snje\u017enih vrhova.<\/p>\n\n<hr class=\"wp-block-separator has-alpha-channel-opacity\"\/>\n\n<h2 class=\"wp-block-heading\">Razumijevanje identiteta i lokacije Crne Gore<\/h2>\n\n<p>Ne, ne, ne\u2026 Crna Gora nije u Latinskoj Americi\u2026 iako ime ima latinsko porijeklo. I, ne, nije blizu Rusije, iako Crnogorci imaju jak slovenski akcenat\u2026 Onaj isti koji ima Melania Trump.<\/p>\n\n<p>Crna Gora zna\u010di \u201dcrna gora\u201d. I, da, to je planinska zemlja. I da, njeni \u0161umi su guste i neprozirne, posebno kada se udubite u njih. Vukovi i medvjedi su jo\u0161 uvijek tu. Ali ne bojte se, vi niste janje.<\/p>\n\n<p>Crna Gora je mala zemlja na jugoistoku Evrope, pored Hrvatske i nasuprot Italije. Nalazi se na Jadranskom moru i ima mediteransku energiju. To zna\u010di da su njeni ljudi glasni i sna\u017eno gestikuliraju kada pokazuju svoju naklonost.<\/p>\n\n<figure class=\"wp-block-image size-large\"><img loading=\"lazy\" decoding=\"async\" width=\"1024\" height=\"576\" src=\"https:\/\/www.visit-montenegro.com\/wp-content\/uploads\/2026\/01\/where-is-montenegro-1024x576.jpg\" alt=\"\" class=\"wp-image-36337\" srcset=\"https:\/\/www.visit-montenegro.com\/wp-content\/uploads\/2026\/01\/where-is-montenegro-1024x576.jpg 1024w, https:\/\/www.visit-montenegro.com\/wp-content\/uploads\/2026\/01\/where-is-montenegro-300x169.jpg 300w, https:\/\/www.visit-montenegro.com\/wp-content\/uploads\/2026\/01\/where-is-montenegro-768x432.jpg 768w, https:\/\/www.visit-montenegro.com\/wp-content\/uploads\/2026\/01\/where-is-montenegro.jpg 1080w\" sizes=\"auto, (max-width: 1024px) 100vw, 1024px\" \/><figcaption class=\"wp-element-caption\">Crna Gora na karti Evrope<\/figcaption><\/figure>\n\n<p>Crna Gora je najmla\u0111e dijete Jugoslavije, nezavisna od 2006. godine, trenutno na putu ka vrhuncu svjetskih turisti\u010dkih destinacija. Oko sat vremena udaljena od Rima avionom, manje od dva od Pariza ili Istanbula, ili pet od Dubaija, Crna Gora je blizu ostatka svijeta. To je mjesto gdje mo\u017eete oti\u0107i na kupanje u moru i planinarenje na snje\u017enim planinskim vrhovima u jednom danu. To je mjesto gdje mo\u017eete birati izme\u0111u krajnjeg luksuza i minimalizma. Izme\u0111u adrenalinskog naleta ili potpune smirenosti. To je gdje mo\u017eete izabrati da budete skriveni ili se pridru\u017eite gomili. To je gdje mo\u017eete izabrati da uzmete sve.<\/p>\n\n<h2 class=\"wp-block-heading\">Jedinstvene karakteristike i atrakcije Crne Gore<\/h2>\n\n<p>Ovo je sedma najmanja zemlja u Evropi sa manje od milion stanovnika. Govore\u0107i o veli\u010dini, Crna Gora se hvali najdubljim kanjonom u Evropi, najve\u0107im jezerom na Balkanu, najdu\u017eom podzemnom rijekom, najvi\u0161im ljudima na svijetu. Pa\u2026 drugim najvi\u0161im. Ovo je zemlja najju\u017enijeg zaljeva ledenja\u010dkog porijekla, naj\u010distije rijeke i jedne od posljednjih pra\u0161uma u Evropi, najstarijeg maslinovog drveta, posljednjeg uto\u010di\u0161ta pelikana i najtoplijeg evropskog grada tokom ljeta.<\/p>\n\n<p>Crna Gora je mala zemlja gdje je priroda zadivljuju\u0107e lijepa, gdje se mitovi odvijaju pred va\u0161im o\u010dima, gdje se stvaraju sjajna sje\u0107anja i gdje su velika gostoljubiva srca. To je otprilike to. To je <strong>gdje je Crna Gora<\/strong>.<\/p>\n","protected":false},"excerpt":{"rendered":"<p>Otkrijte Crnu Goru, mali evropski dragulj na Jadranskom moru. Od planinskih pejza\u017ea do mediteranskog \u0161arma, nudi raznovrsna iskustva poput kupanja i planinarenja u jednom danu. Saznajte o njenim jedinstvenim karakteristikama i gostoljubivoj kulturi.<\/p>\n","protected":false},"author":1,"featured_media":133681,"parent":133967,"menu_order":0,"comment_status":"open","ping_status":"open","template":"","meta":{"_yoast_wpseo_focuskw":"Gdje je Crna Gora?","_yoast_wpseo_metadesc":"Saznajte gdje se Crna Gora nalazi u Evropi, njenoj zadivljuju\u0107oj prirodnoj ljepoti i za\u0161to je vrhunska turisti\u010dka destinacija. Planirajte svoj put u ovaj jadranski raj.","_kad_post_transparent":"","_kad_post_title":"","_kad_post_layout":"","_kad_post_sidebar_id":"","_kad_post_content_style":"","_kad_post_vertical_padding":"","_kad_post_feature":"","_kad_post_feature_position":"","_kad_post_header":false,"_kad_post_footer":false,"_kad_post_classname":"","iawp_total_views":27,"footnotes":""},"tags":[],"class_list":["post-134464","page","type-page","status-publish","has-post-thumbnail","hentry"],"yoast_head":"<!-- This site is optimized with the Yoast SEO plugin v27.3 - https:\/\/yoast.com\/product\/yoast-seo-wordpress\/ -->\n<title>Gdje je Crna Gora? - Visit Montenegro<\/title>\n<meta name=\"description\" content=\"Saznajte gdje se Crna Gora nalazi u Evropi, njenoj zadivljuju\u0107oj prirodnoj ljepoti i za\u0161to je vrhunska turisti\u010dka destinacija. Planirajte svoj put u ovaj jadranski raj.\" \/>\n<meta name=\"robots\" content=\"index, follow, max-snippet:-1, max-image-preview:large, max-video-preview:-1\" \/>\n<link rel=\"canonical\" href=\"https:\/\/www.visit-montenegro.com\/me\/turizam\/gdje-je-crna-gora\/\" \/>\n<meta property=\"og:locale\" content=\"en_US\" \/>\n<meta property=\"og:type\" content=\"article\" \/>\n<meta property=\"og:title\" content=\"Gdje je Crna Gora? - Visit Montenegro\" \/>\n<meta property=\"og:description\" content=\"Saznajte gdje se Crna Gora nalazi u Evropi, njenoj zadivljuju\u0107oj prirodnoj ljepoti i za\u0161to je vrhunska turisti\u010dka destinacija. Planirajte svoj put u ovaj jadranski raj.\" \/>\n<meta property=\"og:url\" content=\"https:\/\/www.visit-montenegro.com\/me\/turizam\/gdje-je-crna-gora\/\" \/>\n<meta property=\"og:site_name\" content=\"Visit Montenegro\" \/>\n<meta property=\"article:publisher\" content=\"https:\/\/www.facebook.com\/visitmontenegro\" \/>\n<meta property=\"article:modified_time\" content=\"2026-02-22T15:56:42+00:00\" \/>\n<meta property=\"og:image\" content=\"https:\/\/www.visit-montenegro.com\/wp-content\/uploads\/2026\/01\/montenegro-sign-scaled.jpg\" \/>\n\t<meta property=\"og:image:width\" content=\"1600\" \/>\n\t<meta property=\"og:image:height\" content=\"1038\" \/>\n\t<meta property=\"og:image:type\" content=\"image\/jpeg\" \/>\n<meta name=\"twitter:card\" content=\"summary_large_image\" \/>\n<meta name=\"twitter:site\" content=\"@visitmontenegro\" \/>\n<meta name=\"twitter:label1\" content=\"Est. reading time\" \/>\n\t<meta name=\"twitter:data1\" content=\"2 minutes\" \/>\n<script type=\"application\/ld+json\" class=\"yoast-schema-graph\">{\"@context\":\"https:\\\/\\\/schema.org\",\"@graph\":[{\"@type\":\"WebPage\",\"@id\":\"https:\\\/\\\/www.visit-montenegro.com\\\/me\\\/turizam\\\/gdje-je-crna-gora\\\/\",\"url\":\"https:\\\/\\\/www.visit-montenegro.com\\\/me\\\/turizam\\\/gdje-je-crna-gora\\\/\",\"name\":\"Gdje je Crna Gora? - Visit Montenegro\",\"isPartOf\":{\"@id\":\"https:\\\/\\\/www.visit-montenegro.com\\\/me\\\/#website\"},\"primaryImageOfPage\":{\"@id\":\"https:\\\/\\\/www.visit-montenegro.com\\\/me\\\/turizam\\\/gdje-je-crna-gora\\\/#primaryimage\"},\"image\":{\"@id\":\"https:\\\/\\\/www.visit-montenegro.com\\\/me\\\/turizam\\\/gdje-je-crna-gora\\\/#primaryimage\"},\"thumbnailUrl\":\"https:\\\/\\\/www.visit-montenegro.com\\\/wp-content\\\/uploads\\\/2026\\\/01\\\/montenegro-sign-scaled.jpg\",\"datePublished\":\"2026-01-28T18:16:58+00:00\",\"dateModified\":\"2026-02-22T15:56:42+00:00\",\"description\":\"Saznajte gdje se Crna Gora nalazi u Evropi, njenoj zadivljuju\u0107oj prirodnoj ljepoti i za\u0161to je vrhunska turisti\u010dka destinacija. Planirajte svoj put u ovaj jadranski raj.\",\"breadcrumb\":{\"@id\":\"https:\\\/\\\/www.visit-montenegro.com\\\/me\\\/turizam\\\/gdje-je-crna-gora\\\/#breadcrumb\"},\"inLanguage\":\"sr-Latn-ME\",\"potentialAction\":[{\"@type\":\"ReadAction\",\"target\":[\"https:\\\/\\\/www.visit-montenegro.com\\\/me\\\/turizam\\\/gdje-je-crna-gora\\\/\"]}]},{\"@type\":\"ImageObject\",\"inLanguage\":\"sr-Latn-ME\",\"@id\":\"https:\\\/\\\/www.visit-montenegro.com\\\/me\\\/turizam\\\/gdje-je-crna-gora\\\/#primaryimage\",\"url\":\"https:\\\/\\\/www.visit-montenegro.com\\\/wp-content\\\/uploads\\\/2026\\\/01\\\/montenegro-sign-scaled.jpg\",\"contentUrl\":\"https:\\\/\\\/www.visit-montenegro.com\\\/wp-content\\\/uploads\\\/2026\\\/01\\\/montenegro-sign-scaled.jpg\",\"width\":1600,\"height\":1038},{\"@type\":\"BreadcrumbList\",\"@id\":\"https:\\\/\\\/www.visit-montenegro.com\\\/me\\\/turizam\\\/gdje-je-crna-gora\\\/#breadcrumb\",\"itemListElement\":[{\"@type\":\"ListItem\",\"position\":1,\"name\":\"Home\",\"item\":\"https:\\\/\\\/www.visit-montenegro.com\\\/me\\\/pocetna\\\/\"},{\"@type\":\"ListItem\",\"position\":2,\"name\":\"Turizam u Crnoj Gori\",\"item\":\"https:\\\/\\\/www.visit-montenegro.com\\\/me\\\/turizam\\\/\"},{\"@type\":\"ListItem\",\"position\":3,\"name\":\"Gdje je Crna Gora?\"}]},{\"@type\":\"WebSite\",\"@id\":\"https:\\\/\\\/www.visit-montenegro.com\\\/me\\\/#website\",\"url\":\"https:\\\/\\\/www.visit-montenegro.com\\\/me\\\/\",\"name\":\"Visit Montenegro\",\"description\":\"Breathtaking beauty\",\"publisher\":{\"@id\":\"https:\\\/\\\/www.visit-montenegro.com\\\/me\\\/#organization\"},\"potentialAction\":[{\"@type\":\"SearchAction\",\"target\":{\"@type\":\"EntryPoint\",\"urlTemplate\":\"https:\\\/\\\/www.visit-montenegro.com\\\/me\\\/?s={search_term_string}\"},\"query-input\":{\"@type\":\"PropertyValueSpecification\",\"valueRequired\":true,\"valueName\":\"search_term_string\"}}],\"inLanguage\":\"sr-Latn-ME\"},{\"@type\":\"Organization\",\"@id\":\"https:\\\/\\\/www.visit-montenegro.com\\\/me\\\/#organization\",\"name\":\"Visit Montenegro\",\"url\":\"https:\\\/\\\/www.visit-montenegro.com\\\/me\\\/\",\"logo\":{\"@type\":\"ImageObject\",\"inLanguage\":\"sr-Latn-ME\",\"@id\":\"https:\\\/\\\/www.visit-montenegro.com\\\/me\\\/#\\\/schema\\\/logo\\\/image\\\/\",\"url\":\"https:\\\/\\\/www.visit-montenegro.com\\\/wp-content\\\/uploads\\\/2017\\\/10\\\/logo-amp.png\",\"contentUrl\":\"https:\\\/\\\/www.visit-montenegro.com\\\/wp-content\\\/uploads\\\/2017\\\/10\\\/logo-amp.png\",\"width\":190,\"height\":36,\"caption\":\"Visit Montenegro\"},\"image\":{\"@id\":\"https:\\\/\\\/www.visit-montenegro.com\\\/me\\\/#\\\/schema\\\/logo\\\/image\\\/\"},\"sameAs\":[\"https:\\\/\\\/www.facebook.com\\\/visitmontenegro\",\"https:\\\/\\\/x.com\\\/visitmontenegro\",\"https:\\\/\\\/www.instagram.com\\\/visit_montenegro\\\/\",\"https:\\\/\\\/www.youtube.com\\\/user\\\/VisitMontenegro\"]}]}<\/script>\n<!-- \/ Yoast SEO plugin. -->","yoast_head_json":{"title":"Gdje je Crna Gora? - Visit Montenegro","description":"Saznajte gdje se Crna Gora nalazi u Evropi, njenoj zadivljuju\u0107oj prirodnoj ljepoti i za\u0161to je vrhunska turisti\u010dka destinacija. Planirajte svoj put u ovaj jadranski raj.","robots":{"index":"index","follow":"follow","max-snippet":"max-snippet:-1","max-image-preview":"max-image-preview:large","max-video-preview":"max-video-preview:-1"},"canonical":"https:\/\/www.visit-montenegro.com\/me\/turizam\/gdje-je-crna-gora\/","og_locale":"en_US","og_type":"article","og_title":"Gdje je Crna Gora? - Visit Montenegro","og_description":"Saznajte gdje se Crna Gora nalazi u Evropi, njenoj zadivljuju\u0107oj prirodnoj ljepoti i za\u0161to je vrhunska turisti\u010dka destinacija. Planirajte svoj put u ovaj jadranski raj.","og_url":"https:\/\/www.visit-montenegro.com\/me\/turizam\/gdje-je-crna-gora\/","og_site_name":"Visit Montenegro","article_publisher":"https:\/\/www.facebook.com\/visitmontenegro","article_modified_time":"2026-02-22T15:56:42+00:00","og_image":[{"width":1600,"height":1038,"url":"https:\/\/www.visit-montenegro.com\/wp-content\/uploads\/2026\/01\/montenegro-sign-scaled.jpg","type":"image\/jpeg"}],"twitter_card":"summary_large_image","twitter_site":"@visitmontenegro","twitter_misc":{"Est. reading time":"2 minutes"},"schema":{"@context":"https:\/\/schema.org","@graph":[{"@type":"WebPage","@id":"https:\/\/www.visit-montenegro.com\/me\/turizam\/gdje-je-crna-gora\/","url":"https:\/\/www.visit-montenegro.com\/me\/turizam\/gdje-je-crna-gora\/","name":"Gdje je Crna Gora? - Visit Montenegro","isPartOf":{"@id":"https:\/\/www.visit-montenegro.com\/me\/#website"},"primaryImageOfPage":{"@id":"https:\/\/www.visit-montenegro.com\/me\/turizam\/gdje-je-crna-gora\/#primaryimage"},"image":{"@id":"https:\/\/www.visit-montenegro.com\/me\/turizam\/gdje-je-crna-gora\/#primaryimage"},"thumbnailUrl":"https:\/\/www.visit-montenegro.com\/wp-content\/uploads\/2026\/01\/montenegro-sign-scaled.jpg","datePublished":"2026-01-28T18:16:58+00:00","dateModified":"2026-02-22T15:56:42+00:00","description":"Saznajte gdje se Crna Gora nalazi u Evropi, njenoj zadivljuju\u0107oj prirodnoj ljepoti i za\u0161to je vrhunska turisti\u010dka destinacija. Planirajte svoj put u ovaj jadranski raj.","breadcrumb":{"@id":"https:\/\/www.visit-montenegro.com\/me\/turizam\/gdje-je-crna-gora\/#breadcrumb"},"inLanguage":"sr-Latn-ME","potentialAction":[{"@type":"ReadAction","target":["https:\/\/www.visit-montenegro.com\/me\/turizam\/gdje-je-crna-gora\/"]}]},{"@type":"ImageObject","inLanguage":"sr-Latn-ME","@id":"https:\/\/www.visit-montenegro.com\/me\/turizam\/gdje-je-crna-gora\/#primaryimage","url":"https:\/\/www.visit-montenegro.com\/wp-content\/uploads\/2026\/01\/montenegro-sign-scaled.jpg","contentUrl":"https:\/\/www.visit-montenegro.com\/wp-content\/uploads\/2026\/01\/montenegro-sign-scaled.jpg","width":1600,"height":1038},{"@type":"BreadcrumbList","@id":"https:\/\/www.visit-montenegro.com\/me\/turizam\/gdje-je-crna-gora\/#breadcrumb","itemListElement":[{"@type":"ListItem","position":1,"name":"Home","item":"https:\/\/www.visit-montenegro.com\/me\/pocetna\/"},{"@type":"ListItem","position":2,"name":"Turizam u Crnoj Gori","item":"https:\/\/www.visit-montenegro.com\/me\/turizam\/"},{"@type":"ListItem","position":3,"name":"Gdje je Crna Gora?"}]},{"@type":"WebSite","@id":"https:\/\/www.visit-montenegro.com\/me\/#website","url":"https:\/\/www.visit-montenegro.com\/me\/","name":"Visit Montenegro","description":"Breathtaking beauty","publisher":{"@id":"https:\/\/www.visit-montenegro.com\/me\/#organization"},"potentialAction":[{"@type":"SearchAction","target":{"@type":"EntryPoint","urlTemplate":"https:\/\/www.visit-montenegro.com\/me\/?s={search_term_string}"},"query-input":{"@type":"PropertyValueSpecification","valueRequired":true,"valueName":"search_term_string"}}],"inLanguage":"sr-Latn-ME"},{"@type":"Organization","@id":"https:\/\/www.visit-montenegro.com\/me\/#organization","name":"Visit Montenegro","url":"https:\/\/www.visit-montenegro.com\/me\/","logo":{"@type":"ImageObject","inLanguage":"sr-Latn-ME","@id":"https:\/\/www.visit-montenegro.com\/me\/#\/schema\/logo\/image\/","url":"https:\/\/www.visit-montenegro.com\/wp-content\/uploads\/2017\/10\/logo-amp.png","contentUrl":"https:\/\/www.visit-montenegro.com\/wp-content\/uploads\/2017\/10\/logo-amp.png","width":190,"height":36,"caption":"Visit Montenegro"},"image":{"@id":"https:\/\/www.visit-montenegro.com\/me\/#\/schema\/logo\/image\/"},"sameAs":["https:\/\/www.facebook.com\/visitmontenegro","https:\/\/x.com\/visitmontenegro","https:\/\/www.instagram.com\/visit_montenegro\/","https:\/\/www.youtube.com\/user\/VisitMontenegro"]}]}},"translations":[],"_links":{"self":[{"href":"https:\/\/www.visit-montenegro.com\/me\/wp-json\/wp\/v2\/pages\/134464","targetHints":{"allow":["GET"]}}],"collection":[{"href":"https:\/\/www.visit-montenegro.com\/me\/wp-json\/wp\/v2\/pages"}],"about":[{"href":"https:\/\/www.visit-montenegro.com\/me\/wp-json\/wp\/v2\/types\/page"}],"author":[{"embeddable":true,"href":"https:\/\/www.visit-montenegro.com\/me\/wp-json\/wp\/v2\/users\/1"}],"replies":[{"embeddable":true,"href":"https:\/\/www.visit-montenegro.com\/me\/wp-json\/wp\/v2\/comments?post=134464"}],"version-history":[{"count":0,"href":"https:\/\/www.visit-montenegro.com\/me\/wp-json\/wp\/v2\/pages\/134464\/revisions"}],"up":[{"embeddable":true,"href":"https:\/\/www.visit-montenegro.com\/me\/wp-json\/wp\/v2\/pages\/133967"}],"wp:featuredmedia":[{"embeddable":true,"href":"https:\/\/www.visit-montenegro.com\/me\/wp-json\/wp\/v2\/media\/133681"}],"wp:attachment":[{"href":"https:\/\/www.visit-montenegro.com\/me\/wp-json\/wp\/v2\/media?parent=134464"}],"wp:term":[{"taxonomy":"post_tag","embeddable":true,"href":"https:\/\/www.visit-montenegro.com\/me\/wp-json\/wp\/v2\/tags?post=134464"}],"curies":[{"name":"wp","href":"https:\/\/api.w.org\/{rel}","templated":true}]}}