{"id":134469,"date":"2026-01-28T19:16:58","date_gmt":"2026-01-28T18:16:58","guid":{"rendered":"https:\/\/new.visit-montenegro.com\/transferi\/"},"modified":"2026-03-12T12:51:49","modified_gmt":"2026-03-12T11:51:49","slug":"transferi","status":"publish","type":"page","link":"https:\/\/www.visit-montenegro.com\/me\/transferi\/","title":{"rendered":"Privatni transferi u Crnoj Gori"},"content":{"rendered":"\n<p>Kretanje po Crnoj Gori je sada lak\u0161e nego ikad. Uvo\u0111enjem na\u0161e usluge <strong>Privatni transferi u Crnoj Gori<\/strong>, turisti mogu prona\u0107i jeftin i pouzdan prevoz od aerodroma do svog hotela i izvr\u0161iti rezervaciju online. Me\u0111utim, na\u0161a transportna usluga nije ograni\u010dena samo na transfere sa aerodroma. Tako\u0111e mo\u017eete <strong>rezervisati taksi uslugu od i do bilo kog mjesta u Crnoj Gori<\/strong>. Transfer usluga nije ograni\u010dena samo na Crnu Goru. Tako\u0111e mo\u017eete prona\u0107i <strong>transfer iz aerodroma Dubrovnik u Crnu Goru<\/strong>. Samo unesite svoju lokaciju preuzimanja i odlaska, odaberite odgovaraju\u0107e vozilo i rezervi\u0161ite svoj transfer online!<\/p>\n\n<div id=\"tc_widget_wrapper\"><\/div>\r\n\r\n<script type=\"text\/javascript\">\r\n  var tcBookingOptions = { domain: 'www.visit-montenegro.com', target: 'tc_widget_wrapper' }; \r\n<\/script>\r\n\r\n<script type=\"text\/javascript\" defer=\"defer\" src=\"https:\/\/booking.taxicentrala.me\/js\/widget.js\"><\/script>\r\n","protected":false},"excerpt":{"rendered":"<p>Otkrijte kako na\u0161a usluga Privatni transferi u Crnoj Gori \u010dini putovanje besprekornim. Rezervi\u0161ite pouzdane transfere sa aerodroma ili taksi vo\u017enje bilo gdje u Crnoj Gori, uklju\u010duju\u0107i iz aerodroma Dubrovnik, sve online sa lako\u0107om.<\/p>\n","protected":false},"author":1,"featured_media":134470,"parent":0,"menu_order":0,"comment_status":"open","ping_status":"open","template":"","meta":{"_yoast_wpseo_focuskw":"Privatni transferi u Crnoj Gori","_yoast_wpseo_metadesc":"Rezervi\u0161ite jeftine, pouzdane privatne transfere u Crnoj Gori. U\u017eivajte u besprekornim vo\u017enjama od aerodroma do hotela i taksi uslugama bilo gdje, uklju\u010duju\u0107i iz Dubrovnika. Rezervi\u0161ite online danas!","_kad_post_transparent":"","_kad_post_title":"","_kad_post_layout":"","_kad_post_sidebar_id":"","_kad_post_content_style":"","_kad_post_vertical_padding":"","_kad_post_feature":"","_kad_post_feature_position":"","_kad_post_header":false,"_kad_post_footer":false,"_kad_post_classname":"","iawp_total_views":12,"footnotes":""},"tags":[],"class_list":["post-134469","page","type-page","status-publish","has-post-thumbnail","hentry"],"yoast_head":"<!-- This site is optimized with the Yoast SEO plugin v27.3 - https:\/\/yoast.com\/product\/yoast-seo-wordpress\/ -->\n<title>Privatni transferi u Crnoj Gori - Visit Montenegro<\/title>\n<meta name=\"description\" content=\"Rezervi\u0161ite jeftine, pouzdane privatne transfere u Crnoj Gori. U\u017eivajte u besprekornim vo\u017enjama od aerodroma do hotela i taksi uslugama bilo gdje, uklju\u010duju\u0107i iz Dubrovnika. Rezervi\u0161ite online danas!\" \/>\n<meta name=\"robots\" content=\"index, follow, max-snippet:-1, max-image-preview:large, max-video-preview:-1\" \/>\n<link rel=\"canonical\" href=\"https:\/\/www.visit-montenegro.com\/me\/transferi\/\" \/>\n<meta property=\"og:locale\" content=\"en_US\" \/>\n<meta property=\"og:type\" content=\"article\" \/>\n<meta property=\"og:title\" content=\"Privatni transferi u Crnoj Gori - Visit Montenegro\" \/>\n<meta property=\"og:description\" content=\"Rezervi\u0161ite jeftine, pouzdane privatne transfere u Crnoj Gori. U\u017eivajte u besprekornim vo\u017enjama od aerodroma do hotela i taksi uslugama bilo gdje, uklju\u010duju\u0107i iz Dubrovnika. Rezervi\u0161ite online danas!\" \/>\n<meta property=\"og:url\" content=\"https:\/\/www.visit-montenegro.com\/me\/transferi\/\" \/>\n<meta property=\"og:site_name\" content=\"Visit Montenegro\" \/>\n<meta property=\"article:publisher\" content=\"https:\/\/www.facebook.com\/visitmontenegro\" \/>\n<meta property=\"article:modified_time\" content=\"2026-03-12T11:51:49+00:00\" \/>\n<meta property=\"og:image\" content=\"https:\/\/www.visit-montenegro.com\/wp-content\/uploads\/2026\/01\/transfers-taxi-scaled.jpg\" \/>\n\t<meta property=\"og:image:width\" content=\"1600\" \/>\n\t<meta property=\"og:image:height\" content=\"900\" \/>\n\t<meta property=\"og:image:type\" content=\"image\/jpeg\" \/>\n<meta name=\"twitter:card\" content=\"summary_large_image\" \/>\n<meta name=\"twitter:site\" content=\"@visitmontenegro\" \/>\n<meta name=\"twitter:label1\" content=\"Est. reading time\" \/>\n\t<meta name=\"twitter:data1\" content=\"1 minute\" \/>\n<script type=\"application\/ld+json\" class=\"yoast-schema-graph\">{\"@context\":\"https:\\\/\\\/schema.org\",\"@graph\":[{\"@type\":\"WebPage\",\"@id\":\"https:\\\/\\\/www.visit-montenegro.com\\\/me\\\/transferi\\\/\",\"url\":\"https:\\\/\\\/www.visit-montenegro.com\\\/me\\\/transferi\\\/\",\"name\":\"Privatni transferi u Crnoj Gori - Visit Montenegro\",\"isPartOf\":{\"@id\":\"https:\\\/\\\/www.visit-montenegro.com\\\/me\\\/#website\"},\"primaryImageOfPage\":{\"@id\":\"https:\\\/\\\/www.visit-montenegro.com\\\/me\\\/transferi\\\/#primaryimage\"},\"image\":{\"@id\":\"https:\\\/\\\/www.visit-montenegro.com\\\/me\\\/transferi\\\/#primaryimage\"},\"thumbnailUrl\":\"https:\\\/\\\/www.visit-montenegro.com\\\/wp-content\\\/uploads\\\/2026\\\/01\\\/transfers-taxi-scaled.jpg\",\"datePublished\":\"2026-01-28T18:16:58+00:00\",\"dateModified\":\"2026-03-12T11:51:49+00:00\",\"description\":\"Rezervi\u0161ite jeftine, pouzdane privatne transfere u Crnoj Gori. U\u017eivajte u besprekornim vo\u017enjama od aerodroma do hotela i taksi uslugama bilo gdje, uklju\u010duju\u0107i iz Dubrovnika. Rezervi\u0161ite online danas!\",\"breadcrumb\":{\"@id\":\"https:\\\/\\\/www.visit-montenegro.com\\\/me\\\/transferi\\\/#breadcrumb\"},\"inLanguage\":\"sr-Latn-ME\",\"potentialAction\":[{\"@type\":\"ReadAction\",\"target\":[\"https:\\\/\\\/www.visit-montenegro.com\\\/me\\\/transferi\\\/\"]}]},{\"@type\":\"ImageObject\",\"inLanguage\":\"sr-Latn-ME\",\"@id\":\"https:\\\/\\\/www.visit-montenegro.com\\\/me\\\/transferi\\\/#primaryimage\",\"url\":\"https:\\\/\\\/www.visit-montenegro.com\\\/wp-content\\\/uploads\\\/2026\\\/01\\\/transfers-taxi-scaled.jpg\",\"contentUrl\":\"https:\\\/\\\/www.visit-montenegro.com\\\/wp-content\\\/uploads\\\/2026\\\/01\\\/transfers-taxi-scaled.jpg\",\"width\":1600,\"height\":900,\"caption\":\"Luksuzna taksi usluga, \u0161ofer otvara vrata automobila za \u017eensku putnicu, putovanje, snimak\"},{\"@type\":\"BreadcrumbList\",\"@id\":\"https:\\\/\\\/www.visit-montenegro.com\\\/me\\\/transferi\\\/#breadcrumb\",\"itemListElement\":[{\"@type\":\"ListItem\",\"position\":1,\"name\":\"Home\",\"item\":\"https:\\\/\\\/www.visit-montenegro.com\\\/me\\\/pocetna\\\/\"},{\"@type\":\"ListItem\",\"position\":2,\"name\":\"Privatni transferi u Crnoj Gori\"}]},{\"@type\":\"WebSite\",\"@id\":\"https:\\\/\\\/www.visit-montenegro.com\\\/me\\\/#website\",\"url\":\"https:\\\/\\\/www.visit-montenegro.com\\\/me\\\/\",\"name\":\"Visit Montenegro\",\"description\":\"Breathtaking beauty\",\"publisher\":{\"@id\":\"https:\\\/\\\/www.visit-montenegro.com\\\/me\\\/#organization\"},\"potentialAction\":[{\"@type\":\"SearchAction\",\"target\":{\"@type\":\"EntryPoint\",\"urlTemplate\":\"https:\\\/\\\/www.visit-montenegro.com\\\/me\\\/?s={search_term_string}\"},\"query-input\":{\"@type\":\"PropertyValueSpecification\",\"valueRequired\":true,\"valueName\":\"search_term_string\"}}],\"inLanguage\":\"sr-Latn-ME\"},{\"@type\":\"Organization\",\"@id\":\"https:\\\/\\\/www.visit-montenegro.com\\\/me\\\/#organization\",\"name\":\"Visit Montenegro\",\"url\":\"https:\\\/\\\/www.visit-montenegro.com\\\/me\\\/\",\"logo\":{\"@type\":\"ImageObject\",\"inLanguage\":\"sr-Latn-ME\",\"@id\":\"https:\\\/\\\/www.visit-montenegro.com\\\/me\\\/#\\\/schema\\\/logo\\\/image\\\/\",\"url\":\"https:\\\/\\\/www.visit-montenegro.com\\\/wp-content\\\/uploads\\\/2017\\\/10\\\/logo-amp.png\",\"contentUrl\":\"https:\\\/\\\/www.visit-montenegro.com\\\/wp-content\\\/uploads\\\/2017\\\/10\\\/logo-amp.png\",\"width\":190,\"height\":36,\"caption\":\"Visit Montenegro\"},\"image\":{\"@id\":\"https:\\\/\\\/www.visit-montenegro.com\\\/me\\\/#\\\/schema\\\/logo\\\/image\\\/\"},\"sameAs\":[\"https:\\\/\\\/www.facebook.com\\\/visitmontenegro\",\"https:\\\/\\\/x.com\\\/visitmontenegro\",\"https:\\\/\\\/www.instagram.com\\\/visit_montenegro\\\/\",\"https:\\\/\\\/www.youtube.com\\\/user\\\/VisitMontenegro\"]}]}<\/script>\n<!-- \/ Yoast SEO plugin. -->","yoast_head_json":{"title":"Privatni transferi u Crnoj Gori - Visit Montenegro","description":"Rezervi\u0161ite jeftine, pouzdane privatne transfere u Crnoj Gori. U\u017eivajte u besprekornim vo\u017enjama od aerodroma do hotela i taksi uslugama bilo gdje, uklju\u010duju\u0107i iz Dubrovnika. Rezervi\u0161ite online danas!","robots":{"index":"index","follow":"follow","max-snippet":"max-snippet:-1","max-image-preview":"max-image-preview:large","max-video-preview":"max-video-preview:-1"},"canonical":"https:\/\/www.visit-montenegro.com\/me\/transferi\/","og_locale":"en_US","og_type":"article","og_title":"Privatni transferi u Crnoj Gori - Visit Montenegro","og_description":"Rezervi\u0161ite jeftine, pouzdane privatne transfere u Crnoj Gori. U\u017eivajte u besprekornim vo\u017enjama od aerodroma do hotela i taksi uslugama bilo gdje, uklju\u010duju\u0107i iz Dubrovnika. Rezervi\u0161ite online danas!","og_url":"https:\/\/www.visit-montenegro.com\/me\/transferi\/","og_site_name":"Visit Montenegro","article_publisher":"https:\/\/www.facebook.com\/visitmontenegro","article_modified_time":"2026-03-12T11:51:49+00:00","og_image":[{"width":1600,"height":900,"url":"https:\/\/www.visit-montenegro.com\/wp-content\/uploads\/2026\/01\/transfers-taxi-scaled.jpg","type":"image\/jpeg"}],"twitter_card":"summary_large_image","twitter_site":"@visitmontenegro","twitter_misc":{"Est. reading time":"1 minute"},"schema":{"@context":"https:\/\/schema.org","@graph":[{"@type":"WebPage","@id":"https:\/\/www.visit-montenegro.com\/me\/transferi\/","url":"https:\/\/www.visit-montenegro.com\/me\/transferi\/","name":"Privatni transferi u Crnoj Gori - Visit Montenegro","isPartOf":{"@id":"https:\/\/www.visit-montenegro.com\/me\/#website"},"primaryImageOfPage":{"@id":"https:\/\/www.visit-montenegro.com\/me\/transferi\/#primaryimage"},"image":{"@id":"https:\/\/www.visit-montenegro.com\/me\/transferi\/#primaryimage"},"thumbnailUrl":"https:\/\/www.visit-montenegro.com\/wp-content\/uploads\/2026\/01\/transfers-taxi-scaled.jpg","datePublished":"2026-01-28T18:16:58+00:00","dateModified":"2026-03-12T11:51:49+00:00","description":"Rezervi\u0161ite jeftine, pouzdane privatne transfere u Crnoj Gori. U\u017eivajte u besprekornim vo\u017enjama od aerodroma do hotela i taksi uslugama bilo gdje, uklju\u010duju\u0107i iz Dubrovnika. Rezervi\u0161ite online danas!","breadcrumb":{"@id":"https:\/\/www.visit-montenegro.com\/me\/transferi\/#breadcrumb"},"inLanguage":"sr-Latn-ME","potentialAction":[{"@type":"ReadAction","target":["https:\/\/www.visit-montenegro.com\/me\/transferi\/"]}]},{"@type":"ImageObject","inLanguage":"sr-Latn-ME","@id":"https:\/\/www.visit-montenegro.com\/me\/transferi\/#primaryimage","url":"https:\/\/www.visit-montenegro.com\/wp-content\/uploads\/2026\/01\/transfers-taxi-scaled.jpg","contentUrl":"https:\/\/www.visit-montenegro.com\/wp-content\/uploads\/2026\/01\/transfers-taxi-scaled.jpg","width":1600,"height":900,"caption":"Luksuzna taksi usluga, \u0161ofer otvara vrata automobila za \u017eensku putnicu, putovanje, snimak"},{"@type":"BreadcrumbList","@id":"https:\/\/www.visit-montenegro.com\/me\/transferi\/#breadcrumb","itemListElement":[{"@type":"ListItem","position":1,"name":"Home","item":"https:\/\/www.visit-montenegro.com\/me\/pocetna\/"},{"@type":"ListItem","position":2,"name":"Privatni transferi u Crnoj Gori"}]},{"@type":"WebSite","@id":"https:\/\/www.visit-montenegro.com\/me\/#website","url":"https:\/\/www.visit-montenegro.com\/me\/","name":"Visit Montenegro","description":"Breathtaking beauty","publisher":{"@id":"https:\/\/www.visit-montenegro.com\/me\/#organization"},"potentialAction":[{"@type":"SearchAction","target":{"@type":"EntryPoint","urlTemplate":"https:\/\/www.visit-montenegro.com\/me\/?s={search_term_string}"},"query-input":{"@type":"PropertyValueSpecification","valueRequired":true,"valueName":"search_term_string"}}],"inLanguage":"sr-Latn-ME"},{"@type":"Organization","@id":"https:\/\/www.visit-montenegro.com\/me\/#organization","name":"Visit Montenegro","url":"https:\/\/www.visit-montenegro.com\/me\/","logo":{"@type":"ImageObject","inLanguage":"sr-Latn-ME","@id":"https:\/\/www.visit-montenegro.com\/me\/#\/schema\/logo\/image\/","url":"https:\/\/www.visit-montenegro.com\/wp-content\/uploads\/2017\/10\/logo-amp.png","contentUrl":"https:\/\/www.visit-montenegro.com\/wp-content\/uploads\/2017\/10\/logo-amp.png","width":190,"height":36,"caption":"Visit Montenegro"},"image":{"@id":"https:\/\/www.visit-montenegro.com\/me\/#\/schema\/logo\/image\/"},"sameAs":["https:\/\/www.facebook.com\/visitmontenegro","https:\/\/x.com\/visitmontenegro","https:\/\/www.instagram.com\/visit_montenegro\/","https:\/\/www.youtube.com\/user\/VisitMontenegro"]}]}},"translations":[],"_links":{"self":[{"href":"https:\/\/www.visit-montenegro.com\/me\/wp-json\/wp\/v2\/pages\/134469","targetHints":{"allow":["GET"]}}],"collection":[{"href":"https:\/\/www.visit-montenegro.com\/me\/wp-json\/wp\/v2\/pages"}],"about":[{"href":"https:\/\/www.visit-montenegro.com\/me\/wp-json\/wp\/v2\/types\/page"}],"author":[{"embeddable":true,"href":"https:\/\/www.visit-montenegro.com\/me\/wp-json\/wp\/v2\/users\/1"}],"replies":[{"embeddable":true,"href":"https:\/\/www.visit-montenegro.com\/me\/wp-json\/wp\/v2\/comments?post=134469"}],"version-history":[{"count":0,"href":"https:\/\/www.visit-montenegro.com\/me\/wp-json\/wp\/v2\/pages\/134469\/revisions"}],"wp:featuredmedia":[{"embeddable":true,"href":"https:\/\/www.visit-montenegro.com\/me\/wp-json\/wp\/v2\/media\/134470"}],"wp:attachment":[{"href":"https:\/\/www.visit-montenegro.com\/me\/wp-json\/wp\/v2\/media?parent=134469"}],"wp:term":[{"taxonomy":"post_tag","embeddable":true,"href":"https:\/\/www.visit-montenegro.com\/me\/wp-json\/wp\/v2\/tags?post=134469"}],"curies":[{"name":"wp","href":"https:\/\/api.w.org\/{rel}","templated":true}]}}