{"id":134482,"date":"2026-01-28T19:16:58","date_gmt":"2026-01-28T18:16:58","guid":{"rendered":"https:\/\/new.visit-montenegro.com\/top-5-mjesta\/"},"modified":"2026-02-22T16:59:52","modified_gmt":"2026-02-22T15:59:52","slug":"top-5-mjesta","status":"publish","type":"page","link":"https:\/\/www.visit-montenegro.com\/me\/top-5-mjesta\/","title":{"rendered":"Top 5 mjesta u Crnoj Gori"},"content":{"rendered":"\n<p>Top 5 mjesta u Crnoj Gori uklju\u010duju <a href=\"https:\/\/www.visit-montenegro.com\/me\/destinacije\/kotor\/\">Kotor<\/a>, Budvu, <a href=\"https:\/\/www.visit-montenegro.com\/me\/destinacije\/tivat\/\">Tivat<\/a>, \u017dabljak i <a href=\"https:\/\/www.visit-montenegro.com\/me\/destinacije\/cetinje\/\">Cetinje<\/a>, svako nude\u0107i jedinstvenu obalnu ljepotu, \u017eivu kulturu ili planinski mir za nezaboravna putni\u010dka iskustva.<\/p>\n\n<hr class=\"wp-block-separator has-alpha-channel-opacity\"\/>\n\n<h2 class=\"wp-block-heading\">Kotor: Dramati\u010dan obalni dragulj<\/h2>\n\n<figure class=\"wp-block-image size-full\"><img loading=\"lazy\" decoding=\"async\" width=\"1600\" height=\"1067\" src=\"https:\/\/www.visit-montenegro.com\/wp-content\/uploads\/2026\/01\/kotor-cruise-ship-scaled.jpg\" alt=\"\" class=\"wp-image-36087\" srcset=\"https:\/\/www.visit-montenegro.com\/wp-content\/uploads\/2026\/01\/kotor-cruise-ship-scaled.jpg 1600w, https:\/\/www.visit-montenegro.com\/wp-content\/uploads\/2026\/01\/kotor-cruise-ship-300x200.jpg 300w, https:\/\/www.visit-montenegro.com\/wp-content\/uploads\/2026\/01\/kotor-cruise-ship-1024x683.jpg 1024w, https:\/\/www.visit-montenegro.com\/wp-content\/uploads\/2026\/01\/kotor-cruise-ship-768x512.jpg 768w, https:\/\/www.visit-montenegro.com\/wp-content\/uploads\/2026\/01\/kotor-cruise-ship-1536x1024.jpg 1536w, https:\/\/www.visit-montenegro.com\/wp-content\/uploads\/2026\/01\/kotor-cruise-ship-1200x800.jpg 1200w\" sizes=\"auto, (max-width: 1600px) 100vw, 1600px\" \/><figcaption class=\"wp-element-caption\">Pogled odozgo na staru gradsku jezgru u Kotoru i veliki kruzer, Crna Gora<\/figcaption><\/figure>\n\n<p>Kotor je bacio sidro izme\u0111u sivih planina i mora, skrivaju\u0107i svoj \u017eivot iza visokih, \u0161irokih bedema. Njegovi bedemi izgledaju kao vje\u010dno rastu\u0107i kameni izdanci du\u017e brda, sve do stare tvr\u0111ave koja nadgleda grad. Ovaj dramati\u010dan grad spaja sada\u0161njost s labirintom srednjovjekovnih crkava, katedrala, venecijanskih palata i stubova. Doista, Kotor cvjeta na kontrastima\u2014stari trgovi s modernim kafi\u0107ima, serenadama i \u017eivom muzikom, odjekuju\u0107i koraci u uskim kaldrmisanim uli\u010dicama, i lijene ma\u010dke ispod balkona s kovanim \u017eeljeznim ogradama ukra\u0161enim petunijama.<\/p>\n\n<div class=\"wp-block-buttons is-layout-flex wp-block-buttons-is-layout-flex\">\n<div class=\"wp-block-button\"><a class=\"wp-block-button__link has-white-color has-primary-background-color has-text-color has-background wp-element-button\" href=\"https:\/\/www.visit-montenegro.com\/me\/destinacije\/kotor\/\">Istra\u017eite Kotor<\/a><\/div>\n<\/div>\n\n<hr class=\"wp-block-separator has-alpha-channel-opacity\"\/>\n\n<h2 class=\"wp-block-heading\">Budva: \u017diva metropola turizma<\/h2>\n\n<figure class=\"wp-block-image size-full\"><img loading=\"lazy\" decoding=\"async\" width=\"1600\" height=\"1199\" src=\"https:\/\/www.visit-montenegro.com\/wp-content\/uploads\/2026\/01\/Depositphotos_219687082_XL-scaled.jpg\" alt=\"Stara gradska jezgra Budve\" class=\"wp-image-133036\" srcset=\"https:\/\/www.visit-montenegro.com\/wp-content\/uploads\/2026\/01\/Depositphotos_219687082_XL-scaled.jpg 1600w, https:\/\/www.visit-montenegro.com\/wp-content\/uploads\/2026\/01\/Depositphotos_219687082_XL-300x225.jpg 300w, https:\/\/www.visit-montenegro.com\/wp-content\/uploads\/2026\/01\/Depositphotos_219687082_XL-1024x767.jpg 1024w, https:\/\/www.visit-montenegro.com\/wp-content\/uploads\/2026\/01\/Depositphotos_219687082_XL-768x576.jpg 768w, https:\/\/www.visit-montenegro.com\/wp-content\/uploads\/2026\/01\/Depositphotos_219687082_XL-1536x1151.jpg 1536w, https:\/\/www.visit-montenegro.com\/wp-content\/uploads\/2026\/01\/Depositphotos_219687082_XL-2048x1535.jpg 2048w\" sizes=\"auto, (max-width: 1600px) 100vw, 1600px\" \/><\/figure>\n\n<p>Nekada mali, miran obalni grad, <a href=\"https:\/\/www.visit-montenegro.com\/me\/destinacije\/budva\/\">Budva<\/a> je sada metropola crnogorskog turizma. Postaje jedan od najglasnijih i najgu\u0161\u0107ih gradova na crnogorskoj obali tokom ljeta. Njen \u017eivot je po\u010deo na rtu prije dva i po milenijuma, izlivaju\u0107i se iz bedema prema luksuznim jahtama, novim zgradama, restoranima, barovima i no\u0107nim klubovima s nevjerovatnom zabavom. Budva \u010dak ima i svoj Havaji\u2014otok nasuprot grada s prekrasnim pla\u017eama, ledeno hladnim osvje\u017eenjima i specijalitetima od morskih plodova. \u0160tavi\u0161e, ve\u010deri na \u0161etali\u0161tu obuzimaju glasna muzika iz kafi\u0107a, dje\u010diji smijeh iz zabavnih parkova, miris mora pomije\u0161an s aromama ro\u0161tilja, i zrake diskoteka \u0161etaju\u0107i nebom, \u010dine\u0107i Budvu velikim svjetlosnim spektaklom.<\/p>\n\n<div class=\"wp-block-buttons is-layout-flex wp-block-buttons-is-layout-flex\">\n<div class=\"wp-block-button\"><a class=\"wp-block-button__link has-white-color has-primary-background-color has-text-color has-background wp-element-button\" href=\"https:\/\/www.visit-montenegro.com\/me\/destinacije\/budva\/\">Istra\u017eite Budvu<\/a><\/div>\n<\/div>\n\n<hr class=\"wp-block-separator has-alpha-channel-opacity\"\/>\n\n<h2 class=\"wp-block-heading\">Tivat: Glamur s historijskim tragovima<\/h2>\n\n<figure class=\"wp-block-image size-full\"><img loading=\"lazy\" decoding=\"async\" width=\"1600\" height=\"898\" src=\"https:\/\/www.visit-montenegro.com\/wp-content\/uploads\/2026\/01\/tivat-aerial-scaled.jpg\" alt=\"\" class=\"wp-image-36217\" srcset=\"https:\/\/www.visit-montenegro.com\/wp-content\/uploads\/2026\/01\/tivat-aerial-scaled.jpg 1600w, https:\/\/www.visit-montenegro.com\/wp-content\/uploads\/2026\/01\/tivat-aerial-300x168.jpg 300w, https:\/\/www.visit-montenegro.com\/wp-content\/uploads\/2026\/01\/tivat-aerial-1024x575.jpg 1024w, https:\/\/www.visit-montenegro.com\/wp-content\/uploads\/2026\/01\/tivat-aerial-768x431.jpg 768w, https:\/\/www.visit-montenegro.com\/wp-content\/uploads\/2026\/01\/tivat-aerial-1536x862.jpg 1536w, https:\/\/www.visit-montenegro.com\/wp-content\/uploads\/2026\/01\/tivat-aerial-1200x674.jpg 1200w\" sizes=\"auto, (max-width: 1600px) 100vw, 1600px\" \/><figcaption class=\"wp-element-caption\">Zra\u010dni pogled na ve\u010de u Porto Montenegro u Tivatu.<\/figcaption><\/figure>\n\n<p>Ne, ovo nije Monako\u2014sve ove le\u017eerne super jahte u otmjenoj marini, visokoklasno \u0161etali\u0161te, luksuzni stambeni blokovi, ugla\u0111eni restorani i prodavnice su u Tivatu, Crna Gora. Nekada skroman, obi\u010dan grad, Tivat je pro\u0161ao kroz veliku preobrazbu marine, postav\u0161i mjesto gdje svjetski jet-set boravi i odmara tokom ljeta. Iako je ve\u0107i dio Tivata moderan i glamurozan, ovdje mo\u017eete prona\u0107i historijske tragove. Posljedi\u010dno, renesansna ljetnikovac Bu\u010da u centru grada, Ostrvo Cvijeca sa svetim spomenicima, Gornja Lastva (staro jezgro), veli\u010danstvena pla\u017ea Plavi Horizonti i otok Sv. Nikola nude uvid u pro\u0161lost. Duh starih vremena \u017eivi kroz jedinstvene doga\u0111aje poput Bokarske olimpijade i Ljetnih festivala.<\/p>\n\n<div class=\"wp-block-buttons is-layout-flex wp-block-buttons-is-layout-flex\">\n<div class=\"wp-block-button\"><a class=\"wp-block-button__link has-white-color has-primary-background-color has-text-color has-background wp-element-button\" href=\"https:\/\/www.visit-montenegro.com\/destinations\/tivat\/\">Istra\u017eite Tivat<\/a><\/div>\n<\/div>\n\n<hr class=\"wp-block-separator has-alpha-channel-opacity\"\/>\n\n<h2 class=\"wp-block-heading\">\u017dabljak: Planinsko uto\u010di\u0161te<\/h2>\n\n<figure class=\"wp-block-image size-full\"><img loading=\"lazy\" decoding=\"async\" width=\"1600\" height=\"899\" src=\"https:\/\/www.visit-montenegro.com\/wp-content\/uploads\/2019\/06\/zabljak-black-lake.jpg\" alt=\"\" class=\"wp-image-35360\" srcset=\"https:\/\/www.visit-montenegro.com\/wp-content\/uploads\/2019\/06\/zabljak-black-lake.jpg 1600w, https:\/\/www.visit-montenegro.com\/wp-content\/uploads\/2019\/06\/zabljak-black-lake-300x169.jpg 300w, https:\/\/www.visit-montenegro.com\/wp-content\/uploads\/2019\/06\/zabljak-black-lake-768x432.jpg 768w, https:\/\/www.visit-montenegro.com\/wp-content\/uploads\/2019\/06\/zabljak-black-lake-1024x575.jpg 1024w\" sizes=\"auto, (max-width: 1600px) 100vw, 1600px\" \/><figcaption class=\"wp-element-caption\">Zra\u010dni pogled na prekrasno jezero u planinama. <a href=\"https:\/\/www.visit-montenegro.com\/me\/destinacije\/zabljak\/atrakcije\/crno-jezero\/\">Crno jezero<\/a>, Crna Gora.<\/figcaption><\/figure>\n\n<p>\u017dabljak je grad na najvi\u0161oj nadmorskoj visini na Balkanu, smje\u0161ten na 1456 m u centru ogromne planine <a href=\"https:\/\/www.visit-montenegro.com\/me\/destinacije\/zabljak\/info\/durmitor\/\">Durmitor<\/a> i Nacionalnog parka Durmitor. Predstavlja dobru destinaciju za zimski turizam, ali za mnoge turiste, ovaj jedinstveni grad je najbolji izbor za ljetni odmor. U njegovoj blizini le\u017ei najdublji kanjon u Evropi, veli\u010danstveni kanjon rijeke Tare. Ovaj mali grad u sjevernoj Crnoj Gori okru\u017een je brojnim jezerima i planinskim vrhovima. Zbog svojih prirodnih ljepota koje se pojavljuju na svakom koraku, \u017dabljak privla\u010di veliki broj posjetilaca tokom ljeta.<\/p>\n\n<div class=\"wp-block-buttons is-layout-flex wp-block-buttons-is-layout-flex\">\n<div class=\"wp-block-button\"><a class=\"wp-block-button__link has-white-color has-primary-background-color has-text-color has-background wp-element-button\" href=\"https:\/\/www.visit-montenegro.com\/destinations\/zabljak\/\">Istra\u017eite \u017dabljak<\/a><\/div>\n<\/div>\n\n<hr class=\"wp-block-separator has-alpha-channel-opacity\"\/>\n\n<h2 class=\"wp-block-heading\">Cetinje: Kulturno blago<\/h2>\n\n<figure class=\"wp-block-image size-full\"><img loading=\"lazy\" decoding=\"async\" width=\"1600\" height=\"1064\" src=\"https:\/\/www.visit-montenegro.com\/wp-content\/uploads\/2026\/01\/cetinje-monastery-scaled.jpg\" alt=\"\" class=\"wp-image-36027\" srcset=\"https:\/\/www.visit-montenegro.com\/wp-content\/uploads\/2026\/01\/cetinje-monastery-scaled.jpg 1600w, https:\/\/www.visit-montenegro.com\/wp-content\/uploads\/2026\/01\/cetinje-monastery-300x200.jpg 300w, https:\/\/www.visit-montenegro.com\/wp-content\/uploads\/2026\/01\/cetinje-monastery-1024x681.jpg 1024w, https:\/\/www.visit-montenegro.com\/wp-content\/uploads\/2026\/01\/cetinje-monastery-768x511.jpg 768w, https:\/\/www.visit-montenegro.com\/wp-content\/uploads\/2026\/01\/cetinje-monastery-1536x1022.jpg 1536w, https:\/\/www.visit-montenegro.com\/wp-content\/uploads\/2026\/01\/cetinje-monastery-1200x798.jpg 1200w\" sizes=\"auto, (max-width: 1600px) 100vw, 1600px\" \/><figcaption class=\"wp-element-caption\">Drevni manastir Ro\u0111enja Presvete Bogorodice u Cetinju, popularno turisti\u010dko mjesto u Crnoj Gori.<\/figcaption><\/figure>\n\n<p>Smje\u0161ten u cetinjskim poljima u podno\u017eju planine Lov\u0107en, Cetinje je blago crnogorske kulturne i historijske ba\u0161tine. Miri\u0161e na arhitekturu iz 18. i 19. vijeka koja izranja iz bogate zelenila ovog malog grada. Kao glavni grad Crne Gore i Crnogorsko-primorske Mitropolije, za vrijeme vladavine kralja Nikole, izgra\u0111ene su mnoge ambasade, daju\u0107i mu dana\u0161nji specifi\u010dan izgled. Dva najreprezentativnija zdanja su Manastir Cetinje i <a href=\"https:\/\/www.visit-montenegro.com\/me\/destinacije\/cetinje\/atrakcije\/biljarda\/\">Biljarda<\/a>. Manastir Cetinje, izgra\u0111en 1701. godine, vi\u0161e puta su uni\u0161tili Turci, ali su ga ljudi obnovili. \u010cuva relikvije Svetog Petra Cetinjskog, istaknutog za\u0161titnika crnogorske historije, predstavljaju\u0107i duhovno i politi\u010dko sjedi\u0161te crnogorskog naroda.<\/p>\n\n<div class=\"wp-block-buttons is-layout-flex wp-block-buttons-is-layout-flex\">\n<div class=\"wp-block-button\"><a class=\"wp-block-button__link has-white-color has-primary-background-color has-text-color has-background wp-element-button\" href=\"https:\/\/www.visit-montenegro.com\/destinations\/cetinje\/\">Istra\u017eite Cetinje<\/a><\/div>\n<\/div>\n","protected":false},"excerpt":{"rendered":"<p>Otkrijte top 5 mjesta u Crnoj Gori, od Kotora s dramati\u010dnim obalnim \u0161armom i Budve s \u017eivopisnim no\u0107nim \u017eivotom, preko Tivata s glamuroznim marinama, \u017dabljaka s planinskim mirijom i Cetinja s bogatom kulturnom ba\u0161tinom. Svaka destinacija nudi jedinstvena iskustva za putnike koji tra\u017ee ljepotu i avanturu.<\/p>\n","protected":false},"author":1,"featured_media":133932,"parent":0,"menu_order":0,"comment_status":"open","ping_status":"open","template":"","meta":{"_yoast_wpseo_focuskw":"Top 5 mjesta u Crnoj Gori","_yoast_wpseo_metadesc":"Istra\u017eite top 5 mjesta u Crnoj Gori: Kotor, Budva, Tivat, \u017dabljak i Cetinje. Otkrijte obalne dragulje, \u017eivu kulturu i planinska uto\u010di\u0161ta za nezaboravno putovanje.","_kad_post_transparent":"","_kad_post_title":"","_kad_post_layout":"","_kad_post_sidebar_id":"","_kad_post_content_style":"","_kad_post_vertical_padding":"","_kad_post_feature":"","_kad_post_feature_position":"","_kad_post_header":false,"_kad_post_footer":false,"_kad_post_classname":"","iawp_total_views":9,"footnotes":""},"tags":[],"class_list":["post-134482","page","type-page","status-publish","has-post-thumbnail","hentry"],"yoast_head":"<!-- This site is optimized with the Yoast SEO plugin v27.3 - https:\/\/yoast.com\/product\/yoast-seo-wordpress\/ -->\n<title>Top 5 mjesta u Crnoj Gori - Visit Montenegro<\/title>\n<meta name=\"description\" content=\"Istra\u017eite top 5 mjesta u Crnoj Gori: Kotor, Budva, Tivat, \u017dabljak i Cetinje. Otkrijte obalne dragulje, \u017eivu kulturu i planinska uto\u010di\u0161ta za nezaboravno putovanje.\" \/>\n<meta name=\"robots\" content=\"index, follow, max-snippet:-1, max-image-preview:large, max-video-preview:-1\" \/>\n<link rel=\"canonical\" href=\"https:\/\/www.visit-montenegro.com\/me\/top-5-mjesta\/\" \/>\n<meta property=\"og:locale\" content=\"en_US\" \/>\n<meta property=\"og:type\" content=\"article\" \/>\n<meta property=\"og:title\" content=\"Top 5 mjesta u Crnoj Gori - Visit Montenegro\" \/>\n<meta property=\"og:description\" content=\"Istra\u017eite top 5 mjesta u Crnoj Gori: Kotor, Budva, Tivat, \u017dabljak i Cetinje. Otkrijte obalne dragulje, \u017eivu kulturu i planinska uto\u010di\u0161ta za nezaboravno putovanje.\" \/>\n<meta property=\"og:url\" content=\"https:\/\/www.visit-montenegro.com\/me\/top-5-mjesta\/\" \/>\n<meta property=\"og:site_name\" content=\"Visit Montenegro\" \/>\n<meta property=\"article:publisher\" content=\"https:\/\/www.facebook.com\/visitmontenegro\" \/>\n<meta property=\"article:modified_time\" content=\"2026-02-22T15:59:52+00:00\" \/>\n<meta property=\"og:image\" content=\"https:\/\/www.visit-montenegro.com\/wp-content\/uploads\/2026\/01\/montenegro-signs-scaled.jpg\" \/>\n\t<meta property=\"og:image:width\" content=\"1600\" \/>\n\t<meta property=\"og:image:height\" content=\"1128\" \/>\n\t<meta property=\"og:image:type\" content=\"image\/jpeg\" \/>\n<meta name=\"twitter:card\" content=\"summary_large_image\" \/>\n<meta name=\"twitter:site\" content=\"@visitmontenegro\" \/>\n<meta name=\"twitter:label1\" content=\"Est. reading time\" \/>\n\t<meta name=\"twitter:data1\" content=\"3 minutes\" \/>\n<script type=\"application\/ld+json\" class=\"yoast-schema-graph\">{\"@context\":\"https:\\\/\\\/schema.org\",\"@graph\":[{\"@type\":\"WebPage\",\"@id\":\"https:\\\/\\\/www.visit-montenegro.com\\\/me\\\/top-5-mjesta\\\/\",\"url\":\"https:\\\/\\\/www.visit-montenegro.com\\\/me\\\/top-5-mjesta\\\/\",\"name\":\"Top 5 mjesta u Crnoj Gori - Visit Montenegro\",\"isPartOf\":{\"@id\":\"https:\\\/\\\/www.visit-montenegro.com\\\/me\\\/#website\"},\"primaryImageOfPage\":{\"@id\":\"https:\\\/\\\/www.visit-montenegro.com\\\/me\\\/top-5-mjesta\\\/#primaryimage\"},\"image\":{\"@id\":\"https:\\\/\\\/www.visit-montenegro.com\\\/me\\\/top-5-mjesta\\\/#primaryimage\"},\"thumbnailUrl\":\"https:\\\/\\\/www.visit-montenegro.com\\\/wp-content\\\/uploads\\\/2026\\\/01\\\/montenegro-signs-scaled.jpg\",\"datePublished\":\"2026-01-28T18:16:58+00:00\",\"dateModified\":\"2026-02-22T15:59:52+00:00\",\"description\":\"Istra\u017eite top 5 mjesta u Crnoj Gori: Kotor, Budva, Tivat, \u017dabljak i Cetinje. Otkrijte obalne dragulje, \u017eivu kulturu i planinska uto\u010di\u0161ta za nezaboravno putovanje.\",\"breadcrumb\":{\"@id\":\"https:\\\/\\\/www.visit-montenegro.com\\\/me\\\/top-5-mjesta\\\/#breadcrumb\"},\"inLanguage\":\"sr-Latn-ME\",\"potentialAction\":[{\"@type\":\"ReadAction\",\"target\":[\"https:\\\/\\\/www.visit-montenegro.com\\\/me\\\/top-5-mjesta\\\/\"]}]},{\"@type\":\"ImageObject\",\"inLanguage\":\"sr-Latn-ME\",\"@id\":\"https:\\\/\\\/www.visit-montenegro.com\\\/me\\\/top-5-mjesta\\\/#primaryimage\",\"url\":\"https:\\\/\\\/www.visit-montenegro.com\\\/wp-content\\\/uploads\\\/2026\\\/01\\\/montenegro-signs-scaled.jpg\",\"contentUrl\":\"https:\\\/\\\/www.visit-montenegro.com\\\/wp-content\\\/uploads\\\/2026\\\/01\\\/montenegro-signs-scaled.jpg\",\"width\":1600,\"height\":1128},{\"@type\":\"BreadcrumbList\",\"@id\":\"https:\\\/\\\/www.visit-montenegro.com\\\/me\\\/top-5-mjesta\\\/#breadcrumb\",\"itemListElement\":[{\"@type\":\"ListItem\",\"position\":1,\"name\":\"Home\",\"item\":\"https:\\\/\\\/www.visit-montenegro.com\\\/me\\\/pocetna\\\/\"},{\"@type\":\"ListItem\",\"position\":2,\"name\":\"Top 5 mjesta u Crnoj Gori\"}]},{\"@type\":\"WebSite\",\"@id\":\"https:\\\/\\\/www.visit-montenegro.com\\\/me\\\/#website\",\"url\":\"https:\\\/\\\/www.visit-montenegro.com\\\/me\\\/\",\"name\":\"Visit Montenegro\",\"description\":\"Breathtaking beauty\",\"publisher\":{\"@id\":\"https:\\\/\\\/www.visit-montenegro.com\\\/me\\\/#organization\"},\"potentialAction\":[{\"@type\":\"SearchAction\",\"target\":{\"@type\":\"EntryPoint\",\"urlTemplate\":\"https:\\\/\\\/www.visit-montenegro.com\\\/me\\\/?s={search_term_string}\"},\"query-input\":{\"@type\":\"PropertyValueSpecification\",\"valueRequired\":true,\"valueName\":\"search_term_string\"}}],\"inLanguage\":\"sr-Latn-ME\"},{\"@type\":\"Organization\",\"@id\":\"https:\\\/\\\/www.visit-montenegro.com\\\/me\\\/#organization\",\"name\":\"Visit Montenegro\",\"url\":\"https:\\\/\\\/www.visit-montenegro.com\\\/me\\\/\",\"logo\":{\"@type\":\"ImageObject\",\"inLanguage\":\"sr-Latn-ME\",\"@id\":\"https:\\\/\\\/www.visit-montenegro.com\\\/me\\\/#\\\/schema\\\/logo\\\/image\\\/\",\"url\":\"https:\\\/\\\/www.visit-montenegro.com\\\/wp-content\\\/uploads\\\/2017\\\/10\\\/logo-amp.png\",\"contentUrl\":\"https:\\\/\\\/www.visit-montenegro.com\\\/wp-content\\\/uploads\\\/2017\\\/10\\\/logo-amp.png\",\"width\":190,\"height\":36,\"caption\":\"Visit Montenegro\"},\"image\":{\"@id\":\"https:\\\/\\\/www.visit-montenegro.com\\\/me\\\/#\\\/schema\\\/logo\\\/image\\\/\"},\"sameAs\":[\"https:\\\/\\\/www.facebook.com\\\/visitmontenegro\",\"https:\\\/\\\/x.com\\\/visitmontenegro\",\"https:\\\/\\\/www.instagram.com\\\/visit_montenegro\\\/\",\"https:\\\/\\\/www.youtube.com\\\/user\\\/VisitMontenegro\"]}]}<\/script>\n<!-- \/ Yoast SEO plugin. -->","yoast_head_json":{"title":"Top 5 mjesta u Crnoj Gori - Visit Montenegro","description":"Istra\u017eite top 5 mjesta u Crnoj Gori: Kotor, Budva, Tivat, \u017dabljak i Cetinje. Otkrijte obalne dragulje, \u017eivu kulturu i planinska uto\u010di\u0161ta za nezaboravno putovanje.","robots":{"index":"index","follow":"follow","max-snippet":"max-snippet:-1","max-image-preview":"max-image-preview:large","max-video-preview":"max-video-preview:-1"},"canonical":"https:\/\/www.visit-montenegro.com\/me\/top-5-mjesta\/","og_locale":"en_US","og_type":"article","og_title":"Top 5 mjesta u Crnoj Gori - Visit Montenegro","og_description":"Istra\u017eite top 5 mjesta u Crnoj Gori: Kotor, Budva, Tivat, \u017dabljak i Cetinje. Otkrijte obalne dragulje, \u017eivu kulturu i planinska uto\u010di\u0161ta za nezaboravno putovanje.","og_url":"https:\/\/www.visit-montenegro.com\/me\/top-5-mjesta\/","og_site_name":"Visit Montenegro","article_publisher":"https:\/\/www.facebook.com\/visitmontenegro","article_modified_time":"2026-02-22T15:59:52+00:00","og_image":[{"width":1600,"height":1128,"url":"https:\/\/www.visit-montenegro.com\/wp-content\/uploads\/2026\/01\/montenegro-signs-scaled.jpg","type":"image\/jpeg"}],"twitter_card":"summary_large_image","twitter_site":"@visitmontenegro","twitter_misc":{"Est. reading time":"3 minutes"},"schema":{"@context":"https:\/\/schema.org","@graph":[{"@type":"WebPage","@id":"https:\/\/www.visit-montenegro.com\/me\/top-5-mjesta\/","url":"https:\/\/www.visit-montenegro.com\/me\/top-5-mjesta\/","name":"Top 5 mjesta u Crnoj Gori - Visit Montenegro","isPartOf":{"@id":"https:\/\/www.visit-montenegro.com\/me\/#website"},"primaryImageOfPage":{"@id":"https:\/\/www.visit-montenegro.com\/me\/top-5-mjesta\/#primaryimage"},"image":{"@id":"https:\/\/www.visit-montenegro.com\/me\/top-5-mjesta\/#primaryimage"},"thumbnailUrl":"https:\/\/www.visit-montenegro.com\/wp-content\/uploads\/2026\/01\/montenegro-signs-scaled.jpg","datePublished":"2026-01-28T18:16:58+00:00","dateModified":"2026-02-22T15:59:52+00:00","description":"Istra\u017eite top 5 mjesta u Crnoj Gori: Kotor, Budva, Tivat, \u017dabljak i Cetinje. Otkrijte obalne dragulje, \u017eivu kulturu i planinska uto\u010di\u0161ta za nezaboravno putovanje.","breadcrumb":{"@id":"https:\/\/www.visit-montenegro.com\/me\/top-5-mjesta\/#breadcrumb"},"inLanguage":"sr-Latn-ME","potentialAction":[{"@type":"ReadAction","target":["https:\/\/www.visit-montenegro.com\/me\/top-5-mjesta\/"]}]},{"@type":"ImageObject","inLanguage":"sr-Latn-ME","@id":"https:\/\/www.visit-montenegro.com\/me\/top-5-mjesta\/#primaryimage","url":"https:\/\/www.visit-montenegro.com\/wp-content\/uploads\/2026\/01\/montenegro-signs-scaled.jpg","contentUrl":"https:\/\/www.visit-montenegro.com\/wp-content\/uploads\/2026\/01\/montenegro-signs-scaled.jpg","width":1600,"height":1128},{"@type":"BreadcrumbList","@id":"https:\/\/www.visit-montenegro.com\/me\/top-5-mjesta\/#breadcrumb","itemListElement":[{"@type":"ListItem","position":1,"name":"Home","item":"https:\/\/www.visit-montenegro.com\/me\/pocetna\/"},{"@type":"ListItem","position":2,"name":"Top 5 mjesta u Crnoj Gori"}]},{"@type":"WebSite","@id":"https:\/\/www.visit-montenegro.com\/me\/#website","url":"https:\/\/www.visit-montenegro.com\/me\/","name":"Visit Montenegro","description":"Breathtaking beauty","publisher":{"@id":"https:\/\/www.visit-montenegro.com\/me\/#organization"},"potentialAction":[{"@type":"SearchAction","target":{"@type":"EntryPoint","urlTemplate":"https:\/\/www.visit-montenegro.com\/me\/?s={search_term_string}"},"query-input":{"@type":"PropertyValueSpecification","valueRequired":true,"valueName":"search_term_string"}}],"inLanguage":"sr-Latn-ME"},{"@type":"Organization","@id":"https:\/\/www.visit-montenegro.com\/me\/#organization","name":"Visit Montenegro","url":"https:\/\/www.visit-montenegro.com\/me\/","logo":{"@type":"ImageObject","inLanguage":"sr-Latn-ME","@id":"https:\/\/www.visit-montenegro.com\/me\/#\/schema\/logo\/image\/","url":"https:\/\/www.visit-montenegro.com\/wp-content\/uploads\/2017\/10\/logo-amp.png","contentUrl":"https:\/\/www.visit-montenegro.com\/wp-content\/uploads\/2017\/10\/logo-amp.png","width":190,"height":36,"caption":"Visit Montenegro"},"image":{"@id":"https:\/\/www.visit-montenegro.com\/me\/#\/schema\/logo\/image\/"},"sameAs":["https:\/\/www.facebook.com\/visitmontenegro","https:\/\/x.com\/visitmontenegro","https:\/\/www.instagram.com\/visit_montenegro\/","https:\/\/www.youtube.com\/user\/VisitMontenegro"]}]}},"translations":[],"_links":{"self":[{"href":"https:\/\/www.visit-montenegro.com\/me\/wp-json\/wp\/v2\/pages\/134482","targetHints":{"allow":["GET"]}}],"collection":[{"href":"https:\/\/www.visit-montenegro.com\/me\/wp-json\/wp\/v2\/pages"}],"about":[{"href":"https:\/\/www.visit-montenegro.com\/me\/wp-json\/wp\/v2\/types\/page"}],"author":[{"embeddable":true,"href":"https:\/\/www.visit-montenegro.com\/me\/wp-json\/wp\/v2\/users\/1"}],"replies":[{"embeddable":true,"href":"https:\/\/www.visit-montenegro.com\/me\/wp-json\/wp\/v2\/comments?post=134482"}],"version-history":[{"count":0,"href":"https:\/\/www.visit-montenegro.com\/me\/wp-json\/wp\/v2\/pages\/134482\/revisions"}],"wp:featuredmedia":[{"embeddable":true,"href":"https:\/\/www.visit-montenegro.com\/me\/wp-json\/wp\/v2\/media\/133932"}],"wp:attachment":[{"href":"https:\/\/www.visit-montenegro.com\/me\/wp-json\/wp\/v2\/media?parent=134482"}],"wp:term":[{"taxonomy":"post_tag","embeddable":true,"href":"https:\/\/www.visit-montenegro.com\/me\/wp-json\/wp\/v2\/tags?post=134482"}],"curies":[{"name":"wp","href":"https:\/\/api.w.org\/{rel}","templated":true}]}}