{"id":134484,"date":"2026-01-27T22:11:31","date_gmt":"2026-01-27T21:11:31","guid":{"rendered":"https:\/\/new.visit-montenegro.com\/istrazi\/"},"modified":"2026-02-22T16:59:52","modified_gmt":"2026-02-22T15:59:52","slug":"istrazi","status":"publish","type":"page","link":"https:\/\/www.visit-montenegro.com\/me\/istrazi\/","title":{"rendered":"Istra\u017eite Crnu Goru"},"content":{"rendered":"\n<p>Crna Gora je zadivljuju\u0107a balkanska zemlja gdje se divlje planine susre\u0107u sa Jadranskim morem, nude\u0107i raznolike pejza\u017ee od srednjovjekovnih primorskih gradova do netaknutih nacionalnih parkova, \u010dine\u0107i je idealnom destinacijom za avanturu i kulturno istra\u017eivanje.<\/p>\n\n<hr class=\"wp-block-separator has-alpha-channel-opacity\"\/>\n\n<h2 class=\"wp-block-heading\">Otkrijte raznolike regije Crne Gore<\/h2>\n\n<p>Da biste zaista <strong>istra\u017eili Crnu Goru<\/strong>, morate krenuti izvan jednog podru\u010dja. Sam naziv zemlje, koji zna\u010di &#8220;Crna Gora&#8221;, nagovje\u0161tava njen dramati\u010dni sjeverni pejza\u017e. Zaista, nijedna posjeta nije potpuna bez iskustva ovih veli\u010danstvenih vrhova. \u0160tavi\u0161e, centralna regija nudi svoj jedinstveni \u0161arm, dok obala mami istorijskim gradovima i mediteranskim privla\u010dno\u0161\u0107u.<\/p>\n\n<div class=\"wp-block-query is-layout-flow wp-block-query-is-layout-flow\"><ul class=\"columns-1 wp-block-post-template is-layout-grid wp-container-core-post-template-is-layout-f9ac393c wp-block-post-template-is-layout-grid\"><li class=\"wp-block-post post-133943 page type-page status-publish has-post-thumbnail hentry\">\n\n<div class=\"wp-block-group\" style=\"padding-top:30px;padding-right:30px;padding-bottom:30px;padding-left:30px\"><div class=\"wp-block-group__inner-container is-layout-flow wp-block-group-is-layout-flow\"><figure class=\"wp-block-post-featured-image\"><img loading=\"lazy\" decoding=\"async\" width=\"1200\" height=\"800\" src=\"https:\/\/www.visit-montenegro.com\/wp-content\/uploads\/2026\/01\/prokletije-02-1200x800.jpg\" class=\"attachment-post-thumbnail size-post-thumbnail wp-post-image\" alt=\"\" style=\"object-fit:cover;\" srcset=\"https:\/\/www.visit-montenegro.com\/wp-content\/uploads\/2026\/01\/prokletije-02-1200x800.jpg 1200w, https:\/\/www.visit-montenegro.com\/wp-content\/uploads\/2026\/01\/prokletije-02-300x200.jpg 300w, https:\/\/www.visit-montenegro.com\/wp-content\/uploads\/2026\/01\/prokletije-02-1024x683.jpg 1024w, https:\/\/www.visit-montenegro.com\/wp-content\/uploads\/2026\/01\/prokletije-02-768x512.jpg 768w, https:\/\/www.visit-montenegro.com\/wp-content\/uploads\/2026\/01\/prokletije-02-1536x1024.jpg 1536w, https:\/\/www.visit-montenegro.com\/wp-content\/uploads\/2026\/01\/prokletije-02-scaled.jpg 1600w\" sizes=\"auto, (max-width: 1200px) 100vw, 1200px\" \/><\/figure>\n\n<h2 class=\"wp-block-post-title\"><a href=\"https:\/\/www.visit-montenegro.com\/me\/istrazi\/sjever\/\" target=\"_self\" >Istra\u017eite planine Crne Gore<\/a><\/h2>\n\n<div class=\"wp-block-post-excerpt\"><p class=\"wp-block-post-excerpt__excerpt\">Otkrijte veli\u010danstvene planine Crne Gore, od najdubljeg kanjona u Evropi do drevnih \u0161uma. Ovaj vodi\u010d isti\u010de vrhunske destinacije poput Durmitora i Komova, savr\u0161ene za planinarenje, rafting i kulturno istra\u017eivanje. Planirajte svoju avanturu u ovom netaknutom prirodnom raju.<\/p><p class=\"wp-block-post-excerpt__more-text\"><a class=\"wp-block-post-excerpt__more-link\" href=\"https:\/\/www.visit-montenegro.com\/me\/istrazi\/sjever\/\">Pro\u010ditajte vi\u0161e<\/a><\/p><\/div>\n\n\n<hr class=\"wp-block-separator has-alpha-channel-opacity\" style=\"margin-top:var(--wp--preset--spacing--70);margin-bottom:var(--wp--preset--spacing--70)\"\/>\n<\/div><\/div>\n\n<\/li><li class=\"wp-block-post post-134476 page type-page status-publish has-post-thumbnail hentry\">\n\n<div class=\"wp-block-group\" style=\"padding-top:30px;padding-right:30px;padding-bottom:30px;padding-left:30px\"><div class=\"wp-block-group__inner-container is-layout-flow wp-block-group-is-layout-flow\"><figure class=\"wp-block-post-featured-image\"><img loading=\"lazy\" decoding=\"async\" width=\"800\" height=\"533\" src=\"https:\/\/www.visit-montenegro.com\/wp-content\/uploads\/2015\/02\/Montenegro-Coast.jpg\" class=\"attachment-post-thumbnail size-post-thumbnail wp-post-image\" alt=\"\" style=\"object-fit:cover;\" srcset=\"https:\/\/www.visit-montenegro.com\/wp-content\/uploads\/2015\/02\/Montenegro-Coast.jpg 800w, https:\/\/www.visit-montenegro.com\/wp-content\/uploads\/2015\/02\/Montenegro-Coast-300x200.jpg 300w, https:\/\/www.visit-montenegro.com\/wp-content\/uploads\/2015\/02\/Montenegro-Coast-90x60.jpg 90w, https:\/\/www.visit-montenegro.com\/wp-content\/uploads\/2015\/02\/Montenegro-Coast-180x120.jpg 180w, https:\/\/www.visit-montenegro.com\/wp-content\/uploads\/2015\/02\/Montenegro-Coast-95x64.jpg 95w\" sizes=\"auto, (max-width: 800px) 100vw, 800px\" \/><\/figure>\n\n<h2 class=\"wp-block-post-title\"><a href=\"https:\/\/www.visit-montenegro.com\/me\/istrazi\/obala\/\" target=\"_self\" >Istra\u017eite Crnogorsku obalu<\/a><\/h2>\n\n<div class=\"wp-block-post-excerpt\"><p class=\"wp-block-post-excerpt__excerpt\">Otkrijte o\u010daravaju\u0107u crnogorsku obalu, gdje istorijski gradovi poput Kotora i Budve nude mje\u0161avinu UNESCO-ove ba\u0161tine, \u017eivahne no\u0107ne zabave i prekrasnih pla\u017ea. Planirajte svoje putovanje kako biste iskusili mediteranski \u0161arm i zapanjuju\u0107e pejza\u017ee.<\/p><p class=\"wp-block-post-excerpt__more-text\"><a class=\"wp-block-post-excerpt__more-link\" href=\"https:\/\/www.visit-montenegro.com\/me\/istrazi\/obala\/\">Pro\u010ditajte vi\u0161e<\/a><\/p><\/div>\n\n\n<hr class=\"wp-block-separator has-alpha-channel-opacity\" style=\"margin-top:var(--wp--preset--spacing--70);margin-bottom:var(--wp--preset--spacing--70)\"\/>\n<\/div><\/div>\n\n<\/li><li class=\"wp-block-post post-133949 page type-page status-publish has-post-thumbnail hentry\">\n\n<div class=\"wp-block-group\" style=\"padding-top:30px;padding-right:30px;padding-bottom:30px;padding-left:30px\"><div class=\"wp-block-group__inner-container is-layout-flow wp-block-group-is-layout-flow\"><figure class=\"wp-block-post-featured-image\"><img loading=\"lazy\" decoding=\"async\" width=\"1200\" height=\"780\" src=\"https:\/\/www.visit-montenegro.com\/wp-content\/uploads\/2026\/01\/lake-skadar-03-1200x780.jpg\" class=\"attachment-post-thumbnail size-post-thumbnail wp-post-image\" alt=\"\" style=\"object-fit:cover;\" srcset=\"https:\/\/www.visit-montenegro.com\/wp-content\/uploads\/2026\/01\/lake-skadar-03-1200x780.jpg 1200w, https:\/\/www.visit-montenegro.com\/wp-content\/uploads\/2026\/01\/lake-skadar-03-300x195.jpg 300w, https:\/\/www.visit-montenegro.com\/wp-content\/uploads\/2026\/01\/lake-skadar-03-1024x666.jpg 1024w, https:\/\/www.visit-montenegro.com\/wp-content\/uploads\/2026\/01\/lake-skadar-03-768x499.jpg 768w, https:\/\/www.visit-montenegro.com\/wp-content\/uploads\/2026\/01\/lake-skadar-03-1536x998.jpg 1536w, https:\/\/www.visit-montenegro.com\/wp-content\/uploads\/2026\/01\/lake-skadar-03-scaled.jpg 1600w\" sizes=\"auto, (max-width: 1200px) 100vw, 1200px\" \/><\/figure>\n\n<h2 class=\"wp-block-post-title\"><a href=\"https:\/\/www.visit-montenegro.com\/me\/istrazi\/central\/\" target=\"_self\" >Istra\u017eite Centralnu Crnu Goru<\/a><\/h2>\n\n<div class=\"wp-block-post-excerpt\"><p class=\"wp-block-post-excerpt__excerpt\">Otkrijte Centralnu Crnu Goru, \u017eivahan region sa Podgoricom u sredi\u0161tu. Kombinuje urbani \u017eivot s prirodnim lepotama, nude\u0107i raznolike pejza\u017ee i bogatu istoriju za nezaboravno putni\u010dko iskustvo.<\/p><p class=\"wp-block-post-excerpt__more-text\"><a class=\"wp-block-post-excerpt__more-link\" href=\"https:\/\/www.visit-montenegro.com\/me\/istrazi\/central\/\">Pro\u010ditajte vi\u0161e<\/a><\/p><\/div>\n\n\n<hr class=\"wp-block-separator has-alpha-channel-opacity\" style=\"margin-top:var(--wp--preset--spacing--70);margin-bottom:var(--wp--preset--spacing--70)\"\/>\n<\/div><\/div>\n\n<\/li><\/ul><\/div>\n","protected":false},"excerpt":{"rendered":"<p>Otkrijte raznolike regije Crne Gore, od divljih sjevernih planina do istorijskih primorskih gradova. Ovaj vodi\u010d vam poma\u017ee da istra\u017eite jedinstvene pejza\u017ee i kulturne atrakcije zemlje za nezaboravno putovanje.<\/p>\n","protected":false},"author":1,"featured_media":133932,"parent":0,"menu_order":0,"comment_status":"closed","ping_status":"closed","template":"","meta":{"_yoast_wpseo_focuskw":"Istra\u017eite Crnu Goru","_yoast_wpseo_metadesc":"Planirajte svoju avanturu u Crnoj Gori s na\u0161im vodi\u010dem kroz planine, centralna podru\u010dja i obalu. Istra\u017eite raznolike pejza\u017ee i kulturne dragulje za nezaboravno putovanje.","_kad_post_transparent":"","_kad_post_title":"","_kad_post_layout":"","_kad_post_sidebar_id":"","_kad_post_content_style":"","_kad_post_vertical_padding":"","_kad_post_feature":"","_kad_post_feature_position":"","_kad_post_header":false,"_kad_post_footer":false,"_kad_post_classname":"","iawp_total_views":6,"footnotes":""},"tags":[],"class_list":["post-134484","page","type-page","status-publish","has-post-thumbnail","hentry"],"yoast_head":"<!-- This site is optimized with the Yoast SEO plugin v27.3 - https:\/\/yoast.com\/product\/yoast-seo-wordpress\/ -->\n<title>Istra\u017eite Crnu Goru - Visit Montenegro<\/title>\n<meta name=\"description\" content=\"Planirajte svoju avanturu u Crnoj Gori s na\u0161im vodi\u010dem kroz planine, centralna podru\u010dja i obalu. Istra\u017eite raznolike pejza\u017ee i kulturne dragulje za nezaboravno putovanje.\" \/>\n<meta name=\"robots\" content=\"index, follow, max-snippet:-1, max-image-preview:large, max-video-preview:-1\" \/>\n<link rel=\"canonical\" href=\"https:\/\/www.visit-montenegro.com\/me\/istrazi\/\" \/>\n<meta property=\"og:locale\" content=\"en_US\" \/>\n<meta property=\"og:type\" content=\"article\" \/>\n<meta property=\"og:title\" content=\"Istra\u017eite Crnu Goru - Visit Montenegro\" \/>\n<meta property=\"og:description\" content=\"Planirajte svoju avanturu u Crnoj Gori s na\u0161im vodi\u010dem kroz planine, centralna podru\u010dja i obalu. Istra\u017eite raznolike pejza\u017ee i kulturne dragulje za nezaboravno putovanje.\" \/>\n<meta property=\"og:url\" content=\"https:\/\/www.visit-montenegro.com\/me\/istrazi\/\" \/>\n<meta property=\"og:site_name\" content=\"Visit Montenegro\" \/>\n<meta property=\"article:publisher\" content=\"https:\/\/www.facebook.com\/visitmontenegro\" \/>\n<meta property=\"article:modified_time\" content=\"2026-02-22T15:59:52+00:00\" \/>\n<meta property=\"og:image\" content=\"https:\/\/www.visit-montenegro.com\/wp-content\/uploads\/2026\/01\/montenegro-signs-scaled.jpg\" \/>\n\t<meta property=\"og:image:width\" content=\"1600\" \/>\n\t<meta property=\"og:image:height\" content=\"1128\" \/>\n\t<meta property=\"og:image:type\" content=\"image\/jpeg\" \/>\n<meta name=\"twitter:card\" content=\"summary_large_image\" \/>\n<meta name=\"twitter:site\" content=\"@visitmontenegro\" \/>\n<meta name=\"twitter:label1\" content=\"Est. reading time\" \/>\n\t<meta name=\"twitter:data1\" content=\"1 minute\" \/>\n<script type=\"application\/ld+json\" class=\"yoast-schema-graph\">{\"@context\":\"https:\\\/\\\/schema.org\",\"@graph\":[{\"@type\":\"WebPage\",\"@id\":\"https:\\\/\\\/www.visit-montenegro.com\\\/me\\\/istrazi\\\/\",\"url\":\"https:\\\/\\\/www.visit-montenegro.com\\\/me\\\/istrazi\\\/\",\"name\":\"Istra\u017eite Crnu Goru - Visit Montenegro\",\"isPartOf\":{\"@id\":\"https:\\\/\\\/www.visit-montenegro.com\\\/me\\\/#website\"},\"primaryImageOfPage\":{\"@id\":\"https:\\\/\\\/www.visit-montenegro.com\\\/me\\\/istrazi\\\/#primaryimage\"},\"image\":{\"@id\":\"https:\\\/\\\/www.visit-montenegro.com\\\/me\\\/istrazi\\\/#primaryimage\"},\"thumbnailUrl\":\"https:\\\/\\\/www.visit-montenegro.com\\\/wp-content\\\/uploads\\\/2026\\\/01\\\/montenegro-signs-scaled.jpg\",\"datePublished\":\"2026-01-27T21:11:31+00:00\",\"dateModified\":\"2026-02-22T15:59:52+00:00\",\"description\":\"Planirajte svoju avanturu u Crnoj Gori s na\u0161im vodi\u010dem kroz planine, centralna podru\u010dja i obalu. Istra\u017eite raznolike pejza\u017ee i kulturne dragulje za nezaboravno putovanje.\",\"breadcrumb\":{\"@id\":\"https:\\\/\\\/www.visit-montenegro.com\\\/me\\\/istrazi\\\/#breadcrumb\"},\"inLanguage\":\"sr-Latn-ME\",\"potentialAction\":[{\"@type\":\"ReadAction\",\"target\":[\"https:\\\/\\\/www.visit-montenegro.com\\\/me\\\/istrazi\\\/\"]}]},{\"@type\":\"ImageObject\",\"inLanguage\":\"sr-Latn-ME\",\"@id\":\"https:\\\/\\\/www.visit-montenegro.com\\\/me\\\/istrazi\\\/#primaryimage\",\"url\":\"https:\\\/\\\/www.visit-montenegro.com\\\/wp-content\\\/uploads\\\/2026\\\/01\\\/montenegro-signs-scaled.jpg\",\"contentUrl\":\"https:\\\/\\\/www.visit-montenegro.com\\\/wp-content\\\/uploads\\\/2026\\\/01\\\/montenegro-signs-scaled.jpg\",\"width\":1600,\"height\":1128},{\"@type\":\"BreadcrumbList\",\"@id\":\"https:\\\/\\\/www.visit-montenegro.com\\\/me\\\/istrazi\\\/#breadcrumb\",\"itemListElement\":[{\"@type\":\"ListItem\",\"position\":1,\"name\":\"Home\",\"item\":\"https:\\\/\\\/www.visit-montenegro.com\\\/me\\\/pocetna\\\/\"},{\"@type\":\"ListItem\",\"position\":2,\"name\":\"Istra\u017eite Crnu Goru\"}]},{\"@type\":\"WebSite\",\"@id\":\"https:\\\/\\\/www.visit-montenegro.com\\\/me\\\/#website\",\"url\":\"https:\\\/\\\/www.visit-montenegro.com\\\/me\\\/\",\"name\":\"Visit Montenegro\",\"description\":\"Breathtaking beauty\",\"publisher\":{\"@id\":\"https:\\\/\\\/www.visit-montenegro.com\\\/me\\\/#organization\"},\"potentialAction\":[{\"@type\":\"SearchAction\",\"target\":{\"@type\":\"EntryPoint\",\"urlTemplate\":\"https:\\\/\\\/www.visit-montenegro.com\\\/me\\\/?s={search_term_string}\"},\"query-input\":{\"@type\":\"PropertyValueSpecification\",\"valueRequired\":true,\"valueName\":\"search_term_string\"}}],\"inLanguage\":\"sr-Latn-ME\"},{\"@type\":\"Organization\",\"@id\":\"https:\\\/\\\/www.visit-montenegro.com\\\/me\\\/#organization\",\"name\":\"Visit Montenegro\",\"url\":\"https:\\\/\\\/www.visit-montenegro.com\\\/me\\\/\",\"logo\":{\"@type\":\"ImageObject\",\"inLanguage\":\"sr-Latn-ME\",\"@id\":\"https:\\\/\\\/www.visit-montenegro.com\\\/me\\\/#\\\/schema\\\/logo\\\/image\\\/\",\"url\":\"https:\\\/\\\/www.visit-montenegro.com\\\/wp-content\\\/uploads\\\/2017\\\/10\\\/logo-amp.png\",\"contentUrl\":\"https:\\\/\\\/www.visit-montenegro.com\\\/wp-content\\\/uploads\\\/2017\\\/10\\\/logo-amp.png\",\"width\":190,\"height\":36,\"caption\":\"Visit Montenegro\"},\"image\":{\"@id\":\"https:\\\/\\\/www.visit-montenegro.com\\\/me\\\/#\\\/schema\\\/logo\\\/image\\\/\"},\"sameAs\":[\"https:\\\/\\\/www.facebook.com\\\/visitmontenegro\",\"https:\\\/\\\/x.com\\\/visitmontenegro\",\"https:\\\/\\\/www.instagram.com\\\/visit_montenegro\\\/\",\"https:\\\/\\\/www.youtube.com\\\/user\\\/VisitMontenegro\"]}]}<\/script>\n<!-- \/ Yoast SEO plugin. -->","yoast_head_json":{"title":"Istra\u017eite Crnu Goru - Visit Montenegro","description":"Planirajte svoju avanturu u Crnoj Gori s na\u0161im vodi\u010dem kroz planine, centralna podru\u010dja i obalu. Istra\u017eite raznolike pejza\u017ee i kulturne dragulje za nezaboravno putovanje.","robots":{"index":"index","follow":"follow","max-snippet":"max-snippet:-1","max-image-preview":"max-image-preview:large","max-video-preview":"max-video-preview:-1"},"canonical":"https:\/\/www.visit-montenegro.com\/me\/istrazi\/","og_locale":"en_US","og_type":"article","og_title":"Istra\u017eite Crnu Goru - Visit Montenegro","og_description":"Planirajte svoju avanturu u Crnoj Gori s na\u0161im vodi\u010dem kroz planine, centralna podru\u010dja i obalu. Istra\u017eite raznolike pejza\u017ee i kulturne dragulje za nezaboravno putovanje.","og_url":"https:\/\/www.visit-montenegro.com\/me\/istrazi\/","og_site_name":"Visit Montenegro","article_publisher":"https:\/\/www.facebook.com\/visitmontenegro","article_modified_time":"2026-02-22T15:59:52+00:00","og_image":[{"width":1600,"height":1128,"url":"https:\/\/www.visit-montenegro.com\/wp-content\/uploads\/2026\/01\/montenegro-signs-scaled.jpg","type":"image\/jpeg"}],"twitter_card":"summary_large_image","twitter_site":"@visitmontenegro","twitter_misc":{"Est. reading time":"1 minute"},"schema":{"@context":"https:\/\/schema.org","@graph":[{"@type":"WebPage","@id":"https:\/\/www.visit-montenegro.com\/me\/istrazi\/","url":"https:\/\/www.visit-montenegro.com\/me\/istrazi\/","name":"Istra\u017eite Crnu Goru - Visit Montenegro","isPartOf":{"@id":"https:\/\/www.visit-montenegro.com\/me\/#website"},"primaryImageOfPage":{"@id":"https:\/\/www.visit-montenegro.com\/me\/istrazi\/#primaryimage"},"image":{"@id":"https:\/\/www.visit-montenegro.com\/me\/istrazi\/#primaryimage"},"thumbnailUrl":"https:\/\/www.visit-montenegro.com\/wp-content\/uploads\/2026\/01\/montenegro-signs-scaled.jpg","datePublished":"2026-01-27T21:11:31+00:00","dateModified":"2026-02-22T15:59:52+00:00","description":"Planirajte svoju avanturu u Crnoj Gori s na\u0161im vodi\u010dem kroz planine, centralna podru\u010dja i obalu. Istra\u017eite raznolike pejza\u017ee i kulturne dragulje za nezaboravno putovanje.","breadcrumb":{"@id":"https:\/\/www.visit-montenegro.com\/me\/istrazi\/#breadcrumb"},"inLanguage":"sr-Latn-ME","potentialAction":[{"@type":"ReadAction","target":["https:\/\/www.visit-montenegro.com\/me\/istrazi\/"]}]},{"@type":"ImageObject","inLanguage":"sr-Latn-ME","@id":"https:\/\/www.visit-montenegro.com\/me\/istrazi\/#primaryimage","url":"https:\/\/www.visit-montenegro.com\/wp-content\/uploads\/2026\/01\/montenegro-signs-scaled.jpg","contentUrl":"https:\/\/www.visit-montenegro.com\/wp-content\/uploads\/2026\/01\/montenegro-signs-scaled.jpg","width":1600,"height":1128},{"@type":"BreadcrumbList","@id":"https:\/\/www.visit-montenegro.com\/me\/istrazi\/#breadcrumb","itemListElement":[{"@type":"ListItem","position":1,"name":"Home","item":"https:\/\/www.visit-montenegro.com\/me\/pocetna\/"},{"@type":"ListItem","position":2,"name":"Istra\u017eite Crnu Goru"}]},{"@type":"WebSite","@id":"https:\/\/www.visit-montenegro.com\/me\/#website","url":"https:\/\/www.visit-montenegro.com\/me\/","name":"Visit Montenegro","description":"Breathtaking beauty","publisher":{"@id":"https:\/\/www.visit-montenegro.com\/me\/#organization"},"potentialAction":[{"@type":"SearchAction","target":{"@type":"EntryPoint","urlTemplate":"https:\/\/www.visit-montenegro.com\/me\/?s={search_term_string}"},"query-input":{"@type":"PropertyValueSpecification","valueRequired":true,"valueName":"search_term_string"}}],"inLanguage":"sr-Latn-ME"},{"@type":"Organization","@id":"https:\/\/www.visit-montenegro.com\/me\/#organization","name":"Visit Montenegro","url":"https:\/\/www.visit-montenegro.com\/me\/","logo":{"@type":"ImageObject","inLanguage":"sr-Latn-ME","@id":"https:\/\/www.visit-montenegro.com\/me\/#\/schema\/logo\/image\/","url":"https:\/\/www.visit-montenegro.com\/wp-content\/uploads\/2017\/10\/logo-amp.png","contentUrl":"https:\/\/www.visit-montenegro.com\/wp-content\/uploads\/2017\/10\/logo-amp.png","width":190,"height":36,"caption":"Visit Montenegro"},"image":{"@id":"https:\/\/www.visit-montenegro.com\/me\/#\/schema\/logo\/image\/"},"sameAs":["https:\/\/www.facebook.com\/visitmontenegro","https:\/\/x.com\/visitmontenegro","https:\/\/www.instagram.com\/visit_montenegro\/","https:\/\/www.youtube.com\/user\/VisitMontenegro"]}]}},"translations":[],"_links":{"self":[{"href":"https:\/\/www.visit-montenegro.com\/me\/wp-json\/wp\/v2\/pages\/134484","targetHints":{"allow":["GET"]}}],"collection":[{"href":"https:\/\/www.visit-montenegro.com\/me\/wp-json\/wp\/v2\/pages"}],"about":[{"href":"https:\/\/www.visit-montenegro.com\/me\/wp-json\/wp\/v2\/types\/page"}],"author":[{"embeddable":true,"href":"https:\/\/www.visit-montenegro.com\/me\/wp-json\/wp\/v2\/users\/1"}],"replies":[{"embeddable":true,"href":"https:\/\/www.visit-montenegro.com\/me\/wp-json\/wp\/v2\/comments?post=134484"}],"version-history":[{"count":0,"href":"https:\/\/www.visit-montenegro.com\/me\/wp-json\/wp\/v2\/pages\/134484\/revisions"}],"wp:featuredmedia":[{"embeddable":true,"href":"https:\/\/www.visit-montenegro.com\/me\/wp-json\/wp\/v2\/media\/133932"}],"wp:attachment":[{"href":"https:\/\/www.visit-montenegro.com\/me\/wp-json\/wp\/v2\/media?parent=134484"}],"wp:term":[{"taxonomy":"post_tag","embeddable":true,"href":"https:\/\/www.visit-montenegro.com\/me\/wp-json\/wp\/v2\/tags?post=134484"}],"curies":[{"name":"wp","href":"https:\/\/api.w.org\/{rel}","templated":true}]}}