{"id":134492,"date":"2026-01-27T21:44:34","date_gmt":"2026-01-27T20:44:34","guid":{"rendered":"https:\/\/new.visit-montenegro.com\/ostrog\/"},"modified":"2026-02-22T16:59:53","modified_gmt":"2026-02-22T15:59:53","slug":"ostrog","status":"publish","type":"page","link":"https:\/\/www.visit-montenegro.com\/me\/destinacije\/niksic\/atrakcije\/ostrog\/","title":{"rendered":"Manastir Ostrog"},"content":{"rendered":"\n<p>Manastir <a href=\"https:\/\/www.visit-montenegro.com\/me\/manastir-ostrog\/\">Ostrog<\/a> je zadivljuju\u0107e duhovno mjesto isklesano u vertikalnoj stijeni u Crnoj Gori, koje godi\u0161nje privla\u010di preko sto hiljada posjetilaca, uklju\u010duju\u0107i hodo\u010dasnike i putnike svih vjera, privu\u010dene njegovom \u010dudesnom aroom i sveto\u0161\u0107u Svetog Vasilija.<\/p>\n\n<hr class=\"wp-block-separator has-alpha-channel-opacity\"\/>\n\n<h2 class=\"wp-block-heading\">Uvod u Manastir Ostrog<\/h2>\n\n<p><strong>Manastir Ostrog<\/strong> je \u010dudo izgra\u0111eno prirodom i ljudskim djelovanjem, gotovo u potpunosti isklesano u vertikalno postavljenoj planinskoj stijeni. Posljedi\u010dno, danas je biser crnogorske duhovnosti koji godi\u0161nje posje\u0107uje vi\u0161e od sto hiljada hodo\u010dasnika iz cijelog svijeta i putnika svih religija.<\/p>\n\n<p>Zaista, to je jedno od tri najposje\u0107enija hri\u0161\u0107anska odredi\u0161ta na planeti sa svojom pe\u0107inskom kapelom i manastirskim kompleksom koji \u010duva svetost Svetog Vasilija, pravoslavnog hri\u0161\u0107anskog sveca \u010dudotvorca.<\/p>\n\n<p>Sva crnogorska duhovna vjerovanja i kulturna blaga na\u0161la su svoj dom visoko u stijenama Ostroga. \u0160tavi\u0161e, ovo zadivljuju\u0107e odredi\u0161te ispunit \u0107e va\u0161u du\u0161u visoko uzdignutim osje\u0107ajima pobo\u017enosti i po\u0161tovanja prema Bogu.<\/p>\n\n<p>Vi\u0161e o <strong>Manastiru Ostrog<\/strong> mo\u017eete saznati na sljede\u0107im stranicama:<\/p>\n\n<ul class=\"wp-block-list\">\n<li><a href=\"https:\/\/www.visit-montenegro.com\/me\/manastir-ostrog\/gdje\/\">Lokacija Ostroga<\/a><\/li>\n\n\n\n<li><a href=\"https:\/\/www.visit-montenegro.com\/me\/manastir-ostrog\/izgradnja\/\">Izgradnja Ostroga<\/a><\/li>\n\n\n\n<li><a href=\"https:\/\/www.visit-montenegro.com\/me\/manastir-ostrog\/tradicije\/\">Dolazak i odlazak<\/a><\/li>\n\n\n\n<li><a href=\"https:\/\/www.visit-montenegro.com\/me\/manastir-ostrog\/price\/\">Pri\u010de o \u010dudima<\/a><\/li>\n\n\n\n<li><a href=\"https:\/\/www.visit-montenegro.com\/me\/manastir-ostrog\/drugi\/\">\u0160ta drugi ka\u017eu o Ostrogu<\/a><\/li>\n\n\n\n<li><a href=\"https:\/\/www.visit-montenegro.com\/me\/manastir-ostrog\/legende\/\">Legende i mitovi<\/a><\/li>\n\n\n\n<li><a href=\"https:\/\/www.visit-montenegro.com\/me\/manastir-ostrog\/istorija\/\">Istorija Ostroga<\/a><\/li>\n\n\n\n<li><a href=\"https:\/\/www.visit-montenegro.com\/me\/manastir-ostrog\/kulturna\/\">Kulturna ba\u0161tina<\/a><\/li>\n\n\n\n<li><a href=\"https:\/\/www.visit-montenegro.com\/me\/manastir-ostrog\/gatherings\/\">Praznici i okupljanja<\/a><\/li>\n\n\n\n<li><a href=\"https:\/\/www.visit-montenegro.com\/me\/manastir-ostrog\/crkve\/\">Crkve Svetog Vasilija<\/a><\/li>\n\n\n\n<li><a href=\"https:\/\/www.visit-montenegro.com\/me\/manastir-ostrog\/molitva\/\">Molitva Svetom Vasiliju<\/a><\/li>\n\n\n\n<li><a href=\"https:\/\/www.visit-montenegro.com\/me\/manastir-ostrog\/zivot\/\">\u017divot Svetog Vasilija Ostro\u0161kog<\/a><\/li>\n\n\n\n<li><a href=\"https:\/\/www.visit-montenegro.com\/me\/manastir-ostrog\/region\/\">Istorija regiona Ostroga<\/a><\/li>\n<\/ul>\n","protected":false},"excerpt":{"rendered":"<p>Otkrijte Manastir Ostrog, \u010dudesno sveti\u0161te isklesano u stijeni u Crnoj Gori. Ovaj duhovni dragulj privla\u010di hodo\u010dasnike i putnike \u0161irom svijeta, nude\u0107i duboku pobo\u017enost i kulturno bogatstvo.<\/p>\n","protected":false},"author":1,"featured_media":133956,"parent":134568,"menu_order":0,"comment_status":"closed","ping_status":"closed","template":"","meta":{"_yoast_wpseo_focuskw":"Manastir Ostrog","_yoast_wpseo_metadesc":"Istra\u017eite Manastir Ostrog, \u010dudo duhovnosti isklesano u stijeni Crne Gore. Saznajte o njegovim \u010dudima, istoriji i za\u0161to privla\u010di posjetioce iz cijelog svijeta. Planirajte svoju posjetu danas!","_kad_post_transparent":"","_kad_post_title":"","_kad_post_layout":"","_kad_post_sidebar_id":"","_kad_post_content_style":"","_kad_post_vertical_padding":"","_kad_post_feature":"","_kad_post_feature_position":"","_kad_post_header":false,"_kad_post_footer":false,"_kad_post_classname":"","iawp_total_views":4,"footnotes":""},"tags":[],"class_list":["post-134492","page","type-page","status-publish","has-post-thumbnail","hentry"],"yoast_head":"<!-- This site is optimized with the Yoast SEO plugin v27.3 - https:\/\/yoast.com\/product\/yoast-seo-wordpress\/ -->\n<title>Manastir Ostrog - Visit Montenegro<\/title>\n<meta name=\"description\" content=\"Istra\u017eite Manastir Ostrog, \u010dudo duhovnosti isklesano u stijeni Crne Gore. Saznajte o njegovim \u010dudima, istoriji i za\u0161to privla\u010di posjetioce iz cijelog svijeta. Planirajte svoju posjetu danas!\" \/>\n<meta name=\"robots\" content=\"index, follow, max-snippet:-1, max-image-preview:large, max-video-preview:-1\" \/>\n<link rel=\"canonical\" href=\"https:\/\/www.visit-montenegro.com\/me\/destinacije\/niksic\/atrakcije\/ostrog\/\" \/>\n<meta property=\"og:locale\" content=\"en_US\" \/>\n<meta property=\"og:type\" content=\"article\" \/>\n<meta property=\"og:title\" content=\"Manastir Ostrog - Visit Montenegro\" \/>\n<meta property=\"og:description\" content=\"Istra\u017eite Manastir Ostrog, \u010dudo duhovnosti isklesano u stijeni Crne Gore. Saznajte o njegovim \u010dudima, istoriji i za\u0161to privla\u010di posjetioce iz cijelog svijeta. Planirajte svoju posjetu danas!\" \/>\n<meta property=\"og:url\" content=\"https:\/\/www.visit-montenegro.com\/me\/destinacije\/niksic\/atrakcije\/ostrog\/\" \/>\n<meta property=\"og:site_name\" content=\"Visit Montenegro\" \/>\n<meta property=\"article:publisher\" content=\"https:\/\/www.facebook.com\/visitmontenegro\" \/>\n<meta property=\"article:modified_time\" content=\"2026-02-22T15:59:53+00:00\" \/>\n<meta property=\"og:image\" content=\"https:\/\/www.visit-montenegro.com\/wp-content\/uploads\/2026\/01\/ostrog-monastery-01-scaled.jpg\" \/>\n\t<meta property=\"og:image:width\" content=\"1600\" \/>\n\t<meta property=\"og:image:height\" content=\"1067\" \/>\n\t<meta property=\"og:image:type\" content=\"image\/jpeg\" \/>\n<meta name=\"twitter:card\" content=\"summary_large_image\" \/>\n<meta name=\"twitter:site\" content=\"@visitmontenegro\" \/>\n<meta name=\"twitter:label1\" content=\"Est. reading time\" \/>\n\t<meta name=\"twitter:data1\" content=\"1 minute\" \/>\n<script type=\"application\/ld+json\" class=\"yoast-schema-graph\">{\"@context\":\"https:\\\/\\\/schema.org\",\"@graph\":[{\"@type\":\"WebPage\",\"@id\":\"https:\\\/\\\/www.visit-montenegro.com\\\/me\\\/destinacije\\\/niksic\\\/atrakcije\\\/ostrog\\\/\",\"url\":\"https:\\\/\\\/www.visit-montenegro.com\\\/me\\\/destinacije\\\/niksic\\\/atrakcije\\\/ostrog\\\/\",\"name\":\"Manastir Ostrog - Visit Montenegro\",\"isPartOf\":{\"@id\":\"https:\\\/\\\/www.visit-montenegro.com\\\/me\\\/#website\"},\"primaryImageOfPage\":{\"@id\":\"https:\\\/\\\/www.visit-montenegro.com\\\/me\\\/destinacije\\\/niksic\\\/atrakcije\\\/ostrog\\\/#primaryimage\"},\"image\":{\"@id\":\"https:\\\/\\\/www.visit-montenegro.com\\\/me\\\/destinacije\\\/niksic\\\/atrakcije\\\/ostrog\\\/#primaryimage\"},\"thumbnailUrl\":\"https:\\\/\\\/www.visit-montenegro.com\\\/wp-content\\\/uploads\\\/2026\\\/01\\\/ostrog-monastery-01-scaled.jpg\",\"datePublished\":\"2026-01-27T20:44:34+00:00\",\"dateModified\":\"2026-02-22T15:59:53+00:00\",\"description\":\"Istra\u017eite Manastir Ostrog, \u010dudo duhovnosti isklesano u stijeni Crne Gore. Saznajte o njegovim \u010dudima, istoriji i za\u0161to privla\u010di posjetioce iz cijelog svijeta. Planirajte svoju posjetu danas!\",\"breadcrumb\":{\"@id\":\"https:\\\/\\\/www.visit-montenegro.com\\\/me\\\/destinacije\\\/niksic\\\/atrakcije\\\/ostrog\\\/#breadcrumb\"},\"inLanguage\":\"sr-Latn-ME\",\"potentialAction\":[{\"@type\":\"ReadAction\",\"target\":[\"https:\\\/\\\/www.visit-montenegro.com\\\/me\\\/destinacije\\\/niksic\\\/atrakcije\\\/ostrog\\\/\"]}]},{\"@type\":\"ImageObject\",\"inLanguage\":\"sr-Latn-ME\",\"@id\":\"https:\\\/\\\/www.visit-montenegro.com\\\/me\\\/destinacije\\\/niksic\\\/atrakcije\\\/ostrog\\\/#primaryimage\",\"url\":\"https:\\\/\\\/www.visit-montenegro.com\\\/wp-content\\\/uploads\\\/2026\\\/01\\\/ostrog-monastery-01-scaled.jpg\",\"contentUrl\":\"https:\\\/\\\/www.visit-montenegro.com\\\/wp-content\\\/uploads\\\/2026\\\/01\\\/ostrog-monastery-01-scaled.jpg\",\"width\":1600,\"height\":1067},{\"@type\":\"BreadcrumbList\",\"@id\":\"https:\\\/\\\/www.visit-montenegro.com\\\/me\\\/destinacije\\\/niksic\\\/atrakcije\\\/ostrog\\\/#breadcrumb\",\"itemListElement\":[{\"@type\":\"ListItem\",\"position\":1,\"name\":\"Home\",\"item\":\"https:\\\/\\\/www.visit-montenegro.com\\\/me\\\/pocetna\\\/\"},{\"@type\":\"ListItem\",\"position\":2,\"name\":\"Turisti\u010dke destinacije u Crnoj Gori\",\"item\":\"https:\\\/\\\/www.visit-montenegro.com\\\/me\\\/destinacije\\\/\"},{\"@type\":\"ListItem\",\"position\":3,\"name\":\"Nik\u0161i\u0107\",\"item\":\"https:\\\/\\\/www.visit-montenegro.com\\\/me\\\/destinations\\\/niksic\\\/\"},{\"@type\":\"ListItem\",\"position\":4,\"name\":\"Nik\u0161i\u0107ke atrakcije\",\"item\":\"https:\\\/\\\/www.visit-montenegro.com\\\/me\\\/destinations\\\/niksic\\\/attractions\\\/\"},{\"@type\":\"ListItem\",\"position\":5,\"name\":\"Manastir Ostrog\"}]},{\"@type\":\"WebSite\",\"@id\":\"https:\\\/\\\/www.visit-montenegro.com\\\/me\\\/#website\",\"url\":\"https:\\\/\\\/www.visit-montenegro.com\\\/me\\\/\",\"name\":\"Visit Montenegro\",\"description\":\"Breathtaking beauty\",\"publisher\":{\"@id\":\"https:\\\/\\\/www.visit-montenegro.com\\\/me\\\/#organization\"},\"potentialAction\":[{\"@type\":\"SearchAction\",\"target\":{\"@type\":\"EntryPoint\",\"urlTemplate\":\"https:\\\/\\\/www.visit-montenegro.com\\\/me\\\/?s={search_term_string}\"},\"query-input\":{\"@type\":\"PropertyValueSpecification\",\"valueRequired\":true,\"valueName\":\"search_term_string\"}}],\"inLanguage\":\"sr-Latn-ME\"},{\"@type\":\"Organization\",\"@id\":\"https:\\\/\\\/www.visit-montenegro.com\\\/me\\\/#organization\",\"name\":\"Visit Montenegro\",\"url\":\"https:\\\/\\\/www.visit-montenegro.com\\\/me\\\/\",\"logo\":{\"@type\":\"ImageObject\",\"inLanguage\":\"sr-Latn-ME\",\"@id\":\"https:\\\/\\\/www.visit-montenegro.com\\\/me\\\/#\\\/schema\\\/logo\\\/image\\\/\",\"url\":\"https:\\\/\\\/www.visit-montenegro.com\\\/wp-content\\\/uploads\\\/2017\\\/10\\\/logo-amp.png\",\"contentUrl\":\"https:\\\/\\\/www.visit-montenegro.com\\\/wp-content\\\/uploads\\\/2017\\\/10\\\/logo-amp.png\",\"width\":190,\"height\":36,\"caption\":\"Visit Montenegro\"},\"image\":{\"@id\":\"https:\\\/\\\/www.visit-montenegro.com\\\/me\\\/#\\\/schema\\\/logo\\\/image\\\/\"},\"sameAs\":[\"https:\\\/\\\/www.facebook.com\\\/visitmontenegro\",\"https:\\\/\\\/x.com\\\/visitmontenegro\",\"https:\\\/\\\/www.instagram.com\\\/visit_montenegro\\\/\",\"https:\\\/\\\/www.youtube.com\\\/user\\\/VisitMontenegro\"]}]}<\/script>\n<!-- \/ Yoast SEO plugin. -->","yoast_head_json":{"title":"Manastir Ostrog - Visit Montenegro","description":"Istra\u017eite Manastir Ostrog, \u010dudo duhovnosti isklesano u stijeni Crne Gore. Saznajte o njegovim \u010dudima, istoriji i za\u0161to privla\u010di posjetioce iz cijelog svijeta. Planirajte svoju posjetu danas!","robots":{"index":"index","follow":"follow","max-snippet":"max-snippet:-1","max-image-preview":"max-image-preview:large","max-video-preview":"max-video-preview:-1"},"canonical":"https:\/\/www.visit-montenegro.com\/me\/destinacije\/niksic\/atrakcije\/ostrog\/","og_locale":"en_US","og_type":"article","og_title":"Manastir Ostrog - Visit Montenegro","og_description":"Istra\u017eite Manastir Ostrog, \u010dudo duhovnosti isklesano u stijeni Crne Gore. Saznajte o njegovim \u010dudima, istoriji i za\u0161to privla\u010di posjetioce iz cijelog svijeta. Planirajte svoju posjetu danas!","og_url":"https:\/\/www.visit-montenegro.com\/me\/destinacije\/niksic\/atrakcije\/ostrog\/","og_site_name":"Visit Montenegro","article_publisher":"https:\/\/www.facebook.com\/visitmontenegro","article_modified_time":"2026-02-22T15:59:53+00:00","og_image":[{"width":1600,"height":1067,"url":"https:\/\/www.visit-montenegro.com\/wp-content\/uploads\/2026\/01\/ostrog-monastery-01-scaled.jpg","type":"image\/jpeg"}],"twitter_card":"summary_large_image","twitter_site":"@visitmontenegro","twitter_misc":{"Est. reading time":"1 minute"},"schema":{"@context":"https:\/\/schema.org","@graph":[{"@type":"WebPage","@id":"https:\/\/www.visit-montenegro.com\/me\/destinacije\/niksic\/atrakcije\/ostrog\/","url":"https:\/\/www.visit-montenegro.com\/me\/destinacije\/niksic\/atrakcije\/ostrog\/","name":"Manastir Ostrog - Visit Montenegro","isPartOf":{"@id":"https:\/\/www.visit-montenegro.com\/me\/#website"},"primaryImageOfPage":{"@id":"https:\/\/www.visit-montenegro.com\/me\/destinacije\/niksic\/atrakcije\/ostrog\/#primaryimage"},"image":{"@id":"https:\/\/www.visit-montenegro.com\/me\/destinacije\/niksic\/atrakcije\/ostrog\/#primaryimage"},"thumbnailUrl":"https:\/\/www.visit-montenegro.com\/wp-content\/uploads\/2026\/01\/ostrog-monastery-01-scaled.jpg","datePublished":"2026-01-27T20:44:34+00:00","dateModified":"2026-02-22T15:59:53+00:00","description":"Istra\u017eite Manastir Ostrog, \u010dudo duhovnosti isklesano u stijeni Crne Gore. Saznajte o njegovim \u010dudima, istoriji i za\u0161to privla\u010di posjetioce iz cijelog svijeta. Planirajte svoju posjetu danas!","breadcrumb":{"@id":"https:\/\/www.visit-montenegro.com\/me\/destinacije\/niksic\/atrakcije\/ostrog\/#breadcrumb"},"inLanguage":"sr-Latn-ME","potentialAction":[{"@type":"ReadAction","target":["https:\/\/www.visit-montenegro.com\/me\/destinacije\/niksic\/atrakcije\/ostrog\/"]}]},{"@type":"ImageObject","inLanguage":"sr-Latn-ME","@id":"https:\/\/www.visit-montenegro.com\/me\/destinacije\/niksic\/atrakcije\/ostrog\/#primaryimage","url":"https:\/\/www.visit-montenegro.com\/wp-content\/uploads\/2026\/01\/ostrog-monastery-01-scaled.jpg","contentUrl":"https:\/\/www.visit-montenegro.com\/wp-content\/uploads\/2026\/01\/ostrog-monastery-01-scaled.jpg","width":1600,"height":1067},{"@type":"BreadcrumbList","@id":"https:\/\/www.visit-montenegro.com\/me\/destinacije\/niksic\/atrakcije\/ostrog\/#breadcrumb","itemListElement":[{"@type":"ListItem","position":1,"name":"Home","item":"https:\/\/www.visit-montenegro.com\/me\/pocetna\/"},{"@type":"ListItem","position":2,"name":"Turisti\u010dke destinacije u Crnoj Gori","item":"https:\/\/www.visit-montenegro.com\/me\/destinacije\/"},{"@type":"ListItem","position":3,"name":"Nik\u0161i\u0107","item":"https:\/\/www.visit-montenegro.com\/me\/destinations\/niksic\/"},{"@type":"ListItem","position":4,"name":"Nik\u0161i\u0107ke atrakcije","item":"https:\/\/www.visit-montenegro.com\/me\/destinations\/niksic\/attractions\/"},{"@type":"ListItem","position":5,"name":"Manastir Ostrog"}]},{"@type":"WebSite","@id":"https:\/\/www.visit-montenegro.com\/me\/#website","url":"https:\/\/www.visit-montenegro.com\/me\/","name":"Visit Montenegro","description":"Breathtaking beauty","publisher":{"@id":"https:\/\/www.visit-montenegro.com\/me\/#organization"},"potentialAction":[{"@type":"SearchAction","target":{"@type":"EntryPoint","urlTemplate":"https:\/\/www.visit-montenegro.com\/me\/?s={search_term_string}"},"query-input":{"@type":"PropertyValueSpecification","valueRequired":true,"valueName":"search_term_string"}}],"inLanguage":"sr-Latn-ME"},{"@type":"Organization","@id":"https:\/\/www.visit-montenegro.com\/me\/#organization","name":"Visit Montenegro","url":"https:\/\/www.visit-montenegro.com\/me\/","logo":{"@type":"ImageObject","inLanguage":"sr-Latn-ME","@id":"https:\/\/www.visit-montenegro.com\/me\/#\/schema\/logo\/image\/","url":"https:\/\/www.visit-montenegro.com\/wp-content\/uploads\/2017\/10\/logo-amp.png","contentUrl":"https:\/\/www.visit-montenegro.com\/wp-content\/uploads\/2017\/10\/logo-amp.png","width":190,"height":36,"caption":"Visit Montenegro"},"image":{"@id":"https:\/\/www.visit-montenegro.com\/me\/#\/schema\/logo\/image\/"},"sameAs":["https:\/\/www.facebook.com\/visitmontenegro","https:\/\/x.com\/visitmontenegro","https:\/\/www.instagram.com\/visit_montenegro\/","https:\/\/www.youtube.com\/user\/VisitMontenegro"]}]}},"translations":[],"_links":{"self":[{"href":"https:\/\/www.visit-montenegro.com\/me\/wp-json\/wp\/v2\/pages\/134492","targetHints":{"allow":["GET"]}}],"collection":[{"href":"https:\/\/www.visit-montenegro.com\/me\/wp-json\/wp\/v2\/pages"}],"about":[{"href":"https:\/\/www.visit-montenegro.com\/me\/wp-json\/wp\/v2\/types\/page"}],"author":[{"embeddable":true,"href":"https:\/\/www.visit-montenegro.com\/me\/wp-json\/wp\/v2\/users\/1"}],"replies":[{"embeddable":true,"href":"https:\/\/www.visit-montenegro.com\/me\/wp-json\/wp\/v2\/comments?post=134492"}],"version-history":[{"count":0,"href":"https:\/\/www.visit-montenegro.com\/me\/wp-json\/wp\/v2\/pages\/134492\/revisions"}],"up":[{"embeddable":true,"href":"https:\/\/www.visit-montenegro.com\/me\/wp-json\/wp\/v2\/pages\/134568"}],"wp:featuredmedia":[{"embeddable":true,"href":"https:\/\/www.visit-montenegro.com\/me\/wp-json\/wp\/v2\/media\/133956"}],"wp:attachment":[{"href":"https:\/\/www.visit-montenegro.com\/me\/wp-json\/wp\/v2\/media?parent=134492"}],"wp:term":[{"taxonomy":"post_tag","embeddable":true,"href":"https:\/\/www.visit-montenegro.com\/me\/wp-json\/wp\/v2\/tags?post=134492"}],"curies":[{"name":"wp","href":"https:\/\/api.w.org\/{rel}","templated":true}]}}