{"id":134497,"date":"2026-01-27T21:44:34","date_gmt":"2026-01-27T20:44:34","guid":{"rendered":"https:\/\/new.visit-montenegro.com\/jezero-krupac\/"},"modified":"2026-02-22T16:59:53","modified_gmt":"2026-02-22T15:59:53","slug":"jezero-krupac","status":"publish","type":"page","link":"https:\/\/www.visit-montenegro.com\/me\/destinacije\/niksic\/atrakcije\/jezero-krupac\/","title":{"rendered":"Jezero Krupac"},"content":{"rendered":"\n<p>Jezero Krupac je ve\u0161ta\u010dko jezero smje\u0161teno 5,5 km zapadno od Nik\u0161i\u0107a, Crna Gora, koje lokalno stanovni\u0161tvo \u010desto naziva gradskim &#8220;morem&#8221;. Slu\u017ei kao popularno odmori\u0161te na 600 m nadmorske visine, prote\u017ee se 2,5 km u du\u017einu i 2,8 km u \u0161irinu, sa bistrom vodom, ribom, sigurnom pla\u017eom i slikovitim okru\u017eenjem idealnim za sport i rekreaciju.<\/p>\n\n<hr class=\"wp-block-separator has-alpha-channel-opacity\"\/>\n\n<h2 class=\"wp-block-heading\">Prirodna lepota i rekreativne karakteristike<\/h2>\n\n<p><strong>Jezero Krupac<\/strong> nudi bistru vodu i mnogo ribe, \u0161to ga \u010dini atraktivnim mestom. Sigurna i opremljena pla\u017ea, prostrano polje i slikovite litice pove\u0107avaju njegovu privla\u010dnost. Zaista, ovo okru\u017eenje je pogodno za razvoj sportsko-rekreativnog kompleksa.<\/p>\n\n<p>Jezero je bogato ribom i podr\u017eava sportski ribolov, sa vodama u kojima se nalazi kalifornijska pastrmka. \u0160tavi\u0161e, gostoljubivi doma\u0107ini pru\u017eaju besplatne le\u017ealjke i suncobrane, omogu\u0107avaju\u0107i ranim posjetiocima da u\u017eivaju u hladu pod suncobranima ili vi\u0161egodi\u0161njim biljkama. Moderno igrali\u0161te za odbojku na pijesku poziva na u\u010de\u0161\u0107e u ovoj popularnoj aktivnosti.<\/p>\n\n<h2 class=\"wp-block-heading\">Turisti\u010dke atrakcije i doga\u0111aji<\/h2>\n\n<p><strong>Jezero Krupac<\/strong> ima restoran, pla\u017eu sa sadr\u017eajima i \u0161etali\u0161te du\u017e brane jezera. Posljedi\u010dno, leti privla\u010di mnogo turista. Ovde se organizuju mnoga takmi\u010denja, muzi\u010dki doga\u0111aji, vodeni sportovi i ribolovni doga\u0111aji, osiguravaju\u0107i da posjetioci ne ostanu ravnodu\u0161ni.<\/p>\n\n<p>Mnogi gra\u0111ani Nik\u0161i\u0107a biraju ovo jezero za osve\u017eenje toplih letnjih dana. Tokom godina, <strong>Jezero Krupac<\/strong> je bilo omiljeno mjesto u gradu, a njegova privla\u010dnost se pobolj\u0161ala sa gradskim festivalom koji se odr\u017eava na jezeru.<\/p>\n\n<p>Jezero je omiljeno mjesto za ro\u0161tilje, opu\u0161tanje i punjenje baterija. Stoga, trebalo bi da vam bude na umu ako posjetite <a href=\"https:\/\/www.visit-montenegro.com\/me\/destinacije\/niksic\/\">Nik\u0161i\u0107<\/a>.<\/p>\n","protected":false},"excerpt":{"rendered":"<p>Otkrijte Jezero Krupac, omiljeno &#8220;more&#8221; Nik\u0161i\u0107a, ve\u0161ta\u010dko jezero koje nudi bistre vode, pecanje i slikovitu lepotu. Savr\u0161eno za sport, doga\u0111aje i opu\u0161tanje, to je obavezno mjesto za posjetu u Crnoj Gori.<\/p>\n","protected":false},"author":1,"featured_media":134498,"parent":134568,"menu_order":0,"comment_status":"closed","ping_status":"closed","template":"","meta":{"_yoast_wpseo_focuskw":"Jezero Krupac","_yoast_wpseo_metadesc":"Istra\u017eite Jezero Krupac, slikovito ve\u0161ta\u010dko jezero u Nik\u0161i\u0107u. U\u017eivajte u pecanju, pla\u017eama, doga\u0111ajima i opu\u0161tanju u ovom prelepom crnogorskom odmori\u0161tu. Planirajte svoju posjetu danas!","_kad_post_transparent":"","_kad_post_title":"","_kad_post_layout":"","_kad_post_sidebar_id":"","_kad_post_content_style":"","_kad_post_vertical_padding":"","_kad_post_feature":"","_kad_post_feature_position":"","_kad_post_header":false,"_kad_post_footer":false,"_kad_post_classname":"","iawp_total_views":26,"footnotes":""},"tags":[],"class_list":["post-134497","page","type-page","status-publish","has-post-thumbnail","hentry"],"yoast_head":"<!-- This site is optimized with the Yoast SEO plugin v27.3 - https:\/\/yoast.com\/product\/yoast-seo-wordpress\/ -->\n<title>Jezero Krupac - Visit Montenegro<\/title>\n<meta name=\"description\" content=\"Istra\u017eite Jezero Krupac, slikovito ve\u0161ta\u010dko jezero u Nik\u0161i\u0107u. U\u017eivajte u pecanju, pla\u017eama, doga\u0111ajima i opu\u0161tanju u ovom prelepom crnogorskom odmori\u0161tu. Planirajte svoju posjetu danas!\" \/>\n<meta name=\"robots\" content=\"index, follow, max-snippet:-1, max-image-preview:large, max-video-preview:-1\" \/>\n<link rel=\"canonical\" href=\"https:\/\/www.visit-montenegro.com\/me\/destinacije\/niksic\/atrakcije\/jezero-krupac\/\" \/>\n<meta property=\"og:locale\" content=\"en_US\" \/>\n<meta property=\"og:type\" content=\"article\" \/>\n<meta property=\"og:title\" content=\"Jezero Krupac - Visit Montenegro\" \/>\n<meta property=\"og:description\" content=\"Istra\u017eite Jezero Krupac, slikovito ve\u0161ta\u010dko jezero u Nik\u0161i\u0107u. U\u017eivajte u pecanju, pla\u017eama, doga\u0111ajima i opu\u0161tanju u ovom prelepom crnogorskom odmori\u0161tu. Planirajte svoju posjetu danas!\" \/>\n<meta property=\"og:url\" content=\"https:\/\/www.visit-montenegro.com\/me\/destinacije\/niksic\/atrakcije\/jezero-krupac\/\" \/>\n<meta property=\"og:site_name\" content=\"Visit Montenegro\" \/>\n<meta property=\"article:publisher\" content=\"https:\/\/www.facebook.com\/visitmontenegro\" \/>\n<meta property=\"article:modified_time\" content=\"2026-02-22T15:59:53+00:00\" \/>\n<meta property=\"og:image\" content=\"https:\/\/www.visit-montenegro.com\/wp-content\/uploads\/2016\/03\/Slider-Krupac-02.jpg\" \/>\n\t<meta property=\"og:image:width\" content=\"1600\" \/>\n\t<meta property=\"og:image:height\" content=\"475\" \/>\n\t<meta property=\"og:image:type\" content=\"image\/jpeg\" \/>\n<meta name=\"twitter:card\" content=\"summary_large_image\" \/>\n<meta name=\"twitter:site\" content=\"@visitmontenegro\" \/>\n<meta name=\"twitter:label1\" content=\"Est. reading time\" \/>\n\t<meta name=\"twitter:data1\" content=\"1 minute\" \/>\n<script type=\"application\/ld+json\" class=\"yoast-schema-graph\">{\"@context\":\"https:\\\/\\\/schema.org\",\"@graph\":[{\"@type\":\"WebPage\",\"@id\":\"https:\\\/\\\/www.visit-montenegro.com\\\/me\\\/destinacije\\\/niksic\\\/atrakcije\\\/jezero-krupac\\\/\",\"url\":\"https:\\\/\\\/www.visit-montenegro.com\\\/me\\\/destinacije\\\/niksic\\\/atrakcije\\\/jezero-krupac\\\/\",\"name\":\"Jezero Krupac - Visit Montenegro\",\"isPartOf\":{\"@id\":\"https:\\\/\\\/www.visit-montenegro.com\\\/me\\\/#website\"},\"primaryImageOfPage\":{\"@id\":\"https:\\\/\\\/www.visit-montenegro.com\\\/me\\\/destinacije\\\/niksic\\\/atrakcije\\\/jezero-krupac\\\/#primaryimage\"},\"image\":{\"@id\":\"https:\\\/\\\/www.visit-montenegro.com\\\/me\\\/destinacije\\\/niksic\\\/atrakcije\\\/jezero-krupac\\\/#primaryimage\"},\"thumbnailUrl\":\"https:\\\/\\\/www.visit-montenegro.com\\\/wp-content\\\/uploads\\\/2016\\\/03\\\/Slider-Krupac-02.jpg\",\"datePublished\":\"2026-01-27T20:44:34+00:00\",\"dateModified\":\"2026-02-22T15:59:53+00:00\",\"description\":\"Istra\u017eite Jezero Krupac, slikovito ve\u0161ta\u010dko jezero u Nik\u0161i\u0107u. U\u017eivajte u pecanju, pla\u017eama, doga\u0111ajima i opu\u0161tanju u ovom prelepom crnogorskom odmori\u0161tu. Planirajte svoju posjetu danas!\",\"breadcrumb\":{\"@id\":\"https:\\\/\\\/www.visit-montenegro.com\\\/me\\\/destinacije\\\/niksic\\\/atrakcije\\\/jezero-krupac\\\/#breadcrumb\"},\"inLanguage\":\"sr-Latn-ME\",\"potentialAction\":[{\"@type\":\"ReadAction\",\"target\":[\"https:\\\/\\\/www.visit-montenegro.com\\\/me\\\/destinacije\\\/niksic\\\/atrakcije\\\/jezero-krupac\\\/\"]}]},{\"@type\":\"ImageObject\",\"inLanguage\":\"sr-Latn-ME\",\"@id\":\"https:\\\/\\\/www.visit-montenegro.com\\\/me\\\/destinacije\\\/niksic\\\/atrakcije\\\/jezero-krupac\\\/#primaryimage\",\"url\":\"https:\\\/\\\/www.visit-montenegro.com\\\/wp-content\\\/uploads\\\/2016\\\/03\\\/Slider-Krupac-02.jpg\",\"contentUrl\":\"https:\\\/\\\/www.visit-montenegro.com\\\/wp-content\\\/uploads\\\/2016\\\/03\\\/Slider-Krupac-02.jpg\",\"width\":1600,\"height\":475},{\"@type\":\"BreadcrumbList\",\"@id\":\"https:\\\/\\\/www.visit-montenegro.com\\\/me\\\/destinacije\\\/niksic\\\/atrakcije\\\/jezero-krupac\\\/#breadcrumb\",\"itemListElement\":[{\"@type\":\"ListItem\",\"position\":1,\"name\":\"Home\",\"item\":\"https:\\\/\\\/www.visit-montenegro.com\\\/me\\\/pocetna\\\/\"},{\"@type\":\"ListItem\",\"position\":2,\"name\":\"Turisti\u010dke destinacije u Crnoj Gori\",\"item\":\"https:\\\/\\\/www.visit-montenegro.com\\\/me\\\/destinacije\\\/\"},{\"@type\":\"ListItem\",\"position\":3,\"name\":\"Nik\u0161i\u0107\",\"item\":\"https:\\\/\\\/www.visit-montenegro.com\\\/me\\\/destinations\\\/niksic\\\/\"},{\"@type\":\"ListItem\",\"position\":4,\"name\":\"Nik\u0161i\u0107ke atrakcije\",\"item\":\"https:\\\/\\\/www.visit-montenegro.com\\\/me\\\/destinations\\\/niksic\\\/attractions\\\/\"},{\"@type\":\"ListItem\",\"position\":5,\"name\":\"Jezero Krupac\"}]},{\"@type\":\"WebSite\",\"@id\":\"https:\\\/\\\/www.visit-montenegro.com\\\/me\\\/#website\",\"url\":\"https:\\\/\\\/www.visit-montenegro.com\\\/me\\\/\",\"name\":\"Visit Montenegro\",\"description\":\"Breathtaking beauty\",\"publisher\":{\"@id\":\"https:\\\/\\\/www.visit-montenegro.com\\\/me\\\/#organization\"},\"potentialAction\":[{\"@type\":\"SearchAction\",\"target\":{\"@type\":\"EntryPoint\",\"urlTemplate\":\"https:\\\/\\\/www.visit-montenegro.com\\\/me\\\/?s={search_term_string}\"},\"query-input\":{\"@type\":\"PropertyValueSpecification\",\"valueRequired\":true,\"valueName\":\"search_term_string\"}}],\"inLanguage\":\"sr-Latn-ME\"},{\"@type\":\"Organization\",\"@id\":\"https:\\\/\\\/www.visit-montenegro.com\\\/me\\\/#organization\",\"name\":\"Visit Montenegro\",\"url\":\"https:\\\/\\\/www.visit-montenegro.com\\\/me\\\/\",\"logo\":{\"@type\":\"ImageObject\",\"inLanguage\":\"sr-Latn-ME\",\"@id\":\"https:\\\/\\\/www.visit-montenegro.com\\\/me\\\/#\\\/schema\\\/logo\\\/image\\\/\",\"url\":\"https:\\\/\\\/www.visit-montenegro.com\\\/wp-content\\\/uploads\\\/2017\\\/10\\\/logo-amp.png\",\"contentUrl\":\"https:\\\/\\\/www.visit-montenegro.com\\\/wp-content\\\/uploads\\\/2017\\\/10\\\/logo-amp.png\",\"width\":190,\"height\":36,\"caption\":\"Visit Montenegro\"},\"image\":{\"@id\":\"https:\\\/\\\/www.visit-montenegro.com\\\/me\\\/#\\\/schema\\\/logo\\\/image\\\/\"},\"sameAs\":[\"https:\\\/\\\/www.facebook.com\\\/visitmontenegro\",\"https:\\\/\\\/x.com\\\/visitmontenegro\",\"https:\\\/\\\/www.instagram.com\\\/visit_montenegro\\\/\",\"https:\\\/\\\/www.youtube.com\\\/user\\\/VisitMontenegro\"]}]}<\/script>\n<!-- \/ Yoast SEO plugin. -->","yoast_head_json":{"title":"Jezero Krupac - Visit Montenegro","description":"Istra\u017eite Jezero Krupac, slikovito ve\u0161ta\u010dko jezero u Nik\u0161i\u0107u. U\u017eivajte u pecanju, pla\u017eama, doga\u0111ajima i opu\u0161tanju u ovom prelepom crnogorskom odmori\u0161tu. Planirajte svoju posjetu danas!","robots":{"index":"index","follow":"follow","max-snippet":"max-snippet:-1","max-image-preview":"max-image-preview:large","max-video-preview":"max-video-preview:-1"},"canonical":"https:\/\/www.visit-montenegro.com\/me\/destinacije\/niksic\/atrakcije\/jezero-krupac\/","og_locale":"en_US","og_type":"article","og_title":"Jezero Krupac - Visit Montenegro","og_description":"Istra\u017eite Jezero Krupac, slikovito ve\u0161ta\u010dko jezero u Nik\u0161i\u0107u. U\u017eivajte u pecanju, pla\u017eama, doga\u0111ajima i opu\u0161tanju u ovom prelepom crnogorskom odmori\u0161tu. Planirajte svoju posjetu danas!","og_url":"https:\/\/www.visit-montenegro.com\/me\/destinacije\/niksic\/atrakcije\/jezero-krupac\/","og_site_name":"Visit Montenegro","article_publisher":"https:\/\/www.facebook.com\/visitmontenegro","article_modified_time":"2026-02-22T15:59:53+00:00","og_image":[{"width":1600,"height":475,"url":"https:\/\/www.visit-montenegro.com\/wp-content\/uploads\/2016\/03\/Slider-Krupac-02.jpg","type":"image\/jpeg"}],"twitter_card":"summary_large_image","twitter_site":"@visitmontenegro","twitter_misc":{"Est. reading time":"1 minute"},"schema":{"@context":"https:\/\/schema.org","@graph":[{"@type":"WebPage","@id":"https:\/\/www.visit-montenegro.com\/me\/destinacije\/niksic\/atrakcije\/jezero-krupac\/","url":"https:\/\/www.visit-montenegro.com\/me\/destinacije\/niksic\/atrakcije\/jezero-krupac\/","name":"Jezero Krupac - Visit Montenegro","isPartOf":{"@id":"https:\/\/www.visit-montenegro.com\/me\/#website"},"primaryImageOfPage":{"@id":"https:\/\/www.visit-montenegro.com\/me\/destinacije\/niksic\/atrakcije\/jezero-krupac\/#primaryimage"},"image":{"@id":"https:\/\/www.visit-montenegro.com\/me\/destinacije\/niksic\/atrakcije\/jezero-krupac\/#primaryimage"},"thumbnailUrl":"https:\/\/www.visit-montenegro.com\/wp-content\/uploads\/2016\/03\/Slider-Krupac-02.jpg","datePublished":"2026-01-27T20:44:34+00:00","dateModified":"2026-02-22T15:59:53+00:00","description":"Istra\u017eite Jezero Krupac, slikovito ve\u0161ta\u010dko jezero u Nik\u0161i\u0107u. U\u017eivajte u pecanju, pla\u017eama, doga\u0111ajima i opu\u0161tanju u ovom prelepom crnogorskom odmori\u0161tu. Planirajte svoju posjetu danas!","breadcrumb":{"@id":"https:\/\/www.visit-montenegro.com\/me\/destinacije\/niksic\/atrakcije\/jezero-krupac\/#breadcrumb"},"inLanguage":"sr-Latn-ME","potentialAction":[{"@type":"ReadAction","target":["https:\/\/www.visit-montenegro.com\/me\/destinacije\/niksic\/atrakcije\/jezero-krupac\/"]}]},{"@type":"ImageObject","inLanguage":"sr-Latn-ME","@id":"https:\/\/www.visit-montenegro.com\/me\/destinacije\/niksic\/atrakcije\/jezero-krupac\/#primaryimage","url":"https:\/\/www.visit-montenegro.com\/wp-content\/uploads\/2016\/03\/Slider-Krupac-02.jpg","contentUrl":"https:\/\/www.visit-montenegro.com\/wp-content\/uploads\/2016\/03\/Slider-Krupac-02.jpg","width":1600,"height":475},{"@type":"BreadcrumbList","@id":"https:\/\/www.visit-montenegro.com\/me\/destinacije\/niksic\/atrakcije\/jezero-krupac\/#breadcrumb","itemListElement":[{"@type":"ListItem","position":1,"name":"Home","item":"https:\/\/www.visit-montenegro.com\/me\/pocetna\/"},{"@type":"ListItem","position":2,"name":"Turisti\u010dke destinacije u Crnoj Gori","item":"https:\/\/www.visit-montenegro.com\/me\/destinacije\/"},{"@type":"ListItem","position":3,"name":"Nik\u0161i\u0107","item":"https:\/\/www.visit-montenegro.com\/me\/destinations\/niksic\/"},{"@type":"ListItem","position":4,"name":"Nik\u0161i\u0107ke atrakcije","item":"https:\/\/www.visit-montenegro.com\/me\/destinations\/niksic\/attractions\/"},{"@type":"ListItem","position":5,"name":"Jezero Krupac"}]},{"@type":"WebSite","@id":"https:\/\/www.visit-montenegro.com\/me\/#website","url":"https:\/\/www.visit-montenegro.com\/me\/","name":"Visit Montenegro","description":"Breathtaking beauty","publisher":{"@id":"https:\/\/www.visit-montenegro.com\/me\/#organization"},"potentialAction":[{"@type":"SearchAction","target":{"@type":"EntryPoint","urlTemplate":"https:\/\/www.visit-montenegro.com\/me\/?s={search_term_string}"},"query-input":{"@type":"PropertyValueSpecification","valueRequired":true,"valueName":"search_term_string"}}],"inLanguage":"sr-Latn-ME"},{"@type":"Organization","@id":"https:\/\/www.visit-montenegro.com\/me\/#organization","name":"Visit Montenegro","url":"https:\/\/www.visit-montenegro.com\/me\/","logo":{"@type":"ImageObject","inLanguage":"sr-Latn-ME","@id":"https:\/\/www.visit-montenegro.com\/me\/#\/schema\/logo\/image\/","url":"https:\/\/www.visit-montenegro.com\/wp-content\/uploads\/2017\/10\/logo-amp.png","contentUrl":"https:\/\/www.visit-montenegro.com\/wp-content\/uploads\/2017\/10\/logo-amp.png","width":190,"height":36,"caption":"Visit Montenegro"},"image":{"@id":"https:\/\/www.visit-montenegro.com\/me\/#\/schema\/logo\/image\/"},"sameAs":["https:\/\/www.facebook.com\/visitmontenegro","https:\/\/x.com\/visitmontenegro","https:\/\/www.instagram.com\/visit_montenegro\/","https:\/\/www.youtube.com\/user\/VisitMontenegro"]}]}},"translations":[],"_links":{"self":[{"href":"https:\/\/www.visit-montenegro.com\/me\/wp-json\/wp\/v2\/pages\/134497","targetHints":{"allow":["GET"]}}],"collection":[{"href":"https:\/\/www.visit-montenegro.com\/me\/wp-json\/wp\/v2\/pages"}],"about":[{"href":"https:\/\/www.visit-montenegro.com\/me\/wp-json\/wp\/v2\/types\/page"}],"author":[{"embeddable":true,"href":"https:\/\/www.visit-montenegro.com\/me\/wp-json\/wp\/v2\/users\/1"}],"replies":[{"embeddable":true,"href":"https:\/\/www.visit-montenegro.com\/me\/wp-json\/wp\/v2\/comments?post=134497"}],"version-history":[{"count":0,"href":"https:\/\/www.visit-montenegro.com\/me\/wp-json\/wp\/v2\/pages\/134497\/revisions"}],"up":[{"embeddable":true,"href":"https:\/\/www.visit-montenegro.com\/me\/wp-json\/wp\/v2\/pages\/134568"}],"wp:featuredmedia":[{"embeddable":true,"href":"https:\/\/www.visit-montenegro.com\/me\/wp-json\/wp\/v2\/media\/134498"}],"wp:attachment":[{"href":"https:\/\/www.visit-montenegro.com\/me\/wp-json\/wp\/v2\/media?parent=134497"}],"wp:term":[{"taxonomy":"post_tag","embeddable":true,"href":"https:\/\/www.visit-montenegro.com\/me\/wp-json\/wp\/v2\/tags?post=134497"}],"curies":[{"name":"wp","href":"https:\/\/api.w.org\/{rel}","templated":true}]}}