{"id":134509,"date":"2026-01-27T21:44:34","date_gmt":"2026-01-27T20:44:34","guid":{"rendered":"https:\/\/new.visit-montenegro.com\/slansko-jezero\/"},"modified":"2026-02-24T15:41:06","modified_gmt":"2026-02-24T14:41:06","slug":"slano-jezero","status":"publish","type":"page","link":"https:\/\/www.visit-montenegro.com\/me\/destinacije\/niksic\/atrakcije\/slano-jezero\/","title":{"rendered":"Slano jezero"},"content":{"rendered":"\n<p>Slano jezero je ve\u0161ta\u010dko akumulaciono jezero u blizini Nik\u0161i\u0107a, Crna Gora, stvoreno 1950. godine za hidroelektrane, poznato po svojim \u010distim vodama, neravnoj obali i bogatom biodiverzitetu, \u0161to ga \u010dini mirnom i slikovitom destinacijom.<\/p>\n\n<hr class=\"wp-block-separator has-alpha-channel-opacity\"\/>\n\n<h2 class=\"wp-block-heading\">Pregled i formiranje Slanog jezera<\/h2>\n\n<p>U okolini Nik\u0161i\u0107a nalaze se tri ve\u0161ta\u010dka jezera. Jedno od njih je <strong>Slano jezero<\/strong>, koje je stvoreno 1950. godine kako bi slu\u017eilo potrebama hidroelektrane Peru\u0107ica.<\/p>\n\n<p><strong>Slano jezero<\/strong> ima povr\u0161inu od 9 km\u00b2 i nalazi se u zapadnom dijelu Nik\u0161i\u0107kog polja, okru\u017eeno srednje visokim i visokim planinama. Obalna linija je neravna, sa mnogo ostrva i poluostrva, a vode jezera su nevjerovatno \u010diste i bistre. O\u010dara\u0107e vas divlja lepota jezera i netaknuta priroda, koja ga okru\u017euje obiljem biljnih i \u017eivotinjskih vrsta.<\/p>\n\n<figure class=\"wp-block-image size-large\"><img loading=\"lazy\" decoding=\"async\" width=\"1024\" height=\"365\" src=\"https:\/\/www.visit-montenegro.com\/wp-content\/uploads\/2026\/01\/niksic-lake-slano-03-1024x365.jpg\" alt=\"\" class=\"wp-image-36143\" srcset=\"https:\/\/www.visit-montenegro.com\/wp-content\/uploads\/2026\/01\/niksic-lake-slano-03-1024x365.jpg 1024w, https:\/\/www.visit-montenegro.com\/wp-content\/uploads\/2026\/01\/niksic-lake-slano-03-300x107.jpg 300w, https:\/\/www.visit-montenegro.com\/wp-content\/uploads\/2026\/01\/niksic-lake-slano-03-768x274.jpg 768w, https:\/\/www.visit-montenegro.com\/wp-content\/uploads\/2026\/01\/niksic-lake-slano-03-1536x548.jpg 1536w, https:\/\/www.visit-montenegro.com\/wp-content\/uploads\/2026\/01\/niksic-lake-slano-03-1200x428.jpg 1200w, https:\/\/www.visit-montenegro.com\/wp-content\/uploads\/2026\/01\/niksic-lake-slano-03-scaled.jpg 1600w\" sizes=\"auto, (max-width: 1024px) 100vw, 1024px\" \/><figcaption class=\"wp-element-caption\">Velika ve\u010dernja panorama Slanog jezera. Sun\u010dan dan, oblaci. <a href=\"https:\/\/www.visit-montenegro.com\/me\/destinacije\/niksic\/\">Nik\u0161i\u0107<\/a>. Crna Gora.<\/figcaption><\/figure>\n\n<h2 class=\"wp-block-heading\">Slikovita lepota i pristupa\u010dnost<\/h2>\n\n<p>Iako je ve\u0161ta\u010dka struktura (postoji brana na jednom kraju), <strong>Slano jezero<\/strong> sa svojim blistavim plavim vodama, niskim ostrvima i zelenim granicama pru\u017ea predivan pogled. Na obali se nalazi nekoliko malih sela, ali nema direktnog puta do vode; skrenite na bilo koji prilaz koji mo\u017eete prona\u0107i i spu\u0161tajte se krivudavim putem. Malo je vjerovatno da \u0107ete prona\u0107i vi\u0161e od nekoliko ljudi koji pecaju ili se sun\u010daju.<\/p>\n\n<p><strong>Slano jezero<\/strong> je lako dostupno, ali nije opremljeno infrastrukturom. Nakon Skadarskog jezera, to je najve\u0107e stani\u0161te ptica u Crnoj Gori. Kao rezultat toga, od svih ta\u010daka na svjetskoj turisti\u010dkoj mapi, britanski automobilski gigant JAGUAR ozna\u010dio je <strong>Slano jezero<\/strong> u blizini Nik\u0161i\u0107a 2016. godine sa svojim strmim, neravnim terenom i divljom prirodom oko jezera, kako bi testirao Jaguarov prvi terenski automobil F-pace.<\/p>\n","protected":false},"excerpt":{"rendered":"<p>Otkrijte Slano jezero, ve\u0161ta\u010dko jezero u blizini Nik\u0161i\u0107a, Crna Gora, formirano 1950. godine. Njegove \u010diste vode, neravna obala i bogata biodiverzitet nude miran bijeg, savr\u0161en za ljubitelje prirode i traga\u010de za avanturom.<\/p>\n","protected":false},"author":1,"featured_media":134510,"parent":134568,"menu_order":0,"comment_status":"closed","ping_status":"closed","template":"","meta":{"_yoast_wpseo_focuskw":"Slansko jezero","_yoast_wpseo_metadesc":"Istra\u017eite Slansko jezero u Crnoj Gori: mirno ve\u0161ta\u010dko jezero sa \u010distim vodama, divljom lepotom i bogatim \u017eivotinjskim svijetom. Idealno za mirne odmore i slikovite poglede.","_kad_post_transparent":"","_kad_post_title":"","_kad_post_layout":"","_kad_post_sidebar_id":"","_kad_post_content_style":"","_kad_post_vertical_padding":"","_kad_post_feature":"","_kad_post_feature_position":"","_kad_post_header":false,"_kad_post_footer":false,"_kad_post_classname":"","iawp_total_views":25,"footnotes":""},"tags":[],"class_list":["post-134509","page","type-page","status-publish","has-post-thumbnail","hentry"],"yoast_head":"<!-- This site is optimized with the Yoast SEO plugin v27.3 - https:\/\/yoast.com\/product\/yoast-seo-wordpress\/ -->\n<title>Slano jezero - Visit Montenegro<\/title>\n<meta name=\"description\" content=\"Istra\u017eite Slansko jezero u Crnoj Gori: mirno ve\u0161ta\u010dko jezero sa \u010distim vodama, divljom lepotom i bogatim \u017eivotinjskim svijetom. Idealno za mirne odmore i slikovite poglede.\" \/>\n<meta name=\"robots\" content=\"index, follow, max-snippet:-1, max-image-preview:large, max-video-preview:-1\" \/>\n<link rel=\"canonical\" href=\"https:\/\/www.visit-montenegro.com\/me\/destinacije\/niksic\/atrakcije\/slano-jezero\/\" \/>\n<meta property=\"og:locale\" content=\"en_US\" \/>\n<meta property=\"og:type\" content=\"article\" \/>\n<meta property=\"og:title\" content=\"Slano jezero - Visit Montenegro\" \/>\n<meta property=\"og:description\" content=\"Istra\u017eite Slansko jezero u Crnoj Gori: mirno ve\u0161ta\u010dko jezero sa \u010distim vodama, divljom lepotom i bogatim \u017eivotinjskim svijetom. Idealno za mirne odmore i slikovite poglede.\" \/>\n<meta property=\"og:url\" content=\"https:\/\/www.visit-montenegro.com\/me\/destinacije\/niksic\/atrakcije\/slano-jezero\/\" \/>\n<meta property=\"og:site_name\" content=\"Visit Montenegro\" \/>\n<meta property=\"article:publisher\" content=\"https:\/\/www.facebook.com\/visitmontenegro\" \/>\n<meta property=\"article:modified_time\" content=\"2026-02-24T14:41:06+00:00\" \/>\n<meta property=\"og:image\" content=\"https:\/\/www.visit-montenegro.com\/wp-content\/uploads\/2026\/01\/niksic-lake-slano-02-scaled.jpg\" \/>\n\t<meta property=\"og:image:width\" content=\"1600\" \/>\n\t<meta property=\"og:image:height\" content=\"1039\" \/>\n\t<meta property=\"og:image:type\" content=\"image\/jpeg\" \/>\n<meta name=\"twitter:card\" content=\"summary_large_image\" \/>\n<meta name=\"twitter:site\" content=\"@visitmontenegro\" \/>\n<meta name=\"twitter:label1\" content=\"Est. reading time\" \/>\n\t<meta name=\"twitter:data1\" content=\"1 minute\" \/>\n<script type=\"application\/ld+json\" class=\"yoast-schema-graph\">{\"@context\":\"https:\\\/\\\/schema.org\",\"@graph\":[{\"@type\":\"WebPage\",\"@id\":\"https:\\\/\\\/www.visit-montenegro.com\\\/me\\\/destinacije\\\/niksic\\\/atrakcije\\\/slano-jezero\\\/\",\"url\":\"https:\\\/\\\/www.visit-montenegro.com\\\/me\\\/destinacije\\\/niksic\\\/atrakcije\\\/slano-jezero\\\/\",\"name\":\"Slano jezero - Visit Montenegro\",\"isPartOf\":{\"@id\":\"https:\\\/\\\/www.visit-montenegro.com\\\/me\\\/#website\"},\"primaryImageOfPage\":{\"@id\":\"https:\\\/\\\/www.visit-montenegro.com\\\/me\\\/destinacije\\\/niksic\\\/atrakcije\\\/slano-jezero\\\/#primaryimage\"},\"image\":{\"@id\":\"https:\\\/\\\/www.visit-montenegro.com\\\/me\\\/destinacije\\\/niksic\\\/atrakcije\\\/slano-jezero\\\/#primaryimage\"},\"thumbnailUrl\":\"https:\\\/\\\/www.visit-montenegro.com\\\/wp-content\\\/uploads\\\/2026\\\/01\\\/niksic-lake-slano-02-scaled.jpg\",\"datePublished\":\"2026-01-27T20:44:34+00:00\",\"dateModified\":\"2026-02-24T14:41:06+00:00\",\"description\":\"Istra\u017eite Slansko jezero u Crnoj Gori: mirno ve\u0161ta\u010dko jezero sa \u010distim vodama, divljom lepotom i bogatim \u017eivotinjskim svijetom. Idealno za mirne odmore i slikovite poglede.\",\"breadcrumb\":{\"@id\":\"https:\\\/\\\/www.visit-montenegro.com\\\/me\\\/destinacije\\\/niksic\\\/atrakcije\\\/slano-jezero\\\/#breadcrumb\"},\"inLanguage\":\"sr-Latn-ME\",\"potentialAction\":[{\"@type\":\"ReadAction\",\"target\":[\"https:\\\/\\\/www.visit-montenegro.com\\\/me\\\/destinacije\\\/niksic\\\/atrakcije\\\/slano-jezero\\\/\"]}]},{\"@type\":\"ImageObject\",\"inLanguage\":\"sr-Latn-ME\",\"@id\":\"https:\\\/\\\/www.visit-montenegro.com\\\/me\\\/destinacije\\\/niksic\\\/atrakcije\\\/slano-jezero\\\/#primaryimage\",\"url\":\"https:\\\/\\\/www.visit-montenegro.com\\\/wp-content\\\/uploads\\\/2026\\\/01\\\/niksic-lake-slano-02-scaled.jpg\",\"contentUrl\":\"https:\\\/\\\/www.visit-montenegro.com\\\/wp-content\\\/uploads\\\/2026\\\/01\\\/niksic-lake-slano-02-scaled.jpg\",\"width\":1600,\"height\":1039},{\"@type\":\"BreadcrumbList\",\"@id\":\"https:\\\/\\\/www.visit-montenegro.com\\\/me\\\/destinacije\\\/niksic\\\/atrakcije\\\/slano-jezero\\\/#breadcrumb\",\"itemListElement\":[{\"@type\":\"ListItem\",\"position\":1,\"name\":\"Home\",\"item\":\"https:\\\/\\\/www.visit-montenegro.com\\\/me\\\/pocetna\\\/\"},{\"@type\":\"ListItem\",\"position\":2,\"name\":\"Turisti\u010dke destinacije u Crnoj Gori\",\"item\":\"https:\\\/\\\/www.visit-montenegro.com\\\/me\\\/destinacije\\\/\"},{\"@type\":\"ListItem\",\"position\":3,\"name\":\"Nik\u0161i\u0107\",\"item\":\"https:\\\/\\\/www.visit-montenegro.com\\\/me\\\/destinations\\\/niksic\\\/\"},{\"@type\":\"ListItem\",\"position\":4,\"name\":\"Nik\u0161i\u0107ke atrakcije\",\"item\":\"https:\\\/\\\/www.visit-montenegro.com\\\/me\\\/destinations\\\/niksic\\\/attractions\\\/\"},{\"@type\":\"ListItem\",\"position\":5,\"name\":\"Slano jezero\"}]},{\"@type\":\"WebSite\",\"@id\":\"https:\\\/\\\/www.visit-montenegro.com\\\/me\\\/#website\",\"url\":\"https:\\\/\\\/www.visit-montenegro.com\\\/me\\\/\",\"name\":\"Visit Montenegro\",\"description\":\"Breathtaking beauty\",\"publisher\":{\"@id\":\"https:\\\/\\\/www.visit-montenegro.com\\\/me\\\/#organization\"},\"potentialAction\":[{\"@type\":\"SearchAction\",\"target\":{\"@type\":\"EntryPoint\",\"urlTemplate\":\"https:\\\/\\\/www.visit-montenegro.com\\\/me\\\/?s={search_term_string}\"},\"query-input\":{\"@type\":\"PropertyValueSpecification\",\"valueRequired\":true,\"valueName\":\"search_term_string\"}}],\"inLanguage\":\"sr-Latn-ME\"},{\"@type\":\"Organization\",\"@id\":\"https:\\\/\\\/www.visit-montenegro.com\\\/me\\\/#organization\",\"name\":\"Visit Montenegro\",\"url\":\"https:\\\/\\\/www.visit-montenegro.com\\\/me\\\/\",\"logo\":{\"@type\":\"ImageObject\",\"inLanguage\":\"sr-Latn-ME\",\"@id\":\"https:\\\/\\\/www.visit-montenegro.com\\\/me\\\/#\\\/schema\\\/logo\\\/image\\\/\",\"url\":\"https:\\\/\\\/www.visit-montenegro.com\\\/wp-content\\\/uploads\\\/2017\\\/10\\\/logo-amp.png\",\"contentUrl\":\"https:\\\/\\\/www.visit-montenegro.com\\\/wp-content\\\/uploads\\\/2017\\\/10\\\/logo-amp.png\",\"width\":190,\"height\":36,\"caption\":\"Visit Montenegro\"},\"image\":{\"@id\":\"https:\\\/\\\/www.visit-montenegro.com\\\/me\\\/#\\\/schema\\\/logo\\\/image\\\/\"},\"sameAs\":[\"https:\\\/\\\/www.facebook.com\\\/visitmontenegro\",\"https:\\\/\\\/x.com\\\/visitmontenegro\",\"https:\\\/\\\/www.instagram.com\\\/visit_montenegro\\\/\",\"https:\\\/\\\/www.youtube.com\\\/user\\\/VisitMontenegro\"]}]}<\/script>\n<!-- \/ Yoast SEO plugin. -->","yoast_head_json":{"title":"Slano jezero - Visit Montenegro","description":"Istra\u017eite Slansko jezero u Crnoj Gori: mirno ve\u0161ta\u010dko jezero sa \u010distim vodama, divljom lepotom i bogatim \u017eivotinjskim svijetom. Idealno za mirne odmore i slikovite poglede.","robots":{"index":"index","follow":"follow","max-snippet":"max-snippet:-1","max-image-preview":"max-image-preview:large","max-video-preview":"max-video-preview:-1"},"canonical":"https:\/\/www.visit-montenegro.com\/me\/destinacije\/niksic\/atrakcije\/slano-jezero\/","og_locale":"en_US","og_type":"article","og_title":"Slano jezero - Visit Montenegro","og_description":"Istra\u017eite Slansko jezero u Crnoj Gori: mirno ve\u0161ta\u010dko jezero sa \u010distim vodama, divljom lepotom i bogatim \u017eivotinjskim svijetom. Idealno za mirne odmore i slikovite poglede.","og_url":"https:\/\/www.visit-montenegro.com\/me\/destinacije\/niksic\/atrakcije\/slano-jezero\/","og_site_name":"Visit Montenegro","article_publisher":"https:\/\/www.facebook.com\/visitmontenegro","article_modified_time":"2026-02-24T14:41:06+00:00","og_image":[{"width":1600,"height":1039,"url":"https:\/\/www.visit-montenegro.com\/wp-content\/uploads\/2026\/01\/niksic-lake-slano-02-scaled.jpg","type":"image\/jpeg"}],"twitter_card":"summary_large_image","twitter_site":"@visitmontenegro","twitter_misc":{"Est. reading time":"1 minute"},"schema":{"@context":"https:\/\/schema.org","@graph":[{"@type":"WebPage","@id":"https:\/\/www.visit-montenegro.com\/me\/destinacije\/niksic\/atrakcije\/slano-jezero\/","url":"https:\/\/www.visit-montenegro.com\/me\/destinacije\/niksic\/atrakcije\/slano-jezero\/","name":"Slano jezero - Visit Montenegro","isPartOf":{"@id":"https:\/\/www.visit-montenegro.com\/me\/#website"},"primaryImageOfPage":{"@id":"https:\/\/www.visit-montenegro.com\/me\/destinacije\/niksic\/atrakcije\/slano-jezero\/#primaryimage"},"image":{"@id":"https:\/\/www.visit-montenegro.com\/me\/destinacije\/niksic\/atrakcije\/slano-jezero\/#primaryimage"},"thumbnailUrl":"https:\/\/www.visit-montenegro.com\/wp-content\/uploads\/2026\/01\/niksic-lake-slano-02-scaled.jpg","datePublished":"2026-01-27T20:44:34+00:00","dateModified":"2026-02-24T14:41:06+00:00","description":"Istra\u017eite Slansko jezero u Crnoj Gori: mirno ve\u0161ta\u010dko jezero sa \u010distim vodama, divljom lepotom i bogatim \u017eivotinjskim svijetom. Idealno za mirne odmore i slikovite poglede.","breadcrumb":{"@id":"https:\/\/www.visit-montenegro.com\/me\/destinacije\/niksic\/atrakcije\/slano-jezero\/#breadcrumb"},"inLanguage":"sr-Latn-ME","potentialAction":[{"@type":"ReadAction","target":["https:\/\/www.visit-montenegro.com\/me\/destinacije\/niksic\/atrakcije\/slano-jezero\/"]}]},{"@type":"ImageObject","inLanguage":"sr-Latn-ME","@id":"https:\/\/www.visit-montenegro.com\/me\/destinacije\/niksic\/atrakcije\/slano-jezero\/#primaryimage","url":"https:\/\/www.visit-montenegro.com\/wp-content\/uploads\/2026\/01\/niksic-lake-slano-02-scaled.jpg","contentUrl":"https:\/\/www.visit-montenegro.com\/wp-content\/uploads\/2026\/01\/niksic-lake-slano-02-scaled.jpg","width":1600,"height":1039},{"@type":"BreadcrumbList","@id":"https:\/\/www.visit-montenegro.com\/me\/destinacije\/niksic\/atrakcije\/slano-jezero\/#breadcrumb","itemListElement":[{"@type":"ListItem","position":1,"name":"Home","item":"https:\/\/www.visit-montenegro.com\/me\/pocetna\/"},{"@type":"ListItem","position":2,"name":"Turisti\u010dke destinacije u Crnoj Gori","item":"https:\/\/www.visit-montenegro.com\/me\/destinacije\/"},{"@type":"ListItem","position":3,"name":"Nik\u0161i\u0107","item":"https:\/\/www.visit-montenegro.com\/me\/destinations\/niksic\/"},{"@type":"ListItem","position":4,"name":"Nik\u0161i\u0107ke atrakcije","item":"https:\/\/www.visit-montenegro.com\/me\/destinations\/niksic\/attractions\/"},{"@type":"ListItem","position":5,"name":"Slano jezero"}]},{"@type":"WebSite","@id":"https:\/\/www.visit-montenegro.com\/me\/#website","url":"https:\/\/www.visit-montenegro.com\/me\/","name":"Visit Montenegro","description":"Breathtaking beauty","publisher":{"@id":"https:\/\/www.visit-montenegro.com\/me\/#organization"},"potentialAction":[{"@type":"SearchAction","target":{"@type":"EntryPoint","urlTemplate":"https:\/\/www.visit-montenegro.com\/me\/?s={search_term_string}"},"query-input":{"@type":"PropertyValueSpecification","valueRequired":true,"valueName":"search_term_string"}}],"inLanguage":"sr-Latn-ME"},{"@type":"Organization","@id":"https:\/\/www.visit-montenegro.com\/me\/#organization","name":"Visit Montenegro","url":"https:\/\/www.visit-montenegro.com\/me\/","logo":{"@type":"ImageObject","inLanguage":"sr-Latn-ME","@id":"https:\/\/www.visit-montenegro.com\/me\/#\/schema\/logo\/image\/","url":"https:\/\/www.visit-montenegro.com\/wp-content\/uploads\/2017\/10\/logo-amp.png","contentUrl":"https:\/\/www.visit-montenegro.com\/wp-content\/uploads\/2017\/10\/logo-amp.png","width":190,"height":36,"caption":"Visit Montenegro"},"image":{"@id":"https:\/\/www.visit-montenegro.com\/me\/#\/schema\/logo\/image\/"},"sameAs":["https:\/\/www.facebook.com\/visitmontenegro","https:\/\/x.com\/visitmontenegro","https:\/\/www.instagram.com\/visit_montenegro\/","https:\/\/www.youtube.com\/user\/VisitMontenegro"]}]}},"translations":[],"_links":{"self":[{"href":"https:\/\/www.visit-montenegro.com\/me\/wp-json\/wp\/v2\/pages\/134509","targetHints":{"allow":["GET"]}}],"collection":[{"href":"https:\/\/www.visit-montenegro.com\/me\/wp-json\/wp\/v2\/pages"}],"about":[{"href":"https:\/\/www.visit-montenegro.com\/me\/wp-json\/wp\/v2\/types\/page"}],"author":[{"embeddable":true,"href":"https:\/\/www.visit-montenegro.com\/me\/wp-json\/wp\/v2\/users\/1"}],"replies":[{"embeddable":true,"href":"https:\/\/www.visit-montenegro.com\/me\/wp-json\/wp\/v2\/comments?post=134509"}],"version-history":[{"count":0,"href":"https:\/\/www.visit-montenegro.com\/me\/wp-json\/wp\/v2\/pages\/134509\/revisions"}],"up":[{"embeddable":true,"href":"https:\/\/www.visit-montenegro.com\/me\/wp-json\/wp\/v2\/pages\/134568"}],"wp:featuredmedia":[{"embeddable":true,"href":"https:\/\/www.visit-montenegro.com\/me\/wp-json\/wp\/v2\/media\/134510"}],"wp:attachment":[{"href":"https:\/\/www.visit-montenegro.com\/me\/wp-json\/wp\/v2\/media?parent=134509"}],"wp:term":[{"taxonomy":"post_tag","embeddable":true,"href":"https:\/\/www.visit-montenegro.com\/me\/wp-json\/wp\/v2\/tags?post=134509"}],"curies":[{"name":"wp","href":"https:\/\/api.w.org\/{rel}","templated":true}]}}