{"id":134519,"date":"2026-01-27T21:44:33","date_gmt":"2026-01-27T20:44:33","guid":{"rendered":"https:\/\/new.visit-montenegro.com\/manastir\/"},"modified":"2026-02-24T15:37:55","modified_gmt":"2026-02-24T14:37:55","slug":"cetinjski-manastir","status":"publish","type":"page","link":"https:\/\/www.visit-montenegro.com\/me\/destinacije\/cetinje\/atrakcije\/cetinjski-manastir\/","title":{"rendered":"Cetinjski manastir"},"content":{"rendered":"\n<p>Cetinjski manastir je religijski centar u Cetinju, Crna Gora, koji morate posjetiti, poznat po svom duhovnom zna\u010daju, istorijskoj arhitekturi i kulturnom blagu, \u0161to ga \u010dini klju\u010dnom destinacijom za turiste i hodo\u010dasnike.<\/p>\n\n<hr class=\"wp-block-separator has-alpha-channel-opacity\"\/>\n\n<h2 class=\"wp-block-heading\">Posjeta Cetinjskom manastiru<\/h2>\n\n<p>To je mjesto koje neizbje\u017eno morate posjetiti tokom va\u0161eg prvog upoznavanja sa Cetinjem. <strong>Cetinjski manastir<\/strong> je jedan od naj\u010de\u0161\u0107e posje\u0107enih religijskih centara grada.<\/p>\n\n<p>Do <strong>Cetinjskog manastira<\/strong> nije te\u0161ko do\u0107i. Kada se iz centra Cetinja uputite ka Kraljevom dvoru, samo idete malo dalje, skrenete desno i prolaze\u0107i pored manastira na Cipuru sti\u017eete do <strong>Cetinjskog manastira<\/strong>. Turisti, kao i religiozni ljudi, prvo se poklone ostacima Svetog Petra ili jednostavno posmatraju enterijer manastira. Osim predivnih ikona, ikonostasa, relikvijara, impresivna i misti\u010dna se \u010dini \u0161krinja u kojoj se \u010duvaju ostaci pomenutog sveca i prekriveni su tamnocrvenim vodootpornim platnom, na koje je postavljen jedan zlatni krst. To mjesto izgleda i duhovno i misti\u010dno, ali i obavezuju\u0107e za sve one \u010diji je izbor da posjete ovu destinaciju.<\/p>\n\n<p><strong>Cetinjski manastir<\/strong> se nalazi u podno\u017eju Orlovog kr\u0161a, na mjestu na kojem se, kako se smatra, nalazio dvor Ivana Crnojevi\u0107a, za koga se vjeruje da je osniva\u010d Cetinja. U prodavnici manastira mo\u017eete kupiti razne suvenire, sve\u0107e, crkvene predmete, brojanice, sveto ulje, tamjan, knjige sa molitvama i pravoslavnim studijama, kao i mnoge druge suvenire.<\/p>\n\n<figure class=\"wp-block-image size-large\"><img loading=\"lazy\" decoding=\"async\" width=\"1024\" height=\"681\" src=\"https:\/\/www.visit-montenegro.com\/wp-content\/uploads\/2026\/01\/cetinje-monastery-1024x681.jpg\" alt=\"\" class=\"wp-image-36027\" srcset=\"https:\/\/www.visit-montenegro.com\/wp-content\/uploads\/2026\/01\/cetinje-monastery-1024x681.jpg 1024w, https:\/\/www.visit-montenegro.com\/wp-content\/uploads\/2026\/01\/cetinje-monastery-300x200.jpg 300w, https:\/\/www.visit-montenegro.com\/wp-content\/uploads\/2026\/01\/cetinje-monastery-768x511.jpg 768w, https:\/\/www.visit-montenegro.com\/wp-content\/uploads\/2026\/01\/cetinje-monastery-1536x1022.jpg 1536w, https:\/\/www.visit-montenegro.com\/wp-content\/uploads\/2026\/01\/cetinje-monastery-1200x798.jpg 1200w, https:\/\/www.visit-montenegro.com\/wp-content\/uploads\/2026\/01\/cetinje-monastery-scaled.jpg 1600w\" sizes=\"auto, (max-width: 1024px) 100vw, 1024px\" \/><figcaption class=\"wp-element-caption\">Drevni Manastir Ro\u0111enja Presvete Bogorodice u Cetinju, popularno turisti\u010dko mjesto u Crnoj Gori.<\/figcaption><\/figure>\n\n<h2 class=\"wp-block-heading\">Istorija i arhitektura Cetinjskog manastira<\/h2>\n\n<p><strong>Cetinjski manastir<\/strong> je izgra\u0111en 1701. godine u periodu vladavine Danila Petrovi\u0107a, duhovnog i svjetovnog vladara biv\u0161e Crne Gore, koji je u manastir ugradio arhitektonske elemente iz ru\u0161evnog manastira Crnojevi\u0107a. Manastirski kompleks je postao centar duhovnog, kulturnog i politi\u010dkog \u017eivota Crne Gore. Vi\u0161e puta su ga opusto\u0161ili Turci, ali je tako\u0111e obnavljan i dogra\u0111ivan vi\u0161e puta, uglavnom prilago\u0111avaju\u0107i svoju arhitekturu konfiguraciji terena.<\/p>\n\n<p>Posljednja temeljita obnova manastira trajala je 2 godine, a dogodila se u periodu od 1925. do 1927. godine.<\/p>\n\n<p>Jezgro kompleksa tog manastira \u010dini jedna transeptna crkva skromnih dimenzija posve\u0107ena Ro\u0111enju Presvete Bogorodice, u kojoj se nalazi ikonostas iz sredine XIX vijeka, umjetni\u010dko djelo gr\u010dkih majstora.<\/p>\n\n<p>U ju\u017enom koru crkve postavljena je relikvija sa ostacima Svetog Petra Cetinjskog, dok su pored samog ulaza u manastir grobovi kneza Danila i velikog vojvode Mirka, oca kralja Nikole I Petrovi\u0107a.<\/p>\n\n<p>Sa sjeverne strane crkve, pored stijene, nalazi se \u0107elija Svetog Petra, a ju\u017eno od crkve izgra\u0111ene su dvospratne spava\u0107e odaje. U takozvanim Njego\u0161evim spava\u0107im odajama, smje\u0161ten je manastirski muzej, koji po svom bogatstvu i raznolikosti eksponata predstavlja najzna\u010dajniju muzejsku instituciju te vrste u Crnoj Gori. <strong>Cetinjski manastir<\/strong>, skladnog arhitektonskog entiteta, poznatiji kao manastir Svetog Petra, godinama je simbol crnogorske duhovnosti, slobodne misli i obrazovanja.<\/p>\n","protected":false},"excerpt":{"rendered":"<p>Otkrijte Cetinjski manastir, klju\u010dno duhovno i istorijsko mjesto u Crnoj Gori. Istra\u017eite njegovu bogatu arhitekturu, kulturno blago i zna\u010daj kao simbol crnogorske ba\u0161tine. Planirajte svoj posjet ovoj destinaciji koju morate vidjeti za autenti\u010dno iskustvo.<\/p>\n","protected":false},"author":1,"featured_media":134520,"parent":134806,"menu_order":0,"comment_status":"closed","ping_status":"closed","template":"","meta":{"_yoast_wpseo_focuskw":"Cetinjski manastir","_yoast_wpseo_metadesc":"Istra\u017eiteCetinjski manastir u Crnoj Gori: istorijski duhovni centar sa zadivljuju\u0107om arhitekturom, kulturnim blagom i bogatom ba\u0161tinom. Planirajte svoj posjet danas!","_kad_post_transparent":"","_kad_post_title":"","_kad_post_layout":"","_kad_post_sidebar_id":"","_kad_post_content_style":"","_kad_post_vertical_padding":"","_kad_post_feature":"","_kad_post_feature_position":"","_kad_post_header":false,"_kad_post_footer":false,"_kad_post_classname":"","iawp_total_views":17,"footnotes":""},"tags":[],"class_list":["post-134519","page","type-page","status-publish","has-post-thumbnail","hentry"],"yoast_head":"<!-- This site is optimized with the Yoast SEO plugin v27.3 - https:\/\/yoast.com\/product\/yoast-seo-wordpress\/ -->\n<title>Cetinjski manastir - Visit Montenegro<\/title>\n<meta name=\"description\" content=\"Istra\u017eiteCetinjski manastir u Crnoj Gori: istorijski duhovni centar sa zadivljuju\u0107om arhitekturom, kulturnim blagom i bogatom ba\u0161tinom. Planirajte svoj posjet danas!\" \/>\n<meta name=\"robots\" content=\"index, follow, max-snippet:-1, max-image-preview:large, max-video-preview:-1\" \/>\n<link rel=\"canonical\" href=\"https:\/\/www.visit-montenegro.com\/me\/destinacije\/cetinje\/atrakcije\/cetinjski-manastir\/\" \/>\n<meta property=\"og:locale\" content=\"en_US\" \/>\n<meta property=\"og:type\" content=\"article\" \/>\n<meta property=\"og:title\" content=\"Cetinjski manastir - Visit Montenegro\" \/>\n<meta property=\"og:description\" content=\"Istra\u017eiteCetinjski manastir u Crnoj Gori: istorijski duhovni centar sa zadivljuju\u0107om arhitekturom, kulturnim blagom i bogatom ba\u0161tinom. Planirajte svoj posjet danas!\" \/>\n<meta property=\"og:url\" content=\"https:\/\/www.visit-montenegro.com\/me\/destinacije\/cetinje\/atrakcije\/cetinjski-manastir\/\" \/>\n<meta property=\"og:site_name\" content=\"Visit Montenegro\" \/>\n<meta property=\"article:publisher\" content=\"https:\/\/www.facebook.com\/visitmontenegro\" \/>\n<meta property=\"article:modified_time\" content=\"2026-02-24T14:37:55+00:00\" \/>\n<meta property=\"og:image\" content=\"https:\/\/www.visit-montenegro.com\/wp-content\/uploads\/2014\/06\/Portfolio-_0003_Cetinje-Monastery-02.jpg\" \/>\n\t<meta property=\"og:image:width\" content=\"1280\" \/>\n\t<meta property=\"og:image:height\" content=\"720\" \/>\n\t<meta property=\"og:image:type\" content=\"image\/jpeg\" \/>\n<meta name=\"twitter:card\" content=\"summary_large_image\" \/>\n<meta name=\"twitter:site\" content=\"@visitmontenegro\" \/>\n<meta name=\"twitter:label1\" content=\"Est. reading time\" \/>\n\t<meta name=\"twitter:data1\" content=\"2 minutes\" \/>\n<script type=\"application\/ld+json\" class=\"yoast-schema-graph\">{\"@context\":\"https:\\\/\\\/schema.org\",\"@graph\":[{\"@type\":\"WebPage\",\"@id\":\"https:\\\/\\\/www.visit-montenegro.com\\\/me\\\/destinacije\\\/cetinje\\\/atrakcije\\\/cetinjski-manastir\\\/\",\"url\":\"https:\\\/\\\/www.visit-montenegro.com\\\/me\\\/destinacije\\\/cetinje\\\/atrakcije\\\/cetinjski-manastir\\\/\",\"name\":\"Cetinjski manastir - Visit Montenegro\",\"isPartOf\":{\"@id\":\"https:\\\/\\\/www.visit-montenegro.com\\\/me\\\/#website\"},\"primaryImageOfPage\":{\"@id\":\"https:\\\/\\\/www.visit-montenegro.com\\\/me\\\/destinacije\\\/cetinje\\\/atrakcije\\\/cetinjski-manastir\\\/#primaryimage\"},\"image\":{\"@id\":\"https:\\\/\\\/www.visit-montenegro.com\\\/me\\\/destinacije\\\/cetinje\\\/atrakcije\\\/cetinjski-manastir\\\/#primaryimage\"},\"thumbnailUrl\":\"https:\\\/\\\/www.visit-montenegro.com\\\/wp-content\\\/uploads\\\/2014\\\/06\\\/Portfolio-_0003_Cetinje-Monastery-02.jpg\",\"datePublished\":\"2026-01-27T20:44:33+00:00\",\"dateModified\":\"2026-02-24T14:37:55+00:00\",\"description\":\"Istra\u017eiteCetinjski manastir u Crnoj Gori: istorijski duhovni centar sa zadivljuju\u0107om arhitekturom, kulturnim blagom i bogatom ba\u0161tinom. Planirajte svoj posjet danas!\",\"breadcrumb\":{\"@id\":\"https:\\\/\\\/www.visit-montenegro.com\\\/me\\\/destinacije\\\/cetinje\\\/atrakcije\\\/cetinjski-manastir\\\/#breadcrumb\"},\"inLanguage\":\"sr-Latn-ME\",\"potentialAction\":[{\"@type\":\"ReadAction\",\"target\":[\"https:\\\/\\\/www.visit-montenegro.com\\\/me\\\/destinacije\\\/cetinje\\\/atrakcije\\\/cetinjski-manastir\\\/\"]}]},{\"@type\":\"ImageObject\",\"inLanguage\":\"sr-Latn-ME\",\"@id\":\"https:\\\/\\\/www.visit-montenegro.com\\\/me\\\/destinacije\\\/cetinje\\\/atrakcije\\\/cetinjski-manastir\\\/#primaryimage\",\"url\":\"https:\\\/\\\/www.visit-montenegro.com\\\/wp-content\\\/uploads\\\/2014\\\/06\\\/Portfolio-_0003_Cetinje-Monastery-02.jpg\",\"contentUrl\":\"https:\\\/\\\/www.visit-montenegro.com\\\/wp-content\\\/uploads\\\/2014\\\/06\\\/Portfolio-_0003_Cetinje-Monastery-02.jpg\",\"width\":1280,\"height\":720},{\"@type\":\"BreadcrumbList\",\"@id\":\"https:\\\/\\\/www.visit-montenegro.com\\\/me\\\/destinacije\\\/cetinje\\\/atrakcije\\\/cetinjski-manastir\\\/#breadcrumb\",\"itemListElement\":[{\"@type\":\"ListItem\",\"position\":1,\"name\":\"Home\",\"item\":\"https:\\\/\\\/www.visit-montenegro.com\\\/me\\\/pocetna\\\/\"},{\"@type\":\"ListItem\",\"position\":2,\"name\":\"Turisti\u010dke destinacije u Crnoj Gori\",\"item\":\"https:\\\/\\\/www.visit-montenegro.com\\\/me\\\/destinacije\\\/\"},{\"@type\":\"ListItem\",\"position\":3,\"name\":\"Cetinje\",\"item\":\"https:\\\/\\\/www.visit-montenegro.com\\\/me\\\/destinations\\\/cetinje\\\/\"},{\"@type\":\"ListItem\",\"position\":4,\"name\":\"Cetinje atrakcije\",\"item\":\"https:\\\/\\\/www.visit-montenegro.com\\\/me\\\/destinations\\\/cetinje\\\/attractions\\\/\"},{\"@type\":\"ListItem\",\"position\":5,\"name\":\"Cetinjski manastir\"}]},{\"@type\":\"WebSite\",\"@id\":\"https:\\\/\\\/www.visit-montenegro.com\\\/me\\\/#website\",\"url\":\"https:\\\/\\\/www.visit-montenegro.com\\\/me\\\/\",\"name\":\"Visit Montenegro\",\"description\":\"Breathtaking beauty\",\"publisher\":{\"@id\":\"https:\\\/\\\/www.visit-montenegro.com\\\/me\\\/#organization\"},\"potentialAction\":[{\"@type\":\"SearchAction\",\"target\":{\"@type\":\"EntryPoint\",\"urlTemplate\":\"https:\\\/\\\/www.visit-montenegro.com\\\/me\\\/?s={search_term_string}\"},\"query-input\":{\"@type\":\"PropertyValueSpecification\",\"valueRequired\":true,\"valueName\":\"search_term_string\"}}],\"inLanguage\":\"sr-Latn-ME\"},{\"@type\":\"Organization\",\"@id\":\"https:\\\/\\\/www.visit-montenegro.com\\\/me\\\/#organization\",\"name\":\"Visit Montenegro\",\"url\":\"https:\\\/\\\/www.visit-montenegro.com\\\/me\\\/\",\"logo\":{\"@type\":\"ImageObject\",\"inLanguage\":\"sr-Latn-ME\",\"@id\":\"https:\\\/\\\/www.visit-montenegro.com\\\/me\\\/#\\\/schema\\\/logo\\\/image\\\/\",\"url\":\"https:\\\/\\\/www.visit-montenegro.com\\\/wp-content\\\/uploads\\\/2017\\\/10\\\/logo-amp.png\",\"contentUrl\":\"https:\\\/\\\/www.visit-montenegro.com\\\/wp-content\\\/uploads\\\/2017\\\/10\\\/logo-amp.png\",\"width\":190,\"height\":36,\"caption\":\"Visit Montenegro\"},\"image\":{\"@id\":\"https:\\\/\\\/www.visit-montenegro.com\\\/me\\\/#\\\/schema\\\/logo\\\/image\\\/\"},\"sameAs\":[\"https:\\\/\\\/www.facebook.com\\\/visitmontenegro\",\"https:\\\/\\\/x.com\\\/visitmontenegro\",\"https:\\\/\\\/www.instagram.com\\\/visit_montenegro\\\/\",\"https:\\\/\\\/www.youtube.com\\\/user\\\/VisitMontenegro\"]}]}<\/script>\n<!-- \/ Yoast SEO plugin. -->","yoast_head_json":{"title":"Cetinjski manastir - Visit Montenegro","description":"Istra\u017eiteCetinjski manastir u Crnoj Gori: istorijski duhovni centar sa zadivljuju\u0107om arhitekturom, kulturnim blagom i bogatom ba\u0161tinom. Planirajte svoj posjet danas!","robots":{"index":"index","follow":"follow","max-snippet":"max-snippet:-1","max-image-preview":"max-image-preview:large","max-video-preview":"max-video-preview:-1"},"canonical":"https:\/\/www.visit-montenegro.com\/me\/destinacije\/cetinje\/atrakcije\/cetinjski-manastir\/","og_locale":"en_US","og_type":"article","og_title":"Cetinjski manastir - Visit Montenegro","og_description":"Istra\u017eiteCetinjski manastir u Crnoj Gori: istorijski duhovni centar sa zadivljuju\u0107om arhitekturom, kulturnim blagom i bogatom ba\u0161tinom. Planirajte svoj posjet danas!","og_url":"https:\/\/www.visit-montenegro.com\/me\/destinacije\/cetinje\/atrakcije\/cetinjski-manastir\/","og_site_name":"Visit Montenegro","article_publisher":"https:\/\/www.facebook.com\/visitmontenegro","article_modified_time":"2026-02-24T14:37:55+00:00","og_image":[{"width":1280,"height":720,"url":"https:\/\/www.visit-montenegro.com\/wp-content\/uploads\/2014\/06\/Portfolio-_0003_Cetinje-Monastery-02.jpg","type":"image\/jpeg"}],"twitter_card":"summary_large_image","twitter_site":"@visitmontenegro","twitter_misc":{"Est. reading time":"2 minutes"},"schema":{"@context":"https:\/\/schema.org","@graph":[{"@type":"WebPage","@id":"https:\/\/www.visit-montenegro.com\/me\/destinacije\/cetinje\/atrakcije\/cetinjski-manastir\/","url":"https:\/\/www.visit-montenegro.com\/me\/destinacije\/cetinje\/atrakcije\/cetinjski-manastir\/","name":"Cetinjski manastir - Visit Montenegro","isPartOf":{"@id":"https:\/\/www.visit-montenegro.com\/me\/#website"},"primaryImageOfPage":{"@id":"https:\/\/www.visit-montenegro.com\/me\/destinacije\/cetinje\/atrakcije\/cetinjski-manastir\/#primaryimage"},"image":{"@id":"https:\/\/www.visit-montenegro.com\/me\/destinacije\/cetinje\/atrakcije\/cetinjski-manastir\/#primaryimage"},"thumbnailUrl":"https:\/\/www.visit-montenegro.com\/wp-content\/uploads\/2014\/06\/Portfolio-_0003_Cetinje-Monastery-02.jpg","datePublished":"2026-01-27T20:44:33+00:00","dateModified":"2026-02-24T14:37:55+00:00","description":"Istra\u017eiteCetinjski manastir u Crnoj Gori: istorijski duhovni centar sa zadivljuju\u0107om arhitekturom, kulturnim blagom i bogatom ba\u0161tinom. Planirajte svoj posjet danas!","breadcrumb":{"@id":"https:\/\/www.visit-montenegro.com\/me\/destinacije\/cetinje\/atrakcije\/cetinjski-manastir\/#breadcrumb"},"inLanguage":"sr-Latn-ME","potentialAction":[{"@type":"ReadAction","target":["https:\/\/www.visit-montenegro.com\/me\/destinacije\/cetinje\/atrakcije\/cetinjski-manastir\/"]}]},{"@type":"ImageObject","inLanguage":"sr-Latn-ME","@id":"https:\/\/www.visit-montenegro.com\/me\/destinacije\/cetinje\/atrakcije\/cetinjski-manastir\/#primaryimage","url":"https:\/\/www.visit-montenegro.com\/wp-content\/uploads\/2014\/06\/Portfolio-_0003_Cetinje-Monastery-02.jpg","contentUrl":"https:\/\/www.visit-montenegro.com\/wp-content\/uploads\/2014\/06\/Portfolio-_0003_Cetinje-Monastery-02.jpg","width":1280,"height":720},{"@type":"BreadcrumbList","@id":"https:\/\/www.visit-montenegro.com\/me\/destinacije\/cetinje\/atrakcije\/cetinjski-manastir\/#breadcrumb","itemListElement":[{"@type":"ListItem","position":1,"name":"Home","item":"https:\/\/www.visit-montenegro.com\/me\/pocetna\/"},{"@type":"ListItem","position":2,"name":"Turisti\u010dke destinacije u Crnoj Gori","item":"https:\/\/www.visit-montenegro.com\/me\/destinacije\/"},{"@type":"ListItem","position":3,"name":"Cetinje","item":"https:\/\/www.visit-montenegro.com\/me\/destinations\/cetinje\/"},{"@type":"ListItem","position":4,"name":"Cetinje atrakcije","item":"https:\/\/www.visit-montenegro.com\/me\/destinations\/cetinje\/attractions\/"},{"@type":"ListItem","position":5,"name":"Cetinjski manastir"}]},{"@type":"WebSite","@id":"https:\/\/www.visit-montenegro.com\/me\/#website","url":"https:\/\/www.visit-montenegro.com\/me\/","name":"Visit Montenegro","description":"Breathtaking beauty","publisher":{"@id":"https:\/\/www.visit-montenegro.com\/me\/#organization"},"potentialAction":[{"@type":"SearchAction","target":{"@type":"EntryPoint","urlTemplate":"https:\/\/www.visit-montenegro.com\/me\/?s={search_term_string}"},"query-input":{"@type":"PropertyValueSpecification","valueRequired":true,"valueName":"search_term_string"}}],"inLanguage":"sr-Latn-ME"},{"@type":"Organization","@id":"https:\/\/www.visit-montenegro.com\/me\/#organization","name":"Visit Montenegro","url":"https:\/\/www.visit-montenegro.com\/me\/","logo":{"@type":"ImageObject","inLanguage":"sr-Latn-ME","@id":"https:\/\/www.visit-montenegro.com\/me\/#\/schema\/logo\/image\/","url":"https:\/\/www.visit-montenegro.com\/wp-content\/uploads\/2017\/10\/logo-amp.png","contentUrl":"https:\/\/www.visit-montenegro.com\/wp-content\/uploads\/2017\/10\/logo-amp.png","width":190,"height":36,"caption":"Visit Montenegro"},"image":{"@id":"https:\/\/www.visit-montenegro.com\/me\/#\/schema\/logo\/image\/"},"sameAs":["https:\/\/www.facebook.com\/visitmontenegro","https:\/\/x.com\/visitmontenegro","https:\/\/www.instagram.com\/visit_montenegro\/","https:\/\/www.youtube.com\/user\/VisitMontenegro"]}]}},"translations":[],"_links":{"self":[{"href":"https:\/\/www.visit-montenegro.com\/me\/wp-json\/wp\/v2\/pages\/134519","targetHints":{"allow":["GET"]}}],"collection":[{"href":"https:\/\/www.visit-montenegro.com\/me\/wp-json\/wp\/v2\/pages"}],"about":[{"href":"https:\/\/www.visit-montenegro.com\/me\/wp-json\/wp\/v2\/types\/page"}],"author":[{"embeddable":true,"href":"https:\/\/www.visit-montenegro.com\/me\/wp-json\/wp\/v2\/users\/1"}],"replies":[{"embeddable":true,"href":"https:\/\/www.visit-montenegro.com\/me\/wp-json\/wp\/v2\/comments?post=134519"}],"version-history":[{"count":0,"href":"https:\/\/www.visit-montenegro.com\/me\/wp-json\/wp\/v2\/pages\/134519\/revisions"}],"up":[{"embeddable":true,"href":"https:\/\/www.visit-montenegro.com\/me\/wp-json\/wp\/v2\/pages\/134806"}],"wp:featuredmedia":[{"embeddable":true,"href":"https:\/\/www.visit-montenegro.com\/me\/wp-json\/wp\/v2\/media\/134520"}],"wp:attachment":[{"href":"https:\/\/www.visit-montenegro.com\/me\/wp-json\/wp\/v2\/media?parent=134519"}],"wp:term":[{"taxonomy":"post_tag","embeddable":true,"href":"https:\/\/www.visit-montenegro.com\/me\/wp-json\/wp\/v2\/tags?post=134519"}],"curies":[{"name":"wp","href":"https:\/\/api.w.org\/{rel}","templated":true}]}}