{"id":134525,"date":"2026-01-27T21:44:33","date_gmt":"2026-01-27T20:44:33","guid":{"rendered":"https:\/\/new.visit-montenegro.com\/bilijar-palata\/"},"modified":"2026-02-24T15:43:42","modified_gmt":"2026-02-24T14:43:42","slug":"biljarda","status":"publish","type":"page","link":"https:\/\/www.visit-montenegro.com\/me\/destinacije\/cetinje\/atrakcije\/biljarda\/","title":{"rendered":"Biljarda"},"content":{"rendered":"\n<p>Biljarda u Cetinju, poznata i kao Njego\u0161eva bilijarska dvorana, je istorijska kamena zgrada u blizini manastira <a href=\"https:\/\/www.visit-montenegro.com\/me\/destinacije\/cetinje\/\">Cetinje<\/a>, izgra\u0111ena 1838. uz rusku pomo\u0107. Slu\u017eila je kao rezidencija, dr\u017eavna institucija, a sada u njoj je Njego\u0161ev muzej, sa bilijarskim stolom iz 1839. i reljefnom kartom Crne Gore.<\/p>\n\n<hr class=\"wp-block-separator has-alpha-channel-opacity\"\/>\n\n<h2 class=\"wp-block-heading\">Istorija i arhitektura Bilijar Palate<\/h2>\n\n<p>U neposrednoj blizini manastira Cetinje, mo\u017eemo vidjeti da se nalazi Njego\u0161eva rezidencija, poznatija kao <strong>Biljarda<\/strong>, izgra\u0111ena 1838. uz zna\u010dajnu finansijsku pomo\u0107 Rusije i po planu ruskog emisara arhitekte Jakova Ozereckovskog. Prvobitno nazvana Nova Ku\u0107a, ubrzo je dobila ime Njego\u0161eva bilijarska dvorana nakon dolaska bilijarskog stola u Cetinje. Njen izgled odgovara arhitektonskom konceptu srednjovjekovnog zamka. <strong>Bilijar Palata<\/strong> ima oblik pravougaone kamene zgrade sa spratom; skromno je obra\u0111ena, pokrivena olovom, okru\u017eena velikim kamenim zidom sa okruglim kulama u uglovima i kapijama sa svih strana. Zaista, u <strong>Bilijar Palati<\/strong> ima 25 soba, sa 11 na prizemlju i 14 na spratu.<\/p>\n\n<p>Najzanimljivije za turiste je najve\u0107a soba u <strong>Biljardi<\/strong>, gdje se danas \u010duva Njego\u0161ev bilijarski sto. Prvi bilijarski sto u Cetinju stigao je iz Be\u010da 1839. godine, finansiran od Rusije, sa kojom je Crna Gora imala va\u017ene diplomatske i vojne odnose. Pored svog knji\u017eevnog rada i diplomatije, Njego\u0161 je bio veliki ljubitelj ga\u0111anja i bilijara, \u010desto pobje\u0111uju\u0107i protivnike.<\/p>\n\n<figure class=\"wp-block-image size-large\"><img loading=\"lazy\" decoding=\"async\" width=\"1024\" height=\"681\" src=\"https:\/\/www.visit-montenegro.com\/wp-content\/uploads\/2026\/01\/cetinje-biljarda-02-1024x681.jpg\" alt=\"\" class=\"wp-image-36024\" srcset=\"https:\/\/www.visit-montenegro.com\/wp-content\/uploads\/2026\/01\/cetinje-biljarda-02-1024x681.jpg 1024w, https:\/\/www.visit-montenegro.com\/wp-content\/uploads\/2026\/01\/cetinje-biljarda-02-300x200.jpg 300w, https:\/\/www.visit-montenegro.com\/wp-content\/uploads\/2026\/01\/cetinje-biljarda-02-768x511.jpg 768w, https:\/\/www.visit-montenegro.com\/wp-content\/uploads\/2026\/01\/cetinje-biljarda-02-1536x1022.jpg 1536w, https:\/\/www.visit-montenegro.com\/wp-content\/uploads\/2026\/01\/cetinje-biljarda-02-1200x798.jpg 1200w, https:\/\/www.visit-montenegro.com\/wp-content\/uploads\/2026\/01\/cetinje-biljarda-02-scaled.jpg 1600w\" sizes=\"auto, (max-width: 1024px) 100vw, 1024px\" \/><figcaption class=\"wp-element-caption\">Drevne crnogorske manastirske zgrade u Cetinju. Popularna turisti\u010dka atrakcija Crne Gore.<\/figcaption><\/figure>\n\n<h3 class=\"wp-block-heading\">Upotrebe i evolucija tokom vremena<\/h3>\n\n<p>Odre\u0111eni broj soba u <strong>Biljardi\u00a0<\/strong>kori\u0161ten je od strane Njego\u0161a za li\u010dne potrebe, dok su mnoge slu\u017eile Senatu, stra\u017ei crnogorskog kneza i drugim dr\u017eavnim organima, kao i za istaknute goste. Do 1867. godine, <strong>Biljarda<\/strong> je slu\u017eila kao rezidencija, prvo knezu Danilu, a zatim nakratko Nikoli. Ova poznata zgrada uglavnom je povezana sa Njego\u0161em. \u0160tavi\u0161e, pored stambenih upotreba, <strong>Biljarda<\/strong> je slu\u017eila raznim dr\u017eavnim institucijama, uklju\u010duju\u0107i Njego\u0161evu \u0161tampariju osnovanu 1834. godine, teologiju, gimnaziju i \u017eenski institut. Tako\u0111e, krajem XIX vijeka, kori\u0161tena je za smje\u0161taj ministarstava i kao vojna institucija, sa dvije kule uklonjene u tim godinama.<\/p>\n\n<p>Tokom vremena, <strong>Biljarda<\/strong>\u00a0je rekonstruisana, mijenjaju\u0107i i eksterijer i enterijer, sa zna\u010dajnim promjenama tokom vladavine kneza Danila kada je dodana jo\u0161 jedna zgrada. Po\u010detkom XX vijeka, izgra\u0111ena je prostrana zgrada Vojnog ministarstva. Posljedi\u010dno, najdrasti\u010dnije promjene dogodile su se 1910. godine kada su ograda i preostale dvije kule uklonjene kako bi se otvorili bo\u010dni pogledi prema manastiru. Ipak, 1951. godine, na proslavi 100 godina od Njego\u0161eve smrti, njen originalni izgled je obnovljen. Tokom 1919\/1917. godine, reljefna karta Crne Gore postavljena je u paviljon koji presijeca zid ograde. Nakon obnove, u <strong>Biljardi<\/strong> su osnovani Njego\u0161ev i Etnografski muzej. Obnovom 1979. godine nakon katastrofalnog zemljotresa, prostor se sada koristi samo kao Njego\u0161ev muzej.<\/p>\n\n<p><strong>Biljarda<\/strong> je zakonom za\u0161ti\u0107ena kao spomenik I kategorije u Crnoj Gori.<\/p>\n","protected":false},"excerpt":{"rendered":"<p>Istra\u017eite istorijsku Biljardi u Cetinju, Crna Gora, izgra\u0111enu 1838. uz rusku pomo\u0107. Ova kamena zgrada slu\u017eila je kao rezidencija, dr\u017eavna institucija, a sada u njoj je Njego\u0161ev muzej, sa vintid\u017e bilijarskim stolom i bogatim arhitektonskim detaljima.<\/p>\n","protected":false},"author":1,"featured_media":134526,"parent":134806,"menu_order":0,"comment_status":"closed","ping_status":"closed","template":"","meta":{"_yoast_wpseo_focuskw":"Bilijar Palata","_yoast_wpseo_metadesc":"Otkrijte Biljardu u Crnoj Gori: istorijska kamena zgrada iz 1838. godine u blizini manastira Cetinje, sada muzej sa Njego\u0161evim bilijarskim stolom i fascinantnom istorijom. Planirajte svoj posjet!","_kad_post_transparent":"","_kad_post_title":"","_kad_post_layout":"","_kad_post_sidebar_id":"","_kad_post_content_style":"","_kad_post_vertical_padding":"","_kad_post_feature":"","_kad_post_feature_position":"","_kad_post_header":false,"_kad_post_footer":false,"_kad_post_classname":"","iawp_total_views":11,"footnotes":""},"tags":[],"class_list":["post-134525","page","type-page","status-publish","has-post-thumbnail","hentry"],"yoast_head":"<!-- This site is optimized with the Yoast SEO plugin v27.3 - https:\/\/yoast.com\/product\/yoast-seo-wordpress\/ -->\n<title>Biljarda - Visit Montenegro<\/title>\n<meta name=\"description\" content=\"Otkrijte Biljardu u Crnoj Gori: istorijska kamena zgrada iz 1838. godine u blizini manastira Cetinje, sada muzej sa Njego\u0161evim bilijarskim stolom i fascinantnom istorijom. Planirajte svoj posjet!\" \/>\n<meta name=\"robots\" content=\"index, follow, max-snippet:-1, max-image-preview:large, max-video-preview:-1\" \/>\n<link rel=\"canonical\" href=\"https:\/\/www.visit-montenegro.com\/me\/destinacije\/cetinje\/atrakcije\/biljarda\/\" \/>\n<meta property=\"og:locale\" content=\"en_US\" \/>\n<meta property=\"og:type\" content=\"article\" \/>\n<meta property=\"og:title\" content=\"Biljarda - Visit Montenegro\" \/>\n<meta property=\"og:description\" content=\"Otkrijte Biljardu u Crnoj Gori: istorijska kamena zgrada iz 1838. godine u blizini manastira Cetinje, sada muzej sa Njego\u0161evim bilijarskim stolom i fascinantnom istorijom. Planirajte svoj posjet!\" \/>\n<meta property=\"og:url\" content=\"https:\/\/www.visit-montenegro.com\/me\/destinacije\/cetinje\/atrakcije\/biljarda\/\" \/>\n<meta property=\"og:site_name\" content=\"Visit Montenegro\" \/>\n<meta property=\"article:publisher\" content=\"https:\/\/www.facebook.com\/visitmontenegro\" \/>\n<meta property=\"article:modified_time\" content=\"2026-02-24T14:43:42+00:00\" \/>\n<meta property=\"og:image\" content=\"https:\/\/www.visit-montenegro.com\/wp-content\/uploads\/2017\/11\/cetinje-biljarda.jpg\" \/>\n\t<meta property=\"og:image:width\" content=\"1600\" \/>\n\t<meta property=\"og:image:height\" content=\"1011\" \/>\n\t<meta property=\"og:image:type\" content=\"image\/jpeg\" \/>\n<meta name=\"twitter:card\" content=\"summary_large_image\" \/>\n<meta name=\"twitter:site\" content=\"@visitmontenegro\" \/>\n<meta name=\"twitter:label1\" content=\"Est. reading time\" \/>\n\t<meta name=\"twitter:data1\" content=\"2 minutes\" \/>\n<script type=\"application\/ld+json\" class=\"yoast-schema-graph\">{\"@context\":\"https:\\\/\\\/schema.org\",\"@graph\":[{\"@type\":\"WebPage\",\"@id\":\"https:\\\/\\\/www.visit-montenegro.com\\\/me\\\/destinacije\\\/cetinje\\\/atrakcije\\\/biljarda\\\/\",\"url\":\"https:\\\/\\\/www.visit-montenegro.com\\\/me\\\/destinacije\\\/cetinje\\\/atrakcije\\\/biljarda\\\/\",\"name\":\"Biljarda - Visit Montenegro\",\"isPartOf\":{\"@id\":\"https:\\\/\\\/www.visit-montenegro.com\\\/me\\\/#website\"},\"primaryImageOfPage\":{\"@id\":\"https:\\\/\\\/www.visit-montenegro.com\\\/me\\\/destinacije\\\/cetinje\\\/atrakcije\\\/biljarda\\\/#primaryimage\"},\"image\":{\"@id\":\"https:\\\/\\\/www.visit-montenegro.com\\\/me\\\/destinacije\\\/cetinje\\\/atrakcije\\\/biljarda\\\/#primaryimage\"},\"thumbnailUrl\":\"https:\\\/\\\/www.visit-montenegro.com\\\/wp-content\\\/uploads\\\/2017\\\/11\\\/cetinje-biljarda.jpg\",\"datePublished\":\"2026-01-27T20:44:33+00:00\",\"dateModified\":\"2026-02-24T14:43:42+00:00\",\"description\":\"Otkrijte Biljardu u Crnoj Gori: istorijska kamena zgrada iz 1838. godine u blizini manastira Cetinje, sada muzej sa Njego\u0161evim bilijarskim stolom i fascinantnom istorijom. Planirajte svoj posjet!\",\"breadcrumb\":{\"@id\":\"https:\\\/\\\/www.visit-montenegro.com\\\/me\\\/destinacije\\\/cetinje\\\/atrakcije\\\/biljarda\\\/#breadcrumb\"},\"inLanguage\":\"sr-Latn-ME\",\"potentialAction\":[{\"@type\":\"ReadAction\",\"target\":[\"https:\\\/\\\/www.visit-montenegro.com\\\/me\\\/destinacije\\\/cetinje\\\/atrakcije\\\/biljarda\\\/\"]}]},{\"@type\":\"ImageObject\",\"inLanguage\":\"sr-Latn-ME\",\"@id\":\"https:\\\/\\\/www.visit-montenegro.com\\\/me\\\/destinacije\\\/cetinje\\\/atrakcije\\\/biljarda\\\/#primaryimage\",\"url\":\"https:\\\/\\\/www.visit-montenegro.com\\\/wp-content\\\/uploads\\\/2017\\\/11\\\/cetinje-biljarda.jpg\",\"contentUrl\":\"https:\\\/\\\/www.visit-montenegro.com\\\/wp-content\\\/uploads\\\/2017\\\/11\\\/cetinje-biljarda.jpg\",\"width\":1600,\"height\":1011},{\"@type\":\"BreadcrumbList\",\"@id\":\"https:\\\/\\\/www.visit-montenegro.com\\\/me\\\/destinacije\\\/cetinje\\\/atrakcije\\\/biljarda\\\/#breadcrumb\",\"itemListElement\":[{\"@type\":\"ListItem\",\"position\":1,\"name\":\"Home\",\"item\":\"https:\\\/\\\/www.visit-montenegro.com\\\/me\\\/pocetna\\\/\"},{\"@type\":\"ListItem\",\"position\":2,\"name\":\"Turisti\u010dke destinacije u Crnoj Gori\",\"item\":\"https:\\\/\\\/www.visit-montenegro.com\\\/me\\\/destinacije\\\/\"},{\"@type\":\"ListItem\",\"position\":3,\"name\":\"Cetinje\",\"item\":\"https:\\\/\\\/www.visit-montenegro.com\\\/me\\\/destinations\\\/cetinje\\\/\"},{\"@type\":\"ListItem\",\"position\":4,\"name\":\"Cetinje atrakcije\",\"item\":\"https:\\\/\\\/www.visit-montenegro.com\\\/me\\\/destinations\\\/cetinje\\\/attractions\\\/\"},{\"@type\":\"ListItem\",\"position\":5,\"name\":\"Biljarda\"}]},{\"@type\":\"WebSite\",\"@id\":\"https:\\\/\\\/www.visit-montenegro.com\\\/me\\\/#website\",\"url\":\"https:\\\/\\\/www.visit-montenegro.com\\\/me\\\/\",\"name\":\"Visit Montenegro\",\"description\":\"Breathtaking beauty\",\"publisher\":{\"@id\":\"https:\\\/\\\/www.visit-montenegro.com\\\/me\\\/#organization\"},\"potentialAction\":[{\"@type\":\"SearchAction\",\"target\":{\"@type\":\"EntryPoint\",\"urlTemplate\":\"https:\\\/\\\/www.visit-montenegro.com\\\/me\\\/?s={search_term_string}\"},\"query-input\":{\"@type\":\"PropertyValueSpecification\",\"valueRequired\":true,\"valueName\":\"search_term_string\"}}],\"inLanguage\":\"sr-Latn-ME\"},{\"@type\":\"Organization\",\"@id\":\"https:\\\/\\\/www.visit-montenegro.com\\\/me\\\/#organization\",\"name\":\"Visit Montenegro\",\"url\":\"https:\\\/\\\/www.visit-montenegro.com\\\/me\\\/\",\"logo\":{\"@type\":\"ImageObject\",\"inLanguage\":\"sr-Latn-ME\",\"@id\":\"https:\\\/\\\/www.visit-montenegro.com\\\/me\\\/#\\\/schema\\\/logo\\\/image\\\/\",\"url\":\"https:\\\/\\\/www.visit-montenegro.com\\\/wp-content\\\/uploads\\\/2017\\\/10\\\/logo-amp.png\",\"contentUrl\":\"https:\\\/\\\/www.visit-montenegro.com\\\/wp-content\\\/uploads\\\/2017\\\/10\\\/logo-amp.png\",\"width\":190,\"height\":36,\"caption\":\"Visit Montenegro\"},\"image\":{\"@id\":\"https:\\\/\\\/www.visit-montenegro.com\\\/me\\\/#\\\/schema\\\/logo\\\/image\\\/\"},\"sameAs\":[\"https:\\\/\\\/www.facebook.com\\\/visitmontenegro\",\"https:\\\/\\\/x.com\\\/visitmontenegro\",\"https:\\\/\\\/www.instagram.com\\\/visit_montenegro\\\/\",\"https:\\\/\\\/www.youtube.com\\\/user\\\/VisitMontenegro\"]}]}<\/script>\n<!-- \/ Yoast SEO plugin. -->","yoast_head_json":{"title":"Biljarda - Visit Montenegro","description":"Otkrijte Biljardu u Crnoj Gori: istorijska kamena zgrada iz 1838. godine u blizini manastira Cetinje, sada muzej sa Njego\u0161evim bilijarskim stolom i fascinantnom istorijom. Planirajte svoj posjet!","robots":{"index":"index","follow":"follow","max-snippet":"max-snippet:-1","max-image-preview":"max-image-preview:large","max-video-preview":"max-video-preview:-1"},"canonical":"https:\/\/www.visit-montenegro.com\/me\/destinacije\/cetinje\/atrakcije\/biljarda\/","og_locale":"en_US","og_type":"article","og_title":"Biljarda - Visit Montenegro","og_description":"Otkrijte Biljardu u Crnoj Gori: istorijska kamena zgrada iz 1838. godine u blizini manastira Cetinje, sada muzej sa Njego\u0161evim bilijarskim stolom i fascinantnom istorijom. Planirajte svoj posjet!","og_url":"https:\/\/www.visit-montenegro.com\/me\/destinacije\/cetinje\/atrakcije\/biljarda\/","og_site_name":"Visit Montenegro","article_publisher":"https:\/\/www.facebook.com\/visitmontenegro","article_modified_time":"2026-02-24T14:43:42+00:00","og_image":[{"width":1600,"height":1011,"url":"https:\/\/www.visit-montenegro.com\/wp-content\/uploads\/2017\/11\/cetinje-biljarda.jpg","type":"image\/jpeg"}],"twitter_card":"summary_large_image","twitter_site":"@visitmontenegro","twitter_misc":{"Est. reading time":"2 minutes"},"schema":{"@context":"https:\/\/schema.org","@graph":[{"@type":"WebPage","@id":"https:\/\/www.visit-montenegro.com\/me\/destinacije\/cetinje\/atrakcije\/biljarda\/","url":"https:\/\/www.visit-montenegro.com\/me\/destinacije\/cetinje\/atrakcije\/biljarda\/","name":"Biljarda - Visit Montenegro","isPartOf":{"@id":"https:\/\/www.visit-montenegro.com\/me\/#website"},"primaryImageOfPage":{"@id":"https:\/\/www.visit-montenegro.com\/me\/destinacije\/cetinje\/atrakcije\/biljarda\/#primaryimage"},"image":{"@id":"https:\/\/www.visit-montenegro.com\/me\/destinacije\/cetinje\/atrakcije\/biljarda\/#primaryimage"},"thumbnailUrl":"https:\/\/www.visit-montenegro.com\/wp-content\/uploads\/2017\/11\/cetinje-biljarda.jpg","datePublished":"2026-01-27T20:44:33+00:00","dateModified":"2026-02-24T14:43:42+00:00","description":"Otkrijte Biljardu u Crnoj Gori: istorijska kamena zgrada iz 1838. godine u blizini manastira Cetinje, sada muzej sa Njego\u0161evim bilijarskim stolom i fascinantnom istorijom. Planirajte svoj posjet!","breadcrumb":{"@id":"https:\/\/www.visit-montenegro.com\/me\/destinacije\/cetinje\/atrakcije\/biljarda\/#breadcrumb"},"inLanguage":"sr-Latn-ME","potentialAction":[{"@type":"ReadAction","target":["https:\/\/www.visit-montenegro.com\/me\/destinacije\/cetinje\/atrakcije\/biljarda\/"]}]},{"@type":"ImageObject","inLanguage":"sr-Latn-ME","@id":"https:\/\/www.visit-montenegro.com\/me\/destinacije\/cetinje\/atrakcije\/biljarda\/#primaryimage","url":"https:\/\/www.visit-montenegro.com\/wp-content\/uploads\/2017\/11\/cetinje-biljarda.jpg","contentUrl":"https:\/\/www.visit-montenegro.com\/wp-content\/uploads\/2017\/11\/cetinje-biljarda.jpg","width":1600,"height":1011},{"@type":"BreadcrumbList","@id":"https:\/\/www.visit-montenegro.com\/me\/destinacije\/cetinje\/atrakcije\/biljarda\/#breadcrumb","itemListElement":[{"@type":"ListItem","position":1,"name":"Home","item":"https:\/\/www.visit-montenegro.com\/me\/pocetna\/"},{"@type":"ListItem","position":2,"name":"Turisti\u010dke destinacije u Crnoj Gori","item":"https:\/\/www.visit-montenegro.com\/me\/destinacije\/"},{"@type":"ListItem","position":3,"name":"Cetinje","item":"https:\/\/www.visit-montenegro.com\/me\/destinations\/cetinje\/"},{"@type":"ListItem","position":4,"name":"Cetinje atrakcije","item":"https:\/\/www.visit-montenegro.com\/me\/destinations\/cetinje\/attractions\/"},{"@type":"ListItem","position":5,"name":"Biljarda"}]},{"@type":"WebSite","@id":"https:\/\/www.visit-montenegro.com\/me\/#website","url":"https:\/\/www.visit-montenegro.com\/me\/","name":"Visit Montenegro","description":"Breathtaking beauty","publisher":{"@id":"https:\/\/www.visit-montenegro.com\/me\/#organization"},"potentialAction":[{"@type":"SearchAction","target":{"@type":"EntryPoint","urlTemplate":"https:\/\/www.visit-montenegro.com\/me\/?s={search_term_string}"},"query-input":{"@type":"PropertyValueSpecification","valueRequired":true,"valueName":"search_term_string"}}],"inLanguage":"sr-Latn-ME"},{"@type":"Organization","@id":"https:\/\/www.visit-montenegro.com\/me\/#organization","name":"Visit Montenegro","url":"https:\/\/www.visit-montenegro.com\/me\/","logo":{"@type":"ImageObject","inLanguage":"sr-Latn-ME","@id":"https:\/\/www.visit-montenegro.com\/me\/#\/schema\/logo\/image\/","url":"https:\/\/www.visit-montenegro.com\/wp-content\/uploads\/2017\/10\/logo-amp.png","contentUrl":"https:\/\/www.visit-montenegro.com\/wp-content\/uploads\/2017\/10\/logo-amp.png","width":190,"height":36,"caption":"Visit Montenegro"},"image":{"@id":"https:\/\/www.visit-montenegro.com\/me\/#\/schema\/logo\/image\/"},"sameAs":["https:\/\/www.facebook.com\/visitmontenegro","https:\/\/x.com\/visitmontenegro","https:\/\/www.instagram.com\/visit_montenegro\/","https:\/\/www.youtube.com\/user\/VisitMontenegro"]}]}},"translations":[],"_links":{"self":[{"href":"https:\/\/www.visit-montenegro.com\/me\/wp-json\/wp\/v2\/pages\/134525","targetHints":{"allow":["GET"]}}],"collection":[{"href":"https:\/\/www.visit-montenegro.com\/me\/wp-json\/wp\/v2\/pages"}],"about":[{"href":"https:\/\/www.visit-montenegro.com\/me\/wp-json\/wp\/v2\/types\/page"}],"author":[{"embeddable":true,"href":"https:\/\/www.visit-montenegro.com\/me\/wp-json\/wp\/v2\/users\/1"}],"replies":[{"embeddable":true,"href":"https:\/\/www.visit-montenegro.com\/me\/wp-json\/wp\/v2\/comments?post=134525"}],"version-history":[{"count":0,"href":"https:\/\/www.visit-montenegro.com\/me\/wp-json\/wp\/v2\/pages\/134525\/revisions"}],"up":[{"embeddable":true,"href":"https:\/\/www.visit-montenegro.com\/me\/wp-json\/wp\/v2\/pages\/134806"}],"wp:featuredmedia":[{"embeddable":true,"href":"https:\/\/www.visit-montenegro.com\/me\/wp-json\/wp\/v2\/media\/134526"}],"wp:attachment":[{"href":"https:\/\/www.visit-montenegro.com\/me\/wp-json\/wp\/v2\/media?parent=134525"}],"wp:term":[{"taxonomy":"post_tag","embeddable":true,"href":"https:\/\/www.visit-montenegro.com\/me\/wp-json\/wp\/v2\/tags?post=134525"}],"curies":[{"name":"wp","href":"https:\/\/api.w.org\/{rel}","templated":true}]}}