{"id":134542,"date":"2026-01-27T21:44:33","date_gmt":"2026-01-27T20:44:33","guid":{"rendered":"https:\/\/new.visit-montenegro.com\/destinacije\/plav\/atrakcije\/prokletije\/"},"modified":"2026-02-24T13:29:20","modified_gmt":"2026-02-24T12:29:20","slug":"prokletije","status":"publish","type":"page","link":"https:\/\/www.visit-montenegro.com\/me\/destinacije\/plav\/atrakcije\/prokletije\/","title":{"rendered":"Nacionalni park Prokletije"},"content":{"rendered":"\n<p>Nacionalni park Prokletije, osnovan 2009. godine, je najnoviji nacionalni park Crne Gore, lociran u ju\u017enim Dinaridima du\u017e granice Crne Gore i Albanije, sa divljim vrhovima, ledenja\u010dkim jezerima i bogatom bioraznoliko\u0161\u0107u.<\/p>\n\n<hr class=\"wp-block-separator has-alpha-channel-opacity\"\/>\n\n<h2 class=\"wp-block-heading\">Pregled Nacionalnog parka Prokletije<\/h2>\n\n<p>Crna Gora je dobila jo\u0161 jedan nacionalni park 2009. godine \u2013 <strong>Nacionalni park Prokletije<\/strong>. Planine Prokletije se nalaze u najju\u017enijem dijelu Dinarida, vi\u0161e od 40 milja od Skadarskog jezera, smje\u0161tene du\u017e granice Crne Gore i Albanije. Postoje tri nacionalna parka u Prokletijama \u2013 ovaj u Crnoj Gori i 2 u Albaniji.<\/p>\n\n<p>Ovaj grandiozni planinski masiv, svojom ljepotom i jedinstveno\u0161\u0107u privla\u010di pa\u017enju svih posjetilaca, posebno turista. Reljef je nazuban, sa brojnim vrhovima, kanjonima, strmim padinama, alpskim rije\u010dnim dolinama i drugim prirodnim fenomenima. Postoji nekoliko zona u <strong>Nacionalnom parku Prokletije<\/strong>: Karanfilsko-Bjeli\u010dki (najdivlji dio podru\u010dja, sa brojnim vrhovima preko 2.000 metara nadmorske visine); Visitorsko; Zona Bogi\u0107evica; Zona Bora i Kofilja\u010de; Stratacko-Zavojska zona.<\/p>\n\n<p>Ledenja\u010dka jezera, veliki i mali potoci, izvori i bunari pitke i mineralne vode, rijeke, podzemni vodonosnici i planinski ribnjaci \u0107e vas ostaviti bez daha.<\/p>\n\n<figure class=\"wp-block-image size-large\"><img loading=\"lazy\" decoding=\"async\" width=\"1024\" height=\"649\" src=\"https:\/\/www.visit-montenegro.com\/wp-content\/uploads\/2026\/01\/prokletije-01-1024x649.jpg\" alt=\"\" class=\"wp-image-36195\" srcset=\"https:\/\/www.visit-montenegro.com\/wp-content\/uploads\/2026\/01\/prokletije-01-1024x649.jpg 1024w, https:\/\/www.visit-montenegro.com\/wp-content\/uploads\/2026\/01\/prokletije-01-300x190.jpg 300w, https:\/\/www.visit-montenegro.com\/wp-content\/uploads\/2026\/01\/prokletije-01-768x486.jpg 768w, https:\/\/www.visit-montenegro.com\/wp-content\/uploads\/2026\/01\/prokletije-01-1536x973.jpg 1536w, https:\/\/www.visit-montenegro.com\/wp-content\/uploads\/2026\/01\/prokletije-01-1200x760.jpg 1200w, https:\/\/www.visit-montenegro.com\/wp-content\/uploads\/2026\/01\/prokletije-01-scaled.jpg 1600w\" sizes=\"auto, (max-width: 1024px) 100vw, 1024px\" \/><figcaption class=\"wp-element-caption\">Nacionalni park Prokletije, Crna Gora<\/figcaption><\/figure>\n\n<h2 class=\"wp-block-heading\">Bioraznolikost i prirodne karakteristike<\/h2>\n\n<h3 class=\"wp-block-heading\">Zna\u010daj<\/h3>\n\n<p>Na teritoriji parka postoji preko 1.700 vrsta biljaka, \u0161to predstavlja polovinu flore Crne Gore, ili otprilike 1\/5 ukupne balkanske flore. Apstraktno 40 tipi\u010dnih biljnih zajednica. Tako\u0111e, <strong>Nacionalni park Prokletije<\/strong> je stani\u0161te za nekoliko endemskih vrsta. Ze\u010devi, vukovi, mrki medvjedi, risovi, divlje svinje, divokoze i jelenovi se svi mogu vidjeti u <strong>Nacionalnom parku Prokletije<\/strong>.<\/p>\n\n<p>Zbog potpune nekontaminiranosti, rijeke i jezera su bogate raznim vrstama \u017eivotinja (ribe, vodozemci i gmizavci) kao i biljnim vrstama.<\/p>\n\n<h3 class=\"wp-block-heading\">Flora<\/h3>\n\n<p>Vegetacija Prokletija je me\u0111u najbogatijim na Balkanskom poluostrvu i jedna od glavnih srednjoevropskih regija za floru. Oko 1611 divljih biljaka je opisano, 50 vrsta flore su endemske, subendemske i ugro\u017eene. Ju\u017eni rub planina ima submediteranski karakter.<\/p>\n\n<p>Zbog svoje nadmorske visine i povoljnog stani\u0161ta, lanac je jedan od centara arkti\u010dko-alpske flore na Balkanskom poluostrvu. Od 77 arkti\u010dko-alpskih vrsta biv\u0161e glacijalne flore na Balkanskom poluostrvu, ne\u0161to preko 50 vrsta se mo\u017ee na\u0107i u <strong>Nacionalnom parku Prokletije<\/strong>.<\/p>\n\n<figure class=\"wp-block-image size-large\"><img loading=\"lazy\" decoding=\"async\" width=\"1024\" height=\"678\" src=\"https:\/\/www.visit-montenegro.com\/wp-content\/uploads\/2026\/01\/prokletije-grebaja-01-1024x678.jpg\" alt=\"\" class=\"wp-image-36199\" srcset=\"https:\/\/www.visit-montenegro.com\/wp-content\/uploads\/2026\/01\/prokletije-grebaja-01-1024x678.jpg 1024w, https:\/\/www.visit-montenegro.com\/wp-content\/uploads\/2026\/01\/prokletije-grebaja-01-300x199.jpg 300w, https:\/\/www.visit-montenegro.com\/wp-content\/uploads\/2026\/01\/prokletije-grebaja-01-768x508.jpg 768w, https:\/\/www.visit-montenegro.com\/wp-content\/uploads\/2026\/01\/prokletije-grebaja-01-1536x1017.jpg 1536w, https:\/\/www.visit-montenegro.com\/wp-content\/uploads\/2026\/01\/prokletije-grebaja-01-1200x794.jpg 1200w, https:\/\/www.visit-montenegro.com\/wp-content\/uploads\/2026\/01\/prokletije-grebaja-01-scaled.jpg 1600w\" sizes=\"auto, (max-width: 1024px) 100vw, 1024px\" \/><figcaption class=\"wp-element-caption\">Dolina Grebaje, Prokletije<\/figcaption><\/figure>\n\n<p>Flora u stjenovitim podru\u010djima Prokletija je posebno vrijedna pa\u017enje, jer su rijetke bogate i endemske vrste, uklju\u010duju\u0107i tercijarni relikt Amphoricarpos neumayeri. Mnoge vrste flore su ili endemske ili se uglavnom nalaze u Prokletijama.<\/p>\n\n<h2 class=\"wp-block-heading\">Kulturni i istorijski aspekti<\/h2>\n\n<h3 class=\"wp-block-heading\">Kulturni spomenici<\/h3>\n\n<p>Mnogi objekti su progla\u0161eni spomenicima, zbog svojih arhitektonskih, umjetni\u010dkih i istorijskih vrijednosti. U <a href=\"https:\/\/www.visit-montenegro.com\/me\/destinacije\/plav\/\">Plav<\/a> \u2013 stara d\u017eamija iz petnaestog vijeka i Red\u017eepagi\u0107a kula; u selu, postoji crkva posve\u0107ena Svetom Brezojevica; trojstvo iz dvanaestog vijeka i zgrada \u0161kole; u Gusinju \u2013 Vezirova d\u017eamija iz osamnaestog vijeka, kula i crkva Svetog Bali\u0107a. \u0110or\u0111a.<\/p>\n\n<p>Tradicionalna arhitektura podru\u010dja je sa\u010duvana u obliku stambenih ku\u0107a, koje su bile napravljene od drveta, kombinacije drveta i kamena ili samo od kamena.<\/p>\n\n<h3 class=\"wp-block-heading\">Istorija parka<\/h3>\n\n<p><strong>Nacionalni park Prokletije<\/strong> ima bogatu kulturnu i istorijsku pro\u0161lost. U ovoj regiji mnoge civilizacije i kulture su ostavile tragove. Ovo je dokazano brojnim lokalitetima, tvr\u0111avama, crkvama, d\u017eamijama, naseljima, grobljima, tradicionalnom arhitekturom, vjerovanjima, obi\u010dajima, etnolo\u0161kim motivima, no\u0161njama i folklorom.<\/p>\n\n<p>Ostaci naselja datiraju iz paleolita, bakarnog i bronzanog doba, iz vremena Ilira i Rimskog carstva. Iz srednjeg vijeka, ohrabreni ostaci vjerskih gra\u0111evina i odbrambenih objekata u i van Turaka su: pravilo je ohrabrivano mnogim spomenicima orijentalni efekti su. Zna\u010dajni ostaci iz praistorije smatraju se crte\u017ei urezani u stijenu na brdu Vezirova brada i na stijeni blizu Grbaja. Mnogi objekti su zbog svoje arhitektonske, umjetni\u010dke i istorijske vrijednosti progla\u0161eni spomenicima.<\/p>\n\n<p>Ovo podru\u010dje karakteri\u0161e izuzetno vrijedno etnografsko bogatstvo, koje se ogleda u raznolikosti narodnih no\u0161nji, originalne muzike, folklora, obi\u010daja, i postoji mnogo doma\u0107ih proizvoda i rukotvorina.<\/p>\n\n<figure class=\"wp-block-image size-large\"><img loading=\"lazy\" decoding=\"async\" width=\"1024\" height=\"683\" src=\"https:\/\/www.visit-montenegro.com\/wp-content\/uploads\/2026\/01\/prokletije-grebaja-03-1024x683.jpg\" alt=\"\" class=\"wp-image-36201\" srcset=\"https:\/\/www.visit-montenegro.com\/wp-content\/uploads\/2026\/01\/prokletije-grebaja-03-1024x683.jpg 1024w, https:\/\/www.visit-montenegro.com\/wp-content\/uploads\/2026\/01\/prokletije-grebaja-03-300x200.jpg 300w, https:\/\/www.visit-montenegro.com\/wp-content\/uploads\/2026\/01\/prokletije-grebaja-03-768x512.jpg 768w, https:\/\/www.visit-montenegro.com\/wp-content\/uploads\/2026\/01\/prokletije-grebaja-03-1536x1024.jpg 1536w, https:\/\/www.visit-montenegro.com\/wp-content\/uploads\/2026\/01\/prokletije-grebaja-03-1200x800.jpg 1200w, https:\/\/www.visit-montenegro.com\/wp-content\/uploads\/2026\/01\/prokletije-grebaja-03-scaled.jpg 1600w\" sizes=\"auto, (max-width: 1024px) 100vw, 1024px\" \/><figcaption class=\"wp-element-caption\">CRNA GORA, PLANINE PROKLETIJE &#8211; 29. MAJ 2017: Turisti su posjetili restoran, koji se nalazi na ravnici izme\u0111u visokih snijegom prekrivenih planina.<\/figcaption><\/figure>\n\n<h2 class=\"wp-block-heading\">Rekreativne aktivnosti i informacije za posjetioce<\/h2>\n\n<h3 class=\"wp-block-heading\">Rekreativne aktivnosti<\/h3>\n\n<p>Kao i u drugim nacionalnim parkovima, <strong>Nacionalni park Prokletije<\/strong> nudi nezaboravan aktivan odmor. Od planinarenja do alpinizma, Prokletije \u0107e vas zadiviti svojom netaknutom prirodom i ljepotom. Mala mjesta u podno\u017eju Prokletija nude jedinstvenu atmosferu i gostoprimstvo.<\/p>\n\n<p>Ono \u0161to ne biste trebali propustiti su: i <a href=\"https:\/\/www.visit-montenegro.com\/me\/destinacije\/plav\/atrakcije\/ali-pasha-springs\/\">Ali-Pa\u0161ini izvori<\/a>. Ovo su dva MJESTA KOJA MORATE POSJETITI.<\/p>\n\n<figure class=\"wp-block-image size-large\"><img loading=\"lazy\" decoding=\"async\" width=\"1024\" height=\"683\" src=\"https:\/\/www.visit-montenegro.com\/wp-content\/uploads\/2026\/01\/prokletije-plav-lake-1024x683.jpg\" alt=\"\" class=\"wp-image-36206\" srcset=\"https:\/\/www.visit-montenegro.com\/wp-content\/uploads\/2026\/01\/prokletije-plav-lake-1024x683.jpg 1024w, https:\/\/www.visit-montenegro.com\/wp-content\/uploads\/2026\/01\/prokletije-plav-lake-300x200.jpg 300w, https:\/\/www.visit-montenegro.com\/wp-content\/uploads\/2026\/01\/prokletije-plav-lake-768x512.jpg 768w, https:\/\/www.visit-montenegro.com\/wp-content\/uploads\/2026\/01\/prokletije-plav-lake-1536x1024.jpg 1536w, https:\/\/www.visit-montenegro.com\/wp-content\/uploads\/2026\/01\/prokletije-plav-lake-1200x800.jpg 1200w, https:\/\/www.visit-montenegro.com\/wp-content\/uploads\/2026\/01\/prokletije-plav-lake-scaled.jpg 1600w\" sizes=\"auto, (max-width: 1024px) 100vw, 1024px\" \/><figcaption class=\"wp-element-caption\">Pogled na Plavsko jezero u ju\u017enoj Crnoj Gori<\/figcaption><\/figure>\n\n<h3 class=\"wp-block-heading\">Transport\/Pristup<\/h3>\n\n<p>Najbolji na\u010din da posjetite <strong>Nacionalni park Prokletije<\/strong>, ako nemate svoje vozilo, je da koristite uslugu Rent-a-Car. Tako\u0111e, postoje redovne autobuske linije koje mo\u017eete koristiti.<\/p>\n\n<p>Kona\u010dno, neke turisti\u010dke agencije nude obilazak Nacionalnog parka Prokletije, \u0161to je tako\u0111e jedan od na\u010dina da posjetite i u\u017eivate u ovom nevjerovatnom mjestu.<\/p>\n","protected":false},"excerpt":{"rendered":"<p>Otkrijte Nacionalni park Prokletije, najnoviji dragulj Crne Gore u Dinaridima. Istra\u017eite njegove divlje vrhove, ledenja\u010dka jezera i bogatu bioraznolikost, plus kulturne spomenike i avanture planinarenja.<\/p>\n","protected":false},"author":1,"featured_media":133944,"parent":134535,"menu_order":0,"comment_status":"closed","ping_status":"closed","template":"","meta":{"_yoast_wpseo_focuskw":"Nacionalni park Prokletije","_yoast_wpseo_metadesc":"Istra\u017eite Nacionalni park Prokletije u Crnoj Gori: divlje planine, ledenja\u010dka jezera, bogata flora i kulturna istorija. Planirajte svoj put sa savjetima za planinarenje i informacijama za posjetioce.","_kad_post_transparent":"","_kad_post_title":"","_kad_post_layout":"","_kad_post_sidebar_id":"","_kad_post_content_style":"","_kad_post_vertical_padding":"","_kad_post_feature":"","_kad_post_feature_position":"","_kad_post_header":false,"_kad_post_footer":false,"_kad_post_classname":"","iawp_total_views":53,"footnotes":""},"tags":[],"class_list":["post-134542","page","type-page","status-publish","has-post-thumbnail","hentry"],"yoast_head":"<!-- This site is optimized with the Yoast SEO plugin v27.3 - https:\/\/yoast.com\/product\/yoast-seo-wordpress\/ -->\n<title>Nacionalni park Prokletije - Visit Montenegro<\/title>\n<meta name=\"description\" content=\"Istra\u017eite Nacionalni park Prokletije u Crnoj Gori: divlje planine, ledenja\u010dka jezera, bogata flora i kulturna istorija. Planirajte svoj put sa savjetima za planinarenje i informacijama za posjetioce.\" \/>\n<meta name=\"robots\" content=\"index, follow, max-snippet:-1, max-image-preview:large, max-video-preview:-1\" \/>\n<link rel=\"canonical\" href=\"https:\/\/www.visit-montenegro.com\/me\/destinacije\/plav\/atrakcije\/prokletije\/\" \/>\n<meta property=\"og:locale\" content=\"en_US\" \/>\n<meta property=\"og:type\" content=\"article\" \/>\n<meta property=\"og:title\" content=\"Nacionalni park Prokletije - Visit Montenegro\" \/>\n<meta property=\"og:description\" content=\"Istra\u017eite Nacionalni park Prokletije u Crnoj Gori: divlje planine, ledenja\u010dka jezera, bogata flora i kulturna istorija. Planirajte svoj put sa savjetima za planinarenje i informacijama za posjetioce.\" \/>\n<meta property=\"og:url\" content=\"https:\/\/www.visit-montenegro.com\/me\/destinacije\/plav\/atrakcije\/prokletije\/\" \/>\n<meta property=\"og:site_name\" content=\"Visit Montenegro\" \/>\n<meta property=\"article:publisher\" content=\"https:\/\/www.facebook.com\/visitmontenegro\" \/>\n<meta property=\"article:modified_time\" content=\"2026-02-24T12:29:20+00:00\" \/>\n<meta property=\"og:image\" content=\"https:\/\/www.visit-montenegro.com\/wp-content\/uploads\/2026\/01\/prokletije-02-scaled.jpg\" \/>\n\t<meta property=\"og:image:width\" content=\"1600\" \/>\n\t<meta property=\"og:image:height\" content=\"1067\" \/>\n\t<meta property=\"og:image:type\" content=\"image\/jpeg\" \/>\n<meta name=\"twitter:card\" content=\"summary_large_image\" \/>\n<meta name=\"twitter:site\" content=\"@visitmontenegro\" \/>\n<meta name=\"twitter:label1\" content=\"Est. reading time\" \/>\n\t<meta name=\"twitter:data1\" content=\"4 minutes\" \/>\n<script type=\"application\/ld+json\" class=\"yoast-schema-graph\">{\"@context\":\"https:\\\/\\\/schema.org\",\"@graph\":[{\"@type\":\"WebPage\",\"@id\":\"https:\\\/\\\/www.visit-montenegro.com\\\/me\\\/destinacije\\\/plav\\\/atrakcije\\\/prokletije\\\/\",\"url\":\"https:\\\/\\\/www.visit-montenegro.com\\\/me\\\/destinacije\\\/plav\\\/atrakcije\\\/prokletije\\\/\",\"name\":\"Nacionalni park Prokletije - Visit Montenegro\",\"isPartOf\":{\"@id\":\"https:\\\/\\\/www.visit-montenegro.com\\\/me\\\/#website\"},\"primaryImageOfPage\":{\"@id\":\"https:\\\/\\\/www.visit-montenegro.com\\\/me\\\/destinacije\\\/plav\\\/atrakcije\\\/prokletije\\\/#primaryimage\"},\"image\":{\"@id\":\"https:\\\/\\\/www.visit-montenegro.com\\\/me\\\/destinacije\\\/plav\\\/atrakcije\\\/prokletije\\\/#primaryimage\"},\"thumbnailUrl\":\"https:\\\/\\\/www.visit-montenegro.com\\\/wp-content\\\/uploads\\\/2026\\\/01\\\/prokletije-02-scaled.jpg\",\"datePublished\":\"2026-01-27T20:44:33+00:00\",\"dateModified\":\"2026-02-24T12:29:20+00:00\",\"description\":\"Istra\u017eite Nacionalni park Prokletije u Crnoj Gori: divlje planine, ledenja\u010dka jezera, bogata flora i kulturna istorija. Planirajte svoj put sa savjetima za planinarenje i informacijama za posjetioce.\",\"breadcrumb\":{\"@id\":\"https:\\\/\\\/www.visit-montenegro.com\\\/me\\\/destinacije\\\/plav\\\/atrakcije\\\/prokletije\\\/#breadcrumb\"},\"inLanguage\":\"sr-Latn-ME\",\"potentialAction\":[{\"@type\":\"ReadAction\",\"target\":[\"https:\\\/\\\/www.visit-montenegro.com\\\/me\\\/destinacije\\\/plav\\\/atrakcije\\\/prokletije\\\/\"]}]},{\"@type\":\"ImageObject\",\"inLanguage\":\"sr-Latn-ME\",\"@id\":\"https:\\\/\\\/www.visit-montenegro.com\\\/me\\\/destinacije\\\/plav\\\/atrakcije\\\/prokletije\\\/#primaryimage\",\"url\":\"https:\\\/\\\/www.visit-montenegro.com\\\/wp-content\\\/uploads\\\/2026\\\/01\\\/prokletije-02-scaled.jpg\",\"contentUrl\":\"https:\\\/\\\/www.visit-montenegro.com\\\/wp-content\\\/uploads\\\/2026\\\/01\\\/prokletije-02-scaled.jpg\",\"width\":1600,\"height\":1067,\"caption\":\"Nevjerovatan pogled na mirnu planinsku dolinu, Nacionalni park Prokletije, Crna Gora\"},{\"@type\":\"BreadcrumbList\",\"@id\":\"https:\\\/\\\/www.visit-montenegro.com\\\/me\\\/destinacije\\\/plav\\\/atrakcije\\\/prokletije\\\/#breadcrumb\",\"itemListElement\":[{\"@type\":\"ListItem\",\"position\":1,\"name\":\"Home\",\"item\":\"https:\\\/\\\/www.visit-montenegro.com\\\/me\\\/pocetna\\\/\"},{\"@type\":\"ListItem\",\"position\":2,\"name\":\"Turisti\u010dke destinacije u Crnoj Gori\",\"item\":\"https:\\\/\\\/www.visit-montenegro.com\\\/me\\\/destinacije\\\/\"},{\"@type\":\"ListItem\",\"position\":3,\"name\":\"Plav\",\"item\":\"https:\\\/\\\/www.visit-montenegro.com\\\/me\\\/destinacije\\\/plav\\\/\"},{\"@type\":\"ListItem\",\"position\":4,\"name\":\"Plav Atrakcije\",\"item\":\"https:\\\/\\\/www.visit-montenegro.com\\\/me\\\/destinacije\\\/plav\\\/atrakcije\\\/\"},{\"@type\":\"ListItem\",\"position\":5,\"name\":\"Nacionalni park Prokletije\"}]},{\"@type\":\"WebSite\",\"@id\":\"https:\\\/\\\/www.visit-montenegro.com\\\/me\\\/#website\",\"url\":\"https:\\\/\\\/www.visit-montenegro.com\\\/me\\\/\",\"name\":\"Visit Montenegro\",\"description\":\"Breathtaking beauty\",\"publisher\":{\"@id\":\"https:\\\/\\\/www.visit-montenegro.com\\\/me\\\/#organization\"},\"potentialAction\":[{\"@type\":\"SearchAction\",\"target\":{\"@type\":\"EntryPoint\",\"urlTemplate\":\"https:\\\/\\\/www.visit-montenegro.com\\\/me\\\/?s={search_term_string}\"},\"query-input\":{\"@type\":\"PropertyValueSpecification\",\"valueRequired\":true,\"valueName\":\"search_term_string\"}}],\"inLanguage\":\"sr-Latn-ME\"},{\"@type\":\"Organization\",\"@id\":\"https:\\\/\\\/www.visit-montenegro.com\\\/me\\\/#organization\",\"name\":\"Visit Montenegro\",\"url\":\"https:\\\/\\\/www.visit-montenegro.com\\\/me\\\/\",\"logo\":{\"@type\":\"ImageObject\",\"inLanguage\":\"sr-Latn-ME\",\"@id\":\"https:\\\/\\\/www.visit-montenegro.com\\\/me\\\/#\\\/schema\\\/logo\\\/image\\\/\",\"url\":\"https:\\\/\\\/www.visit-montenegro.com\\\/wp-content\\\/uploads\\\/2017\\\/10\\\/logo-amp.png\",\"contentUrl\":\"https:\\\/\\\/www.visit-montenegro.com\\\/wp-content\\\/uploads\\\/2017\\\/10\\\/logo-amp.png\",\"width\":190,\"height\":36,\"caption\":\"Visit Montenegro\"},\"image\":{\"@id\":\"https:\\\/\\\/www.visit-montenegro.com\\\/me\\\/#\\\/schema\\\/logo\\\/image\\\/\"},\"sameAs\":[\"https:\\\/\\\/www.facebook.com\\\/visitmontenegro\",\"https:\\\/\\\/x.com\\\/visitmontenegro\",\"https:\\\/\\\/www.instagram.com\\\/visit_montenegro\\\/\",\"https:\\\/\\\/www.youtube.com\\\/user\\\/VisitMontenegro\"]}]}<\/script>\n<!-- \/ Yoast SEO plugin. -->","yoast_head_json":{"title":"Nacionalni park Prokletije - Visit Montenegro","description":"Istra\u017eite Nacionalni park Prokletije u Crnoj Gori: divlje planine, ledenja\u010dka jezera, bogata flora i kulturna istorija. Planirajte svoj put sa savjetima za planinarenje i informacijama za posjetioce.","robots":{"index":"index","follow":"follow","max-snippet":"max-snippet:-1","max-image-preview":"max-image-preview:large","max-video-preview":"max-video-preview:-1"},"canonical":"https:\/\/www.visit-montenegro.com\/me\/destinacije\/plav\/atrakcije\/prokletije\/","og_locale":"en_US","og_type":"article","og_title":"Nacionalni park Prokletije - Visit Montenegro","og_description":"Istra\u017eite Nacionalni park Prokletije u Crnoj Gori: divlje planine, ledenja\u010dka jezera, bogata flora i kulturna istorija. Planirajte svoj put sa savjetima za planinarenje i informacijama za posjetioce.","og_url":"https:\/\/www.visit-montenegro.com\/me\/destinacije\/plav\/atrakcije\/prokletije\/","og_site_name":"Visit Montenegro","article_publisher":"https:\/\/www.facebook.com\/visitmontenegro","article_modified_time":"2026-02-24T12:29:20+00:00","og_image":[{"width":1600,"height":1067,"url":"https:\/\/www.visit-montenegro.com\/wp-content\/uploads\/2026\/01\/prokletije-02-scaled.jpg","type":"image\/jpeg"}],"twitter_card":"summary_large_image","twitter_site":"@visitmontenegro","twitter_misc":{"Est. reading time":"4 minutes"},"schema":{"@context":"https:\/\/schema.org","@graph":[{"@type":"WebPage","@id":"https:\/\/www.visit-montenegro.com\/me\/destinacije\/plav\/atrakcije\/prokletije\/","url":"https:\/\/www.visit-montenegro.com\/me\/destinacije\/plav\/atrakcije\/prokletije\/","name":"Nacionalni park Prokletije - Visit Montenegro","isPartOf":{"@id":"https:\/\/www.visit-montenegro.com\/me\/#website"},"primaryImageOfPage":{"@id":"https:\/\/www.visit-montenegro.com\/me\/destinacije\/plav\/atrakcije\/prokletije\/#primaryimage"},"image":{"@id":"https:\/\/www.visit-montenegro.com\/me\/destinacije\/plav\/atrakcije\/prokletije\/#primaryimage"},"thumbnailUrl":"https:\/\/www.visit-montenegro.com\/wp-content\/uploads\/2026\/01\/prokletije-02-scaled.jpg","datePublished":"2026-01-27T20:44:33+00:00","dateModified":"2026-02-24T12:29:20+00:00","description":"Istra\u017eite Nacionalni park Prokletije u Crnoj Gori: divlje planine, ledenja\u010dka jezera, bogata flora i kulturna istorija. Planirajte svoj put sa savjetima za planinarenje i informacijama za posjetioce.","breadcrumb":{"@id":"https:\/\/www.visit-montenegro.com\/me\/destinacije\/plav\/atrakcije\/prokletije\/#breadcrumb"},"inLanguage":"sr-Latn-ME","potentialAction":[{"@type":"ReadAction","target":["https:\/\/www.visit-montenegro.com\/me\/destinacije\/plav\/atrakcije\/prokletije\/"]}]},{"@type":"ImageObject","inLanguage":"sr-Latn-ME","@id":"https:\/\/www.visit-montenegro.com\/me\/destinacije\/plav\/atrakcije\/prokletije\/#primaryimage","url":"https:\/\/www.visit-montenegro.com\/wp-content\/uploads\/2026\/01\/prokletije-02-scaled.jpg","contentUrl":"https:\/\/www.visit-montenegro.com\/wp-content\/uploads\/2026\/01\/prokletije-02-scaled.jpg","width":1600,"height":1067,"caption":"Nevjerovatan pogled na mirnu planinsku dolinu, Nacionalni park Prokletije, Crna Gora"},{"@type":"BreadcrumbList","@id":"https:\/\/www.visit-montenegro.com\/me\/destinacije\/plav\/atrakcije\/prokletije\/#breadcrumb","itemListElement":[{"@type":"ListItem","position":1,"name":"Home","item":"https:\/\/www.visit-montenegro.com\/me\/pocetna\/"},{"@type":"ListItem","position":2,"name":"Turisti\u010dke destinacije u Crnoj Gori","item":"https:\/\/www.visit-montenegro.com\/me\/destinacije\/"},{"@type":"ListItem","position":3,"name":"Plav","item":"https:\/\/www.visit-montenegro.com\/me\/destinacije\/plav\/"},{"@type":"ListItem","position":4,"name":"Plav Atrakcije","item":"https:\/\/www.visit-montenegro.com\/me\/destinacije\/plav\/atrakcije\/"},{"@type":"ListItem","position":5,"name":"Nacionalni park Prokletije"}]},{"@type":"WebSite","@id":"https:\/\/www.visit-montenegro.com\/me\/#website","url":"https:\/\/www.visit-montenegro.com\/me\/","name":"Visit Montenegro","description":"Breathtaking beauty","publisher":{"@id":"https:\/\/www.visit-montenegro.com\/me\/#organization"},"potentialAction":[{"@type":"SearchAction","target":{"@type":"EntryPoint","urlTemplate":"https:\/\/www.visit-montenegro.com\/me\/?s={search_term_string}"},"query-input":{"@type":"PropertyValueSpecification","valueRequired":true,"valueName":"search_term_string"}}],"inLanguage":"sr-Latn-ME"},{"@type":"Organization","@id":"https:\/\/www.visit-montenegro.com\/me\/#organization","name":"Visit Montenegro","url":"https:\/\/www.visit-montenegro.com\/me\/","logo":{"@type":"ImageObject","inLanguage":"sr-Latn-ME","@id":"https:\/\/www.visit-montenegro.com\/me\/#\/schema\/logo\/image\/","url":"https:\/\/www.visit-montenegro.com\/wp-content\/uploads\/2017\/10\/logo-amp.png","contentUrl":"https:\/\/www.visit-montenegro.com\/wp-content\/uploads\/2017\/10\/logo-amp.png","width":190,"height":36,"caption":"Visit Montenegro"},"image":{"@id":"https:\/\/www.visit-montenegro.com\/me\/#\/schema\/logo\/image\/"},"sameAs":["https:\/\/www.facebook.com\/visitmontenegro","https:\/\/x.com\/visitmontenegro","https:\/\/www.instagram.com\/visit_montenegro\/","https:\/\/www.youtube.com\/user\/VisitMontenegro"]}]}},"translations":[],"_links":{"self":[{"href":"https:\/\/www.visit-montenegro.com\/me\/wp-json\/wp\/v2\/pages\/134542","targetHints":{"allow":["GET"]}}],"collection":[{"href":"https:\/\/www.visit-montenegro.com\/me\/wp-json\/wp\/v2\/pages"}],"about":[{"href":"https:\/\/www.visit-montenegro.com\/me\/wp-json\/wp\/v2\/types\/page"}],"author":[{"embeddable":true,"href":"https:\/\/www.visit-montenegro.com\/me\/wp-json\/wp\/v2\/users\/1"}],"replies":[{"embeddable":true,"href":"https:\/\/www.visit-montenegro.com\/me\/wp-json\/wp\/v2\/comments?post=134542"}],"version-history":[{"count":0,"href":"https:\/\/www.visit-montenegro.com\/me\/wp-json\/wp\/v2\/pages\/134542\/revisions"}],"up":[{"embeddable":true,"href":"https:\/\/www.visit-montenegro.com\/me\/wp-json\/wp\/v2\/pages\/134535"}],"wp:featuredmedia":[{"embeddable":true,"href":"https:\/\/www.visit-montenegro.com\/me\/wp-json\/wp\/v2\/media\/133944"}],"wp:attachment":[{"href":"https:\/\/www.visit-montenegro.com\/me\/wp-json\/wp\/v2\/media?parent=134542"}],"wp:term":[{"taxonomy":"post_tag","embeddable":true,"href":"https:\/\/www.visit-montenegro.com\/me\/wp-json\/wp\/v2\/tags?post=134542"}],"curies":[{"name":"wp","href":"https:\/\/api.w.org\/{rel}","templated":true}]}}