{"id":134544,"date":"2026-01-27T21:44:33","date_gmt":"2026-01-27T20:44:33","guid":{"rendered":"https:\/\/new.visit-montenegro.com\/destinacije\/plav\/atrakcije\/ali-pasha-springs\/"},"modified":"2026-02-22T16:59:54","modified_gmt":"2026-02-22T15:59:54","slug":"ali-pasha-springs","status":"publish","type":"page","link":"https:\/\/www.visit-montenegro.com\/me\/destinacije\/plav\/atrakcije\/ali-pasha-springs\/","title":{"rendered":"Ali-Pa\u0161ini Izvori"},"content":{"rendered":"\n<p>Ali-Pa\u0161ini Izvori su vrhunska prirodna atrakcija u Nacionalnom parku <a href=\"https:\/\/www.visit-montenegro.com\/me\/destinacije\/plav\/atrakcije\/prokletije\/\">Prokletije<\/a> u Crnoj Gori, formirani rijekom koja izbija direktno iz tla kroz mnoge male izvore, nude\u0107i spektakularan i jedinstven pejza\u017e s izuzetno \u010distom vodom.<\/p>\n\n<hr class=\"wp-block-separator has-alpha-channel-opacity\"\/>\n\n<h2 class=\"wp-block-heading\">Ali-Pa\u0161ini Izvori: Prirodno \u010dudo u Nacionalnom parku Prokletije<\/h2>\n\n<p>Jedna od vrhunskih atrakcija u <a href=\"https:\/\/www.visit-montenegro.com\/me\/destinacije\/plav\/atrakcije\/prokletije\/\">Nacionalnom parku Prokletije<\/a> su <strong>Ali-Pa\u0161ini Izvori<\/strong> (Ali Pasini Izvori). Rijeka koja se formira direktno izbijanjem iz tla, iz mnogih malih izvora, je ne\u0161to \u0161to \u0107e vas sigurno jako zadiviti. Posljedi\u010dno, ovo mjesto je posjetilo mnogo turista posljednjih godina, jer je Nacionalni park Prokletije jedno od mjesta koja morate posjetiti u Crnoj Gori.<\/p>\n\n<p><strong>Ali-Pa\u0161ini Izvori<\/strong> su, kao \u0161to je spomenuto, vrlo spektakularni i jedinstveni, a voda je toliko \u010dista da je mnogi ljudi piju direktno s ovog mjesta. \u0160tavi\u0161e, <strong>Ali-Pa\u0161ini Izvori<\/strong> se nalaze u podno\u017eju planine Prokletije, nekoliko kilometara od Gusinja. Ovo je savr\u0161eno mjesto za sve turiste koji preferiraju mirna mjesta sa spektakularnom prirodom.<\/p>\n","protected":false},"excerpt":{"rendered":"<p>Otkrijte Ali-Pa\u0161ine izvore, zapanjuju\u0107u prirodnu atrakciju u Nacionalnom parku Prokletije u Crnoj Gori. Formirani izvorima koji izbijaju iz tla, nude \u010distu vodu i predivne pejza\u017ee, savr\u0161eno za ljubitelje prirode koji tra\u017ee mir.<\/p>\n","protected":false},"author":1,"featured_media":134545,"parent":134535,"menu_order":0,"comment_status":"closed","ping_status":"closed","template":"","meta":{"_yoast_wpseo_focuskw":"Ali-Pa\u0161ini Izvori","_yoast_wpseo_metadesc":"Istra\u017eite Ali-Pa\u0161ine izvore u Nacionalnom parku Prokletije u Crnoj Gori. Pogledajte spektakularne izvore koji formiraju rijeku, popijte \u010distu vodu i u\u017eivajte u mirnoj prirodi. Planirajte svoj posjet sada!","_kad_post_transparent":"","_kad_post_title":"","_kad_post_layout":"","_kad_post_sidebar_id":"","_kad_post_content_style":"","_kad_post_vertical_padding":"","_kad_post_feature":"","_kad_post_feature_position":"","_kad_post_header":false,"_kad_post_footer":false,"_kad_post_classname":"","iawp_total_views":8,"footnotes":""},"tags":[],"class_list":["post-134544","page","type-page","status-publish","has-post-thumbnail","hentry"],"yoast_head":"<!-- This site is optimized with the Yoast SEO plugin v27.3 - https:\/\/yoast.com\/product\/yoast-seo-wordpress\/ -->\n<title>Ali-Pa\u0161ini Izvori - Visit Montenegro<\/title>\n<meta name=\"description\" content=\"Istra\u017eite Ali-Pa\u0161ine izvore u Nacionalnom parku Prokletije u Crnoj Gori. Pogledajte spektakularne izvore koji formiraju rijeku, popijte \u010distu vodu i u\u017eivajte u mirnoj prirodi. Planirajte svoj posjet sada!\" \/>\n<meta name=\"robots\" content=\"index, follow, max-snippet:-1, max-image-preview:large, max-video-preview:-1\" \/>\n<link rel=\"canonical\" href=\"https:\/\/www.visit-montenegro.com\/me\/destinacije\/plav\/atrakcije\/ali-pasha-springs\/\" \/>\n<meta property=\"og:locale\" content=\"en_US\" \/>\n<meta property=\"og:type\" content=\"article\" \/>\n<meta property=\"og:title\" content=\"Ali-Pa\u0161ini Izvori - Visit Montenegro\" \/>\n<meta property=\"og:description\" content=\"Istra\u017eite Ali-Pa\u0161ine izvore u Nacionalnom parku Prokletije u Crnoj Gori. Pogledajte spektakularne izvore koji formiraju rijeku, popijte \u010distu vodu i u\u017eivajte u mirnoj prirodi. Planirajte svoj posjet sada!\" \/>\n<meta property=\"og:url\" content=\"https:\/\/www.visit-montenegro.com\/me\/destinacije\/plav\/atrakcije\/ali-pasha-springs\/\" \/>\n<meta property=\"og:site_name\" content=\"Visit Montenegro\" \/>\n<meta property=\"article:publisher\" content=\"https:\/\/www.facebook.com\/visitmontenegro\" \/>\n<meta property=\"article:modified_time\" content=\"2026-02-22T15:59:54+00:00\" \/>\n<meta property=\"og:image\" content=\"https:\/\/www.visit-montenegro.com\/wp-content\/uploads\/2026\/01\/prokletije-ali-pasha-springs-02-scaled.jpg\" \/>\n\t<meta property=\"og:image:width\" content=\"1600\" \/>\n\t<meta property=\"og:image:height\" content=\"1067\" \/>\n\t<meta property=\"og:image:type\" content=\"image\/jpeg\" \/>\n<meta name=\"twitter:card\" content=\"summary_large_image\" \/>\n<meta name=\"twitter:site\" content=\"@visitmontenegro\" \/>\n<meta name=\"twitter:label1\" content=\"Est. reading time\" \/>\n\t<meta name=\"twitter:data1\" content=\"1 minute\" \/>\n<script type=\"application\/ld+json\" class=\"yoast-schema-graph\">{\"@context\":\"https:\\\/\\\/schema.org\",\"@graph\":[{\"@type\":\"WebPage\",\"@id\":\"https:\\\/\\\/www.visit-montenegro.com\\\/me\\\/destinacije\\\/plav\\\/atrakcije\\\/ali-pasha-springs\\\/\",\"url\":\"https:\\\/\\\/www.visit-montenegro.com\\\/me\\\/destinacije\\\/plav\\\/atrakcije\\\/ali-pasha-springs\\\/\",\"name\":\"Ali-Pa\u0161ini Izvori - Visit Montenegro\",\"isPartOf\":{\"@id\":\"https:\\\/\\\/www.visit-montenegro.com\\\/me\\\/#website\"},\"primaryImageOfPage\":{\"@id\":\"https:\\\/\\\/www.visit-montenegro.com\\\/me\\\/destinacije\\\/plav\\\/atrakcije\\\/ali-pasha-springs\\\/#primaryimage\"},\"image\":{\"@id\":\"https:\\\/\\\/www.visit-montenegro.com\\\/me\\\/destinacije\\\/plav\\\/atrakcije\\\/ali-pasha-springs\\\/#primaryimage\"},\"thumbnailUrl\":\"https:\\\/\\\/www.visit-montenegro.com\\\/wp-content\\\/uploads\\\/2026\\\/01\\\/prokletije-ali-pasha-springs-02-scaled.jpg\",\"datePublished\":\"2026-01-27T20:44:33+00:00\",\"dateModified\":\"2026-02-22T15:59:54+00:00\",\"description\":\"Istra\u017eite Ali-Pa\u0161ine izvore u Nacionalnom parku Prokletije u Crnoj Gori. Pogledajte spektakularne izvore koji formiraju rijeku, popijte \u010distu vodu i u\u017eivajte u mirnoj prirodi. Planirajte svoj posjet sada!\",\"breadcrumb\":{\"@id\":\"https:\\\/\\\/www.visit-montenegro.com\\\/me\\\/destinacije\\\/plav\\\/atrakcije\\\/ali-pasha-springs\\\/#breadcrumb\"},\"inLanguage\":\"sr-Latn-ME\",\"potentialAction\":[{\"@type\":\"ReadAction\",\"target\":[\"https:\\\/\\\/www.visit-montenegro.com\\\/me\\\/destinacije\\\/plav\\\/atrakcije\\\/ali-pasha-springs\\\/\"]}]},{\"@type\":\"ImageObject\",\"inLanguage\":\"sr-Latn-ME\",\"@id\":\"https:\\\/\\\/www.visit-montenegro.com\\\/me\\\/destinacije\\\/plav\\\/atrakcije\\\/ali-pasha-springs\\\/#primaryimage\",\"url\":\"https:\\\/\\\/www.visit-montenegro.com\\\/wp-content\\\/uploads\\\/2026\\\/01\\\/prokletije-ali-pasha-springs-02-scaled.jpg\",\"contentUrl\":\"https:\\\/\\\/www.visit-montenegro.com\\\/wp-content\\\/uploads\\\/2026\\\/01\\\/prokletije-ali-pasha-springs-02-scaled.jpg\",\"width\":1600,\"height\":1067,\"caption\":\"Poznati izvori Ali-Pa\u0161ini nalaze se blizu planina Prokletija.\"},{\"@type\":\"BreadcrumbList\",\"@id\":\"https:\\\/\\\/www.visit-montenegro.com\\\/me\\\/destinacije\\\/plav\\\/atrakcije\\\/ali-pasha-springs\\\/#breadcrumb\",\"itemListElement\":[{\"@type\":\"ListItem\",\"position\":1,\"name\":\"Home\",\"item\":\"https:\\\/\\\/www.visit-montenegro.com\\\/me\\\/pocetna\\\/\"},{\"@type\":\"ListItem\",\"position\":2,\"name\":\"Turisti\u010dke destinacije u Crnoj Gori\",\"item\":\"https:\\\/\\\/www.visit-montenegro.com\\\/me\\\/destinacije\\\/\"},{\"@type\":\"ListItem\",\"position\":3,\"name\":\"Plav\",\"item\":\"https:\\\/\\\/www.visit-montenegro.com\\\/me\\\/destinacije\\\/plav\\\/\"},{\"@type\":\"ListItem\",\"position\":4,\"name\":\"Plav Atrakcije\",\"item\":\"https:\\\/\\\/www.visit-montenegro.com\\\/me\\\/destinacije\\\/plav\\\/atrakcije\\\/\"},{\"@type\":\"ListItem\",\"position\":5,\"name\":\"Ali-Pa\u0161ini Izvori\"}]},{\"@type\":\"WebSite\",\"@id\":\"https:\\\/\\\/www.visit-montenegro.com\\\/me\\\/#website\",\"url\":\"https:\\\/\\\/www.visit-montenegro.com\\\/me\\\/\",\"name\":\"Visit Montenegro\",\"description\":\"Breathtaking beauty\",\"publisher\":{\"@id\":\"https:\\\/\\\/www.visit-montenegro.com\\\/me\\\/#organization\"},\"potentialAction\":[{\"@type\":\"SearchAction\",\"target\":{\"@type\":\"EntryPoint\",\"urlTemplate\":\"https:\\\/\\\/www.visit-montenegro.com\\\/me\\\/?s={search_term_string}\"},\"query-input\":{\"@type\":\"PropertyValueSpecification\",\"valueRequired\":true,\"valueName\":\"search_term_string\"}}],\"inLanguage\":\"sr-Latn-ME\"},{\"@type\":\"Organization\",\"@id\":\"https:\\\/\\\/www.visit-montenegro.com\\\/me\\\/#organization\",\"name\":\"Visit Montenegro\",\"url\":\"https:\\\/\\\/www.visit-montenegro.com\\\/me\\\/\",\"logo\":{\"@type\":\"ImageObject\",\"inLanguage\":\"sr-Latn-ME\",\"@id\":\"https:\\\/\\\/www.visit-montenegro.com\\\/me\\\/#\\\/schema\\\/logo\\\/image\\\/\",\"url\":\"https:\\\/\\\/www.visit-montenegro.com\\\/wp-content\\\/uploads\\\/2017\\\/10\\\/logo-amp.png\",\"contentUrl\":\"https:\\\/\\\/www.visit-montenegro.com\\\/wp-content\\\/uploads\\\/2017\\\/10\\\/logo-amp.png\",\"width\":190,\"height\":36,\"caption\":\"Visit Montenegro\"},\"image\":{\"@id\":\"https:\\\/\\\/www.visit-montenegro.com\\\/me\\\/#\\\/schema\\\/logo\\\/image\\\/\"},\"sameAs\":[\"https:\\\/\\\/www.facebook.com\\\/visitmontenegro\",\"https:\\\/\\\/x.com\\\/visitmontenegro\",\"https:\\\/\\\/www.instagram.com\\\/visit_montenegro\\\/\",\"https:\\\/\\\/www.youtube.com\\\/user\\\/VisitMontenegro\"]}]}<\/script>\n<!-- \/ Yoast SEO plugin. -->","yoast_head_json":{"title":"Ali-Pa\u0161ini Izvori - Visit Montenegro","description":"Istra\u017eite Ali-Pa\u0161ine izvore u Nacionalnom parku Prokletije u Crnoj Gori. Pogledajte spektakularne izvore koji formiraju rijeku, popijte \u010distu vodu i u\u017eivajte u mirnoj prirodi. Planirajte svoj posjet sada!","robots":{"index":"index","follow":"follow","max-snippet":"max-snippet:-1","max-image-preview":"max-image-preview:large","max-video-preview":"max-video-preview:-1"},"canonical":"https:\/\/www.visit-montenegro.com\/me\/destinacije\/plav\/atrakcije\/ali-pasha-springs\/","og_locale":"en_US","og_type":"article","og_title":"Ali-Pa\u0161ini Izvori - Visit Montenegro","og_description":"Istra\u017eite Ali-Pa\u0161ine izvore u Nacionalnom parku Prokletije u Crnoj Gori. Pogledajte spektakularne izvore koji formiraju rijeku, popijte \u010distu vodu i u\u017eivajte u mirnoj prirodi. Planirajte svoj posjet sada!","og_url":"https:\/\/www.visit-montenegro.com\/me\/destinacije\/plav\/atrakcije\/ali-pasha-springs\/","og_site_name":"Visit Montenegro","article_publisher":"https:\/\/www.facebook.com\/visitmontenegro","article_modified_time":"2026-02-22T15:59:54+00:00","og_image":[{"width":1600,"height":1067,"url":"https:\/\/www.visit-montenegro.com\/wp-content\/uploads\/2026\/01\/prokletije-ali-pasha-springs-02-scaled.jpg","type":"image\/jpeg"}],"twitter_card":"summary_large_image","twitter_site":"@visitmontenegro","twitter_misc":{"Est. reading time":"1 minute"},"schema":{"@context":"https:\/\/schema.org","@graph":[{"@type":"WebPage","@id":"https:\/\/www.visit-montenegro.com\/me\/destinacije\/plav\/atrakcije\/ali-pasha-springs\/","url":"https:\/\/www.visit-montenegro.com\/me\/destinacije\/plav\/atrakcije\/ali-pasha-springs\/","name":"Ali-Pa\u0161ini Izvori - Visit Montenegro","isPartOf":{"@id":"https:\/\/www.visit-montenegro.com\/me\/#website"},"primaryImageOfPage":{"@id":"https:\/\/www.visit-montenegro.com\/me\/destinacije\/plav\/atrakcije\/ali-pasha-springs\/#primaryimage"},"image":{"@id":"https:\/\/www.visit-montenegro.com\/me\/destinacije\/plav\/atrakcije\/ali-pasha-springs\/#primaryimage"},"thumbnailUrl":"https:\/\/www.visit-montenegro.com\/wp-content\/uploads\/2026\/01\/prokletije-ali-pasha-springs-02-scaled.jpg","datePublished":"2026-01-27T20:44:33+00:00","dateModified":"2026-02-22T15:59:54+00:00","description":"Istra\u017eite Ali-Pa\u0161ine izvore u Nacionalnom parku Prokletije u Crnoj Gori. Pogledajte spektakularne izvore koji formiraju rijeku, popijte \u010distu vodu i u\u017eivajte u mirnoj prirodi. Planirajte svoj posjet sada!","breadcrumb":{"@id":"https:\/\/www.visit-montenegro.com\/me\/destinacije\/plav\/atrakcije\/ali-pasha-springs\/#breadcrumb"},"inLanguage":"sr-Latn-ME","potentialAction":[{"@type":"ReadAction","target":["https:\/\/www.visit-montenegro.com\/me\/destinacije\/plav\/atrakcije\/ali-pasha-springs\/"]}]},{"@type":"ImageObject","inLanguage":"sr-Latn-ME","@id":"https:\/\/www.visit-montenegro.com\/me\/destinacije\/plav\/atrakcije\/ali-pasha-springs\/#primaryimage","url":"https:\/\/www.visit-montenegro.com\/wp-content\/uploads\/2026\/01\/prokletije-ali-pasha-springs-02-scaled.jpg","contentUrl":"https:\/\/www.visit-montenegro.com\/wp-content\/uploads\/2026\/01\/prokletije-ali-pasha-springs-02-scaled.jpg","width":1600,"height":1067,"caption":"Poznati izvori Ali-Pa\u0161ini nalaze se blizu planina Prokletija."},{"@type":"BreadcrumbList","@id":"https:\/\/www.visit-montenegro.com\/me\/destinacije\/plav\/atrakcije\/ali-pasha-springs\/#breadcrumb","itemListElement":[{"@type":"ListItem","position":1,"name":"Home","item":"https:\/\/www.visit-montenegro.com\/me\/pocetna\/"},{"@type":"ListItem","position":2,"name":"Turisti\u010dke destinacije u Crnoj Gori","item":"https:\/\/www.visit-montenegro.com\/me\/destinacije\/"},{"@type":"ListItem","position":3,"name":"Plav","item":"https:\/\/www.visit-montenegro.com\/me\/destinacije\/plav\/"},{"@type":"ListItem","position":4,"name":"Plav Atrakcije","item":"https:\/\/www.visit-montenegro.com\/me\/destinacije\/plav\/atrakcije\/"},{"@type":"ListItem","position":5,"name":"Ali-Pa\u0161ini Izvori"}]},{"@type":"WebSite","@id":"https:\/\/www.visit-montenegro.com\/me\/#website","url":"https:\/\/www.visit-montenegro.com\/me\/","name":"Visit Montenegro","description":"Breathtaking beauty","publisher":{"@id":"https:\/\/www.visit-montenegro.com\/me\/#organization"},"potentialAction":[{"@type":"SearchAction","target":{"@type":"EntryPoint","urlTemplate":"https:\/\/www.visit-montenegro.com\/me\/?s={search_term_string}"},"query-input":{"@type":"PropertyValueSpecification","valueRequired":true,"valueName":"search_term_string"}}],"inLanguage":"sr-Latn-ME"},{"@type":"Organization","@id":"https:\/\/www.visit-montenegro.com\/me\/#organization","name":"Visit Montenegro","url":"https:\/\/www.visit-montenegro.com\/me\/","logo":{"@type":"ImageObject","inLanguage":"sr-Latn-ME","@id":"https:\/\/www.visit-montenegro.com\/me\/#\/schema\/logo\/image\/","url":"https:\/\/www.visit-montenegro.com\/wp-content\/uploads\/2017\/10\/logo-amp.png","contentUrl":"https:\/\/www.visit-montenegro.com\/wp-content\/uploads\/2017\/10\/logo-amp.png","width":190,"height":36,"caption":"Visit Montenegro"},"image":{"@id":"https:\/\/www.visit-montenegro.com\/me\/#\/schema\/logo\/image\/"},"sameAs":["https:\/\/www.facebook.com\/visitmontenegro","https:\/\/x.com\/visitmontenegro","https:\/\/www.instagram.com\/visit_montenegro\/","https:\/\/www.youtube.com\/user\/VisitMontenegro"]}]}},"translations":[],"_links":{"self":[{"href":"https:\/\/www.visit-montenegro.com\/me\/wp-json\/wp\/v2\/pages\/134544","targetHints":{"allow":["GET"]}}],"collection":[{"href":"https:\/\/www.visit-montenegro.com\/me\/wp-json\/wp\/v2\/pages"}],"about":[{"href":"https:\/\/www.visit-montenegro.com\/me\/wp-json\/wp\/v2\/types\/page"}],"author":[{"embeddable":true,"href":"https:\/\/www.visit-montenegro.com\/me\/wp-json\/wp\/v2\/users\/1"}],"replies":[{"embeddable":true,"href":"https:\/\/www.visit-montenegro.com\/me\/wp-json\/wp\/v2\/comments?post=134544"}],"version-history":[{"count":0,"href":"https:\/\/www.visit-montenegro.com\/me\/wp-json\/wp\/v2\/pages\/134544\/revisions"}],"up":[{"embeddable":true,"href":"https:\/\/www.visit-montenegro.com\/me\/wp-json\/wp\/v2\/pages\/134535"}],"wp:featuredmedia":[{"embeddable":true,"href":"https:\/\/www.visit-montenegro.com\/me\/wp-json\/wp\/v2\/media\/134545"}],"wp:attachment":[{"href":"https:\/\/www.visit-montenegro.com\/me\/wp-json\/wp\/v2\/media?parent=134544"}],"wp:term":[{"taxonomy":"post_tag","embeddable":true,"href":"https:\/\/www.visit-montenegro.com\/me\/wp-json\/wp\/v2\/tags?post=134544"}],"curies":[{"name":"wp","href":"https:\/\/api.w.org\/{rel}","templated":true}]}}