{"id":134554,"date":"2026-01-27T21:44:33","date_gmt":"2026-01-27T20:44:33","guid":{"rendered":"https:\/\/new.visit-montenegro.com\/destinacije\/plav\/atrakcije\/hridsko-jezero\/"},"modified":"2026-02-22T16:59:54","modified_gmt":"2026-02-22T15:59:54","slug":"hridsko-jezero","status":"publish","type":"page","link":"https:\/\/www.visit-montenegro.com\/me\/destinacije\/plav\/atrakcije\/hridsko-jezero\/","title":{"rendered":"Hridsko jezero"},"content":{"rendered":"\n<p><strong>Hridsko jezero<\/strong> (Hridsko jezero) je &#8216;jezero sre\u0107e&#8217; skriveno na 1.970 metara u Nacionalnom parku <a href=\"https:\/\/www.visit-montenegro.com\/me\/destinacije\/plav\/atrakcije\/prokletije\/\">Prokletije<\/a> u Crnoj Gori, blizu Plava i Gusinja. Ovo netaknuto podru\u010dje nudi \u010distu prirodu i divlju ljepotu, bez ljudskih naselja u blizini.<\/p>\n\n<hr class=\"wp-block-separator has-alpha-channel-opacity\"\/>\n\n<h2 class=\"wp-block-heading\">Lokacija i pejza\u017e<\/h2>\n\n<p><strong>Hridsko jezero<\/strong> se nalazi na sjeverozapadnoj strani Nacionalnog parka Prokletije, u op\u0161tini <a href=\"https:\/\/www.visit-montenegro.com\/me\/destinacije\/plav\/\">Plav<\/a>, u sjevernoj Crnoj Gori. Lako je dostupno iz gradova Plav i Gusinje. Priroda je jo\u0161 uvijek netaknuta u ovom dijelu &#8216;Prokletih planina&#8217; (&#8216;proklet&#8217; zna\u010di proklet). Doista, mo\u017eete sresti neke planinare koji vole prirodu, ali nema ljudskih naselja u \u0161iroj okolini. \u010cista priroda i divlja ljepota!<\/p>\n\n<p><strong>Hridsko jezero<\/strong> smje\u0161teno je u spektakularnom pejza\u017eu obilje\u017eenom visokim borovima, izbijeljenim deblima drve\u0107a i zanimljivim stijenama. Smje\u0161teno u intenzivnom mirisu borova, ljubitelji prirode i oni koji tra\u017ee mir mogu prona\u0107i mjesto za opu\u0161tanje i sanjarenje. Blizu jezera mo\u017eete prona\u0107i dolinu sa bujnim zelenim livadama koje vas pozivaju na opu\u0161tanje.<\/p>\n\n<p>&#8216;Kr\u0161evita stijena&#8217; se na crnogorskom zove &#8216;hrid&#8217;, a jezero je skriveno ispod strmih litica Hridskog kr\u0161a (2358 m) i planine Bogi\u0107evi\u0107a (2374 m).<\/p>\n\n<h2 class=\"wp-block-heading\">Karakteristike i legende<\/h2>\n\n<p><strong>Hridsko jezero<\/strong> je jedno od najvi\u0161ih jezera u Crnoj Gori, koja se nazivaju &#8216;Gorske o\u010di&#8217;. Jezero je ledenja\u010dkog porijekla i poznato je kao &#8216;Biser Prokletija&#8217; me\u0111u ljudima.<\/p>\n<div class=\"wp-block-image\">\n<figure class=\"aligncenter size-large\"><img loading=\"lazy\" decoding=\"async\" width=\"1024\" height=\"678\" src=\"https:\/\/www.visit-montenegro.com\/wp-content\/uploads\/2026\/01\/prokletije-hrid-lake-02-1024x678.jpg\" alt=\"\" class=\"wp-image-36204\" srcset=\"https:\/\/www.visit-montenegro.com\/wp-content\/uploads\/2026\/01\/prokletije-hrid-lake-02-1024x678.jpg 1024w, https:\/\/www.visit-montenegro.com\/wp-content\/uploads\/2026\/01\/prokletije-hrid-lake-02-300x199.jpg 300w, https:\/\/www.visit-montenegro.com\/wp-content\/uploads\/2026\/01\/prokletije-hrid-lake-02-768x508.jpg 768w, https:\/\/www.visit-montenegro.com\/wp-content\/uploads\/2026\/01\/prokletije-hrid-lake-02-1536x1017.jpg 1536w, https:\/\/www.visit-montenegro.com\/wp-content\/uploads\/2026\/01\/prokletije-hrid-lake-02-1200x794.jpg 1200w, https:\/\/www.visit-montenegro.com\/wp-content\/uploads\/2026\/01\/prokletije-hrid-lake-02-scaled.jpg 1600w\" sizes=\"auto, (max-width: 1024px) 100vw, 1024px\" \/><figcaption class=\"wp-element-caption\">Rijeka Ljuca, Plav, Crna Gora.<\/figcaption><\/figure>\n<\/div>\n<p>Duga\u010dko je 300 metara i \u0161iroko 160 metara, a dubina zavisi od godi\u0161njeg doba, ali uglavnom je 5-6 m. Ljeti se smanjuje, ali ostatak vremena se pove\u0107ava, posebno kada pada ki\u0161a i topi se snijeg. Zale\u0111eno zimi, <strong>Hridsko jezero<\/strong> nije najve\u0107e jezero u Crnoj Gori. Me\u0111utim, ono \u0161to mu nedostaje u veli\u010dini, o\u010digledno nadokna\u0111uje u pogledu &#8216;faktora sre\u0107e&#8217; i zadivljuju\u0107eg okru\u017eenja me\u0111u borovima i smrekama.<\/p>\n\n<p><strong>Hridsko jezero<\/strong> (Hridsko Jezero) je poznato u Crnoj Gori kao &#8216;jezero sre\u0107e&#8217;. Postoji legenda o \u0161umskim vilama koje se skrivaju od ljudi i kupaju u <strong>Hridskom jezeru<\/strong>. \u010cak i danas, oni koji odlu\u010de oti\u0107i na kupanje vjeruju da donosi zdravlje i sre\u0107u u braku. Bacite nov\u010di\u0107 ili komad nakita\u2014prsten, narukvicu, lanac\u2014u jezero i za\u017eelite \u017eelju. Mo\u017eda \u0107e se uskoro ostvariti!<\/p>\n\n<h2 class=\"wp-block-heading\">Dostupnost i planinarenje<\/h2>\n\n<p>Jezero se nalazi na me\u0111unarodnoj planinarskoj stazi Vrhovi Balkana, koja je duga 192 kilometra i prolazi kroz Crnu Goru, Kosovo i Albaniju. Nedaleko od jezera je vrh &#8216;trome\u0111a&#8217; Trome\u0111a, gdje se granice sve tri zemlje spajaju na istom mjestu, \u0161to je vrlo zanimljivo planinarima.<\/p>\n","protected":false},"excerpt":{"rendered":"<p>Otkrijte Hridsko jezero, skriveno &#8216;jezero sre\u0107e&#8217; u Nacionalnom parku Prokletije u Crnoj Gori. Ovo ledenja\u010dko jezero nudi zadivljuju\u0107e pejza\u017ee, legende o sre\u0107i i pristup stazi Vrhovi Balkana.<\/p>\n","protected":false},"author":1,"featured_media":134555,"parent":134535,"menu_order":0,"comment_status":"closed","ping_status":"closed","template":"","meta":{"_yoast_wpseo_focuskw":"Hridsko jezero","_yoast_wpseo_metadesc":"Istra\u017eite Hridsko jezero, crnogorsko 'jezero sre\u0107e' u Nacionalnom parku Prokletije. Otkrijte njegove legende, planinarske staze i zadivljuju\u0107u alpsku ljepotu za va\u0161u sljede\u0107u avanturu.","_kad_post_transparent":"","_kad_post_title":"","_kad_post_layout":"","_kad_post_sidebar_id":"","_kad_post_content_style":"","_kad_post_vertical_padding":"","_kad_post_feature":"","_kad_post_feature_position":"","_kad_post_header":false,"_kad_post_footer":false,"_kad_post_classname":"","iawp_total_views":12,"footnotes":""},"tags":[],"class_list":["post-134554","page","type-page","status-publish","has-post-thumbnail","hentry"],"yoast_head":"<!-- This site is optimized with the Yoast SEO plugin v27.3 - https:\/\/yoast.com\/product\/yoast-seo-wordpress\/ -->\n<title>Hridsko jezero - Visit Montenegro<\/title>\n<meta name=\"description\" content=\"Istra\u017eite Hridsko jezero, crnogorsko &#039;jezero sre\u0107e&#039; u Nacionalnom parku Prokletije. Otkrijte njegove legende, planinarske staze i zadivljuju\u0107u alpsku ljepotu za va\u0161u sljede\u0107u avanturu.\" \/>\n<meta name=\"robots\" content=\"index, follow, max-snippet:-1, max-image-preview:large, max-video-preview:-1\" \/>\n<link rel=\"canonical\" href=\"https:\/\/www.visit-montenegro.com\/me\/destinacije\/plav\/atrakcije\/hridsko-jezero\/\" \/>\n<meta property=\"og:locale\" content=\"en_US\" \/>\n<meta property=\"og:type\" content=\"article\" \/>\n<meta property=\"og:title\" content=\"Hridsko jezero - Visit Montenegro\" \/>\n<meta property=\"og:description\" content=\"Istra\u017eite Hridsko jezero, crnogorsko &#039;jezero sre\u0107e&#039; u Nacionalnom parku Prokletije. Otkrijte njegove legende, planinarske staze i zadivljuju\u0107u alpsku ljepotu za va\u0161u sljede\u0107u avanturu.\" \/>\n<meta property=\"og:url\" content=\"https:\/\/www.visit-montenegro.com\/me\/destinacije\/plav\/atrakcije\/hridsko-jezero\/\" \/>\n<meta property=\"og:site_name\" content=\"Visit Montenegro\" \/>\n<meta property=\"article:publisher\" content=\"https:\/\/www.facebook.com\/visitmontenegro\" \/>\n<meta property=\"article:modified_time\" content=\"2026-02-22T15:59:54+00:00\" \/>\n<meta property=\"og:image\" content=\"https:\/\/www.visit-montenegro.com\/wp-content\/uploads\/2026\/01\/prokletije-hrid-lake-scaled.jpg\" \/>\n\t<meta property=\"og:image:width\" content=\"1600\" \/>\n\t<meta property=\"og:image:height\" content=\"1067\" \/>\n\t<meta property=\"og:image:type\" content=\"image\/jpeg\" \/>\n<meta name=\"twitter:card\" content=\"summary_large_image\" \/>\n<meta name=\"twitter:site\" content=\"@visitmontenegro\" \/>\n<meta name=\"twitter:label1\" content=\"Est. reading time\" \/>\n\t<meta name=\"twitter:data1\" content=\"2 minutes\" \/>\n<script type=\"application\/ld+json\" class=\"yoast-schema-graph\">{\"@context\":\"https:\\\/\\\/schema.org\",\"@graph\":[{\"@type\":\"WebPage\",\"@id\":\"https:\\\/\\\/www.visit-montenegro.com\\\/me\\\/destinacije\\\/plav\\\/atrakcije\\\/hridsko-jezero\\\/\",\"url\":\"https:\\\/\\\/www.visit-montenegro.com\\\/me\\\/destinacije\\\/plav\\\/atrakcije\\\/hridsko-jezero\\\/\",\"name\":\"Hridsko jezero - Visit Montenegro\",\"isPartOf\":{\"@id\":\"https:\\\/\\\/www.visit-montenegro.com\\\/me\\\/#website\"},\"primaryImageOfPage\":{\"@id\":\"https:\\\/\\\/www.visit-montenegro.com\\\/me\\\/destinacije\\\/plav\\\/atrakcije\\\/hridsko-jezero\\\/#primaryimage\"},\"image\":{\"@id\":\"https:\\\/\\\/www.visit-montenegro.com\\\/me\\\/destinacije\\\/plav\\\/atrakcije\\\/hridsko-jezero\\\/#primaryimage\"},\"thumbnailUrl\":\"https:\\\/\\\/www.visit-montenegro.com\\\/wp-content\\\/uploads\\\/2026\\\/01\\\/prokletije-hrid-lake-scaled.jpg\",\"datePublished\":\"2026-01-27T20:44:33+00:00\",\"dateModified\":\"2026-02-22T15:59:54+00:00\",\"description\":\"Istra\u017eite Hridsko jezero, crnogorsko 'jezero sre\u0107e' u Nacionalnom parku Prokletije. Otkrijte njegove legende, planinarske staze i zadivljuju\u0107u alpsku ljepotu za va\u0161u sljede\u0107u avanturu.\",\"breadcrumb\":{\"@id\":\"https:\\\/\\\/www.visit-montenegro.com\\\/me\\\/destinacije\\\/plav\\\/atrakcije\\\/hridsko-jezero\\\/#breadcrumb\"},\"inLanguage\":\"sr-Latn-ME\",\"potentialAction\":[{\"@type\":\"ReadAction\",\"target\":[\"https:\\\/\\\/www.visit-montenegro.com\\\/me\\\/destinacije\\\/plav\\\/atrakcije\\\/hridsko-jezero\\\/\"]}]},{\"@type\":\"ImageObject\",\"inLanguage\":\"sr-Latn-ME\",\"@id\":\"https:\\\/\\\/www.visit-montenegro.com\\\/me\\\/destinacije\\\/plav\\\/atrakcije\\\/hridsko-jezero\\\/#primaryimage\",\"url\":\"https:\\\/\\\/www.visit-montenegro.com\\\/wp-content\\\/uploads\\\/2026\\\/01\\\/prokletije-hrid-lake-scaled.jpg\",\"contentUrl\":\"https:\\\/\\\/www.visit-montenegro.com\\\/wp-content\\\/uploads\\\/2026\\\/01\\\/prokletije-hrid-lake-scaled.jpg\",\"width\":1600,\"height\":1067},{\"@type\":\"BreadcrumbList\",\"@id\":\"https:\\\/\\\/www.visit-montenegro.com\\\/me\\\/destinacije\\\/plav\\\/atrakcije\\\/hridsko-jezero\\\/#breadcrumb\",\"itemListElement\":[{\"@type\":\"ListItem\",\"position\":1,\"name\":\"Home\",\"item\":\"https:\\\/\\\/www.visit-montenegro.com\\\/me\\\/pocetna\\\/\"},{\"@type\":\"ListItem\",\"position\":2,\"name\":\"Turisti\u010dke destinacije u Crnoj Gori\",\"item\":\"https:\\\/\\\/www.visit-montenegro.com\\\/me\\\/destinacije\\\/\"},{\"@type\":\"ListItem\",\"position\":3,\"name\":\"Plav\",\"item\":\"https:\\\/\\\/www.visit-montenegro.com\\\/me\\\/destinacije\\\/plav\\\/\"},{\"@type\":\"ListItem\",\"position\":4,\"name\":\"Plav Atrakcije\",\"item\":\"https:\\\/\\\/www.visit-montenegro.com\\\/me\\\/destinacije\\\/plav\\\/atrakcije\\\/\"},{\"@type\":\"ListItem\",\"position\":5,\"name\":\"Hridsko jezero\"}]},{\"@type\":\"WebSite\",\"@id\":\"https:\\\/\\\/www.visit-montenegro.com\\\/me\\\/#website\",\"url\":\"https:\\\/\\\/www.visit-montenegro.com\\\/me\\\/\",\"name\":\"Visit Montenegro\",\"description\":\"Breathtaking beauty\",\"publisher\":{\"@id\":\"https:\\\/\\\/www.visit-montenegro.com\\\/me\\\/#organization\"},\"potentialAction\":[{\"@type\":\"SearchAction\",\"target\":{\"@type\":\"EntryPoint\",\"urlTemplate\":\"https:\\\/\\\/www.visit-montenegro.com\\\/me\\\/?s={search_term_string}\"},\"query-input\":{\"@type\":\"PropertyValueSpecification\",\"valueRequired\":true,\"valueName\":\"search_term_string\"}}],\"inLanguage\":\"sr-Latn-ME\"},{\"@type\":\"Organization\",\"@id\":\"https:\\\/\\\/www.visit-montenegro.com\\\/me\\\/#organization\",\"name\":\"Visit Montenegro\",\"url\":\"https:\\\/\\\/www.visit-montenegro.com\\\/me\\\/\",\"logo\":{\"@type\":\"ImageObject\",\"inLanguage\":\"sr-Latn-ME\",\"@id\":\"https:\\\/\\\/www.visit-montenegro.com\\\/me\\\/#\\\/schema\\\/logo\\\/image\\\/\",\"url\":\"https:\\\/\\\/www.visit-montenegro.com\\\/wp-content\\\/uploads\\\/2017\\\/10\\\/logo-amp.png\",\"contentUrl\":\"https:\\\/\\\/www.visit-montenegro.com\\\/wp-content\\\/uploads\\\/2017\\\/10\\\/logo-amp.png\",\"width\":190,\"height\":36,\"caption\":\"Visit Montenegro\"},\"image\":{\"@id\":\"https:\\\/\\\/www.visit-montenegro.com\\\/me\\\/#\\\/schema\\\/logo\\\/image\\\/\"},\"sameAs\":[\"https:\\\/\\\/www.facebook.com\\\/visitmontenegro\",\"https:\\\/\\\/x.com\\\/visitmontenegro\",\"https:\\\/\\\/www.instagram.com\\\/visit_montenegro\\\/\",\"https:\\\/\\\/www.youtube.com\\\/user\\\/VisitMontenegro\"]}]}<\/script>\n<!-- \/ Yoast SEO plugin. -->","yoast_head_json":{"title":"Hridsko jezero - Visit Montenegro","description":"Istra\u017eite Hridsko jezero, crnogorsko 'jezero sre\u0107e' u Nacionalnom parku Prokletije. Otkrijte njegove legende, planinarske staze i zadivljuju\u0107u alpsku ljepotu za va\u0161u sljede\u0107u avanturu.","robots":{"index":"index","follow":"follow","max-snippet":"max-snippet:-1","max-image-preview":"max-image-preview:large","max-video-preview":"max-video-preview:-1"},"canonical":"https:\/\/www.visit-montenegro.com\/me\/destinacije\/plav\/atrakcije\/hridsko-jezero\/","og_locale":"en_US","og_type":"article","og_title":"Hridsko jezero - Visit Montenegro","og_description":"Istra\u017eite Hridsko jezero, crnogorsko 'jezero sre\u0107e' u Nacionalnom parku Prokletije. Otkrijte njegove legende, planinarske staze i zadivljuju\u0107u alpsku ljepotu za va\u0161u sljede\u0107u avanturu.","og_url":"https:\/\/www.visit-montenegro.com\/me\/destinacije\/plav\/atrakcije\/hridsko-jezero\/","og_site_name":"Visit Montenegro","article_publisher":"https:\/\/www.facebook.com\/visitmontenegro","article_modified_time":"2026-02-22T15:59:54+00:00","og_image":[{"width":1600,"height":1067,"url":"https:\/\/www.visit-montenegro.com\/wp-content\/uploads\/2026\/01\/prokletije-hrid-lake-scaled.jpg","type":"image\/jpeg"}],"twitter_card":"summary_large_image","twitter_site":"@visitmontenegro","twitter_misc":{"Est. reading time":"2 minutes"},"schema":{"@context":"https:\/\/schema.org","@graph":[{"@type":"WebPage","@id":"https:\/\/www.visit-montenegro.com\/me\/destinacije\/plav\/atrakcije\/hridsko-jezero\/","url":"https:\/\/www.visit-montenegro.com\/me\/destinacije\/plav\/atrakcije\/hridsko-jezero\/","name":"Hridsko jezero - Visit Montenegro","isPartOf":{"@id":"https:\/\/www.visit-montenegro.com\/me\/#website"},"primaryImageOfPage":{"@id":"https:\/\/www.visit-montenegro.com\/me\/destinacije\/plav\/atrakcije\/hridsko-jezero\/#primaryimage"},"image":{"@id":"https:\/\/www.visit-montenegro.com\/me\/destinacije\/plav\/atrakcije\/hridsko-jezero\/#primaryimage"},"thumbnailUrl":"https:\/\/www.visit-montenegro.com\/wp-content\/uploads\/2026\/01\/prokletije-hrid-lake-scaled.jpg","datePublished":"2026-01-27T20:44:33+00:00","dateModified":"2026-02-22T15:59:54+00:00","description":"Istra\u017eite Hridsko jezero, crnogorsko 'jezero sre\u0107e' u Nacionalnom parku Prokletije. Otkrijte njegove legende, planinarske staze i zadivljuju\u0107u alpsku ljepotu za va\u0161u sljede\u0107u avanturu.","breadcrumb":{"@id":"https:\/\/www.visit-montenegro.com\/me\/destinacije\/plav\/atrakcije\/hridsko-jezero\/#breadcrumb"},"inLanguage":"sr-Latn-ME","potentialAction":[{"@type":"ReadAction","target":["https:\/\/www.visit-montenegro.com\/me\/destinacije\/plav\/atrakcije\/hridsko-jezero\/"]}]},{"@type":"ImageObject","inLanguage":"sr-Latn-ME","@id":"https:\/\/www.visit-montenegro.com\/me\/destinacije\/plav\/atrakcije\/hridsko-jezero\/#primaryimage","url":"https:\/\/www.visit-montenegro.com\/wp-content\/uploads\/2026\/01\/prokletije-hrid-lake-scaled.jpg","contentUrl":"https:\/\/www.visit-montenegro.com\/wp-content\/uploads\/2026\/01\/prokletije-hrid-lake-scaled.jpg","width":1600,"height":1067},{"@type":"BreadcrumbList","@id":"https:\/\/www.visit-montenegro.com\/me\/destinacije\/plav\/atrakcije\/hridsko-jezero\/#breadcrumb","itemListElement":[{"@type":"ListItem","position":1,"name":"Home","item":"https:\/\/www.visit-montenegro.com\/me\/pocetna\/"},{"@type":"ListItem","position":2,"name":"Turisti\u010dke destinacije u Crnoj Gori","item":"https:\/\/www.visit-montenegro.com\/me\/destinacije\/"},{"@type":"ListItem","position":3,"name":"Plav","item":"https:\/\/www.visit-montenegro.com\/me\/destinacije\/plav\/"},{"@type":"ListItem","position":4,"name":"Plav Atrakcije","item":"https:\/\/www.visit-montenegro.com\/me\/destinacije\/plav\/atrakcije\/"},{"@type":"ListItem","position":5,"name":"Hridsko jezero"}]},{"@type":"WebSite","@id":"https:\/\/www.visit-montenegro.com\/me\/#website","url":"https:\/\/www.visit-montenegro.com\/me\/","name":"Visit Montenegro","description":"Breathtaking beauty","publisher":{"@id":"https:\/\/www.visit-montenegro.com\/me\/#organization"},"potentialAction":[{"@type":"SearchAction","target":{"@type":"EntryPoint","urlTemplate":"https:\/\/www.visit-montenegro.com\/me\/?s={search_term_string}"},"query-input":{"@type":"PropertyValueSpecification","valueRequired":true,"valueName":"search_term_string"}}],"inLanguage":"sr-Latn-ME"},{"@type":"Organization","@id":"https:\/\/www.visit-montenegro.com\/me\/#organization","name":"Visit Montenegro","url":"https:\/\/www.visit-montenegro.com\/me\/","logo":{"@type":"ImageObject","inLanguage":"sr-Latn-ME","@id":"https:\/\/www.visit-montenegro.com\/me\/#\/schema\/logo\/image\/","url":"https:\/\/www.visit-montenegro.com\/wp-content\/uploads\/2017\/10\/logo-amp.png","contentUrl":"https:\/\/www.visit-montenegro.com\/wp-content\/uploads\/2017\/10\/logo-amp.png","width":190,"height":36,"caption":"Visit Montenegro"},"image":{"@id":"https:\/\/www.visit-montenegro.com\/me\/#\/schema\/logo\/image\/"},"sameAs":["https:\/\/www.facebook.com\/visitmontenegro","https:\/\/x.com\/visitmontenegro","https:\/\/www.instagram.com\/visit_montenegro\/","https:\/\/www.youtube.com\/user\/VisitMontenegro"]}]}},"translations":[],"_links":{"self":[{"href":"https:\/\/www.visit-montenegro.com\/me\/wp-json\/wp\/v2\/pages\/134554","targetHints":{"allow":["GET"]}}],"collection":[{"href":"https:\/\/www.visit-montenegro.com\/me\/wp-json\/wp\/v2\/pages"}],"about":[{"href":"https:\/\/www.visit-montenegro.com\/me\/wp-json\/wp\/v2\/types\/page"}],"author":[{"embeddable":true,"href":"https:\/\/www.visit-montenegro.com\/me\/wp-json\/wp\/v2\/users\/1"}],"replies":[{"embeddable":true,"href":"https:\/\/www.visit-montenegro.com\/me\/wp-json\/wp\/v2\/comments?post=134554"}],"version-history":[{"count":0,"href":"https:\/\/www.visit-montenegro.com\/me\/wp-json\/wp\/v2\/pages\/134554\/revisions"}],"up":[{"embeddable":true,"href":"https:\/\/www.visit-montenegro.com\/me\/wp-json\/wp\/v2\/pages\/134535"}],"wp:featuredmedia":[{"embeddable":true,"href":"https:\/\/www.visit-montenegro.com\/me\/wp-json\/wp\/v2\/media\/134555"}],"wp:attachment":[{"href":"https:\/\/www.visit-montenegro.com\/me\/wp-json\/wp\/v2\/media?parent=134554"}],"wp:term":[{"taxonomy":"post_tag","embeddable":true,"href":"https:\/\/www.visit-montenegro.com\/me\/wp-json\/wp\/v2\/tags?post=134554"}],"curies":[{"name":"wp","href":"https:\/\/api.w.org\/{rel}","templated":true}]}}