{"id":134559,"date":"2026-01-27T21:44:33","date_gmt":"2026-01-27T20:44:33","guid":{"rendered":"https:\/\/new.visit-montenegro.com\/destinacije\/plav\/atrakcije\/kula-redzepagic\/"},"modified":"2026-02-22T16:59:54","modified_gmt":"2026-02-22T15:59:54","slug":"kula-redzepagic","status":"publish","type":"page","link":"https:\/\/www.visit-montenegro.com\/me\/destinacije\/plav\/atrakcije\/kula-redzepagic\/","title":{"rendered":"Kula Red\u017eepagi\u0107"},"content":{"rendered":"\n<p>Kula Red\u017eepagi\u0107 je najstarija o\u010duvana gra\u0111evina u Plavu i jedan od najzanimljivijih spomenika odbrambene arhitekture u Crnoj Gori, za\u0161ti\u0107ena zakonom.<\/p>\n\n<hr class=\"wp-block-separator has-alpha-channel-opacity\"\/>\n\n<h2 class=\"wp-block-heading\">Istorijsko poreklo i legende<\/h2>\n\n<p>Prema nekim pisanim izvorima, <strong>Kulu Red\u017eepagi\u0107<\/strong> je sagradio 1671. godine Hasan beg Red\u017eepagi\u0107. Me\u0111utim, legenda ka\u017ee da je mnogo starija, datira iz XV vijeka. Prema legendi, kulu su sagradili Ali Muce sa svojim sinovima, potomcima Ali bega Red\u017eepagi\u0107a, da bi branili <a href=\"https:\/\/www.visit-montenegro.com\/me\/destinacije\/plav\/\">Plav<\/a> od Bunjana (Klemenata).<\/p>\n\n<h2 class=\"wp-block-heading\">Arhitektonske karakteristike i evolucija<\/h2>\n\n<p>Kula je prvobitno imala dva sprata sa debelim zidovima, preko jednog metra, stra\u017earnicama i pu\u0161karnicama, pokrivena kamenim crijepom. Kasnije je dodan tre\u0107i sprat.<\/p>\n\n<p>Kao zna\u010dajan kulturni i istorijski spomenik, <strong>Kula Red\u017eepagi\u0107<\/strong> je veoma atraktivno turisti\u010dko mjesto.<\/p>\n\n<p><\/p>\n","protected":false},"excerpt":{"rendered":"<p>Otkrijte Kulu Red\u017eepagi\u0107, najstariju o\u010duvanu gra\u0111evinu u Plavu i klju\u010dni spomenik odbrambene arhitekture Crne Gore. Istra\u017eite njene istorijske poreklo, arhitektonsku evoluciju i kulturni zna\u010daj kao za\u0161ti\u0107ene turisti\u010dke atrakcije.<\/p>\n","protected":false},"author":1,"featured_media":134560,"parent":134535,"menu_order":0,"comment_status":"closed","ping_status":"closed","template":"","meta":{"_yoast_wpseo_focuskw":"Kula Red\u017eepagi\u0107","_yoast_wpseo_metadesc":"Istra\u017eite Kulu Red\u017eepagi\u0107 u Plavu, najstariju o\u010duvanu gra\u0111evinu u Crnoj Gori. Saznajte o njenoj istoriji, arhitekturi i za\u0161to je obavezno posjetiti kulturni spomenik.","_kad_post_transparent":"","_kad_post_title":"","_kad_post_layout":"","_kad_post_sidebar_id":"","_kad_post_content_style":"","_kad_post_vertical_padding":"","_kad_post_feature":"","_kad_post_feature_position":"","_kad_post_header":false,"_kad_post_footer":false,"_kad_post_classname":"","iawp_total_views":2,"footnotes":""},"tags":[],"class_list":["post-134559","page","type-page","status-publish","has-post-thumbnail","hentry"],"yoast_head":"<!-- This site is optimized with the Yoast SEO plugin v27.3 - https:\/\/yoast.com\/product\/yoast-seo-wordpress\/ -->\n<title>Kula Red\u017eepagi\u0107 - Visit Montenegro<\/title>\n<meta name=\"description\" content=\"Istra\u017eite Kulu Red\u017eepagi\u0107 u Plavu, najstariju o\u010duvanu gra\u0111evinu u Crnoj Gori. Saznajte o njenoj istoriji, arhitekturi i za\u0161to je obavezno posjetiti kulturni spomenik.\" \/>\n<meta name=\"robots\" content=\"index, follow, max-snippet:-1, max-image-preview:large, max-video-preview:-1\" \/>\n<link rel=\"canonical\" href=\"https:\/\/www.visit-montenegro.com\/me\/destinacije\/plav\/atrakcije\/kula-redzepagic\/\" \/>\n<meta property=\"og:locale\" content=\"en_US\" \/>\n<meta property=\"og:type\" content=\"article\" \/>\n<meta property=\"og:title\" content=\"Kula Red\u017eepagi\u0107 - Visit Montenegro\" \/>\n<meta property=\"og:description\" content=\"Istra\u017eite Kulu Red\u017eepagi\u0107 u Plavu, najstariju o\u010duvanu gra\u0111evinu u Crnoj Gori. Saznajte o njenoj istoriji, arhitekturi i za\u0161to je obavezno posjetiti kulturni spomenik.\" \/>\n<meta property=\"og:url\" content=\"https:\/\/www.visit-montenegro.com\/me\/destinacije\/plav\/atrakcije\/kula-redzepagic\/\" \/>\n<meta property=\"og:site_name\" content=\"Visit Montenegro\" \/>\n<meta property=\"article:publisher\" content=\"https:\/\/www.facebook.com\/visitmontenegro\" \/>\n<meta property=\"article:modified_time\" content=\"2026-02-22T15:59:54+00:00\" \/>\n<meta property=\"og:image\" content=\"https:\/\/www.visit-montenegro.com\/wp-content\/uploads\/2026\/01\/prokletije-redzepagic-tower-scaled.jpg\" \/>\n\t<meta property=\"og:image:width\" content=\"1600\" \/>\n\t<meta property=\"og:image:height\" content=\"1067\" \/>\n\t<meta property=\"og:image:type\" content=\"image\/jpeg\" \/>\n<meta name=\"twitter:card\" content=\"summary_large_image\" \/>\n<meta name=\"twitter:site\" content=\"@visitmontenegro\" \/>\n<meta name=\"twitter:label1\" content=\"Est. reading time\" \/>\n\t<meta name=\"twitter:data1\" content=\"1 minute\" \/>\n<script type=\"application\/ld+json\" class=\"yoast-schema-graph\">{\"@context\":\"https:\\\/\\\/schema.org\",\"@graph\":[{\"@type\":\"WebPage\",\"@id\":\"https:\\\/\\\/www.visit-montenegro.com\\\/me\\\/destinacije\\\/plav\\\/atrakcije\\\/kula-redzepagic\\\/\",\"url\":\"https:\\\/\\\/www.visit-montenegro.com\\\/me\\\/destinacije\\\/plav\\\/atrakcije\\\/kula-redzepagic\\\/\",\"name\":\"Kula Red\u017eepagi\u0107 - Visit Montenegro\",\"isPartOf\":{\"@id\":\"https:\\\/\\\/www.visit-montenegro.com\\\/me\\\/#website\"},\"primaryImageOfPage\":{\"@id\":\"https:\\\/\\\/www.visit-montenegro.com\\\/me\\\/destinacije\\\/plav\\\/atrakcije\\\/kula-redzepagic\\\/#primaryimage\"},\"image\":{\"@id\":\"https:\\\/\\\/www.visit-montenegro.com\\\/me\\\/destinacije\\\/plav\\\/atrakcije\\\/kula-redzepagic\\\/#primaryimage\"},\"thumbnailUrl\":\"https:\\\/\\\/www.visit-montenegro.com\\\/wp-content\\\/uploads\\\/2026\\\/01\\\/prokletije-redzepagic-tower-scaled.jpg\",\"datePublished\":\"2026-01-27T20:44:33+00:00\",\"dateModified\":\"2026-02-22T15:59:54+00:00\",\"description\":\"Istra\u017eite Kulu Red\u017eepagi\u0107 u Plavu, najstariju o\u010duvanu gra\u0111evinu u Crnoj Gori. Saznajte o njenoj istoriji, arhitekturi i za\u0161to je obavezno posjetiti kulturni spomenik.\",\"breadcrumb\":{\"@id\":\"https:\\\/\\\/www.visit-montenegro.com\\\/me\\\/destinacije\\\/plav\\\/atrakcije\\\/kula-redzepagic\\\/#breadcrumb\"},\"inLanguage\":\"sr-Latn-ME\",\"potentialAction\":[{\"@type\":\"ReadAction\",\"target\":[\"https:\\\/\\\/www.visit-montenegro.com\\\/me\\\/destinacije\\\/plav\\\/atrakcije\\\/kula-redzepagic\\\/\"]}]},{\"@type\":\"ImageObject\",\"inLanguage\":\"sr-Latn-ME\",\"@id\":\"https:\\\/\\\/www.visit-montenegro.com\\\/me\\\/destinacije\\\/plav\\\/atrakcije\\\/kula-redzepagic\\\/#primaryimage\",\"url\":\"https:\\\/\\\/www.visit-montenegro.com\\\/wp-content\\\/uploads\\\/2026\\\/01\\\/prokletije-redzepagic-tower-scaled.jpg\",\"contentUrl\":\"https:\\\/\\\/www.visit-montenegro.com\\\/wp-content\\\/uploads\\\/2026\\\/01\\\/prokletije-redzepagic-tower-scaled.jpg\",\"width\":1600,\"height\":1067,\"caption\":\"\u010cvrsta srednjovjekovna odbrambena mala visoka kula.\"},{\"@type\":\"BreadcrumbList\",\"@id\":\"https:\\\/\\\/www.visit-montenegro.com\\\/me\\\/destinacije\\\/plav\\\/atrakcije\\\/kula-redzepagic\\\/#breadcrumb\",\"itemListElement\":[{\"@type\":\"ListItem\",\"position\":1,\"name\":\"Home\",\"item\":\"https:\\\/\\\/www.visit-montenegro.com\\\/me\\\/pocetna\\\/\"},{\"@type\":\"ListItem\",\"position\":2,\"name\":\"Turisti\u010dke destinacije u Crnoj Gori\",\"item\":\"https:\\\/\\\/www.visit-montenegro.com\\\/me\\\/destinacije\\\/\"},{\"@type\":\"ListItem\",\"position\":3,\"name\":\"Plav\",\"item\":\"https:\\\/\\\/www.visit-montenegro.com\\\/me\\\/destinacije\\\/plav\\\/\"},{\"@type\":\"ListItem\",\"position\":4,\"name\":\"Plav Atrakcije\",\"item\":\"https:\\\/\\\/www.visit-montenegro.com\\\/me\\\/destinacije\\\/plav\\\/atrakcije\\\/\"},{\"@type\":\"ListItem\",\"position\":5,\"name\":\"Kula Red\u017eepagi\u0107\"}]},{\"@type\":\"WebSite\",\"@id\":\"https:\\\/\\\/www.visit-montenegro.com\\\/me\\\/#website\",\"url\":\"https:\\\/\\\/www.visit-montenegro.com\\\/me\\\/\",\"name\":\"Visit Montenegro\",\"description\":\"Breathtaking beauty\",\"publisher\":{\"@id\":\"https:\\\/\\\/www.visit-montenegro.com\\\/me\\\/#organization\"},\"potentialAction\":[{\"@type\":\"SearchAction\",\"target\":{\"@type\":\"EntryPoint\",\"urlTemplate\":\"https:\\\/\\\/www.visit-montenegro.com\\\/me\\\/?s={search_term_string}\"},\"query-input\":{\"@type\":\"PropertyValueSpecification\",\"valueRequired\":true,\"valueName\":\"search_term_string\"}}],\"inLanguage\":\"sr-Latn-ME\"},{\"@type\":\"Organization\",\"@id\":\"https:\\\/\\\/www.visit-montenegro.com\\\/me\\\/#organization\",\"name\":\"Visit Montenegro\",\"url\":\"https:\\\/\\\/www.visit-montenegro.com\\\/me\\\/\",\"logo\":{\"@type\":\"ImageObject\",\"inLanguage\":\"sr-Latn-ME\",\"@id\":\"https:\\\/\\\/www.visit-montenegro.com\\\/me\\\/#\\\/schema\\\/logo\\\/image\\\/\",\"url\":\"https:\\\/\\\/www.visit-montenegro.com\\\/wp-content\\\/uploads\\\/2017\\\/10\\\/logo-amp.png\",\"contentUrl\":\"https:\\\/\\\/www.visit-montenegro.com\\\/wp-content\\\/uploads\\\/2017\\\/10\\\/logo-amp.png\",\"width\":190,\"height\":36,\"caption\":\"Visit Montenegro\"},\"image\":{\"@id\":\"https:\\\/\\\/www.visit-montenegro.com\\\/me\\\/#\\\/schema\\\/logo\\\/image\\\/\"},\"sameAs\":[\"https:\\\/\\\/www.facebook.com\\\/visitmontenegro\",\"https:\\\/\\\/x.com\\\/visitmontenegro\",\"https:\\\/\\\/www.instagram.com\\\/visit_montenegro\\\/\",\"https:\\\/\\\/www.youtube.com\\\/user\\\/VisitMontenegro\"]}]}<\/script>\n<!-- \/ Yoast SEO plugin. -->","yoast_head_json":{"title":"Kula Red\u017eepagi\u0107 - Visit Montenegro","description":"Istra\u017eite Kulu Red\u017eepagi\u0107 u Plavu, najstariju o\u010duvanu gra\u0111evinu u Crnoj Gori. Saznajte o njenoj istoriji, arhitekturi i za\u0161to je obavezno posjetiti kulturni spomenik.","robots":{"index":"index","follow":"follow","max-snippet":"max-snippet:-1","max-image-preview":"max-image-preview:large","max-video-preview":"max-video-preview:-1"},"canonical":"https:\/\/www.visit-montenegro.com\/me\/destinacije\/plav\/atrakcije\/kula-redzepagic\/","og_locale":"en_US","og_type":"article","og_title":"Kula Red\u017eepagi\u0107 - Visit Montenegro","og_description":"Istra\u017eite Kulu Red\u017eepagi\u0107 u Plavu, najstariju o\u010duvanu gra\u0111evinu u Crnoj Gori. Saznajte o njenoj istoriji, arhitekturi i za\u0161to je obavezno posjetiti kulturni spomenik.","og_url":"https:\/\/www.visit-montenegro.com\/me\/destinacije\/plav\/atrakcije\/kula-redzepagic\/","og_site_name":"Visit Montenegro","article_publisher":"https:\/\/www.facebook.com\/visitmontenegro","article_modified_time":"2026-02-22T15:59:54+00:00","og_image":[{"width":1600,"height":1067,"url":"https:\/\/www.visit-montenegro.com\/wp-content\/uploads\/2026\/01\/prokletije-redzepagic-tower-scaled.jpg","type":"image\/jpeg"}],"twitter_card":"summary_large_image","twitter_site":"@visitmontenegro","twitter_misc":{"Est. reading time":"1 minute"},"schema":{"@context":"https:\/\/schema.org","@graph":[{"@type":"WebPage","@id":"https:\/\/www.visit-montenegro.com\/me\/destinacije\/plav\/atrakcije\/kula-redzepagic\/","url":"https:\/\/www.visit-montenegro.com\/me\/destinacije\/plav\/atrakcije\/kula-redzepagic\/","name":"Kula Red\u017eepagi\u0107 - Visit Montenegro","isPartOf":{"@id":"https:\/\/www.visit-montenegro.com\/me\/#website"},"primaryImageOfPage":{"@id":"https:\/\/www.visit-montenegro.com\/me\/destinacije\/plav\/atrakcije\/kula-redzepagic\/#primaryimage"},"image":{"@id":"https:\/\/www.visit-montenegro.com\/me\/destinacije\/plav\/atrakcije\/kula-redzepagic\/#primaryimage"},"thumbnailUrl":"https:\/\/www.visit-montenegro.com\/wp-content\/uploads\/2026\/01\/prokletije-redzepagic-tower-scaled.jpg","datePublished":"2026-01-27T20:44:33+00:00","dateModified":"2026-02-22T15:59:54+00:00","description":"Istra\u017eite Kulu Red\u017eepagi\u0107 u Plavu, najstariju o\u010duvanu gra\u0111evinu u Crnoj Gori. Saznajte o njenoj istoriji, arhitekturi i za\u0161to je obavezno posjetiti kulturni spomenik.","breadcrumb":{"@id":"https:\/\/www.visit-montenegro.com\/me\/destinacije\/plav\/atrakcije\/kula-redzepagic\/#breadcrumb"},"inLanguage":"sr-Latn-ME","potentialAction":[{"@type":"ReadAction","target":["https:\/\/www.visit-montenegro.com\/me\/destinacije\/plav\/atrakcije\/kula-redzepagic\/"]}]},{"@type":"ImageObject","inLanguage":"sr-Latn-ME","@id":"https:\/\/www.visit-montenegro.com\/me\/destinacije\/plav\/atrakcije\/kula-redzepagic\/#primaryimage","url":"https:\/\/www.visit-montenegro.com\/wp-content\/uploads\/2026\/01\/prokletije-redzepagic-tower-scaled.jpg","contentUrl":"https:\/\/www.visit-montenegro.com\/wp-content\/uploads\/2026\/01\/prokletije-redzepagic-tower-scaled.jpg","width":1600,"height":1067,"caption":"\u010cvrsta srednjovjekovna odbrambena mala visoka kula."},{"@type":"BreadcrumbList","@id":"https:\/\/www.visit-montenegro.com\/me\/destinacije\/plav\/atrakcije\/kula-redzepagic\/#breadcrumb","itemListElement":[{"@type":"ListItem","position":1,"name":"Home","item":"https:\/\/www.visit-montenegro.com\/me\/pocetna\/"},{"@type":"ListItem","position":2,"name":"Turisti\u010dke destinacije u Crnoj Gori","item":"https:\/\/www.visit-montenegro.com\/me\/destinacije\/"},{"@type":"ListItem","position":3,"name":"Plav","item":"https:\/\/www.visit-montenegro.com\/me\/destinacije\/plav\/"},{"@type":"ListItem","position":4,"name":"Plav Atrakcije","item":"https:\/\/www.visit-montenegro.com\/me\/destinacije\/plav\/atrakcije\/"},{"@type":"ListItem","position":5,"name":"Kula Red\u017eepagi\u0107"}]},{"@type":"WebSite","@id":"https:\/\/www.visit-montenegro.com\/me\/#website","url":"https:\/\/www.visit-montenegro.com\/me\/","name":"Visit Montenegro","description":"Breathtaking beauty","publisher":{"@id":"https:\/\/www.visit-montenegro.com\/me\/#organization"},"potentialAction":[{"@type":"SearchAction","target":{"@type":"EntryPoint","urlTemplate":"https:\/\/www.visit-montenegro.com\/me\/?s={search_term_string}"},"query-input":{"@type":"PropertyValueSpecification","valueRequired":true,"valueName":"search_term_string"}}],"inLanguage":"sr-Latn-ME"},{"@type":"Organization","@id":"https:\/\/www.visit-montenegro.com\/me\/#organization","name":"Visit Montenegro","url":"https:\/\/www.visit-montenegro.com\/me\/","logo":{"@type":"ImageObject","inLanguage":"sr-Latn-ME","@id":"https:\/\/www.visit-montenegro.com\/me\/#\/schema\/logo\/image\/","url":"https:\/\/www.visit-montenegro.com\/wp-content\/uploads\/2017\/10\/logo-amp.png","contentUrl":"https:\/\/www.visit-montenegro.com\/wp-content\/uploads\/2017\/10\/logo-amp.png","width":190,"height":36,"caption":"Visit Montenegro"},"image":{"@id":"https:\/\/www.visit-montenegro.com\/me\/#\/schema\/logo\/image\/"},"sameAs":["https:\/\/www.facebook.com\/visitmontenegro","https:\/\/x.com\/visitmontenegro","https:\/\/www.instagram.com\/visit_montenegro\/","https:\/\/www.youtube.com\/user\/VisitMontenegro"]}]}},"translations":[],"_links":{"self":[{"href":"https:\/\/www.visit-montenegro.com\/me\/wp-json\/wp\/v2\/pages\/134559","targetHints":{"allow":["GET"]}}],"collection":[{"href":"https:\/\/www.visit-montenegro.com\/me\/wp-json\/wp\/v2\/pages"}],"about":[{"href":"https:\/\/www.visit-montenegro.com\/me\/wp-json\/wp\/v2\/types\/page"}],"author":[{"embeddable":true,"href":"https:\/\/www.visit-montenegro.com\/me\/wp-json\/wp\/v2\/users\/1"}],"replies":[{"embeddable":true,"href":"https:\/\/www.visit-montenegro.com\/me\/wp-json\/wp\/v2\/comments?post=134559"}],"version-history":[{"count":0,"href":"https:\/\/www.visit-montenegro.com\/me\/wp-json\/wp\/v2\/pages\/134559\/revisions"}],"up":[{"embeddable":true,"href":"https:\/\/www.visit-montenegro.com\/me\/wp-json\/wp\/v2\/pages\/134535"}],"wp:featuredmedia":[{"embeddable":true,"href":"https:\/\/www.visit-montenegro.com\/me\/wp-json\/wp\/v2\/media\/134560"}],"wp:attachment":[{"href":"https:\/\/www.visit-montenegro.com\/me\/wp-json\/wp\/v2\/media?parent=134559"}],"wp:term":[{"taxonomy":"post_tag","embeddable":true,"href":"https:\/\/www.visit-montenegro.com\/me\/wp-json\/wp\/v2\/tags?post=134559"}],"curies":[{"name":"wp","href":"https:\/\/api.w.org\/{rel}","templated":true}]}}