{"id":134572,"date":"2026-01-27T21:44:33","date_gmt":"2026-01-27T20:44:33","guid":{"rendered":"https:\/\/new.visit-montenegro.com\/destinacije\/niksic\/"},"modified":"2026-02-23T14:26:16","modified_gmt":"2026-02-23T13:26:16","slug":"niksic","status":"publish","type":"page","link":"https:\/\/www.visit-montenegro.com\/me\/destinacije\/niksic\/","title":{"rendered":"Nik\u0161i\u0107"},"content":{"rendered":"\n<p>Nik\u0161i\u0107 je drugi po broju stanovnika grad u Crnoj Gori (72.443) i najve\u0107a op\u0161tina, koja pokriva 15% teritorije zemlje. Smje\u0161ten u sjevernom centralnom dijelu Crne Gore na 630 m nadmorske visine, ima odli\u010dne saobra\u0107ajne veze i blizinu klju\u010dnih turisti\u010dkih mjesta kao \u0161to su Jadranska obala i skijali\u0161te \u017dabljak.<\/p>\n\n<hr class=\"wp-block-separator has-alpha-channel-opacity\"\/>\n\n<h2 class=\"wp-block-heading\">Istorija i urbani pejza\u017e<\/h2>\n\n<p>Grad ima bogatu tradiciju i kulturu, budu\u0107i da je tokom istorije vi\u0161e puta uni\u0161tavan i obnavljan, \u0161to je mijenjalo njegovo ime i izgled. Kao rezultat, njegov centar sadr\u017ei prelijep gradski trg izgra\u0111en 1885. godine na zahtjev kralja Nikole, sa \u0161irokim ulicama, bulevarima i zelenim povr\u0161inama.<\/p>\n\n<h2 class=\"wp-block-heading\">Prirodne i kulturne atrakcije<\/h2>\n\n<p><strong>Nik\u0161i\u0107<\/strong> je poznat po svom &#8220;moru&#8221;\u2014ve\u0161ta\u010dkom jezeru Krupac, omiljenom mestu me\u0111u lokalnim stanovni\u0161tvom. Osim toga, osnivanje Lake Festa pove\u0107alo je popularnost Bedem Festa, koji se odr\u017eava u osmanskoj tvr\u0111avi Bedem, privla\u010de\u0107i turiste rok i alternativnom muzikom.<\/p>\n\n<p>Ova muzi\u010dka scena doprinosi nadimku <strong>Nik\u0161i\u0107a<\/strong> kao &#8220;grada piva, \u010delika i RnR-a&#8221;. Zaista, grad je bio industrijski centar u biv\u0161oj Jugoslaviji, dom velike proizvodnje \u010delika i Nik\u0161i\u0107kog Piva, poznatog crnogorskog piva.<\/p>\n\n<h2 class=\"wp-block-heading\">Sezonske aktivnosti<\/h2>\n\n<p><strong>Nik\u0161i\u0107<\/strong> nudi sun\u010dana ljeta i sne\u017ene zime. U letnjem periodu mo\u017eete plivati u \u0161est jezera, pe\u0161a\u010diti obele\u017eenim stazama, voziti bicikl oko grada i posetiti prelepa mjesta. U zimu, u\u017eivajte u skijanju, snoubordingu i sankama u zimskoj bajci Vu\u010dja.<\/p>\n\n<hr class=\"wp-block-separator has-alpha-channel-opacity\"\/>\n\n<div class=\"wp-block-columns is-layout-flex wp-container-core-columns-is-layout-9d6595d7 wp-block-columns-is-layout-flex\">\n<div class=\"wp-block-column is-layout-flow wp-block-column-is-layout-flow\">\n<div class=\"wp-block-group\"><div class=\"wp-block-group__inner-container is-layout-constrained wp-block-group-is-layout-constrained\">\n<h3 class=\"wp-block-heading\">Otkrijte skrivene dragulje Nik\u0161i\u0107a<\/h3>\n\n\n\n<p>Istra\u017eite najikonije znamenitosti, istorijske lokacije i mjesta koja morate vidjeti, a koja \u010dine ovu destinaciju jedinstvenom.<\/p>\n\n\n\n<div class=\"wp-block-buttons is-layout-flex wp-block-buttons-is-layout-flex\">\n<div class=\"wp-block-button\"><a class=\"wp-block-button__link wp-element-button\" href=\"https:\/\/www.visit-montenegro.com\/me\/destinacije\/niksic\/atrakcije\/\">Atrakcije Nik\u0161i\u0107a<\/a><\/div>\n<\/div>\n<\/div><\/div>\n<\/div>\n\n\n\n<div class=\"wp-block-column is-layout-flow wp-block-column-is-layout-flow\">\n<div class=\"wp-block-group\"><div class=\"wp-block-group__inner-container is-layout-constrained wp-block-group-is-layout-constrained\">\n<div class=\"wp-block-group\"><div class=\"wp-block-group__inner-container is-layout-constrained wp-block-group-is-layout-constrained\">\n<h3 class=\"wp-block-heading\">Saznajte vi\u0161e o Nik\u0161i\u0107u<\/h3>\n\n\n\n<p>Zaronite dublje u lokalnu kulturu, istoriju i prakti\u010dne savjete za putovanje kako biste se pripremili za svoje predstoje\u0107e putovanje.<\/p>\n<\/div><\/div>\n\n\n\n<div class=\"wp-block-buttons is-layout-flex wp-block-buttons-is-layout-flex\">\n<div class=\"wp-block-button\"><a class=\"wp-block-button__link wp-element-button\" href=\"https:\/\/www.visit-montenegro.com\/me\/destinacije\/niksic\/info\/\">Vi\u0161e o Nik\u0161i\u0107u<\/a><\/div>\n<\/div>\n<\/div><\/div>\n<\/div>\n<\/div>\n","protected":false},"excerpt":{"rendered":"<p>Otkrijte Nik\u0161i\u0107, drugi po veli\u010dini grad u Crnoj Gori, poznat po bogatoj istoriji, \u017eivahnim festivalima i zadivljuju\u0107oj prirodnoj lepoti. Od jezera Krupac do industrijske ba\u0161tine, nudi avanture tokom cele godine.<\/p>\n","protected":false},"author":1,"featured_media":134504,"parent":134092,"menu_order":0,"comment_status":"closed","ping_status":"closed","template":"","meta":{"_yoast_wpseo_focuskw":"Nik\u0161i\u0107","_yoast_wpseo_metadesc":"Istra\u017eite Nik\u0161i\u0107, crnogorski grad piva, \u010delika i rok 'n' rolla. Otkrijte njegovu istoriju, festivale i aktivnosti na otvorenom u ovom sveobuhvatnom vodi\u010du.","_kad_post_transparent":"","_kad_post_title":"","_kad_post_layout":"","_kad_post_sidebar_id":"","_kad_post_content_style":"","_kad_post_vertical_padding":"","_kad_post_feature":"","_kad_post_feature_position":"","_kad_post_header":false,"_kad_post_footer":false,"_kad_post_classname":"","iawp_total_views":24,"footnotes":""},"tags":[2296,594],"class_list":["post-134572","page","type-page","status-publish","has-post-thumbnail","hentry","tag-central-destination","tag-destination"],"yoast_head":"<!-- This site is optimized with the Yoast SEO plugin v27.3 - https:\/\/yoast.com\/product\/yoast-seo-wordpress\/ -->\n<title>Nik\u0161i\u0107 - Visit Montenegro<\/title>\n<meta name=\"description\" content=\"Istra\u017eite Nik\u0161i\u0107, crnogorski grad piva, \u010delika i rok &#039;n&#039; rolla. Otkrijte njegovu istoriju, festivale i aktivnosti na otvorenom u ovom sveobuhvatnom vodi\u010du.\" \/>\n<meta name=\"robots\" content=\"index, follow, max-snippet:-1, max-image-preview:large, max-video-preview:-1\" \/>\n<link rel=\"canonical\" href=\"https:\/\/www.visit-montenegro.com\/me\/destinacije\/niksic\/\" \/>\n<meta property=\"og:locale\" content=\"en_US\" \/>\n<meta property=\"og:type\" content=\"article\" \/>\n<meta property=\"og:title\" content=\"Nik\u0161i\u0107 - Visit Montenegro\" \/>\n<meta property=\"og:description\" content=\"Istra\u017eite Nik\u0161i\u0107, crnogorski grad piva, \u010delika i rok &#039;n&#039; rolla. Otkrijte njegovu istoriju, festivale i aktivnosti na otvorenom u ovom sveobuhvatnom vodi\u010du.\" \/>\n<meta property=\"og:url\" content=\"https:\/\/www.visit-montenegro.com\/me\/destinacije\/niksic\/\" \/>\n<meta property=\"og:site_name\" content=\"Visit Montenegro\" \/>\n<meta property=\"article:publisher\" content=\"https:\/\/www.facebook.com\/visitmontenegro\" \/>\n<meta property=\"article:modified_time\" content=\"2026-02-23T13:26:16+00:00\" \/>\n<meta property=\"og:image\" content=\"https:\/\/www.visit-montenegro.com\/wp-content\/uploads\/2026\/01\/niksic-tsar-bridge-scaled.jpg\" \/>\n\t<meta property=\"og:image:width\" content=\"1600\" \/>\n\t<meta property=\"og:image:height\" content=\"1067\" \/>\n\t<meta property=\"og:image:type\" content=\"image\/jpeg\" \/>\n<meta name=\"twitter:card\" content=\"summary_large_image\" \/>\n<meta name=\"twitter:site\" content=\"@visitmontenegro\" \/>\n<meta name=\"twitter:label1\" content=\"Est. reading time\" \/>\n\t<meta name=\"twitter:data1\" content=\"2 minutes\" \/>\n<script type=\"application\/ld+json\" class=\"yoast-schema-graph\">{\"@context\":\"https:\\\/\\\/schema.org\",\"@graph\":[{\"@type\":\"WebPage\",\"@id\":\"https:\\\/\\\/www.visit-montenegro.com\\\/me\\\/destinacije\\\/niksic\\\/\",\"url\":\"https:\\\/\\\/www.visit-montenegro.com\\\/me\\\/destinacije\\\/niksic\\\/\",\"name\":\"Nik\u0161i\u0107 - Visit Montenegro\",\"isPartOf\":{\"@id\":\"https:\\\/\\\/www.visit-montenegro.com\\\/me\\\/#website\"},\"primaryImageOfPage\":{\"@id\":\"https:\\\/\\\/www.visit-montenegro.com\\\/me\\\/destinacije\\\/niksic\\\/#primaryimage\"},\"image\":{\"@id\":\"https:\\\/\\\/www.visit-montenegro.com\\\/me\\\/destinacije\\\/niksic\\\/#primaryimage\"},\"thumbnailUrl\":\"https:\\\/\\\/www.visit-montenegro.com\\\/wp-content\\\/uploads\\\/2026\\\/01\\\/niksic-tsar-bridge-scaled.jpg\",\"datePublished\":\"2026-01-27T20:44:33+00:00\",\"dateModified\":\"2026-02-23T13:26:16+00:00\",\"description\":\"Istra\u017eite Nik\u0161i\u0107, crnogorski grad piva, \u010delika i rok 'n' rolla. Otkrijte njegovu istoriju, festivale i aktivnosti na otvorenom u ovom sveobuhvatnom vodi\u010du.\",\"breadcrumb\":{\"@id\":\"https:\\\/\\\/www.visit-montenegro.com\\\/me\\\/destinacije\\\/niksic\\\/#breadcrumb\"},\"inLanguage\":\"sr-Latn-ME\",\"potentialAction\":[{\"@type\":\"ReadAction\",\"target\":[\"https:\\\/\\\/www.visit-montenegro.com\\\/me\\\/destinacije\\\/niksic\\\/\"]}]},{\"@type\":\"ImageObject\",\"inLanguage\":\"sr-Latn-ME\",\"@id\":\"https:\\\/\\\/www.visit-montenegro.com\\\/me\\\/destinacije\\\/niksic\\\/#primaryimage\",\"url\":\"https:\\\/\\\/www.visit-montenegro.com\\\/wp-content\\\/uploads\\\/2026\\\/01\\\/niksic-tsar-bridge-scaled.jpg\",\"contentUrl\":\"https:\\\/\\\/www.visit-montenegro.com\\\/wp-content\\\/uploads\\\/2026\\\/01\\\/niksic-tsar-bridge-scaled.jpg\",\"width\":1600,\"height\":1067,\"caption\":\"kraljevski most (Carev most) preko Zete u Crnoj Gori\"},{\"@type\":\"BreadcrumbList\",\"@id\":\"https:\\\/\\\/www.visit-montenegro.com\\\/me\\\/destinacije\\\/niksic\\\/#breadcrumb\",\"itemListElement\":[{\"@type\":\"ListItem\",\"position\":1,\"name\":\"Home\",\"item\":\"https:\\\/\\\/www.visit-montenegro.com\\\/me\\\/pocetna\\\/\"},{\"@type\":\"ListItem\",\"position\":2,\"name\":\"Turisti\u010dke destinacije u Crnoj Gori\",\"item\":\"https:\\\/\\\/www.visit-montenegro.com\\\/me\\\/destinacije\\\/\"},{\"@type\":\"ListItem\",\"position\":3,\"name\":\"Nik\u0161i\u0107\"}]},{\"@type\":\"WebSite\",\"@id\":\"https:\\\/\\\/www.visit-montenegro.com\\\/me\\\/#website\",\"url\":\"https:\\\/\\\/www.visit-montenegro.com\\\/me\\\/\",\"name\":\"Visit Montenegro\",\"description\":\"Breathtaking beauty\",\"publisher\":{\"@id\":\"https:\\\/\\\/www.visit-montenegro.com\\\/me\\\/#organization\"},\"potentialAction\":[{\"@type\":\"SearchAction\",\"target\":{\"@type\":\"EntryPoint\",\"urlTemplate\":\"https:\\\/\\\/www.visit-montenegro.com\\\/me\\\/?s={search_term_string}\"},\"query-input\":{\"@type\":\"PropertyValueSpecification\",\"valueRequired\":true,\"valueName\":\"search_term_string\"}}],\"inLanguage\":\"sr-Latn-ME\"},{\"@type\":\"Organization\",\"@id\":\"https:\\\/\\\/www.visit-montenegro.com\\\/me\\\/#organization\",\"name\":\"Visit Montenegro\",\"url\":\"https:\\\/\\\/www.visit-montenegro.com\\\/me\\\/\",\"logo\":{\"@type\":\"ImageObject\",\"inLanguage\":\"sr-Latn-ME\",\"@id\":\"https:\\\/\\\/www.visit-montenegro.com\\\/me\\\/#\\\/schema\\\/logo\\\/image\\\/\",\"url\":\"https:\\\/\\\/www.visit-montenegro.com\\\/wp-content\\\/uploads\\\/2017\\\/10\\\/logo-amp.png\",\"contentUrl\":\"https:\\\/\\\/www.visit-montenegro.com\\\/wp-content\\\/uploads\\\/2017\\\/10\\\/logo-amp.png\",\"width\":190,\"height\":36,\"caption\":\"Visit Montenegro\"},\"image\":{\"@id\":\"https:\\\/\\\/www.visit-montenegro.com\\\/me\\\/#\\\/schema\\\/logo\\\/image\\\/\"},\"sameAs\":[\"https:\\\/\\\/www.facebook.com\\\/visitmontenegro\",\"https:\\\/\\\/x.com\\\/visitmontenegro\",\"https:\\\/\\\/www.instagram.com\\\/visit_montenegro\\\/\",\"https:\\\/\\\/www.youtube.com\\\/user\\\/VisitMontenegro\"]}]}<\/script>\n<!-- \/ Yoast SEO plugin. -->","yoast_head_json":{"title":"Nik\u0161i\u0107 - Visit Montenegro","description":"Istra\u017eite Nik\u0161i\u0107, crnogorski grad piva, \u010delika i rok 'n' rolla. Otkrijte njegovu istoriju, festivale i aktivnosti na otvorenom u ovom sveobuhvatnom vodi\u010du.","robots":{"index":"index","follow":"follow","max-snippet":"max-snippet:-1","max-image-preview":"max-image-preview:large","max-video-preview":"max-video-preview:-1"},"canonical":"https:\/\/www.visit-montenegro.com\/me\/destinacije\/niksic\/","og_locale":"en_US","og_type":"article","og_title":"Nik\u0161i\u0107 - Visit Montenegro","og_description":"Istra\u017eite Nik\u0161i\u0107, crnogorski grad piva, \u010delika i rok 'n' rolla. Otkrijte njegovu istoriju, festivale i aktivnosti na otvorenom u ovom sveobuhvatnom vodi\u010du.","og_url":"https:\/\/www.visit-montenegro.com\/me\/destinacije\/niksic\/","og_site_name":"Visit Montenegro","article_publisher":"https:\/\/www.facebook.com\/visitmontenegro","article_modified_time":"2026-02-23T13:26:16+00:00","og_image":[{"width":1600,"height":1067,"url":"https:\/\/www.visit-montenegro.com\/wp-content\/uploads\/2026\/01\/niksic-tsar-bridge-scaled.jpg","type":"image\/jpeg"}],"twitter_card":"summary_large_image","twitter_site":"@visitmontenegro","twitter_misc":{"Est. reading time":"2 minutes"},"schema":{"@context":"https:\/\/schema.org","@graph":[{"@type":"WebPage","@id":"https:\/\/www.visit-montenegro.com\/me\/destinacije\/niksic\/","url":"https:\/\/www.visit-montenegro.com\/me\/destinacije\/niksic\/","name":"Nik\u0161i\u0107 - Visit Montenegro","isPartOf":{"@id":"https:\/\/www.visit-montenegro.com\/me\/#website"},"primaryImageOfPage":{"@id":"https:\/\/www.visit-montenegro.com\/me\/destinacije\/niksic\/#primaryimage"},"image":{"@id":"https:\/\/www.visit-montenegro.com\/me\/destinacije\/niksic\/#primaryimage"},"thumbnailUrl":"https:\/\/www.visit-montenegro.com\/wp-content\/uploads\/2026\/01\/niksic-tsar-bridge-scaled.jpg","datePublished":"2026-01-27T20:44:33+00:00","dateModified":"2026-02-23T13:26:16+00:00","description":"Istra\u017eite Nik\u0161i\u0107, crnogorski grad piva, \u010delika i rok 'n' rolla. Otkrijte njegovu istoriju, festivale i aktivnosti na otvorenom u ovom sveobuhvatnom vodi\u010du.","breadcrumb":{"@id":"https:\/\/www.visit-montenegro.com\/me\/destinacije\/niksic\/#breadcrumb"},"inLanguage":"sr-Latn-ME","potentialAction":[{"@type":"ReadAction","target":["https:\/\/www.visit-montenegro.com\/me\/destinacije\/niksic\/"]}]},{"@type":"ImageObject","inLanguage":"sr-Latn-ME","@id":"https:\/\/www.visit-montenegro.com\/me\/destinacije\/niksic\/#primaryimage","url":"https:\/\/www.visit-montenegro.com\/wp-content\/uploads\/2026\/01\/niksic-tsar-bridge-scaled.jpg","contentUrl":"https:\/\/www.visit-montenegro.com\/wp-content\/uploads\/2026\/01\/niksic-tsar-bridge-scaled.jpg","width":1600,"height":1067,"caption":"kraljevski most (Carev most) preko Zete u Crnoj Gori"},{"@type":"BreadcrumbList","@id":"https:\/\/www.visit-montenegro.com\/me\/destinacije\/niksic\/#breadcrumb","itemListElement":[{"@type":"ListItem","position":1,"name":"Home","item":"https:\/\/www.visit-montenegro.com\/me\/pocetna\/"},{"@type":"ListItem","position":2,"name":"Turisti\u010dke destinacije u Crnoj Gori","item":"https:\/\/www.visit-montenegro.com\/me\/destinacije\/"},{"@type":"ListItem","position":3,"name":"Nik\u0161i\u0107"}]},{"@type":"WebSite","@id":"https:\/\/www.visit-montenegro.com\/me\/#website","url":"https:\/\/www.visit-montenegro.com\/me\/","name":"Visit Montenegro","description":"Breathtaking beauty","publisher":{"@id":"https:\/\/www.visit-montenegro.com\/me\/#organization"},"potentialAction":[{"@type":"SearchAction","target":{"@type":"EntryPoint","urlTemplate":"https:\/\/www.visit-montenegro.com\/me\/?s={search_term_string}"},"query-input":{"@type":"PropertyValueSpecification","valueRequired":true,"valueName":"search_term_string"}}],"inLanguage":"sr-Latn-ME"},{"@type":"Organization","@id":"https:\/\/www.visit-montenegro.com\/me\/#organization","name":"Visit Montenegro","url":"https:\/\/www.visit-montenegro.com\/me\/","logo":{"@type":"ImageObject","inLanguage":"sr-Latn-ME","@id":"https:\/\/www.visit-montenegro.com\/me\/#\/schema\/logo\/image\/","url":"https:\/\/www.visit-montenegro.com\/wp-content\/uploads\/2017\/10\/logo-amp.png","contentUrl":"https:\/\/www.visit-montenegro.com\/wp-content\/uploads\/2017\/10\/logo-amp.png","width":190,"height":36,"caption":"Visit Montenegro"},"image":{"@id":"https:\/\/www.visit-montenegro.com\/me\/#\/schema\/logo\/image\/"},"sameAs":["https:\/\/www.facebook.com\/visitmontenegro","https:\/\/x.com\/visitmontenegro","https:\/\/www.instagram.com\/visit_montenegro\/","https:\/\/www.youtube.com\/user\/VisitMontenegro"]}]}},"translations":[],"_links":{"self":[{"href":"https:\/\/www.visit-montenegro.com\/me\/wp-json\/wp\/v2\/pages\/134572","targetHints":{"allow":["GET"]}}],"collection":[{"href":"https:\/\/www.visit-montenegro.com\/me\/wp-json\/wp\/v2\/pages"}],"about":[{"href":"https:\/\/www.visit-montenegro.com\/me\/wp-json\/wp\/v2\/types\/page"}],"author":[{"embeddable":true,"href":"https:\/\/www.visit-montenegro.com\/me\/wp-json\/wp\/v2\/users\/1"}],"replies":[{"embeddable":true,"href":"https:\/\/www.visit-montenegro.com\/me\/wp-json\/wp\/v2\/comments?post=134572"}],"version-history":[{"count":0,"href":"https:\/\/www.visit-montenegro.com\/me\/wp-json\/wp\/v2\/pages\/134572\/revisions"}],"up":[{"embeddable":true,"href":"https:\/\/www.visit-montenegro.com\/me\/wp-json\/wp\/v2\/pages\/134092"}],"wp:featuredmedia":[{"embeddable":true,"href":"https:\/\/www.visit-montenegro.com\/me\/wp-json\/wp\/v2\/media\/134504"}],"wp:attachment":[{"href":"https:\/\/www.visit-montenegro.com\/me\/wp-json\/wp\/v2\/media?parent=134572"}],"wp:term":[{"taxonomy":"post_tag","embeddable":true,"href":"https:\/\/www.visit-montenegro.com\/me\/wp-json\/wp\/v2\/tags?post=134572"}],"curies":[{"name":"wp","href":"https:\/\/api.w.org\/{rel}","templated":true}]}}