{"id":134583,"date":"2026-01-27T21:44:33","date_gmt":"2026-01-27T20:44:33","guid":{"rendered":"https:\/\/new.visit-montenegro.com\/moraca\/"},"modified":"2026-02-22T17:05:15","modified_gmt":"2026-02-22T16:05:15","slug":"moraca","status":"publish","type":"page","link":"https:\/\/www.visit-montenegro.com\/me\/destinacije\/podgorica\/atrakcije\/moraca\/","title":{"rendered":"Kanjon Mora\u010de"},"content":{"rendered":"\n<p>Spektakularni <strong>Kanjon Mora\u010de<\/strong> je uglavnom poznat po jednoj od najjedinstvenijih i najopasnijih cijevi na svijetu. Cesta E65, sa bezbrojnim zavojima i tunelima na liticama, zadivi\u0107e vas na svaki na\u010din.<\/p>\n\n<p>Du\u017e samog ruba ovog uskog kanjona, izgra\u0111en je autoput koji povezuje Podgoricu i <a href=\"https:\/\/www.visit-montenegro.com\/me\/destinacije\/kolasin\/\">Kola\u0161in<\/a>. Posljedi\u010dno, slu\u017ei kao vitalna veza kroz ovaj zapanjuju\u0107i krajolik.<\/p>\n\n<p>Ali u svakom slu\u010daju, to je jedan od najljep\u0161ih rije\u010dnih kanjona u Crnoj Gori, koji razdvaja planine Mora\u010de od planinskog lanca Sinjajevine. Ovo apsolutno jedinstveno mjesto ostavi\u0107e vas bez daha.<\/p>\n","protected":false},"excerpt":{"rendered":"<p>Otkrijte zapanjuju\u0107i Kanjon Mora\u010de, dom uzbudljive ceste E65 sa zavojima i tunelima na liticama. Ovo zapanjuju\u0107e prirodno \u010dudo razdvaja planine Crne Gore, nude\u0107i jedinstveno i nezaboravno iskustvo za putnike.<\/p>\n","protected":false},"author":1,"featured_media":134584,"parent":134767,"menu_order":0,"comment_status":"closed","ping_status":"closed","template":"","meta":{"_yoast_wpseo_focuskw":"Kanjon Mora\u010de","_yoast_wpseo_metadesc":"Istra\u017eite zapanjuju\u0107u ljepotu Kanjona Mora\u010de i uzbudljivu cestu E65. Otkrijte za\u0161to je ovo crnogorsko blago obavezno posjetiti za ljubitelje avanture i prirode.","_kad_post_transparent":"","_kad_post_title":"","_kad_post_layout":"","_kad_post_sidebar_id":"","_kad_post_content_style":"","_kad_post_vertical_padding":"","_kad_post_feature":"","_kad_post_feature_position":"","_kad_post_header":false,"_kad_post_footer":false,"_kad_post_classname":"","iawp_total_views":23,"footnotes":""},"tags":[],"class_list":["post-134583","page","type-page","status-publish","has-post-thumbnail","hentry"],"yoast_head":"<!-- This site is optimized with the Yoast SEO plugin v27.3 - https:\/\/yoast.com\/product\/yoast-seo-wordpress\/ -->\n<title>Kanjon Mora\u010de - Visit Montenegro<\/title>\n<meta name=\"description\" content=\"Istra\u017eite zapanjuju\u0107u ljepotu Kanjona Mora\u010de i uzbudljivu cestu E65. Otkrijte za\u0161to je ovo crnogorsko blago obavezno posjetiti za ljubitelje avanture i prirode.\" \/>\n<meta name=\"robots\" content=\"index, follow, max-snippet:-1, max-image-preview:large, max-video-preview:-1\" \/>\n<link rel=\"canonical\" href=\"https:\/\/www.visit-montenegro.com\/me\/destinacije\/podgorica\/atrakcije\/moraca\/\" \/>\n<meta property=\"og:locale\" content=\"en_US\" \/>\n<meta property=\"og:type\" content=\"article\" \/>\n<meta property=\"og:title\" content=\"Kanjon Mora\u010de - Visit Montenegro\" \/>\n<meta property=\"og:description\" content=\"Istra\u017eite zapanjuju\u0107u ljepotu Kanjona Mora\u010de i uzbudljivu cestu E65. Otkrijte za\u0161to je ovo crnogorsko blago obavezno posjetiti za ljubitelje avanture i prirode.\" \/>\n<meta property=\"og:url\" content=\"https:\/\/www.visit-montenegro.com\/me\/destinacije\/podgorica\/atrakcije\/moraca\/\" \/>\n<meta property=\"og:site_name\" content=\"Visit Montenegro\" \/>\n<meta property=\"article:publisher\" content=\"https:\/\/www.facebook.com\/visitmontenegro\" \/>\n<meta property=\"article:modified_time\" content=\"2026-02-22T16:05:15+00:00\" \/>\n<meta property=\"og:image\" content=\"https:\/\/www.visit-montenegro.com\/wp-content\/uploads\/2026\/01\/podgorica-moraca-canyon-scaled.jpg\" \/>\n\t<meta property=\"og:image:width\" content=\"1067\" \/>\n\t<meta property=\"og:image:height\" content=\"1600\" \/>\n\t<meta property=\"og:image:type\" content=\"image\/jpeg\" \/>\n<meta name=\"twitter:card\" content=\"summary_large_image\" \/>\n<meta name=\"twitter:site\" content=\"@visitmontenegro\" \/>\n<script type=\"application\/ld+json\" class=\"yoast-schema-graph\">{\"@context\":\"https:\\\/\\\/schema.org\",\"@graph\":[{\"@type\":\"WebPage\",\"@id\":\"https:\\\/\\\/www.visit-montenegro.com\\\/me\\\/destinacije\\\/podgorica\\\/atrakcije\\\/moraca\\\/\",\"url\":\"https:\\\/\\\/www.visit-montenegro.com\\\/me\\\/destinacije\\\/podgorica\\\/atrakcije\\\/moraca\\\/\",\"name\":\"Kanjon Mora\u010de - Visit Montenegro\",\"isPartOf\":{\"@id\":\"https:\\\/\\\/www.visit-montenegro.com\\\/me\\\/#website\"},\"primaryImageOfPage\":{\"@id\":\"https:\\\/\\\/www.visit-montenegro.com\\\/me\\\/destinacije\\\/podgorica\\\/atrakcije\\\/moraca\\\/#primaryimage\"},\"image\":{\"@id\":\"https:\\\/\\\/www.visit-montenegro.com\\\/me\\\/destinacije\\\/podgorica\\\/atrakcije\\\/moraca\\\/#primaryimage\"},\"thumbnailUrl\":\"https:\\\/\\\/www.visit-montenegro.com\\\/wp-content\\\/uploads\\\/2026\\\/01\\\/podgorica-moraca-canyon-scaled.jpg\",\"datePublished\":\"2026-01-27T20:44:33+00:00\",\"dateModified\":\"2026-02-22T16:05:15+00:00\",\"description\":\"Istra\u017eite zapanjuju\u0107u ljepotu Kanjona Mora\u010de i uzbudljivu cestu E65. Otkrijte za\u0161to je ovo crnogorsko blago obavezno posjetiti za ljubitelje avanture i prirode.\",\"breadcrumb\":{\"@id\":\"https:\\\/\\\/www.visit-montenegro.com\\\/me\\\/destinacije\\\/podgorica\\\/atrakcije\\\/moraca\\\/#breadcrumb\"},\"inLanguage\":\"sr-Latn-ME\",\"potentialAction\":[{\"@type\":\"ReadAction\",\"target\":[\"https:\\\/\\\/www.visit-montenegro.com\\\/me\\\/destinacije\\\/podgorica\\\/atrakcije\\\/moraca\\\/\"]}]},{\"@type\":\"ImageObject\",\"inLanguage\":\"sr-Latn-ME\",\"@id\":\"https:\\\/\\\/www.visit-montenegro.com\\\/me\\\/destinacije\\\/podgorica\\\/atrakcije\\\/moraca\\\/#primaryimage\",\"url\":\"https:\\\/\\\/www.visit-montenegro.com\\\/wp-content\\\/uploads\\\/2026\\\/01\\\/podgorica-moraca-canyon-scaled.jpg\",\"contentUrl\":\"https:\\\/\\\/www.visit-montenegro.com\\\/wp-content\\\/uploads\\\/2026\\\/01\\\/podgorica-moraca-canyon-scaled.jpg\",\"width\":1067,\"height\":1600,\"caption\":\"Naj\u010distije vode tirkizne boje rijeke Mora\u010de koje teku me\u0111u kanjonima. Crna Gora.\"},{\"@type\":\"BreadcrumbList\",\"@id\":\"https:\\\/\\\/www.visit-montenegro.com\\\/me\\\/destinacije\\\/podgorica\\\/atrakcije\\\/moraca\\\/#breadcrumb\",\"itemListElement\":[{\"@type\":\"ListItem\",\"position\":1,\"name\":\"Home\",\"item\":\"https:\\\/\\\/www.visit-montenegro.com\\\/me\\\/pocetna\\\/\"},{\"@type\":\"ListItem\",\"position\":2,\"name\":\"Turisti\u010dke destinacije u Crnoj Gori\",\"item\":\"https:\\\/\\\/www.visit-montenegro.com\\\/me\\\/destinacije\\\/\"},{\"@type\":\"ListItem\",\"position\":3,\"name\":\"Podgorica\",\"item\":\"https:\\\/\\\/www.visit-montenegro.com\\\/me\\\/destinacije\\\/podgorica\\\/\"},{\"@type\":\"ListItem\",\"position\":4,\"name\":\"Atrakcije Podgorice\",\"item\":\"https:\\\/\\\/www.visit-montenegro.com\\\/me\\\/destinacije\\\/podgorica\\\/atrakcije\\\/\"},{\"@type\":\"ListItem\",\"position\":5,\"name\":\"Kanjon Mora\u010de\"}]},{\"@type\":\"WebSite\",\"@id\":\"https:\\\/\\\/www.visit-montenegro.com\\\/me\\\/#website\",\"url\":\"https:\\\/\\\/www.visit-montenegro.com\\\/me\\\/\",\"name\":\"Visit Montenegro\",\"description\":\"Breathtaking beauty\",\"publisher\":{\"@id\":\"https:\\\/\\\/www.visit-montenegro.com\\\/me\\\/#organization\"},\"potentialAction\":[{\"@type\":\"SearchAction\",\"target\":{\"@type\":\"EntryPoint\",\"urlTemplate\":\"https:\\\/\\\/www.visit-montenegro.com\\\/me\\\/?s={search_term_string}\"},\"query-input\":{\"@type\":\"PropertyValueSpecification\",\"valueRequired\":true,\"valueName\":\"search_term_string\"}}],\"inLanguage\":\"sr-Latn-ME\"},{\"@type\":\"Organization\",\"@id\":\"https:\\\/\\\/www.visit-montenegro.com\\\/me\\\/#organization\",\"name\":\"Visit Montenegro\",\"url\":\"https:\\\/\\\/www.visit-montenegro.com\\\/me\\\/\",\"logo\":{\"@type\":\"ImageObject\",\"inLanguage\":\"sr-Latn-ME\",\"@id\":\"https:\\\/\\\/www.visit-montenegro.com\\\/me\\\/#\\\/schema\\\/logo\\\/image\\\/\",\"url\":\"https:\\\/\\\/www.visit-montenegro.com\\\/wp-content\\\/uploads\\\/2017\\\/10\\\/logo-amp.png\",\"contentUrl\":\"https:\\\/\\\/www.visit-montenegro.com\\\/wp-content\\\/uploads\\\/2017\\\/10\\\/logo-amp.png\",\"width\":190,\"height\":36,\"caption\":\"Visit Montenegro\"},\"image\":{\"@id\":\"https:\\\/\\\/www.visit-montenegro.com\\\/me\\\/#\\\/schema\\\/logo\\\/image\\\/\"},\"sameAs\":[\"https:\\\/\\\/www.facebook.com\\\/visitmontenegro\",\"https:\\\/\\\/x.com\\\/visitmontenegro\",\"https:\\\/\\\/www.instagram.com\\\/visit_montenegro\\\/\",\"https:\\\/\\\/www.youtube.com\\\/user\\\/VisitMontenegro\"]}]}<\/script>\n<!-- \/ Yoast SEO plugin. -->","yoast_head_json":{"title":"Kanjon Mora\u010de - Visit Montenegro","description":"Istra\u017eite zapanjuju\u0107u ljepotu Kanjona Mora\u010de i uzbudljivu cestu E65. Otkrijte za\u0161to je ovo crnogorsko blago obavezno posjetiti za ljubitelje avanture i prirode.","robots":{"index":"index","follow":"follow","max-snippet":"max-snippet:-1","max-image-preview":"max-image-preview:large","max-video-preview":"max-video-preview:-1"},"canonical":"https:\/\/www.visit-montenegro.com\/me\/destinacije\/podgorica\/atrakcije\/moraca\/","og_locale":"en_US","og_type":"article","og_title":"Kanjon Mora\u010de - Visit Montenegro","og_description":"Istra\u017eite zapanjuju\u0107u ljepotu Kanjona Mora\u010de i uzbudljivu cestu E65. Otkrijte za\u0161to je ovo crnogorsko blago obavezno posjetiti za ljubitelje avanture i prirode.","og_url":"https:\/\/www.visit-montenegro.com\/me\/destinacije\/podgorica\/atrakcije\/moraca\/","og_site_name":"Visit Montenegro","article_publisher":"https:\/\/www.facebook.com\/visitmontenegro","article_modified_time":"2026-02-22T16:05:15+00:00","og_image":[{"width":1067,"height":1600,"url":"https:\/\/www.visit-montenegro.com\/wp-content\/uploads\/2026\/01\/podgorica-moraca-canyon-scaled.jpg","type":"image\/jpeg"}],"twitter_card":"summary_large_image","twitter_site":"@visitmontenegro","schema":{"@context":"https:\/\/schema.org","@graph":[{"@type":"WebPage","@id":"https:\/\/www.visit-montenegro.com\/me\/destinacije\/podgorica\/atrakcije\/moraca\/","url":"https:\/\/www.visit-montenegro.com\/me\/destinacije\/podgorica\/atrakcije\/moraca\/","name":"Kanjon Mora\u010de - Visit Montenegro","isPartOf":{"@id":"https:\/\/www.visit-montenegro.com\/me\/#website"},"primaryImageOfPage":{"@id":"https:\/\/www.visit-montenegro.com\/me\/destinacije\/podgorica\/atrakcije\/moraca\/#primaryimage"},"image":{"@id":"https:\/\/www.visit-montenegro.com\/me\/destinacije\/podgorica\/atrakcije\/moraca\/#primaryimage"},"thumbnailUrl":"https:\/\/www.visit-montenegro.com\/wp-content\/uploads\/2026\/01\/podgorica-moraca-canyon-scaled.jpg","datePublished":"2026-01-27T20:44:33+00:00","dateModified":"2026-02-22T16:05:15+00:00","description":"Istra\u017eite zapanjuju\u0107u ljepotu Kanjona Mora\u010de i uzbudljivu cestu E65. Otkrijte za\u0161to je ovo crnogorsko blago obavezno posjetiti za ljubitelje avanture i prirode.","breadcrumb":{"@id":"https:\/\/www.visit-montenegro.com\/me\/destinacije\/podgorica\/atrakcije\/moraca\/#breadcrumb"},"inLanguage":"sr-Latn-ME","potentialAction":[{"@type":"ReadAction","target":["https:\/\/www.visit-montenegro.com\/me\/destinacije\/podgorica\/atrakcije\/moraca\/"]}]},{"@type":"ImageObject","inLanguage":"sr-Latn-ME","@id":"https:\/\/www.visit-montenegro.com\/me\/destinacije\/podgorica\/atrakcije\/moraca\/#primaryimage","url":"https:\/\/www.visit-montenegro.com\/wp-content\/uploads\/2026\/01\/podgorica-moraca-canyon-scaled.jpg","contentUrl":"https:\/\/www.visit-montenegro.com\/wp-content\/uploads\/2026\/01\/podgorica-moraca-canyon-scaled.jpg","width":1067,"height":1600,"caption":"Naj\u010distije vode tirkizne boje rijeke Mora\u010de koje teku me\u0111u kanjonima. Crna Gora."},{"@type":"BreadcrumbList","@id":"https:\/\/www.visit-montenegro.com\/me\/destinacije\/podgorica\/atrakcije\/moraca\/#breadcrumb","itemListElement":[{"@type":"ListItem","position":1,"name":"Home","item":"https:\/\/www.visit-montenegro.com\/me\/pocetna\/"},{"@type":"ListItem","position":2,"name":"Turisti\u010dke destinacije u Crnoj Gori","item":"https:\/\/www.visit-montenegro.com\/me\/destinacije\/"},{"@type":"ListItem","position":3,"name":"Podgorica","item":"https:\/\/www.visit-montenegro.com\/me\/destinacije\/podgorica\/"},{"@type":"ListItem","position":4,"name":"Atrakcije Podgorice","item":"https:\/\/www.visit-montenegro.com\/me\/destinacije\/podgorica\/atrakcije\/"},{"@type":"ListItem","position":5,"name":"Kanjon Mora\u010de"}]},{"@type":"WebSite","@id":"https:\/\/www.visit-montenegro.com\/me\/#website","url":"https:\/\/www.visit-montenegro.com\/me\/","name":"Visit Montenegro","description":"Breathtaking beauty","publisher":{"@id":"https:\/\/www.visit-montenegro.com\/me\/#organization"},"potentialAction":[{"@type":"SearchAction","target":{"@type":"EntryPoint","urlTemplate":"https:\/\/www.visit-montenegro.com\/me\/?s={search_term_string}"},"query-input":{"@type":"PropertyValueSpecification","valueRequired":true,"valueName":"search_term_string"}}],"inLanguage":"sr-Latn-ME"},{"@type":"Organization","@id":"https:\/\/www.visit-montenegro.com\/me\/#organization","name":"Visit Montenegro","url":"https:\/\/www.visit-montenegro.com\/me\/","logo":{"@type":"ImageObject","inLanguage":"sr-Latn-ME","@id":"https:\/\/www.visit-montenegro.com\/me\/#\/schema\/logo\/image\/","url":"https:\/\/www.visit-montenegro.com\/wp-content\/uploads\/2017\/10\/logo-amp.png","contentUrl":"https:\/\/www.visit-montenegro.com\/wp-content\/uploads\/2017\/10\/logo-amp.png","width":190,"height":36,"caption":"Visit Montenegro"},"image":{"@id":"https:\/\/www.visit-montenegro.com\/me\/#\/schema\/logo\/image\/"},"sameAs":["https:\/\/www.facebook.com\/visitmontenegro","https:\/\/x.com\/visitmontenegro","https:\/\/www.instagram.com\/visit_montenegro\/","https:\/\/www.youtube.com\/user\/VisitMontenegro"]}]}},"translations":[],"_links":{"self":[{"href":"https:\/\/www.visit-montenegro.com\/me\/wp-json\/wp\/v2\/pages\/134583","targetHints":{"allow":["GET"]}}],"collection":[{"href":"https:\/\/www.visit-montenegro.com\/me\/wp-json\/wp\/v2\/pages"}],"about":[{"href":"https:\/\/www.visit-montenegro.com\/me\/wp-json\/wp\/v2\/types\/page"}],"author":[{"embeddable":true,"href":"https:\/\/www.visit-montenegro.com\/me\/wp-json\/wp\/v2\/users\/1"}],"replies":[{"embeddable":true,"href":"https:\/\/www.visit-montenegro.com\/me\/wp-json\/wp\/v2\/comments?post=134583"}],"version-history":[{"count":0,"href":"https:\/\/www.visit-montenegro.com\/me\/wp-json\/wp\/v2\/pages\/134583\/revisions"}],"up":[{"embeddable":true,"href":"https:\/\/www.visit-montenegro.com\/me\/wp-json\/wp\/v2\/pages\/134767"}],"wp:featuredmedia":[{"embeddable":true,"href":"https:\/\/www.visit-montenegro.com\/me\/wp-json\/wp\/v2\/media\/134584"}],"wp:attachment":[{"href":"https:\/\/www.visit-montenegro.com\/me\/wp-json\/wp\/v2\/media?parent=134583"}],"wp:term":[{"taxonomy":"post_tag","embeddable":true,"href":"https:\/\/www.visit-montenegro.com\/me\/wp-json\/wp\/v2\/tags?post=134583"}],"curies":[{"name":"wp","href":"https:\/\/api.w.org\/{rel}","templated":true}]}}