{"id":134615,"date":"2026-01-27T21:44:33","date_gmt":"2026-01-27T20:44:33","guid":{"rendered":"https:\/\/new.visit-montenegro.com\/info\/istorija\/"},"modified":"2026-02-22T17:02:25","modified_gmt":"2026-02-22T16:02:25","slug":"istorija","status":"publish","type":"page","link":"https:\/\/www.visit-montenegro.com\/me\/destinacije\/podgorica\/info\/istorija\/","title":{"rendered":"Istorija Podgorice"},"content":{"rendered":"\n<p><a href=\"https:\/\/www.visit-montenegro.com\/me\/destinacije\/podgorica\/\">Podgorica<\/a> je jedno od najstarijih naselja u ovom dijelu Balkana. Njeno veliko prirodno bogatstvo, strate\u0161ki polo\u017eaj i plodno tlo doveli su do ranog razvoja u praistorijsko doba. <strong>Istorija Podgorice<\/strong> obilje\u017eena je brojnim promjenama imena: od Birziminijuma i Alate u anti\u010dko doba, preko Ribnice, zatim Podgorice, Titograda 1946. godine, i povratka na Podgoricu 1992. godine.<\/p>\n\n<p>Podgorica je prestonica Crne Gore, sa bogatom istorijom koja se\u017ee u praistorijsko doba. Njen strate\u0161ki polo\u017eaj i prirodni resursi oblikovali su njen razvoj kroz ilirske, rimske, slovenske, otomanske i moderne ere, \u010dine\u0107i je fascinantnom destinacijom za ljubitelje istorije.<\/p>\n\n<hr class=\"wp-block-separator has-alpha-channel-opacity\"\/>\n\n<h2 class=\"wp-block-heading\">Drevno porijeklo i ilirska naselja<\/h2>\n\n<p>Kao i ve\u0107i dio Balkana, podru\u010dje <strong>Podgorice<\/strong> naselili su rana ilirska plemena. Kroz rijetke anti\u010dke zapise i arheolo\u0161ka istra\u017eivanja, nau\u010dnici sastavljaju njeru ranu istoriju. Ili su \u017eivjeli primitivnim na\u010dinom \u017eivota, fokusiraju\u0107i se na sto\u010darstvo i kasnije rudarstvo. Zaista, mnogi regionalni nazivi danas poti\u010du od ilirskih korena.<\/p>\n\n<p>Mo\u0107no ilirsko pleme, Ardijei, imalo je utvrde u Risanu, Skadru i Medunu. Va\u017ene bitke za pokoravanje ilirskih plemena odvijale su se blizu ovih naselja, u blizini dana\u0161nje <strong>Podgorice<\/strong>. Anti\u010dki istori\u010dari prvi put spominju ova podru\u010dja, opisuju\u0107i Medun kao &#8220;grad u zemlji plemena Labeata&#8221;. U 1. i 2. vijeku n.e., Plinije i Ptolemej spominju pleme Dokleati i grad Duklju.<\/p>\n\n<p>Iako nema dokaza koji potvr\u0111uju ve\u0107e naselje u <strong>Podgorici<\/strong> tokom ovog perioda, vjeruje se da su Dokleati ovdje imali utvrdu za odbranu svog centra blizu Duklje. U\u0161\u0107e Ribnice u Mora\u010du bilo je idealno za odbranu, vjerovatno kori\u0161teno u plemenskim sukobima i otporu protiv rimskih osvaja\u010da.<\/p>\n\n<h2 class=\"wp-block-heading\">Rimski uticaj i rani razvoj<\/h2>\n\n<p>Rimski dolazak uveo je nove ekonomske odnose, kori\u0161tenje resursa i kolonizaciju. Ovo podru\u010dje, nazvano Prevalis, imalo je svoju prestonicu u Diokleji. Razvoj trgovine potaknuo je izgradnju puteva i rast naselja, posebno Duklje, zvani\u010dno nazvane Respublica Docleatium. Papa Grgur spominje dva biskupa Duklje po\u010detkom 7. vijeka.<\/p>\n\n<p>U 7. vijeku, <a href=\"https:\/\/www.visit-montenegro.com\/me\/destinacije\/podgorica\/atrakcije\/duklja\/\">Duklja<\/a> i manje rimsko naselje Birziminijum, mogu\u0107e u dana\u0161njoj <strong>Podgorici<\/strong>, opadaju. Birziminijum je bila klju\u010dna stanica na putu od Skadra do Narone. Italijanski geograf zabilje\u017eio je da je bio 10 km od Meduna. Kao rezultat, izrastao je iz karavanske stanice u utvr\u0111eni grad. Istra\u017eivanja su otkrila rimski vodovod od Ribni\u010dkih vrela do Duklje i starog grada u <strong>Podgorici<\/strong>, ukazuju\u0107i na zna\u010dajno naselje.<\/p>\n\n<p>Nakon 6. vijeka, ropstvo i civilizacija suo\u010dili su se sa velikim uticajima. Mnoga naselja su uni\u0161tena. Razorni zemljotres 518. godine n.e. opusto\u0161io je Duklju. Dolazak slovenskih naroda doveo je do kolonizacije i formiranja ranih dr\u017eava, u po\u010detku robovlasni\u010dko-vojnih, kasnije feudalnih. U 10. i 11. vijeku, nema spomena o naseljima u <strong>Podgorici<\/strong>.<\/p>\n\n<h2 class=\"wp-block-heading\">Srednjovjekovne transformacije i promjene imena<\/h2>\n\n<p>Indikacije sugeri\u0161u da je naselje izgra\u0111eno na obalama Ribnice u 10. vijeku. Potvrde dolaze iz tekstova crkve Sveti \u0110or\u0111e u Podgorici i istra\u017eivanja ruskog istori\u010dara Rovinskog. <strong>Istorija Podgorice<\/strong> pokazuje da je izgubila zna\u010daj u pore\u0111enju sa Skadrom, biv\u0161im centrom Zete. U 12. vijeku, Ribnica se prvi put spominje, locirana na mjestu Birziminijuma.<\/p>\n\n<p>Ra\u0161ki aristokrata Zavida skrivao se ovdje, gdje je ro\u0111en njegov sin Stevan Nemanja 1114. godine. On je osnovao dinastiju koja je vladala Srbijom do 16. vijeka. Kr\u0161ten je u crkvi Svetog \u0110or\u0111a, koja i danas postoji u <strong>Podgorici<\/strong>. Postojanje crkve i Zavidino skrivanje impliciraju da je Ribnica bila utvr\u0111eni grad. U 14. vijeku, Ribnica je bila trgova\u010dki posrednik izme\u0111u Dubrovnika i Ra\u0161ke, \u0161to je zabilje\u017eio car Du\u0161an.<\/p>\n\n<p>1326. godine, <strong>Podgorica<\/strong> se prvi put spominje. Ovo pokazuje da su Ribnica i Podgorica koegzistirale, vjerovatno kao odvojena naselja\u2014Podgorica kao grad, Ribnica kao okrug. Kasnije, Ribnica je vjerovatno postala Podgorica, zadr\u017eav\u0161i oba imena tokom tranzicije.<\/p>\n\n<h2 class=\"wp-block-heading\">Otomansko vladanje i vojni zna\u010daj<\/h2>\n\n<p>Tokom srednjeg vijeka, <strong>Podgorica<\/strong> je izrasla u zna\u010dajno trgova\u010dko mjesto na raskrsnici izme\u0111u obale i unutra\u0161njosti. Od 14. vijeka, stekla je vojno-politi\u010dki zna\u010daj protiv otomanske invazije. Nakon \u0161to su se vladari promijenili od despota Stevana Lazarevi\u0107a do Stevana Crnojevi\u0107a, i nakon \u0161to je Medun pao u turske ruke 1455. godine, sudbina <strong>Podgorice<\/strong> je zape\u010da\u0107ena. Te godine, predala se Mle\u010danima kako bi izbjegla tursko osvajanje.<\/p>\n\n<p>Turci su je ubrzo obnovili i utvrdili zbog njenog ekonomskog i politi\u010dkog zna\u010daja. Postala je klju\u010dna vojna pozicija u borbama sa brdskim plemenima. Grad je pro\u0161ao kroz islamizaciju, iako su gra\u0111ani pru\u017eali otpor. U 17. vijeku, turski putnik Evlija \u010celebija zabilje\u017eio je zna\u010daj <strong>Podgorice<\/strong>, opisuju\u0107i njeru tvr\u0111avu sa kulama i bedemima, u kojoj je boravilo oko 700 vojnika. Tako je <strong>Podgorica<\/strong> postala vojni grad koji je pokretao invazije u slobodnu Crnu Goru.<\/p>\n\n<p>Tokom 18. vijeka, <strong>Podgorica<\/strong> se spominje nekoliko puta, uklju\u010duju\u0107i i zatvaranje biskupa Danila, osniva\u010da dinastije Petrovi\u0107a. Turske vojne ekspedicije odavde ciljale su Crnu Goru i brdska plemena. Slabljenje turskog feudalizma dovelo je do pove\u0107anog terora nad gra\u0111anima u 19. vijeku.<\/p>\n\n<h2 class=\"wp-block-heading\">Oslobo\u0111enje i modernizacija<\/h2>\n\n<p>Dva opisa iz 19. vijeka prikazuju <strong>Podgoricu<\/strong>. Francuski konzul nazvao je je glavnim mjestom u regionu sa 950 domova i oko 6.540 gra\u0111ana. Engleski putnik zabilje\u017eio je da je to lijepo mjesto sa dobrim tr\u017ei\u0161tem. 19. vijek donio je oslobo\u0111enje <strong>Podgorice<\/strong>, uprkos otomanskim naporima da odr\u017ee uticaj. Ubistvo je izazvalo diplomatske sukobe, a rat 1875-1878. doveo je do njenog pripajanja Crnoj Gori 1878. godine. 27. januara 1879. godine, turske snage su oti\u0161le, a crnogorska vojska u\u0161la, do\u010dekana od strane pravoslavnih gra\u0111ana.<\/p>\n\n<p>Sa zavr\u0161etkom turske vladavine, dogodile su se etni\u010dke i socio-kulturne promjene. Imigranti su dobili zemlju, a novi grad je izgra\u0111en na desnoj obali Ribnice do kraja 19. vijeka. <strong>Podgorica<\/strong> se brzo razvijala, sa \u0161irim ulicama i trgom sa spomenikom crnogorskim borcima. Postala je sna\u017eno tr\u017ei\u0161te, sa zanatima, obrtima i osnivanjem Podgori\u010dke banke. Italijanski kapital izgradio je Fabriku duvana, privla\u010de\u0107i strane investicije.<\/p>\n\n<p>Ekonomski prosperitet potaknuo je kulturni \u017eivot. Uvedeno je osnovno obrazovanje za oba pola i konfesije. Osnovana su \u010ditaonica, pjeva\u010dko dru\u0161tvo &#8220;Branko&#8221;, prve novine i Ni\u017ea gimnazija 1907. godine. Pod knezom Nikolom I, <strong>Podgorica<\/strong> je postala administrativno-politi\u010dki centar Crne Gore, razmatrana za premje\u0161taj prestonice iz Cetinja, ali vojna nestabilnost to sprije\u010dila.<\/p>\n\n<h2 class=\"wp-block-heading\">Sukobi 20. vijeka i ponovno ro\u0111enje<\/h2>\n\n<p>Prvi svjetski rat donio je austrougarsku okupaciju i patnju. Nakon oslobo\u0111enja, 26. novembra 1918. godine, Velika narodna skup\u0161tina svrgnula je dinastiju Petrovi\u0107 i proglasila uniju Crne Gore sa Srbijom pod dinastijom Kara\u0111or\u0111evi\u0107, formiraju\u0107i Kraljevinu SHS, kasnije Jugoslaviju. Izme\u0111u dva rata, <strong>Podgorica<\/strong> se nije pravilno razvijala, suo\u010davaju\u0107i se sa sukobima izme\u0111u aristokratije i obespravljenih gra\u0111ana. Podgori\u010dki okrug imao je institucije kao \u0161to su Zetski finansijski biro i Po\u0161ta, sa oko 37.000 gra\u0111ana, poraslih na 50.000 pred Drugi svjetski rat, uglavnom anga\u017eovanih u poljoprivredi.<\/p>\n\n<p>Drugi svjetski rat te\u0161ko je obilje\u017eio <strong>Podgoricu<\/strong>. Od bombardovanja 1941. do oslobo\u0111enja 1944. godine, grad je uni\u0161ten, sa hiljadama mrtvih. 19. decembra 1944. godine, oslobo\u0111ena je, slavljena kao Dan op\u0161tine. Nakon rata, preimenovana je u Titograd, postaju\u0107i prestonica Socijalisti\u010dke Republike Crne Gore u SFR Jugoslaviji. Brzo se razvijala, sa \u0161kolama, fabrikama i institucijama, vode\u0107i u aluminijumu, duvanu, name\u0161taju i poljoprivredi, posebno kombinat &#8220;13. jul&#8221;. Nau\u010dne institucije oko Univerziteta Crne Gore u\u010dinile su je kulturnim centrom.<\/p>\n\n<p>U 1990-im, sukobi u biv\u0161oj Jugoslaviji uzrokovali su stagnaciju. Nakon ratova, Titograd, preimenovan u <strong>Podgoricu<\/strong> 1992. godine, orijentisao se ka evropskim standardima. Posljednjih godina, <strong>Podgorica<\/strong> se brzo mijenja, sa oko 170.000 gra\u0111ana koji svjedo\u010de novoj arhitekturi, modernizovanoj infrastrukturi i rastu u evropsku metropolu.<\/p>\n","protected":false},"excerpt":{"rendered":"<p>Istra\u017eite bogatu istoriju Podgorice, od njenih drevnih ilirskih korena do statusa moderne prestonice. Otkrijte kako su strate\u0161ki polo\u017eaj i kulturni pomaci oblikovali ovaj balkanski grad kroz rimske, otomanske i jugoslovenske ere.<\/p>\n","protected":false},"author":1,"featured_media":134616,"parent":134609,"menu_order":0,"comment_status":"closed","ping_status":"closed","template":"","meta":{"_yoast_wpseo_focuskw":"Istorija Podgorice","_yoast_wpseo_metadesc":"Zaronite u fascinantnu istoriju Podgorice, od ilirskih plemena do moderne prestonice. Saznajte o njenoj strate\u0161koj ulozi i kulturnoj evoluciji u Crnoj Gori.","_kad_post_transparent":"","_kad_post_title":"","_kad_post_layout":"","_kad_post_sidebar_id":"","_kad_post_content_style":"","_kad_post_vertical_padding":"","_kad_post_feature":"","_kad_post_feature_position":"","_kad_post_header":false,"_kad_post_footer":false,"_kad_post_classname":"","iawp_total_views":23,"footnotes":""},"tags":[],"class_list":["post-134615","page","type-page","status-publish","has-post-thumbnail","hentry"],"yoast_head":"<!-- This site is optimized with the Yoast SEO plugin v27.3 - https:\/\/yoast.com\/product\/yoast-seo-wordpress\/ -->\n<title>Istorija Podgorice - Visit Montenegro<\/title>\n<meta name=\"description\" content=\"Zaronite u fascinantnu istoriju Podgorice, od ilirskih plemena do moderne prestonice. Saznajte o njenoj strate\u0161koj ulozi i kulturnoj evoluciji u Crnoj Gori.\" \/>\n<meta name=\"robots\" content=\"index, follow, max-snippet:-1, max-image-preview:large, max-video-preview:-1\" \/>\n<link rel=\"canonical\" href=\"https:\/\/www.visit-montenegro.com\/me\/destinacije\/podgorica\/info\/istorija\/\" \/>\n<meta property=\"og:locale\" content=\"en_US\" \/>\n<meta property=\"og:type\" content=\"article\" \/>\n<meta property=\"og:title\" content=\"Istorija Podgorice - Visit Montenegro\" \/>\n<meta property=\"og:description\" content=\"Zaronite u fascinantnu istoriju Podgorice, od ilirskih plemena do moderne prestonice. Saznajte o njenoj strate\u0161koj ulozi i kulturnoj evoluciji u Crnoj Gori.\" \/>\n<meta property=\"og:url\" content=\"https:\/\/www.visit-montenegro.com\/me\/destinacije\/podgorica\/info\/istorija\/\" \/>\n<meta property=\"og:site_name\" content=\"Visit Montenegro\" \/>\n<meta property=\"article:publisher\" content=\"https:\/\/www.facebook.com\/visitmontenegro\" \/>\n<meta property=\"article:modified_time\" content=\"2026-02-22T16:02:25+00:00\" \/>\n<meta property=\"og:image\" content=\"https:\/\/www.visit-montenegro.com\/wp-content\/uploads\/2026\/02\/podgorica-doclea.jpg\" \/>\n\t<meta property=\"og:image:width\" content=\"1600\" \/>\n\t<meta property=\"og:image:height\" content=\"1067\" \/>\n\t<meta property=\"og:image:type\" content=\"image\/jpeg\" \/>\n<meta name=\"twitter:card\" content=\"summary_large_image\" \/>\n<meta name=\"twitter:site\" content=\"@visitmontenegro\" \/>\n<meta name=\"twitter:label1\" content=\"Est. reading time\" \/>\n\t<meta name=\"twitter:data1\" content=\"6 minutes\" \/>\n<script type=\"application\/ld+json\" class=\"yoast-schema-graph\">{\"@context\":\"https:\\\/\\\/schema.org\",\"@graph\":[{\"@type\":\"WebPage\",\"@id\":\"https:\\\/\\\/www.visit-montenegro.com\\\/me\\\/destinacije\\\/podgorica\\\/info\\\/istorija\\\/\",\"url\":\"https:\\\/\\\/www.visit-montenegro.com\\\/me\\\/destinacije\\\/podgorica\\\/info\\\/istorija\\\/\",\"name\":\"Istorija Podgorice - Visit Montenegro\",\"isPartOf\":{\"@id\":\"https:\\\/\\\/www.visit-montenegro.com\\\/me\\\/#website\"},\"primaryImageOfPage\":{\"@id\":\"https:\\\/\\\/www.visit-montenegro.com\\\/me\\\/destinacije\\\/podgorica\\\/info\\\/istorija\\\/#primaryimage\"},\"image\":{\"@id\":\"https:\\\/\\\/www.visit-montenegro.com\\\/me\\\/destinacije\\\/podgorica\\\/info\\\/istorija\\\/#primaryimage\"},\"thumbnailUrl\":\"https:\\\/\\\/www.visit-montenegro.com\\\/wp-content\\\/uploads\\\/2026\\\/02\\\/podgorica-doclea.jpg\",\"datePublished\":\"2026-01-27T20:44:33+00:00\",\"dateModified\":\"2026-02-22T16:02:25+00:00\",\"description\":\"Zaronite u fascinantnu istoriju Podgorice, od ilirskih plemena do moderne prestonice. Saznajte o njenoj strate\u0161koj ulozi i kulturnoj evoluciji u Crnoj Gori.\",\"breadcrumb\":{\"@id\":\"https:\\\/\\\/www.visit-montenegro.com\\\/me\\\/destinacije\\\/podgorica\\\/info\\\/istorija\\\/#breadcrumb\"},\"inLanguage\":\"sr-Latn-ME\",\"potentialAction\":[{\"@type\":\"ReadAction\",\"target\":[\"https:\\\/\\\/www.visit-montenegro.com\\\/me\\\/destinacije\\\/podgorica\\\/info\\\/istorija\\\/\"]}]},{\"@type\":\"ImageObject\",\"inLanguage\":\"sr-Latn-ME\",\"@id\":\"https:\\\/\\\/www.visit-montenegro.com\\\/me\\\/destinacije\\\/podgorica\\\/info\\\/istorija\\\/#primaryimage\",\"url\":\"https:\\\/\\\/www.visit-montenegro.com\\\/wp-content\\\/uploads\\\/2026\\\/02\\\/podgorica-doclea.jpg\",\"contentUrl\":\"https:\\\/\\\/www.visit-montenegro.com\\\/wp-content\\\/uploads\\\/2026\\\/02\\\/podgorica-doclea.jpg\",\"width\":1600,\"height\":1067},{\"@type\":\"BreadcrumbList\",\"@id\":\"https:\\\/\\\/www.visit-montenegro.com\\\/me\\\/destinacije\\\/podgorica\\\/info\\\/istorija\\\/#breadcrumb\",\"itemListElement\":[{\"@type\":\"ListItem\",\"position\":1,\"name\":\"Home\",\"item\":\"https:\\\/\\\/www.visit-montenegro.com\\\/me\\\/pocetna\\\/\"},{\"@type\":\"ListItem\",\"position\":2,\"name\":\"Turisti\u010dke destinacije u Crnoj Gori\",\"item\":\"https:\\\/\\\/www.visit-montenegro.com\\\/me\\\/destinacije\\\/\"},{\"@type\":\"ListItem\",\"position\":3,\"name\":\"Podgorica\",\"item\":\"https:\\\/\\\/www.visit-montenegro.com\\\/me\\\/destinacije\\\/podgorica\\\/\"},{\"@type\":\"ListItem\",\"position\":4,\"name\":\"Vi\u0161e o Podgorici\",\"item\":\"https:\\\/\\\/www.visit-montenegro.com\\\/me\\\/destinacije\\\/podgorica\\\/info\\\/\"},{\"@type\":\"ListItem\",\"position\":5,\"name\":\"Istorija Podgorice\"}]},{\"@type\":\"WebSite\",\"@id\":\"https:\\\/\\\/www.visit-montenegro.com\\\/me\\\/#website\",\"url\":\"https:\\\/\\\/www.visit-montenegro.com\\\/me\\\/\",\"name\":\"Visit Montenegro\",\"description\":\"Breathtaking beauty\",\"publisher\":{\"@id\":\"https:\\\/\\\/www.visit-montenegro.com\\\/me\\\/#organization\"},\"potentialAction\":[{\"@type\":\"SearchAction\",\"target\":{\"@type\":\"EntryPoint\",\"urlTemplate\":\"https:\\\/\\\/www.visit-montenegro.com\\\/me\\\/?s={search_term_string}\"},\"query-input\":{\"@type\":\"PropertyValueSpecification\",\"valueRequired\":true,\"valueName\":\"search_term_string\"}}],\"inLanguage\":\"sr-Latn-ME\"},{\"@type\":\"Organization\",\"@id\":\"https:\\\/\\\/www.visit-montenegro.com\\\/me\\\/#organization\",\"name\":\"Visit Montenegro\",\"url\":\"https:\\\/\\\/www.visit-montenegro.com\\\/me\\\/\",\"logo\":{\"@type\":\"ImageObject\",\"inLanguage\":\"sr-Latn-ME\",\"@id\":\"https:\\\/\\\/www.visit-montenegro.com\\\/me\\\/#\\\/schema\\\/logo\\\/image\\\/\",\"url\":\"https:\\\/\\\/www.visit-montenegro.com\\\/wp-content\\\/uploads\\\/2017\\\/10\\\/logo-amp.png\",\"contentUrl\":\"https:\\\/\\\/www.visit-montenegro.com\\\/wp-content\\\/uploads\\\/2017\\\/10\\\/logo-amp.png\",\"width\":190,\"height\":36,\"caption\":\"Visit Montenegro\"},\"image\":{\"@id\":\"https:\\\/\\\/www.visit-montenegro.com\\\/me\\\/#\\\/schema\\\/logo\\\/image\\\/\"},\"sameAs\":[\"https:\\\/\\\/www.facebook.com\\\/visitmontenegro\",\"https:\\\/\\\/x.com\\\/visitmontenegro\",\"https:\\\/\\\/www.instagram.com\\\/visit_montenegro\\\/\",\"https:\\\/\\\/www.youtube.com\\\/user\\\/VisitMontenegro\"]}]}<\/script>\n<!-- \/ Yoast SEO plugin. -->","yoast_head_json":{"title":"Istorija Podgorice - Visit Montenegro","description":"Zaronite u fascinantnu istoriju Podgorice, od ilirskih plemena do moderne prestonice. Saznajte o njenoj strate\u0161koj ulozi i kulturnoj evoluciji u Crnoj Gori.","robots":{"index":"index","follow":"follow","max-snippet":"max-snippet:-1","max-image-preview":"max-image-preview:large","max-video-preview":"max-video-preview:-1"},"canonical":"https:\/\/www.visit-montenegro.com\/me\/destinacije\/podgorica\/info\/istorija\/","og_locale":"en_US","og_type":"article","og_title":"Istorija Podgorice - Visit Montenegro","og_description":"Zaronite u fascinantnu istoriju Podgorice, od ilirskih plemena do moderne prestonice. Saznajte o njenoj strate\u0161koj ulozi i kulturnoj evoluciji u Crnoj Gori.","og_url":"https:\/\/www.visit-montenegro.com\/me\/destinacije\/podgorica\/info\/istorija\/","og_site_name":"Visit Montenegro","article_publisher":"https:\/\/www.facebook.com\/visitmontenegro","article_modified_time":"2026-02-22T16:02:25+00:00","og_image":[{"width":1600,"height":1067,"url":"https:\/\/www.visit-montenegro.com\/wp-content\/uploads\/2026\/02\/podgorica-doclea.jpg","type":"image\/jpeg"}],"twitter_card":"summary_large_image","twitter_site":"@visitmontenegro","twitter_misc":{"Est. reading time":"6 minutes"},"schema":{"@context":"https:\/\/schema.org","@graph":[{"@type":"WebPage","@id":"https:\/\/www.visit-montenegro.com\/me\/destinacije\/podgorica\/info\/istorija\/","url":"https:\/\/www.visit-montenegro.com\/me\/destinacije\/podgorica\/info\/istorija\/","name":"Istorija Podgorice - Visit Montenegro","isPartOf":{"@id":"https:\/\/www.visit-montenegro.com\/me\/#website"},"primaryImageOfPage":{"@id":"https:\/\/www.visit-montenegro.com\/me\/destinacije\/podgorica\/info\/istorija\/#primaryimage"},"image":{"@id":"https:\/\/www.visit-montenegro.com\/me\/destinacije\/podgorica\/info\/istorija\/#primaryimage"},"thumbnailUrl":"https:\/\/www.visit-montenegro.com\/wp-content\/uploads\/2026\/02\/podgorica-doclea.jpg","datePublished":"2026-01-27T20:44:33+00:00","dateModified":"2026-02-22T16:02:25+00:00","description":"Zaronite u fascinantnu istoriju Podgorice, od ilirskih plemena do moderne prestonice. Saznajte o njenoj strate\u0161koj ulozi i kulturnoj evoluciji u Crnoj Gori.","breadcrumb":{"@id":"https:\/\/www.visit-montenegro.com\/me\/destinacije\/podgorica\/info\/istorija\/#breadcrumb"},"inLanguage":"sr-Latn-ME","potentialAction":[{"@type":"ReadAction","target":["https:\/\/www.visit-montenegro.com\/me\/destinacije\/podgorica\/info\/istorija\/"]}]},{"@type":"ImageObject","inLanguage":"sr-Latn-ME","@id":"https:\/\/www.visit-montenegro.com\/me\/destinacije\/podgorica\/info\/istorija\/#primaryimage","url":"https:\/\/www.visit-montenegro.com\/wp-content\/uploads\/2026\/02\/podgorica-doclea.jpg","contentUrl":"https:\/\/www.visit-montenegro.com\/wp-content\/uploads\/2026\/02\/podgorica-doclea.jpg","width":1600,"height":1067},{"@type":"BreadcrumbList","@id":"https:\/\/www.visit-montenegro.com\/me\/destinacije\/podgorica\/info\/istorija\/#breadcrumb","itemListElement":[{"@type":"ListItem","position":1,"name":"Home","item":"https:\/\/www.visit-montenegro.com\/me\/pocetna\/"},{"@type":"ListItem","position":2,"name":"Turisti\u010dke destinacije u Crnoj Gori","item":"https:\/\/www.visit-montenegro.com\/me\/destinacije\/"},{"@type":"ListItem","position":3,"name":"Podgorica","item":"https:\/\/www.visit-montenegro.com\/me\/destinacije\/podgorica\/"},{"@type":"ListItem","position":4,"name":"Vi\u0161e o Podgorici","item":"https:\/\/www.visit-montenegro.com\/me\/destinacije\/podgorica\/info\/"},{"@type":"ListItem","position":5,"name":"Istorija Podgorice"}]},{"@type":"WebSite","@id":"https:\/\/www.visit-montenegro.com\/me\/#website","url":"https:\/\/www.visit-montenegro.com\/me\/","name":"Visit Montenegro","description":"Breathtaking beauty","publisher":{"@id":"https:\/\/www.visit-montenegro.com\/me\/#organization"},"potentialAction":[{"@type":"SearchAction","target":{"@type":"EntryPoint","urlTemplate":"https:\/\/www.visit-montenegro.com\/me\/?s={search_term_string}"},"query-input":{"@type":"PropertyValueSpecification","valueRequired":true,"valueName":"search_term_string"}}],"inLanguage":"sr-Latn-ME"},{"@type":"Organization","@id":"https:\/\/www.visit-montenegro.com\/me\/#organization","name":"Visit Montenegro","url":"https:\/\/www.visit-montenegro.com\/me\/","logo":{"@type":"ImageObject","inLanguage":"sr-Latn-ME","@id":"https:\/\/www.visit-montenegro.com\/me\/#\/schema\/logo\/image\/","url":"https:\/\/www.visit-montenegro.com\/wp-content\/uploads\/2017\/10\/logo-amp.png","contentUrl":"https:\/\/www.visit-montenegro.com\/wp-content\/uploads\/2017\/10\/logo-amp.png","width":190,"height":36,"caption":"Visit Montenegro"},"image":{"@id":"https:\/\/www.visit-montenegro.com\/me\/#\/schema\/logo\/image\/"},"sameAs":["https:\/\/www.facebook.com\/visitmontenegro","https:\/\/x.com\/visitmontenegro","https:\/\/www.instagram.com\/visit_montenegro\/","https:\/\/www.youtube.com\/user\/VisitMontenegro"]}]}},"translations":[],"_links":{"self":[{"href":"https:\/\/www.visit-montenegro.com\/me\/wp-json\/wp\/v2\/pages\/134615","targetHints":{"allow":["GET"]}}],"collection":[{"href":"https:\/\/www.visit-montenegro.com\/me\/wp-json\/wp\/v2\/pages"}],"about":[{"href":"https:\/\/www.visit-montenegro.com\/me\/wp-json\/wp\/v2\/types\/page"}],"author":[{"embeddable":true,"href":"https:\/\/www.visit-montenegro.com\/me\/wp-json\/wp\/v2\/users\/1"}],"replies":[{"embeddable":true,"href":"https:\/\/www.visit-montenegro.com\/me\/wp-json\/wp\/v2\/comments?post=134615"}],"version-history":[{"count":0,"href":"https:\/\/www.visit-montenegro.com\/me\/wp-json\/wp\/v2\/pages\/134615\/revisions"}],"up":[{"embeddable":true,"href":"https:\/\/www.visit-montenegro.com\/me\/wp-json\/wp\/v2\/pages\/134609"}],"wp:featuredmedia":[{"embeddable":true,"href":"https:\/\/www.visit-montenegro.com\/me\/wp-json\/wp\/v2\/media\/134616"}],"wp:attachment":[{"href":"https:\/\/www.visit-montenegro.com\/me\/wp-json\/wp\/v2\/media?parent=134615"}],"wp:term":[{"taxonomy":"post_tag","embeddable":true,"href":"https:\/\/www.visit-montenegro.com\/me\/wp-json\/wp\/v2\/tags?post=134615"}],"curies":[{"name":"wp","href":"https:\/\/api.w.org\/{rel}","templated":true}]}}