{"id":134621,"date":"2026-01-27T21:44:33","date_gmt":"2026-01-27T20:44:33","guid":{"rendered":"https:\/\/new.visit-montenegro.com\/destinacije\/zabljak\/"},"modified":"2026-02-24T12:43:17","modified_gmt":"2026-02-24T11:43:17","slug":"zabljak","status":"publish","type":"page","link":"https:\/\/www.visit-montenegro.com\/me\/destinacije\/zabljak\/","title":{"rendered":"\u017dabljak"},"content":{"rendered":"\n<p>\u017dabljak je grad na najve\u0107oj nadmorskoj visini na Balkanu, smje\u0161ten na 1.456 metara. Smje\u0161ten u srcu prostranog planinskog masiva <a href=\"https:\/\/www.visit-montenegro.com\/me\/destinacije\/zabljak\/info\/durmitor\/\">Durmitor<\/a> i unutar Nacionalnog parka Durmitor, nudi jedinstven spoj prirodne ljepote i avanture.<\/p>\n\n<hr class=\"wp-block-separator has-alpha-channel-opacity\"\/>\n\n<h2 class=\"wp-block-heading\">\u017dabljak: Destinacija za cijelu godinu<\/h2>\n\n<p><strong>\u017dabljak<\/strong> je vrhunsko mjesto za zimski turizam, ali mnogi turisti ga smatraju najboljim izborom za ljetni odmor. Doista, njegove prirodne atrakcije privla\u010de brojne posjetioce tokom toplijih mjeseci.<\/p>\n\n<p>U blizini se nalazi najdublji kanjon u Evropi, veli\u010danstveni kanjon rijeke Tare. Ovaj mali grad u sjevernoj Crnoj Gori okru\u017een je brojnim jezerima i planinskim vrhovima. Stoga, njegovi zadivljuju\u0107i pejza\u017ei \u010dine <strong>\u017dabljak<\/strong> vrhunskom destinacijom za ljubitelje prirode.<\/p>\n\n<figure class=\"wp-block-image size-large\"><img loading=\"lazy\" decoding=\"async\" width=\"1024\" height=\"679\" src=\"https:\/\/www.visit-montenegro.com\/wp-content\/uploads\/2026\/01\/durmitor-sedlo-bench-1024x679.jpg\" alt=\"\" class=\"wp-image-36248\" srcset=\"https:\/\/www.visit-montenegro.com\/wp-content\/uploads\/2026\/01\/durmitor-sedlo-bench-1024x679.jpg 1024w, https:\/\/www.visit-montenegro.com\/wp-content\/uploads\/2026\/01\/durmitor-sedlo-bench-300x199.jpg 300w, https:\/\/www.visit-montenegro.com\/wp-content\/uploads\/2026\/01\/durmitor-sedlo-bench-768x510.jpg 768w, https:\/\/www.visit-montenegro.com\/wp-content\/uploads\/2026\/01\/durmitor-sedlo-bench-1536x1019.jpg 1536w, https:\/\/www.visit-montenegro.com\/wp-content\/uploads\/2026\/01\/durmitor-sedlo-bench-1200x796.jpg 1200w, https:\/\/www.visit-montenegro.com\/wp-content\/uploads\/2026\/01\/durmitor-sedlo-bench-scaled.jpg 1600w\" sizes=\"auto, (max-width: 1024px) 100vw, 1024px\" \/><figcaption class=\"wp-element-caption\">klupa s pogledom na planinu u Nacionalnom parku Durmitor, Crna Gora<\/figcaption><\/figure>\n\n<h2 class=\"wp-block-heading\">Prirodne i kulturne atrakcije<\/h2>\n\n<p>Durmitor ima preko 1.500 biljnih vrsta izvan zime, \u0161to \u010dini <strong>\u017dabljak<\/strong> botani\u010dkim rajem. Doga\u0111aji poput &#8220;Dani planinskog cvije\u0107a&#8221; i Angel Kup pove\u0107avaju njegovu turisti\u010dku privla\u010dnost. Osim toga, obli\u017enji manastiri i crkve podr\u017eavaju rast vjerskog turizma.<\/p>\n\n<p>Rafting na bijelim vodama rijeke Tare je glavna atrakcija za ljubitelje ekstremnih sportova i ubraja se me\u0111u najbolje ture u Crnoj Gori.<\/p>\n\n<hr class=\"wp-block-separator has-alpha-channel-opacity\"\/>\n\n<div class=\"wp-block-columns is-layout-flex wp-container-core-columns-is-layout-9d6595d7 wp-block-columns-is-layout-flex\">\n<div class=\"wp-block-column is-layout-flow wp-block-column-is-layout-flow\">\n<div class=\"wp-block-group\"><div class=\"wp-block-group__inner-container is-layout-constrained wp-block-group-is-layout-constrained\">\n<h3 class=\"wp-block-heading\">Otkrijte skrivene dragulje \u017dabljaka<\/h3>\n\n\n\n<p>Istra\u017eite najzna\u010dajnije znamenitosti, historijska mjesta i mjesta koja se moraju vidjeti, a koja \u010dine ovu destinaciju jedinstvenom.<\/p>\n\n\n\n<div class=\"wp-block-buttons is-layout-flex wp-block-buttons-is-layout-flex\">\n<div class=\"wp-block-button\"><a class=\"wp-block-button__link wp-element-button\" href=\"https:\/\/www.visit-montenegro.com\/me\/destinacije\/zabljak\/atrakcije\/\">Atrakcije \u017dabljaka<\/a><\/div>\n<\/div>\n<\/div><\/div>\n<\/div>\n\n\n\n<div class=\"wp-block-column is-layout-flow wp-block-column-is-layout-flow\">\n<div class=\"wp-block-group\"><div class=\"wp-block-group__inner-container is-layout-constrained wp-block-group-is-layout-constrained\">\n<h3 class=\"wp-block-heading\">Saznajte vi\u0161e o \u017dabljaku<\/h3>\n\n\n\n<p>Zaronite dublje u lokalnu kulturu, historiju i prakti\u010dne savjete za putovanje kako biste se pripremili za svoje nadolaze\u0107e putovanje.<\/p>\n<\/div><\/div>\n\n\n\n<div class=\"wp-block-buttons is-layout-flex wp-block-buttons-is-layout-flex\">\n<div class=\"wp-block-button\"><a class=\"wp-block-button__link wp-element-button\" href=\"https:\/\/www.visit-montenegro.com\/me\/destinacije\/zabljak\/info\/\">Vi\u0161e o \u017dabljaku<\/a><\/div>\n<\/div>\n<\/div>\n<\/div>\n","protected":false},"excerpt":{"rendered":"<p>Otkrijte \u017dabljak, najvi\u0161i grad na Balkanu, smje\u0161ten u Nacionalnom parku Durmitor. Savr\u0161en za zimske i ljetne avanture, nudi zadivljuju\u0107u prirodnu ljepotu i uzbudljive aktivnosti poput raftinga na bijelim vodama. Istra\u017eite njegov jedinstven \u0161arm i planirajte svoju posjetu danas!<\/p>\n","protected":false},"author":1,"featured_media":134622,"parent":134092,"menu_order":0,"comment_status":"closed","ping_status":"closed","template":"","meta":{"_yoast_wpseo_focuskw":"\u017dabljak","_yoast_wpseo_metadesc":"Istra\u017eite \u017dabljak, najvi\u0161i grad u Crnoj Gori u Nacionalnom parku Durmitor. Idealno za avanture tokom cijele godine, od zimskih sportova do ljetnjih \u0161etnji i raftinga na rijeci Tara. Planirajte svoje putovanje sada!","_kad_post_transparent":"","_kad_post_title":"","_kad_post_layout":"","_kad_post_sidebar_id":"","_kad_post_content_style":"","_kad_post_vertical_padding":"","_kad_post_feature":"","_kad_post_feature_position":"","_kad_post_header":false,"_kad_post_footer":false,"_kad_post_classname":"","iawp_total_views":35,"footnotes":""},"tags":[594,2297],"class_list":["post-134621","page","type-page","status-publish","has-post-thumbnail","hentry","tag-destination","tag-mountain-destination"],"yoast_head":"<!-- This site is optimized with the Yoast SEO plugin v27.3 - https:\/\/yoast.com\/product\/yoast-seo-wordpress\/ -->\n<title>\u017dabljak - Visit Montenegro<\/title>\n<meta name=\"description\" content=\"Istra\u017eite \u017dabljak, najvi\u0161i grad u Crnoj Gori u Nacionalnom parku Durmitor. Idealno za avanture tokom cijele godine, od zimskih sportova do ljetnjih \u0161etnji i raftinga na rijeci Tara. Planirajte svoje putovanje sada!\" \/>\n<meta name=\"robots\" content=\"index, follow, max-snippet:-1, max-image-preview:large, max-video-preview:-1\" \/>\n<link rel=\"canonical\" href=\"https:\/\/www.visit-montenegro.com\/me\/destinacije\/zabljak\/\" \/>\n<meta property=\"og:locale\" content=\"en_US\" \/>\n<meta property=\"og:type\" content=\"article\" \/>\n<meta property=\"og:title\" content=\"\u017dabljak - Visit Montenegro\" \/>\n<meta property=\"og:description\" content=\"Istra\u017eite \u017dabljak, najvi\u0161i grad u Crnoj Gori u Nacionalnom parku Durmitor. Idealno za avanture tokom cijele godine, od zimskih sportova do ljetnjih \u0161etnji i raftinga na rijeci Tara. Planirajte svoje putovanje sada!\" \/>\n<meta property=\"og:url\" content=\"https:\/\/www.visit-montenegro.com\/me\/destinacije\/zabljak\/\" \/>\n<meta property=\"og:site_name\" content=\"Visit Montenegro\" \/>\n<meta property=\"article:publisher\" content=\"https:\/\/www.facebook.com\/visitmontenegro\" \/>\n<meta property=\"article:modified_time\" content=\"2026-02-24T11:43:17+00:00\" \/>\n<meta property=\"og:image\" content=\"https:\/\/www.visit-montenegro.com\/wp-content\/uploads\/2026\/01\/zabljak-black-lake04-scaled.jpg\" \/>\n\t<meta property=\"og:image:width\" content=\"1600\" \/>\n\t<meta property=\"og:image:height\" content=\"1068\" \/>\n\t<meta property=\"og:image:type\" content=\"image\/jpeg\" \/>\n<meta name=\"twitter:card\" content=\"summary_large_image\" \/>\n<meta name=\"twitter:site\" content=\"@visitmontenegro\" \/>\n<meta name=\"twitter:label1\" content=\"Est. reading time\" \/>\n\t<meta name=\"twitter:data1\" content=\"1 minute\" \/>\n<script type=\"application\/ld+json\" class=\"yoast-schema-graph\">{\"@context\":\"https:\\\/\\\/schema.org\",\"@graph\":[{\"@type\":\"WebPage\",\"@id\":\"https:\\\/\\\/www.visit-montenegro.com\\\/me\\\/destinacije\\\/zabljak\\\/\",\"url\":\"https:\\\/\\\/www.visit-montenegro.com\\\/me\\\/destinacije\\\/zabljak\\\/\",\"name\":\"\u017dabljak - Visit Montenegro\",\"isPartOf\":{\"@id\":\"https:\\\/\\\/www.visit-montenegro.com\\\/me\\\/#website\"},\"primaryImageOfPage\":{\"@id\":\"https:\\\/\\\/www.visit-montenegro.com\\\/me\\\/destinacije\\\/zabljak\\\/#primaryimage\"},\"image\":{\"@id\":\"https:\\\/\\\/www.visit-montenegro.com\\\/me\\\/destinacije\\\/zabljak\\\/#primaryimage\"},\"thumbnailUrl\":\"https:\\\/\\\/www.visit-montenegro.com\\\/wp-content\\\/uploads\\\/2026\\\/01\\\/zabljak-black-lake04-scaled.jpg\",\"datePublished\":\"2026-01-27T20:44:33+00:00\",\"dateModified\":\"2026-02-24T11:43:17+00:00\",\"description\":\"Istra\u017eite \u017dabljak, najvi\u0161i grad u Crnoj Gori u Nacionalnom parku Durmitor. Idealno za avanture tokom cijele godine, od zimskih sportova do ljetnjih \u0161etnji i raftinga na rijeci Tara. Planirajte svoje putovanje sada!\",\"breadcrumb\":{\"@id\":\"https:\\\/\\\/www.visit-montenegro.com\\\/me\\\/destinacije\\\/zabljak\\\/#breadcrumb\"},\"inLanguage\":\"sr-Latn-ME\",\"potentialAction\":[{\"@type\":\"ReadAction\",\"target\":[\"https:\\\/\\\/www.visit-montenegro.com\\\/me\\\/destinacije\\\/zabljak\\\/\"]}]},{\"@type\":\"ImageObject\",\"inLanguage\":\"sr-Latn-ME\",\"@id\":\"https:\\\/\\\/www.visit-montenegro.com\\\/me\\\/destinacije\\\/zabljak\\\/#primaryimage\",\"url\":\"https:\\\/\\\/www.visit-montenegro.com\\\/wp-content\\\/uploads\\\/2026\\\/01\\\/zabljak-black-lake04-scaled.jpg\",\"contentUrl\":\"https:\\\/\\\/www.visit-montenegro.com\\\/wp-content\\\/uploads\\\/2026\\\/01\\\/zabljak-black-lake04-scaled.jpg\",\"width\":1600,\"height\":1068},{\"@type\":\"BreadcrumbList\",\"@id\":\"https:\\\/\\\/www.visit-montenegro.com\\\/me\\\/destinacije\\\/zabljak\\\/#breadcrumb\",\"itemListElement\":[{\"@type\":\"ListItem\",\"position\":1,\"name\":\"Home\",\"item\":\"https:\\\/\\\/www.visit-montenegro.com\\\/me\\\/pocetna\\\/\"},{\"@type\":\"ListItem\",\"position\":2,\"name\":\"Turisti\u010dke destinacije u Crnoj Gori\",\"item\":\"https:\\\/\\\/www.visit-montenegro.com\\\/me\\\/destinacije\\\/\"},{\"@type\":\"ListItem\",\"position\":3,\"name\":\"\u017dabljak\"}]},{\"@type\":\"WebSite\",\"@id\":\"https:\\\/\\\/www.visit-montenegro.com\\\/me\\\/#website\",\"url\":\"https:\\\/\\\/www.visit-montenegro.com\\\/me\\\/\",\"name\":\"Visit Montenegro\",\"description\":\"Breathtaking beauty\",\"publisher\":{\"@id\":\"https:\\\/\\\/www.visit-montenegro.com\\\/me\\\/#organization\"},\"potentialAction\":[{\"@type\":\"SearchAction\",\"target\":{\"@type\":\"EntryPoint\",\"urlTemplate\":\"https:\\\/\\\/www.visit-montenegro.com\\\/me\\\/?s={search_term_string}\"},\"query-input\":{\"@type\":\"PropertyValueSpecification\",\"valueRequired\":true,\"valueName\":\"search_term_string\"}}],\"inLanguage\":\"sr-Latn-ME\"},{\"@type\":\"Organization\",\"@id\":\"https:\\\/\\\/www.visit-montenegro.com\\\/me\\\/#organization\",\"name\":\"Visit Montenegro\",\"url\":\"https:\\\/\\\/www.visit-montenegro.com\\\/me\\\/\",\"logo\":{\"@type\":\"ImageObject\",\"inLanguage\":\"sr-Latn-ME\",\"@id\":\"https:\\\/\\\/www.visit-montenegro.com\\\/me\\\/#\\\/schema\\\/logo\\\/image\\\/\",\"url\":\"https:\\\/\\\/www.visit-montenegro.com\\\/wp-content\\\/uploads\\\/2017\\\/10\\\/logo-amp.png\",\"contentUrl\":\"https:\\\/\\\/www.visit-montenegro.com\\\/wp-content\\\/uploads\\\/2017\\\/10\\\/logo-amp.png\",\"width\":190,\"height\":36,\"caption\":\"Visit Montenegro\"},\"image\":{\"@id\":\"https:\\\/\\\/www.visit-montenegro.com\\\/me\\\/#\\\/schema\\\/logo\\\/image\\\/\"},\"sameAs\":[\"https:\\\/\\\/www.facebook.com\\\/visitmontenegro\",\"https:\\\/\\\/x.com\\\/visitmontenegro\",\"https:\\\/\\\/www.instagram.com\\\/visit_montenegro\\\/\",\"https:\\\/\\\/www.youtube.com\\\/user\\\/VisitMontenegro\"]}]}<\/script>\n<!-- \/ Yoast SEO plugin. -->","yoast_head_json":{"title":"\u017dabljak - Visit Montenegro","description":"Istra\u017eite \u017dabljak, najvi\u0161i grad u Crnoj Gori u Nacionalnom parku Durmitor. Idealno za avanture tokom cijele godine, od zimskih sportova do ljetnjih \u0161etnji i raftinga na rijeci Tara. Planirajte svoje putovanje sada!","robots":{"index":"index","follow":"follow","max-snippet":"max-snippet:-1","max-image-preview":"max-image-preview:large","max-video-preview":"max-video-preview:-1"},"canonical":"https:\/\/www.visit-montenegro.com\/me\/destinacije\/zabljak\/","og_locale":"en_US","og_type":"article","og_title":"\u017dabljak - Visit Montenegro","og_description":"Istra\u017eite \u017dabljak, najvi\u0161i grad u Crnoj Gori u Nacionalnom parku Durmitor. Idealno za avanture tokom cijele godine, od zimskih sportova do ljetnjih \u0161etnji i raftinga na rijeci Tara. Planirajte svoje putovanje sada!","og_url":"https:\/\/www.visit-montenegro.com\/me\/destinacije\/zabljak\/","og_site_name":"Visit Montenegro","article_publisher":"https:\/\/www.facebook.com\/visitmontenegro","article_modified_time":"2026-02-24T11:43:17+00:00","og_image":[{"width":1600,"height":1068,"url":"https:\/\/www.visit-montenegro.com\/wp-content\/uploads\/2026\/01\/zabljak-black-lake04-scaled.jpg","type":"image\/jpeg"}],"twitter_card":"summary_large_image","twitter_site":"@visitmontenegro","twitter_misc":{"Est. reading time":"1 minute"},"schema":{"@context":"https:\/\/schema.org","@graph":[{"@type":"WebPage","@id":"https:\/\/www.visit-montenegro.com\/me\/destinacije\/zabljak\/","url":"https:\/\/www.visit-montenegro.com\/me\/destinacije\/zabljak\/","name":"\u017dabljak - Visit Montenegro","isPartOf":{"@id":"https:\/\/www.visit-montenegro.com\/me\/#website"},"primaryImageOfPage":{"@id":"https:\/\/www.visit-montenegro.com\/me\/destinacije\/zabljak\/#primaryimage"},"image":{"@id":"https:\/\/www.visit-montenegro.com\/me\/destinacije\/zabljak\/#primaryimage"},"thumbnailUrl":"https:\/\/www.visit-montenegro.com\/wp-content\/uploads\/2026\/01\/zabljak-black-lake04-scaled.jpg","datePublished":"2026-01-27T20:44:33+00:00","dateModified":"2026-02-24T11:43:17+00:00","description":"Istra\u017eite \u017dabljak, najvi\u0161i grad u Crnoj Gori u Nacionalnom parku Durmitor. Idealno za avanture tokom cijele godine, od zimskih sportova do ljetnjih \u0161etnji i raftinga na rijeci Tara. Planirajte svoje putovanje sada!","breadcrumb":{"@id":"https:\/\/www.visit-montenegro.com\/me\/destinacije\/zabljak\/#breadcrumb"},"inLanguage":"sr-Latn-ME","potentialAction":[{"@type":"ReadAction","target":["https:\/\/www.visit-montenegro.com\/me\/destinacije\/zabljak\/"]}]},{"@type":"ImageObject","inLanguage":"sr-Latn-ME","@id":"https:\/\/www.visit-montenegro.com\/me\/destinacije\/zabljak\/#primaryimage","url":"https:\/\/www.visit-montenegro.com\/wp-content\/uploads\/2026\/01\/zabljak-black-lake04-scaled.jpg","contentUrl":"https:\/\/www.visit-montenegro.com\/wp-content\/uploads\/2026\/01\/zabljak-black-lake04-scaled.jpg","width":1600,"height":1068},{"@type":"BreadcrumbList","@id":"https:\/\/www.visit-montenegro.com\/me\/destinacije\/zabljak\/#breadcrumb","itemListElement":[{"@type":"ListItem","position":1,"name":"Home","item":"https:\/\/www.visit-montenegro.com\/me\/pocetna\/"},{"@type":"ListItem","position":2,"name":"Turisti\u010dke destinacije u Crnoj Gori","item":"https:\/\/www.visit-montenegro.com\/me\/destinacije\/"},{"@type":"ListItem","position":3,"name":"\u017dabljak"}]},{"@type":"WebSite","@id":"https:\/\/www.visit-montenegro.com\/me\/#website","url":"https:\/\/www.visit-montenegro.com\/me\/","name":"Visit Montenegro","description":"Breathtaking beauty","publisher":{"@id":"https:\/\/www.visit-montenegro.com\/me\/#organization"},"potentialAction":[{"@type":"SearchAction","target":{"@type":"EntryPoint","urlTemplate":"https:\/\/www.visit-montenegro.com\/me\/?s={search_term_string}"},"query-input":{"@type":"PropertyValueSpecification","valueRequired":true,"valueName":"search_term_string"}}],"inLanguage":"sr-Latn-ME"},{"@type":"Organization","@id":"https:\/\/www.visit-montenegro.com\/me\/#organization","name":"Visit Montenegro","url":"https:\/\/www.visit-montenegro.com\/me\/","logo":{"@type":"ImageObject","inLanguage":"sr-Latn-ME","@id":"https:\/\/www.visit-montenegro.com\/me\/#\/schema\/logo\/image\/","url":"https:\/\/www.visit-montenegro.com\/wp-content\/uploads\/2017\/10\/logo-amp.png","contentUrl":"https:\/\/www.visit-montenegro.com\/wp-content\/uploads\/2017\/10\/logo-amp.png","width":190,"height":36,"caption":"Visit Montenegro"},"image":{"@id":"https:\/\/www.visit-montenegro.com\/me\/#\/schema\/logo\/image\/"},"sameAs":["https:\/\/www.facebook.com\/visitmontenegro","https:\/\/x.com\/visitmontenegro","https:\/\/www.instagram.com\/visit_montenegro\/","https:\/\/www.youtube.com\/user\/VisitMontenegro"]}]}},"translations":[],"_links":{"self":[{"href":"https:\/\/www.visit-montenegro.com\/me\/wp-json\/wp\/v2\/pages\/134621","targetHints":{"allow":["GET"]}}],"collection":[{"href":"https:\/\/www.visit-montenegro.com\/me\/wp-json\/wp\/v2\/pages"}],"about":[{"href":"https:\/\/www.visit-montenegro.com\/me\/wp-json\/wp\/v2\/types\/page"}],"author":[{"embeddable":true,"href":"https:\/\/www.visit-montenegro.com\/me\/wp-json\/wp\/v2\/users\/1"}],"replies":[{"embeddable":true,"href":"https:\/\/www.visit-montenegro.com\/me\/wp-json\/wp\/v2\/comments?post=134621"}],"version-history":[{"count":0,"href":"https:\/\/www.visit-montenegro.com\/me\/wp-json\/wp\/v2\/pages\/134621\/revisions"}],"up":[{"embeddable":true,"href":"https:\/\/www.visit-montenegro.com\/me\/wp-json\/wp\/v2\/pages\/134092"}],"wp:featuredmedia":[{"embeddable":true,"href":"https:\/\/www.visit-montenegro.com\/me\/wp-json\/wp\/v2\/media\/134622"}],"wp:attachment":[{"href":"https:\/\/www.visit-montenegro.com\/me\/wp-json\/wp\/v2\/media?parent=134621"}],"wp:term":[{"taxonomy":"post_tag","embeddable":true,"href":"https:\/\/www.visit-montenegro.com\/me\/wp-json\/wp\/v2\/tags?post=134621"}],"curies":[{"name":"wp","href":"https:\/\/api.w.org\/{rel}","templated":true}]}}