{"id":134633,"date":"2026-01-27T21:44:33","date_gmt":"2026-01-27T20:44:33","guid":{"rendered":"https:\/\/new.visit-montenegro.com\/destinacije\/zabljak\/atrakcije\/durmitor\/"},"modified":"2026-02-24T13:33:09","modified_gmt":"2026-02-24T12:33:09","slug":"durmitor","status":"publish","type":"page","link":"https:\/\/www.visit-montenegro.com\/me\/destinacije\/zabljak\/atrakcije\/durmitor\/","title":{"rendered":"Nacionalni park Durmitor"},"content":{"rendered":"\n<p>Nacionalni park <a href=\"https:\/\/www.visit-montenegro.com\/me\/destinacije\/zabljak\/info\/durmitor\/\">Durmitor<\/a> je UNESCO za\u0161ti\u0107ena planinska regija u sjeverozapadnoj Crnoj Gori, sa 23 vrha preko 2300 metara, dubokim kanjonima poput najve\u0107eg kanjona rijeke Tare u Evropi i raznolikim ekosistemima sa bogatom florom i faunom.<\/p>\n\n<hr class=\"wp-block-separator has-alpha-channel-opacity\"\/>\n\n<h2 class=\"wp-block-heading\">Geografija i prirodne karakteristike<\/h2>\n\n<p>Park se nalazi u \u0161irokoj planinskoj regiji u sjeverozapadnoj Crnoj Gori, okru\u017een rijekama Pivom i <a href=\"https:\/\/www.visit-montenegro.com\/me\/destinacije\/zabljak\/atrakcije\/kanjon-tare\/\">Tarom<\/a>. Prostire se na 39.000 hektara sa 23 planinska vrha preko 2300 metara nadmorske visine. Osim toga, uklju\u010duje 82 kilometra kanjona Tare, koji se uzdi\u017ee 1600 metara iznad nivoa rijeke.<\/p>\n\n<p>Regija Durmitora je najva\u017eniji dio planinskog lanca Dinare, karakterizovan visokim vrhovima, bogatim \u0161umama i dubokim kanjonima. <a href=\"https:\/\/www.visit-montenegro.com\/me\/destinacije\/zabljak\/atrakcije\/kanjon-tare\/\">Kanjon Tare<\/a> je najve\u0107i u Evropi i ima preko 1500 vrsta flore i 130 vrsta ptica. U Parku se nalazi 17 ledenja\u010dkih jezera, a najvi\u0161i vrh u Crnoj Gori je <a href=\"https:\/\/www.visit-montenegro.com\/me\/destinacije\/zabljak\/atrakcije\/bobotov-kuk\/\">Bobotov kuk (2522 m)<\/a>.<\/p>\n\n<figure class=\"wp-block-image size-full\"><img loading=\"lazy\" decoding=\"async\" width=\"1600\" height=\"1365\" src=\"https:\/\/www.visit-montenegro.com\/wp-content\/uploads\/2026\/01\/tara-river-panorama-scaled.jpg\" alt=\"\" class=\"wp-image-36254\" srcset=\"https:\/\/www.visit-montenegro.com\/wp-content\/uploads\/2026\/01\/tara-river-panorama-scaled.jpg 1600w, https:\/\/www.visit-montenegro.com\/wp-content\/uploads\/2026\/01\/tara-river-panorama-300x256.jpg 300w, https:\/\/www.visit-montenegro.com\/wp-content\/uploads\/2026\/01\/tara-river-panorama-1024x874.jpg 1024w, https:\/\/www.visit-montenegro.com\/wp-content\/uploads\/2026\/01\/tara-river-panorama-768x655.jpg 768w, https:\/\/www.visit-montenegro.com\/wp-content\/uploads\/2026\/01\/tara-river-panorama-1536x1310.jpg 1536w, https:\/\/www.visit-montenegro.com\/wp-content\/uploads\/2026\/01\/tara-river-panorama-1200x1024.jpg 1200w\" sizes=\"auto, (max-width: 1600px) 100vw, 1600px\" \/><figcaption class=\"wp-element-caption\">Panorama rijeke Tare<\/figcaption><\/figure>\n\n<p>Od 1980. godine, <strong>Nacionalni park Durmitor<\/strong> i <a href=\"https:\/\/www.visit-montenegro.com\/me\/destinacije\/zabljak\/atrakcije\/kanjon-tare\/\">kanjon Tare<\/a> su pod UNESCO za\u0161titom. Godine 1977, kanjon je progla\u0161en svjetskim ekolo\u0161kim rezervatom. Sedam zona Parka su me\u0111u posebno za\u0161ti\u0107enim podru\u010djima (ICUM):<\/p>\n\n<ul class=\"wp-block-list\">\n<li>Neposje\u010dena \u0161uma jele<\/li>\n\n\n\n<li>Crni bor na Crnoj podi<\/li>\n\n\n\n<li>Kanjon Su\u0161ice<\/li>\n\n\n\n<li>Regija jezera Barno<\/li>\n\n\n\n<li>Regija jezera Zaboljsko<\/li>\n\n\n\n<li>Kanjon Tare<\/li>\n\n\n\n<li>Mlinarski potok<\/li>\n<\/ul>\n\n<p>Veliki broj od 314 za\u0161ti\u0107enih \u017eivotinja u Crnoj Gori, uklju\u010duju\u0107i 163 vrste ptica, \u017eivi u podru\u010dju <strong>Nacionalnog parka Durmitor<\/strong>.<\/p>\n\n<h2 class=\"wp-block-heading\">Istorija i razvoj<\/h2>\n\n<h3 class=\"wp-block-heading\">Istorijski zna\u010daj<\/h3>\n\n<p>Zbog velike bitke koja se odigrala u Drugom svjetskom ratu u blizini \u017dabljaka, postoji osam istorijskih spomenika. Ostala istorijska mjesta i spomenici su ra\u0161trkani na ju\u017enim i sjevernim dijelovima Parka. Iako jo\u0161 uvijek nije zavr\u0161eno, arheolo\u0161ka istra\u017eivanja pokazuju tragove mezolitskog perioda.<\/p>\n\n<h3 class=\"wp-block-heading\">Osnivanje Parka<\/h3>\n\n<p>Kraljevina Crna Gora stavila je <a href=\"https:\/\/www.visit-montenegro.com\/me\/destinacije\/zabljak\/atrakcije\/crno-jezero\/\">Crno jezero<\/a> i rijeku Taru pod kraljevu za\u0161titu. Dana 06. septembra 1952, Skup\u0161tina Republike Crne Gore proglasila je planinu Durmitor kao Nacionalni park. Posljedi\u010dno, Skup\u0161tina Socijalisti\u010dke Republike Crne Gore pro\u0161irila je <strong>Nacionalni park Durmitor<\/strong> sa kanjonom Tare 03. februara 1978. Prostorni plan Parka napravljen je 1995. godine.<\/p>\n\n<h2 class=\"wp-block-heading\">Rekreacija i pristup<\/h2>\n\n<p>Rekreacija ima va\u017eno mjesto me\u0111u aktivnostima u <strong>Nacionalnom parku Durmitor<\/strong>. Zaista, planinarenje, alpinizam, alpsko i nordijsko skijanje, rafting na rijeci Tari, pecanje, kampovanje i posjete autobusom ili autom dostupni su vam u bilo koje vrijeme.<\/p>\n\n<figure class=\"wp-block-image size-full\"><img loading=\"lazy\" decoding=\"async\" width=\"1600\" height=\"1020\" src=\"https:\/\/www.visit-montenegro.com\/wp-content\/uploads\/2026\/01\/durmitor-hiking-black-lake-scaled.jpg\" alt=\"\" class=\"wp-image-36244\" srcset=\"https:\/\/www.visit-montenegro.com\/wp-content\/uploads\/2026\/01\/durmitor-hiking-black-lake-scaled.jpg 1600w, https:\/\/www.visit-montenegro.com\/wp-content\/uploads\/2026\/01\/durmitor-hiking-black-lake-300x191.jpg 300w, https:\/\/www.visit-montenegro.com\/wp-content\/uploads\/2026\/01\/durmitor-hiking-black-lake-1024x653.jpg 1024w, https:\/\/www.visit-montenegro.com\/wp-content\/uploads\/2026\/01\/durmitor-hiking-black-lake-768x490.jpg 768w, https:\/\/www.visit-montenegro.com\/wp-content\/uploads\/2026\/01\/durmitor-hiking-black-lake-1536x979.jpg 1536w, https:\/\/www.visit-montenegro.com\/wp-content\/uploads\/2026\/01\/durmitor-hiking-black-lake-1200x765.jpg 1200w\" sizes=\"auto, (max-width: 1600px) 100vw, 1600px\" \/><figcaption class=\"wp-element-caption\">Scena u planinama Durmitora (Crna Gora). \u017dena sa ruksakom na pozadini Crnog jezera.<\/figcaption><\/figure>\n\n<h3 class=\"wp-block-heading\">Transport i veza<\/h3>\n\n<p>Park se mo\u017ee do\u0107i iz Beograda autoputem do Pljevalja, a zatim preko rijeke Tare do \u017dabljaka i Mojkovca. Ako dolazite iz Podgorice, najvjerovatnije \u0107ete morati pro\u0107i kroz <a href=\"https:\/\/www.visit-montenegro.com\/me\/destinacije\/podgorica\/atrakcije\/moraca\/\">kanjon Mora\u010de<\/a> do Mojkovca, a zatim do \u017dabljaka. S obzirom da u blizini nema funkcionalnog aerodroma, ne mo\u017eete do\u0107i do \u017dabljaka avionom. Postoji autobusna linija od Podgorice do Pljevalja i \u017dabljaka. \u017deljeznica Beograd \u2013 <a href=\"https:\/\/www.visit-montenegro.com\/me\/destinacije\/bar\/\">Bar<\/a> povezat \u0107e vas sa Mojkovcem.<\/p>\n","protected":false},"excerpt":{"rendered":"<p>Istra\u017eite Nacionalni park Durmitor, UNESCO za\u0161ti\u0107eni dragulj u Crnoj Gori sa visokim vrhovima, najve\u0107im kanjonom u Evropi i bogatom bioraznoliko\u0161\u0107u. Otkrijte njegovu istoriju, rekreativne aktivnosti i kako pristupiti ovoj predivnoj planinskoj regiji za nezaboravnu avanturu.<\/p>\n","protected":false},"author":1,"featured_media":134634,"parent":134627,"menu_order":0,"comment_status":"closed","ping_status":"closed","template":"","meta":{"_yoast_wpseo_focuskw":"Nacionalni park Durmitor","_yoast_wpseo_metadesc":"Otkrijte Nacionalni park Durmitor u Crnoj Gori: UNESCO za\u0161ti\u0107eno mjesto sa vrhovima, kanjonom Tare i avanturama na otvorenom. Planirajte svoj put sa istorijom, aktivnostima i savjetima za putovanje.","_kad_post_transparent":"","_kad_post_title":"","_kad_post_layout":"","_kad_post_sidebar_id":"","_kad_post_content_style":"","_kad_post_vertical_padding":"","_kad_post_feature":"","_kad_post_feature_position":"","_kad_post_header":false,"_kad_post_footer":false,"_kad_post_classname":"","iawp_total_views":48,"footnotes":""},"tags":[],"class_list":["post-134633","page","type-page","status-publish","has-post-thumbnail","hentry"],"yoast_head":"<!-- This site is optimized with the Yoast SEO plugin v27.3 - https:\/\/yoast.com\/product\/yoast-seo-wordpress\/ -->\n<title>Nacionalni park Durmitor - Visit Montenegro<\/title>\n<meta name=\"description\" content=\"Otkrijte Nacionalni park Durmitor u Crnoj Gori: UNESCO za\u0161ti\u0107eno mjesto sa vrhovima, kanjonom Tare i avanturama na otvorenom. Planirajte svoj put sa istorijom, aktivnostima i savjetima za putovanje.\" \/>\n<meta name=\"robots\" content=\"index, follow, max-snippet:-1, max-image-preview:large, max-video-preview:-1\" \/>\n<link rel=\"canonical\" href=\"https:\/\/www.visit-montenegro.com\/me\/destinacije\/zabljak\/atrakcije\/durmitor\/\" \/>\n<meta property=\"og:locale\" content=\"en_US\" \/>\n<meta property=\"og:type\" content=\"article\" \/>\n<meta property=\"og:title\" content=\"Nacionalni park Durmitor - Visit Montenegro\" \/>\n<meta property=\"og:description\" content=\"Otkrijte Nacionalni park Durmitor u Crnoj Gori: UNESCO za\u0161ti\u0107eno mjesto sa vrhovima, kanjonom Tare i avanturama na otvorenom. Planirajte svoj put sa istorijom, aktivnostima i savjetima za putovanje.\" \/>\n<meta property=\"og:url\" content=\"https:\/\/www.visit-montenegro.com\/me\/destinacije\/zabljak\/atrakcije\/durmitor\/\" \/>\n<meta property=\"og:site_name\" content=\"Visit Montenegro\" \/>\n<meta property=\"article:publisher\" content=\"https:\/\/www.facebook.com\/visitmontenegro\" \/>\n<meta property=\"article:modified_time\" content=\"2026-02-24T12:33:09+00:00\" \/>\n<meta property=\"og:image\" content=\"https:\/\/www.visit-montenegro.com\/wp-content\/uploads\/2019\/06\/why-visit-Montenegro-black-lake.jpg\" \/>\n\t<meta property=\"og:image:width\" content=\"1600\" \/>\n\t<meta property=\"og:image:height\" content=\"1081\" \/>\n\t<meta property=\"og:image:type\" content=\"image\/jpeg\" \/>\n<meta name=\"twitter:card\" content=\"summary_large_image\" \/>\n<meta name=\"twitter:site\" content=\"@visitmontenegro\" \/>\n<meta name=\"twitter:label1\" content=\"Est. reading time\" \/>\n\t<meta name=\"twitter:data1\" content=\"2 minutes\" \/>\n<script type=\"application\/ld+json\" class=\"yoast-schema-graph\">{\"@context\":\"https:\\\/\\\/schema.org\",\"@graph\":[{\"@type\":\"WebPage\",\"@id\":\"https:\\\/\\\/www.visit-montenegro.com\\\/me\\\/destinacije\\\/zabljak\\\/atrakcije\\\/durmitor\\\/\",\"url\":\"https:\\\/\\\/www.visit-montenegro.com\\\/me\\\/destinacije\\\/zabljak\\\/atrakcije\\\/durmitor\\\/\",\"name\":\"Nacionalni park Durmitor - Visit Montenegro\",\"isPartOf\":{\"@id\":\"https:\\\/\\\/www.visit-montenegro.com\\\/me\\\/#website\"},\"primaryImageOfPage\":{\"@id\":\"https:\\\/\\\/www.visit-montenegro.com\\\/me\\\/destinacije\\\/zabljak\\\/atrakcije\\\/durmitor\\\/#primaryimage\"},\"image\":{\"@id\":\"https:\\\/\\\/www.visit-montenegro.com\\\/me\\\/destinacije\\\/zabljak\\\/atrakcije\\\/durmitor\\\/#primaryimage\"},\"thumbnailUrl\":\"https:\\\/\\\/www.visit-montenegro.com\\\/wp-content\\\/uploads\\\/2019\\\/06\\\/why-visit-Montenegro-black-lake.jpg\",\"datePublished\":\"2026-01-27T20:44:33+00:00\",\"dateModified\":\"2026-02-24T12:33:09+00:00\",\"description\":\"Otkrijte Nacionalni park Durmitor u Crnoj Gori: UNESCO za\u0161ti\u0107eno mjesto sa vrhovima, kanjonom Tare i avanturama na otvorenom. Planirajte svoj put sa istorijom, aktivnostima i savjetima za putovanje.\",\"breadcrumb\":{\"@id\":\"https:\\\/\\\/www.visit-montenegro.com\\\/me\\\/destinacije\\\/zabljak\\\/atrakcije\\\/durmitor\\\/#breadcrumb\"},\"inLanguage\":\"sr-Latn-ME\",\"potentialAction\":[{\"@type\":\"ReadAction\",\"target\":[\"https:\\\/\\\/www.visit-montenegro.com\\\/me\\\/destinacije\\\/zabljak\\\/atrakcije\\\/durmitor\\\/\"]}]},{\"@type\":\"ImageObject\",\"inLanguage\":\"sr-Latn-ME\",\"@id\":\"https:\\\/\\\/www.visit-montenegro.com\\\/me\\\/destinacije\\\/zabljak\\\/atrakcije\\\/durmitor\\\/#primaryimage\",\"url\":\"https:\\\/\\\/www.visit-montenegro.com\\\/wp-content\\\/uploads\\\/2019\\\/06\\\/why-visit-Montenegro-black-lake.jpg\",\"contentUrl\":\"https:\\\/\\\/www.visit-montenegro.com\\\/wp-content\\\/uploads\\\/2019\\\/06\\\/why-visit-Montenegro-black-lake.jpg\",\"width\":1600,\"height\":1081,\"caption\":\"Crno jezero u Durmitoru - Crna Gora\"},{\"@type\":\"BreadcrumbList\",\"@id\":\"https:\\\/\\\/www.visit-montenegro.com\\\/me\\\/destinacije\\\/zabljak\\\/atrakcije\\\/durmitor\\\/#breadcrumb\",\"itemListElement\":[{\"@type\":\"ListItem\",\"position\":1,\"name\":\"Home\",\"item\":\"https:\\\/\\\/www.visit-montenegro.com\\\/me\\\/pocetna\\\/\"},{\"@type\":\"ListItem\",\"position\":2,\"name\":\"Turisti\u010dke destinacije u Crnoj Gori\",\"item\":\"https:\\\/\\\/www.visit-montenegro.com\\\/me\\\/destinacije\\\/\"},{\"@type\":\"ListItem\",\"position\":3,\"name\":\"\u017dabljak\",\"item\":\"https:\\\/\\\/www.visit-montenegro.com\\\/me\\\/destinations\\\/zabljak\\\/\"},{\"@type\":\"ListItem\",\"position\":4,\"name\":\"Zabljak Atrakcije\",\"item\":\"https:\\\/\\\/www.visit-montenegro.com\\\/me\\\/destinations\\\/zabljak\\\/attractions\\\/\"},{\"@type\":\"ListItem\",\"position\":5,\"name\":\"Nacionalni park Durmitor\"}]},{\"@type\":\"WebSite\",\"@id\":\"https:\\\/\\\/www.visit-montenegro.com\\\/me\\\/#website\",\"url\":\"https:\\\/\\\/www.visit-montenegro.com\\\/me\\\/\",\"name\":\"Visit Montenegro\",\"description\":\"Breathtaking beauty\",\"publisher\":{\"@id\":\"https:\\\/\\\/www.visit-montenegro.com\\\/me\\\/#organization\"},\"potentialAction\":[{\"@type\":\"SearchAction\",\"target\":{\"@type\":\"EntryPoint\",\"urlTemplate\":\"https:\\\/\\\/www.visit-montenegro.com\\\/me\\\/?s={search_term_string}\"},\"query-input\":{\"@type\":\"PropertyValueSpecification\",\"valueRequired\":true,\"valueName\":\"search_term_string\"}}],\"inLanguage\":\"sr-Latn-ME\"},{\"@type\":\"Organization\",\"@id\":\"https:\\\/\\\/www.visit-montenegro.com\\\/me\\\/#organization\",\"name\":\"Visit Montenegro\",\"url\":\"https:\\\/\\\/www.visit-montenegro.com\\\/me\\\/\",\"logo\":{\"@type\":\"ImageObject\",\"inLanguage\":\"sr-Latn-ME\",\"@id\":\"https:\\\/\\\/www.visit-montenegro.com\\\/me\\\/#\\\/schema\\\/logo\\\/image\\\/\",\"url\":\"https:\\\/\\\/www.visit-montenegro.com\\\/wp-content\\\/uploads\\\/2017\\\/10\\\/logo-amp.png\",\"contentUrl\":\"https:\\\/\\\/www.visit-montenegro.com\\\/wp-content\\\/uploads\\\/2017\\\/10\\\/logo-amp.png\",\"width\":190,\"height\":36,\"caption\":\"Visit Montenegro\"},\"image\":{\"@id\":\"https:\\\/\\\/www.visit-montenegro.com\\\/me\\\/#\\\/schema\\\/logo\\\/image\\\/\"},\"sameAs\":[\"https:\\\/\\\/www.facebook.com\\\/visitmontenegro\",\"https:\\\/\\\/x.com\\\/visitmontenegro\",\"https:\\\/\\\/www.instagram.com\\\/visit_montenegro\\\/\",\"https:\\\/\\\/www.youtube.com\\\/user\\\/VisitMontenegro\"]}]}<\/script>\n<!-- \/ Yoast SEO plugin. -->","yoast_head_json":{"title":"Nacionalni park Durmitor - Visit Montenegro","description":"Otkrijte Nacionalni park Durmitor u Crnoj Gori: UNESCO za\u0161ti\u0107eno mjesto sa vrhovima, kanjonom Tare i avanturama na otvorenom. Planirajte svoj put sa istorijom, aktivnostima i savjetima za putovanje.","robots":{"index":"index","follow":"follow","max-snippet":"max-snippet:-1","max-image-preview":"max-image-preview:large","max-video-preview":"max-video-preview:-1"},"canonical":"https:\/\/www.visit-montenegro.com\/me\/destinacije\/zabljak\/atrakcije\/durmitor\/","og_locale":"en_US","og_type":"article","og_title":"Nacionalni park Durmitor - Visit Montenegro","og_description":"Otkrijte Nacionalni park Durmitor u Crnoj Gori: UNESCO za\u0161ti\u0107eno mjesto sa vrhovima, kanjonom Tare i avanturama na otvorenom. Planirajte svoj put sa istorijom, aktivnostima i savjetima za putovanje.","og_url":"https:\/\/www.visit-montenegro.com\/me\/destinacije\/zabljak\/atrakcije\/durmitor\/","og_site_name":"Visit Montenegro","article_publisher":"https:\/\/www.facebook.com\/visitmontenegro","article_modified_time":"2026-02-24T12:33:09+00:00","og_image":[{"width":1600,"height":1081,"url":"https:\/\/www.visit-montenegro.com\/wp-content\/uploads\/2019\/06\/why-visit-Montenegro-black-lake.jpg","type":"image\/jpeg"}],"twitter_card":"summary_large_image","twitter_site":"@visitmontenegro","twitter_misc":{"Est. reading time":"2 minutes"},"schema":{"@context":"https:\/\/schema.org","@graph":[{"@type":"WebPage","@id":"https:\/\/www.visit-montenegro.com\/me\/destinacije\/zabljak\/atrakcije\/durmitor\/","url":"https:\/\/www.visit-montenegro.com\/me\/destinacije\/zabljak\/atrakcije\/durmitor\/","name":"Nacionalni park Durmitor - Visit Montenegro","isPartOf":{"@id":"https:\/\/www.visit-montenegro.com\/me\/#website"},"primaryImageOfPage":{"@id":"https:\/\/www.visit-montenegro.com\/me\/destinacije\/zabljak\/atrakcije\/durmitor\/#primaryimage"},"image":{"@id":"https:\/\/www.visit-montenegro.com\/me\/destinacije\/zabljak\/atrakcije\/durmitor\/#primaryimage"},"thumbnailUrl":"https:\/\/www.visit-montenegro.com\/wp-content\/uploads\/2019\/06\/why-visit-Montenegro-black-lake.jpg","datePublished":"2026-01-27T20:44:33+00:00","dateModified":"2026-02-24T12:33:09+00:00","description":"Otkrijte Nacionalni park Durmitor u Crnoj Gori: UNESCO za\u0161ti\u0107eno mjesto sa vrhovima, kanjonom Tare i avanturama na otvorenom. Planirajte svoj put sa istorijom, aktivnostima i savjetima za putovanje.","breadcrumb":{"@id":"https:\/\/www.visit-montenegro.com\/me\/destinacije\/zabljak\/atrakcije\/durmitor\/#breadcrumb"},"inLanguage":"sr-Latn-ME","potentialAction":[{"@type":"ReadAction","target":["https:\/\/www.visit-montenegro.com\/me\/destinacije\/zabljak\/atrakcije\/durmitor\/"]}]},{"@type":"ImageObject","inLanguage":"sr-Latn-ME","@id":"https:\/\/www.visit-montenegro.com\/me\/destinacije\/zabljak\/atrakcije\/durmitor\/#primaryimage","url":"https:\/\/www.visit-montenegro.com\/wp-content\/uploads\/2019\/06\/why-visit-Montenegro-black-lake.jpg","contentUrl":"https:\/\/www.visit-montenegro.com\/wp-content\/uploads\/2019\/06\/why-visit-Montenegro-black-lake.jpg","width":1600,"height":1081,"caption":"Crno jezero u Durmitoru - Crna Gora"},{"@type":"BreadcrumbList","@id":"https:\/\/www.visit-montenegro.com\/me\/destinacije\/zabljak\/atrakcije\/durmitor\/#breadcrumb","itemListElement":[{"@type":"ListItem","position":1,"name":"Home","item":"https:\/\/www.visit-montenegro.com\/me\/pocetna\/"},{"@type":"ListItem","position":2,"name":"Turisti\u010dke destinacije u Crnoj Gori","item":"https:\/\/www.visit-montenegro.com\/me\/destinacije\/"},{"@type":"ListItem","position":3,"name":"\u017dabljak","item":"https:\/\/www.visit-montenegro.com\/me\/destinations\/zabljak\/"},{"@type":"ListItem","position":4,"name":"Zabljak Atrakcije","item":"https:\/\/www.visit-montenegro.com\/me\/destinations\/zabljak\/attractions\/"},{"@type":"ListItem","position":5,"name":"Nacionalni park Durmitor"}]},{"@type":"WebSite","@id":"https:\/\/www.visit-montenegro.com\/me\/#website","url":"https:\/\/www.visit-montenegro.com\/me\/","name":"Visit Montenegro","description":"Breathtaking beauty","publisher":{"@id":"https:\/\/www.visit-montenegro.com\/me\/#organization"},"potentialAction":[{"@type":"SearchAction","target":{"@type":"EntryPoint","urlTemplate":"https:\/\/www.visit-montenegro.com\/me\/?s={search_term_string}"},"query-input":{"@type":"PropertyValueSpecification","valueRequired":true,"valueName":"search_term_string"}}],"inLanguage":"sr-Latn-ME"},{"@type":"Organization","@id":"https:\/\/www.visit-montenegro.com\/me\/#organization","name":"Visit Montenegro","url":"https:\/\/www.visit-montenegro.com\/me\/","logo":{"@type":"ImageObject","inLanguage":"sr-Latn-ME","@id":"https:\/\/www.visit-montenegro.com\/me\/#\/schema\/logo\/image\/","url":"https:\/\/www.visit-montenegro.com\/wp-content\/uploads\/2017\/10\/logo-amp.png","contentUrl":"https:\/\/www.visit-montenegro.com\/wp-content\/uploads\/2017\/10\/logo-amp.png","width":190,"height":36,"caption":"Visit Montenegro"},"image":{"@id":"https:\/\/www.visit-montenegro.com\/me\/#\/schema\/logo\/image\/"},"sameAs":["https:\/\/www.facebook.com\/visitmontenegro","https:\/\/x.com\/visitmontenegro","https:\/\/www.instagram.com\/visit_montenegro\/","https:\/\/www.youtube.com\/user\/VisitMontenegro"]}]}},"translations":[],"_links":{"self":[{"href":"https:\/\/www.visit-montenegro.com\/me\/wp-json\/wp\/v2\/pages\/134633","targetHints":{"allow":["GET"]}}],"collection":[{"href":"https:\/\/www.visit-montenegro.com\/me\/wp-json\/wp\/v2\/pages"}],"about":[{"href":"https:\/\/www.visit-montenegro.com\/me\/wp-json\/wp\/v2\/types\/page"}],"author":[{"embeddable":true,"href":"https:\/\/www.visit-montenegro.com\/me\/wp-json\/wp\/v2\/users\/1"}],"replies":[{"embeddable":true,"href":"https:\/\/www.visit-montenegro.com\/me\/wp-json\/wp\/v2\/comments?post=134633"}],"version-history":[{"count":0,"href":"https:\/\/www.visit-montenegro.com\/me\/wp-json\/wp\/v2\/pages\/134633\/revisions"}],"up":[{"embeddable":true,"href":"https:\/\/www.visit-montenegro.com\/me\/wp-json\/wp\/v2\/pages\/134627"}],"wp:featuredmedia":[{"embeddable":true,"href":"https:\/\/www.visit-montenegro.com\/me\/wp-json\/wp\/v2\/media\/134634"}],"wp:attachment":[{"href":"https:\/\/www.visit-montenegro.com\/me\/wp-json\/wp\/v2\/media?parent=134633"}],"wp:term":[{"taxonomy":"post_tag","embeddable":true,"href":"https:\/\/www.visit-montenegro.com\/me\/wp-json\/wp\/v2\/tags?post=134633"}],"curies":[{"name":"wp","href":"https:\/\/api.w.org\/{rel}","templated":true}]}}