{"id":134657,"date":"2026-01-27T21:44:33","date_gmt":"2026-01-27T20:44:33","guid":{"rendered":"https:\/\/new.visit-montenegro.com\/destinacije\/zabljak\/atrakcije\/piva-lake\/"},"modified":"2026-02-24T13:33:05","modified_gmt":"2026-02-24T12:33:05","slug":"piva-lake","status":"publish","type":"page","link":"https:\/\/www.visit-montenegro.com\/me\/destinacije\/zabljak\/atrakcije\/piva-lake\/","title":{"rendered":"Pivsko jezero"},"content":{"rendered":"\n<p>Pivsko jezero je umjetno jezero smje\u0161teno u Op\u0161tini Plu\u017eine, u sjeverozapadnom dijelu Crne Gore. <strong>Pivsko jezero<\/strong> je okru\u017eeno gustim \u0161umama, kre\u010dnja\u010dkim visoravnima i dramati\u010dnim kanjonima koje su formirale rijeke poput Tare i Pive.<\/p>\n\n<hr class=\"wp-block-separator has-alpha-channel-opacity\"\/>\n\n<h2 class=\"wp-block-heading\">Formiranje i klju\u010dne karakteristike Pivskog jezera<\/h2>\n\n<p>Pivsko jezero je stvoreno 1975. godine kada je pregra\u0111ena rijeka Piva za hidroelektrane. Zaista, brana Mratinje, blizu S\u0107epan Polja, visoka je 220 metara i nudi prelepe poglede na jezero i kanjon. <strong>Pivsko jezero<\/strong> dosti\u017ee dubine preko 200 metara, prote\u017ee se 45 kilometara du\u017eine i nalazi se na 675 metara nadmorske visine, \u0161to ga \u010dini najvi\u0161im umjetnim akumulacionim jezerom na svijetu. Posljedi\u010dno, dr\u017ei najve\u0107u rezervu slatke vode u oblasti i pru\u017ea odli\u010dne uslove za sport. Posebno je zanimljivo da se stari grad Plu\u017eine i preseljeni <a href=\"https:\/\/www.visit-montenegro.com\/me\/destinacije\/zabljak\/atrakcije\/manastir-piva\/\">manastir Piva<\/a> nalaze ispod njegovih voda.<\/p>\n<div class=\"wp-block-image\">\n<figure class=\"aligncenter size-large\"><img loading=\"lazy\" decoding=\"async\" width=\"1024\" height=\"683\" src=\"https:\/\/www.visit-montenegro.com\/wp-content\/uploads\/2026\/02\/pluzine-bench-resting-copy-1024x683.jpg\" alt=\"\" class=\"wp-image-133843\" srcset=\"https:\/\/www.visit-montenegro.com\/wp-content\/uploads\/2026\/02\/pluzine-bench-resting-copy-1024x683.jpg 1024w, https:\/\/www.visit-montenegro.com\/wp-content\/uploads\/2026\/02\/pluzine-bench-resting-copy-300x200.jpg 300w, https:\/\/www.visit-montenegro.com\/wp-content\/uploads\/2026\/02\/pluzine-bench-resting-copy-768x512.jpg 768w, https:\/\/www.visit-montenegro.com\/wp-content\/uploads\/2026\/02\/pluzine-bench-resting-copy-1536x1024.jpg 1536w, https:\/\/www.visit-montenegro.com\/wp-content\/uploads\/2026\/02\/pluzine-bench-resting-copy.jpg 1600w\" sizes=\"auto, (max-width: 1024px) 100vw, 1024px\" \/><figcaption class=\"wp-element-caption\">Pivsko jezero, Plu\u017eine<\/figcaption><\/figure>\n<\/div>\n<h2 class=\"wp-block-heading\">Prirodna ljepota i rekreativne aktivnosti<\/h2>\n\n<p>Sa svojim tirkiznim, kristalno \u010distim vodama, <strong>Pivsko jezero<\/strong> je jedno od najljep\u0161ih jezera u Crnoj Gori. \u0160tavi\u0161e, savr\u0161eno se uklapa u o\u010daravaju\u0107i pejza\u017e uprkos tome \u0161to je umjetno. Smaragdno-plave vode su bogate ribom poput pastrmke i klena, stvaraju\u0107i raj za ljubitelje pecanja. Krstarenje <strong>Pivskim jezerom<\/strong> nudi opu\u0161tanje i mir u prirodnom okru\u017eenju, sa prelepim pogledima i sve\u017eim vazduhom.<\/p>\n\n<p>Duboka zelena boja jezera, uokvirena gustim \u0161umama, daje podru\u010dju magi\u010dan ose\u0107aj. Leti, posjetioci plivaju ili krstare kako bi u\u017eivali u neverovatnim prizorima, netaknutoj prirodi i prelepim pe\u0107inama sa vode.<\/p>\n\n<p>Ne zaboravite da posjetite sveti <a href=\"https:\/\/www.visit-montenegro.com\/me\/destinacije\/zabljak\/atrakcije\/manastir-piva\/\">manastir Piva<\/a> i otkrijte njegovu neverovatnu istoriju.<\/p>\n\n<p>Okru\u017eeno visokim planinama poput <a href=\"https:\/\/www.visit-montenegro.com\/me\/destinacije\/zabljak\/atrakcije\/durmitor\/\">Durmitora<\/a>, Vojnika, Golije, Volujka i Magli\u0107a, region Plu\u017eine i Pive \u010dini opse\u017eno crnogorsko planinsko podru\u010dje. Veli\u010danstveni vidikovci i uzbudljivi pejza\u017ei ostavi\u0107e vas bez rije\u010di.<\/p>\n","protected":false},"excerpt":{"rendered":"<p>Otkrijte Pivsko jezero, prelepo umjetno akumulaciono jezero u Crnoj Gori smje\u0161teno u regionu Plu\u017eine. Sa svojim tirkiznim vodama, dubokim kanjonima i bogatom istorijom, nudi savr\u0161ene uslove za pecanje, krstarenje i istra\u017eivanje netaknute prirode.<\/p>\n","protected":false},"author":1,"featured_media":134658,"parent":134627,"menu_order":0,"comment_status":"closed","ping_status":"closed","template":"","meta":{"_yoast_wpseo_focuskw":"Pivsko jezero","_yoast_wpseo_metadesc":"Istra\u017eite Pivsko jezero u Crnoj Gori: umjetno jezero tirkizne boje sa dubokim vodama, savr\u0161eno za pecanje, krstarenje i prelepe poglede. Otkrijte njegovu istoriju i prirodnu lepotu.","_kad_post_transparent":"","_kad_post_title":"","_kad_post_layout":"","_kad_post_sidebar_id":"","_kad_post_content_style":"","_kad_post_vertical_padding":"","_kad_post_feature":"","_kad_post_feature_position":"","_kad_post_header":false,"_kad_post_footer":false,"_kad_post_classname":"","iawp_total_views":23,"footnotes":""},"tags":[],"class_list":["post-134657","page","type-page","status-publish","has-post-thumbnail","hentry"],"yoast_head":"<!-- This site is optimized with the Yoast SEO plugin v27.3 - https:\/\/yoast.com\/product\/yoast-seo-wordpress\/ -->\n<title>Pivsko jezero - Visit Montenegro<\/title>\n<meta name=\"description\" content=\"Istra\u017eite Pivsko jezero u Crnoj Gori: umjetno jezero tirkizne boje sa dubokim vodama, savr\u0161eno za pecanje, krstarenje i prelepe poglede. Otkrijte njegovu istoriju i prirodnu lepotu.\" \/>\n<meta name=\"robots\" content=\"index, follow, max-snippet:-1, max-image-preview:large, max-video-preview:-1\" \/>\n<link rel=\"canonical\" href=\"https:\/\/www.visit-montenegro.com\/me\/destinacije\/zabljak\/atrakcije\/piva-lake\/\" \/>\n<meta property=\"og:locale\" content=\"en_US\" \/>\n<meta property=\"og:type\" content=\"article\" \/>\n<meta property=\"og:title\" content=\"Pivsko jezero - Visit Montenegro\" \/>\n<meta property=\"og:description\" content=\"Istra\u017eite Pivsko jezero u Crnoj Gori: umjetno jezero tirkizne boje sa dubokim vodama, savr\u0161eno za pecanje, krstarenje i prelepe poglede. Otkrijte njegovu istoriju i prirodnu lepotu.\" \/>\n<meta property=\"og:url\" content=\"https:\/\/www.visit-montenegro.com\/me\/destinacije\/zabljak\/atrakcije\/piva-lake\/\" \/>\n<meta property=\"og:site_name\" content=\"Visit Montenegro\" \/>\n<meta property=\"article:publisher\" content=\"https:\/\/www.facebook.com\/visitmontenegro\" \/>\n<meta property=\"article:modified_time\" content=\"2026-02-24T12:33:05+00:00\" \/>\n<meta property=\"og:image\" content=\"https:\/\/www.visit-montenegro.com\/wp-content\/uploads\/2026\/02\/pluzine-piva-lake-copy.jpg\" \/>\n\t<meta property=\"og:image:width\" content=\"1600\" \/>\n\t<meta property=\"og:image:height\" content=\"1068\" \/>\n\t<meta property=\"og:image:type\" content=\"image\/jpeg\" \/>\n<meta name=\"twitter:card\" content=\"summary_large_image\" \/>\n<meta name=\"twitter:site\" content=\"@visitmontenegro\" \/>\n<meta name=\"twitter:label1\" content=\"Est. reading time\" \/>\n\t<meta name=\"twitter:data1\" content=\"2 minutes\" \/>\n<script type=\"application\/ld+json\" class=\"yoast-schema-graph\">{\"@context\":\"https:\\\/\\\/schema.org\",\"@graph\":[{\"@type\":\"WebPage\",\"@id\":\"https:\\\/\\\/www.visit-montenegro.com\\\/me\\\/destinacije\\\/zabljak\\\/atrakcije\\\/piva-lake\\\/\",\"url\":\"https:\\\/\\\/www.visit-montenegro.com\\\/me\\\/destinacije\\\/zabljak\\\/atrakcije\\\/piva-lake\\\/\",\"name\":\"Pivsko jezero - Visit Montenegro\",\"isPartOf\":{\"@id\":\"https:\\\/\\\/www.visit-montenegro.com\\\/me\\\/#website\"},\"primaryImageOfPage\":{\"@id\":\"https:\\\/\\\/www.visit-montenegro.com\\\/me\\\/destinacije\\\/zabljak\\\/atrakcije\\\/piva-lake\\\/#primaryimage\"},\"image\":{\"@id\":\"https:\\\/\\\/www.visit-montenegro.com\\\/me\\\/destinacije\\\/zabljak\\\/atrakcije\\\/piva-lake\\\/#primaryimage\"},\"thumbnailUrl\":\"https:\\\/\\\/www.visit-montenegro.com\\\/wp-content\\\/uploads\\\/2026\\\/02\\\/pluzine-piva-lake-copy.jpg\",\"datePublished\":\"2026-01-27T20:44:33+00:00\",\"dateModified\":\"2026-02-24T12:33:05+00:00\",\"description\":\"Istra\u017eite Pivsko jezero u Crnoj Gori: umjetno jezero tirkizne boje sa dubokim vodama, savr\u0161eno za pecanje, krstarenje i prelepe poglede. Otkrijte njegovu istoriju i prirodnu lepotu.\",\"breadcrumb\":{\"@id\":\"https:\\\/\\\/www.visit-montenegro.com\\\/me\\\/destinacije\\\/zabljak\\\/atrakcije\\\/piva-lake\\\/#breadcrumb\"},\"inLanguage\":\"sr-Latn-ME\",\"potentialAction\":[{\"@type\":\"ReadAction\",\"target\":[\"https:\\\/\\\/www.visit-montenegro.com\\\/me\\\/destinacije\\\/zabljak\\\/atrakcije\\\/piva-lake\\\/\"]}]},{\"@type\":\"ImageObject\",\"inLanguage\":\"sr-Latn-ME\",\"@id\":\"https:\\\/\\\/www.visit-montenegro.com\\\/me\\\/destinacije\\\/zabljak\\\/atrakcije\\\/piva-lake\\\/#primaryimage\",\"url\":\"https:\\\/\\\/www.visit-montenegro.com\\\/wp-content\\\/uploads\\\/2026\\\/02\\\/pluzine-piva-lake-copy.jpg\",\"contentUrl\":\"https:\\\/\\\/www.visit-montenegro.com\\\/wp-content\\\/uploads\\\/2026\\\/02\\\/pluzine-piva-lake-copy.jpg\",\"width\":1600,\"height\":1068},{\"@type\":\"BreadcrumbList\",\"@id\":\"https:\\\/\\\/www.visit-montenegro.com\\\/me\\\/destinacije\\\/zabljak\\\/atrakcije\\\/piva-lake\\\/#breadcrumb\",\"itemListElement\":[{\"@type\":\"ListItem\",\"position\":1,\"name\":\"Home\",\"item\":\"https:\\\/\\\/www.visit-montenegro.com\\\/me\\\/pocetna\\\/\"},{\"@type\":\"ListItem\",\"position\":2,\"name\":\"Turisti\u010dke destinacije u Crnoj Gori\",\"item\":\"https:\\\/\\\/www.visit-montenegro.com\\\/me\\\/destinacije\\\/\"},{\"@type\":\"ListItem\",\"position\":3,\"name\":\"\u017dabljak\",\"item\":\"https:\\\/\\\/www.visit-montenegro.com\\\/me\\\/destinations\\\/zabljak\\\/\"},{\"@type\":\"ListItem\",\"position\":4,\"name\":\"Zabljak Atrakcije\",\"item\":\"https:\\\/\\\/www.visit-montenegro.com\\\/me\\\/destinations\\\/zabljak\\\/attractions\\\/\"},{\"@type\":\"ListItem\",\"position\":5,\"name\":\"Pivsko jezero\"}]},{\"@type\":\"WebSite\",\"@id\":\"https:\\\/\\\/www.visit-montenegro.com\\\/me\\\/#website\",\"url\":\"https:\\\/\\\/www.visit-montenegro.com\\\/me\\\/\",\"name\":\"Visit Montenegro\",\"description\":\"Breathtaking beauty\",\"publisher\":{\"@id\":\"https:\\\/\\\/www.visit-montenegro.com\\\/me\\\/#organization\"},\"potentialAction\":[{\"@type\":\"SearchAction\",\"target\":{\"@type\":\"EntryPoint\",\"urlTemplate\":\"https:\\\/\\\/www.visit-montenegro.com\\\/me\\\/?s={search_term_string}\"},\"query-input\":{\"@type\":\"PropertyValueSpecification\",\"valueRequired\":true,\"valueName\":\"search_term_string\"}}],\"inLanguage\":\"sr-Latn-ME\"},{\"@type\":\"Organization\",\"@id\":\"https:\\\/\\\/www.visit-montenegro.com\\\/me\\\/#organization\",\"name\":\"Visit Montenegro\",\"url\":\"https:\\\/\\\/www.visit-montenegro.com\\\/me\\\/\",\"logo\":{\"@type\":\"ImageObject\",\"inLanguage\":\"sr-Latn-ME\",\"@id\":\"https:\\\/\\\/www.visit-montenegro.com\\\/me\\\/#\\\/schema\\\/logo\\\/image\\\/\",\"url\":\"https:\\\/\\\/www.visit-montenegro.com\\\/wp-content\\\/uploads\\\/2017\\\/10\\\/logo-amp.png\",\"contentUrl\":\"https:\\\/\\\/www.visit-montenegro.com\\\/wp-content\\\/uploads\\\/2017\\\/10\\\/logo-amp.png\",\"width\":190,\"height\":36,\"caption\":\"Visit Montenegro\"},\"image\":{\"@id\":\"https:\\\/\\\/www.visit-montenegro.com\\\/me\\\/#\\\/schema\\\/logo\\\/image\\\/\"},\"sameAs\":[\"https:\\\/\\\/www.facebook.com\\\/visitmontenegro\",\"https:\\\/\\\/x.com\\\/visitmontenegro\",\"https:\\\/\\\/www.instagram.com\\\/visit_montenegro\\\/\",\"https:\\\/\\\/www.youtube.com\\\/user\\\/VisitMontenegro\"]}]}<\/script>\n<!-- \/ Yoast SEO plugin. -->","yoast_head_json":{"title":"Pivsko jezero - Visit Montenegro","description":"Istra\u017eite Pivsko jezero u Crnoj Gori: umjetno jezero tirkizne boje sa dubokim vodama, savr\u0161eno za pecanje, krstarenje i prelepe poglede. Otkrijte njegovu istoriju i prirodnu lepotu.","robots":{"index":"index","follow":"follow","max-snippet":"max-snippet:-1","max-image-preview":"max-image-preview:large","max-video-preview":"max-video-preview:-1"},"canonical":"https:\/\/www.visit-montenegro.com\/me\/destinacije\/zabljak\/atrakcije\/piva-lake\/","og_locale":"en_US","og_type":"article","og_title":"Pivsko jezero - Visit Montenegro","og_description":"Istra\u017eite Pivsko jezero u Crnoj Gori: umjetno jezero tirkizne boje sa dubokim vodama, savr\u0161eno za pecanje, krstarenje i prelepe poglede. Otkrijte njegovu istoriju i prirodnu lepotu.","og_url":"https:\/\/www.visit-montenegro.com\/me\/destinacije\/zabljak\/atrakcije\/piva-lake\/","og_site_name":"Visit Montenegro","article_publisher":"https:\/\/www.facebook.com\/visitmontenegro","article_modified_time":"2026-02-24T12:33:05+00:00","og_image":[{"width":1600,"height":1068,"url":"https:\/\/www.visit-montenegro.com\/wp-content\/uploads\/2026\/02\/pluzine-piva-lake-copy.jpg","type":"image\/jpeg"}],"twitter_card":"summary_large_image","twitter_site":"@visitmontenegro","twitter_misc":{"Est. reading time":"2 minutes"},"schema":{"@context":"https:\/\/schema.org","@graph":[{"@type":"WebPage","@id":"https:\/\/www.visit-montenegro.com\/me\/destinacije\/zabljak\/atrakcije\/piva-lake\/","url":"https:\/\/www.visit-montenegro.com\/me\/destinacije\/zabljak\/atrakcije\/piva-lake\/","name":"Pivsko jezero - Visit Montenegro","isPartOf":{"@id":"https:\/\/www.visit-montenegro.com\/me\/#website"},"primaryImageOfPage":{"@id":"https:\/\/www.visit-montenegro.com\/me\/destinacije\/zabljak\/atrakcije\/piva-lake\/#primaryimage"},"image":{"@id":"https:\/\/www.visit-montenegro.com\/me\/destinacije\/zabljak\/atrakcije\/piva-lake\/#primaryimage"},"thumbnailUrl":"https:\/\/www.visit-montenegro.com\/wp-content\/uploads\/2026\/02\/pluzine-piva-lake-copy.jpg","datePublished":"2026-01-27T20:44:33+00:00","dateModified":"2026-02-24T12:33:05+00:00","description":"Istra\u017eite Pivsko jezero u Crnoj Gori: umjetno jezero tirkizne boje sa dubokim vodama, savr\u0161eno za pecanje, krstarenje i prelepe poglede. Otkrijte njegovu istoriju i prirodnu lepotu.","breadcrumb":{"@id":"https:\/\/www.visit-montenegro.com\/me\/destinacije\/zabljak\/atrakcije\/piva-lake\/#breadcrumb"},"inLanguage":"sr-Latn-ME","potentialAction":[{"@type":"ReadAction","target":["https:\/\/www.visit-montenegro.com\/me\/destinacije\/zabljak\/atrakcije\/piva-lake\/"]}]},{"@type":"ImageObject","inLanguage":"sr-Latn-ME","@id":"https:\/\/www.visit-montenegro.com\/me\/destinacije\/zabljak\/atrakcije\/piva-lake\/#primaryimage","url":"https:\/\/www.visit-montenegro.com\/wp-content\/uploads\/2026\/02\/pluzine-piva-lake-copy.jpg","contentUrl":"https:\/\/www.visit-montenegro.com\/wp-content\/uploads\/2026\/02\/pluzine-piva-lake-copy.jpg","width":1600,"height":1068},{"@type":"BreadcrumbList","@id":"https:\/\/www.visit-montenegro.com\/me\/destinacije\/zabljak\/atrakcije\/piva-lake\/#breadcrumb","itemListElement":[{"@type":"ListItem","position":1,"name":"Home","item":"https:\/\/www.visit-montenegro.com\/me\/pocetna\/"},{"@type":"ListItem","position":2,"name":"Turisti\u010dke destinacije u Crnoj Gori","item":"https:\/\/www.visit-montenegro.com\/me\/destinacije\/"},{"@type":"ListItem","position":3,"name":"\u017dabljak","item":"https:\/\/www.visit-montenegro.com\/me\/destinations\/zabljak\/"},{"@type":"ListItem","position":4,"name":"Zabljak Atrakcije","item":"https:\/\/www.visit-montenegro.com\/me\/destinations\/zabljak\/attractions\/"},{"@type":"ListItem","position":5,"name":"Pivsko jezero"}]},{"@type":"WebSite","@id":"https:\/\/www.visit-montenegro.com\/me\/#website","url":"https:\/\/www.visit-montenegro.com\/me\/","name":"Visit Montenegro","description":"Breathtaking beauty","publisher":{"@id":"https:\/\/www.visit-montenegro.com\/me\/#organization"},"potentialAction":[{"@type":"SearchAction","target":{"@type":"EntryPoint","urlTemplate":"https:\/\/www.visit-montenegro.com\/me\/?s={search_term_string}"},"query-input":{"@type":"PropertyValueSpecification","valueRequired":true,"valueName":"search_term_string"}}],"inLanguage":"sr-Latn-ME"},{"@type":"Organization","@id":"https:\/\/www.visit-montenegro.com\/me\/#organization","name":"Visit Montenegro","url":"https:\/\/www.visit-montenegro.com\/me\/","logo":{"@type":"ImageObject","inLanguage":"sr-Latn-ME","@id":"https:\/\/www.visit-montenegro.com\/me\/#\/schema\/logo\/image\/","url":"https:\/\/www.visit-montenegro.com\/wp-content\/uploads\/2017\/10\/logo-amp.png","contentUrl":"https:\/\/www.visit-montenegro.com\/wp-content\/uploads\/2017\/10\/logo-amp.png","width":190,"height":36,"caption":"Visit Montenegro"},"image":{"@id":"https:\/\/www.visit-montenegro.com\/me\/#\/schema\/logo\/image\/"},"sameAs":["https:\/\/www.facebook.com\/visitmontenegro","https:\/\/x.com\/visitmontenegro","https:\/\/www.instagram.com\/visit_montenegro\/","https:\/\/www.youtube.com\/user\/VisitMontenegro"]}]}},"translations":[],"_links":{"self":[{"href":"https:\/\/www.visit-montenegro.com\/me\/wp-json\/wp\/v2\/pages\/134657","targetHints":{"allow":["GET"]}}],"collection":[{"href":"https:\/\/www.visit-montenegro.com\/me\/wp-json\/wp\/v2\/pages"}],"about":[{"href":"https:\/\/www.visit-montenegro.com\/me\/wp-json\/wp\/v2\/types\/page"}],"author":[{"embeddable":true,"href":"https:\/\/www.visit-montenegro.com\/me\/wp-json\/wp\/v2\/users\/1"}],"replies":[{"embeddable":true,"href":"https:\/\/www.visit-montenegro.com\/me\/wp-json\/wp\/v2\/comments?post=134657"}],"version-history":[{"count":0,"href":"https:\/\/www.visit-montenegro.com\/me\/wp-json\/wp\/v2\/pages\/134657\/revisions"}],"up":[{"embeddable":true,"href":"https:\/\/www.visit-montenegro.com\/me\/wp-json\/wp\/v2\/pages\/134627"}],"wp:featuredmedia":[{"embeddable":true,"href":"https:\/\/www.visit-montenegro.com\/me\/wp-json\/wp\/v2\/media\/134658"}],"wp:attachment":[{"href":"https:\/\/www.visit-montenegro.com\/me\/wp-json\/wp\/v2\/media?parent=134657"}],"wp:term":[{"taxonomy":"post_tag","embeddable":true,"href":"https:\/\/www.visit-montenegro.com\/me\/wp-json\/wp\/v2\/tags?post=134657"}],"curies":[{"name":"wp","href":"https:\/\/api.w.org\/{rel}","templated":true}]}}