{"id":134660,"date":"2026-01-27T21:44:33","date_gmt":"2026-01-27T20:44:33","guid":{"rendered":"https:\/\/new.visit-montenegro.com\/destinacije\/zabljak\/atrakcije\/nevidio\/"},"modified":"2026-02-22T17:02:25","modified_gmt":"2026-02-22T16:02:25","slug":"nevidio","status":"publish","type":"page","link":"https:\/\/www.visit-montenegro.com\/me\/destinacije\/zabljak\/atrakcije\/nevidio\/","title":{"rendered":"Kanjon Nevidio"},"content":{"rendered":"\n<p>Kanjon Nevidio je misti\u010dni, rijetko posje\u0107eni kanjon rijeke Komarnice u Crnoj Gori, koji nudi izazovnu avanturu za one s duhom istra\u017eiva\u010da, gdje mo\u017eete iskusiti divlji, netaknut prirodni krajolik koji se osje\u0107a kao povratak u pro\u0161lost.<\/p>\n\n<hr class=\"wp-block-separator has-alpha-channel-opacity\"\/>\n\n<h2 class=\"wp-block-heading\">Destinacija za avanturiste<\/h2>\n\n<p>Misti\u010dan i rijetko posje\u0107en, kanjon rijeke Komarnice bit \u0107e pravi izazov za ljude koji imaju duh avanturista. Ako \u017eelite biti, doslovno, u srcu Evrope, ali na lokaciji na koju ljudska noga gotovo nikada nije kro\u010dila, onda je ovo va\u0161a budu\u0107a destinacija. Doista, ovo okru\u017eenje pru\u017ea jedinstven bijeg u netaknutu divljinu.<\/p>\n\n<p>Velika prirodna scena d\u017eungle i divlje rijeke koja se probija kroz kanjon \u0161irok jedan metar, u\u010dinit \u0107e da se osje\u0107ate kao da ste se vratili ere u pro\u0161lost kada \u010dovjek jo\u0161 nije dominirao prirodom. Posljedi\u010dno, <strong>kanjon Nevidio<\/strong> nudi duboko iskustvo koje posjetioce prenosi u drevni, neukro\u0107eni svijet.<\/p>\n","protected":false},"excerpt":{"rendered":"<p>Otkrijte misti\u010dni kanjon Nevidio u Crnoj Gori, izazovnu avanturu za istra\u017eiva\u010de koji tra\u017ee netaknutu divljinu. Do\u017eivite divlju rijeku koja se probija kroz uski kanjon, vra\u0107aju\u0107i vas u drevno, neukro\u0107eno doba.<\/p>\n","protected":false},"author":1,"featured_media":134661,"parent":134627,"menu_order":0,"comment_status":"closed","ping_status":"closed","template":"","meta":{"_yoast_wpseo_focuskw":"Kanjon Nevidio","_yoast_wpseo_metadesc":"Istra\u017eite misti\u010dni kanjon Nevidio u Crnoj Gori\u2014divlju, rijetko posje\u0107enu avanturisti\u010dku destinaciju savr\u0161enu za traga\u010de za uzbu\u0111enjem i ljubitelje prirode. Planirajte svoj put danas!","_kad_post_transparent":"","_kad_post_title":"","_kad_post_layout":"","_kad_post_sidebar_id":"","_kad_post_content_style":"","_kad_post_vertical_padding":"","_kad_post_feature":"","_kad_post_feature_position":"","_kad_post_header":false,"_kad_post_footer":false,"_kad_post_classname":"","iawp_total_views":2,"footnotes":""},"tags":[],"class_list":["post-134660","page","type-page","status-publish","has-post-thumbnail","hentry"],"yoast_head":"<!-- This site is optimized with the Yoast SEO plugin v27.3 - https:\/\/yoast.com\/product\/yoast-seo-wordpress\/ -->\n<title>Kanjon Nevidio - Visit Montenegro<\/title>\n<meta name=\"description\" content=\"Istra\u017eite misti\u010dni kanjon Nevidio u Crnoj Gori\u2014divlju, rijetko posje\u0107enu avanturisti\u010dku destinaciju savr\u0161enu za traga\u010de za uzbu\u0111enjem i ljubitelje prirode. Planirajte svoj put danas!\" \/>\n<meta name=\"robots\" content=\"index, follow, max-snippet:-1, max-image-preview:large, max-video-preview:-1\" \/>\n<link rel=\"canonical\" href=\"https:\/\/www.visit-montenegro.com\/me\/destinacije\/zabljak\/atrakcije\/nevidio\/\" \/>\n<meta property=\"og:locale\" content=\"en_US\" \/>\n<meta property=\"og:type\" content=\"article\" \/>\n<meta property=\"og:title\" content=\"Kanjon Nevidio - Visit Montenegro\" \/>\n<meta property=\"og:description\" content=\"Istra\u017eite misti\u010dni kanjon Nevidio u Crnoj Gori\u2014divlju, rijetko posje\u0107enu avanturisti\u010dku destinaciju savr\u0161enu za traga\u010de za uzbu\u0111enjem i ljubitelje prirode. Planirajte svoj put danas!\" \/>\n<meta property=\"og:url\" content=\"https:\/\/www.visit-montenegro.com\/me\/destinacije\/zabljak\/atrakcije\/nevidio\/\" \/>\n<meta property=\"og:site_name\" content=\"Visit Montenegro\" \/>\n<meta property=\"article:publisher\" content=\"https:\/\/www.facebook.com\/visitmontenegro\" \/>\n<meta property=\"article:modified_time\" content=\"2026-02-22T16:02:25+00:00\" \/>\n<meta property=\"og:image\" content=\"https:\/\/www.visit-montenegro.com\/wp-content\/uploads\/2026\/01\/canyoning-02-scaled.jpg\" \/>\n\t<meta property=\"og:image:width\" content=\"1600\" \/>\n\t<meta property=\"og:image:height\" content=\"1067\" \/>\n\t<meta property=\"og:image:type\" content=\"image\/jpeg\" \/>\n<meta name=\"twitter:card\" content=\"summary_large_image\" \/>\n<meta name=\"twitter:site\" content=\"@visitmontenegro\" \/>\n<meta name=\"twitter:label1\" content=\"Est. reading time\" \/>\n\t<meta name=\"twitter:data1\" content=\"1 minute\" \/>\n<script type=\"application\/ld+json\" class=\"yoast-schema-graph\">{\"@context\":\"https:\\\/\\\/schema.org\",\"@graph\":[{\"@type\":\"WebPage\",\"@id\":\"https:\\\/\\\/www.visit-montenegro.com\\\/me\\\/destinacije\\\/zabljak\\\/atrakcije\\\/nevidio\\\/\",\"url\":\"https:\\\/\\\/www.visit-montenegro.com\\\/me\\\/destinacije\\\/zabljak\\\/atrakcije\\\/nevidio\\\/\",\"name\":\"Kanjon Nevidio - Visit Montenegro\",\"isPartOf\":{\"@id\":\"https:\\\/\\\/www.visit-montenegro.com\\\/me\\\/#website\"},\"primaryImageOfPage\":{\"@id\":\"https:\\\/\\\/www.visit-montenegro.com\\\/me\\\/destinacije\\\/zabljak\\\/atrakcije\\\/nevidio\\\/#primaryimage\"},\"image\":{\"@id\":\"https:\\\/\\\/www.visit-montenegro.com\\\/me\\\/destinacije\\\/zabljak\\\/atrakcije\\\/nevidio\\\/#primaryimage\"},\"thumbnailUrl\":\"https:\\\/\\\/www.visit-montenegro.com\\\/wp-content\\\/uploads\\\/2026\\\/01\\\/canyoning-02-scaled.jpg\",\"datePublished\":\"2026-01-27T20:44:33+00:00\",\"dateModified\":\"2026-02-22T16:02:25+00:00\",\"description\":\"Istra\u017eite misti\u010dni kanjon Nevidio u Crnoj Gori\u2014divlju, rijetko posje\u0107enu avanturisti\u010dku destinaciju savr\u0161enu za traga\u010de za uzbu\u0111enjem i ljubitelje prirode. Planirajte svoj put danas!\",\"breadcrumb\":{\"@id\":\"https:\\\/\\\/www.visit-montenegro.com\\\/me\\\/destinacije\\\/zabljak\\\/atrakcije\\\/nevidio\\\/#breadcrumb\"},\"inLanguage\":\"sr-Latn-ME\",\"potentialAction\":[{\"@type\":\"ReadAction\",\"target\":[\"https:\\\/\\\/www.visit-montenegro.com\\\/me\\\/destinacije\\\/zabljak\\\/atrakcije\\\/nevidio\\\/\"]}]},{\"@type\":\"ImageObject\",\"inLanguage\":\"sr-Latn-ME\",\"@id\":\"https:\\\/\\\/www.visit-montenegro.com\\\/me\\\/destinacije\\\/zabljak\\\/atrakcije\\\/nevidio\\\/#primaryimage\",\"url\":\"https:\\\/\\\/www.visit-montenegro.com\\\/wp-content\\\/uploads\\\/2026\\\/01\\\/canyoning-02-scaled.jpg\",\"contentUrl\":\"https:\\\/\\\/www.visit-montenegro.com\\\/wp-content\\\/uploads\\\/2026\\\/01\\\/canyoning-02-scaled.jpg\",\"width\":1600,\"height\":1067,\"caption\":\"Dobro opremljen \u010dovjek ska\u010de u prirodni bazen tokom ekspedicije kanjoninga\"},{\"@type\":\"BreadcrumbList\",\"@id\":\"https:\\\/\\\/www.visit-montenegro.com\\\/me\\\/destinacije\\\/zabljak\\\/atrakcije\\\/nevidio\\\/#breadcrumb\",\"itemListElement\":[{\"@type\":\"ListItem\",\"position\":1,\"name\":\"Home\",\"item\":\"https:\\\/\\\/www.visit-montenegro.com\\\/me\\\/pocetna\\\/\"},{\"@type\":\"ListItem\",\"position\":2,\"name\":\"Turisti\u010dke destinacije u Crnoj Gori\",\"item\":\"https:\\\/\\\/www.visit-montenegro.com\\\/me\\\/destinacije\\\/\"},{\"@type\":\"ListItem\",\"position\":3,\"name\":\"\u017dabljak\",\"item\":\"https:\\\/\\\/www.visit-montenegro.com\\\/me\\\/destinations\\\/zabljak\\\/\"},{\"@type\":\"ListItem\",\"position\":4,\"name\":\"Zabljak Atrakcije\",\"item\":\"https:\\\/\\\/www.visit-montenegro.com\\\/me\\\/destinations\\\/zabljak\\\/attractions\\\/\"},{\"@type\":\"ListItem\",\"position\":5,\"name\":\"Kanjon Nevidio\"}]},{\"@type\":\"WebSite\",\"@id\":\"https:\\\/\\\/www.visit-montenegro.com\\\/me\\\/#website\",\"url\":\"https:\\\/\\\/www.visit-montenegro.com\\\/me\\\/\",\"name\":\"Visit Montenegro\",\"description\":\"Breathtaking beauty\",\"publisher\":{\"@id\":\"https:\\\/\\\/www.visit-montenegro.com\\\/me\\\/#organization\"},\"potentialAction\":[{\"@type\":\"SearchAction\",\"target\":{\"@type\":\"EntryPoint\",\"urlTemplate\":\"https:\\\/\\\/www.visit-montenegro.com\\\/me\\\/?s={search_term_string}\"},\"query-input\":{\"@type\":\"PropertyValueSpecification\",\"valueRequired\":true,\"valueName\":\"search_term_string\"}}],\"inLanguage\":\"sr-Latn-ME\"},{\"@type\":\"Organization\",\"@id\":\"https:\\\/\\\/www.visit-montenegro.com\\\/me\\\/#organization\",\"name\":\"Visit Montenegro\",\"url\":\"https:\\\/\\\/www.visit-montenegro.com\\\/me\\\/\",\"logo\":{\"@type\":\"ImageObject\",\"inLanguage\":\"sr-Latn-ME\",\"@id\":\"https:\\\/\\\/www.visit-montenegro.com\\\/me\\\/#\\\/schema\\\/logo\\\/image\\\/\",\"url\":\"https:\\\/\\\/www.visit-montenegro.com\\\/wp-content\\\/uploads\\\/2017\\\/10\\\/logo-amp.png\",\"contentUrl\":\"https:\\\/\\\/www.visit-montenegro.com\\\/wp-content\\\/uploads\\\/2017\\\/10\\\/logo-amp.png\",\"width\":190,\"height\":36,\"caption\":\"Visit Montenegro\"},\"image\":{\"@id\":\"https:\\\/\\\/www.visit-montenegro.com\\\/me\\\/#\\\/schema\\\/logo\\\/image\\\/\"},\"sameAs\":[\"https:\\\/\\\/www.facebook.com\\\/visitmontenegro\",\"https:\\\/\\\/x.com\\\/visitmontenegro\",\"https:\\\/\\\/www.instagram.com\\\/visit_montenegro\\\/\",\"https:\\\/\\\/www.youtube.com\\\/user\\\/VisitMontenegro\"]}]}<\/script>\n<!-- \/ Yoast SEO plugin. -->","yoast_head_json":{"title":"Kanjon Nevidio - Visit Montenegro","description":"Istra\u017eite misti\u010dni kanjon Nevidio u Crnoj Gori\u2014divlju, rijetko posje\u0107enu avanturisti\u010dku destinaciju savr\u0161enu za traga\u010de za uzbu\u0111enjem i ljubitelje prirode. Planirajte svoj put danas!","robots":{"index":"index","follow":"follow","max-snippet":"max-snippet:-1","max-image-preview":"max-image-preview:large","max-video-preview":"max-video-preview:-1"},"canonical":"https:\/\/www.visit-montenegro.com\/me\/destinacije\/zabljak\/atrakcije\/nevidio\/","og_locale":"en_US","og_type":"article","og_title":"Kanjon Nevidio - Visit Montenegro","og_description":"Istra\u017eite misti\u010dni kanjon Nevidio u Crnoj Gori\u2014divlju, rijetko posje\u0107enu avanturisti\u010dku destinaciju savr\u0161enu za traga\u010de za uzbu\u0111enjem i ljubitelje prirode. Planirajte svoj put danas!","og_url":"https:\/\/www.visit-montenegro.com\/me\/destinacije\/zabljak\/atrakcije\/nevidio\/","og_site_name":"Visit Montenegro","article_publisher":"https:\/\/www.facebook.com\/visitmontenegro","article_modified_time":"2026-02-22T16:02:25+00:00","og_image":[{"width":1600,"height":1067,"url":"https:\/\/www.visit-montenegro.com\/wp-content\/uploads\/2026\/01\/canyoning-02-scaled.jpg","type":"image\/jpeg"}],"twitter_card":"summary_large_image","twitter_site":"@visitmontenegro","twitter_misc":{"Est. reading time":"1 minute"},"schema":{"@context":"https:\/\/schema.org","@graph":[{"@type":"WebPage","@id":"https:\/\/www.visit-montenegro.com\/me\/destinacije\/zabljak\/atrakcije\/nevidio\/","url":"https:\/\/www.visit-montenegro.com\/me\/destinacije\/zabljak\/atrakcije\/nevidio\/","name":"Kanjon Nevidio - Visit Montenegro","isPartOf":{"@id":"https:\/\/www.visit-montenegro.com\/me\/#website"},"primaryImageOfPage":{"@id":"https:\/\/www.visit-montenegro.com\/me\/destinacije\/zabljak\/atrakcije\/nevidio\/#primaryimage"},"image":{"@id":"https:\/\/www.visit-montenegro.com\/me\/destinacije\/zabljak\/atrakcije\/nevidio\/#primaryimage"},"thumbnailUrl":"https:\/\/www.visit-montenegro.com\/wp-content\/uploads\/2026\/01\/canyoning-02-scaled.jpg","datePublished":"2026-01-27T20:44:33+00:00","dateModified":"2026-02-22T16:02:25+00:00","description":"Istra\u017eite misti\u010dni kanjon Nevidio u Crnoj Gori\u2014divlju, rijetko posje\u0107enu avanturisti\u010dku destinaciju savr\u0161enu za traga\u010de za uzbu\u0111enjem i ljubitelje prirode. Planirajte svoj put danas!","breadcrumb":{"@id":"https:\/\/www.visit-montenegro.com\/me\/destinacije\/zabljak\/atrakcije\/nevidio\/#breadcrumb"},"inLanguage":"sr-Latn-ME","potentialAction":[{"@type":"ReadAction","target":["https:\/\/www.visit-montenegro.com\/me\/destinacije\/zabljak\/atrakcije\/nevidio\/"]}]},{"@type":"ImageObject","inLanguage":"sr-Latn-ME","@id":"https:\/\/www.visit-montenegro.com\/me\/destinacije\/zabljak\/atrakcije\/nevidio\/#primaryimage","url":"https:\/\/www.visit-montenegro.com\/wp-content\/uploads\/2026\/01\/canyoning-02-scaled.jpg","contentUrl":"https:\/\/www.visit-montenegro.com\/wp-content\/uploads\/2026\/01\/canyoning-02-scaled.jpg","width":1600,"height":1067,"caption":"Dobro opremljen \u010dovjek ska\u010de u prirodni bazen tokom ekspedicije kanjoninga"},{"@type":"BreadcrumbList","@id":"https:\/\/www.visit-montenegro.com\/me\/destinacije\/zabljak\/atrakcije\/nevidio\/#breadcrumb","itemListElement":[{"@type":"ListItem","position":1,"name":"Home","item":"https:\/\/www.visit-montenegro.com\/me\/pocetna\/"},{"@type":"ListItem","position":2,"name":"Turisti\u010dke destinacije u Crnoj Gori","item":"https:\/\/www.visit-montenegro.com\/me\/destinacije\/"},{"@type":"ListItem","position":3,"name":"\u017dabljak","item":"https:\/\/www.visit-montenegro.com\/me\/destinations\/zabljak\/"},{"@type":"ListItem","position":4,"name":"Zabljak Atrakcije","item":"https:\/\/www.visit-montenegro.com\/me\/destinations\/zabljak\/attractions\/"},{"@type":"ListItem","position":5,"name":"Kanjon Nevidio"}]},{"@type":"WebSite","@id":"https:\/\/www.visit-montenegro.com\/me\/#website","url":"https:\/\/www.visit-montenegro.com\/me\/","name":"Visit Montenegro","description":"Breathtaking beauty","publisher":{"@id":"https:\/\/www.visit-montenegro.com\/me\/#organization"},"potentialAction":[{"@type":"SearchAction","target":{"@type":"EntryPoint","urlTemplate":"https:\/\/www.visit-montenegro.com\/me\/?s={search_term_string}"},"query-input":{"@type":"PropertyValueSpecification","valueRequired":true,"valueName":"search_term_string"}}],"inLanguage":"sr-Latn-ME"},{"@type":"Organization","@id":"https:\/\/www.visit-montenegro.com\/me\/#organization","name":"Visit Montenegro","url":"https:\/\/www.visit-montenegro.com\/me\/","logo":{"@type":"ImageObject","inLanguage":"sr-Latn-ME","@id":"https:\/\/www.visit-montenegro.com\/me\/#\/schema\/logo\/image\/","url":"https:\/\/www.visit-montenegro.com\/wp-content\/uploads\/2017\/10\/logo-amp.png","contentUrl":"https:\/\/www.visit-montenegro.com\/wp-content\/uploads\/2017\/10\/logo-amp.png","width":190,"height":36,"caption":"Visit Montenegro"},"image":{"@id":"https:\/\/www.visit-montenegro.com\/me\/#\/schema\/logo\/image\/"},"sameAs":["https:\/\/www.facebook.com\/visitmontenegro","https:\/\/x.com\/visitmontenegro","https:\/\/www.instagram.com\/visit_montenegro\/","https:\/\/www.youtube.com\/user\/VisitMontenegro"]}]}},"translations":[],"_links":{"self":[{"href":"https:\/\/www.visit-montenegro.com\/me\/wp-json\/wp\/v2\/pages\/134660","targetHints":{"allow":["GET"]}}],"collection":[{"href":"https:\/\/www.visit-montenegro.com\/me\/wp-json\/wp\/v2\/pages"}],"about":[{"href":"https:\/\/www.visit-montenegro.com\/me\/wp-json\/wp\/v2\/types\/page"}],"author":[{"embeddable":true,"href":"https:\/\/www.visit-montenegro.com\/me\/wp-json\/wp\/v2\/users\/1"}],"replies":[{"embeddable":true,"href":"https:\/\/www.visit-montenegro.com\/me\/wp-json\/wp\/v2\/comments?post=134660"}],"version-history":[{"count":0,"href":"https:\/\/www.visit-montenegro.com\/me\/wp-json\/wp\/v2\/pages\/134660\/revisions"}],"up":[{"embeddable":true,"href":"https:\/\/www.visit-montenegro.com\/me\/wp-json\/wp\/v2\/pages\/134627"}],"wp:featuredmedia":[{"embeddable":true,"href":"https:\/\/www.visit-montenegro.com\/me\/wp-json\/wp\/v2\/media\/134661"}],"wp:attachment":[{"href":"https:\/\/www.visit-montenegro.com\/me\/wp-json\/wp\/v2\/media?parent=134660"}],"wp:term":[{"taxonomy":"post_tag","embeddable":true,"href":"https:\/\/www.visit-montenegro.com\/me\/wp-json\/wp\/v2\/tags?post=134660"}],"curies":[{"name":"wp","href":"https:\/\/api.w.org\/{rel}","templated":true}]}}