{"id":134675,"date":"2026-01-27T21:44:33","date_gmt":"2026-01-27T20:44:33","guid":{"rendered":"https:\/\/new.visit-montenegro.com\/destinacije\/zabljak\/atrakcije\/manastir-piva\/"},"modified":"2026-02-24T13:33:04","modified_gmt":"2026-02-24T12:33:04","slug":"manastir-piva","status":"publish","type":"page","link":"https:\/\/www.visit-montenegro.com\/me\/destinacije\/zabljak\/atrakcije\/manastir-piva\/","title":{"rendered":"Manastir Piva"},"content":{"rendered":"\n<p>Manastir Piva je zna\u010dajan pravoslavni manastir u Crnoj Gori, izvorno izgra\u0111en na izvoru rijeke Pive, ali preseljen kamen po kamen u selo Goransko kod jezera Mratinje zbog izgradnje brane, \u010duvaju\u0107i svoje istorijske freske i riznicu.<\/p>\n\n<hr class=\"wp-block-separator has-alpha-channel-opacity\" \/>\n\n<h2 class=\"wp-block-heading\">Istorija i preseljenje Manastira Piva<\/h2>\n\n<p>Manastir <strong>Manastir Piva<\/strong> se nalazi u Plu\u017einama. Smatra se jednim od najva\u017enijih pravoslavnih manastira u Crnoj Gori. Davno je bio smje\u0161ten na izvoru rijeke Pive, da bi kasnije bio preseljen na drugu lokaciju zbog izgradnje brane i akumulacionog jezera za potrebe hidroelektrane. Preseljenje crkve trajalo je oko 12 godina, a ono \u0161to je karakteristi\u010dno za ovaj manastir je da je stara crkva prenesena kamen po kamen (stara crkva je rastavljena, a od istog kamena izgra\u0111ena je nova crkva na drugom mjestu), 9 kilometara od Plu\u017eina, u selu Goransko, kod jezera Mratinje. Sa zidova crkve uklonjeno je 1.260 kvadratnih metara slika i ponovo postavljeno.<\/p>\n\n<h2 class=\"wp-block-heading\">Arhitektonski i umjetni\u010dki zna\u010daj<\/h2>\n\n<p>Manastirska crkva Uspenja Bogorodice izgra\u0111ena je izme\u0111u 1573. i 1586. godine uz veliki trud hercegova\u010dkog mitropolita Savatije, kasnijeg srpskog patrijarha. Pored arhitektonske vrijednosti koju ova crkva ima, njen zna\u010daj se vidi i u njenim slikama. Nepoznati gr\u010dki slikari oslikali su ve\u0107inu slika u godinama 1604. i 1605. Gornji dio manastira oslikao je pop Strahinja iz Budimlja koji je na vrlo vidljivom mjestu naslikao Bogorodi\u010dinu himnu (himnu Presvete Bogorodice). Donje zone su djelo slikara Kozme iz daleke 1626. godine. Ovaj slikar je tako\u0111er uradio ve\u0107inu ikona na pozla\u0107enom ikonostasu.<\/p>\n\n<h3 class=\"wp-block-heading\">Blago Manastira Piva<\/h3>\n\n<p>Manastir posjeduje veliku riznicu: Psaltir \u0110ur\u0111a Crnojevi\u0107a iz 1495. godine, &#8220;omofor&#8221; Savtije Sokolovi\u0107a iz 1568. godine, li\u010dne stvari Baja Pivljanina \u2013 narodnog heroja, i mnoge druge stvari.<\/p>\n","protected":false},"excerpt":{"rendered":"<p>Otkrijte istorijski Manastir Piva u Crnoj Gori, klju\u010dno pravoslavno mjesto preseljeno kamen po kamen kako bi se sa\u010duvala njegova ljepota. Saznajte o njegovim umjetni\u010dkim freskama i bogatom riznici, nude\u0107i uvid u kulturno naslije\u0111e regije.<\/p>\n","protected":false},"author":1,"featured_media":134676,"parent":134627,"menu_order":0,"comment_status":"closed","ping_status":"closed","template":"","meta":{"_yoast_wpseo_focuskw":"Manastir Piva","_yoast_wpseo_metadesc":"Istra\u017eite istoriju, umjetnost i blago Manastira Piva u Crnoj Gori. Saznajte o njegovom preseljenju i zna\u010daju kao vode\u0107e pravoslavne destinacije za putnike.","_kad_post_transparent":"","_kad_post_title":"","_kad_post_layout":"","_kad_post_sidebar_id":"","_kad_post_content_style":"","_kad_post_vertical_padding":"","_kad_post_feature":"","_kad_post_feature_position":"","_kad_post_header":false,"_kad_post_footer":false,"_kad_post_classname":"","iawp_total_views":13,"footnotes":""},"tags":[],"class_list":["post-134675","page","type-page","status-publish","has-post-thumbnail","hentry"],"yoast_head":"<!-- This site is optimized with the Yoast SEO plugin v27.3 - https:\/\/yoast.com\/product\/yoast-seo-wordpress\/ -->\n<title>Manastir Piva - Visit Montenegro<\/title>\n<meta name=\"description\" content=\"Istra\u017eite istoriju, umjetnost i blago Manastira Piva u Crnoj Gori. Saznajte o njegovom preseljenju i zna\u010daju kao vode\u0107e pravoslavne destinacije za putnike.\" \/>\n<meta name=\"robots\" content=\"index, follow, max-snippet:-1, max-image-preview:large, max-video-preview:-1\" \/>\n<link rel=\"canonical\" href=\"https:\/\/www.visit-montenegro.com\/me\/destinacije\/zabljak\/atrakcije\/manastir-piva\/\" \/>\n<meta property=\"og:locale\" content=\"en_US\" \/>\n<meta property=\"og:type\" content=\"article\" \/>\n<meta property=\"og:title\" content=\"Manastir Piva - Visit Montenegro\" \/>\n<meta property=\"og:description\" content=\"Istra\u017eite istoriju, umjetnost i blago Manastira Piva u Crnoj Gori. Saznajte o njegovom preseljenju i zna\u010daju kao vode\u0107e pravoslavne destinacije za putnike.\" \/>\n<meta property=\"og:url\" content=\"https:\/\/www.visit-montenegro.com\/me\/destinacije\/zabljak\/atrakcije\/manastir-piva\/\" \/>\n<meta property=\"og:site_name\" content=\"Visit Montenegro\" \/>\n<meta property=\"article:publisher\" content=\"https:\/\/www.facebook.com\/visitmontenegro\" \/>\n<meta property=\"article:modified_time\" content=\"2026-02-24T12:33:04+00:00\" \/>\n<meta property=\"og:image\" content=\"https:\/\/www.visit-montenegro.com\/wp-content\/uploads\/2026\/02\/pluzine-piva-monastery-copy.jpg\" \/>\n\t<meta property=\"og:image:width\" content=\"1600\" \/>\n\t<meta property=\"og:image:height\" content=\"1067\" \/>\n\t<meta property=\"og:image:type\" content=\"image\/jpeg\" \/>\n<meta name=\"twitter:card\" content=\"summary_large_image\" \/>\n<meta name=\"twitter:site\" content=\"@visitmontenegro\" \/>\n<meta name=\"twitter:label1\" content=\"Est. reading time\" \/>\n\t<meta name=\"twitter:data1\" content=\"1 minute\" \/>\n<script type=\"application\/ld+json\" class=\"yoast-schema-graph\">{\"@context\":\"https:\\\/\\\/schema.org\",\"@graph\":[{\"@type\":\"WebPage\",\"@id\":\"https:\\\/\\\/www.visit-montenegro.com\\\/me\\\/destinacije\\\/zabljak\\\/atrakcije\\\/manastir-piva\\\/\",\"url\":\"https:\\\/\\\/www.visit-montenegro.com\\\/me\\\/destinacije\\\/zabljak\\\/atrakcije\\\/manastir-piva\\\/\",\"name\":\"Manastir Piva - Visit Montenegro\",\"isPartOf\":{\"@id\":\"https:\\\/\\\/www.visit-montenegro.com\\\/me\\\/#website\"},\"primaryImageOfPage\":{\"@id\":\"https:\\\/\\\/www.visit-montenegro.com\\\/me\\\/destinacije\\\/zabljak\\\/atrakcije\\\/manastir-piva\\\/#primaryimage\"},\"image\":{\"@id\":\"https:\\\/\\\/www.visit-montenegro.com\\\/me\\\/destinacije\\\/zabljak\\\/atrakcije\\\/manastir-piva\\\/#primaryimage\"},\"thumbnailUrl\":\"https:\\\/\\\/www.visit-montenegro.com\\\/wp-content\\\/uploads\\\/2026\\\/02\\\/pluzine-piva-monastery-copy.jpg\",\"datePublished\":\"2026-01-27T20:44:33+00:00\",\"dateModified\":\"2026-02-24T12:33:04+00:00\",\"description\":\"Istra\u017eite istoriju, umjetnost i blago Manastira Piva u Crnoj Gori. Saznajte o njegovom preseljenju i zna\u010daju kao vode\u0107e pravoslavne destinacije za putnike.\",\"breadcrumb\":{\"@id\":\"https:\\\/\\\/www.visit-montenegro.com\\\/me\\\/destinacije\\\/zabljak\\\/atrakcije\\\/manastir-piva\\\/#breadcrumb\"},\"inLanguage\":\"sr-Latn-ME\",\"potentialAction\":[{\"@type\":\"ReadAction\",\"target\":[\"https:\\\/\\\/www.visit-montenegro.com\\\/me\\\/destinacije\\\/zabljak\\\/atrakcije\\\/manastir-piva\\\/\"]}]},{\"@type\":\"ImageObject\",\"inLanguage\":\"sr-Latn-ME\",\"@id\":\"https:\\\/\\\/www.visit-montenegro.com\\\/me\\\/destinacije\\\/zabljak\\\/atrakcije\\\/manastir-piva\\\/#primaryimage\",\"url\":\"https:\\\/\\\/www.visit-montenegro.com\\\/wp-content\\\/uploads\\\/2026\\\/02\\\/pluzine-piva-monastery-copy.jpg\",\"contentUrl\":\"https:\\\/\\\/www.visit-montenegro.com\\\/wp-content\\\/uploads\\\/2026\\\/02\\\/pluzine-piva-monastery-copy.jpg\",\"width\":1600,\"height\":1067},{\"@type\":\"BreadcrumbList\",\"@id\":\"https:\\\/\\\/www.visit-montenegro.com\\\/me\\\/destinacije\\\/zabljak\\\/atrakcije\\\/manastir-piva\\\/#breadcrumb\",\"itemListElement\":[{\"@type\":\"ListItem\",\"position\":1,\"name\":\"Home\",\"item\":\"https:\\\/\\\/www.visit-montenegro.com\\\/me\\\/pocetna\\\/\"},{\"@type\":\"ListItem\",\"position\":2,\"name\":\"Turisti\u010dke destinacije u Crnoj Gori\",\"item\":\"https:\\\/\\\/www.visit-montenegro.com\\\/me\\\/destinacije\\\/\"},{\"@type\":\"ListItem\",\"position\":3,\"name\":\"\u017dabljak\",\"item\":\"https:\\\/\\\/www.visit-montenegro.com\\\/me\\\/destinations\\\/zabljak\\\/\"},{\"@type\":\"ListItem\",\"position\":4,\"name\":\"Zabljak Atrakcije\",\"item\":\"https:\\\/\\\/www.visit-montenegro.com\\\/me\\\/destinations\\\/zabljak\\\/attractions\\\/\"},{\"@type\":\"ListItem\",\"position\":5,\"name\":\"Manastir Piva\"}]},{\"@type\":\"WebSite\",\"@id\":\"https:\\\/\\\/www.visit-montenegro.com\\\/me\\\/#website\",\"url\":\"https:\\\/\\\/www.visit-montenegro.com\\\/me\\\/\",\"name\":\"Visit Montenegro\",\"description\":\"Breathtaking beauty\",\"publisher\":{\"@id\":\"https:\\\/\\\/www.visit-montenegro.com\\\/me\\\/#organization\"},\"potentialAction\":[{\"@type\":\"SearchAction\",\"target\":{\"@type\":\"EntryPoint\",\"urlTemplate\":\"https:\\\/\\\/www.visit-montenegro.com\\\/me\\\/?s={search_term_string}\"},\"query-input\":{\"@type\":\"PropertyValueSpecification\",\"valueRequired\":true,\"valueName\":\"search_term_string\"}}],\"inLanguage\":\"sr-Latn-ME\"},{\"@type\":\"Organization\",\"@id\":\"https:\\\/\\\/www.visit-montenegro.com\\\/me\\\/#organization\",\"name\":\"Visit Montenegro\",\"url\":\"https:\\\/\\\/www.visit-montenegro.com\\\/me\\\/\",\"logo\":{\"@type\":\"ImageObject\",\"inLanguage\":\"sr-Latn-ME\",\"@id\":\"https:\\\/\\\/www.visit-montenegro.com\\\/me\\\/#\\\/schema\\\/logo\\\/image\\\/\",\"url\":\"https:\\\/\\\/www.visit-montenegro.com\\\/wp-content\\\/uploads\\\/2017\\\/10\\\/logo-amp.png\",\"contentUrl\":\"https:\\\/\\\/www.visit-montenegro.com\\\/wp-content\\\/uploads\\\/2017\\\/10\\\/logo-amp.png\",\"width\":190,\"height\":36,\"caption\":\"Visit Montenegro\"},\"image\":{\"@id\":\"https:\\\/\\\/www.visit-montenegro.com\\\/me\\\/#\\\/schema\\\/logo\\\/image\\\/\"},\"sameAs\":[\"https:\\\/\\\/www.facebook.com\\\/visitmontenegro\",\"https:\\\/\\\/x.com\\\/visitmontenegro\",\"https:\\\/\\\/www.instagram.com\\\/visit_montenegro\\\/\",\"https:\\\/\\\/www.youtube.com\\\/user\\\/VisitMontenegro\"]}]}<\/script>\n<!-- \/ Yoast SEO plugin. -->","yoast_head_json":{"title":"Manastir Piva - Visit Montenegro","description":"Istra\u017eite istoriju, umjetnost i blago Manastira Piva u Crnoj Gori. Saznajte o njegovom preseljenju i zna\u010daju kao vode\u0107e pravoslavne destinacije za putnike.","robots":{"index":"index","follow":"follow","max-snippet":"max-snippet:-1","max-image-preview":"max-image-preview:large","max-video-preview":"max-video-preview:-1"},"canonical":"https:\/\/www.visit-montenegro.com\/me\/destinacije\/zabljak\/atrakcije\/manastir-piva\/","og_locale":"en_US","og_type":"article","og_title":"Manastir Piva - Visit Montenegro","og_description":"Istra\u017eite istoriju, umjetnost i blago Manastira Piva u Crnoj Gori. Saznajte o njegovom preseljenju i zna\u010daju kao vode\u0107e pravoslavne destinacije za putnike.","og_url":"https:\/\/www.visit-montenegro.com\/me\/destinacije\/zabljak\/atrakcije\/manastir-piva\/","og_site_name":"Visit Montenegro","article_publisher":"https:\/\/www.facebook.com\/visitmontenegro","article_modified_time":"2026-02-24T12:33:04+00:00","og_image":[{"width":1600,"height":1067,"url":"https:\/\/www.visit-montenegro.com\/wp-content\/uploads\/2026\/02\/pluzine-piva-monastery-copy.jpg","type":"image\/jpeg"}],"twitter_card":"summary_large_image","twitter_site":"@visitmontenegro","twitter_misc":{"Est. reading time":"1 minute"},"schema":{"@context":"https:\/\/schema.org","@graph":[{"@type":"WebPage","@id":"https:\/\/www.visit-montenegro.com\/me\/destinacije\/zabljak\/atrakcije\/manastir-piva\/","url":"https:\/\/www.visit-montenegro.com\/me\/destinacije\/zabljak\/atrakcije\/manastir-piva\/","name":"Manastir Piva - Visit Montenegro","isPartOf":{"@id":"https:\/\/www.visit-montenegro.com\/me\/#website"},"primaryImageOfPage":{"@id":"https:\/\/www.visit-montenegro.com\/me\/destinacije\/zabljak\/atrakcije\/manastir-piva\/#primaryimage"},"image":{"@id":"https:\/\/www.visit-montenegro.com\/me\/destinacije\/zabljak\/atrakcije\/manastir-piva\/#primaryimage"},"thumbnailUrl":"https:\/\/www.visit-montenegro.com\/wp-content\/uploads\/2026\/02\/pluzine-piva-monastery-copy.jpg","datePublished":"2026-01-27T20:44:33+00:00","dateModified":"2026-02-24T12:33:04+00:00","description":"Istra\u017eite istoriju, umjetnost i blago Manastira Piva u Crnoj Gori. Saznajte o njegovom preseljenju i zna\u010daju kao vode\u0107e pravoslavne destinacije za putnike.","breadcrumb":{"@id":"https:\/\/www.visit-montenegro.com\/me\/destinacije\/zabljak\/atrakcije\/manastir-piva\/#breadcrumb"},"inLanguage":"sr-Latn-ME","potentialAction":[{"@type":"ReadAction","target":["https:\/\/www.visit-montenegro.com\/me\/destinacije\/zabljak\/atrakcije\/manastir-piva\/"]}]},{"@type":"ImageObject","inLanguage":"sr-Latn-ME","@id":"https:\/\/www.visit-montenegro.com\/me\/destinacije\/zabljak\/atrakcije\/manastir-piva\/#primaryimage","url":"https:\/\/www.visit-montenegro.com\/wp-content\/uploads\/2026\/02\/pluzine-piva-monastery-copy.jpg","contentUrl":"https:\/\/www.visit-montenegro.com\/wp-content\/uploads\/2026\/02\/pluzine-piva-monastery-copy.jpg","width":1600,"height":1067},{"@type":"BreadcrumbList","@id":"https:\/\/www.visit-montenegro.com\/me\/destinacije\/zabljak\/atrakcije\/manastir-piva\/#breadcrumb","itemListElement":[{"@type":"ListItem","position":1,"name":"Home","item":"https:\/\/www.visit-montenegro.com\/me\/pocetna\/"},{"@type":"ListItem","position":2,"name":"Turisti\u010dke destinacije u Crnoj Gori","item":"https:\/\/www.visit-montenegro.com\/me\/destinacije\/"},{"@type":"ListItem","position":3,"name":"\u017dabljak","item":"https:\/\/www.visit-montenegro.com\/me\/destinations\/zabljak\/"},{"@type":"ListItem","position":4,"name":"Zabljak Atrakcije","item":"https:\/\/www.visit-montenegro.com\/me\/destinations\/zabljak\/attractions\/"},{"@type":"ListItem","position":5,"name":"Manastir Piva"}]},{"@type":"WebSite","@id":"https:\/\/www.visit-montenegro.com\/me\/#website","url":"https:\/\/www.visit-montenegro.com\/me\/","name":"Visit Montenegro","description":"Breathtaking beauty","publisher":{"@id":"https:\/\/www.visit-montenegro.com\/me\/#organization"},"potentialAction":[{"@type":"SearchAction","target":{"@type":"EntryPoint","urlTemplate":"https:\/\/www.visit-montenegro.com\/me\/?s={search_term_string}"},"query-input":{"@type":"PropertyValueSpecification","valueRequired":true,"valueName":"search_term_string"}}],"inLanguage":"sr-Latn-ME"},{"@type":"Organization","@id":"https:\/\/www.visit-montenegro.com\/me\/#organization","name":"Visit Montenegro","url":"https:\/\/www.visit-montenegro.com\/me\/","logo":{"@type":"ImageObject","inLanguage":"sr-Latn-ME","@id":"https:\/\/www.visit-montenegro.com\/me\/#\/schema\/logo\/image\/","url":"https:\/\/www.visit-montenegro.com\/wp-content\/uploads\/2017\/10\/logo-amp.png","contentUrl":"https:\/\/www.visit-montenegro.com\/wp-content\/uploads\/2017\/10\/logo-amp.png","width":190,"height":36,"caption":"Visit Montenegro"},"image":{"@id":"https:\/\/www.visit-montenegro.com\/me\/#\/schema\/logo\/image\/"},"sameAs":["https:\/\/www.facebook.com\/visitmontenegro","https:\/\/x.com\/visitmontenegro","https:\/\/www.instagram.com\/visit_montenegro\/","https:\/\/www.youtube.com\/user\/VisitMontenegro"]}]}},"translations":[],"_links":{"self":[{"href":"https:\/\/www.visit-montenegro.com\/me\/wp-json\/wp\/v2\/pages\/134675","targetHints":{"allow":["GET"]}}],"collection":[{"href":"https:\/\/www.visit-montenegro.com\/me\/wp-json\/wp\/v2\/pages"}],"about":[{"href":"https:\/\/www.visit-montenegro.com\/me\/wp-json\/wp\/v2\/types\/page"}],"author":[{"embeddable":true,"href":"https:\/\/www.visit-montenegro.com\/me\/wp-json\/wp\/v2\/users\/1"}],"replies":[{"embeddable":true,"href":"https:\/\/www.visit-montenegro.com\/me\/wp-json\/wp\/v2\/comments?post=134675"}],"version-history":[{"count":0,"href":"https:\/\/www.visit-montenegro.com\/me\/wp-json\/wp\/v2\/pages\/134675\/revisions"}],"up":[{"embeddable":true,"href":"https:\/\/www.visit-montenegro.com\/me\/wp-json\/wp\/v2\/pages\/134627"}],"wp:featuredmedia":[{"embeddable":true,"href":"https:\/\/www.visit-montenegro.com\/me\/wp-json\/wp\/v2\/media\/134676"}],"wp:attachment":[{"href":"https:\/\/www.visit-montenegro.com\/me\/wp-json\/wp\/v2\/media?parent=134675"}],"wp:term":[{"taxonomy":"post_tag","embeddable":true,"href":"https:\/\/www.visit-montenegro.com\/me\/wp-json\/wp\/v2\/tags?post=134675"}],"curies":[{"name":"wp","href":"https:\/\/api.w.org\/{rel}","templated":true}]}}