{"id":134697,"date":"2026-01-27T21:44:33","date_gmt":"2026-01-27T20:44:33","guid":{"rendered":"https:\/\/new.visit-montenegro.com\/priroda\/"},"modified":"2026-02-24T13:33:11","modified_gmt":"2026-02-24T12:33:11","slug":"priroda","status":"publish","type":"page","link":"https:\/\/www.visit-montenegro.com\/me\/destinacije\/kolasin\/info\/priroda\/","title":{"rendered":"Kola\u0161inska priroda"},"content":{"rendered":"\n<p>Kola\u0161inska priroda je zadivljuju\u0107a regija u Crnoj Gori gdje se spajaju dramati\u010dni planinski lanci, duboki rije\u010dni kanjoni i \u010dista jezera, stvaraju\u0107i slikovit i raznolik krajolik idealan za ljubitelje prirode i putnike.<\/p>\n\n<hr class=\"wp-block-separator has-alpha-channel-opacity\" \/>\n\n<h2 class=\"wp-block-heading\">Veli\u010danstvene planine i vrhovi<\/h2>\n\n<p>U podru\u010dju <strong>Kola\u0161inske prirode<\/strong>, susre\u0107u se razli\u010diti oblici reljefa, \u010dine\u0107i ovo podru\u010dje jednim od najslikovitijih i najljep\u0161ih u ovom dijelu Balkanskog poluostrva. Planinski vrhovi Sinjajevine, Bjelasice, Klju\u010da, Kape Mora\u010dke itd., prote\u017eu se preko ovog podru\u010dja. Ove planine obiluju bogatstvom i raznoliko\u0161\u0107u povr\u0161ina, iznad kojih se pojavljuju vrhovi uglavnom iznad 2.000 metara nadmorske visine. Me\u0111u najpoznatijima su Jablanov vrh na planini Sinjajevini (Jablanov vrh \u2013 2.230 metara nadmorske visine), Troglava na Bjelasici (2.075 \u2013 2.230 metara nadmorske visine), Zekova glava na istoj planini (2.116 \u2013 2.230 metara nadmorske visine) i Kapa Mora\u010dka (2.227 \u2013 2.230 metara nadmorske visine).<\/p>\n\n<h2 class=\"wp-block-heading\">Rije\u010dni kanjoni i vodotoci<\/h2>\n\n<p>Rijeke Tara, Mora\u010da i njihovi pritoci, uglavnom kanjonskog tipa, doprinose posebnom bogatstvu <strong>Kola\u0161inske prirode<\/strong>. Njihove karakteristike uklju\u010duju duboko use\u010dene korite i zanimljive rije\u010dne tokove, bogate brzacima i vodopadima. Zaista, ljepota Tare i njenog kanjonskog doline poznata je \u0161irom svijeta. U\u0161\u0107e Mora\u010de nalazi se pod padinama Javorja, a du\u017eina kanjona je preko 35 kilometara, s dubinama na odre\u0111enim mjestima ve\u0107im od 1.000 metara. To je jedna od najpoznatijih prirodnih karakteristika ovog podru\u010dja. Strme i visoke litice uzdi\u017eu se iznad brze i hladne Mora\u010de, \u010dine\u0107i iskustvo putovanja kroz kanjon neopisivo lijepim i jedinstvenim.<\/p>\n\n<p>Od rije\u010dnih kanjona nerealne ljepote, isti\u010de se kanjon rijeke Mrtvice. U du\u017eini od 9 kilometara, pru\u017ea zadovoljstvo malobrojnim ljudima koji ga posjete tokom godine. Obale rijeke su vrlo strme i visoke, a na njima mo\u017eete prona\u0107i brojne endemske biljne vrste \u2013 grmlje karakteristi\u010dno za ovo podru\u010dje. Do nedavno, ovo podru\u010dje je bilo nepoznato i nepristupa\u010dno, a \u010dak i danas, ljudi tamo dolaze niz vrlo malo poznate i jedva prohodne staze.<\/p>\n\n<h2 class=\"wp-block-heading\">Jezera i klima<\/h2>\n\n<p>Na planini Trebjes, na visini od 1.687 metara nadmorske visine, nalaze se Kapetanovo jezero i Brnji\u010dko jezero, kao i neke vrlo lijepe vodene povr\u0161ine.<\/p>\n\n<p><a href=\"https:\/\/www.visit-montenegro.com\/me\/destinacije\/kolasin\/\">Kola\u0161in<\/a> se s pravom smatra klimatskim lje\u010dili\u0161tem. Veliki dio op\u0161tine nalazi se u grani\u010dnoj zoni suptropske i blage klimatske zone. Ovaj me\u0111uklimatski tip ogleda se u relativno su\u0161nim i ne\u0161to kra\u0107im ljetima. U dolini rijeke Mora\u010de, mo\u017eete osjetiti uticaj Mediterana, a klimatske karakteristike ovog podru\u010dja uveliko su uvjetovane visokom nadmorskom visinom zemlje i prisustvom visokih planina koje izoliraju struje s juga. Jesen je ne\u0161to toplija od prolje\u0107a, dok su snje\u017eni pokriva\u010d i izuzetno svje\u017ea, ali rijetko o\u0161tra klima karakteristi\u010dni za kola\u0161inske zime. Na visini od 965 metara nadmorske visine, sve se to spaja u klimatsko lje\u010dili\u0161te koje posje\u0107uju oni koji tra\u017ee oporavak i osvje\u017eenje po savjetu svog ljekara.<\/p>\n\n<h2 class=\"wp-block-heading\">Flora i fauna<\/h2>\n\n<p>Iznad kristalno \u010distih i mirnih jezerskih voda, uzdi\u017ee se preko 80 vrsta \u0161umskog debla vegetacije. U ovoj rezervaciji ki\u0161ne \u0161ume, dominiraju \u0161umske zajednice kleke i bora, subalpske bukve s balkanskim javorom, kao i zajednice graba, seslerije tenuifolije i divljih ru\u017ea. U podru\u010dju nacionalnog parka i planine Bjelasice, na kojoj se nacionalni park dalje \u0161iri, karakteristi\u010dni su gusto\u0107a i raznolikost flore. Na povr\u0161ini koju nacionalni park zauzima i \u010dak dalje, u podru\u010dju Op\u0161tine Kola\u0161in, nalazi se oko 2.000 biljnih vrsta i podvrsta, od kojih je veliki broj endemskih. Od onih za\u0161ti\u0107enih zakonom, imamo Veliku \u017eutu lincuru (Gentiana lutea), Europski trolij (Trolius europeus), Tisu (Taksus baccata), Valerijanu (Valeriana pancicii) i mnoge druge. Od vrsta karakteristi\u010dnih za ovo podru\u010dje, imamo Crnogorski edrijant (Edraianthus jugoslavicus lakusic), Crnogorsku petoprstu biljku (Potentilla montenegrina Pant.) i druge.<\/p>\n\n<p>Kada govorimo o \u017eivotinjskom svijetu nacionalnog parka <a href=\"https:\/\/www.visit-montenegro.com\/me\/destinacije\/kolasin\/atrakcije\/biogradska-gora\/\">Biogradska gora<\/a>, govorimo o prostoru izuzetne ljepote i bogatstva. Od sisara, u nacionalnom parku i \u0161umama planina koje se uzdi\u017eu iznad Kola\u0161ina, mo\u017eete prona\u0107i: mrkog medvjeda, jelena, srnu, jazavca, krticu, kao i brojne vrste \u0161i\u0161mi\u0161a. Preko 200 vrsta ptica, od kojih su mnoge za\u0161ti\u0107ene vrste, registrirano je u nacionalnom parku <a href=\"https:\/\/www.visit-montenegro.com\/me\/destinacije\/kolasin\/atrakcije\/biogradska-gora\/\">Biogradska gora<\/a>. Me\u0111u najpoznatijima su: Zlatni orao (aguila chrysaetus), jastreb, kobac, crni tetrijeb, divlje guske i crvenda\u0107. Postoji nekoliko vrsta riba, koje dominiraju u Biogradskom jezeru: pastrmka, europski glavo\u010d (cottus gobia), mladica (thymulus thymulus) i mladica ili dunavski losos (hucho hucho). U podru\u010dju nacionalnog parka, mogu\u0107e je prona\u0107i izuzetno rijetku ribu sli\u010dnu \u010dovjeku, barsku kornja\u010du, europsku \u017eabu (Hyla arborea) i druge. Za ljubitelje entomologije, \u010dinjenica da se u ovoj rezervaciji mo\u017ee prona\u0107i 80 razli\u010ditih vrsta leptira dovoljno govori.<\/p>\n\n<p><a href=\"https:\/\/www.visit-montenegro.com\/me\/destinacije\/kolasin\/atrakcije\/biogradska-gora\/\">Biogradska gora<\/a> tako\u0111er ima mnogo toga za ponuditi u smislu kulturno-istorijskog naslje\u0111a. Brojni arheolo\u0161ki lokaliteti, uglavnom nekropole, i narodna gradnja dominiraju u kulturi Biogradskog jezera. Me\u0111u njima, u zoni Nacionalnog parka, posebno su poznati Brskovo, Sjerogoste, Macurske grobnice i drugi. Objekti narodne arhitekture kao \u0161to su kolibe, ku\u0107ice i vodenice napravljene od drveta i kamena bit \u0107e zanimljivi za svakog posjetitelja.<\/p>\n","protected":false},"excerpt":{"rendered":"<p>Otkrijte Kola\u0161insku prirodu, zadivljuju\u0107u crnogorsku regiju gdje veli\u010danstvene planine, duboki rije\u010dni kanjoni i \u010dista jezera stvaraju prekrasan krajolik. Istra\u017eite njenu bogatu floru i faunu, uklju\u010duju\u0107i endemske vrste i raznoliku divlja\u010d, savr\u0161eno za ljubitelje prirode i traga\u010de za avanturom.<\/p>\n","protected":false},"author":1,"featured_media":134698,"parent":134724,"menu_order":0,"comment_status":"closed","ping_status":"closed","template":"","meta":{"_yoast_wpseo_focuskw":"Kola\u0161inska priroda","_yoast_wpseo_metadesc":"Istra\u017eite Kola\u0161insku prirodu u Crnoj Gori: veli\u010danstvene planine, duboke kanjone i \u010dista jezera. Otkrijte bogatu floru, faunu i kulturno naslje\u0111e za nezaboravno putovanje.","_kad_post_transparent":"","_kad_post_title":"","_kad_post_layout":"","_kad_post_sidebar_id":"","_kad_post_content_style":"","_kad_post_vertical_padding":"","_kad_post_feature":"","_kad_post_feature_position":"","_kad_post_header":false,"_kad_post_footer":false,"_kad_post_classname":"","iawp_total_views":2,"footnotes":""},"tags":[],"class_list":["post-134697","page","type-page","status-publish","has-post-thumbnail","hentry"],"yoast_head":"<!-- This site is optimized with the Yoast SEO plugin v27.3 - https:\/\/yoast.com\/product\/yoast-seo-wordpress\/ -->\n<title>Kola\u0161inska priroda - Visit Montenegro<\/title>\n<meta name=\"description\" content=\"Istra\u017eite Kola\u0161insku prirodu u Crnoj Gori: veli\u010danstvene planine, duboke kanjone i \u010dista jezera. Otkrijte bogatu floru, faunu i kulturno naslje\u0111e za nezaboravno putovanje.\" \/>\n<meta name=\"robots\" content=\"index, follow, max-snippet:-1, max-image-preview:large, max-video-preview:-1\" \/>\n<link rel=\"canonical\" href=\"https:\/\/www.visit-montenegro.com\/me\/destinacije\/kolasin\/info\/priroda\/\" \/>\n<meta property=\"og:locale\" content=\"en_US\" \/>\n<meta property=\"og:type\" content=\"article\" \/>\n<meta property=\"og:title\" content=\"Kola\u0161inska priroda - Visit Montenegro\" \/>\n<meta property=\"og:description\" content=\"Istra\u017eite Kola\u0161insku prirodu u Crnoj Gori: veli\u010danstvene planine, duboke kanjone i \u010dista jezera. Otkrijte bogatu floru, faunu i kulturno naslje\u0111e za nezaboravno putovanje.\" \/>\n<meta property=\"og:url\" content=\"https:\/\/www.visit-montenegro.com\/me\/destinacije\/kolasin\/info\/priroda\/\" \/>\n<meta property=\"og:site_name\" content=\"Visit Montenegro\" \/>\n<meta property=\"article:publisher\" content=\"https:\/\/www.facebook.com\/visitmontenegro\" \/>\n<meta property=\"article:modified_time\" content=\"2026-02-24T12:33:11+00:00\" \/>\n<meta property=\"og:image\" content=\"https:\/\/www.visit-montenegro.com\/wp-content\/uploads\/2026\/01\/kolasin-bjelasica-peaks-scaled.jpg\" \/>\n\t<meta property=\"og:image:width\" content=\"1600\" \/>\n\t<meta property=\"og:image:height\" content=\"635\" \/>\n\t<meta property=\"og:image:type\" content=\"image\/jpeg\" \/>\n<meta name=\"twitter:card\" content=\"summary_large_image\" \/>\n<meta name=\"twitter:site\" content=\"@visitmontenegro\" \/>\n<meta name=\"twitter:label1\" content=\"Est. reading time\" \/>\n\t<meta name=\"twitter:data1\" content=\"4 minutes\" \/>\n<script type=\"application\/ld+json\" class=\"yoast-schema-graph\">{\"@context\":\"https:\\\/\\\/schema.org\",\"@graph\":[{\"@type\":\"WebPage\",\"@id\":\"https:\\\/\\\/www.visit-montenegro.com\\\/me\\\/destinacije\\\/kolasin\\\/info\\\/priroda\\\/\",\"url\":\"https:\\\/\\\/www.visit-montenegro.com\\\/me\\\/destinacije\\\/kolasin\\\/info\\\/priroda\\\/\",\"name\":\"Kola\u0161inska priroda - Visit Montenegro\",\"isPartOf\":{\"@id\":\"https:\\\/\\\/www.visit-montenegro.com\\\/me\\\/#website\"},\"primaryImageOfPage\":{\"@id\":\"https:\\\/\\\/www.visit-montenegro.com\\\/me\\\/destinacije\\\/kolasin\\\/info\\\/priroda\\\/#primaryimage\"},\"image\":{\"@id\":\"https:\\\/\\\/www.visit-montenegro.com\\\/me\\\/destinacije\\\/kolasin\\\/info\\\/priroda\\\/#primaryimage\"},\"thumbnailUrl\":\"https:\\\/\\\/www.visit-montenegro.com\\\/wp-content\\\/uploads\\\/2026\\\/01\\\/kolasin-bjelasica-peaks-scaled.jpg\",\"datePublished\":\"2026-01-27T20:44:33+00:00\",\"dateModified\":\"2026-02-24T12:33:11+00:00\",\"description\":\"Istra\u017eite Kola\u0161insku prirodu u Crnoj Gori: veli\u010danstvene planine, duboke kanjone i \u010dista jezera. Otkrijte bogatu floru, faunu i kulturno naslje\u0111e za nezaboravno putovanje.\",\"breadcrumb\":{\"@id\":\"https:\\\/\\\/www.visit-montenegro.com\\\/me\\\/destinacije\\\/kolasin\\\/info\\\/priroda\\\/#breadcrumb\"},\"inLanguage\":\"sr-Latn-ME\",\"potentialAction\":[{\"@type\":\"ReadAction\",\"target\":[\"https:\\\/\\\/www.visit-montenegro.com\\\/me\\\/destinacije\\\/kolasin\\\/info\\\/priroda\\\/\"]}]},{\"@type\":\"ImageObject\",\"inLanguage\":\"sr-Latn-ME\",\"@id\":\"https:\\\/\\\/www.visit-montenegro.com\\\/me\\\/destinacije\\\/kolasin\\\/info\\\/priroda\\\/#primaryimage\",\"url\":\"https:\\\/\\\/www.visit-montenegro.com\\\/wp-content\\\/uploads\\\/2026\\\/01\\\/kolasin-bjelasica-peaks-scaled.jpg\",\"contentUrl\":\"https:\\\/\\\/www.visit-montenegro.com\\\/wp-content\\\/uploads\\\/2026\\\/01\\\/kolasin-bjelasica-peaks-scaled.jpg\",\"width\":1600,\"height\":635,\"caption\":\"Panoramski pogled na dolinu u nacionalnom parku \\\"Biogradska Gora\\\" po obla\u010dnom vremenu. Crna Gora. (2)\"},{\"@type\":\"BreadcrumbList\",\"@id\":\"https:\\\/\\\/www.visit-montenegro.com\\\/me\\\/destinacije\\\/kolasin\\\/info\\\/priroda\\\/#breadcrumb\",\"itemListElement\":[{\"@type\":\"ListItem\",\"position\":1,\"name\":\"Home\",\"item\":\"https:\\\/\\\/www.visit-montenegro.com\\\/me\\\/pocetna\\\/\"},{\"@type\":\"ListItem\",\"position\":2,\"name\":\"Turisti\u010dke destinacije u Crnoj Gori\",\"item\":\"https:\\\/\\\/www.visit-montenegro.com\\\/me\\\/destinacije\\\/\"},{\"@type\":\"ListItem\",\"position\":3,\"name\":\"Kola\u0161in\",\"item\":\"https:\\\/\\\/www.visit-montenegro.com\\\/me\\\/destinacije\\\/kolasin\\\/\"},{\"@type\":\"ListItem\",\"position\":4,\"name\":\"Vi\u0161e o Kola\u0161inu\",\"item\":\"https:\\\/\\\/www.visit-montenegro.com\\\/me\\\/destinacije\\\/kolasin\\\/info\\\/\"},{\"@type\":\"ListItem\",\"position\":5,\"name\":\"Kola\u0161inska priroda\"}]},{\"@type\":\"WebSite\",\"@id\":\"https:\\\/\\\/www.visit-montenegro.com\\\/me\\\/#website\",\"url\":\"https:\\\/\\\/www.visit-montenegro.com\\\/me\\\/\",\"name\":\"Visit Montenegro\",\"description\":\"Breathtaking beauty\",\"publisher\":{\"@id\":\"https:\\\/\\\/www.visit-montenegro.com\\\/me\\\/#organization\"},\"potentialAction\":[{\"@type\":\"SearchAction\",\"target\":{\"@type\":\"EntryPoint\",\"urlTemplate\":\"https:\\\/\\\/www.visit-montenegro.com\\\/me\\\/?s={search_term_string}\"},\"query-input\":{\"@type\":\"PropertyValueSpecification\",\"valueRequired\":true,\"valueName\":\"search_term_string\"}}],\"inLanguage\":\"sr-Latn-ME\"},{\"@type\":\"Organization\",\"@id\":\"https:\\\/\\\/www.visit-montenegro.com\\\/me\\\/#organization\",\"name\":\"Visit Montenegro\",\"url\":\"https:\\\/\\\/www.visit-montenegro.com\\\/me\\\/\",\"logo\":{\"@type\":\"ImageObject\",\"inLanguage\":\"sr-Latn-ME\",\"@id\":\"https:\\\/\\\/www.visit-montenegro.com\\\/me\\\/#\\\/schema\\\/logo\\\/image\\\/\",\"url\":\"https:\\\/\\\/www.visit-montenegro.com\\\/wp-content\\\/uploads\\\/2017\\\/10\\\/logo-amp.png\",\"contentUrl\":\"https:\\\/\\\/www.visit-montenegro.com\\\/wp-content\\\/uploads\\\/2017\\\/10\\\/logo-amp.png\",\"width\":190,\"height\":36,\"caption\":\"Visit Montenegro\"},\"image\":{\"@id\":\"https:\\\/\\\/www.visit-montenegro.com\\\/me\\\/#\\\/schema\\\/logo\\\/image\\\/\"},\"sameAs\":[\"https:\\\/\\\/www.facebook.com\\\/visitmontenegro\",\"https:\\\/\\\/x.com\\\/visitmontenegro\",\"https:\\\/\\\/www.instagram.com\\\/visit_montenegro\\\/\",\"https:\\\/\\\/www.youtube.com\\\/user\\\/VisitMontenegro\"]}]}<\/script>\n<!-- \/ Yoast SEO plugin. -->","yoast_head_json":{"title":"Kola\u0161inska priroda - Visit Montenegro","description":"Istra\u017eite Kola\u0161insku prirodu u Crnoj Gori: veli\u010danstvene planine, duboke kanjone i \u010dista jezera. Otkrijte bogatu floru, faunu i kulturno naslje\u0111e za nezaboravno putovanje.","robots":{"index":"index","follow":"follow","max-snippet":"max-snippet:-1","max-image-preview":"max-image-preview:large","max-video-preview":"max-video-preview:-1"},"canonical":"https:\/\/www.visit-montenegro.com\/me\/destinacije\/kolasin\/info\/priroda\/","og_locale":"en_US","og_type":"article","og_title":"Kola\u0161inska priroda - Visit Montenegro","og_description":"Istra\u017eite Kola\u0161insku prirodu u Crnoj Gori: veli\u010danstvene planine, duboke kanjone i \u010dista jezera. Otkrijte bogatu floru, faunu i kulturno naslje\u0111e za nezaboravno putovanje.","og_url":"https:\/\/www.visit-montenegro.com\/me\/destinacije\/kolasin\/info\/priroda\/","og_site_name":"Visit Montenegro","article_publisher":"https:\/\/www.facebook.com\/visitmontenegro","article_modified_time":"2026-02-24T12:33:11+00:00","og_image":[{"width":1600,"height":635,"url":"https:\/\/www.visit-montenegro.com\/wp-content\/uploads\/2026\/01\/kolasin-bjelasica-peaks-scaled.jpg","type":"image\/jpeg"}],"twitter_card":"summary_large_image","twitter_site":"@visitmontenegro","twitter_misc":{"Est. reading time":"4 minutes"},"schema":{"@context":"https:\/\/schema.org","@graph":[{"@type":"WebPage","@id":"https:\/\/www.visit-montenegro.com\/me\/destinacije\/kolasin\/info\/priroda\/","url":"https:\/\/www.visit-montenegro.com\/me\/destinacije\/kolasin\/info\/priroda\/","name":"Kola\u0161inska priroda - Visit Montenegro","isPartOf":{"@id":"https:\/\/www.visit-montenegro.com\/me\/#website"},"primaryImageOfPage":{"@id":"https:\/\/www.visit-montenegro.com\/me\/destinacije\/kolasin\/info\/priroda\/#primaryimage"},"image":{"@id":"https:\/\/www.visit-montenegro.com\/me\/destinacije\/kolasin\/info\/priroda\/#primaryimage"},"thumbnailUrl":"https:\/\/www.visit-montenegro.com\/wp-content\/uploads\/2026\/01\/kolasin-bjelasica-peaks-scaled.jpg","datePublished":"2026-01-27T20:44:33+00:00","dateModified":"2026-02-24T12:33:11+00:00","description":"Istra\u017eite Kola\u0161insku prirodu u Crnoj Gori: veli\u010danstvene planine, duboke kanjone i \u010dista jezera. Otkrijte bogatu floru, faunu i kulturno naslje\u0111e za nezaboravno putovanje.","breadcrumb":{"@id":"https:\/\/www.visit-montenegro.com\/me\/destinacije\/kolasin\/info\/priroda\/#breadcrumb"},"inLanguage":"sr-Latn-ME","potentialAction":[{"@type":"ReadAction","target":["https:\/\/www.visit-montenegro.com\/me\/destinacije\/kolasin\/info\/priroda\/"]}]},{"@type":"ImageObject","inLanguage":"sr-Latn-ME","@id":"https:\/\/www.visit-montenegro.com\/me\/destinacije\/kolasin\/info\/priroda\/#primaryimage","url":"https:\/\/www.visit-montenegro.com\/wp-content\/uploads\/2026\/01\/kolasin-bjelasica-peaks-scaled.jpg","contentUrl":"https:\/\/www.visit-montenegro.com\/wp-content\/uploads\/2026\/01\/kolasin-bjelasica-peaks-scaled.jpg","width":1600,"height":635,"caption":"Panoramski pogled na dolinu u nacionalnom parku \"Biogradska Gora\" po obla\u010dnom vremenu. Crna Gora. (2)"},{"@type":"BreadcrumbList","@id":"https:\/\/www.visit-montenegro.com\/me\/destinacije\/kolasin\/info\/priroda\/#breadcrumb","itemListElement":[{"@type":"ListItem","position":1,"name":"Home","item":"https:\/\/www.visit-montenegro.com\/me\/pocetna\/"},{"@type":"ListItem","position":2,"name":"Turisti\u010dke destinacije u Crnoj Gori","item":"https:\/\/www.visit-montenegro.com\/me\/destinacije\/"},{"@type":"ListItem","position":3,"name":"Kola\u0161in","item":"https:\/\/www.visit-montenegro.com\/me\/destinacije\/kolasin\/"},{"@type":"ListItem","position":4,"name":"Vi\u0161e o Kola\u0161inu","item":"https:\/\/www.visit-montenegro.com\/me\/destinacije\/kolasin\/info\/"},{"@type":"ListItem","position":5,"name":"Kola\u0161inska priroda"}]},{"@type":"WebSite","@id":"https:\/\/www.visit-montenegro.com\/me\/#website","url":"https:\/\/www.visit-montenegro.com\/me\/","name":"Visit Montenegro","description":"Breathtaking beauty","publisher":{"@id":"https:\/\/www.visit-montenegro.com\/me\/#organization"},"potentialAction":[{"@type":"SearchAction","target":{"@type":"EntryPoint","urlTemplate":"https:\/\/www.visit-montenegro.com\/me\/?s={search_term_string}"},"query-input":{"@type":"PropertyValueSpecification","valueRequired":true,"valueName":"search_term_string"}}],"inLanguage":"sr-Latn-ME"},{"@type":"Organization","@id":"https:\/\/www.visit-montenegro.com\/me\/#organization","name":"Visit Montenegro","url":"https:\/\/www.visit-montenegro.com\/me\/","logo":{"@type":"ImageObject","inLanguage":"sr-Latn-ME","@id":"https:\/\/www.visit-montenegro.com\/me\/#\/schema\/logo\/image\/","url":"https:\/\/www.visit-montenegro.com\/wp-content\/uploads\/2017\/10\/logo-amp.png","contentUrl":"https:\/\/www.visit-montenegro.com\/wp-content\/uploads\/2017\/10\/logo-amp.png","width":190,"height":36,"caption":"Visit Montenegro"},"image":{"@id":"https:\/\/www.visit-montenegro.com\/me\/#\/schema\/logo\/image\/"},"sameAs":["https:\/\/www.facebook.com\/visitmontenegro","https:\/\/x.com\/visitmontenegro","https:\/\/www.instagram.com\/visit_montenegro\/","https:\/\/www.youtube.com\/user\/VisitMontenegro"]}]}},"translations":[],"_links":{"self":[{"href":"https:\/\/www.visit-montenegro.com\/me\/wp-json\/wp\/v2\/pages\/134697","targetHints":{"allow":["GET"]}}],"collection":[{"href":"https:\/\/www.visit-montenegro.com\/me\/wp-json\/wp\/v2\/pages"}],"about":[{"href":"https:\/\/www.visit-montenegro.com\/me\/wp-json\/wp\/v2\/types\/page"}],"author":[{"embeddable":true,"href":"https:\/\/www.visit-montenegro.com\/me\/wp-json\/wp\/v2\/users\/1"}],"replies":[{"embeddable":true,"href":"https:\/\/www.visit-montenegro.com\/me\/wp-json\/wp\/v2\/comments?post=134697"}],"version-history":[{"count":0,"href":"https:\/\/www.visit-montenegro.com\/me\/wp-json\/wp\/v2\/pages\/134697\/revisions"}],"up":[{"embeddable":true,"href":"https:\/\/www.visit-montenegro.com\/me\/wp-json\/wp\/v2\/pages\/134724"}],"wp:featuredmedia":[{"embeddable":true,"href":"https:\/\/www.visit-montenegro.com\/me\/wp-json\/wp\/v2\/media\/134698"}],"wp:attachment":[{"href":"https:\/\/www.visit-montenegro.com\/me\/wp-json\/wp\/v2\/media?parent=134697"}],"wp:term":[{"taxonomy":"post_tag","embeddable":true,"href":"https:\/\/www.visit-montenegro.com\/me\/wp-json\/wp\/v2\/tags?post=134697"}],"curies":[{"name":"wp","href":"https:\/\/api.w.org\/{rel}","templated":true}]}}