{"id":134741,"date":"2026-01-27T21:44:33","date_gmt":"2026-01-27T20:44:33","guid":{"rendered":"https:\/\/new.visit-montenegro.com\/manastir-dajbabe\/"},"modified":"2026-02-22T17:05:15","modified_gmt":"2026-02-22T16:05:15","slug":"manastir-dajbabe","status":"publish","type":"page","link":"https:\/\/www.visit-montenegro.com\/me\/destinacije\/podgorica\/atrakcije\/manastir-dajbabe\/","title":{"rendered":"Manastir Dajbabe"},"content":{"rendered":"\n<p>Manastir Dajbabe je jedinstveni pe\u0107inski manastir u blizini Podgorice, Crna Gora, osnovan 1897. godine i posve\u0107en Uspenju Bogorodice, nude\u0107i spoj prirodne i ljudske umetnosti u svom krstolikom dizajnu.<\/p>\n\n<hr class=\"wp-block-separator has-alpha-channel-opacity\"\/>\n\n<h2 class=\"wp-block-heading\">Lokacija i okru\u017eenje<\/h2>\n\n<p>Nedaleko od Podgorice, na putu prema Baru, nalazi se <strong>Manastir Dajbabe<\/strong>. Smje\u0161ten je ispod brda Dajbaba, koje dominantno dominira nad dolinom Zete. Ovo okru\u017eenje pru\u017ea slikovitu pozadinu posjetiocima koji istra\u017euju Crnu Goru.<\/p>\n\n<h2 class=\"wp-block-heading\">Istorija i arhitektura<\/h2>\n\n<p><strong>Manastir Dajbabe<\/strong> je posve\u0107en Uspenju Bogorodice i dobio je ime po selu. Osnovan je 1897. godine. U po\u010detku je samo pe\u0107inski prostor kori\u0161ten za crkvu, ali je kasnije pro\u0161iren u krstoliki dizajn sa kapelama.<\/p>\n\n<figure class=\"wp-block-image size-large\"><img loading=\"lazy\" decoding=\"async\" width=\"1024\" height=\"705\" src=\"https:\/\/www.visit-montenegro.com\/wp-content\/uploads\/2026\/01\/podgorica-monastery-dajbabe-02-1024x705.jpg\" alt=\"\" class=\"wp-image-36177\" srcset=\"https:\/\/www.visit-montenegro.com\/wp-content\/uploads\/2026\/01\/podgorica-monastery-dajbabe-02-1024x705.jpg 1024w, https:\/\/www.visit-montenegro.com\/wp-content\/uploads\/2026\/01\/podgorica-monastery-dajbabe-02-300x207.jpg 300w, https:\/\/www.visit-montenegro.com\/wp-content\/uploads\/2026\/01\/podgorica-monastery-dajbabe-02-768x529.jpg 768w, https:\/\/www.visit-montenegro.com\/wp-content\/uploads\/2026\/01\/podgorica-monastery-dajbabe-02-1536x1058.jpg 1536w, https:\/\/www.visit-montenegro.com\/wp-content\/uploads\/2026\/01\/podgorica-monastery-dajbabe-02-1200x826.jpg 1200w, https:\/\/www.visit-montenegro.com\/wp-content\/uploads\/2026\/01\/podgorica-monastery-dajbabe-02-scaled.jpg 1600w\" sizes=\"auto, (max-width: 1024px) 100vw, 1024px\" \/><figcaption class=\"wp-element-caption\">Crna Gora, Manastir Male Dajbabe. Osnovan 1897. godine, znamenitost<\/figcaption><\/figure>\n\n<p>Jedini vidljivi dio izvan pe\u0107ine je prostrani ulazni trijem sa dva zvonika. \u0160tavi\u0161e, monah za\u0161titnik Simeon Popovi\u0107 je oslikao unutra\u0161njost, prilago\u0111avaju\u0107i slike prirodnim oblicima stijena. Ovaj umetni\u010dki dodatak poja\u010dava duhovnu atmosferu manastira.<\/p>\n\n<h2 class=\"wp-block-heading\">Iskustvo posjetioca<\/h2>\n\n<p>Za posjetioca iz bilo kojeg dijela svijeta, <strong>Manastir Dajbabe<\/strong> \u0107e predstavljati nezaboravno iskustvo. Zaista, to je djelo koje spaja prirodu i \u010dovjeka, jer se crkva nalazi u pe\u0107ini. Ova jedinstvena karakteristika \u010dini ga obavezno mjesto za posjetu u Crnoj Gori.<\/p>\n","protected":false},"excerpt":{"rendered":"<p>Otkrijte Manastir Dajbabe, zadivljuju\u0107i pe\u0107inski manastir u blizini Podgorice, Crna Gora. Osnovan 1897. godine, spaja prirodnu lepotu i ljudsku umetnost u svom krstolikom dizajnu. Do\u017eivite njegovu jedinstvenu istoriju i duhovnu atmosferu za nezaboravan posjet.<\/p>\n","protected":false},"author":1,"featured_media":134742,"parent":134767,"menu_order":0,"comment_status":"closed","ping_status":"closed","template":"","meta":{"_yoast_wpseo_focuskw":"Manastir Dajbabe","_yoast_wpseo_metadesc":"Istra\u017eite Manastir Dajbabe, jedinstveni pe\u0107inski manastir u blizini Podgorice. Otkrijte njegovu istoriju, arhitekturu i duhovni zna\u010daj za nezaboravno putovanje u Crnoj Gori.","_kad_post_transparent":"","_kad_post_title":"","_kad_post_layout":"","_kad_post_sidebar_id":"","_kad_post_content_style":"","_kad_post_vertical_padding":"","_kad_post_feature":"","_kad_post_feature_position":"","_kad_post_header":false,"_kad_post_footer":false,"_kad_post_classname":"","iawp_total_views":37,"footnotes":""},"tags":[],"class_list":["post-134741","page","type-page","status-publish","has-post-thumbnail","hentry"],"yoast_head":"<!-- This site is optimized with the Yoast SEO plugin v27.3 - https:\/\/yoast.com\/product\/yoast-seo-wordpress\/ -->\n<title>Manastir Dajbabe - Visit Montenegro<\/title>\n<meta name=\"description\" content=\"Istra\u017eite Manastir Dajbabe, jedinstveni pe\u0107inski manastir u blizini Podgorice. Otkrijte njegovu istoriju, arhitekturu i duhovni zna\u010daj za nezaboravno putovanje u Crnoj Gori.\" \/>\n<meta name=\"robots\" content=\"index, follow, max-snippet:-1, max-image-preview:large, max-video-preview:-1\" \/>\n<link rel=\"canonical\" href=\"https:\/\/www.visit-montenegro.com\/me\/destinacije\/podgorica\/atrakcije\/manastir-dajbabe\/\" \/>\n<meta property=\"og:locale\" content=\"en_US\" \/>\n<meta property=\"og:type\" content=\"article\" \/>\n<meta property=\"og:title\" content=\"Manastir Dajbabe - Visit Montenegro\" \/>\n<meta property=\"og:description\" content=\"Istra\u017eite Manastir Dajbabe, jedinstveni pe\u0107inski manastir u blizini Podgorice. Otkrijte njegovu istoriju, arhitekturu i duhovni zna\u010daj za nezaboravno putovanje u Crnoj Gori.\" \/>\n<meta property=\"og:url\" content=\"https:\/\/www.visit-montenegro.com\/me\/destinacije\/podgorica\/atrakcije\/manastir-dajbabe\/\" \/>\n<meta property=\"og:site_name\" content=\"Visit Montenegro\" \/>\n<meta property=\"article:publisher\" content=\"https:\/\/www.facebook.com\/visitmontenegro\" \/>\n<meta property=\"article:modified_time\" content=\"2026-02-22T16:05:15+00:00\" \/>\n<meta property=\"og:image\" content=\"https:\/\/www.visit-montenegro.com\/wp-content\/uploads\/2026\/01\/podgorica-monastery-dajbabe-scaled.jpg\" \/>\n\t<meta property=\"og:image:width\" content=\"1600\" \/>\n\t<meta property=\"og:image:height\" content=\"1065\" \/>\n\t<meta property=\"og:image:type\" content=\"image\/jpeg\" \/>\n<meta name=\"twitter:card\" content=\"summary_large_image\" \/>\n<meta name=\"twitter:site\" content=\"@visitmontenegro\" \/>\n<meta name=\"twitter:label1\" content=\"Est. reading time\" \/>\n\t<meta name=\"twitter:data1\" content=\"1 minute\" \/>\n<script type=\"application\/ld+json\" class=\"yoast-schema-graph\">{\"@context\":\"https:\\\/\\\/schema.org\",\"@graph\":[{\"@type\":\"WebPage\",\"@id\":\"https:\\\/\\\/www.visit-montenegro.com\\\/me\\\/destinacije\\\/podgorica\\\/atrakcije\\\/manastir-dajbabe\\\/\",\"url\":\"https:\\\/\\\/www.visit-montenegro.com\\\/me\\\/destinacije\\\/podgorica\\\/atrakcije\\\/manastir-dajbabe\\\/\",\"name\":\"Manastir Dajbabe - Visit Montenegro\",\"isPartOf\":{\"@id\":\"https:\\\/\\\/www.visit-montenegro.com\\\/me\\\/#website\"},\"primaryImageOfPage\":{\"@id\":\"https:\\\/\\\/www.visit-montenegro.com\\\/me\\\/destinacije\\\/podgorica\\\/atrakcije\\\/manastir-dajbabe\\\/#primaryimage\"},\"image\":{\"@id\":\"https:\\\/\\\/www.visit-montenegro.com\\\/me\\\/destinacije\\\/podgorica\\\/atrakcije\\\/manastir-dajbabe\\\/#primaryimage\"},\"thumbnailUrl\":\"https:\\\/\\\/www.visit-montenegro.com\\\/wp-content\\\/uploads\\\/2026\\\/01\\\/podgorica-monastery-dajbabe-scaled.jpg\",\"datePublished\":\"2026-01-27T20:44:33+00:00\",\"dateModified\":\"2026-02-22T16:05:15+00:00\",\"description\":\"Istra\u017eite Manastir Dajbabe, jedinstveni pe\u0107inski manastir u blizini Podgorice. Otkrijte njegovu istoriju, arhitekturu i duhovni zna\u010daj za nezaboravno putovanje u Crnoj Gori.\",\"breadcrumb\":{\"@id\":\"https:\\\/\\\/www.visit-montenegro.com\\\/me\\\/destinacije\\\/podgorica\\\/atrakcije\\\/manastir-dajbabe\\\/#breadcrumb\"},\"inLanguage\":\"sr-Latn-ME\",\"potentialAction\":[{\"@type\":\"ReadAction\",\"target\":[\"https:\\\/\\\/www.visit-montenegro.com\\\/me\\\/destinacije\\\/podgorica\\\/atrakcije\\\/manastir-dajbabe\\\/\"]}]},{\"@type\":\"ImageObject\",\"inLanguage\":\"sr-Latn-ME\",\"@id\":\"https:\\\/\\\/www.visit-montenegro.com\\\/me\\\/destinacije\\\/podgorica\\\/atrakcije\\\/manastir-dajbabe\\\/#primaryimage\",\"url\":\"https:\\\/\\\/www.visit-montenegro.com\\\/wp-content\\\/uploads\\\/2026\\\/01\\\/podgorica-monastery-dajbabe-scaled.jpg\",\"contentUrl\":\"https:\\\/\\\/www.visit-montenegro.com\\\/wp-content\\\/uploads\\\/2026\\\/01\\\/podgorica-monastery-dajbabe-scaled.jpg\",\"width\":1600,\"height\":1065,\"caption\":\"Put do hrama. Pogled na Srpski pravoslavni manastir Dajbabe, crkva se nalazi u pe\u0107ini. Podgorica, Crna Gora\"},{\"@type\":\"BreadcrumbList\",\"@id\":\"https:\\\/\\\/www.visit-montenegro.com\\\/me\\\/destinacije\\\/podgorica\\\/atrakcije\\\/manastir-dajbabe\\\/#breadcrumb\",\"itemListElement\":[{\"@type\":\"ListItem\",\"position\":1,\"name\":\"Home\",\"item\":\"https:\\\/\\\/www.visit-montenegro.com\\\/me\\\/pocetna\\\/\"},{\"@type\":\"ListItem\",\"position\":2,\"name\":\"Turisti\u010dke destinacije u Crnoj Gori\",\"item\":\"https:\\\/\\\/www.visit-montenegro.com\\\/me\\\/destinacije\\\/\"},{\"@type\":\"ListItem\",\"position\":3,\"name\":\"Podgorica\",\"item\":\"https:\\\/\\\/www.visit-montenegro.com\\\/me\\\/destinacije\\\/podgorica\\\/\"},{\"@type\":\"ListItem\",\"position\":4,\"name\":\"Atrakcije Podgorice\",\"item\":\"https:\\\/\\\/www.visit-montenegro.com\\\/me\\\/destinacije\\\/podgorica\\\/atrakcije\\\/\"},{\"@type\":\"ListItem\",\"position\":5,\"name\":\"Manastir Dajbabe\"}]},{\"@type\":\"WebSite\",\"@id\":\"https:\\\/\\\/www.visit-montenegro.com\\\/me\\\/#website\",\"url\":\"https:\\\/\\\/www.visit-montenegro.com\\\/me\\\/\",\"name\":\"Visit Montenegro\",\"description\":\"Breathtaking beauty\",\"publisher\":{\"@id\":\"https:\\\/\\\/www.visit-montenegro.com\\\/me\\\/#organization\"},\"potentialAction\":[{\"@type\":\"SearchAction\",\"target\":{\"@type\":\"EntryPoint\",\"urlTemplate\":\"https:\\\/\\\/www.visit-montenegro.com\\\/me\\\/?s={search_term_string}\"},\"query-input\":{\"@type\":\"PropertyValueSpecification\",\"valueRequired\":true,\"valueName\":\"search_term_string\"}}],\"inLanguage\":\"sr-Latn-ME\"},{\"@type\":\"Organization\",\"@id\":\"https:\\\/\\\/www.visit-montenegro.com\\\/me\\\/#organization\",\"name\":\"Visit Montenegro\",\"url\":\"https:\\\/\\\/www.visit-montenegro.com\\\/me\\\/\",\"logo\":{\"@type\":\"ImageObject\",\"inLanguage\":\"sr-Latn-ME\",\"@id\":\"https:\\\/\\\/www.visit-montenegro.com\\\/me\\\/#\\\/schema\\\/logo\\\/image\\\/\",\"url\":\"https:\\\/\\\/www.visit-montenegro.com\\\/wp-content\\\/uploads\\\/2017\\\/10\\\/logo-amp.png\",\"contentUrl\":\"https:\\\/\\\/www.visit-montenegro.com\\\/wp-content\\\/uploads\\\/2017\\\/10\\\/logo-amp.png\",\"width\":190,\"height\":36,\"caption\":\"Visit Montenegro\"},\"image\":{\"@id\":\"https:\\\/\\\/www.visit-montenegro.com\\\/me\\\/#\\\/schema\\\/logo\\\/image\\\/\"},\"sameAs\":[\"https:\\\/\\\/www.facebook.com\\\/visitmontenegro\",\"https:\\\/\\\/x.com\\\/visitmontenegro\",\"https:\\\/\\\/www.instagram.com\\\/visit_montenegro\\\/\",\"https:\\\/\\\/www.youtube.com\\\/user\\\/VisitMontenegro\"]}]}<\/script>\n<!-- \/ Yoast SEO plugin. -->","yoast_head_json":{"title":"Manastir Dajbabe - Visit Montenegro","description":"Istra\u017eite Manastir Dajbabe, jedinstveni pe\u0107inski manastir u blizini Podgorice. Otkrijte njegovu istoriju, arhitekturu i duhovni zna\u010daj za nezaboravno putovanje u Crnoj Gori.","robots":{"index":"index","follow":"follow","max-snippet":"max-snippet:-1","max-image-preview":"max-image-preview:large","max-video-preview":"max-video-preview:-1"},"canonical":"https:\/\/www.visit-montenegro.com\/me\/destinacije\/podgorica\/atrakcije\/manastir-dajbabe\/","og_locale":"en_US","og_type":"article","og_title":"Manastir Dajbabe - Visit Montenegro","og_description":"Istra\u017eite Manastir Dajbabe, jedinstveni pe\u0107inski manastir u blizini Podgorice. Otkrijte njegovu istoriju, arhitekturu i duhovni zna\u010daj za nezaboravno putovanje u Crnoj Gori.","og_url":"https:\/\/www.visit-montenegro.com\/me\/destinacije\/podgorica\/atrakcije\/manastir-dajbabe\/","og_site_name":"Visit Montenegro","article_publisher":"https:\/\/www.facebook.com\/visitmontenegro","article_modified_time":"2026-02-22T16:05:15+00:00","og_image":[{"width":1600,"height":1065,"url":"https:\/\/www.visit-montenegro.com\/wp-content\/uploads\/2026\/01\/podgorica-monastery-dajbabe-scaled.jpg","type":"image\/jpeg"}],"twitter_card":"summary_large_image","twitter_site":"@visitmontenegro","twitter_misc":{"Est. reading time":"1 minute"},"schema":{"@context":"https:\/\/schema.org","@graph":[{"@type":"WebPage","@id":"https:\/\/www.visit-montenegro.com\/me\/destinacije\/podgorica\/atrakcije\/manastir-dajbabe\/","url":"https:\/\/www.visit-montenegro.com\/me\/destinacije\/podgorica\/atrakcije\/manastir-dajbabe\/","name":"Manastir Dajbabe - Visit Montenegro","isPartOf":{"@id":"https:\/\/www.visit-montenegro.com\/me\/#website"},"primaryImageOfPage":{"@id":"https:\/\/www.visit-montenegro.com\/me\/destinacije\/podgorica\/atrakcije\/manastir-dajbabe\/#primaryimage"},"image":{"@id":"https:\/\/www.visit-montenegro.com\/me\/destinacije\/podgorica\/atrakcije\/manastir-dajbabe\/#primaryimage"},"thumbnailUrl":"https:\/\/www.visit-montenegro.com\/wp-content\/uploads\/2026\/01\/podgorica-monastery-dajbabe-scaled.jpg","datePublished":"2026-01-27T20:44:33+00:00","dateModified":"2026-02-22T16:05:15+00:00","description":"Istra\u017eite Manastir Dajbabe, jedinstveni pe\u0107inski manastir u blizini Podgorice. Otkrijte njegovu istoriju, arhitekturu i duhovni zna\u010daj za nezaboravno putovanje u Crnoj Gori.","breadcrumb":{"@id":"https:\/\/www.visit-montenegro.com\/me\/destinacije\/podgorica\/atrakcije\/manastir-dajbabe\/#breadcrumb"},"inLanguage":"sr-Latn-ME","potentialAction":[{"@type":"ReadAction","target":["https:\/\/www.visit-montenegro.com\/me\/destinacije\/podgorica\/atrakcije\/manastir-dajbabe\/"]}]},{"@type":"ImageObject","inLanguage":"sr-Latn-ME","@id":"https:\/\/www.visit-montenegro.com\/me\/destinacije\/podgorica\/atrakcije\/manastir-dajbabe\/#primaryimage","url":"https:\/\/www.visit-montenegro.com\/wp-content\/uploads\/2026\/01\/podgorica-monastery-dajbabe-scaled.jpg","contentUrl":"https:\/\/www.visit-montenegro.com\/wp-content\/uploads\/2026\/01\/podgorica-monastery-dajbabe-scaled.jpg","width":1600,"height":1065,"caption":"Put do hrama. Pogled na Srpski pravoslavni manastir Dajbabe, crkva se nalazi u pe\u0107ini. Podgorica, Crna Gora"},{"@type":"BreadcrumbList","@id":"https:\/\/www.visit-montenegro.com\/me\/destinacije\/podgorica\/atrakcije\/manastir-dajbabe\/#breadcrumb","itemListElement":[{"@type":"ListItem","position":1,"name":"Home","item":"https:\/\/www.visit-montenegro.com\/me\/pocetna\/"},{"@type":"ListItem","position":2,"name":"Turisti\u010dke destinacije u Crnoj Gori","item":"https:\/\/www.visit-montenegro.com\/me\/destinacije\/"},{"@type":"ListItem","position":3,"name":"Podgorica","item":"https:\/\/www.visit-montenegro.com\/me\/destinacije\/podgorica\/"},{"@type":"ListItem","position":4,"name":"Atrakcije Podgorice","item":"https:\/\/www.visit-montenegro.com\/me\/destinacije\/podgorica\/atrakcije\/"},{"@type":"ListItem","position":5,"name":"Manastir Dajbabe"}]},{"@type":"WebSite","@id":"https:\/\/www.visit-montenegro.com\/me\/#website","url":"https:\/\/www.visit-montenegro.com\/me\/","name":"Visit Montenegro","description":"Breathtaking beauty","publisher":{"@id":"https:\/\/www.visit-montenegro.com\/me\/#organization"},"potentialAction":[{"@type":"SearchAction","target":{"@type":"EntryPoint","urlTemplate":"https:\/\/www.visit-montenegro.com\/me\/?s={search_term_string}"},"query-input":{"@type":"PropertyValueSpecification","valueRequired":true,"valueName":"search_term_string"}}],"inLanguage":"sr-Latn-ME"},{"@type":"Organization","@id":"https:\/\/www.visit-montenegro.com\/me\/#organization","name":"Visit Montenegro","url":"https:\/\/www.visit-montenegro.com\/me\/","logo":{"@type":"ImageObject","inLanguage":"sr-Latn-ME","@id":"https:\/\/www.visit-montenegro.com\/me\/#\/schema\/logo\/image\/","url":"https:\/\/www.visit-montenegro.com\/wp-content\/uploads\/2017\/10\/logo-amp.png","contentUrl":"https:\/\/www.visit-montenegro.com\/wp-content\/uploads\/2017\/10\/logo-amp.png","width":190,"height":36,"caption":"Visit Montenegro"},"image":{"@id":"https:\/\/www.visit-montenegro.com\/me\/#\/schema\/logo\/image\/"},"sameAs":["https:\/\/www.facebook.com\/visitmontenegro","https:\/\/x.com\/visitmontenegro","https:\/\/www.instagram.com\/visit_montenegro\/","https:\/\/www.youtube.com\/user\/VisitMontenegro"]}]}},"translations":[],"_links":{"self":[{"href":"https:\/\/www.visit-montenegro.com\/me\/wp-json\/wp\/v2\/pages\/134741","targetHints":{"allow":["GET"]}}],"collection":[{"href":"https:\/\/www.visit-montenegro.com\/me\/wp-json\/wp\/v2\/pages"}],"about":[{"href":"https:\/\/www.visit-montenegro.com\/me\/wp-json\/wp\/v2\/types\/page"}],"author":[{"embeddable":true,"href":"https:\/\/www.visit-montenegro.com\/me\/wp-json\/wp\/v2\/users\/1"}],"replies":[{"embeddable":true,"href":"https:\/\/www.visit-montenegro.com\/me\/wp-json\/wp\/v2\/comments?post=134741"}],"version-history":[{"count":0,"href":"https:\/\/www.visit-montenegro.com\/me\/wp-json\/wp\/v2\/pages\/134741\/revisions"}],"up":[{"embeddable":true,"href":"https:\/\/www.visit-montenegro.com\/me\/wp-json\/wp\/v2\/pages\/134767"}],"wp:featuredmedia":[{"embeddable":true,"href":"https:\/\/www.visit-montenegro.com\/me\/wp-json\/wp\/v2\/media\/134742"}],"wp:attachment":[{"href":"https:\/\/www.visit-montenegro.com\/me\/wp-json\/wp\/v2\/media?parent=134741"}],"wp:term":[{"taxonomy":"post_tag","embeddable":true,"href":"https:\/\/www.visit-montenegro.com\/me\/wp-json\/wp\/v2\/tags?post=134741"}],"curies":[{"name":"wp","href":"https:\/\/api.w.org\/{rel}","templated":true}]}}