{"id":134759,"date":"2026-01-27T21:44:33","date_gmt":"2026-01-27T20:44:33","guid":{"rendered":"https:\/\/new.visit-montenegro.com\/destinacije\/podgorica\/"},"modified":"2026-02-22T17:05:14","modified_gmt":"2026-02-22T16:05:14","slug":"podgorica","status":"publish","type":"page","link":"https:\/\/www.visit-montenegro.com\/me\/destinacije\/podgorica\/","title":{"rendered":"Podgorica"},"content":{"rendered":"\n<p>Podgorica, prijestolnica Crne Gore, je moderan grad izgra\u0111en me\u0111u pet rijeka nakon razaranja u Drugom svjetskom ratu, koji nudi kulturne doga\u0111aje, zelene povr\u0161ine i odli\u010dne veze sa prevozom, sa obli\u017enjim Skadarskim jezerom kao klju\u010dnom prirodnom atrakcijom.<\/p>\n\n<hr class=\"wp-block-separator has-alpha-channel-opacity\"\/>\n\n<h2 class=\"wp-block-heading\">Podgorica: Moderan grad sa bogatom istorijom i kulturom<\/h2>\n\n<p>Ime <strong>Podgorica<\/strong> poti\u010de iz 1326. godine, a grad je izgra\u0111en me\u0111u pet rijeka: Zeta, Mora\u010da, Ribnica, <a href=\"https:\/\/www.visit-montenegro.com\/me\/destinacije\/podgorica\/atrakcije\/cijevna\/\">Cijevna<\/a> i Sitnica. Ve\u0107i dio grada je uni\u0161ten tokom Drugog svjetskog rata, pa je <strong>Podgorica<\/strong> relativno nov grad, sa modernim zgradama na svakom koraku, zajedno sa zelenim povr\u0161inama i parkovima. Kao rezultat, <strong>Podgorica<\/strong> je doma\u0107in brojnih kulturnih doga\u0111aja i ima mnogo pozori\u0161ta, kao \u0161to su Crnogorsko Narodno, Gradsko i Dodest.<\/p>\n\n<p>Dalje kulturne i istorijske spomenike u i oko <strong>Podgorice<\/strong> uklju\u010duju Sahat-kulu Ad\u017ei-pa\u0161e Osmanagi\u0107a, ru\u0161evine Nemanji\u0107a Grada, ostatke grada Duklje, Staru Varo\u0161 i Vezirov. \u0160tavi\u0161e, <strong>Podgorica<\/strong> ima odli\u010dne veze sa drugim centrima, \u0161to je \u010dini lako dostupnom za posjetioce.<\/p>\n\n<figure class=\"wp-block-image size-large\"><img loading=\"lazy\" decoding=\"async\" width=\"1024\" height=\"694\" src=\"https:\/\/www.visit-montenegro.com\/wp-content\/uploads\/2026\/01\/podgorica-sahat-kula-1024x694.jpg\" alt=\"\" class=\"wp-image-36187\" srcset=\"https:\/\/www.visit-montenegro.com\/wp-content\/uploads\/2026\/01\/podgorica-sahat-kula-1024x694.jpg 1024w, https:\/\/www.visit-montenegro.com\/wp-content\/uploads\/2026\/01\/podgorica-sahat-kula-300x203.jpg 300w, https:\/\/www.visit-montenegro.com\/wp-content\/uploads\/2026\/01\/podgorica-sahat-kula-768x520.jpg 768w, https:\/\/www.visit-montenegro.com\/wp-content\/uploads\/2026\/01\/podgorica-sahat-kula-1536x1041.jpg 1536w, https:\/\/www.visit-montenegro.com\/wp-content\/uploads\/2026\/01\/podgorica-sahat-kula-1200x813.jpg 1200w, https:\/\/www.visit-montenegro.com\/wp-content\/uploads\/2026\/01\/podgorica-sahat-kula-scaled.jpg 1600w\" sizes=\"auto, (max-width: 1024px) 100vw, 1024px\" \/><figcaption class=\"wp-element-caption\">Sahat Kula, Podgorica<\/figcaption><\/figure>\n\n<h3 class=\"wp-block-heading\">Prevoz i pristupa\u010dnost<\/h3>\n\n<p>Na devet kilometara od grada nalazi se Me\u0111unarodni aerodrom, sa \u017eeljezni\u010dkom i autobusnom stanicom blizu jedna drugoj, osiguravaju\u0107i prikladne opcije putovanja.<\/p>\n\n<h3 class=\"wp-block-heading\">Prirodne atrakcije: Skadarsko jezero<\/h3>\n\n<p>Za turiste, najzanimljiviji dio op\u0161tine <strong>Podgorica<\/strong> je Nacionalni park Skadarsko jezero, najve\u0107e jezero na Balkanu, sa izvanrednim brojem ptica i biljaka, od kojih su neke vrlo rijetke.<\/p>\n\n<hr class=\"wp-block-separator has-alpha-channel-opacity\"\/>\n\n<div class=\"wp-block-columns is-layout-flex wp-container-core-columns-is-layout-9d6595d7 wp-block-columns-is-layout-flex\">\n<div class=\"wp-block-column is-layout-flow wp-block-column-is-layout-flow\">\n<div class=\"wp-block-group\"><div class=\"wp-block-group__inner-container is-layout-constrained wp-block-group-is-layout-constrained\">\n<h3 class=\"wp-block-heading\">Otkrijte skrivene dragulje Podgorice<\/h3>\n\n\n\n<p>Istra\u017eite najikoni\u010dnije znamenitosti, istorijske lokacije i mjesta koja morate vidjeti, a koja \u010dine ovu destinaciju jedinstvenom.<\/p>\n\n\n\n<div class=\"wp-block-buttons is-layout-flex wp-block-buttons-is-layout-flex\">\n<div class=\"wp-block-button\"><a class=\"wp-block-button__link wp-element-button\" href=\"https:\/\/www.visit-montenegro.com\/destinations\/podgorica\/attractions\/\">Atrakcije Podgorice<\/a><\/div>\n<\/div>\n<\/div><\/div>\n<\/div>\n\n\n\n<div class=\"wp-block-column is-layout-flow wp-block-column-is-layout-flow\">\n<div class=\"wp-block-group\"><div class=\"wp-block-group__inner-container is-layout-constrained wp-block-group-is-layout-constrained\">\n<h3 class=\"wp-block-heading\">Saznajte vi\u0161e o Podgorici<\/h3>\n\n\n\n<p>Zaronite dublje u lokalnu kulturu, istoriju i prakti\u010dne savjete za putovanje kako biste se pripremili za svoje predstoje\u0107e putovanje.<\/p>\n<\/div><\/div>\n\n\n\n<div class=\"wp-block-buttons is-layout-flex wp-block-buttons-is-layout-flex\">\n<div class=\"wp-block-button\"><a class=\"wp-block-button__link wp-element-button\" href=\"https:\/\/www.visit-montenegro.com\/me\/destinacije\/podgorica\/info\/\">Vi\u0161e o Podgorici<\/a><\/div>\n<\/div>\n<\/div>\n<\/div>\n","protected":false},"excerpt":{"rendered":"<p>Otkrijte Podgoricu, prijestolnicu Crne Gore, moderan grad obnovljen nakon Drugog svjetskog rata sa bogatim kulturnim lokacijama, zelenim povr\u0161inama i lakim prevozom. Istra\u017eite obli\u017enje Skadarsko jezero, prirodno \u010dudo prepuno rijetkih \u017eivotinjskih vrsta, savr\u0161eno za ljubitelje prirode i istorijskih zanimljivosti.<\/p>\n","protected":false},"author":1,"featured_media":134610,"parent":134092,"menu_order":0,"comment_status":"closed","ping_status":"closed","template":"","meta":{"_yoast_wpseo_focuskw":"Podgorica","_yoast_wpseo_metadesc":"Istra\u017eite Podgoricu, \u017eivopisnu prijestolnicu Crne Gore: moderna arhitektura, kulturni doga\u0111aji i prirodna ljepota Skadarskog jezera. Planirajte svoj put uz na\u0161 vodi\u010d kroz atrakcije i istoriju.","_kad_post_transparent":"","_kad_post_title":"","_kad_post_layout":"","_kad_post_sidebar_id":"","_kad_post_content_style":"","_kad_post_vertical_padding":"","_kad_post_feature":"","_kad_post_feature_position":"","_kad_post_header":false,"_kad_post_footer":false,"_kad_post_classname":"","iawp_total_views":53,"footnotes":""},"tags":[2296,594],"class_list":["post-134759","page","type-page","status-publish","has-post-thumbnail","hentry","tag-central-destination","tag-destination"],"yoast_head":"<!-- This site is optimized with the Yoast SEO plugin v27.3 - https:\/\/yoast.com\/product\/yoast-seo-wordpress\/ -->\n<title>Podgorica - Visit Montenegro<\/title>\n<meta name=\"description\" content=\"Istra\u017eite Podgoricu, \u017eivopisnu prijestolnicu Crne Gore: moderna arhitektura, kulturni doga\u0111aji i prirodna ljepota Skadarskog jezera. Planirajte svoj put uz na\u0161 vodi\u010d kroz atrakcije i istoriju.\" \/>\n<meta name=\"robots\" content=\"index, follow, max-snippet:-1, max-image-preview:large, max-video-preview:-1\" \/>\n<link rel=\"canonical\" href=\"https:\/\/www.visit-montenegro.com\/me\/destinacije\/podgorica\/\" \/>\n<meta property=\"og:locale\" content=\"en_US\" \/>\n<meta property=\"og:type\" content=\"article\" \/>\n<meta property=\"og:title\" content=\"Podgorica - Visit Montenegro\" \/>\n<meta property=\"og:description\" content=\"Istra\u017eite Podgoricu, \u017eivopisnu prijestolnicu Crne Gore: moderna arhitektura, kulturni doga\u0111aji i prirodna ljepota Skadarskog jezera. Planirajte svoj put uz na\u0161 vodi\u010d kroz atrakcije i istoriju.\" \/>\n<meta property=\"og:url\" content=\"https:\/\/www.visit-montenegro.com\/me\/destinacije\/podgorica\/\" \/>\n<meta property=\"og:site_name\" content=\"Visit Montenegro\" \/>\n<meta property=\"article:publisher\" content=\"https:\/\/www.facebook.com\/visitmontenegro\" \/>\n<meta property=\"article:modified_time\" content=\"2026-02-22T16:05:14+00:00\" \/>\n<meta property=\"og:image\" content=\"https:\/\/www.visit-montenegro.com\/wp-content\/uploads\/2026\/01\/podgorica-milenium-bridge-scaled.jpg\" \/>\n\t<meta property=\"og:image:width\" content=\"1600\" \/>\n\t<meta property=\"og:image:height\" content=\"1067\" \/>\n\t<meta property=\"og:image:type\" content=\"image\/jpeg\" \/>\n<meta name=\"twitter:card\" content=\"summary_large_image\" \/>\n<meta name=\"twitter:site\" content=\"@visitmontenegro\" \/>\n<meta name=\"twitter:label1\" content=\"Est. reading time\" \/>\n\t<meta name=\"twitter:data1\" content=\"1 minute\" \/>\n<script type=\"application\/ld+json\" class=\"yoast-schema-graph\">{\"@context\":\"https:\\\/\\\/schema.org\",\"@graph\":[{\"@type\":\"WebPage\",\"@id\":\"https:\\\/\\\/www.visit-montenegro.com\\\/me\\\/destinacije\\\/podgorica\\\/\",\"url\":\"https:\\\/\\\/www.visit-montenegro.com\\\/me\\\/destinacije\\\/podgorica\\\/\",\"name\":\"Podgorica - Visit Montenegro\",\"isPartOf\":{\"@id\":\"https:\\\/\\\/www.visit-montenegro.com\\\/me\\\/#website\"},\"primaryImageOfPage\":{\"@id\":\"https:\\\/\\\/www.visit-montenegro.com\\\/me\\\/destinacije\\\/podgorica\\\/#primaryimage\"},\"image\":{\"@id\":\"https:\\\/\\\/www.visit-montenegro.com\\\/me\\\/destinacije\\\/podgorica\\\/#primaryimage\"},\"thumbnailUrl\":\"https:\\\/\\\/www.visit-montenegro.com\\\/wp-content\\\/uploads\\\/2026\\\/01\\\/podgorica-milenium-bridge-scaled.jpg\",\"datePublished\":\"2026-01-27T20:44:33+00:00\",\"dateModified\":\"2026-02-22T16:05:14+00:00\",\"description\":\"Istra\u017eite Podgoricu, \u017eivopisnu prijestolnicu Crne Gore: moderna arhitektura, kulturni doga\u0111aji i prirodna ljepota Skadarskog jezera. Planirajte svoj put uz na\u0161 vodi\u010d kroz atrakcije i istoriju.\",\"breadcrumb\":{\"@id\":\"https:\\\/\\\/www.visit-montenegro.com\\\/me\\\/destinacije\\\/podgorica\\\/#breadcrumb\"},\"inLanguage\":\"sr-Latn-ME\",\"potentialAction\":[{\"@type\":\"ReadAction\",\"target\":[\"https:\\\/\\\/www.visit-montenegro.com\\\/me\\\/destinacije\\\/podgorica\\\/\"]}]},{\"@type\":\"ImageObject\",\"inLanguage\":\"sr-Latn-ME\",\"@id\":\"https:\\\/\\\/www.visit-montenegro.com\\\/me\\\/destinacije\\\/podgorica\\\/#primaryimage\",\"url\":\"https:\\\/\\\/www.visit-montenegro.com\\\/wp-content\\\/uploads\\\/2026\\\/01\\\/podgorica-milenium-bridge-scaled.jpg\",\"contentUrl\":\"https:\\\/\\\/www.visit-montenegro.com\\\/wp-content\\\/uploads\\\/2026\\\/01\\\/podgorica-milenium-bridge-scaled.jpg\",\"width\":1600,\"height\":1067,\"caption\":\"Mileni\u0458umski most preko rijeke Mora\u010de u Podgorici, Crna Gora\"},{\"@type\":\"BreadcrumbList\",\"@id\":\"https:\\\/\\\/www.visit-montenegro.com\\\/me\\\/destinacije\\\/podgorica\\\/#breadcrumb\",\"itemListElement\":[{\"@type\":\"ListItem\",\"position\":1,\"name\":\"Home\",\"item\":\"https:\\\/\\\/www.visit-montenegro.com\\\/me\\\/pocetna\\\/\"},{\"@type\":\"ListItem\",\"position\":2,\"name\":\"Turisti\u010dke destinacije u Crnoj Gori\",\"item\":\"https:\\\/\\\/www.visit-montenegro.com\\\/me\\\/destinacije\\\/\"},{\"@type\":\"ListItem\",\"position\":3,\"name\":\"Podgorica\"}]},{\"@type\":\"WebSite\",\"@id\":\"https:\\\/\\\/www.visit-montenegro.com\\\/me\\\/#website\",\"url\":\"https:\\\/\\\/www.visit-montenegro.com\\\/me\\\/\",\"name\":\"Visit Montenegro\",\"description\":\"Breathtaking beauty\",\"publisher\":{\"@id\":\"https:\\\/\\\/www.visit-montenegro.com\\\/me\\\/#organization\"},\"potentialAction\":[{\"@type\":\"SearchAction\",\"target\":{\"@type\":\"EntryPoint\",\"urlTemplate\":\"https:\\\/\\\/www.visit-montenegro.com\\\/me\\\/?s={search_term_string}\"},\"query-input\":{\"@type\":\"PropertyValueSpecification\",\"valueRequired\":true,\"valueName\":\"search_term_string\"}}],\"inLanguage\":\"sr-Latn-ME\"},{\"@type\":\"Organization\",\"@id\":\"https:\\\/\\\/www.visit-montenegro.com\\\/me\\\/#organization\",\"name\":\"Visit Montenegro\",\"url\":\"https:\\\/\\\/www.visit-montenegro.com\\\/me\\\/\",\"logo\":{\"@type\":\"ImageObject\",\"inLanguage\":\"sr-Latn-ME\",\"@id\":\"https:\\\/\\\/www.visit-montenegro.com\\\/me\\\/#\\\/schema\\\/logo\\\/image\\\/\",\"url\":\"https:\\\/\\\/www.visit-montenegro.com\\\/wp-content\\\/uploads\\\/2017\\\/10\\\/logo-amp.png\",\"contentUrl\":\"https:\\\/\\\/www.visit-montenegro.com\\\/wp-content\\\/uploads\\\/2017\\\/10\\\/logo-amp.png\",\"width\":190,\"height\":36,\"caption\":\"Visit Montenegro\"},\"image\":{\"@id\":\"https:\\\/\\\/www.visit-montenegro.com\\\/me\\\/#\\\/schema\\\/logo\\\/image\\\/\"},\"sameAs\":[\"https:\\\/\\\/www.facebook.com\\\/visitmontenegro\",\"https:\\\/\\\/x.com\\\/visitmontenegro\",\"https:\\\/\\\/www.instagram.com\\\/visit_montenegro\\\/\",\"https:\\\/\\\/www.youtube.com\\\/user\\\/VisitMontenegro\"]}]}<\/script>\n<!-- \/ Yoast SEO plugin. -->","yoast_head_json":{"title":"Podgorica - Visit Montenegro","description":"Istra\u017eite Podgoricu, \u017eivopisnu prijestolnicu Crne Gore: moderna arhitektura, kulturni doga\u0111aji i prirodna ljepota Skadarskog jezera. Planirajte svoj put uz na\u0161 vodi\u010d kroz atrakcije i istoriju.","robots":{"index":"index","follow":"follow","max-snippet":"max-snippet:-1","max-image-preview":"max-image-preview:large","max-video-preview":"max-video-preview:-1"},"canonical":"https:\/\/www.visit-montenegro.com\/me\/destinacije\/podgorica\/","og_locale":"en_US","og_type":"article","og_title":"Podgorica - Visit Montenegro","og_description":"Istra\u017eite Podgoricu, \u017eivopisnu prijestolnicu Crne Gore: moderna arhitektura, kulturni doga\u0111aji i prirodna ljepota Skadarskog jezera. Planirajte svoj put uz na\u0161 vodi\u010d kroz atrakcije i istoriju.","og_url":"https:\/\/www.visit-montenegro.com\/me\/destinacije\/podgorica\/","og_site_name":"Visit Montenegro","article_publisher":"https:\/\/www.facebook.com\/visitmontenegro","article_modified_time":"2026-02-22T16:05:14+00:00","og_image":[{"width":1600,"height":1067,"url":"https:\/\/www.visit-montenegro.com\/wp-content\/uploads\/2026\/01\/podgorica-milenium-bridge-scaled.jpg","type":"image\/jpeg"}],"twitter_card":"summary_large_image","twitter_site":"@visitmontenegro","twitter_misc":{"Est. reading time":"1 minute"},"schema":{"@context":"https:\/\/schema.org","@graph":[{"@type":"WebPage","@id":"https:\/\/www.visit-montenegro.com\/me\/destinacije\/podgorica\/","url":"https:\/\/www.visit-montenegro.com\/me\/destinacije\/podgorica\/","name":"Podgorica - Visit Montenegro","isPartOf":{"@id":"https:\/\/www.visit-montenegro.com\/me\/#website"},"primaryImageOfPage":{"@id":"https:\/\/www.visit-montenegro.com\/me\/destinacije\/podgorica\/#primaryimage"},"image":{"@id":"https:\/\/www.visit-montenegro.com\/me\/destinacije\/podgorica\/#primaryimage"},"thumbnailUrl":"https:\/\/www.visit-montenegro.com\/wp-content\/uploads\/2026\/01\/podgorica-milenium-bridge-scaled.jpg","datePublished":"2026-01-27T20:44:33+00:00","dateModified":"2026-02-22T16:05:14+00:00","description":"Istra\u017eite Podgoricu, \u017eivopisnu prijestolnicu Crne Gore: moderna arhitektura, kulturni doga\u0111aji i prirodna ljepota Skadarskog jezera. Planirajte svoj put uz na\u0161 vodi\u010d kroz atrakcije i istoriju.","breadcrumb":{"@id":"https:\/\/www.visit-montenegro.com\/me\/destinacije\/podgorica\/#breadcrumb"},"inLanguage":"sr-Latn-ME","potentialAction":[{"@type":"ReadAction","target":["https:\/\/www.visit-montenegro.com\/me\/destinacije\/podgorica\/"]}]},{"@type":"ImageObject","inLanguage":"sr-Latn-ME","@id":"https:\/\/www.visit-montenegro.com\/me\/destinacije\/podgorica\/#primaryimage","url":"https:\/\/www.visit-montenegro.com\/wp-content\/uploads\/2026\/01\/podgorica-milenium-bridge-scaled.jpg","contentUrl":"https:\/\/www.visit-montenegro.com\/wp-content\/uploads\/2026\/01\/podgorica-milenium-bridge-scaled.jpg","width":1600,"height":1067,"caption":"Mileni\u0458umski most preko rijeke Mora\u010de u Podgorici, Crna Gora"},{"@type":"BreadcrumbList","@id":"https:\/\/www.visit-montenegro.com\/me\/destinacije\/podgorica\/#breadcrumb","itemListElement":[{"@type":"ListItem","position":1,"name":"Home","item":"https:\/\/www.visit-montenegro.com\/me\/pocetna\/"},{"@type":"ListItem","position":2,"name":"Turisti\u010dke destinacije u Crnoj Gori","item":"https:\/\/www.visit-montenegro.com\/me\/destinacije\/"},{"@type":"ListItem","position":3,"name":"Podgorica"}]},{"@type":"WebSite","@id":"https:\/\/www.visit-montenegro.com\/me\/#website","url":"https:\/\/www.visit-montenegro.com\/me\/","name":"Visit Montenegro","description":"Breathtaking beauty","publisher":{"@id":"https:\/\/www.visit-montenegro.com\/me\/#organization"},"potentialAction":[{"@type":"SearchAction","target":{"@type":"EntryPoint","urlTemplate":"https:\/\/www.visit-montenegro.com\/me\/?s={search_term_string}"},"query-input":{"@type":"PropertyValueSpecification","valueRequired":true,"valueName":"search_term_string"}}],"inLanguage":"sr-Latn-ME"},{"@type":"Organization","@id":"https:\/\/www.visit-montenegro.com\/me\/#organization","name":"Visit Montenegro","url":"https:\/\/www.visit-montenegro.com\/me\/","logo":{"@type":"ImageObject","inLanguage":"sr-Latn-ME","@id":"https:\/\/www.visit-montenegro.com\/me\/#\/schema\/logo\/image\/","url":"https:\/\/www.visit-montenegro.com\/wp-content\/uploads\/2017\/10\/logo-amp.png","contentUrl":"https:\/\/www.visit-montenegro.com\/wp-content\/uploads\/2017\/10\/logo-amp.png","width":190,"height":36,"caption":"Visit Montenegro"},"image":{"@id":"https:\/\/www.visit-montenegro.com\/me\/#\/schema\/logo\/image\/"},"sameAs":["https:\/\/www.facebook.com\/visitmontenegro","https:\/\/x.com\/visitmontenegro","https:\/\/www.instagram.com\/visit_montenegro\/","https:\/\/www.youtube.com\/user\/VisitMontenegro"]}]}},"translations":[],"_links":{"self":[{"href":"https:\/\/www.visit-montenegro.com\/me\/wp-json\/wp\/v2\/pages\/134759","targetHints":{"allow":["GET"]}}],"collection":[{"href":"https:\/\/www.visit-montenegro.com\/me\/wp-json\/wp\/v2\/pages"}],"about":[{"href":"https:\/\/www.visit-montenegro.com\/me\/wp-json\/wp\/v2\/types\/page"}],"author":[{"embeddable":true,"href":"https:\/\/www.visit-montenegro.com\/me\/wp-json\/wp\/v2\/users\/1"}],"replies":[{"embeddable":true,"href":"https:\/\/www.visit-montenegro.com\/me\/wp-json\/wp\/v2\/comments?post=134759"}],"version-history":[{"count":0,"href":"https:\/\/www.visit-montenegro.com\/me\/wp-json\/wp\/v2\/pages\/134759\/revisions"}],"up":[{"embeddable":true,"href":"https:\/\/www.visit-montenegro.com\/me\/wp-json\/wp\/v2\/pages\/134092"}],"wp:featuredmedia":[{"embeddable":true,"href":"https:\/\/www.visit-montenegro.com\/me\/wp-json\/wp\/v2\/media\/134610"}],"wp:attachment":[{"href":"https:\/\/www.visit-montenegro.com\/me\/wp-json\/wp\/v2\/media?parent=134759"}],"wp:term":[{"taxonomy":"post_tag","embeddable":true,"href":"https:\/\/www.visit-montenegro.com\/me\/wp-json\/wp\/v2\/tags?post=134759"}],"curies":[{"name":"wp","href":"https:\/\/api.w.org\/{rel}","templated":true}]}}