{"id":134769,"date":"2026-01-27T21:44:33","date_gmt":"2026-01-27T20:44:33","guid":{"rendered":"https:\/\/new.visit-montenegro.com\/destinacije\/podgorica\/atrakcije\/skadarsko-jezero\/"},"modified":"2026-02-22T17:05:15","modified_gmt":"2026-02-22T16:05:15","slug":"skadarsko-jezero","status":"publish","type":"page","link":"https:\/\/www.visit-montenegro.com\/me\/destinacije\/podgorica\/atrakcije\/skadarsko-jezero\/","title":{"rendered":"Nacionalni park Skadarsko jezero"},"content":{"rendered":"\n<p>Nacionalni park Skadarsko jezero je najve\u0107e jezero u Crnoj Gori i vode\u0107i nacionalni park, poznat po svojoj bogatoj biodiverzitetu, istorijskim lokalitetima i rekreacionim mogu\u0107nostima u zadivljuju\u0107em planinskom okru\u017eenju.<\/p>\n\n<hr class=\"wp-block-separator has-alpha-channel-opacity\"\/>\n\n<p>Jezero se nalazi u dolini Zeta \u2013 Skadar, okru\u017eeno planinama, i udaljeno je 7 km od Jadranskog mora. Dvije tre\u0107ine <strong>Skadarskog jezera<\/strong> je u Crnoj Gori, a ostatak u Albaniji. Veli\u010dina jezera varira od 530 do 370 km\u00b2; duga\u010dko je 44 km i \u0161iroko 14 km. Njegova obala je vrlo o\u0161tra, posebno na sjeverozapadnoj strani.<\/p>\n\n<p><strong>Skadarsko jezero<\/strong> je najve\u0107e jezero na Balkanskom poluostrvu, sa slatkom vodom, i jedan od najve\u0107ih nacionalnih parkova u Crnoj Gori. Izuzetno je poznato po svojoj raznolikosti flore i faune. Samo jezero je neobi\u010dno zbog me\u0111usobne blizine razli\u010ditih \u017eivotnih stani\u0161ta i njihovih lanaca ishrane.<\/p>\n\n<figure class=\"wp-block-image size-large\"><img loading=\"lazy\" decoding=\"async\" width=\"1024\" height=\"684\" src=\"https:\/\/www.visit-montenegro.com\/wp-content\/uploads\/2026\/01\/lake-skadar-pavlova-strana-1024x684.jpg\" alt=\"\" class=\"wp-image-36132\" srcset=\"https:\/\/www.visit-montenegro.com\/wp-content\/uploads\/2026\/01\/lake-skadar-pavlova-strana-1024x684.jpg 1024w, https:\/\/www.visit-montenegro.com\/wp-content\/uploads\/2026\/01\/lake-skadar-pavlova-strana-300x200.jpg 300w, https:\/\/www.visit-montenegro.com\/wp-content\/uploads\/2026\/01\/lake-skadar-pavlova-strana-768x513.jpg 768w, https:\/\/www.visit-montenegro.com\/wp-content\/uploads\/2026\/01\/lake-skadar-pavlova-strana-1536x1026.jpg 1536w, https:\/\/www.visit-montenegro.com\/wp-content\/uploads\/2026\/01\/lake-skadar-pavlova-strana-1200x801.jpg 1200w, https:\/\/www.visit-montenegro.com\/wp-content\/uploads\/2026\/01\/lake-skadar-pavlova-strana-scaled.jpg 1600w\" sizes=\"auto, (max-width: 1024px) 100vw, 1024px\" \/><figcaption class=\"wp-element-caption\">Kanjon rijeke Crnojevi\u0107a u Nacionalnom parku Skadarsko jezero. Jedan od najpoznatijih prizora u Crnoj Gori. Zelena piramida i zavoj rijeke izme\u0111u planina.<\/figcaption><\/figure>\n\n<h2 class=\"wp-block-heading\">Biodiverzitet i prirodne karakteristike<\/h2>\n\n<h3 class=\"wp-block-heading\">Ptice<\/h3>\n\n<p>Postoji mnogo vrsta ptica. Zaista, 270 vrsta nastanjuje <strong>Skadarsko jezero<\/strong>. Oko 90% su migratorne i od me\u0111unarodnog zna\u010daja. Tokom sezone migracije, bijele male \u010daplje, bijele \u017eli\u010darke i razne patke prolaze preko ovog regiona. Kormorani se gnijezde u sjevernim mo\u010dvarama, predstavljaju\u0107i jednu od tri najva\u017enije kolonije na globalnom nivou. Rijetki kudravi pelikani gnijezde se na plutaju\u0107im tresetnim ostrvima na sjevernom kraju.<\/p>\n\n<figure class=\"wp-block-image size-large\"><img loading=\"lazy\" decoding=\"async\" width=\"1024\" height=\"678\" src=\"https:\/\/www.visit-montenegro.com\/wp-content\/uploads\/2026\/01\/lake-skadar-pelikan-1024x678.jpg\" alt=\"\" class=\"wp-image-36133\" srcset=\"https:\/\/www.visit-montenegro.com\/wp-content\/uploads\/2026\/01\/lake-skadar-pelikan-1024x678.jpg 1024w, https:\/\/www.visit-montenegro.com\/wp-content\/uploads\/2026\/01\/lake-skadar-pelikan-300x199.jpg 300w, https:\/\/www.visit-montenegro.com\/wp-content\/uploads\/2026\/01\/lake-skadar-pelikan-768x508.jpg 768w, https:\/\/www.visit-montenegro.com\/wp-content\/uploads\/2026\/01\/lake-skadar-pelikan-1536x1017.jpg 1536w, https:\/\/www.visit-montenegro.com\/wp-content\/uploads\/2026\/01\/lake-skadar-pelikan-1200x794.jpg 1200w, https:\/\/www.visit-montenegro.com\/wp-content\/uploads\/2026\/01\/lake-skadar-pelikan-scaled.jpg 1600w\" sizes=\"auto, (max-width: 1024px) 100vw, 1024px\" \/><figcaption class=\"wp-element-caption\">Pelikan na Skadarskom jezeru<\/figcaption><\/figure>\n\n<h3 class=\"wp-block-heading\">Vodena fauna<\/h3>\n\n<p>Postoji 50 vrsta riba i 3 zmijolika stvorenja u jezeru. Najva\u017enije ekonomski su ukljeva i \u0161aran.<\/p>\n\n<h3 class=\"wp-block-heading\">Flora<\/h3>\n\n<p>Biljni svijet ovdje je vrlo va\u017ean i razlikuje se u regionima sklonim poplavama, malim kamenim ostrvima i strmim liticama. Postoje tri rijetke, za\u0161ti\u0107ene biljke i drve\u0107e, plus preko 30 rijetkih biljaka u parku.<\/p>\n\n<figure class=\"wp-block-image size-large\"><img loading=\"lazy\" decoding=\"async\" width=\"1024\" height=\"666\" src=\"https:\/\/www.visit-montenegro.com\/wp-content\/uploads\/2026\/01\/lake-skadar-03-1024x666.jpg\" alt=\"\" class=\"wp-image-36122\" srcset=\"https:\/\/www.visit-montenegro.com\/wp-content\/uploads\/2026\/01\/lake-skadar-03-1024x666.jpg 1024w, https:\/\/www.visit-montenegro.com\/wp-content\/uploads\/2026\/01\/lake-skadar-03-300x195.jpg 300w, https:\/\/www.visit-montenegro.com\/wp-content\/uploads\/2026\/01\/lake-skadar-03-768x499.jpg 768w, https:\/\/www.visit-montenegro.com\/wp-content\/uploads\/2026\/01\/lake-skadar-03-1536x998.jpg 1536w, https:\/\/www.visit-montenegro.com\/wp-content\/uploads\/2026\/01\/lake-skadar-03-1200x780.jpg 1200w, https:\/\/www.visit-montenegro.com\/wp-content\/uploads\/2026\/01\/lake-skadar-03-scaled.jpg 1600w\" sizes=\"auto, (max-width: 1024px) 100vw, 1024px\" \/><figcaption class=\"wp-element-caption\">Skadarsko jezero<\/figcaption><\/figure>\n\n<h2 class=\"wp-block-heading\">Kulturni i istorijski zna\u010daj<\/h2>\n\n<p>U regionu <strong>Skadarskog jezera<\/strong>, postoji 20 manastira, crkava, sela, tvr\u0111ava i svetih spomenika. Ovo jezero je svjedok crnogorske istorije od 11. vijeka do danas. Oko jezera, postoji 18 va\u017enih istorijskih spomenika.<\/p>\n\n<p>Ljudska istorija oko <strong>Skadarskog jezera<\/strong> datira iz ranih vremena zbog zdravlja i resursa. Posljedi\u010dno, najraniji pisani dokumenti su iz 11. vijeka, tokom prve crnogorske dinastije. Preobra\u0107enje rimokatolika u pravoslavne dovelo je do izgradnje mnogih manastira i crkava oko 1400. godine. Godine 1478, Turci su okupirali region i vladali do 1878, kada je Crna Gora oslobo\u0111ena. Tokom ovog perioda, Crna Gora je pre\u017eivjela pod Cetinjskim mitropolitima. Neke tvr\u0111ave su koristili Italijani tokom Drugog svjetskog rata.<\/p>\n\n<figure class=\"wp-block-image size-large\"><img loading=\"lazy\" decoding=\"async\" width=\"1024\" height=\"683\" src=\"https:\/\/www.visit-montenegro.com\/wp-content\/uploads\/2026\/01\/lake-skadar-couple-bench-1024x683.jpg\" alt=\"\" class=\"wp-image-36127\" srcset=\"https:\/\/www.visit-montenegro.com\/wp-content\/uploads\/2026\/01\/lake-skadar-couple-bench-1024x683.jpg 1024w, https:\/\/www.visit-montenegro.com\/wp-content\/uploads\/2026\/01\/lake-skadar-couple-bench-300x200.jpg 300w, https:\/\/www.visit-montenegro.com\/wp-content\/uploads\/2026\/01\/lake-skadar-couple-bench-768x512.jpg 768w, https:\/\/www.visit-montenegro.com\/wp-content\/uploads\/2026\/01\/lake-skadar-couple-bench-1536x1024.jpg 1536w, https:\/\/www.visit-montenegro.com\/wp-content\/uploads\/2026\/01\/lake-skadar-couple-bench-1200x800.jpg 1200w, https:\/\/www.visit-montenegro.com\/wp-content\/uploads\/2026\/01\/lake-skadar-couple-bench-scaled.jpg 1600w\" sizes=\"auto, (max-width: 1024px) 100vw, 1024px\" \/><figcaption class=\"wp-element-caption\">par sjedi na klupi i divi se pogledu na jezero i brda na sun\u010danom danu<\/figcaption><\/figure>\n\n<h2 class=\"wp-block-heading\">Rekreacija i prakti\u010dne informacije<\/h2>\n\n<p><strong>Posmatranje ptica, pecanje, lov, vo\u017enja \u010damcem, kupanje i sun\u010danje<\/strong> su glavne rekreacione aktivnosti oko jezera.<\/p>\n\n<p>Park je osnovan 1968. godine kako bi za\u0161titio divno okru\u017eenje jezera i njegove obale. Plan razvoja je napravljen 1997. godine.<\/p>\n\n<p>\u0160tavi\u0161e, park je lako dostupan iz Podgorice i Bara autoputem ili vozom preko Virpazara. Do drugih regiona unutar, mo\u017eete koristiti svoj automobil ili taksi. Turisti\u010dke agencije u Podgorici nude jednodnevne izlete uklju\u010duju\u0107i vo\u017enju \u010damcem i ru\u010dak u ribarskom selu.<\/p>\n","protected":false},"excerpt":{"rendered":"<p>Otkrijte Nacionalni park Skadarsko jezero, najve\u0107e jezero u Crnoj Gori i \u017eari\u0161te biodiverziteta. Istra\u017eite njegovu bogatu pti\u010dju faunu, istorijske lokalitete i rekreacione aktivnosti u slikovitom planinskom okru\u017eenju.<\/p>\n","protected":false},"author":1,"featured_media":134400,"parent":134767,"menu_order":0,"comment_status":"closed","ping_status":"closed","template":"","meta":{"_yoast_wpseo_focuskw":"Nacionalni park Skadarsko jezero","_yoast_wpseo_metadesc":"Istra\u017eite Nacionalni park Skadarsko jezero: najve\u0107e jezero u Crnoj Gori sa raznolikom divlja\u010di, istorijskim lokalitetima i zabavnim aktivnostima poput posmatranja ptica i vo\u017enje \u010damcem. Planirajte svoj put odmah!","_kad_post_transparent":"","_kad_post_title":"","_kad_post_layout":"","_kad_post_sidebar_id":"","_kad_post_content_style":"","_kad_post_vertical_padding":"","_kad_post_feature":"","_kad_post_feature_position":"","_kad_post_header":false,"_kad_post_footer":false,"_kad_post_classname":"","iawp_total_views":63,"footnotes":""},"tags":[],"class_list":["post-134769","page","type-page","status-publish","has-post-thumbnail","hentry"],"yoast_head":"<!-- This site is optimized with the Yoast SEO plugin v27.3 - https:\/\/yoast.com\/product\/yoast-seo-wordpress\/ -->\n<title>Nacionalni park Skadarsko jezero - Visit Montenegro<\/title>\n<meta name=\"description\" content=\"Istra\u017eite Nacionalni park Skadarsko jezero: najve\u0107e jezero u Crnoj Gori sa raznolikom divlja\u010di, istorijskim lokalitetima i zabavnim aktivnostima poput posmatranja ptica i vo\u017enje \u010damcem. Planirajte svoj put odmah!\" \/>\n<meta name=\"robots\" content=\"index, follow, max-snippet:-1, max-image-preview:large, max-video-preview:-1\" \/>\n<link rel=\"canonical\" href=\"https:\/\/www.visit-montenegro.com\/me\/destinacije\/podgorica\/atrakcije\/skadarsko-jezero\/\" \/>\n<meta property=\"og:locale\" content=\"en_US\" \/>\n<meta property=\"og:type\" content=\"article\" \/>\n<meta property=\"og:title\" content=\"Nacionalni park Skadarsko jezero - Visit Montenegro\" \/>\n<meta property=\"og:description\" content=\"Istra\u017eite Nacionalni park Skadarsko jezero: najve\u0107e jezero u Crnoj Gori sa raznolikom divlja\u010di, istorijskim lokalitetima i zabavnim aktivnostima poput posmatranja ptica i vo\u017enje \u010damcem. Planirajte svoj put odmah!\" \/>\n<meta property=\"og:url\" content=\"https:\/\/www.visit-montenegro.com\/me\/destinacije\/podgorica\/atrakcije\/skadarsko-jezero\/\" \/>\n<meta property=\"og:site_name\" content=\"Visit Montenegro\" \/>\n<meta property=\"article:publisher\" content=\"https:\/\/www.facebook.com\/visitmontenegro\" \/>\n<meta property=\"article:modified_time\" content=\"2026-02-22T16:05:15+00:00\" \/>\n<meta property=\"og:image\" content=\"https:\/\/www.visit-montenegro.com\/wp-content\/uploads\/2026\/01\/lake-skadar-birds-scaled.jpg\" \/>\n\t<meta property=\"og:image:width\" content=\"1600\" \/>\n\t<meta property=\"og:image:height\" content=\"1107\" \/>\n\t<meta property=\"og:image:type\" content=\"image\/jpeg\" \/>\n<meta name=\"twitter:card\" content=\"summary_large_image\" \/>\n<meta name=\"twitter:site\" content=\"@visitmontenegro\" \/>\n<meta name=\"twitter:label1\" content=\"Est. reading time\" \/>\n\t<meta name=\"twitter:data1\" content=\"3 minutes\" \/>\n<script type=\"application\/ld+json\" class=\"yoast-schema-graph\">{\"@context\":\"https:\\\/\\\/schema.org\",\"@graph\":[{\"@type\":\"WebPage\",\"@id\":\"https:\\\/\\\/www.visit-montenegro.com\\\/me\\\/destinacije\\\/podgorica\\\/atrakcije\\\/skadarsko-jezero\\\/\",\"url\":\"https:\\\/\\\/www.visit-montenegro.com\\\/me\\\/destinacije\\\/podgorica\\\/atrakcije\\\/skadarsko-jezero\\\/\",\"name\":\"Nacionalni park Skadarsko jezero - Visit Montenegro\",\"isPartOf\":{\"@id\":\"https:\\\/\\\/www.visit-montenegro.com\\\/me\\\/#website\"},\"primaryImageOfPage\":{\"@id\":\"https:\\\/\\\/www.visit-montenegro.com\\\/me\\\/destinacije\\\/podgorica\\\/atrakcije\\\/skadarsko-jezero\\\/#primaryimage\"},\"image\":{\"@id\":\"https:\\\/\\\/www.visit-montenegro.com\\\/me\\\/destinacije\\\/podgorica\\\/atrakcije\\\/skadarsko-jezero\\\/#primaryimage\"},\"thumbnailUrl\":\"https:\\\/\\\/www.visit-montenegro.com\\\/wp-content\\\/uploads\\\/2026\\\/01\\\/lake-skadar-birds-scaled.jpg\",\"datePublished\":\"2026-01-27T20:44:33+00:00\",\"dateModified\":\"2026-02-22T16:05:15+00:00\",\"description\":\"Istra\u017eite Nacionalni park Skadarsko jezero: najve\u0107e jezero u Crnoj Gori sa raznolikom divlja\u010di, istorijskim lokalitetima i zabavnim aktivnostima poput posmatranja ptica i vo\u017enje \u010damcem. Planirajte svoj put odmah!\",\"breadcrumb\":{\"@id\":\"https:\\\/\\\/www.visit-montenegro.com\\\/me\\\/destinacije\\\/podgorica\\\/atrakcije\\\/skadarsko-jezero\\\/#breadcrumb\"},\"inLanguage\":\"sr-Latn-ME\",\"potentialAction\":[{\"@type\":\"ReadAction\",\"target\":[\"https:\\\/\\\/www.visit-montenegro.com\\\/me\\\/destinacije\\\/podgorica\\\/atrakcije\\\/skadarsko-jezero\\\/\"]}]},{\"@type\":\"ImageObject\",\"inLanguage\":\"sr-Latn-ME\",\"@id\":\"https:\\\/\\\/www.visit-montenegro.com\\\/me\\\/destinacije\\\/podgorica\\\/atrakcije\\\/skadarsko-jezero\\\/#primaryimage\",\"url\":\"https:\\\/\\\/www.visit-montenegro.com\\\/wp-content\\\/uploads\\\/2026\\\/01\\\/lake-skadar-birds-scaled.jpg\",\"contentUrl\":\"https:\\\/\\\/www.visit-montenegro.com\\\/wp-content\\\/uploads\\\/2026\\\/01\\\/lake-skadar-birds-scaled.jpg\",\"width\":1600,\"height\":1107,\"caption\":\"Galeb i vrana sjede na starom drvetu poplavljenom. Skadarsko jezero, Crna Gora\"},{\"@type\":\"BreadcrumbList\",\"@id\":\"https:\\\/\\\/www.visit-montenegro.com\\\/me\\\/destinacije\\\/podgorica\\\/atrakcije\\\/skadarsko-jezero\\\/#breadcrumb\",\"itemListElement\":[{\"@type\":\"ListItem\",\"position\":1,\"name\":\"Home\",\"item\":\"https:\\\/\\\/www.visit-montenegro.com\\\/me\\\/pocetna\\\/\"},{\"@type\":\"ListItem\",\"position\":2,\"name\":\"Turisti\u010dke destinacije u Crnoj Gori\",\"item\":\"https:\\\/\\\/www.visit-montenegro.com\\\/me\\\/destinacije\\\/\"},{\"@type\":\"ListItem\",\"position\":3,\"name\":\"Podgorica\",\"item\":\"https:\\\/\\\/www.visit-montenegro.com\\\/me\\\/destinacije\\\/podgorica\\\/\"},{\"@type\":\"ListItem\",\"position\":4,\"name\":\"Atrakcije Podgorice\",\"item\":\"https:\\\/\\\/www.visit-montenegro.com\\\/me\\\/destinacije\\\/podgorica\\\/atrakcije\\\/\"},{\"@type\":\"ListItem\",\"position\":5,\"name\":\"Nacionalni park Skadarsko jezero\"}]},{\"@type\":\"WebSite\",\"@id\":\"https:\\\/\\\/www.visit-montenegro.com\\\/me\\\/#website\",\"url\":\"https:\\\/\\\/www.visit-montenegro.com\\\/me\\\/\",\"name\":\"Visit Montenegro\",\"description\":\"Breathtaking beauty\",\"publisher\":{\"@id\":\"https:\\\/\\\/www.visit-montenegro.com\\\/me\\\/#organization\"},\"potentialAction\":[{\"@type\":\"SearchAction\",\"target\":{\"@type\":\"EntryPoint\",\"urlTemplate\":\"https:\\\/\\\/www.visit-montenegro.com\\\/me\\\/?s={search_term_string}\"},\"query-input\":{\"@type\":\"PropertyValueSpecification\",\"valueRequired\":true,\"valueName\":\"search_term_string\"}}],\"inLanguage\":\"sr-Latn-ME\"},{\"@type\":\"Organization\",\"@id\":\"https:\\\/\\\/www.visit-montenegro.com\\\/me\\\/#organization\",\"name\":\"Visit Montenegro\",\"url\":\"https:\\\/\\\/www.visit-montenegro.com\\\/me\\\/\",\"logo\":{\"@type\":\"ImageObject\",\"inLanguage\":\"sr-Latn-ME\",\"@id\":\"https:\\\/\\\/www.visit-montenegro.com\\\/me\\\/#\\\/schema\\\/logo\\\/image\\\/\",\"url\":\"https:\\\/\\\/www.visit-montenegro.com\\\/wp-content\\\/uploads\\\/2017\\\/10\\\/logo-amp.png\",\"contentUrl\":\"https:\\\/\\\/www.visit-montenegro.com\\\/wp-content\\\/uploads\\\/2017\\\/10\\\/logo-amp.png\",\"width\":190,\"height\":36,\"caption\":\"Visit Montenegro\"},\"image\":{\"@id\":\"https:\\\/\\\/www.visit-montenegro.com\\\/me\\\/#\\\/schema\\\/logo\\\/image\\\/\"},\"sameAs\":[\"https:\\\/\\\/www.facebook.com\\\/visitmontenegro\",\"https:\\\/\\\/x.com\\\/visitmontenegro\",\"https:\\\/\\\/www.instagram.com\\\/visit_montenegro\\\/\",\"https:\\\/\\\/www.youtube.com\\\/user\\\/VisitMontenegro\"]}]}<\/script>\n<!-- \/ Yoast SEO plugin. -->","yoast_head_json":{"title":"Nacionalni park Skadarsko jezero - Visit Montenegro","description":"Istra\u017eite Nacionalni park Skadarsko jezero: najve\u0107e jezero u Crnoj Gori sa raznolikom divlja\u010di, istorijskim lokalitetima i zabavnim aktivnostima poput posmatranja ptica i vo\u017enje \u010damcem. Planirajte svoj put odmah!","robots":{"index":"index","follow":"follow","max-snippet":"max-snippet:-1","max-image-preview":"max-image-preview:large","max-video-preview":"max-video-preview:-1"},"canonical":"https:\/\/www.visit-montenegro.com\/me\/destinacije\/podgorica\/atrakcije\/skadarsko-jezero\/","og_locale":"en_US","og_type":"article","og_title":"Nacionalni park Skadarsko jezero - Visit Montenegro","og_description":"Istra\u017eite Nacionalni park Skadarsko jezero: najve\u0107e jezero u Crnoj Gori sa raznolikom divlja\u010di, istorijskim lokalitetima i zabavnim aktivnostima poput posmatranja ptica i vo\u017enje \u010damcem. Planirajte svoj put odmah!","og_url":"https:\/\/www.visit-montenegro.com\/me\/destinacije\/podgorica\/atrakcije\/skadarsko-jezero\/","og_site_name":"Visit Montenegro","article_publisher":"https:\/\/www.facebook.com\/visitmontenegro","article_modified_time":"2026-02-22T16:05:15+00:00","og_image":[{"width":1600,"height":1107,"url":"https:\/\/www.visit-montenegro.com\/wp-content\/uploads\/2026\/01\/lake-skadar-birds-scaled.jpg","type":"image\/jpeg"}],"twitter_card":"summary_large_image","twitter_site":"@visitmontenegro","twitter_misc":{"Est. reading time":"3 minutes"},"schema":{"@context":"https:\/\/schema.org","@graph":[{"@type":"WebPage","@id":"https:\/\/www.visit-montenegro.com\/me\/destinacije\/podgorica\/atrakcije\/skadarsko-jezero\/","url":"https:\/\/www.visit-montenegro.com\/me\/destinacije\/podgorica\/atrakcije\/skadarsko-jezero\/","name":"Nacionalni park Skadarsko jezero - Visit Montenegro","isPartOf":{"@id":"https:\/\/www.visit-montenegro.com\/me\/#website"},"primaryImageOfPage":{"@id":"https:\/\/www.visit-montenegro.com\/me\/destinacije\/podgorica\/atrakcije\/skadarsko-jezero\/#primaryimage"},"image":{"@id":"https:\/\/www.visit-montenegro.com\/me\/destinacije\/podgorica\/atrakcije\/skadarsko-jezero\/#primaryimage"},"thumbnailUrl":"https:\/\/www.visit-montenegro.com\/wp-content\/uploads\/2026\/01\/lake-skadar-birds-scaled.jpg","datePublished":"2026-01-27T20:44:33+00:00","dateModified":"2026-02-22T16:05:15+00:00","description":"Istra\u017eite Nacionalni park Skadarsko jezero: najve\u0107e jezero u Crnoj Gori sa raznolikom divlja\u010di, istorijskim lokalitetima i zabavnim aktivnostima poput posmatranja ptica i vo\u017enje \u010damcem. Planirajte svoj put odmah!","breadcrumb":{"@id":"https:\/\/www.visit-montenegro.com\/me\/destinacije\/podgorica\/atrakcije\/skadarsko-jezero\/#breadcrumb"},"inLanguage":"sr-Latn-ME","potentialAction":[{"@type":"ReadAction","target":["https:\/\/www.visit-montenegro.com\/me\/destinacije\/podgorica\/atrakcije\/skadarsko-jezero\/"]}]},{"@type":"ImageObject","inLanguage":"sr-Latn-ME","@id":"https:\/\/www.visit-montenegro.com\/me\/destinacije\/podgorica\/atrakcije\/skadarsko-jezero\/#primaryimage","url":"https:\/\/www.visit-montenegro.com\/wp-content\/uploads\/2026\/01\/lake-skadar-birds-scaled.jpg","contentUrl":"https:\/\/www.visit-montenegro.com\/wp-content\/uploads\/2026\/01\/lake-skadar-birds-scaled.jpg","width":1600,"height":1107,"caption":"Galeb i vrana sjede na starom drvetu poplavljenom. Skadarsko jezero, Crna Gora"},{"@type":"BreadcrumbList","@id":"https:\/\/www.visit-montenegro.com\/me\/destinacije\/podgorica\/atrakcije\/skadarsko-jezero\/#breadcrumb","itemListElement":[{"@type":"ListItem","position":1,"name":"Home","item":"https:\/\/www.visit-montenegro.com\/me\/pocetna\/"},{"@type":"ListItem","position":2,"name":"Turisti\u010dke destinacije u Crnoj Gori","item":"https:\/\/www.visit-montenegro.com\/me\/destinacije\/"},{"@type":"ListItem","position":3,"name":"Podgorica","item":"https:\/\/www.visit-montenegro.com\/me\/destinacije\/podgorica\/"},{"@type":"ListItem","position":4,"name":"Atrakcije Podgorice","item":"https:\/\/www.visit-montenegro.com\/me\/destinacije\/podgorica\/atrakcije\/"},{"@type":"ListItem","position":5,"name":"Nacionalni park Skadarsko jezero"}]},{"@type":"WebSite","@id":"https:\/\/www.visit-montenegro.com\/me\/#website","url":"https:\/\/www.visit-montenegro.com\/me\/","name":"Visit Montenegro","description":"Breathtaking beauty","publisher":{"@id":"https:\/\/www.visit-montenegro.com\/me\/#organization"},"potentialAction":[{"@type":"SearchAction","target":{"@type":"EntryPoint","urlTemplate":"https:\/\/www.visit-montenegro.com\/me\/?s={search_term_string}"},"query-input":{"@type":"PropertyValueSpecification","valueRequired":true,"valueName":"search_term_string"}}],"inLanguage":"sr-Latn-ME"},{"@type":"Organization","@id":"https:\/\/www.visit-montenegro.com\/me\/#organization","name":"Visit Montenegro","url":"https:\/\/www.visit-montenegro.com\/me\/","logo":{"@type":"ImageObject","inLanguage":"sr-Latn-ME","@id":"https:\/\/www.visit-montenegro.com\/me\/#\/schema\/logo\/image\/","url":"https:\/\/www.visit-montenegro.com\/wp-content\/uploads\/2017\/10\/logo-amp.png","contentUrl":"https:\/\/www.visit-montenegro.com\/wp-content\/uploads\/2017\/10\/logo-amp.png","width":190,"height":36,"caption":"Visit Montenegro"},"image":{"@id":"https:\/\/www.visit-montenegro.com\/me\/#\/schema\/logo\/image\/"},"sameAs":["https:\/\/www.facebook.com\/visitmontenegro","https:\/\/x.com\/visitmontenegro","https:\/\/www.instagram.com\/visit_montenegro\/","https:\/\/www.youtube.com\/user\/VisitMontenegro"]}]}},"translations":[],"_links":{"self":[{"href":"https:\/\/www.visit-montenegro.com\/me\/wp-json\/wp\/v2\/pages\/134769","targetHints":{"allow":["GET"]}}],"collection":[{"href":"https:\/\/www.visit-montenegro.com\/me\/wp-json\/wp\/v2\/pages"}],"about":[{"href":"https:\/\/www.visit-montenegro.com\/me\/wp-json\/wp\/v2\/types\/page"}],"author":[{"embeddable":true,"href":"https:\/\/www.visit-montenegro.com\/me\/wp-json\/wp\/v2\/users\/1"}],"replies":[{"embeddable":true,"href":"https:\/\/www.visit-montenegro.com\/me\/wp-json\/wp\/v2\/comments?post=134769"}],"version-history":[{"count":0,"href":"https:\/\/www.visit-montenegro.com\/me\/wp-json\/wp\/v2\/pages\/134769\/revisions"}],"up":[{"embeddable":true,"href":"https:\/\/www.visit-montenegro.com\/me\/wp-json\/wp\/v2\/pages\/134767"}],"wp:featuredmedia":[{"embeddable":true,"href":"https:\/\/www.visit-montenegro.com\/me\/wp-json\/wp\/v2\/media\/134400"}],"wp:attachment":[{"href":"https:\/\/www.visit-montenegro.com\/me\/wp-json\/wp\/v2\/media?parent=134769"}],"wp:term":[{"taxonomy":"post_tag","embeddable":true,"href":"https:\/\/www.visit-montenegro.com\/me\/wp-json\/wp\/v2\/tags?post=134769"}],"curies":[{"name":"wp","href":"https:\/\/api.w.org\/{rel}","templated":true}]}}