{"id":134780,"date":"2026-01-27T21:44:33","date_gmt":"2026-01-27T20:44:33","guid":{"rendered":"https:\/\/new.visit-montenegro.com\/njegusi\/"},"modified":"2026-02-22T17:05:16","modified_gmt":"2026-02-22T16:05:16","slug":"njegusi","status":"publish","type":"page","link":"https:\/\/www.visit-montenegro.com\/me\/destinacije\/cetinje\/atrakcije\/njegusi\/","title":{"rendered":"Njegu\u0161i"},"content":{"rendered":"\n<p>Njegu\u0161i u Crnoj Gori su istorijsko planinsko selo, poznato kao mjesto ro\u0111enja Petra II Petrovi\u0107a Njego\u0161a i \u010duveno po tradicionalnom pr\u0161utu, siru i kulturnoj ba\u0161tini, nude\u0107i bogato iskustvo posjetiocima koji istra\u017euju region.<\/p>\n\n<hr class=\"wp-block-separator has-alpha-channel-opacity\"\/>\n\n<h2 class=\"wp-block-heading\">Njegu\u0161i: Istorijska i kulturna destinacija<\/h2>\n\n<p>Oni koji su posjetili Lov\u0107en ili <a href=\"https:\/\/www.visit-montenegro.com\/me\/destinacije\/cetinje\/\">Cetinje<\/a> vi\u0161e puta znaju da se turisti\u010dka ruta najbolje zavr\u0161ava kada se, nakon posjete Ivanovim koritima i mauzoleja na Lov\u0107enu, krene prema <strong>Njegu\u0161ima<\/strong>, mjestu ro\u0111enja Petra II Petrovi\u0107a Njego\u0161a i ostalih plemi\u0107a dinastije Petrovi\u0107. Tu je i Njego\u0161eva ku\u0107a ro\u0111enja pretvorena u muzej, ali u tom selu je i \u010duvena \u0161kola koja je nekada bila poznata po obrazovanju ljudi iz Cetinja, a obilje\u017eena je turisti\u010dkim znakovima.<\/p>\n\n<h2 class=\"wp-block-heading\">Kulinarski specijaliteti i lokalne poslastice<\/h2>\n\n<p>U novijem periodu, <strong>Njegu\u0161i<\/strong> su poznati po proizvodnji \u010duvenog sira iz <strong>Njegu\u0161a<\/strong>, pr\u0161uta i su\u0161enog kozjeg sira iz <strong>Njegu\u0161a<\/strong>. U ovom planinskom naselju, na 900 metara nadmorske visine, proizvodi se visokokvalitetni med i osvje\u017eavaju\u0107i napitak medovina. Zato se turisti\u010dke grupe uvijek zaustavljaju u ovom naselju i ku\u0161aju specijalitete iz <strong>Njegu\u0161a<\/strong>. Iz ovog podru\u010dja, davno, postao je poznat ukusan <strong>njegu\u0161ki<\/strong> odrezak, koji je osvojio brojne evropske restorane.<\/p>\n\n<h2 class=\"wp-block-heading\">Zna\u010dajne znamenitosti i gostoprimstvo<\/h2>\n\n<p>Iznad <strong>Njegu\u0161a<\/strong>, na Bukovici, nalazi se stara crnogorska kafana \u201cKod Pera\u201d, u vlasni\u0161tvu porodice Milo\u0161evi\u0107, koji su otvorili prvu gostinsku ku\u0107u u Crnoj Gori. Autobusi i automobili koji se vra\u0107aju iz Cetinja ili dolaze iz Kotora ili Tivta ovdje se redovno zaustavljaju.<\/p>\n\n<p>U samim <strong>Njegu\u0161ima<\/strong>, nalazi se oko 50 ku\u0107a, odmarali\u0161te, restoran \u201cNjegu\u0161ka sijela\u201d, mnoga mjesta za su\u0161enje pr\u0161uta i gostiona. Ku\u0107e su gra\u0111ene od kamena, a novije su koristile modernije materijale i elemente. Du\u017e asfaltnog puta koji prolazi kroz naselje <strong>Njegu\u0161i<\/strong>, nai\u0107i \u0107ete na natpise koji, osim u restoranima, \u010duveni <strong>njegu\u0161ki<\/strong> pr\u0161ut i sir, ali i lozova\u010da i vino, mo\u017eete kupiti direktno od doma\u0107instava u obli\u017enjem naselju. Ako se odlu\u010dite na takvo putovanje, va\u0161e znanje o crnogorskoj istoriji, tradiciji i kulturi bi\u0107e divno iskustvo.<\/p>\n","protected":false},"excerpt":{"rendered":"<p>Otkrijte Njegu\u0161e, istorijsko planinsko selo u Crnoj Gori, poznato po kulturnoj ba\u0161tini i kulinarskim specijalitetima poput pr\u0161uta i sira. Istra\u017eite njegove znamenitosti i uronite u lokalne tradicije za nezaboravan posjet.<\/p>\n","protected":false},"author":1,"featured_media":134781,"parent":134806,"menu_order":0,"comment_status":"closed","ping_status":"closed","template":"","meta":{"_yoast_wpseo_focuskw":"Njegu\u0161i","_yoast_wpseo_metadesc":"Istra\u017eite Njegu\u0161e u Crnoj Gori: istorijsko mjesto ro\u0111enja Njego\u0161a, poznato po pr\u0161utu, siru i kulturnoj ba\u0161tini. Planirajte svoj put u ovo planinsko selo.","_kad_post_transparent":"","_kad_post_title":"","_kad_post_layout":"","_kad_post_sidebar_id":"","_kad_post_content_style":"","_kad_post_vertical_padding":"","_kad_post_feature":"","_kad_post_feature_position":"","_kad_post_header":false,"_kad_post_footer":false,"_kad_post_classname":"","iawp_total_views":25,"footnotes":""},"tags":[],"class_list":["post-134780","page","type-page","status-publish","has-post-thumbnail","hentry"],"yoast_head":"<!-- This site is optimized with the Yoast SEO plugin v27.3 - https:\/\/yoast.com\/product\/yoast-seo-wordpress\/ -->\n<title>Njegu\u0161i - Visit Montenegro<\/title>\n<meta name=\"description\" content=\"Istra\u017eite Njegu\u0161e u Crnoj Gori: istorijsko mjesto ro\u0111enja Njego\u0161a, poznato po pr\u0161utu, siru i kulturnoj ba\u0161tini. Planirajte svoj put u ovo planinsko selo.\" \/>\n<meta name=\"robots\" content=\"index, follow, max-snippet:-1, max-image-preview:large, max-video-preview:-1\" \/>\n<link rel=\"canonical\" href=\"https:\/\/www.visit-montenegro.com\/me\/destinacije\/cetinje\/atrakcije\/njegusi\/\" \/>\n<meta property=\"og:locale\" content=\"en_US\" \/>\n<meta property=\"og:type\" content=\"article\" \/>\n<meta property=\"og:title\" content=\"Njegu\u0161i - Visit Montenegro\" \/>\n<meta property=\"og:description\" content=\"Istra\u017eite Njegu\u0161e u Crnoj Gori: istorijsko mjesto ro\u0111enja Njego\u0161a, poznato po pr\u0161utu, siru i kulturnoj ba\u0161tini. Planirajte svoj put u ovo planinsko selo.\" \/>\n<meta property=\"og:url\" content=\"https:\/\/www.visit-montenegro.com\/me\/destinacije\/cetinje\/atrakcije\/njegusi\/\" \/>\n<meta property=\"og:site_name\" content=\"Visit Montenegro\" \/>\n<meta property=\"article:publisher\" content=\"https:\/\/www.facebook.com\/visitmontenegro\" \/>\n<meta property=\"article:modified_time\" content=\"2026-02-22T16:05:16+00:00\" \/>\n<meta property=\"og:image\" content=\"https:\/\/www.visit-montenegro.com\/wp-content\/uploads\/2026\/02\/cetinje-njegusi-copy.jpg\" \/>\n\t<meta property=\"og:image:width\" content=\"1600\" \/>\n\t<meta property=\"og:image:height\" content=\"1067\" \/>\n\t<meta property=\"og:image:type\" content=\"image\/jpeg\" \/>\n<meta name=\"twitter:card\" content=\"summary_large_image\" \/>\n<meta name=\"twitter:site\" content=\"@visitmontenegro\" \/>\n<meta name=\"twitter:label1\" content=\"Est. reading time\" \/>\n\t<meta name=\"twitter:data1\" content=\"2 minutes\" \/>\n<script type=\"application\/ld+json\" class=\"yoast-schema-graph\">{\"@context\":\"https:\\\/\\\/schema.org\",\"@graph\":[{\"@type\":\"WebPage\",\"@id\":\"https:\\\/\\\/www.visit-montenegro.com\\\/me\\\/destinacije\\\/cetinje\\\/atrakcije\\\/njegusi\\\/\",\"url\":\"https:\\\/\\\/www.visit-montenegro.com\\\/me\\\/destinacije\\\/cetinje\\\/atrakcije\\\/njegusi\\\/\",\"name\":\"Njegu\u0161i - Visit Montenegro\",\"isPartOf\":{\"@id\":\"https:\\\/\\\/www.visit-montenegro.com\\\/me\\\/#website\"},\"primaryImageOfPage\":{\"@id\":\"https:\\\/\\\/www.visit-montenegro.com\\\/me\\\/destinacije\\\/cetinje\\\/atrakcije\\\/njegusi\\\/#primaryimage\"},\"image\":{\"@id\":\"https:\\\/\\\/www.visit-montenegro.com\\\/me\\\/destinacije\\\/cetinje\\\/atrakcije\\\/njegusi\\\/#primaryimage\"},\"thumbnailUrl\":\"https:\\\/\\\/www.visit-montenegro.com\\\/wp-content\\\/uploads\\\/2026\\\/02\\\/cetinje-njegusi-copy.jpg\",\"datePublished\":\"2026-01-27T20:44:33+00:00\",\"dateModified\":\"2026-02-22T16:05:16+00:00\",\"description\":\"Istra\u017eite Njegu\u0161e u Crnoj Gori: istorijsko mjesto ro\u0111enja Njego\u0161a, poznato po pr\u0161utu, siru i kulturnoj ba\u0161tini. Planirajte svoj put u ovo planinsko selo.\",\"breadcrumb\":{\"@id\":\"https:\\\/\\\/www.visit-montenegro.com\\\/me\\\/destinacije\\\/cetinje\\\/atrakcije\\\/njegusi\\\/#breadcrumb\"},\"inLanguage\":\"sr-Latn-ME\",\"potentialAction\":[{\"@type\":\"ReadAction\",\"target\":[\"https:\\\/\\\/www.visit-montenegro.com\\\/me\\\/destinacije\\\/cetinje\\\/atrakcije\\\/njegusi\\\/\"]}]},{\"@type\":\"ImageObject\",\"inLanguage\":\"sr-Latn-ME\",\"@id\":\"https:\\\/\\\/www.visit-montenegro.com\\\/me\\\/destinacije\\\/cetinje\\\/atrakcije\\\/njegusi\\\/#primaryimage\",\"url\":\"https:\\\/\\\/www.visit-montenegro.com\\\/wp-content\\\/uploads\\\/2026\\\/02\\\/cetinje-njegusi-copy.jpg\",\"contentUrl\":\"https:\\\/\\\/www.visit-montenegro.com\\\/wp-content\\\/uploads\\\/2026\\\/02\\\/cetinje-njegusi-copy.jpg\",\"width\":1600,\"height\":1067},{\"@type\":\"BreadcrumbList\",\"@id\":\"https:\\\/\\\/www.visit-montenegro.com\\\/me\\\/destinacije\\\/cetinje\\\/atrakcije\\\/njegusi\\\/#breadcrumb\",\"itemListElement\":[{\"@type\":\"ListItem\",\"position\":1,\"name\":\"Home\",\"item\":\"https:\\\/\\\/www.visit-montenegro.com\\\/me\\\/pocetna\\\/\"},{\"@type\":\"ListItem\",\"position\":2,\"name\":\"Turisti\u010dke destinacije u Crnoj Gori\",\"item\":\"https:\\\/\\\/www.visit-montenegro.com\\\/me\\\/destinacije\\\/\"},{\"@type\":\"ListItem\",\"position\":3,\"name\":\"Cetinje\",\"item\":\"https:\\\/\\\/www.visit-montenegro.com\\\/me\\\/destinations\\\/cetinje\\\/\"},{\"@type\":\"ListItem\",\"position\":4,\"name\":\"Cetinje atrakcije\",\"item\":\"https:\\\/\\\/www.visit-montenegro.com\\\/me\\\/destinations\\\/cetinje\\\/attractions\\\/\"},{\"@type\":\"ListItem\",\"position\":5,\"name\":\"Njegu\u0161i\"}]},{\"@type\":\"WebSite\",\"@id\":\"https:\\\/\\\/www.visit-montenegro.com\\\/me\\\/#website\",\"url\":\"https:\\\/\\\/www.visit-montenegro.com\\\/me\\\/\",\"name\":\"Visit Montenegro\",\"description\":\"Breathtaking beauty\",\"publisher\":{\"@id\":\"https:\\\/\\\/www.visit-montenegro.com\\\/me\\\/#organization\"},\"potentialAction\":[{\"@type\":\"SearchAction\",\"target\":{\"@type\":\"EntryPoint\",\"urlTemplate\":\"https:\\\/\\\/www.visit-montenegro.com\\\/me\\\/?s={search_term_string}\"},\"query-input\":{\"@type\":\"PropertyValueSpecification\",\"valueRequired\":true,\"valueName\":\"search_term_string\"}}],\"inLanguage\":\"sr-Latn-ME\"},{\"@type\":\"Organization\",\"@id\":\"https:\\\/\\\/www.visit-montenegro.com\\\/me\\\/#organization\",\"name\":\"Visit Montenegro\",\"url\":\"https:\\\/\\\/www.visit-montenegro.com\\\/me\\\/\",\"logo\":{\"@type\":\"ImageObject\",\"inLanguage\":\"sr-Latn-ME\",\"@id\":\"https:\\\/\\\/www.visit-montenegro.com\\\/me\\\/#\\\/schema\\\/logo\\\/image\\\/\",\"url\":\"https:\\\/\\\/www.visit-montenegro.com\\\/wp-content\\\/uploads\\\/2017\\\/10\\\/logo-amp.png\",\"contentUrl\":\"https:\\\/\\\/www.visit-montenegro.com\\\/wp-content\\\/uploads\\\/2017\\\/10\\\/logo-amp.png\",\"width\":190,\"height\":36,\"caption\":\"Visit Montenegro\"},\"image\":{\"@id\":\"https:\\\/\\\/www.visit-montenegro.com\\\/me\\\/#\\\/schema\\\/logo\\\/image\\\/\"},\"sameAs\":[\"https:\\\/\\\/www.facebook.com\\\/visitmontenegro\",\"https:\\\/\\\/x.com\\\/visitmontenegro\",\"https:\\\/\\\/www.instagram.com\\\/visit_montenegro\\\/\",\"https:\\\/\\\/www.youtube.com\\\/user\\\/VisitMontenegro\"]}]}<\/script>\n<!-- \/ Yoast SEO plugin. -->","yoast_head_json":{"title":"Njegu\u0161i - Visit Montenegro","description":"Istra\u017eite Njegu\u0161e u Crnoj Gori: istorijsko mjesto ro\u0111enja Njego\u0161a, poznato po pr\u0161utu, siru i kulturnoj ba\u0161tini. Planirajte svoj put u ovo planinsko selo.","robots":{"index":"index","follow":"follow","max-snippet":"max-snippet:-1","max-image-preview":"max-image-preview:large","max-video-preview":"max-video-preview:-1"},"canonical":"https:\/\/www.visit-montenegro.com\/me\/destinacije\/cetinje\/atrakcije\/njegusi\/","og_locale":"en_US","og_type":"article","og_title":"Njegu\u0161i - Visit Montenegro","og_description":"Istra\u017eite Njegu\u0161e u Crnoj Gori: istorijsko mjesto ro\u0111enja Njego\u0161a, poznato po pr\u0161utu, siru i kulturnoj ba\u0161tini. Planirajte svoj put u ovo planinsko selo.","og_url":"https:\/\/www.visit-montenegro.com\/me\/destinacije\/cetinje\/atrakcije\/njegusi\/","og_site_name":"Visit Montenegro","article_publisher":"https:\/\/www.facebook.com\/visitmontenegro","article_modified_time":"2026-02-22T16:05:16+00:00","og_image":[{"width":1600,"height":1067,"url":"https:\/\/www.visit-montenegro.com\/wp-content\/uploads\/2026\/02\/cetinje-njegusi-copy.jpg","type":"image\/jpeg"}],"twitter_card":"summary_large_image","twitter_site":"@visitmontenegro","twitter_misc":{"Est. reading time":"2 minutes"},"schema":{"@context":"https:\/\/schema.org","@graph":[{"@type":"WebPage","@id":"https:\/\/www.visit-montenegro.com\/me\/destinacije\/cetinje\/atrakcije\/njegusi\/","url":"https:\/\/www.visit-montenegro.com\/me\/destinacije\/cetinje\/atrakcije\/njegusi\/","name":"Njegu\u0161i - Visit Montenegro","isPartOf":{"@id":"https:\/\/www.visit-montenegro.com\/me\/#website"},"primaryImageOfPage":{"@id":"https:\/\/www.visit-montenegro.com\/me\/destinacije\/cetinje\/atrakcije\/njegusi\/#primaryimage"},"image":{"@id":"https:\/\/www.visit-montenegro.com\/me\/destinacije\/cetinje\/atrakcije\/njegusi\/#primaryimage"},"thumbnailUrl":"https:\/\/www.visit-montenegro.com\/wp-content\/uploads\/2026\/02\/cetinje-njegusi-copy.jpg","datePublished":"2026-01-27T20:44:33+00:00","dateModified":"2026-02-22T16:05:16+00:00","description":"Istra\u017eite Njegu\u0161e u Crnoj Gori: istorijsko mjesto ro\u0111enja Njego\u0161a, poznato po pr\u0161utu, siru i kulturnoj ba\u0161tini. Planirajte svoj put u ovo planinsko selo.","breadcrumb":{"@id":"https:\/\/www.visit-montenegro.com\/me\/destinacije\/cetinje\/atrakcije\/njegusi\/#breadcrumb"},"inLanguage":"sr-Latn-ME","potentialAction":[{"@type":"ReadAction","target":["https:\/\/www.visit-montenegro.com\/me\/destinacije\/cetinje\/atrakcije\/njegusi\/"]}]},{"@type":"ImageObject","inLanguage":"sr-Latn-ME","@id":"https:\/\/www.visit-montenegro.com\/me\/destinacije\/cetinje\/atrakcije\/njegusi\/#primaryimage","url":"https:\/\/www.visit-montenegro.com\/wp-content\/uploads\/2026\/02\/cetinje-njegusi-copy.jpg","contentUrl":"https:\/\/www.visit-montenegro.com\/wp-content\/uploads\/2026\/02\/cetinje-njegusi-copy.jpg","width":1600,"height":1067},{"@type":"BreadcrumbList","@id":"https:\/\/www.visit-montenegro.com\/me\/destinacije\/cetinje\/atrakcije\/njegusi\/#breadcrumb","itemListElement":[{"@type":"ListItem","position":1,"name":"Home","item":"https:\/\/www.visit-montenegro.com\/me\/pocetna\/"},{"@type":"ListItem","position":2,"name":"Turisti\u010dke destinacije u Crnoj Gori","item":"https:\/\/www.visit-montenegro.com\/me\/destinacije\/"},{"@type":"ListItem","position":3,"name":"Cetinje","item":"https:\/\/www.visit-montenegro.com\/me\/destinations\/cetinje\/"},{"@type":"ListItem","position":4,"name":"Cetinje atrakcije","item":"https:\/\/www.visit-montenegro.com\/me\/destinations\/cetinje\/attractions\/"},{"@type":"ListItem","position":5,"name":"Njegu\u0161i"}]},{"@type":"WebSite","@id":"https:\/\/www.visit-montenegro.com\/me\/#website","url":"https:\/\/www.visit-montenegro.com\/me\/","name":"Visit Montenegro","description":"Breathtaking beauty","publisher":{"@id":"https:\/\/www.visit-montenegro.com\/me\/#organization"},"potentialAction":[{"@type":"SearchAction","target":{"@type":"EntryPoint","urlTemplate":"https:\/\/www.visit-montenegro.com\/me\/?s={search_term_string}"},"query-input":{"@type":"PropertyValueSpecification","valueRequired":true,"valueName":"search_term_string"}}],"inLanguage":"sr-Latn-ME"},{"@type":"Organization","@id":"https:\/\/www.visit-montenegro.com\/me\/#organization","name":"Visit Montenegro","url":"https:\/\/www.visit-montenegro.com\/me\/","logo":{"@type":"ImageObject","inLanguage":"sr-Latn-ME","@id":"https:\/\/www.visit-montenegro.com\/me\/#\/schema\/logo\/image\/","url":"https:\/\/www.visit-montenegro.com\/wp-content\/uploads\/2017\/10\/logo-amp.png","contentUrl":"https:\/\/www.visit-montenegro.com\/wp-content\/uploads\/2017\/10\/logo-amp.png","width":190,"height":36,"caption":"Visit Montenegro"},"image":{"@id":"https:\/\/www.visit-montenegro.com\/me\/#\/schema\/logo\/image\/"},"sameAs":["https:\/\/www.facebook.com\/visitmontenegro","https:\/\/x.com\/visitmontenegro","https:\/\/www.instagram.com\/visit_montenegro\/","https:\/\/www.youtube.com\/user\/VisitMontenegro"]}]}},"translations":[],"_links":{"self":[{"href":"https:\/\/www.visit-montenegro.com\/me\/wp-json\/wp\/v2\/pages\/134780","targetHints":{"allow":["GET"]}}],"collection":[{"href":"https:\/\/www.visit-montenegro.com\/me\/wp-json\/wp\/v2\/pages"}],"about":[{"href":"https:\/\/www.visit-montenegro.com\/me\/wp-json\/wp\/v2\/types\/page"}],"author":[{"embeddable":true,"href":"https:\/\/www.visit-montenegro.com\/me\/wp-json\/wp\/v2\/users\/1"}],"replies":[{"embeddable":true,"href":"https:\/\/www.visit-montenegro.com\/me\/wp-json\/wp\/v2\/comments?post=134780"}],"version-history":[{"count":0,"href":"https:\/\/www.visit-montenegro.com\/me\/wp-json\/wp\/v2\/pages\/134780\/revisions"}],"up":[{"embeddable":true,"href":"https:\/\/www.visit-montenegro.com\/me\/wp-json\/wp\/v2\/pages\/134806"}],"wp:featuredmedia":[{"embeddable":true,"href":"https:\/\/www.visit-montenegro.com\/me\/wp-json\/wp\/v2\/media\/134781"}],"wp:attachment":[{"href":"https:\/\/www.visit-montenegro.com\/me\/wp-json\/wp\/v2\/media?parent=134780"}],"wp:term":[{"taxonomy":"post_tag","embeddable":true,"href":"https:\/\/www.visit-montenegro.com\/me\/wp-json\/wp\/v2\/tags?post=134780"}],"curies":[{"name":"wp","href":"https:\/\/api.w.org\/{rel}","templated":true}]}}