{"id":134791,"date":"2026-01-27T21:44:33","date_gmt":"2026-01-27T20:44:33","guid":{"rendered":"https:\/\/new.visit-montenegro.com\/rijeka-crnojevica\/"},"modified":"2026-02-22T17:05:16","modified_gmt":"2026-02-22T16:05:16","slug":"rijeka-crnojevica","status":"publish","type":"page","link":"https:\/\/www.visit-montenegro.com\/me\/destinacije\/cetinje\/atrakcije\/rijeka-crnojevica\/","title":{"rendered":"Rijeka Crnojevi\u0107a"},"content":{"rendered":"\n<p>Rijeka Crnojevi\u0107a je istorijsko i slikovito selo u Crnoj Gori, \u010desto nazivano &#8220;Crnogorska Nica&#8221; ili &#8220;Mala Venecija&#8221;, poznato po svojoj zadivljuju\u0107oj prirodnoj ljepoti, bogatoj istoriji kao nekada\u0161njem trgova\u010dkom centru i mirnoj atmosferi na Skadarskom jezeru.<\/p>\n\n<hr class=\"wp-block-separator has-alpha-channel-opacity\"\/>\n\n<h2 class=\"wp-block-heading\">Putovanje do Rijeke Crnojevi\u0107a<\/h2>\n\n<p>Na 16. km puta od Cetinja prema Podgorici nalazi se vidljivo obele\u017eena tabla sa putokazom za <strong>Rijeku Crnojevi\u0107a<\/strong>. Taj deo Crne Gore i Cetinja te\u0161ko da \u0107e vam biti nezanimljiv, jer je u pro\u0161losti, posebno u periodu vladavine kralja Nikole, kori\u0161\u0107en kao zimska kraljeva rezidencija, a zbog svoje neobi\u010dne ljepote i prirodnog okru\u017eenja dobio je naziv &#8220;Crnogorska Nica&#8221;. Ljepota <strong>Rijeke Crnojevi\u0107a<\/strong>, ma koliko dobro opisana, te\u0161ko da se mo\u017ee zamisliti dok se ne stigne tamo i ne vidi to li\u010dno. O tome najbolje govori sve \u010de\u0161\u0107e kori\u0161\u0107eni naziv &#8216;Mala Venecija&#8221; na koji su se brzo i lako privikli gotovo svi posjetioci i turisti. Najbolje je do\u0107i do <strong>Rijeke Crnojevi\u0107a<\/strong> vlastitim autom, iznajmljenim vozilom ili taksijem. Ako \u017eelite do\u0107i do <strong>Rijeke Crnojevi\u0107a<\/strong> sa Cetinja ili sa obale, a strastveni ste ljubitelj prirode, onda je najbolje da se zaustavite na samom skretanju ka <strong>Rijeci Crnojevi\u0107a<\/strong> i lagano se spustite krivudavim putem do samog odredi\u0161ta.<\/p>\n\n<p>Na <strong>Rijeci Crnojevi\u0107a<\/strong> vrijeme koje je stalo i ljudsko zaboravljanje sa\u010duvali su ljepotu prirode netaknutom, ali su tako\u0111e uticali da samo ru\u0161evine sada mogu govoriti o slavnoj istoriji nekada najja\u010deg trgova\u010dkog centra.<\/p>\n\n<figure class=\"wp-block-image size-full\"><img loading=\"lazy\" decoding=\"async\" width=\"1600\" height=\"1068\" src=\"https:\/\/www.visit-montenegro.com\/wp-content\/uploads\/2026\/01\/lake-skadar-pavlova-strana-scaled.jpg\" alt=\"\" class=\"wp-image-36132\" srcset=\"https:\/\/www.visit-montenegro.com\/wp-content\/uploads\/2026\/01\/lake-skadar-pavlova-strana-scaled.jpg 1600w, https:\/\/www.visit-montenegro.com\/wp-content\/uploads\/2026\/01\/lake-skadar-pavlova-strana-300x200.jpg 300w, https:\/\/www.visit-montenegro.com\/wp-content\/uploads\/2026\/01\/lake-skadar-pavlova-strana-1024x684.jpg 1024w, https:\/\/www.visit-montenegro.com\/wp-content\/uploads\/2026\/01\/lake-skadar-pavlova-strana-768x513.jpg 768w, https:\/\/www.visit-montenegro.com\/wp-content\/uploads\/2026\/01\/lake-skadar-pavlova-strana-1536x1026.jpg 1536w, https:\/\/www.visit-montenegro.com\/wp-content\/uploads\/2026\/01\/lake-skadar-pavlova-strana-1200x801.jpg 1200w\" sizes=\"auto, (max-width: 1600px) 100vw, 1600px\" \/><figcaption class=\"wp-element-caption\">Kanjon rijeke Crnojevi\u0107a u Nacionalnom parku Skadarsko jezero. Jedan od najpoznatijih pogleda u Crnoj Gori. Zelena piramida i zavoj rijeke izme\u0111u planina.<\/figcaption><\/figure>\n\n<h2 class=\"wp-block-heading\">Istorijski zna\u010daj Rijeke Crnojevi\u0107a<\/h2>\n\n<p><strong>Rijeka Crnojevi\u0107a<\/strong> ima svoju vrlo burnu, ali iznad svega zna\u010dajnu istoriju za Crnogorce. Naime, to mjesto je po\u010detkom XV vijeka bilo glavni grad osniva\u010da Cetinja Ivana Crnojevi\u0107a. Pravoslavna eparhija je u to vrijeme preme\u0161tena sa Vranjine (mjesto poznato po snimanju crnogorskih filmova reditelja \u017divka Nikoli\u0107a) na Obod, brdo iznad <strong>Rijeke Crnojevi\u0107a<\/strong>.<\/p>\n\n<p>Trideset godina nakon Gutenberga, na Obodu su izlivena \u0107irili\u010dna olovna slova i zapo\u010deo je rad prve \u0161tamparije kod ju\u017enih Slovena.<\/p>\n\n<p>Na <strong>Rijeci Crnojevi\u0107a<\/strong> je nekada bila zimska ku\u0107a poznate crnogorske dinastije Petrovi\u0107, jer na ovom mjestu skoro da nije bilo vjetra, a klima je bila \u010dak bla\u017ea nego na obali. \u010cuveni most preko rijeke sagradio je 1853. godine knez Danilo, dok je ve\u0107i most, koji povezuje Rijeku sa Virpazarom, sagradio knez Nikola 1905. godine.<\/p>\n\n<figure class=\"wp-block-image size-full\"><img loading=\"lazy\" decoding=\"async\" width=\"1600\" height=\"1064\" src=\"https:\/\/www.visit-montenegro.com\/wp-content\/uploads\/2026\/01\/rijeka-crnojevica-bridge-scaled.jpg\" alt=\"\" class=\"wp-image-36135\" srcset=\"https:\/\/www.visit-montenegro.com\/wp-content\/uploads\/2026\/01\/rijeka-crnojevica-bridge-scaled.jpg 1600w, https:\/\/www.visit-montenegro.com\/wp-content\/uploads\/2026\/01\/rijeka-crnojevica-bridge-300x200.jpg 300w, https:\/\/www.visit-montenegro.com\/wp-content\/uploads\/2026\/01\/rijeka-crnojevica-bridge-1024x681.jpg 1024w, https:\/\/www.visit-montenegro.com\/wp-content\/uploads\/2026\/01\/rijeka-crnojevica-bridge-768x511.jpg 768w, https:\/\/www.visit-montenegro.com\/wp-content\/uploads\/2026\/01\/rijeka-crnojevica-bridge-1536x1022.jpg 1536w, https:\/\/www.visit-montenegro.com\/wp-content\/uploads\/2026\/01\/rijeka-crnojevica-bridge-1200x798.jpg 1200w\" sizes=\"auto, (max-width: 1600px) 100vw, 1600px\" \/><figcaption class=\"wp-element-caption\">Stari grad Rijeke Crnojevi\u0107a i drevni kameni lu\u010dni most. Popularno turisti\u010dko odredi\u0161te za izlete brodom rijekom Crnojevi\u0107a i Nacionalnim parkom Skadarsko jezero.<\/figcaption><\/figure>\n\n<h2 class=\"wp-block-heading\">Ekonomsko i kulturno naslje\u0111e<\/h2>\n\n<p>Tokom XIX i po\u010detkom XX vijeka <strong>Rijeka Crnojevi\u0107a<\/strong> je bila najva\u017enija pijaca u ovom dijelu Balkana. Na italijanskim trpezama proizvod iz ovih krajeva \u2013 su\u0161ena uklija bio je vrlo cijenjen. U Rijeci su sve tri vjere \u017eivjele i trgovale sre\u0107no, a smatralo se da su muslimani najbolji trgovci.<\/p>\n\n<p>Veliko bogatstvo ovog podru\u010dja bile su ku\u0107e koje su se nalazile na jezerskim &#8220;o\u010dima&#8221; (mali bazeni) kojih ima mnogo u ovom podru\u010dju i koji su vrlo bogati ribom. Prije balkanskih ratova Rijeka je bila puna manufakturnih radnji, a upravo ovdje je otvorena prva apoteka u Crnoj Gori, kao i prva oru\u017earnica. U fabrici &#8220;Marica&#8221; smje\u0161tenoj u <strong>Rijeci Crnojevi\u0107a<\/strong>, proizvodio se biser od ribljih ljuski.<\/p>\n\n<p>Da je <strong>Rijeka Crnojevi\u0107a<\/strong> prvenstveno ribarsko mjesto, mo\u017eemo vidjeti po ribarskoj fabrici &#8220;Ribastvo&#8221;, koja se nalazi odmah pored puta ka njoj.<br\/>Ono \u0161to je nekada bilo trgova\u010dko i ribarsko mjesto, do nedavno je bilo vrlo devastirano, ali je obnovljeno i izgra\u0111ena je \u0161etali\u0161na staza, kao i Danilov most, a sa obje strane Rijeke izgra\u0111eni su kameni zidovi.<\/p>\n\n<figure class=\"wp-block-image size-full\"><img loading=\"lazy\" decoding=\"async\" width=\"1600\" height=\"1067\" src=\"https:\/\/www.visit-montenegro.com\/wp-content\/uploads\/2026\/02\/rijeka-crnojevica-02-copy.jpg\" alt=\"\" class=\"wp-image-133798\" srcset=\"https:\/\/www.visit-montenegro.com\/wp-content\/uploads\/2026\/02\/rijeka-crnojevica-02-copy.jpg 1600w, https:\/\/www.visit-montenegro.com\/wp-content\/uploads\/2026\/02\/rijeka-crnojevica-02-copy-300x200.jpg 300w, https:\/\/www.visit-montenegro.com\/wp-content\/uploads\/2026\/02\/rijeka-crnojevica-02-copy-1024x683.jpg 1024w, https:\/\/www.visit-montenegro.com\/wp-content\/uploads\/2026\/02\/rijeka-crnojevica-02-copy-768x512.jpg 768w, https:\/\/www.visit-montenegro.com\/wp-content\/uploads\/2026\/02\/rijeka-crnojevica-02-copy-1536x1024.jpg 1536w\" sizes=\"auto, (max-width: 1600px) 100vw, 1600px\" \/><figcaption class=\"wp-element-caption\">Rijeka Crnojevi\u0107a, Skadarsko jezero<\/figcaption><\/figure>\n\n<h2 class=\"wp-block-heading\">Turizam i prirodne atrakcije<\/h2>\n\n<p>Turisti svakodnevno, posebno tokom ljeta, rado posje\u0107uju <strong>Rijeku Crnojevi\u0107a<\/strong>. Ovdje dolaze ljubitelji prirode, zaljubljenici u dobru fotografiju i neobi\u010dne pejza\u017ee. \u010cesto na <strong>Rijeci Crnojevi\u0107a<\/strong> mogu ostati cijeli dan i slikati svojim kamerama bez umora. Poznati reditelj Emir Kusturica i svjetski prvak u kanu vo\u017enji \u010desti su gosti <strong>Rijeke Crnojevi\u0107a<\/strong>, a posebno sela Dobrosko, koje je okru\u017eeno malim vinogradima od \u010dijih sorti se prave poznate vinske loze i rakije Crne Gore. Fjord <strong>Rijeke Crnojevi\u0107a<\/strong>, godinama odu\u0161evljava brojne pojedince koji se bave razli\u010ditim vrstama umjetnosti, i nije \u010dudno \u0161to se motivi poznatog Danilovog mosta na Rijeci nalaze na kalendarima, razglednicama i atlasima koji se nalaze i kupuju \u0161irom svijeta.<\/p>\n\n<p>Ako uzmete drveni kanu i sa vrlo lijepo izgra\u0111ene luke se spustite niz vodu, mo\u017eete voziti u pravcu poznatog mjesta Karu\u010d, gdje se nalazi poznata vikendica Svetog Petra sa Cetinja, koja iako je zapu\u0161tena, u sebi ima ne\u0161to od starog vremena.<\/p>\n\n<p>U tom podru\u010dju oduvijek su \u017eivjeli ribari. Imaju poznate vinograde. Za osvje\u017eenje i odmor od putovanja ili vo\u017enje, u Karu\u010du postoji mala ku\u0107a \u2013 restoran, sa samo 3 ili 4 stola, ali turistima se nude bogata i raznovrsna jela. Uglavnom je to riba iz Rijeke i crno crnogorsko vino, koje vlasnici restorana sami prave. Kada prolazite kroz <strong>Rijeku Crnojevi\u0107a<\/strong>, lijepo je posjetiti selo Dodosi, u kojem su snimani poznati klapni crnogorsko-francuskog filma &#8220;Nevidljivo \u010dudo&#8221; reditelja \u017divka Nikoli\u0107a. U selu se nalaze neobi\u010dno gra\u0111ene ku\u0107e, koje se naslanjaju jedna na drugu, a po cijelom podru\u010dju \u0161iri se miris ribe, dimljene ili pr\u017eene deverike, ili dobro osu\u0161ene slane uklije.<\/p>\n\n<h2 class=\"wp-block-heading\">Revitalizacija i budu\u0107i izgledi<\/h2>\n\n<p>Postoje razne inicijative za revitalizaciju <strong>Rijeke Crnojevi\u0107a<\/strong>. Novi izgled Rijeke podrazumijeva postavljanje nove \u010desme na mjestu stare, adaptaciju zapu\u0161tenih zelenih povr\u0161ina i obnovu objekata i ku\u0107a. Lokalni stanovnici <strong>Rijeke Crnojevi\u0107a<\/strong> se nadaju da \u0107e biti napravljen asfaltni put od Izvora do Oboda, kako bi turisti i posjetioci mogli vidjeti stare mlinove, koji \u0107e, umjesto za mlevenje, slu\u017eiti vlasnicima restorana za izgradnju atraktivnih restorana i mjesta za odmor.<br\/>Tako\u0111e, na lokalitetu zvanom &#8220;Zabran Kralja Nikole&#8221;, blizu <strong>Rijeke Crnojevi\u0107a<\/strong>, bi\u0107e popravljen dio ograde i izgra\u0111ena ku\u0107a za smje\u0161taj hrane i vodene hale, koje \u0107e uglavnom koristiti strastveni lovci (safari \u2013 lov) i brojni ljubitelji divlja\u010di, koji \u0107e do\u0107i na Rijeku da posmatraju jelensku divlja\u010d, kojom \u0107e zabran uskoro biti oboga\u0107en. Rezervat je bogat jelenskom divlja\u010di, a postoji ideja da se taj prostor pretvori u ZOO. Do tada treba da u\u017eivamo u stvarima koje nam Rijeka sada nudi.<\/p>\n\n<h2 class=\"wp-block-heading\">Mirna atmosfera Rijeke Crnojevi\u0107a<\/h2>\n\n<p>Na <strong>Rijeci Crnojevi\u0107a<\/strong> stvara se neobi\u010dna emocija. Ponekad je te\u0161ko, a ponekad lako opisati je. Mir cijelog podru\u010dja stapaju se u neke \u010dudne tonove. Bo\u017eansko je osje\u0107anje koje podsje\u0107a na duhove pro\u0161lih vremena za\u010dinjene nekim \u010dudnim mirom, koji je poja\u010dan vizijom koju stvara voda koja skoro da ne te\u010de. O tome mo\u017eda najbolji svjedoci su stalni stanovnici pospane Rijeke i njene vode: rogoz, vodena metvica, njen ljepotu najbolje isti\u010du fini listovi bijelog i \u017eutog lokvanja, a ispod ribarskih kanua \u010desto se mogu na\u0107i primjerci jezerskih riba poput: \u0161arana, uklije, jegulje, deverike, lososa&#8230; Sve to ukra\u0161ava zeleni fjord i blaga klima koja ponekad zna biti jo\u0161 ugodnija od obalske, jer je stvorena planinskom svje\u017einom i lako\u0107om ju\u017enih struja.<\/p>\n\n<p>Taj mir prirode zna biti prekinut nekim starim ribarom ili nekoliko njih, koji ulaze\u0107i u svoje drvene kanue po\u010dinju \u0161iriti mre\u017ee ili pripremati harpune, kako bi vje\u0161to ulovili ribu, i tako dalje!<\/p>\n","protected":false},"excerpt":{"rendered":"<p>Otkrijte Rijeku Crnojevi\u0107a, crnogorsku &#8220;Malu Veneciju&#8221;, istorijsko selo na Skadarskom jezeru. Istra\u017eite njenu bogatu pro\u0161lost, zadivljuju\u0107u prirodnu ljepotu i mirnu atmosferu. Planirajte svoj posjet ovom slikovitom odredi\u0161tu za jedinstveno putni\u010dko iskustvo.<\/p>\n","protected":false},"author":1,"featured_media":134792,"parent":134806,"menu_order":0,"comment_status":"closed","ping_status":"closed","template":"","meta":{"_yoast_wpseo_focuskw":"Rijeka Crnojevi\u0107a","_yoast_wpseo_metadesc":"Istra\u017eite Rijeku Crnojevi\u0107a, crnogorsku \"Malu Veneciju\". Otkrijte njenu istoriju, prirodnu ljepotu i atrakcije na Skadarskom jezeru. Planirajte svoj put u ovo mirno odredi\u0161te.","_kad_post_transparent":"","_kad_post_title":"","_kad_post_layout":"","_kad_post_sidebar_id":"","_kad_post_content_style":"","_kad_post_vertical_padding":"","_kad_post_feature":"","_kad_post_feature_position":"","_kad_post_header":false,"_kad_post_footer":false,"_kad_post_classname":"","iawp_total_views":33,"footnotes":""},"tags":[],"class_list":["post-134791","page","type-page","status-publish","has-post-thumbnail","hentry"],"yoast_head":"<!-- This site is optimized with the Yoast SEO plugin v27.3 - https:\/\/yoast.com\/product\/yoast-seo-wordpress\/ -->\n<title>Rijeka Crnojevi\u0107a - Visit Montenegro<\/title>\n<meta name=\"description\" content=\"Istra\u017eite Rijeku Crnojevi\u0107a, crnogorsku &quot;Malu Veneciju&quot;. Otkrijte njenu istoriju, prirodnu ljepotu i atrakcije na Skadarskom jezeru. Planirajte svoj put u ovo mirno odredi\u0161te.\" \/>\n<meta name=\"robots\" content=\"index, follow, max-snippet:-1, max-image-preview:large, max-video-preview:-1\" \/>\n<link rel=\"canonical\" href=\"https:\/\/www.visit-montenegro.com\/me\/destinacije\/cetinje\/atrakcije\/rijeka-crnojevica\/\" \/>\n<meta property=\"og:locale\" content=\"en_US\" \/>\n<meta property=\"og:type\" content=\"article\" \/>\n<meta property=\"og:title\" content=\"Rijeka Crnojevi\u0107a - Visit Montenegro\" \/>\n<meta property=\"og:description\" content=\"Istra\u017eite Rijeku Crnojevi\u0107a, crnogorsku &quot;Malu Veneciju&quot;. Otkrijte njenu istoriju, prirodnu ljepotu i atrakcije na Skadarskom jezeru. Planirajte svoj put u ovo mirno odredi\u0161te.\" \/>\n<meta property=\"og:url\" content=\"https:\/\/www.visit-montenegro.com\/me\/destinacije\/cetinje\/atrakcije\/rijeka-crnojevica\/\" \/>\n<meta property=\"og:site_name\" content=\"Visit Montenegro\" \/>\n<meta property=\"article:publisher\" content=\"https:\/\/www.facebook.com\/visitmontenegro\" \/>\n<meta property=\"article:modified_time\" content=\"2026-02-22T16:05:16+00:00\" \/>\n<meta property=\"og:image\" content=\"https:\/\/www.visit-montenegro.com\/wp-content\/uploads\/2026\/02\/rijeka-crnojevica-03-copy.jpg\" \/>\n\t<meta property=\"og:image:width\" content=\"1600\" \/>\n\t<meta property=\"og:image:height\" content=\"1067\" \/>\n\t<meta property=\"og:image:type\" content=\"image\/jpeg\" \/>\n<meta name=\"twitter:card\" content=\"summary_large_image\" \/>\n<meta name=\"twitter:site\" content=\"@visitmontenegro\" \/>\n<meta name=\"twitter:label1\" content=\"Est. reading time\" \/>\n\t<meta name=\"twitter:data1\" content=\"6 minutes\" \/>\n<script type=\"application\/ld+json\" class=\"yoast-schema-graph\">{\"@context\":\"https:\\\/\\\/schema.org\",\"@graph\":[{\"@type\":\"WebPage\",\"@id\":\"https:\\\/\\\/www.visit-montenegro.com\\\/me\\\/destinacije\\\/cetinje\\\/atrakcije\\\/rijeka-crnojevica\\\/\",\"url\":\"https:\\\/\\\/www.visit-montenegro.com\\\/me\\\/destinacije\\\/cetinje\\\/atrakcije\\\/rijeka-crnojevica\\\/\",\"name\":\"Rijeka Crnojevi\u0107a - Visit Montenegro\",\"isPartOf\":{\"@id\":\"https:\\\/\\\/www.visit-montenegro.com\\\/me\\\/#website\"},\"primaryImageOfPage\":{\"@id\":\"https:\\\/\\\/www.visit-montenegro.com\\\/me\\\/destinacije\\\/cetinje\\\/atrakcije\\\/rijeka-crnojevica\\\/#primaryimage\"},\"image\":{\"@id\":\"https:\\\/\\\/www.visit-montenegro.com\\\/me\\\/destinacije\\\/cetinje\\\/atrakcije\\\/rijeka-crnojevica\\\/#primaryimage\"},\"thumbnailUrl\":\"https:\\\/\\\/www.visit-montenegro.com\\\/wp-content\\\/uploads\\\/2026\\\/02\\\/rijeka-crnojevica-03-copy.jpg\",\"datePublished\":\"2026-01-27T20:44:33+00:00\",\"dateModified\":\"2026-02-22T16:05:16+00:00\",\"description\":\"Istra\u017eite Rijeku Crnojevi\u0107a, crnogorsku \\\"Malu Veneciju\\\". Otkrijte njenu istoriju, prirodnu ljepotu i atrakcije na Skadarskom jezeru. Planirajte svoj put u ovo mirno odredi\u0161te.\",\"breadcrumb\":{\"@id\":\"https:\\\/\\\/www.visit-montenegro.com\\\/me\\\/destinacije\\\/cetinje\\\/atrakcije\\\/rijeka-crnojevica\\\/#breadcrumb\"},\"inLanguage\":\"sr-Latn-ME\",\"potentialAction\":[{\"@type\":\"ReadAction\",\"target\":[\"https:\\\/\\\/www.visit-montenegro.com\\\/me\\\/destinacije\\\/cetinje\\\/atrakcije\\\/rijeka-crnojevica\\\/\"]}]},{\"@type\":\"ImageObject\",\"inLanguage\":\"sr-Latn-ME\",\"@id\":\"https:\\\/\\\/www.visit-montenegro.com\\\/me\\\/destinacije\\\/cetinje\\\/atrakcije\\\/rijeka-crnojevica\\\/#primaryimage\",\"url\":\"https:\\\/\\\/www.visit-montenegro.com\\\/wp-content\\\/uploads\\\/2026\\\/02\\\/rijeka-crnojevica-03-copy.jpg\",\"contentUrl\":\"https:\\\/\\\/www.visit-montenegro.com\\\/wp-content\\\/uploads\\\/2026\\\/02\\\/rijeka-crnojevica-03-copy.jpg\",\"width\":1600,\"height\":1067},{\"@type\":\"BreadcrumbList\",\"@id\":\"https:\\\/\\\/www.visit-montenegro.com\\\/me\\\/destinacije\\\/cetinje\\\/atrakcije\\\/rijeka-crnojevica\\\/#breadcrumb\",\"itemListElement\":[{\"@type\":\"ListItem\",\"position\":1,\"name\":\"Home\",\"item\":\"https:\\\/\\\/www.visit-montenegro.com\\\/me\\\/pocetna\\\/\"},{\"@type\":\"ListItem\",\"position\":2,\"name\":\"Turisti\u010dke destinacije u Crnoj Gori\",\"item\":\"https:\\\/\\\/www.visit-montenegro.com\\\/me\\\/destinacije\\\/\"},{\"@type\":\"ListItem\",\"position\":3,\"name\":\"Cetinje\",\"item\":\"https:\\\/\\\/www.visit-montenegro.com\\\/me\\\/destinations\\\/cetinje\\\/\"},{\"@type\":\"ListItem\",\"position\":4,\"name\":\"Cetinje atrakcije\",\"item\":\"https:\\\/\\\/www.visit-montenegro.com\\\/me\\\/destinations\\\/cetinje\\\/attractions\\\/\"},{\"@type\":\"ListItem\",\"position\":5,\"name\":\"Rijeka Crnojevi\u0107a\"}]},{\"@type\":\"WebSite\",\"@id\":\"https:\\\/\\\/www.visit-montenegro.com\\\/me\\\/#website\",\"url\":\"https:\\\/\\\/www.visit-montenegro.com\\\/me\\\/\",\"name\":\"Visit Montenegro\",\"description\":\"Breathtaking beauty\",\"publisher\":{\"@id\":\"https:\\\/\\\/www.visit-montenegro.com\\\/me\\\/#organization\"},\"potentialAction\":[{\"@type\":\"SearchAction\",\"target\":{\"@type\":\"EntryPoint\",\"urlTemplate\":\"https:\\\/\\\/www.visit-montenegro.com\\\/me\\\/?s={search_term_string}\"},\"query-input\":{\"@type\":\"PropertyValueSpecification\",\"valueRequired\":true,\"valueName\":\"search_term_string\"}}],\"inLanguage\":\"sr-Latn-ME\"},{\"@type\":\"Organization\",\"@id\":\"https:\\\/\\\/www.visit-montenegro.com\\\/me\\\/#organization\",\"name\":\"Visit Montenegro\",\"url\":\"https:\\\/\\\/www.visit-montenegro.com\\\/me\\\/\",\"logo\":{\"@type\":\"ImageObject\",\"inLanguage\":\"sr-Latn-ME\",\"@id\":\"https:\\\/\\\/www.visit-montenegro.com\\\/me\\\/#\\\/schema\\\/logo\\\/image\\\/\",\"url\":\"https:\\\/\\\/www.visit-montenegro.com\\\/wp-content\\\/uploads\\\/2017\\\/10\\\/logo-amp.png\",\"contentUrl\":\"https:\\\/\\\/www.visit-montenegro.com\\\/wp-content\\\/uploads\\\/2017\\\/10\\\/logo-amp.png\",\"width\":190,\"height\":36,\"caption\":\"Visit Montenegro\"},\"image\":{\"@id\":\"https:\\\/\\\/www.visit-montenegro.com\\\/me\\\/#\\\/schema\\\/logo\\\/image\\\/\"},\"sameAs\":[\"https:\\\/\\\/www.facebook.com\\\/visitmontenegro\",\"https:\\\/\\\/x.com\\\/visitmontenegro\",\"https:\\\/\\\/www.instagram.com\\\/visit_montenegro\\\/\",\"https:\\\/\\\/www.youtube.com\\\/user\\\/VisitMontenegro\"]}]}<\/script>\n<!-- \/ Yoast SEO plugin. -->","yoast_head_json":{"title":"Rijeka Crnojevi\u0107a - Visit Montenegro","description":"Istra\u017eite Rijeku Crnojevi\u0107a, crnogorsku \"Malu Veneciju\". Otkrijte njenu istoriju, prirodnu ljepotu i atrakcije na Skadarskom jezeru. Planirajte svoj put u ovo mirno odredi\u0161te.","robots":{"index":"index","follow":"follow","max-snippet":"max-snippet:-1","max-image-preview":"max-image-preview:large","max-video-preview":"max-video-preview:-1"},"canonical":"https:\/\/www.visit-montenegro.com\/me\/destinacije\/cetinje\/atrakcije\/rijeka-crnojevica\/","og_locale":"en_US","og_type":"article","og_title":"Rijeka Crnojevi\u0107a - Visit Montenegro","og_description":"Istra\u017eite Rijeku Crnojevi\u0107a, crnogorsku \"Malu Veneciju\". Otkrijte njenu istoriju, prirodnu ljepotu i atrakcije na Skadarskom jezeru. Planirajte svoj put u ovo mirno odredi\u0161te.","og_url":"https:\/\/www.visit-montenegro.com\/me\/destinacije\/cetinje\/atrakcije\/rijeka-crnojevica\/","og_site_name":"Visit Montenegro","article_publisher":"https:\/\/www.facebook.com\/visitmontenegro","article_modified_time":"2026-02-22T16:05:16+00:00","og_image":[{"width":1600,"height":1067,"url":"https:\/\/www.visit-montenegro.com\/wp-content\/uploads\/2026\/02\/rijeka-crnojevica-03-copy.jpg","type":"image\/jpeg"}],"twitter_card":"summary_large_image","twitter_site":"@visitmontenegro","twitter_misc":{"Est. reading time":"6 minutes"},"schema":{"@context":"https:\/\/schema.org","@graph":[{"@type":"WebPage","@id":"https:\/\/www.visit-montenegro.com\/me\/destinacije\/cetinje\/atrakcije\/rijeka-crnojevica\/","url":"https:\/\/www.visit-montenegro.com\/me\/destinacije\/cetinje\/atrakcije\/rijeka-crnojevica\/","name":"Rijeka Crnojevi\u0107a - Visit Montenegro","isPartOf":{"@id":"https:\/\/www.visit-montenegro.com\/me\/#website"},"primaryImageOfPage":{"@id":"https:\/\/www.visit-montenegro.com\/me\/destinacije\/cetinje\/atrakcije\/rijeka-crnojevica\/#primaryimage"},"image":{"@id":"https:\/\/www.visit-montenegro.com\/me\/destinacije\/cetinje\/atrakcije\/rijeka-crnojevica\/#primaryimage"},"thumbnailUrl":"https:\/\/www.visit-montenegro.com\/wp-content\/uploads\/2026\/02\/rijeka-crnojevica-03-copy.jpg","datePublished":"2026-01-27T20:44:33+00:00","dateModified":"2026-02-22T16:05:16+00:00","description":"Istra\u017eite Rijeku Crnojevi\u0107a, crnogorsku \"Malu Veneciju\". Otkrijte njenu istoriju, prirodnu ljepotu i atrakcije na Skadarskom jezeru. Planirajte svoj put u ovo mirno odredi\u0161te.","breadcrumb":{"@id":"https:\/\/www.visit-montenegro.com\/me\/destinacije\/cetinje\/atrakcije\/rijeka-crnojevica\/#breadcrumb"},"inLanguage":"sr-Latn-ME","potentialAction":[{"@type":"ReadAction","target":["https:\/\/www.visit-montenegro.com\/me\/destinacije\/cetinje\/atrakcije\/rijeka-crnojevica\/"]}]},{"@type":"ImageObject","inLanguage":"sr-Latn-ME","@id":"https:\/\/www.visit-montenegro.com\/me\/destinacije\/cetinje\/atrakcije\/rijeka-crnojevica\/#primaryimage","url":"https:\/\/www.visit-montenegro.com\/wp-content\/uploads\/2026\/02\/rijeka-crnojevica-03-copy.jpg","contentUrl":"https:\/\/www.visit-montenegro.com\/wp-content\/uploads\/2026\/02\/rijeka-crnojevica-03-copy.jpg","width":1600,"height":1067},{"@type":"BreadcrumbList","@id":"https:\/\/www.visit-montenegro.com\/me\/destinacije\/cetinje\/atrakcije\/rijeka-crnojevica\/#breadcrumb","itemListElement":[{"@type":"ListItem","position":1,"name":"Home","item":"https:\/\/www.visit-montenegro.com\/me\/pocetna\/"},{"@type":"ListItem","position":2,"name":"Turisti\u010dke destinacije u Crnoj Gori","item":"https:\/\/www.visit-montenegro.com\/me\/destinacije\/"},{"@type":"ListItem","position":3,"name":"Cetinje","item":"https:\/\/www.visit-montenegro.com\/me\/destinations\/cetinje\/"},{"@type":"ListItem","position":4,"name":"Cetinje atrakcije","item":"https:\/\/www.visit-montenegro.com\/me\/destinations\/cetinje\/attractions\/"},{"@type":"ListItem","position":5,"name":"Rijeka Crnojevi\u0107a"}]},{"@type":"WebSite","@id":"https:\/\/www.visit-montenegro.com\/me\/#website","url":"https:\/\/www.visit-montenegro.com\/me\/","name":"Visit Montenegro","description":"Breathtaking beauty","publisher":{"@id":"https:\/\/www.visit-montenegro.com\/me\/#organization"},"potentialAction":[{"@type":"SearchAction","target":{"@type":"EntryPoint","urlTemplate":"https:\/\/www.visit-montenegro.com\/me\/?s={search_term_string}"},"query-input":{"@type":"PropertyValueSpecification","valueRequired":true,"valueName":"search_term_string"}}],"inLanguage":"sr-Latn-ME"},{"@type":"Organization","@id":"https:\/\/www.visit-montenegro.com\/me\/#organization","name":"Visit Montenegro","url":"https:\/\/www.visit-montenegro.com\/me\/","logo":{"@type":"ImageObject","inLanguage":"sr-Latn-ME","@id":"https:\/\/www.visit-montenegro.com\/me\/#\/schema\/logo\/image\/","url":"https:\/\/www.visit-montenegro.com\/wp-content\/uploads\/2017\/10\/logo-amp.png","contentUrl":"https:\/\/www.visit-montenegro.com\/wp-content\/uploads\/2017\/10\/logo-amp.png","width":190,"height":36,"caption":"Visit Montenegro"},"image":{"@id":"https:\/\/www.visit-montenegro.com\/me\/#\/schema\/logo\/image\/"},"sameAs":["https:\/\/www.facebook.com\/visitmontenegro","https:\/\/x.com\/visitmontenegro","https:\/\/www.instagram.com\/visit_montenegro\/","https:\/\/www.youtube.com\/user\/VisitMontenegro"]}]}},"translations":[],"_links":{"self":[{"href":"https:\/\/www.visit-montenegro.com\/me\/wp-json\/wp\/v2\/pages\/134791","targetHints":{"allow":["GET"]}}],"collection":[{"href":"https:\/\/www.visit-montenegro.com\/me\/wp-json\/wp\/v2\/pages"}],"about":[{"href":"https:\/\/www.visit-montenegro.com\/me\/wp-json\/wp\/v2\/types\/page"}],"author":[{"embeddable":true,"href":"https:\/\/www.visit-montenegro.com\/me\/wp-json\/wp\/v2\/users\/1"}],"replies":[{"embeddable":true,"href":"https:\/\/www.visit-montenegro.com\/me\/wp-json\/wp\/v2\/comments?post=134791"}],"version-history":[{"count":0,"href":"https:\/\/www.visit-montenegro.com\/me\/wp-json\/wp\/v2\/pages\/134791\/revisions"}],"up":[{"embeddable":true,"href":"https:\/\/www.visit-montenegro.com\/me\/wp-json\/wp\/v2\/pages\/134806"}],"wp:featuredmedia":[{"embeddable":true,"href":"https:\/\/www.visit-montenegro.com\/me\/wp-json\/wp\/v2\/media\/134792"}],"wp:attachment":[{"href":"https:\/\/www.visit-montenegro.com\/me\/wp-json\/wp\/v2\/media?parent=134791"}],"wp:term":[{"taxonomy":"post_tag","embeddable":true,"href":"https:\/\/www.visit-montenegro.com\/me\/wp-json\/wp\/v2\/tags?post=134791"}],"curies":[{"name":"wp","href":"https:\/\/api.w.org\/{rel}","templated":true}]}}