{"id":134811,"date":"2026-01-27T21:44:32","date_gmt":"2026-01-27T20:44:32","guid":{"rendered":"https:\/\/new.visit-montenegro.com\/istorija\/"},"modified":"2026-02-22T17:12:22","modified_gmt":"2026-02-22T16:12:22","slug":"istorija","status":"publish","type":"page","link":"https:\/\/www.visit-montenegro.com\/me\/destinacije\/ulcinj\/info\/istorija\/","title":{"rendered":"Istorija Ulcinja"},"content":{"rendered":"\n<p><strong>Istorija Ulcinja<\/strong> otkriva obalni grad stariji od 2000 godina, gdje su se isto\u010dne i zapadne kulture vijekovima sukobljavale, ostavljaju\u0107i bogato istorijsko naslje\u0111e koje se osje\u0107a na svakom koraku.<\/p>\n\n<hr class=\"wp-block-separator has-alpha-channel-opacity\"\/>\n\n<h2 class=\"wp-block-heading\">Drevni po\u010deci i rani razvoj<\/h2>\n\n<p>Prema istorijskim podacima, <a href=\"https:\/\/www.visit-montenegro.com\/me\/destinacije\/ulcinj\/\">Ulcinj<\/a> je jedan od najstarijih gradova na jadranskoj obali. Zaista, smatra se da je stariji od 2000 godina. Na ovom podru\u010dju, kulture Orijenta i Zapada vijekovima su se sukobljavale, \u0161to se mo\u017ee osjetiti na svakom koraku kroz bogatstvo istorijskog naslje\u0111a. Tragovi prvih naselja pojavljuju se jo\u0161 prije 5. vijeka p.n.e., a smatra se da su Ulcinj osnovali Iliri, ljudi indoevropskog porijekla. U vrijeme slobodne ilirske dr\u017eave, Ulcinj je do\u017eivio svoj najve\u0107i procvat. Originalno ime bilo je Kolhinijum, nazvano po Kolhidijancima, plemenu gr\u010dkog porijekla za koje se smatra da su osniva\u010di starog Ulcinjskog jezera.<\/p>\n\n<p>Prije 162. godine p.n.e., Ulcinjom je vladalo ilirsko pleme Olcinijanti, koje je u 2. vijeku p.n.e. osvojilo Rimljane, pa je drevni Kolhinijum postao Olcinijum. Tokom Rimskog carstva, Ulcinj je dobio status grada sa posebnim privilegijama (Opida civijum romanorum), kasnije postaju\u0107i grad sa privremeno nezavisnim statusom \u2013 Municipium. Nakon podjele Rimskog carstva, Ulcinj je pripadao provinciji Prevalis, dijelu Isto\u010dnog carstva, a stanovnici su postali kr\u0161\u0107ani.<\/p>\n\n<h2 class=\"wp-block-heading\">Srednjovjekovne transformacije i osvajanja<\/h2>\n\n<p>Zbog svog izvanrednog geografskog polo\u017eaja, blage klime i reljefa, Ulcinj je vijekovima bio meta osvaja\u010da. Ovaj crnogorski grad na krajnjem jugu \u010desto je ru\u0161en tokom ratova. Vizantijski car Justinijan je obnovio i izgradio Ulcinj, dok su Nemanji\u0107i, Bal\u0161i\u0107i, Mle\u010dani i Turci pro\u0161irili grad novim zgradama.<\/p>\n\n<p>Godine 1183, Ulcinj je preuzeo veliki srpski \u017eupan Stefan Nemanja, postaju\u0107i jedan od najzna\u010dajnijih obalnih gradova. Kao i u doba vladara Duklje (od 9. vijeka nadalje), Ulcinj je bio istaknuti obalni grad sa mje\u0161ovitim slovenskim, albanskim i rimskim gra\u0111anima. Nije bila stalna prijestolnica, ali su mo\u0107nici Zete i Primorja imali svoje rezidencije tamo.<\/p>\n\n<figure class=\"wp-block-image size-large\"><img loading=\"lazy\" decoding=\"async\" width=\"1024\" height=\"683\" src=\"https:\/\/www.visit-montenegro.com\/wp-content\/uploads\/2026\/01\/ulcinj-archeological-museum-1024x683.jpg\" alt=\"\" class=\"wp-image-36227\" srcset=\"https:\/\/www.visit-montenegro.com\/wp-content\/uploads\/2026\/01\/ulcinj-archeological-museum-1024x683.jpg 1024w, https:\/\/www.visit-montenegro.com\/wp-content\/uploads\/2026\/01\/ulcinj-archeological-museum-300x200.jpg 300w, https:\/\/www.visit-montenegro.com\/wp-content\/uploads\/2026\/01\/ulcinj-archeological-museum-768x512.jpg 768w, https:\/\/www.visit-montenegro.com\/wp-content\/uploads\/2026\/01\/ulcinj-archeological-museum-1536x1024.jpg 1536w, https:\/\/www.visit-montenegro.com\/wp-content\/uploads\/2026\/01\/ulcinj-archeological-museum-1200x800.jpg 1200w, https:\/\/www.visit-montenegro.com\/wp-content\/uploads\/2026\/01\/ulcinj-archeological-museum-scaled.jpg 1600w\" sizes=\"auto, (max-width: 1024px) 100vw, 1024px\" \/><figcaption class=\"wp-element-caption\">Arheolo\u0161ki muzej u Starom gradu, Ulcinj, Crna Gora<\/figcaption><\/figure>\n\n<p>Posebno u periodu vladavine Duklje i dr\u017eave Nemanji\u0107a, Ulcinj je dobio srednjovjekovni karakter. U to vrijeme, bio je va\u017eno trgova\u010dko i pomorsko sredi\u0161te sa autonomijom unutar Ra\u0161ke dr\u017eave. Politi\u010dki zna\u010daj Ulcinja bio je vrlo izra\u017een u doba Bal\u0161i\u0107a, posebno pod \u0110uradjem Stratimirovi\u0107em Bal\u0161i\u0107em (1385\u20131403).<\/p>\n\n<p>Krajem 13. vijeka, \u010dak su i Mongoli napali Ulcinj, izvr\u0161iv\u0161i neuspje\u0161nu opsadu. Nakon neuspjeha, razorili su grad Sva\u010d (blizu Ulcinja \u2013 danas mrtav grad) i pobili sve njegove stanovnike.<\/p>\n\n<h2 class=\"wp-block-heading\">Mleta\u010dka i osmanska vladavina<\/h2>\n\n<p>Nakon pada dr\u017eave Zeta 1405. godine, Ulcinj su preuzeli Mle\u010dani, koji su vladali 150 godina. Ulcinj je bio pod turskom vla\u0161\u0107u do 1571. godine, kada je definitivno pao u ruke te\u0161ke turske ruke. U pore\u0111enju sa susjednim gradovima na Primorju, Ulcinj je prili\u010dno kasno pao pod osmansku kontrolu, 90 godina nakon pada Herceg Novog (1482\u20131483).<\/p>\n\n<figure class=\"wp-block-image size-large\"><img loading=\"lazy\" decoding=\"async\" width=\"1024\" height=\"708\" src=\"https:\/\/www.visit-montenegro.com\/wp-content\/uploads\/2026\/01\/ulcinj-old-town-stairs-1024x708.jpg\" alt=\"\" class=\"wp-image-36238\" srcset=\"https:\/\/www.visit-montenegro.com\/wp-content\/uploads\/2026\/01\/ulcinj-old-town-stairs-1024x708.jpg 1024w, https:\/\/www.visit-montenegro.com\/wp-content\/uploads\/2026\/01\/ulcinj-old-town-stairs-300x208.jpg 300w, https:\/\/www.visit-montenegro.com\/wp-content\/uploads\/2026\/01\/ulcinj-old-town-stairs-768x531.jpg 768w, https:\/\/www.visit-montenegro.com\/wp-content\/uploads\/2026\/01\/ulcinj-old-town-stairs-1536x1062.jpg 1536w, https:\/\/www.visit-montenegro.com\/wp-content\/uploads\/2026\/01\/ulcinj-old-town-stairs-1200x830.jpg 1200w, https:\/\/www.visit-montenegro.com\/wp-content\/uploads\/2026\/01\/ulcinj-old-town-stairs-scaled.jpg 1600w\" sizes=\"auto, (max-width: 1024px) 100vw, 1024px\" \/><figcaption class=\"wp-element-caption\">stepenice i kameni luk u Starom gradu Ulcinja, Crna Gora<\/figcaption><\/figure>\n\n<p>Kao i tokom vladavine Mleta\u010dke republike, Ulcinj je imao evidentno utvr\u0111enje, strate\u0161ki, pomorski, ekonomski i politi\u010dki zna\u010daj, turski osvaja\u010di su nastavili da razvijaju strate\u0161ke ciljeve. Ipak, tokom ere turske vladavine nad gradom, Ulcinj je dobio potpuno orijentalni izgled. Izgra\u0111ene su d\u017eamije, turske kupatila, \u010desme, stra\u017earnice, hanovi i grobnice. Sve u gradu prilago\u0111eno je novim gospodarima.<\/p>\n\n<p>Ulcinj je tako\u0111er bio poznat po svojoj dugoj i bogatoj pomorskoj i trgova\u010dkoj tradiciji. U ovom gradu, jedrenje je doseglo svoj vrhunac u 17., 18. i 19. vijeku. Pomorska trgovina ljudi iz Ulcinja sa vlastitim brodovima odvijala se u ve\u0107im lukama i trgova\u010dkim centrima jadranske obale, Levanta i Mediterana. Tokom ere turske vladavine (1571\u20131880), Ulcinj sa svojom trgova\u010dkom flotom postao je glavni stub Osmanskog carstva na Mediteranu. Hrabri i vje\u0161ti pomorci iz Ulcinja slabo su priznavali dr\u017eavnu vlast Turaka. Do progla\u0161enja Mehmeda Busatlije za velikog vezira Skadra, Ulcinj je bio poput male republike. Zapisano je da je veliki vezir Skadra, u obmani da obuzda piratstvo, koje je sve vi\u0161e raslo, potopio linere iz Ulcinja u luci <a href=\"https:\/\/www.visit-montenegro.com\/me\/destinacije\/ulcinj\/atrakcije\/valdanos\/\">Valdanos<\/a>, nakon \u010dega su ljudi iz Ulcinja zvani\u010dno priznali tursku vladavinu. Tokom ere crnogorske vladavine (1880\u20131918) u Ulcinju, registrovano je 107 jedrenjaka. Ljudi iz Ulcinja bili su vje\u0161ti pomorci i dobri brodograditelji.<\/p>\n\n<h3 class=\"wp-block-heading\">Gusarsko naslje\u0111e i pomorska mo\u0107<\/h3>\n\n<p>U 17. vijeku, flota Ulcinja imala je 500 dvokrilnih brodova koji su plovili Mediteranskim morem. Mnogi ratovi ugro\u017eavali su razvoj ulcinjske flote. U 14. vijeku, Ulcinj je bio poznat po 400 gusara sa Malte, Tunisa i Al\u017eira koji su ga naselili nakon Kandijskog rata (1669), pretvaraju\u0107i ga u opasno gusarsko gnijezdo, karakteristiku koja je ostala tokom 17. i 18. vijeka.<\/p>\n\n<h2 class=\"wp-block-heading\">Moderno doba i savremeni zna\u010daj<\/h2>\n\n<p>Nakon skoro 300 godina, po\u010detkom 1878. godine, Ulcinj je oslobo\u0111en od Turaka. Nakon odluke na Berlinskom kongresu 10. novembra 1880. godine, Ulcinj je pripojen Kne\u017eevini Crnoj Gori. Prvi svjetski rat, Ulcinj je do\u010dekao kao integralni grad biv\u0161e Crnogorske kne\u017eevine. Iako su kralj i knez Nikola I Petrovi\u0107 Njego\u0161 po\u010detkom 20. vijeka preselili neko kr\u0161\u0107ansko stanovni\u0161tvo, islamsko stanovni\u0161tvo, lojalno Kne\u017eevini Crnoj Gori, i dalje je prevladavalo u Ulcinju.<\/p>\n\n<p>Kao i u mnogim drugim gradovima crnogorskog Primorja, vrtlog Drugog svjetskog rata osjetio se u Ulcinju. Godine 1941, njema\u010dke i italijanske trupe osvojile su cijelu Crnu Goru, ostaju\u0107i do sloma nacizma krajem 1944. godine, kada su partizanske trupe oslobodile krajnje ju\u017eni grad na crnogorskom Primorju \u2013 Ulcinj.<\/p>\n\n<p>Pored svog bogatog kulturnog i istorijskog naslje\u0111a, ovaj drevni grad poznat je po svojoj multietni\u010dkoj i multinacionalnoj strukturi gra\u0111ana koji su kroz istoriju bili ujedinjeni i pru\u017eali otpor osvaja\u010dima, posebno tokom Drugog svjetskog rata. Na te va\u017ene istorijske dane, mnoge spomen plo\u010de i biste \u0161irom grada podsje\u0107aju nas.<\/p>\n\n<p>Nakon Drugog svjetskog rata, zapo\u010dela je obnova svih gradova na crnogorskom Primorju, uklju\u010duju\u0107i Ulcinj. Veliki turisti\u010dki potencijal koji Ulcinj sa okolinom ima i danas bio je i ostaje velika \u0161ansa za uspje\u0161an razvoj najva\u017enije ekonomske grane u Crnoj Gori \u2013 turizma.<\/p>\n\n<p>Danas, Ulcinj je poznati multietni\u010dki i turisti\u010dki grad na jugu Crne Gore, koji iz godine u godinu bilje\u017ei ve\u0107i broj doma\u0107ih i stranih turista.<\/p>\n\n<h2 class=\"wp-block-heading\">Ulcinjska legenda<\/h2>\n\n<p>Kao \u0161to su mnoge druge dr\u017eave, mjesta ili gradovi prepoznatljivi po istorijskim doga\u0111ajima, poznatim li\u010dnostima, bajkama ili pri\u010dama, Ulcinj i ljudi iz Ulcinja poznati su po raznim, a posebno gusarskim pri\u010dama. Kroz istoriju, Ulcinj je vijekovima bio gusarsko gnijezdo. Grad, po\u010dev\u0161i od 14. vijeka, po\u010deo je da bude naseljen gusarima sa Malte, Tunisa i Al\u017eira. Obalni dio, od dana\u0161njeg Ulcinja sve do Kotora, bio je gusarsko gnijezdo. Gusari, posebno tokom 17. i 18. vijeka, predstavljali su strah na moru. Gusarske bande postale su toliko mo\u0107ne da su napadale razne trgova\u010dke brodove koji su plovili pod raznim zastavama, plja\u010dkali ih i brzo plovili do svojih bedema du\u017e cijele Ulcinjske obale.<\/p>\n\n<p>Najve\u0107u \u0161tetu od opasnih napada gusarskih zapovednika, me\u0111u kojima su najpoznatiji bili bra\u0107a Karamind\u017eoja, Lika Ceni, Ali hod\u017ea i drugi, pretrpjela je mleta\u010dka flota.<\/p>\n\n<p>Pored upada i plja\u010dki na trgova\u010dke brodove, gusari iz Ulcinja bili su poznati po trgovini crnim robovima. Posljedi\u010dno, veliki broj stanovnika u Ulcinju bili su crnci iz razli\u010ditih afri\u010dkih zemalja. Me\u0111u starim ljudima iz Ulcinja, spominje se kako je do 1878. godine u Ulcinju \u017eivjelo 100 crnaca, kao i \u010dinjenica da je me\u0111u robovima u tamnicama boravio poznati pisac Servantes, po kojem je jedan od ulcinjskih trgova nazvan Trg robova. Ipak, najpoznatija i najradije prepri\u010davana pri\u010da me\u0111u ljudima iz Ulcinja i danas je legenda o poznatom gusaru Liku Ceni.<\/p>\n\n<p>Liko Cena, \u010dovjek iz Ulcinja, bio je najpoznatiji gusarski vo\u0111a. Svakodnevno sa svojom gusarskom vojskom, napadao je razne trgova\u010dke brodove, a ponekad i cijele flote. Jednom, Liko Cena sa svojom dru\u017einom potopio je brod sa hodo\u010dasnicima koji su putovali na hodo\u010da\u0161\u0107e u Meku. Bio je to vrlo tragi\u010dan doga\u0111aj koji je odjeknuo i izvan Ulcinja. Kada je turski sultan \u010duo za nesre\u0107u, naredio je da Liko Cena mora biti prona\u0111en i zatvoren, progla\u0161avaju\u0107i bogatu nagradu za hvatanje ili ubijanje njega. Ali tada se na moru pojavio jo\u0161 jedan opasni gusar, Lambro ili Aralampija, porijeklom iz Gr\u010dke. Vje\u0161t i neustra\u0161iv, Lambro je brzo postao pravo \u201cmorsko \u010dudovi\u0161te\u201d za mnoge trgova\u010dke brodove i pomorske flote. Vijesti o Lambrovim nedjelima brzo su stigle do turskog sultana, koji je progla\u0161avao bogatu nagradu za hvatanje ili ubijanje Lambra zbog ogromnih \u0161teta.<\/p>\n\n<p>Me\u0111utim, vrijeme je prolazilo, a sultan nije mogao prona\u0107i Lambra. Jedino \u0161to je preostalo bilo je poslati poruku Liku Ceni, govore\u0107i da \u0107e sve oprostiti ako Liko Cena uspije uni\u0161titi Lambra. Sultan je to ubrzo u\u010dinio, i Liko Cena je prihvatio poziv, obavezuju\u0107i se da \u0107e \u201cili uhvatiti Lambra ili umrijeti.\u201d Nakon nekog vremena, dogodio se dvoboj u kojem je Liko Cena uspio ubiti Lambra. Za uslugu i lojalnost, turski sultan je po\u0161tedio Liku Ceni \u017eivot, daju\u0107i mu titulu kapetana. Poznati ljudi iz Ulcinja, potomci Like Cene, tako\u0111er su bili istaknuti kapetani. Legenda o Liku Ceni i danas se spominje kao neobi\u010dan doga\u0111aj, a ljudi iz Ulcinja pri\u010daju pri\u010du o tome kako je najpoznatiji razbojnik iz Ulcinja, zahvaljuju\u0107i sudbini, postao kapetan.<\/p>\n","protected":false},"excerpt":{"rendered":"<p>Istra\u017eite bogatu istoriju Ulcinja, obalnog grada starijeg od 2000 godina, gdje su se sukobljavale isto\u010dne i zapadne kulture. Od ilirskih po\u010detaka do mleta\u010dke i osmanske vladavine, otkrijte njegove gusarske legende i modernu transformaciju u \u017eivahnu turisti\u010dku destinaciju.<\/p>\n","protected":false},"author":1,"featured_media":134812,"parent":135072,"menu_order":0,"comment_status":"closed","ping_status":"closed","template":"","meta":{"_yoast_wpseo_focuskw":"Istorija Ulcinja","_yoast_wpseo_metadesc":"Otkrijte 2000-godi\u0161nju istoriju Ulcinja, od ilirskih korena do gusarskih legendi i osmanske vladavine. Istra\u017eite njegovo kulturno naslje\u0111e i modernu privla\u010dnost u Crnoj Gori.","_kad_post_transparent":"","_kad_post_title":"","_kad_post_layout":"","_kad_post_sidebar_id":"","_kad_post_content_style":"","_kad_post_vertical_padding":"","_kad_post_feature":"","_kad_post_feature_position":"","_kad_post_header":false,"_kad_post_footer":false,"_kad_post_classname":"","iawp_total_views":26,"footnotes":""},"tags":[],"class_list":["post-134811","page","type-page","status-publish","has-post-thumbnail","hentry"],"yoast_head":"<!-- This site is optimized with the Yoast SEO plugin v27.3 - https:\/\/yoast.com\/product\/yoast-seo-wordpress\/ -->\n<title>Istorija Ulcinja - Visit Montenegro<\/title>\n<meta name=\"description\" content=\"Otkrijte 2000-godi\u0161nju istoriju Ulcinja, od ilirskih korena do gusarskih legendi i osmanske vladavine. Istra\u017eite njegovo kulturno naslje\u0111e i modernu privla\u010dnost u Crnoj Gori.\" \/>\n<meta name=\"robots\" content=\"index, follow, max-snippet:-1, max-image-preview:large, max-video-preview:-1\" \/>\n<link rel=\"canonical\" href=\"https:\/\/www.visit-montenegro.com\/me\/destinacije\/ulcinj\/info\/istorija\/\" \/>\n<meta property=\"og:locale\" content=\"en_US\" \/>\n<meta property=\"og:type\" content=\"article\" \/>\n<meta property=\"og:title\" content=\"Istorija Ulcinja - Visit Montenegro\" \/>\n<meta property=\"og:description\" content=\"Otkrijte 2000-godi\u0161nju istoriju Ulcinja, od ilirskih korena do gusarskih legendi i osmanske vladavine. Istra\u017eite njegovo kulturno naslje\u0111e i modernu privla\u010dnost u Crnoj Gori.\" \/>\n<meta property=\"og:url\" content=\"https:\/\/www.visit-montenegro.com\/me\/destinacije\/ulcinj\/info\/istorija\/\" \/>\n<meta property=\"og:site_name\" content=\"Visit Montenegro\" \/>\n<meta property=\"article:publisher\" content=\"https:\/\/www.facebook.com\/visitmontenegro\" \/>\n<meta property=\"article:modified_time\" content=\"2026-02-22T16:12:22+00:00\" \/>\n<meta property=\"og:image\" content=\"https:\/\/www.visit-montenegro.com\/wp-content\/uploads\/2026\/01\/ulcinj-old-town-scaled.jpg\" \/>\n\t<meta property=\"og:image:width\" content=\"1600\" \/>\n\t<meta property=\"og:image:height\" content=\"945\" \/>\n\t<meta property=\"og:image:type\" content=\"image\/jpeg\" \/>\n<meta name=\"twitter:card\" content=\"summary_large_image\" \/>\n<meta name=\"twitter:site\" content=\"@visitmontenegro\" \/>\n<meta name=\"twitter:label1\" content=\"Est. reading time\" \/>\n\t<meta name=\"twitter:data1\" content=\"8 minutes\" \/>\n<script type=\"application\/ld+json\" class=\"yoast-schema-graph\">{\"@context\":\"https:\\\/\\\/schema.org\",\"@graph\":[{\"@type\":\"WebPage\",\"@id\":\"https:\\\/\\\/www.visit-montenegro.com\\\/me\\\/destinacije\\\/ulcinj\\\/info\\\/istorija\\\/\",\"url\":\"https:\\\/\\\/www.visit-montenegro.com\\\/me\\\/destinacije\\\/ulcinj\\\/info\\\/istorija\\\/\",\"name\":\"Istorija Ulcinja - Visit Montenegro\",\"isPartOf\":{\"@id\":\"https:\\\/\\\/www.visit-montenegro.com\\\/me\\\/#website\"},\"primaryImageOfPage\":{\"@id\":\"https:\\\/\\\/www.visit-montenegro.com\\\/me\\\/destinacije\\\/ulcinj\\\/info\\\/istorija\\\/#primaryimage\"},\"image\":{\"@id\":\"https:\\\/\\\/www.visit-montenegro.com\\\/me\\\/destinacije\\\/ulcinj\\\/info\\\/istorija\\\/#primaryimage\"},\"thumbnailUrl\":\"https:\\\/\\\/www.visit-montenegro.com\\\/wp-content\\\/uploads\\\/2026\\\/01\\\/ulcinj-old-town-scaled.jpg\",\"datePublished\":\"2026-01-27T20:44:32+00:00\",\"dateModified\":\"2026-02-22T16:12:22+00:00\",\"description\":\"Otkrijte 2000-godi\u0161nju istoriju Ulcinja, od ilirskih korena do gusarskih legendi i osmanske vladavine. Istra\u017eite njegovo kulturno naslje\u0111e i modernu privla\u010dnost u Crnoj Gori.\",\"breadcrumb\":{\"@id\":\"https:\\\/\\\/www.visit-montenegro.com\\\/me\\\/destinacije\\\/ulcinj\\\/info\\\/istorija\\\/#breadcrumb\"},\"inLanguage\":\"sr-Latn-ME\",\"potentialAction\":[{\"@type\":\"ReadAction\",\"target\":[\"https:\\\/\\\/www.visit-montenegro.com\\\/me\\\/destinacije\\\/ulcinj\\\/info\\\/istorija\\\/\"]}]},{\"@type\":\"ImageObject\",\"inLanguage\":\"sr-Latn-ME\",\"@id\":\"https:\\\/\\\/www.visit-montenegro.com\\\/me\\\/destinacije\\\/ulcinj\\\/info\\\/istorija\\\/#primaryimage\",\"url\":\"https:\\\/\\\/www.visit-montenegro.com\\\/wp-content\\\/uploads\\\/2026\\\/01\\\/ulcinj-old-town-scaled.jpg\",\"contentUrl\":\"https:\\\/\\\/www.visit-montenegro.com\\\/wp-content\\\/uploads\\\/2026\\\/01\\\/ulcinj-old-town-scaled.jpg\",\"width\":1600,\"height\":945,\"caption\":\"Stari grad Ulcinj, Crna Gora\"},{\"@type\":\"BreadcrumbList\",\"@id\":\"https:\\\/\\\/www.visit-montenegro.com\\\/me\\\/destinacije\\\/ulcinj\\\/info\\\/istorija\\\/#breadcrumb\",\"itemListElement\":[{\"@type\":\"ListItem\",\"position\":1,\"name\":\"Home\",\"item\":\"https:\\\/\\\/www.visit-montenegro.com\\\/me\\\/pocetna\\\/\"},{\"@type\":\"ListItem\",\"position\":2,\"name\":\"Turisti\u010dke destinacije u Crnoj Gori\",\"item\":\"https:\\\/\\\/www.visit-montenegro.com\\\/me\\\/destinacije\\\/\"},{\"@type\":\"ListItem\",\"position\":3,\"name\":\"Ulcinj\",\"item\":\"https:\\\/\\\/www.visit-montenegro.com\\\/me\\\/destinacije\\\/ulcinj\\\/\"},{\"@type\":\"ListItem\",\"position\":4,\"name\":\"Vi\u0161e o Ulcinju\",\"item\":\"https:\\\/\\\/www.visit-montenegro.com\\\/me\\\/destinacije\\\/ulcinj\\\/info\\\/\"},{\"@type\":\"ListItem\",\"position\":5,\"name\":\"Istorija Ulcinja\"}]},{\"@type\":\"WebSite\",\"@id\":\"https:\\\/\\\/www.visit-montenegro.com\\\/me\\\/#website\",\"url\":\"https:\\\/\\\/www.visit-montenegro.com\\\/me\\\/\",\"name\":\"Visit Montenegro\",\"description\":\"Breathtaking beauty\",\"publisher\":{\"@id\":\"https:\\\/\\\/www.visit-montenegro.com\\\/me\\\/#organization\"},\"potentialAction\":[{\"@type\":\"SearchAction\",\"target\":{\"@type\":\"EntryPoint\",\"urlTemplate\":\"https:\\\/\\\/www.visit-montenegro.com\\\/me\\\/?s={search_term_string}\"},\"query-input\":{\"@type\":\"PropertyValueSpecification\",\"valueRequired\":true,\"valueName\":\"search_term_string\"}}],\"inLanguage\":\"sr-Latn-ME\"},{\"@type\":\"Organization\",\"@id\":\"https:\\\/\\\/www.visit-montenegro.com\\\/me\\\/#organization\",\"name\":\"Visit Montenegro\",\"url\":\"https:\\\/\\\/www.visit-montenegro.com\\\/me\\\/\",\"logo\":{\"@type\":\"ImageObject\",\"inLanguage\":\"sr-Latn-ME\",\"@id\":\"https:\\\/\\\/www.visit-montenegro.com\\\/me\\\/#\\\/schema\\\/logo\\\/image\\\/\",\"url\":\"https:\\\/\\\/www.visit-montenegro.com\\\/wp-content\\\/uploads\\\/2017\\\/10\\\/logo-amp.png\",\"contentUrl\":\"https:\\\/\\\/www.visit-montenegro.com\\\/wp-content\\\/uploads\\\/2017\\\/10\\\/logo-amp.png\",\"width\":190,\"height\":36,\"caption\":\"Visit Montenegro\"},\"image\":{\"@id\":\"https:\\\/\\\/www.visit-montenegro.com\\\/me\\\/#\\\/schema\\\/logo\\\/image\\\/\"},\"sameAs\":[\"https:\\\/\\\/www.facebook.com\\\/visitmontenegro\",\"https:\\\/\\\/x.com\\\/visitmontenegro\",\"https:\\\/\\\/www.instagram.com\\\/visit_montenegro\\\/\",\"https:\\\/\\\/www.youtube.com\\\/user\\\/VisitMontenegro\"]}]}<\/script>\n<!-- \/ Yoast SEO plugin. -->","yoast_head_json":{"title":"Istorija Ulcinja - Visit Montenegro","description":"Otkrijte 2000-godi\u0161nju istoriju Ulcinja, od ilirskih korena do gusarskih legendi i osmanske vladavine. Istra\u017eite njegovo kulturno naslje\u0111e i modernu privla\u010dnost u Crnoj Gori.","robots":{"index":"index","follow":"follow","max-snippet":"max-snippet:-1","max-image-preview":"max-image-preview:large","max-video-preview":"max-video-preview:-1"},"canonical":"https:\/\/www.visit-montenegro.com\/me\/destinacije\/ulcinj\/info\/istorija\/","og_locale":"en_US","og_type":"article","og_title":"Istorija Ulcinja - Visit Montenegro","og_description":"Otkrijte 2000-godi\u0161nju istoriju Ulcinja, od ilirskih korena do gusarskih legendi i osmanske vladavine. Istra\u017eite njegovo kulturno naslje\u0111e i modernu privla\u010dnost u Crnoj Gori.","og_url":"https:\/\/www.visit-montenegro.com\/me\/destinacije\/ulcinj\/info\/istorija\/","og_site_name":"Visit Montenegro","article_publisher":"https:\/\/www.facebook.com\/visitmontenegro","article_modified_time":"2026-02-22T16:12:22+00:00","og_image":[{"width":1600,"height":945,"url":"https:\/\/www.visit-montenegro.com\/wp-content\/uploads\/2026\/01\/ulcinj-old-town-scaled.jpg","type":"image\/jpeg"}],"twitter_card":"summary_large_image","twitter_site":"@visitmontenegro","twitter_misc":{"Est. reading time":"8 minutes"},"schema":{"@context":"https:\/\/schema.org","@graph":[{"@type":"WebPage","@id":"https:\/\/www.visit-montenegro.com\/me\/destinacije\/ulcinj\/info\/istorija\/","url":"https:\/\/www.visit-montenegro.com\/me\/destinacije\/ulcinj\/info\/istorija\/","name":"Istorija Ulcinja - Visit Montenegro","isPartOf":{"@id":"https:\/\/www.visit-montenegro.com\/me\/#website"},"primaryImageOfPage":{"@id":"https:\/\/www.visit-montenegro.com\/me\/destinacije\/ulcinj\/info\/istorija\/#primaryimage"},"image":{"@id":"https:\/\/www.visit-montenegro.com\/me\/destinacije\/ulcinj\/info\/istorija\/#primaryimage"},"thumbnailUrl":"https:\/\/www.visit-montenegro.com\/wp-content\/uploads\/2026\/01\/ulcinj-old-town-scaled.jpg","datePublished":"2026-01-27T20:44:32+00:00","dateModified":"2026-02-22T16:12:22+00:00","description":"Otkrijte 2000-godi\u0161nju istoriju Ulcinja, od ilirskih korena do gusarskih legendi i osmanske vladavine. Istra\u017eite njegovo kulturno naslje\u0111e i modernu privla\u010dnost u Crnoj Gori.","breadcrumb":{"@id":"https:\/\/www.visit-montenegro.com\/me\/destinacije\/ulcinj\/info\/istorija\/#breadcrumb"},"inLanguage":"sr-Latn-ME","potentialAction":[{"@type":"ReadAction","target":["https:\/\/www.visit-montenegro.com\/me\/destinacije\/ulcinj\/info\/istorija\/"]}]},{"@type":"ImageObject","inLanguage":"sr-Latn-ME","@id":"https:\/\/www.visit-montenegro.com\/me\/destinacije\/ulcinj\/info\/istorija\/#primaryimage","url":"https:\/\/www.visit-montenegro.com\/wp-content\/uploads\/2026\/01\/ulcinj-old-town-scaled.jpg","contentUrl":"https:\/\/www.visit-montenegro.com\/wp-content\/uploads\/2026\/01\/ulcinj-old-town-scaled.jpg","width":1600,"height":945,"caption":"Stari grad Ulcinj, Crna Gora"},{"@type":"BreadcrumbList","@id":"https:\/\/www.visit-montenegro.com\/me\/destinacije\/ulcinj\/info\/istorija\/#breadcrumb","itemListElement":[{"@type":"ListItem","position":1,"name":"Home","item":"https:\/\/www.visit-montenegro.com\/me\/pocetna\/"},{"@type":"ListItem","position":2,"name":"Turisti\u010dke destinacije u Crnoj Gori","item":"https:\/\/www.visit-montenegro.com\/me\/destinacije\/"},{"@type":"ListItem","position":3,"name":"Ulcinj","item":"https:\/\/www.visit-montenegro.com\/me\/destinacije\/ulcinj\/"},{"@type":"ListItem","position":4,"name":"Vi\u0161e o Ulcinju","item":"https:\/\/www.visit-montenegro.com\/me\/destinacije\/ulcinj\/info\/"},{"@type":"ListItem","position":5,"name":"Istorija Ulcinja"}]},{"@type":"WebSite","@id":"https:\/\/www.visit-montenegro.com\/me\/#website","url":"https:\/\/www.visit-montenegro.com\/me\/","name":"Visit Montenegro","description":"Breathtaking beauty","publisher":{"@id":"https:\/\/www.visit-montenegro.com\/me\/#organization"},"potentialAction":[{"@type":"SearchAction","target":{"@type":"EntryPoint","urlTemplate":"https:\/\/www.visit-montenegro.com\/me\/?s={search_term_string}"},"query-input":{"@type":"PropertyValueSpecification","valueRequired":true,"valueName":"search_term_string"}}],"inLanguage":"sr-Latn-ME"},{"@type":"Organization","@id":"https:\/\/www.visit-montenegro.com\/me\/#organization","name":"Visit Montenegro","url":"https:\/\/www.visit-montenegro.com\/me\/","logo":{"@type":"ImageObject","inLanguage":"sr-Latn-ME","@id":"https:\/\/www.visit-montenegro.com\/me\/#\/schema\/logo\/image\/","url":"https:\/\/www.visit-montenegro.com\/wp-content\/uploads\/2017\/10\/logo-amp.png","contentUrl":"https:\/\/www.visit-montenegro.com\/wp-content\/uploads\/2017\/10\/logo-amp.png","width":190,"height":36,"caption":"Visit Montenegro"},"image":{"@id":"https:\/\/www.visit-montenegro.com\/me\/#\/schema\/logo\/image\/"},"sameAs":["https:\/\/www.facebook.com\/visitmontenegro","https:\/\/x.com\/visitmontenegro","https:\/\/www.instagram.com\/visit_montenegro\/","https:\/\/www.youtube.com\/user\/VisitMontenegro"]}]}},"translations":[],"_links":{"self":[{"href":"https:\/\/www.visit-montenegro.com\/me\/wp-json\/wp\/v2\/pages\/134811","targetHints":{"allow":["GET"]}}],"collection":[{"href":"https:\/\/www.visit-montenegro.com\/me\/wp-json\/wp\/v2\/pages"}],"about":[{"href":"https:\/\/www.visit-montenegro.com\/me\/wp-json\/wp\/v2\/types\/page"}],"author":[{"embeddable":true,"href":"https:\/\/www.visit-montenegro.com\/me\/wp-json\/wp\/v2\/users\/1"}],"replies":[{"embeddable":true,"href":"https:\/\/www.visit-montenegro.com\/me\/wp-json\/wp\/v2\/comments?post=134811"}],"version-history":[{"count":0,"href":"https:\/\/www.visit-montenegro.com\/me\/wp-json\/wp\/v2\/pages\/134811\/revisions"}],"up":[{"embeddable":true,"href":"https:\/\/www.visit-montenegro.com\/me\/wp-json\/wp\/v2\/pages\/135072"}],"wp:featuredmedia":[{"embeddable":true,"href":"https:\/\/www.visit-montenegro.com\/me\/wp-json\/wp\/v2\/media\/134812"}],"wp:attachment":[{"href":"https:\/\/www.visit-montenegro.com\/me\/wp-json\/wp\/v2\/media?parent=134811"}],"wp:term":[{"taxonomy":"post_tag","embeddable":true,"href":"https:\/\/www.visit-montenegro.com\/me\/wp-json\/wp\/v2\/tags?post=134811"}],"curies":[{"name":"wp","href":"https:\/\/api.w.org\/{rel}","templated":true}]}}