{"id":134823,"date":"2026-01-27T21:44:32","date_gmt":"2026-01-27T20:44:32","guid":{"rendered":"https:\/\/new.visit-montenegro.com\/destinacije\/herceg-novi\/atrakcije\/forte-mare\/"},"modified":"2026-02-22T17:05:17","modified_gmt":"2026-02-22T16:05:17","slug":"forte-mare","status":"publish","type":"page","link":"https:\/\/www.visit-montenegro.com\/me\/destinacije\/herceg-novi\/atrakcije\/forte-mare\/","title":{"rendered":"Forte Mare"},"content":{"rendered":"\n<p>Forte Mare je istorijska tvr\u0111ava u Herceg Novom, Crna Gora, izgra\u0111ena u srednjem vijeku i pro\u0161irena od strane turskih, mleta\u010dkih i austrijskih vladara, koja danas slu\u017ei kao klju\u010dna kulturna znamenitost sa o\u010duvanim odbrambenim zidinama i topovima.<\/p>\n\n<hr class=\"wp-block-separator has-alpha-channel-opacity\"\/>\n\n<h2 class=\"wp-block-heading\">Istorijski zna\u010daj i izgradnja<\/h2>\n\n<p>Tvr\u0111ava <strong>Forte Mare<\/strong> predstavlja jednu od najzna\u010dajnijih fortifikacionih ta\u010daka u gradu. Zaista, smatra se da se ovoj gra\u0111evini zahvaljuje za izgradnju srednjovjekovnog Herceg Novog. \u010cak i danas na jugoisto\u010dnoj strani tvr\u0111ave, dio odbrambenog zida iz tog vremena se o\u010duvao.<\/p>\n\n<figure class=\"wp-block-image size-large\"><img loading=\"lazy\" decoding=\"async\" width=\"1024\" height=\"682\" src=\"https:\/\/www.visit-montenegro.com\/wp-content\/uploads\/2026\/01\/herceg-novi-forte-mare-1024x682.jpg\" alt=\"\" class=\"wp-image-36044\" srcset=\"https:\/\/www.visit-montenegro.com\/wp-content\/uploads\/2026\/01\/herceg-novi-forte-mare-1024x682.jpg 1024w, https:\/\/www.visit-montenegro.com\/wp-content\/uploads\/2026\/01\/herceg-novi-forte-mare-300x200.jpg 300w, https:\/\/www.visit-montenegro.com\/wp-content\/uploads\/2026\/01\/herceg-novi-forte-mare-768x511.jpg 768w, https:\/\/www.visit-montenegro.com\/wp-content\/uploads\/2026\/01\/herceg-novi-forte-mare-1536x1022.jpg 1536w, https:\/\/www.visit-montenegro.com\/wp-content\/uploads\/2026\/01\/herceg-novi-forte-mare-1200x799.jpg 1200w, https:\/\/www.visit-montenegro.com\/wp-content\/uploads\/2026\/01\/herceg-novi-forte-mare-scaled.jpg 1600w\" sizes=\"auto, (max-width: 1024px) 100vw, 1024px\" \/><figcaption class=\"wp-element-caption\">Morska tvr\u0111ava (Forte Mare). Herceg Novi, Crna Gora<\/figcaption><\/figure>\n\n<p>Dana\u0161nju veli\u010dinu, oblik i dimenzije tvr\u0111ava je dobila tokom turske vladavine. \u0160tavi\u0161e, iz tog perioda poti\u010du i topovi sa odbrambenim krunama. Sredinom XVI vijeka, ta fortifikacija je nazvana \u201cJaka kula\u201d (JAKA KULA) ili \u201cKula Apasbase\u201d. Dana\u0161nje ime tvr\u0111ava <strong>Forte Mare<\/strong> dobija u XVIII vijeku tokom mleta\u010dke vladavine, dok za set dodatnih konstrukcija i dana\u0161nji izgled tvr\u0111ave treba zahvaliti Austrijancima.<\/p>\n","protected":false},"excerpt":{"rendered":"<p>Istra\u017eite Forte Mare, istorijsku tvr\u0111avu u Herceg Novom, Crna Gora, sa korijenima u srednjem vijeku. Saznajte o njenim pro\u0161irenjima pod turskom, mleta\u010dkom i austrijskom vla\u0161\u0107u, i otkrijte njene o\u010duvane zidine i topove.<\/p>\n","protected":false},"author":1,"featured_media":134824,"parent":134817,"menu_order":0,"comment_status":"closed","ping_status":"closed","template":"","meta":{"_yoast_wpseo_focuskw":"Forte Mare","_yoast_wpseo_metadesc":"Otkrijte Forte Mare u Herceg Novom: srednjovjekovnu tvr\u0111avu s turskim, mleta\u010dkim i austrijskim uticajima. Istra\u017eite njenu istoriju i o\u010duvane odbrambene sisteme u Crnoj Gori.","_kad_post_transparent":"","_kad_post_title":"","_kad_post_layout":"","_kad_post_sidebar_id":"","_kad_post_content_style":"","_kad_post_vertical_padding":"","_kad_post_feature":"","_kad_post_feature_position":"","_kad_post_header":false,"_kad_post_footer":false,"_kad_post_classname":"","iawp_total_views":7,"footnotes":""},"tags":[],"class_list":["post-134823","page","type-page","status-publish","has-post-thumbnail","hentry"],"yoast_head":"<!-- This site is optimized with the Yoast SEO plugin v27.3 - https:\/\/yoast.com\/product\/yoast-seo-wordpress\/ -->\n<title>Forte Mare - Visit Montenegro<\/title>\n<meta name=\"description\" content=\"Otkrijte Forte Mare u Herceg Novom: srednjovjekovnu tvr\u0111avu s turskim, mleta\u010dkim i austrijskim uticajima. Istra\u017eite njenu istoriju i o\u010duvane odbrambene sisteme u Crnoj Gori.\" \/>\n<meta name=\"robots\" content=\"index, follow, max-snippet:-1, max-image-preview:large, max-video-preview:-1\" \/>\n<link rel=\"canonical\" href=\"https:\/\/www.visit-montenegro.com\/me\/destinacije\/herceg-novi\/atrakcije\/forte-mare\/\" \/>\n<meta property=\"og:locale\" content=\"en_US\" \/>\n<meta property=\"og:type\" content=\"article\" \/>\n<meta property=\"og:title\" content=\"Forte Mare - Visit Montenegro\" \/>\n<meta property=\"og:description\" content=\"Otkrijte Forte Mare u Herceg Novom: srednjovjekovnu tvr\u0111avu s turskim, mleta\u010dkim i austrijskim uticajima. Istra\u017eite njenu istoriju i o\u010duvane odbrambene sisteme u Crnoj Gori.\" \/>\n<meta property=\"og:url\" content=\"https:\/\/www.visit-montenegro.com\/me\/destinacije\/herceg-novi\/atrakcije\/forte-mare\/\" \/>\n<meta property=\"og:site_name\" content=\"Visit Montenegro\" \/>\n<meta property=\"article:publisher\" content=\"https:\/\/www.facebook.com\/visitmontenegro\" \/>\n<meta property=\"article:modified_time\" content=\"2026-02-22T16:05:17+00:00\" \/>\n<meta property=\"og:image\" content=\"https:\/\/www.visit-montenegro.com\/wp-content\/uploads\/2026\/01\/herceg-novi-forte-mare-air-scaled.jpg\" \/>\n\t<meta property=\"og:image:width\" content=\"1600\" \/>\n\t<meta property=\"og:image:height\" content=\"1198\" \/>\n\t<meta property=\"og:image:type\" content=\"image\/jpeg\" \/>\n<meta name=\"twitter:card\" content=\"summary_large_image\" \/>\n<meta name=\"twitter:site\" content=\"@visitmontenegro\" \/>\n<meta name=\"twitter:label1\" content=\"Est. reading time\" \/>\n\t<meta name=\"twitter:data1\" content=\"1 minute\" \/>\n<script type=\"application\/ld+json\" class=\"yoast-schema-graph\">{\"@context\":\"https:\\\/\\\/schema.org\",\"@graph\":[{\"@type\":\"WebPage\",\"@id\":\"https:\\\/\\\/www.visit-montenegro.com\\\/me\\\/destinacije\\\/herceg-novi\\\/atrakcije\\\/forte-mare\\\/\",\"url\":\"https:\\\/\\\/www.visit-montenegro.com\\\/me\\\/destinacije\\\/herceg-novi\\\/atrakcije\\\/forte-mare\\\/\",\"name\":\"Forte Mare - Visit Montenegro\",\"isPartOf\":{\"@id\":\"https:\\\/\\\/www.visit-montenegro.com\\\/me\\\/#website\"},\"primaryImageOfPage\":{\"@id\":\"https:\\\/\\\/www.visit-montenegro.com\\\/me\\\/destinacije\\\/herceg-novi\\\/atrakcije\\\/forte-mare\\\/#primaryimage\"},\"image\":{\"@id\":\"https:\\\/\\\/www.visit-montenegro.com\\\/me\\\/destinacije\\\/herceg-novi\\\/atrakcije\\\/forte-mare\\\/#primaryimage\"},\"thumbnailUrl\":\"https:\\\/\\\/www.visit-montenegro.com\\\/wp-content\\\/uploads\\\/2026\\\/01\\\/herceg-novi-forte-mare-air-scaled.jpg\",\"datePublished\":\"2026-01-27T20:44:32+00:00\",\"dateModified\":\"2026-02-22T16:05:17+00:00\",\"description\":\"Otkrijte Forte Mare u Herceg Novom: srednjovjekovnu tvr\u0111avu s turskim, mleta\u010dkim i austrijskim uticajima. Istra\u017eite njenu istoriju i o\u010duvane odbrambene sisteme u Crnoj Gori.\",\"breadcrumb\":{\"@id\":\"https:\\\/\\\/www.visit-montenegro.com\\\/me\\\/destinacije\\\/herceg-novi\\\/atrakcije\\\/forte-mare\\\/#breadcrumb\"},\"inLanguage\":\"sr-Latn-ME\",\"potentialAction\":[{\"@type\":\"ReadAction\",\"target\":[\"https:\\\/\\\/www.visit-montenegro.com\\\/me\\\/destinacije\\\/herceg-novi\\\/atrakcije\\\/forte-mare\\\/\"]}]},{\"@type\":\"ImageObject\",\"inLanguage\":\"sr-Latn-ME\",\"@id\":\"https:\\\/\\\/www.visit-montenegro.com\\\/me\\\/destinacije\\\/herceg-novi\\\/atrakcije\\\/forte-mare\\\/#primaryimage\",\"url\":\"https:\\\/\\\/www.visit-montenegro.com\\\/wp-content\\\/uploads\\\/2026\\\/01\\\/herceg-novi-forte-mare-air-scaled.jpg\",\"contentUrl\":\"https:\\\/\\\/www.visit-montenegro.com\\\/wp-content\\\/uploads\\\/2026\\\/01\\\/herceg-novi-forte-mare-air-scaled.jpg\",\"width\":1600,\"height\":1198,\"caption\":\"pogled iz vazduha na forte mare u herceg novom crna gora. koncept ljetovanja\"},{\"@type\":\"BreadcrumbList\",\"@id\":\"https:\\\/\\\/www.visit-montenegro.com\\\/me\\\/destinacije\\\/herceg-novi\\\/atrakcije\\\/forte-mare\\\/#breadcrumb\",\"itemListElement\":[{\"@type\":\"ListItem\",\"position\":1,\"name\":\"Home\",\"item\":\"https:\\\/\\\/www.visit-montenegro.com\\\/me\\\/pocetna\\\/\"},{\"@type\":\"ListItem\",\"position\":2,\"name\":\"Turisti\u010dke destinacije u Crnoj Gori\",\"item\":\"https:\\\/\\\/www.visit-montenegro.com\\\/me\\\/destinacije\\\/\"},{\"@type\":\"ListItem\",\"position\":3,\"name\":\"Herceg Novi\",\"item\":\"https:\\\/\\\/www.visit-montenegro.com\\\/me\\\/destinacije\\\/herceg-novi\\\/\"},{\"@type\":\"ListItem\",\"position\":4,\"name\":\"Atrakcije Herceg Novog\",\"item\":\"https:\\\/\\\/www.visit-montenegro.com\\\/me\\\/destinacije\\\/herceg-novi\\\/atrakcije\\\/\"},{\"@type\":\"ListItem\",\"position\":5,\"name\":\"Forte Mare\"}]},{\"@type\":\"WebSite\",\"@id\":\"https:\\\/\\\/www.visit-montenegro.com\\\/me\\\/#website\",\"url\":\"https:\\\/\\\/www.visit-montenegro.com\\\/me\\\/\",\"name\":\"Visit Montenegro\",\"description\":\"Breathtaking beauty\",\"publisher\":{\"@id\":\"https:\\\/\\\/www.visit-montenegro.com\\\/me\\\/#organization\"},\"potentialAction\":[{\"@type\":\"SearchAction\",\"target\":{\"@type\":\"EntryPoint\",\"urlTemplate\":\"https:\\\/\\\/www.visit-montenegro.com\\\/me\\\/?s={search_term_string}\"},\"query-input\":{\"@type\":\"PropertyValueSpecification\",\"valueRequired\":true,\"valueName\":\"search_term_string\"}}],\"inLanguage\":\"sr-Latn-ME\"},{\"@type\":\"Organization\",\"@id\":\"https:\\\/\\\/www.visit-montenegro.com\\\/me\\\/#organization\",\"name\":\"Visit Montenegro\",\"url\":\"https:\\\/\\\/www.visit-montenegro.com\\\/me\\\/\",\"logo\":{\"@type\":\"ImageObject\",\"inLanguage\":\"sr-Latn-ME\",\"@id\":\"https:\\\/\\\/www.visit-montenegro.com\\\/me\\\/#\\\/schema\\\/logo\\\/image\\\/\",\"url\":\"https:\\\/\\\/www.visit-montenegro.com\\\/wp-content\\\/uploads\\\/2017\\\/10\\\/logo-amp.png\",\"contentUrl\":\"https:\\\/\\\/www.visit-montenegro.com\\\/wp-content\\\/uploads\\\/2017\\\/10\\\/logo-amp.png\",\"width\":190,\"height\":36,\"caption\":\"Visit Montenegro\"},\"image\":{\"@id\":\"https:\\\/\\\/www.visit-montenegro.com\\\/me\\\/#\\\/schema\\\/logo\\\/image\\\/\"},\"sameAs\":[\"https:\\\/\\\/www.facebook.com\\\/visitmontenegro\",\"https:\\\/\\\/x.com\\\/visitmontenegro\",\"https:\\\/\\\/www.instagram.com\\\/visit_montenegro\\\/\",\"https:\\\/\\\/www.youtube.com\\\/user\\\/VisitMontenegro\"]}]}<\/script>\n<!-- \/ Yoast SEO plugin. -->","yoast_head_json":{"title":"Forte Mare - Visit Montenegro","description":"Otkrijte Forte Mare u Herceg Novom: srednjovjekovnu tvr\u0111avu s turskim, mleta\u010dkim i austrijskim uticajima. Istra\u017eite njenu istoriju i o\u010duvane odbrambene sisteme u Crnoj Gori.","robots":{"index":"index","follow":"follow","max-snippet":"max-snippet:-1","max-image-preview":"max-image-preview:large","max-video-preview":"max-video-preview:-1"},"canonical":"https:\/\/www.visit-montenegro.com\/me\/destinacije\/herceg-novi\/atrakcije\/forte-mare\/","og_locale":"en_US","og_type":"article","og_title":"Forte Mare - Visit Montenegro","og_description":"Otkrijte Forte Mare u Herceg Novom: srednjovjekovnu tvr\u0111avu s turskim, mleta\u010dkim i austrijskim uticajima. Istra\u017eite njenu istoriju i o\u010duvane odbrambene sisteme u Crnoj Gori.","og_url":"https:\/\/www.visit-montenegro.com\/me\/destinacije\/herceg-novi\/atrakcije\/forte-mare\/","og_site_name":"Visit Montenegro","article_publisher":"https:\/\/www.facebook.com\/visitmontenegro","article_modified_time":"2026-02-22T16:05:17+00:00","og_image":[{"width":1600,"height":1198,"url":"https:\/\/www.visit-montenegro.com\/wp-content\/uploads\/2026\/01\/herceg-novi-forte-mare-air-scaled.jpg","type":"image\/jpeg"}],"twitter_card":"summary_large_image","twitter_site":"@visitmontenegro","twitter_misc":{"Est. reading time":"1 minute"},"schema":{"@context":"https:\/\/schema.org","@graph":[{"@type":"WebPage","@id":"https:\/\/www.visit-montenegro.com\/me\/destinacije\/herceg-novi\/atrakcije\/forte-mare\/","url":"https:\/\/www.visit-montenegro.com\/me\/destinacije\/herceg-novi\/atrakcije\/forte-mare\/","name":"Forte Mare - Visit Montenegro","isPartOf":{"@id":"https:\/\/www.visit-montenegro.com\/me\/#website"},"primaryImageOfPage":{"@id":"https:\/\/www.visit-montenegro.com\/me\/destinacije\/herceg-novi\/atrakcije\/forte-mare\/#primaryimage"},"image":{"@id":"https:\/\/www.visit-montenegro.com\/me\/destinacije\/herceg-novi\/atrakcije\/forte-mare\/#primaryimage"},"thumbnailUrl":"https:\/\/www.visit-montenegro.com\/wp-content\/uploads\/2026\/01\/herceg-novi-forte-mare-air-scaled.jpg","datePublished":"2026-01-27T20:44:32+00:00","dateModified":"2026-02-22T16:05:17+00:00","description":"Otkrijte Forte Mare u Herceg Novom: srednjovjekovnu tvr\u0111avu s turskim, mleta\u010dkim i austrijskim uticajima. Istra\u017eite njenu istoriju i o\u010duvane odbrambene sisteme u Crnoj Gori.","breadcrumb":{"@id":"https:\/\/www.visit-montenegro.com\/me\/destinacije\/herceg-novi\/atrakcije\/forte-mare\/#breadcrumb"},"inLanguage":"sr-Latn-ME","potentialAction":[{"@type":"ReadAction","target":["https:\/\/www.visit-montenegro.com\/me\/destinacije\/herceg-novi\/atrakcije\/forte-mare\/"]}]},{"@type":"ImageObject","inLanguage":"sr-Latn-ME","@id":"https:\/\/www.visit-montenegro.com\/me\/destinacije\/herceg-novi\/atrakcije\/forte-mare\/#primaryimage","url":"https:\/\/www.visit-montenegro.com\/wp-content\/uploads\/2026\/01\/herceg-novi-forte-mare-air-scaled.jpg","contentUrl":"https:\/\/www.visit-montenegro.com\/wp-content\/uploads\/2026\/01\/herceg-novi-forte-mare-air-scaled.jpg","width":1600,"height":1198,"caption":"pogled iz vazduha na forte mare u herceg novom crna gora. koncept ljetovanja"},{"@type":"BreadcrumbList","@id":"https:\/\/www.visit-montenegro.com\/me\/destinacije\/herceg-novi\/atrakcije\/forte-mare\/#breadcrumb","itemListElement":[{"@type":"ListItem","position":1,"name":"Home","item":"https:\/\/www.visit-montenegro.com\/me\/pocetna\/"},{"@type":"ListItem","position":2,"name":"Turisti\u010dke destinacije u Crnoj Gori","item":"https:\/\/www.visit-montenegro.com\/me\/destinacije\/"},{"@type":"ListItem","position":3,"name":"Herceg Novi","item":"https:\/\/www.visit-montenegro.com\/me\/destinacije\/herceg-novi\/"},{"@type":"ListItem","position":4,"name":"Atrakcije Herceg Novog","item":"https:\/\/www.visit-montenegro.com\/me\/destinacije\/herceg-novi\/atrakcije\/"},{"@type":"ListItem","position":5,"name":"Forte Mare"}]},{"@type":"WebSite","@id":"https:\/\/www.visit-montenegro.com\/me\/#website","url":"https:\/\/www.visit-montenegro.com\/me\/","name":"Visit Montenegro","description":"Breathtaking beauty","publisher":{"@id":"https:\/\/www.visit-montenegro.com\/me\/#organization"},"potentialAction":[{"@type":"SearchAction","target":{"@type":"EntryPoint","urlTemplate":"https:\/\/www.visit-montenegro.com\/me\/?s={search_term_string}"},"query-input":{"@type":"PropertyValueSpecification","valueRequired":true,"valueName":"search_term_string"}}],"inLanguage":"sr-Latn-ME"},{"@type":"Organization","@id":"https:\/\/www.visit-montenegro.com\/me\/#organization","name":"Visit Montenegro","url":"https:\/\/www.visit-montenegro.com\/me\/","logo":{"@type":"ImageObject","inLanguage":"sr-Latn-ME","@id":"https:\/\/www.visit-montenegro.com\/me\/#\/schema\/logo\/image\/","url":"https:\/\/www.visit-montenegro.com\/wp-content\/uploads\/2017\/10\/logo-amp.png","contentUrl":"https:\/\/www.visit-montenegro.com\/wp-content\/uploads\/2017\/10\/logo-amp.png","width":190,"height":36,"caption":"Visit Montenegro"},"image":{"@id":"https:\/\/www.visit-montenegro.com\/me\/#\/schema\/logo\/image\/"},"sameAs":["https:\/\/www.facebook.com\/visitmontenegro","https:\/\/x.com\/visitmontenegro","https:\/\/www.instagram.com\/visit_montenegro\/","https:\/\/www.youtube.com\/user\/VisitMontenegro"]}]}},"translations":[],"_links":{"self":[{"href":"https:\/\/www.visit-montenegro.com\/me\/wp-json\/wp\/v2\/pages\/134823","targetHints":{"allow":["GET"]}}],"collection":[{"href":"https:\/\/www.visit-montenegro.com\/me\/wp-json\/wp\/v2\/pages"}],"about":[{"href":"https:\/\/www.visit-montenegro.com\/me\/wp-json\/wp\/v2\/types\/page"}],"author":[{"embeddable":true,"href":"https:\/\/www.visit-montenegro.com\/me\/wp-json\/wp\/v2\/users\/1"}],"replies":[{"embeddable":true,"href":"https:\/\/www.visit-montenegro.com\/me\/wp-json\/wp\/v2\/comments?post=134823"}],"version-history":[{"count":0,"href":"https:\/\/www.visit-montenegro.com\/me\/wp-json\/wp\/v2\/pages\/134823\/revisions"}],"up":[{"embeddable":true,"href":"https:\/\/www.visit-montenegro.com\/me\/wp-json\/wp\/v2\/pages\/134817"}],"wp:featuredmedia":[{"embeddable":true,"href":"https:\/\/www.visit-montenegro.com\/me\/wp-json\/wp\/v2\/media\/134824"}],"wp:attachment":[{"href":"https:\/\/www.visit-montenegro.com\/me\/wp-json\/wp\/v2\/media?parent=134823"}],"wp:term":[{"taxonomy":"post_tag","embeddable":true,"href":"https:\/\/www.visit-montenegro.com\/me\/wp-json\/wp\/v2\/tags?post=134823"}],"curies":[{"name":"wp","href":"https:\/\/api.w.org\/{rel}","templated":true}]}}