{"id":134859,"date":"2026-01-27T21:44:32","date_gmt":"2026-01-27T20:44:32","guid":{"rendered":"https:\/\/new.visit-montenegro.com\/destinacije\/herceg-novi\/atrakcije\/orjen\/"},"modified":"2026-02-22T17:05:17","modified_gmt":"2026-02-22T16:05:17","slug":"orjen","status":"publish","type":"page","link":"https:\/\/www.visit-montenegro.com\/me\/destinacije\/herceg-novi\/atrakcije\/orjen\/","title":{"rendered":"Planina Orjen"},"content":{"rendered":"\n<p>Planina Orjen, koja se uzdi\u017ee na 1.895 metara nadmorske visine, nudi zapanjuju\u0107e panoramske poglede na Crnu Goru, Hercegovinu, dubrova\u010dku obalu i ju\u017ene dalmatinske ostrva u vedrim danima, \u0161to je \u010dini obaveznom destinacijom za avanturisti\u010dke putnike.<\/p>\n\n<hr class=\"wp-block-separator has-alpha-channel-opacity\"\/>\n\n<h2 class=\"wp-block-heading\">Nadma\u0161ni pogledi i pristupa\u010dnost<\/h2>\n\n<p>Ljudi iz Novog ka\u017eu da se Herceg Novska rivijera najbolje vidi sa <strong>planine Orjen<\/strong>. Ako ste odlu\u010dni u namjeri da provedete jedan dan svog odmora \u0161etaju\u0107i uz <strong>planinu Orjen<\/strong>, osim dobre volje i \u017eelje, treba\u0107e vam samo kamera. <strong>Planina Orjen<\/strong> se nalazi na visini od 1.895 metara iznad nivoa mora. Posljedi\u010dno, kada vam ka\u017eemo da sa <strong>planine Orjen<\/strong>, tokom sun\u010danih dana, golim okom mo\u017eete vidjeti cijelu Crnu Goru, i dio susjedne Hercegovine, dubrova\u010dku obalu, i nekoliko ju\u017enih ostrva u Dalmaciji, onda smo sigurni da \u0107ete htjeti oti\u0107i na <strong>planinu Orjen<\/strong> \u0161to je prije mogu\u0107e.<\/p>\n\n<p>Herceg Novi tako\u0111e ima dobro organizovane planinarske udru\u017eenja, a staza kojom \u0107ete se popeti na <strong>planinu Orjen<\/strong> je veoma dobro obilje\u017eena. \u0160tavi\u0161e, osim \u0161etnjom po asfaltu, do <strong>planine Orjen<\/strong> ili do planine Subra, mo\u017eete do\u0107i voze\u0107i d\u017eip safari preko makadamskog puta.<\/p>\n\n<h2 class=\"wp-block-heading\">Prirodna \u010duda i klima<\/h2>\n\n<p>Masiv <strong>planine Orjen<\/strong> se i danas smatra podru\u010djem sa ogromnim koli\u010dinama padavina (ki\u0161a) jer je selo Crkvice, na isto\u010dnoj strani planine, najki\u0161ovitije u Evropi sa 5 metara vodene kolote\u010dine godi\u0161nje. Zaista, cijelo podru\u010dje <strong>planine Orjen<\/strong> je bogato florom i faunom, a uglavnom ljekovitim biljem i gljivama koje mo\u017eete brati samo ako ste botani\u010dar ili dobar poznavalac biljaka.<\/p>\n","protected":false},"excerpt":{"rendered":"<p>Otkrijte zapanjuju\u0107i vrh planine Orjen od 1.895 metara, koji nudi panoramske poglede na Crnu Goru i \u0161ire. Istra\u017eite njene dobro obilje\u017eene staze, d\u017eip safarije i jedinstvenu ki\u0161nu klimu. Ovaj vodi\u010d isti\u010de za\u0161to je to vrhunska destinacija za ljubitelje prirode i avanturiste.<\/p>\n","protected":false},"author":1,"featured_media":134860,"parent":134817,"menu_order":0,"comment_status":"closed","ping_status":"closed","template":"","meta":{"_yoast_wpseo_focuskw":"Planina Orjen","_yoast_wpseo_metadesc":"Istra\u017eite zapanjuju\u0107e poglede, planinarske staze i bogatu floru planine Orjen. Planirajte svoju avanturu do ikoni\u010dnog vrha Crne Gore uz na\u0161 detaljan vodi\u010d i savjete.","_kad_post_transparent":"","_kad_post_title":"","_kad_post_layout":"","_kad_post_sidebar_id":"","_kad_post_content_style":"","_kad_post_vertical_padding":"","_kad_post_feature":"","_kad_post_feature_position":"","_kad_post_header":false,"_kad_post_footer":false,"_kad_post_classname":"","iawp_total_views":12,"footnotes":""},"tags":[],"class_list":["post-134859","page","type-page","status-publish","has-post-thumbnail","hentry"],"yoast_head":"<!-- This site is optimized with the Yoast SEO plugin v27.3 - https:\/\/yoast.com\/product\/yoast-seo-wordpress\/ -->\n<title>Planina Orjen - Visit Montenegro<\/title>\n<meta name=\"description\" content=\"Istra\u017eite zapanjuju\u0107e poglede, planinarske staze i bogatu floru planine Orjen. Planirajte svoju avanturu do ikoni\u010dnog vrha Crne Gore uz na\u0161 detaljan vodi\u010d i savjete.\" \/>\n<meta name=\"robots\" content=\"index, follow, max-snippet:-1, max-image-preview:large, max-video-preview:-1\" \/>\n<link rel=\"canonical\" href=\"https:\/\/www.visit-montenegro.com\/me\/destinacije\/herceg-novi\/atrakcije\/orjen\/\" \/>\n<meta property=\"og:locale\" content=\"en_US\" \/>\n<meta property=\"og:type\" content=\"article\" \/>\n<meta property=\"og:title\" content=\"Planina Orjen - Visit Montenegro\" \/>\n<meta property=\"og:description\" content=\"Istra\u017eite zapanjuju\u0107e poglede, planinarske staze i bogatu floru planine Orjen. Planirajte svoju avanturu do ikoni\u010dnog vrha Crne Gore uz na\u0161 detaljan vodi\u010d i savjete.\" \/>\n<meta property=\"og:url\" content=\"https:\/\/www.visit-montenegro.com\/me\/destinacije\/herceg-novi\/atrakcije\/orjen\/\" \/>\n<meta property=\"og:site_name\" content=\"Visit Montenegro\" \/>\n<meta property=\"article:publisher\" content=\"https:\/\/www.facebook.com\/visitmontenegro\" \/>\n<meta property=\"article:modified_time\" content=\"2026-02-22T16:05:17+00:00\" \/>\n<meta property=\"og:image\" content=\"https:\/\/www.visit-montenegro.com\/wp-content\/uploads\/2026\/01\/mount-orjen-scaled.jpg\" \/>\n\t<meta property=\"og:image:width\" content=\"1600\" \/>\n\t<meta property=\"og:image:height\" content=\"1059\" \/>\n\t<meta property=\"og:image:type\" content=\"image\/jpeg\" \/>\n<meta name=\"twitter:card\" content=\"summary_large_image\" \/>\n<meta name=\"twitter:site\" content=\"@visitmontenegro\" \/>\n<meta name=\"twitter:label1\" content=\"Est. reading time\" \/>\n\t<meta name=\"twitter:data1\" content=\"1 minute\" \/>\n<script type=\"application\/ld+json\" class=\"yoast-schema-graph\">{\"@context\":\"https:\\\/\\\/schema.org\",\"@graph\":[{\"@type\":\"WebPage\",\"@id\":\"https:\\\/\\\/www.visit-montenegro.com\\\/me\\\/destinacije\\\/herceg-novi\\\/atrakcije\\\/orjen\\\/\",\"url\":\"https:\\\/\\\/www.visit-montenegro.com\\\/me\\\/destinacije\\\/herceg-novi\\\/atrakcije\\\/orjen\\\/\",\"name\":\"Planina Orjen - Visit Montenegro\",\"isPartOf\":{\"@id\":\"https:\\\/\\\/www.visit-montenegro.com\\\/me\\\/#website\"},\"primaryImageOfPage\":{\"@id\":\"https:\\\/\\\/www.visit-montenegro.com\\\/me\\\/destinacije\\\/herceg-novi\\\/atrakcije\\\/orjen\\\/#primaryimage\"},\"image\":{\"@id\":\"https:\\\/\\\/www.visit-montenegro.com\\\/me\\\/destinacije\\\/herceg-novi\\\/atrakcije\\\/orjen\\\/#primaryimage\"},\"thumbnailUrl\":\"https:\\\/\\\/www.visit-montenegro.com\\\/wp-content\\\/uploads\\\/2026\\\/01\\\/mount-orjen-scaled.jpg\",\"datePublished\":\"2026-01-27T20:44:32+00:00\",\"dateModified\":\"2026-02-22T16:05:17+00:00\",\"description\":\"Istra\u017eite zapanjuju\u0107e poglede, planinarske staze i bogatu floru planine Orjen. Planirajte svoju avanturu do ikoni\u010dnog vrha Crne Gore uz na\u0161 detaljan vodi\u010d i savjete.\",\"breadcrumb\":{\"@id\":\"https:\\\/\\\/www.visit-montenegro.com\\\/me\\\/destinacije\\\/herceg-novi\\\/atrakcije\\\/orjen\\\/#breadcrumb\"},\"inLanguage\":\"sr-Latn-ME\",\"potentialAction\":[{\"@type\":\"ReadAction\",\"target\":[\"https:\\\/\\\/www.visit-montenegro.com\\\/me\\\/destinacije\\\/herceg-novi\\\/atrakcije\\\/orjen\\\/\"]}]},{\"@type\":\"ImageObject\",\"inLanguage\":\"sr-Latn-ME\",\"@id\":\"https:\\\/\\\/www.visit-montenegro.com\\\/me\\\/destinacije\\\/herceg-novi\\\/atrakcije\\\/orjen\\\/#primaryimage\",\"url\":\"https:\\\/\\\/www.visit-montenegro.com\\\/wp-content\\\/uploads\\\/2026\\\/01\\\/mount-orjen-scaled.jpg\",\"contentUrl\":\"https:\\\/\\\/www.visit-montenegro.com\\\/wp-content\\\/uploads\\\/2026\\\/01\\\/mount-orjen-scaled.jpg\",\"width\":1600,\"height\":1059,\"caption\":\"Pokretne bijele jahte i \u010damci na vodi Bokokotorskog zaliva ispred grada Herceg Novog, planina Orjen Dinaridskog planinskog lanca, plavo nebo sa bijelim oblacima, Crna Gora\"},{\"@type\":\"BreadcrumbList\",\"@id\":\"https:\\\/\\\/www.visit-montenegro.com\\\/me\\\/destinacije\\\/herceg-novi\\\/atrakcije\\\/orjen\\\/#breadcrumb\",\"itemListElement\":[{\"@type\":\"ListItem\",\"position\":1,\"name\":\"Home\",\"item\":\"https:\\\/\\\/www.visit-montenegro.com\\\/me\\\/pocetna\\\/\"},{\"@type\":\"ListItem\",\"position\":2,\"name\":\"Turisti\u010dke destinacije u Crnoj Gori\",\"item\":\"https:\\\/\\\/www.visit-montenegro.com\\\/me\\\/destinacije\\\/\"},{\"@type\":\"ListItem\",\"position\":3,\"name\":\"Herceg Novi\",\"item\":\"https:\\\/\\\/www.visit-montenegro.com\\\/me\\\/destinacije\\\/herceg-novi\\\/\"},{\"@type\":\"ListItem\",\"position\":4,\"name\":\"Atrakcije Herceg Novog\",\"item\":\"https:\\\/\\\/www.visit-montenegro.com\\\/me\\\/destinacije\\\/herceg-novi\\\/atrakcije\\\/\"},{\"@type\":\"ListItem\",\"position\":5,\"name\":\"Planina Orjen\"}]},{\"@type\":\"WebSite\",\"@id\":\"https:\\\/\\\/www.visit-montenegro.com\\\/me\\\/#website\",\"url\":\"https:\\\/\\\/www.visit-montenegro.com\\\/me\\\/\",\"name\":\"Visit Montenegro\",\"description\":\"Breathtaking beauty\",\"publisher\":{\"@id\":\"https:\\\/\\\/www.visit-montenegro.com\\\/me\\\/#organization\"},\"potentialAction\":[{\"@type\":\"SearchAction\",\"target\":{\"@type\":\"EntryPoint\",\"urlTemplate\":\"https:\\\/\\\/www.visit-montenegro.com\\\/me\\\/?s={search_term_string}\"},\"query-input\":{\"@type\":\"PropertyValueSpecification\",\"valueRequired\":true,\"valueName\":\"search_term_string\"}}],\"inLanguage\":\"sr-Latn-ME\"},{\"@type\":\"Organization\",\"@id\":\"https:\\\/\\\/www.visit-montenegro.com\\\/me\\\/#organization\",\"name\":\"Visit Montenegro\",\"url\":\"https:\\\/\\\/www.visit-montenegro.com\\\/me\\\/\",\"logo\":{\"@type\":\"ImageObject\",\"inLanguage\":\"sr-Latn-ME\",\"@id\":\"https:\\\/\\\/www.visit-montenegro.com\\\/me\\\/#\\\/schema\\\/logo\\\/image\\\/\",\"url\":\"https:\\\/\\\/www.visit-montenegro.com\\\/wp-content\\\/uploads\\\/2017\\\/10\\\/logo-amp.png\",\"contentUrl\":\"https:\\\/\\\/www.visit-montenegro.com\\\/wp-content\\\/uploads\\\/2017\\\/10\\\/logo-amp.png\",\"width\":190,\"height\":36,\"caption\":\"Visit Montenegro\"},\"image\":{\"@id\":\"https:\\\/\\\/www.visit-montenegro.com\\\/me\\\/#\\\/schema\\\/logo\\\/image\\\/\"},\"sameAs\":[\"https:\\\/\\\/www.facebook.com\\\/visitmontenegro\",\"https:\\\/\\\/x.com\\\/visitmontenegro\",\"https:\\\/\\\/www.instagram.com\\\/visit_montenegro\\\/\",\"https:\\\/\\\/www.youtube.com\\\/user\\\/VisitMontenegro\"]}]}<\/script>\n<!-- \/ Yoast SEO plugin. -->","yoast_head_json":{"title":"Planina Orjen - Visit Montenegro","description":"Istra\u017eite zapanjuju\u0107e poglede, planinarske staze i bogatu floru planine Orjen. Planirajte svoju avanturu do ikoni\u010dnog vrha Crne Gore uz na\u0161 detaljan vodi\u010d i savjete.","robots":{"index":"index","follow":"follow","max-snippet":"max-snippet:-1","max-image-preview":"max-image-preview:large","max-video-preview":"max-video-preview:-1"},"canonical":"https:\/\/www.visit-montenegro.com\/me\/destinacije\/herceg-novi\/atrakcije\/orjen\/","og_locale":"en_US","og_type":"article","og_title":"Planina Orjen - Visit Montenegro","og_description":"Istra\u017eite zapanjuju\u0107e poglede, planinarske staze i bogatu floru planine Orjen. Planirajte svoju avanturu do ikoni\u010dnog vrha Crne Gore uz na\u0161 detaljan vodi\u010d i savjete.","og_url":"https:\/\/www.visit-montenegro.com\/me\/destinacije\/herceg-novi\/atrakcije\/orjen\/","og_site_name":"Visit Montenegro","article_publisher":"https:\/\/www.facebook.com\/visitmontenegro","article_modified_time":"2026-02-22T16:05:17+00:00","og_image":[{"width":1600,"height":1059,"url":"https:\/\/www.visit-montenegro.com\/wp-content\/uploads\/2026\/01\/mount-orjen-scaled.jpg","type":"image\/jpeg"}],"twitter_card":"summary_large_image","twitter_site":"@visitmontenegro","twitter_misc":{"Est. reading time":"1 minute"},"schema":{"@context":"https:\/\/schema.org","@graph":[{"@type":"WebPage","@id":"https:\/\/www.visit-montenegro.com\/me\/destinacije\/herceg-novi\/atrakcije\/orjen\/","url":"https:\/\/www.visit-montenegro.com\/me\/destinacije\/herceg-novi\/atrakcije\/orjen\/","name":"Planina Orjen - Visit Montenegro","isPartOf":{"@id":"https:\/\/www.visit-montenegro.com\/me\/#website"},"primaryImageOfPage":{"@id":"https:\/\/www.visit-montenegro.com\/me\/destinacije\/herceg-novi\/atrakcije\/orjen\/#primaryimage"},"image":{"@id":"https:\/\/www.visit-montenegro.com\/me\/destinacije\/herceg-novi\/atrakcije\/orjen\/#primaryimage"},"thumbnailUrl":"https:\/\/www.visit-montenegro.com\/wp-content\/uploads\/2026\/01\/mount-orjen-scaled.jpg","datePublished":"2026-01-27T20:44:32+00:00","dateModified":"2026-02-22T16:05:17+00:00","description":"Istra\u017eite zapanjuju\u0107e poglede, planinarske staze i bogatu floru planine Orjen. Planirajte svoju avanturu do ikoni\u010dnog vrha Crne Gore uz na\u0161 detaljan vodi\u010d i savjete.","breadcrumb":{"@id":"https:\/\/www.visit-montenegro.com\/me\/destinacije\/herceg-novi\/atrakcije\/orjen\/#breadcrumb"},"inLanguage":"sr-Latn-ME","potentialAction":[{"@type":"ReadAction","target":["https:\/\/www.visit-montenegro.com\/me\/destinacije\/herceg-novi\/atrakcije\/orjen\/"]}]},{"@type":"ImageObject","inLanguage":"sr-Latn-ME","@id":"https:\/\/www.visit-montenegro.com\/me\/destinacije\/herceg-novi\/atrakcije\/orjen\/#primaryimage","url":"https:\/\/www.visit-montenegro.com\/wp-content\/uploads\/2026\/01\/mount-orjen-scaled.jpg","contentUrl":"https:\/\/www.visit-montenegro.com\/wp-content\/uploads\/2026\/01\/mount-orjen-scaled.jpg","width":1600,"height":1059,"caption":"Pokretne bijele jahte i \u010damci na vodi Bokokotorskog zaliva ispred grada Herceg Novog, planina Orjen Dinaridskog planinskog lanca, plavo nebo sa bijelim oblacima, Crna Gora"},{"@type":"BreadcrumbList","@id":"https:\/\/www.visit-montenegro.com\/me\/destinacije\/herceg-novi\/atrakcije\/orjen\/#breadcrumb","itemListElement":[{"@type":"ListItem","position":1,"name":"Home","item":"https:\/\/www.visit-montenegro.com\/me\/pocetna\/"},{"@type":"ListItem","position":2,"name":"Turisti\u010dke destinacije u Crnoj Gori","item":"https:\/\/www.visit-montenegro.com\/me\/destinacije\/"},{"@type":"ListItem","position":3,"name":"Herceg Novi","item":"https:\/\/www.visit-montenegro.com\/me\/destinacije\/herceg-novi\/"},{"@type":"ListItem","position":4,"name":"Atrakcije Herceg Novog","item":"https:\/\/www.visit-montenegro.com\/me\/destinacije\/herceg-novi\/atrakcije\/"},{"@type":"ListItem","position":5,"name":"Planina Orjen"}]},{"@type":"WebSite","@id":"https:\/\/www.visit-montenegro.com\/me\/#website","url":"https:\/\/www.visit-montenegro.com\/me\/","name":"Visit Montenegro","description":"Breathtaking beauty","publisher":{"@id":"https:\/\/www.visit-montenegro.com\/me\/#organization"},"potentialAction":[{"@type":"SearchAction","target":{"@type":"EntryPoint","urlTemplate":"https:\/\/www.visit-montenegro.com\/me\/?s={search_term_string}"},"query-input":{"@type":"PropertyValueSpecification","valueRequired":true,"valueName":"search_term_string"}}],"inLanguage":"sr-Latn-ME"},{"@type":"Organization","@id":"https:\/\/www.visit-montenegro.com\/me\/#organization","name":"Visit Montenegro","url":"https:\/\/www.visit-montenegro.com\/me\/","logo":{"@type":"ImageObject","inLanguage":"sr-Latn-ME","@id":"https:\/\/www.visit-montenegro.com\/me\/#\/schema\/logo\/image\/","url":"https:\/\/www.visit-montenegro.com\/wp-content\/uploads\/2017\/10\/logo-amp.png","contentUrl":"https:\/\/www.visit-montenegro.com\/wp-content\/uploads\/2017\/10\/logo-amp.png","width":190,"height":36,"caption":"Visit Montenegro"},"image":{"@id":"https:\/\/www.visit-montenegro.com\/me\/#\/schema\/logo\/image\/"},"sameAs":["https:\/\/www.facebook.com\/visitmontenegro","https:\/\/x.com\/visitmontenegro","https:\/\/www.instagram.com\/visit_montenegro\/","https:\/\/www.youtube.com\/user\/VisitMontenegro"]}]}},"translations":[],"_links":{"self":[{"href":"https:\/\/www.visit-montenegro.com\/me\/wp-json\/wp\/v2\/pages\/134859","targetHints":{"allow":["GET"]}}],"collection":[{"href":"https:\/\/www.visit-montenegro.com\/me\/wp-json\/wp\/v2\/pages"}],"about":[{"href":"https:\/\/www.visit-montenegro.com\/me\/wp-json\/wp\/v2\/types\/page"}],"author":[{"embeddable":true,"href":"https:\/\/www.visit-montenegro.com\/me\/wp-json\/wp\/v2\/users\/1"}],"replies":[{"embeddable":true,"href":"https:\/\/www.visit-montenegro.com\/me\/wp-json\/wp\/v2\/comments?post=134859"}],"version-history":[{"count":0,"href":"https:\/\/www.visit-montenegro.com\/me\/wp-json\/wp\/v2\/pages\/134859\/revisions"}],"up":[{"embeddable":true,"href":"https:\/\/www.visit-montenegro.com\/me\/wp-json\/wp\/v2\/pages\/134817"}],"wp:featuredmedia":[{"embeddable":true,"href":"https:\/\/www.visit-montenegro.com\/me\/wp-json\/wp\/v2\/media\/134860"}],"wp:attachment":[{"href":"https:\/\/www.visit-montenegro.com\/me\/wp-json\/wp\/v2\/media?parent=134859"}],"wp:term":[{"taxonomy":"post_tag","embeddable":true,"href":"https:\/\/www.visit-montenegro.com\/me\/wp-json\/wp\/v2\/tags?post=134859"}],"curies":[{"name":"wp","href":"https:\/\/api.w.org\/{rel}","templated":true}]}}