{"id":134867,"date":"2026-01-27T21:44:32","date_gmt":"2026-01-27T20:44:32","guid":{"rendered":"https:\/\/new.visit-montenegro.com\/destinacije\/herceg-novi\/atrakcije\/igalo\/"},"modified":"2026-02-22T18:29:35","modified_gmt":"2026-02-22T17:29:35","slug":"igalo","status":"publish","type":"page","link":"https:\/\/www.visit-montenegro.com\/me\/destinacije\/herceg-novi\/atrakcije\/igalo\/","title":{"rendered":"Igalo"},"content":{"rendered":"\n<p>Igalo je \u010duvena crnogorska destinacija za rehabilitaciju u okviru Herceg Novog, poznata po Institutu Dr Simo Milo\u0161evi\u0107. Koristi tehnike poput masa\u017ea, elektroterapija, hidromasa\u017ea, ljekovite vode i blata za pobolj\u0161anje zdravlja. Shodno tome, slu\u017ei ne samo pacijentima sa povredama ili poreme\u0107ajima, ve\u0107 i sportistima i oporavljenicima.<\/p>\n\n<hr class=\"wp-block-separator has-alpha-channel-opacity\"\/>\n\n<h2 class=\"wp-block-heading\">Rehabilitacioni i zdravstveni servisi u Igalu<\/h2>\n\n<p>Boravak i usluge rehabilitacionog centra u <strong>Igalu<\/strong> ne koriste samo pacijenti sa te\u0161kim povredama, reumatskim oboljenjima i poreme\u0107ajima ekstremiteta, ve\u0107 i sportisti i rekonvalescenti. Zaista, zabilje\u017eeni su mnogi slu\u010dajevi gdje su pacijenti koji su u Igalo do\u0161li u kolicima bez nade, odatle oti\u0161li na sopstvenim nogama.<\/p>\n\n<p><div class=\"container\">&#13;\n<div id=\"model-response-message-contentr_fbd6883f397fdca1\" class=\"markdown markdown-main-panel enable-updated-hr-color preserve-whitespaces-in-response\" dir=\"ltr\" aria-live=\"polite\" aria-busy=\"false\">&#13;\n<p data-path-to-node=\"0\">Posljednjih godina <strong>Igalo<\/strong> najvi\u0161e privla\u010di turiste iz Skandinavije, naro\u010dito Norve\u017eane. \u0160tavi\u0161e, tamo su boravile mnoge poznate li\u010dnosti, a biv\u0161i jugoslovenski predsjednik Josip Broz Tito tamo je provodio zna\u010dajno vrijeme.<\/p>&#13;\n&#13;\n<\/div><br\/><\/div><\/p>\n\n<h2 class=\"wp-block-heading\">Atrakcije i dostupnost iz Igala<\/h2>\n\n<p>Za Titov ljetnji odmor sagra\u0111ena je vila \u201eGaleb\u201c, koju danas koristi Vlada Crne Gore. Iz <strong>Igala<\/strong> lako mo\u017eete posjetiti izleti\u0161ta poput \u017danjica ili Njivica koriste\u0107i taxi brodi\u0107e i barke. Pored toga, \u010duvena pe\u0107ina \u201ePlava \u0161pilja\u201c je nezaobilazna atrakcija, koju turisti opisuju kao \u201ehram boga mora\u201c.<\/p>\n","protected":false},"excerpt":{"rendered":"<p>Otkrijte Igalo, \u010duveni crnogorski centar za rehabilitaciju u Herceg Novom, poznat po svom institutu za zdravlje i ljekovitim metodama. Privla\u010di pacijente, sportiste i turiste, nude\u0107i pristup slikovitim predjelima i istorijskim lokalitetima.<\/p>\n","protected":false},"author":1,"featured_media":134868,"parent":134817,"menu_order":0,"comment_status":"closed","ping_status":"closed","template":"","meta":{"_yoast_wpseo_focuskw":"Igalo","_yoast_wpseo_metadesc":"Istra\u017eite Igalo, vode\u0107i crnogorski centar za rehabilitaciju sa ljekovitim terapijama. Saznajte vi\u0161e o njegovoj istoriji, poznatim posjetiocima i obli\u017enjim atrakcijama za savr\u0161en odmor.","_kad_post_transparent":"","_kad_post_title":"","_kad_post_layout":"","_kad_post_sidebar_id":"","_kad_post_content_style":"","_kad_post_vertical_padding":"","_kad_post_feature":"","_kad_post_feature_position":"","_kad_post_header":false,"_kad_post_footer":false,"_kad_post_classname":"","iawp_total_views":21,"footnotes":""},"tags":[],"class_list":["post-134867","page","type-page","status-publish","has-post-thumbnail","hentry"],"yoast_head":"<!-- This site is optimized with the Yoast SEO plugin v27.3 - https:\/\/yoast.com\/product\/yoast-seo-wordpress\/ -->\n<title>Igalo - Visit Montenegro<\/title>\n<meta name=\"description\" content=\"Istra\u017eite Igalo, vode\u0107i crnogorski centar za rehabilitaciju sa ljekovitim terapijama. Saznajte vi\u0161e o njegovoj istoriji, poznatim posjetiocima i obli\u017enjim atrakcijama za savr\u0161en odmor.\" \/>\n<meta name=\"robots\" content=\"index, follow, max-snippet:-1, max-image-preview:large, max-video-preview:-1\" \/>\n<link rel=\"canonical\" href=\"https:\/\/www.visit-montenegro.com\/me\/destinacije\/herceg-novi\/atrakcije\/igalo\/\" \/>\n<meta property=\"og:locale\" content=\"en_US\" \/>\n<meta property=\"og:type\" content=\"article\" \/>\n<meta property=\"og:title\" content=\"Igalo - Visit Montenegro\" \/>\n<meta property=\"og:description\" content=\"Istra\u017eite Igalo, vode\u0107i crnogorski centar za rehabilitaciju sa ljekovitim terapijama. Saznajte vi\u0161e o njegovoj istoriji, poznatim posjetiocima i obli\u017enjim atrakcijama za savr\u0161en odmor.\" \/>\n<meta property=\"og:url\" content=\"https:\/\/www.visit-montenegro.com\/me\/destinacije\/herceg-novi\/atrakcije\/igalo\/\" \/>\n<meta property=\"og:site_name\" content=\"Visit Montenegro\" \/>\n<meta property=\"article:publisher\" content=\"https:\/\/www.facebook.com\/visitmontenegro\" \/>\n<meta property=\"article:modified_time\" content=\"2026-02-22T17:29:35+00:00\" \/>\n<meta property=\"og:image\" content=\"https:\/\/www.visit-montenegro.com\/wp-content\/uploads\/2026\/01\/igalo-scaled.jpg\" \/>\n\t<meta property=\"og:image:width\" content=\"1600\" \/>\n\t<meta property=\"og:image:height\" content=\"1067\" \/>\n\t<meta property=\"og:image:type\" content=\"image\/jpeg\" \/>\n<meta name=\"twitter:card\" content=\"summary_large_image\" \/>\n<meta name=\"twitter:site\" content=\"@visitmontenegro\" \/>\n<meta name=\"twitter:label1\" content=\"Est. reading time\" \/>\n\t<meta name=\"twitter:data1\" content=\"1 minute\" \/>\n<script type=\"application\/ld+json\" class=\"yoast-schema-graph\">{\"@context\":\"https:\\\/\\\/schema.org\",\"@graph\":[{\"@type\":\"WebPage\",\"@id\":\"https:\\\/\\\/www.visit-montenegro.com\\\/me\\\/destinacije\\\/herceg-novi\\\/atrakcije\\\/igalo\\\/\",\"url\":\"https:\\\/\\\/www.visit-montenegro.com\\\/me\\\/destinacije\\\/herceg-novi\\\/atrakcije\\\/igalo\\\/\",\"name\":\"Igalo - Visit Montenegro\",\"isPartOf\":{\"@id\":\"https:\\\/\\\/www.visit-montenegro.com\\\/me\\\/#website\"},\"primaryImageOfPage\":{\"@id\":\"https:\\\/\\\/www.visit-montenegro.com\\\/me\\\/destinacije\\\/herceg-novi\\\/atrakcije\\\/igalo\\\/#primaryimage\"},\"image\":{\"@id\":\"https:\\\/\\\/www.visit-montenegro.com\\\/me\\\/destinacije\\\/herceg-novi\\\/atrakcije\\\/igalo\\\/#primaryimage\"},\"thumbnailUrl\":\"https:\\\/\\\/www.visit-montenegro.com\\\/wp-content\\\/uploads\\\/2026\\\/01\\\/igalo-scaled.jpg\",\"datePublished\":\"2026-01-27T20:44:32+00:00\",\"dateModified\":\"2026-02-22T17:29:35+00:00\",\"description\":\"Istra\u017eite Igalo, vode\u0107i crnogorski centar za rehabilitaciju sa ljekovitim terapijama. Saznajte vi\u0161e o njegovoj istoriji, poznatim posjetiocima i obli\u017enjim atrakcijama za savr\u0161en odmor.\",\"breadcrumb\":{\"@id\":\"https:\\\/\\\/www.visit-montenegro.com\\\/me\\\/destinacije\\\/herceg-novi\\\/atrakcije\\\/igalo\\\/#breadcrumb\"},\"inLanguage\":\"sr-Latn-ME\",\"potentialAction\":[{\"@type\":\"ReadAction\",\"target\":[\"https:\\\/\\\/www.visit-montenegro.com\\\/me\\\/destinacije\\\/herceg-novi\\\/atrakcije\\\/igalo\\\/\"]}]},{\"@type\":\"ImageObject\",\"inLanguage\":\"sr-Latn-ME\",\"@id\":\"https:\\\/\\\/www.visit-montenegro.com\\\/me\\\/destinacije\\\/herceg-novi\\\/atrakcije\\\/igalo\\\/#primaryimage\",\"url\":\"https:\\\/\\\/www.visit-montenegro.com\\\/wp-content\\\/uploads\\\/2026\\\/01\\\/igalo-scaled.jpg\",\"contentUrl\":\"https:\\\/\\\/www.visit-montenegro.com\\\/wp-content\\\/uploads\\\/2026\\\/01\\\/igalo-scaled.jpg\",\"width\":1600,\"height\":1067,\"caption\":\"\u0412\u0440\u0445\u0443\u043d\u0441\u043a\u0438 \u043f\u043e\u0433\u043b\u0435\u0434 \u043d\u0430 \u0437\u0433\u0440\u0430\u0434\u0443 \u0438 \u043f\u043e\u0434\u0440\u0443\u0447\u0458\u0435 \u0441\u0430 \u0431\u0430\u0437\u0435\u043d\u043e\u043c \u0438 \u0441\u0443\u043d\u0447\u0430\u043d\u0438\u043c \u043b\u0435\u0436\u0430\u0458\u0435\u0432\u0438\u043c\u0430 \u0431\u043b\u0438\u0437\u0443 \u043c\u043e\u0440\u0430\"},{\"@type\":\"BreadcrumbList\",\"@id\":\"https:\\\/\\\/www.visit-montenegro.com\\\/me\\\/destinacije\\\/herceg-novi\\\/atrakcije\\\/igalo\\\/#breadcrumb\",\"itemListElement\":[{\"@type\":\"ListItem\",\"position\":1,\"name\":\"Home\",\"item\":\"https:\\\/\\\/www.visit-montenegro.com\\\/me\\\/pocetna\\\/\"},{\"@type\":\"ListItem\",\"position\":2,\"name\":\"Turisti\u010dke destinacije u Crnoj Gori\",\"item\":\"https:\\\/\\\/www.visit-montenegro.com\\\/me\\\/destinacije\\\/\"},{\"@type\":\"ListItem\",\"position\":3,\"name\":\"Herceg Novi\",\"item\":\"https:\\\/\\\/www.visit-montenegro.com\\\/me\\\/destinacije\\\/herceg-novi\\\/\"},{\"@type\":\"ListItem\",\"position\":4,\"name\":\"Atrakcije Herceg Novog\",\"item\":\"https:\\\/\\\/www.visit-montenegro.com\\\/me\\\/destinacije\\\/herceg-novi\\\/atrakcije\\\/\"},{\"@type\":\"ListItem\",\"position\":5,\"name\":\"Igalo\"}]},{\"@type\":\"WebSite\",\"@id\":\"https:\\\/\\\/www.visit-montenegro.com\\\/me\\\/#website\",\"url\":\"https:\\\/\\\/www.visit-montenegro.com\\\/me\\\/\",\"name\":\"Visit Montenegro\",\"description\":\"Breathtaking beauty\",\"publisher\":{\"@id\":\"https:\\\/\\\/www.visit-montenegro.com\\\/me\\\/#organization\"},\"potentialAction\":[{\"@type\":\"SearchAction\",\"target\":{\"@type\":\"EntryPoint\",\"urlTemplate\":\"https:\\\/\\\/www.visit-montenegro.com\\\/me\\\/?s={search_term_string}\"},\"query-input\":{\"@type\":\"PropertyValueSpecification\",\"valueRequired\":true,\"valueName\":\"search_term_string\"}}],\"inLanguage\":\"sr-Latn-ME\"},{\"@type\":\"Organization\",\"@id\":\"https:\\\/\\\/www.visit-montenegro.com\\\/me\\\/#organization\",\"name\":\"Visit Montenegro\",\"url\":\"https:\\\/\\\/www.visit-montenegro.com\\\/me\\\/\",\"logo\":{\"@type\":\"ImageObject\",\"inLanguage\":\"sr-Latn-ME\",\"@id\":\"https:\\\/\\\/www.visit-montenegro.com\\\/me\\\/#\\\/schema\\\/logo\\\/image\\\/\",\"url\":\"https:\\\/\\\/www.visit-montenegro.com\\\/wp-content\\\/uploads\\\/2017\\\/10\\\/logo-amp.png\",\"contentUrl\":\"https:\\\/\\\/www.visit-montenegro.com\\\/wp-content\\\/uploads\\\/2017\\\/10\\\/logo-amp.png\",\"width\":190,\"height\":36,\"caption\":\"Visit Montenegro\"},\"image\":{\"@id\":\"https:\\\/\\\/www.visit-montenegro.com\\\/me\\\/#\\\/schema\\\/logo\\\/image\\\/\"},\"sameAs\":[\"https:\\\/\\\/www.facebook.com\\\/visitmontenegro\",\"https:\\\/\\\/x.com\\\/visitmontenegro\",\"https:\\\/\\\/www.instagram.com\\\/visit_montenegro\\\/\",\"https:\\\/\\\/www.youtube.com\\\/user\\\/VisitMontenegro\"]}]}<\/script>\n<!-- \/ Yoast SEO plugin. -->","yoast_head_json":{"title":"Igalo - Visit Montenegro","description":"Istra\u017eite Igalo, vode\u0107i crnogorski centar za rehabilitaciju sa ljekovitim terapijama. Saznajte vi\u0161e o njegovoj istoriji, poznatim posjetiocima i obli\u017enjim atrakcijama za savr\u0161en odmor.","robots":{"index":"index","follow":"follow","max-snippet":"max-snippet:-1","max-image-preview":"max-image-preview:large","max-video-preview":"max-video-preview:-1"},"canonical":"https:\/\/www.visit-montenegro.com\/me\/destinacije\/herceg-novi\/atrakcije\/igalo\/","og_locale":"en_US","og_type":"article","og_title":"Igalo - Visit Montenegro","og_description":"Istra\u017eite Igalo, vode\u0107i crnogorski centar za rehabilitaciju sa ljekovitim terapijama. Saznajte vi\u0161e o njegovoj istoriji, poznatim posjetiocima i obli\u017enjim atrakcijama za savr\u0161en odmor.","og_url":"https:\/\/www.visit-montenegro.com\/me\/destinacije\/herceg-novi\/atrakcije\/igalo\/","og_site_name":"Visit Montenegro","article_publisher":"https:\/\/www.facebook.com\/visitmontenegro","article_modified_time":"2026-02-22T17:29:35+00:00","og_image":[{"width":1600,"height":1067,"url":"https:\/\/www.visit-montenegro.com\/wp-content\/uploads\/2026\/01\/igalo-scaled.jpg","type":"image\/jpeg"}],"twitter_card":"summary_large_image","twitter_site":"@visitmontenegro","twitter_misc":{"Est. reading time":"1 minute"},"schema":{"@context":"https:\/\/schema.org","@graph":[{"@type":"WebPage","@id":"https:\/\/www.visit-montenegro.com\/me\/destinacije\/herceg-novi\/atrakcije\/igalo\/","url":"https:\/\/www.visit-montenegro.com\/me\/destinacije\/herceg-novi\/atrakcije\/igalo\/","name":"Igalo - Visit Montenegro","isPartOf":{"@id":"https:\/\/www.visit-montenegro.com\/me\/#website"},"primaryImageOfPage":{"@id":"https:\/\/www.visit-montenegro.com\/me\/destinacije\/herceg-novi\/atrakcije\/igalo\/#primaryimage"},"image":{"@id":"https:\/\/www.visit-montenegro.com\/me\/destinacije\/herceg-novi\/atrakcije\/igalo\/#primaryimage"},"thumbnailUrl":"https:\/\/www.visit-montenegro.com\/wp-content\/uploads\/2026\/01\/igalo-scaled.jpg","datePublished":"2026-01-27T20:44:32+00:00","dateModified":"2026-02-22T17:29:35+00:00","description":"Istra\u017eite Igalo, vode\u0107i crnogorski centar za rehabilitaciju sa ljekovitim terapijama. Saznajte vi\u0161e o njegovoj istoriji, poznatim posjetiocima i obli\u017enjim atrakcijama za savr\u0161en odmor.","breadcrumb":{"@id":"https:\/\/www.visit-montenegro.com\/me\/destinacije\/herceg-novi\/atrakcije\/igalo\/#breadcrumb"},"inLanguage":"sr-Latn-ME","potentialAction":[{"@type":"ReadAction","target":["https:\/\/www.visit-montenegro.com\/me\/destinacije\/herceg-novi\/atrakcije\/igalo\/"]}]},{"@type":"ImageObject","inLanguage":"sr-Latn-ME","@id":"https:\/\/www.visit-montenegro.com\/me\/destinacije\/herceg-novi\/atrakcije\/igalo\/#primaryimage","url":"https:\/\/www.visit-montenegro.com\/wp-content\/uploads\/2026\/01\/igalo-scaled.jpg","contentUrl":"https:\/\/www.visit-montenegro.com\/wp-content\/uploads\/2026\/01\/igalo-scaled.jpg","width":1600,"height":1067,"caption":"\u0412\u0440\u0445\u0443\u043d\u0441\u043a\u0438 \u043f\u043e\u0433\u043b\u0435\u0434 \u043d\u0430 \u0437\u0433\u0440\u0430\u0434\u0443 \u0438 \u043f\u043e\u0434\u0440\u0443\u0447\u0458\u0435 \u0441\u0430 \u0431\u0430\u0437\u0435\u043d\u043e\u043c \u0438 \u0441\u0443\u043d\u0447\u0430\u043d\u0438\u043c \u043b\u0435\u0436\u0430\u0458\u0435\u0432\u0438\u043c\u0430 \u0431\u043b\u0438\u0437\u0443 \u043c\u043e\u0440\u0430"},{"@type":"BreadcrumbList","@id":"https:\/\/www.visit-montenegro.com\/me\/destinacije\/herceg-novi\/atrakcije\/igalo\/#breadcrumb","itemListElement":[{"@type":"ListItem","position":1,"name":"Home","item":"https:\/\/www.visit-montenegro.com\/me\/pocetna\/"},{"@type":"ListItem","position":2,"name":"Turisti\u010dke destinacije u Crnoj Gori","item":"https:\/\/www.visit-montenegro.com\/me\/destinacije\/"},{"@type":"ListItem","position":3,"name":"Herceg Novi","item":"https:\/\/www.visit-montenegro.com\/me\/destinacije\/herceg-novi\/"},{"@type":"ListItem","position":4,"name":"Atrakcije Herceg Novog","item":"https:\/\/www.visit-montenegro.com\/me\/destinacije\/herceg-novi\/atrakcije\/"},{"@type":"ListItem","position":5,"name":"Igalo"}]},{"@type":"WebSite","@id":"https:\/\/www.visit-montenegro.com\/me\/#website","url":"https:\/\/www.visit-montenegro.com\/me\/","name":"Visit Montenegro","description":"Breathtaking beauty","publisher":{"@id":"https:\/\/www.visit-montenegro.com\/me\/#organization"},"potentialAction":[{"@type":"SearchAction","target":{"@type":"EntryPoint","urlTemplate":"https:\/\/www.visit-montenegro.com\/me\/?s={search_term_string}"},"query-input":{"@type":"PropertyValueSpecification","valueRequired":true,"valueName":"search_term_string"}}],"inLanguage":"sr-Latn-ME"},{"@type":"Organization","@id":"https:\/\/www.visit-montenegro.com\/me\/#organization","name":"Visit Montenegro","url":"https:\/\/www.visit-montenegro.com\/me\/","logo":{"@type":"ImageObject","inLanguage":"sr-Latn-ME","@id":"https:\/\/www.visit-montenegro.com\/me\/#\/schema\/logo\/image\/","url":"https:\/\/www.visit-montenegro.com\/wp-content\/uploads\/2017\/10\/logo-amp.png","contentUrl":"https:\/\/www.visit-montenegro.com\/wp-content\/uploads\/2017\/10\/logo-amp.png","width":190,"height":36,"caption":"Visit Montenegro"},"image":{"@id":"https:\/\/www.visit-montenegro.com\/me\/#\/schema\/logo\/image\/"},"sameAs":["https:\/\/www.facebook.com\/visitmontenegro","https:\/\/x.com\/visitmontenegro","https:\/\/www.instagram.com\/visit_montenegro\/","https:\/\/www.youtube.com\/user\/VisitMontenegro"]}]}},"translations":[],"_links":{"self":[{"href":"https:\/\/www.visit-montenegro.com\/me\/wp-json\/wp\/v2\/pages\/134867","targetHints":{"allow":["GET"]}}],"collection":[{"href":"https:\/\/www.visit-montenegro.com\/me\/wp-json\/wp\/v2\/pages"}],"about":[{"href":"https:\/\/www.visit-montenegro.com\/me\/wp-json\/wp\/v2\/types\/page"}],"author":[{"embeddable":true,"href":"https:\/\/www.visit-montenegro.com\/me\/wp-json\/wp\/v2\/users\/1"}],"replies":[{"embeddable":true,"href":"https:\/\/www.visit-montenegro.com\/me\/wp-json\/wp\/v2\/comments?post=134867"}],"version-history":[{"count":0,"href":"https:\/\/www.visit-montenegro.com\/me\/wp-json\/wp\/v2\/pages\/134867\/revisions"}],"up":[{"embeddable":true,"href":"https:\/\/www.visit-montenegro.com\/me\/wp-json\/wp\/v2\/pages\/134817"}],"wp:featuredmedia":[{"embeddable":true,"href":"https:\/\/www.visit-montenegro.com\/me\/wp-json\/wp\/v2\/media\/134868"}],"wp:attachment":[{"href":"https:\/\/www.visit-montenegro.com\/me\/wp-json\/wp\/v2\/media?parent=134867"}],"wp:term":[{"taxonomy":"post_tag","embeddable":true,"href":"https:\/\/www.visit-montenegro.com\/me\/wp-json\/wp\/v2\/tags?post=134867"}],"curies":[{"name":"wp","href":"https:\/\/api.w.org\/{rel}","templated":true}]}}