{"id":134877,"date":"2026-01-27T21:44:32","date_gmt":"2026-01-27T20:44:32","guid":{"rendered":"https:\/\/new.visit-montenegro.com\/destinacije\/herceg-novi\/info\/stari-grad\/"},"modified":"2026-02-22T17:05:18","modified_gmt":"2026-02-22T16:05:18","slug":"stari-grad","status":"publish","type":"page","link":"https:\/\/www.visit-montenegro.com\/me\/destinacije\/herceg-novi\/info\/stari-grad\/","title":{"rendered":"Stari grad Herceg Novi"},"content":{"rendered":"\n<p>Stari grad Herceg Novi je istorijsko primorsko naselje u Crnoj Gori, osnovano u 14. vijeku, poznato po spoju srednjovekovnih tvr\u0111ava, crkava i slikovitih stepenica koje nude jedinstveno kulturno i rekreaciono iskustvo.<\/p>\n\n<hr class=\"wp-block-separator has-alpha-channel-opacity\"\/>\n\n<h2 class=\"wp-block-heading\">Istorija i kulturni zna\u010daj Starog grada Herceg Novi<\/h2>\n\n<p>Posjet <strong>Starom gradu Herceg Novi<\/strong> \u0107e vam sigurno donijeti veliko zadovoljstvo. Iako ima sli\u010dnosti sa mnogim primorskim gradovima, odre\u0111eni elementi ga \u010dine posebnim. Zaista, on predstavlja najbolju fuziju istorije i kulture, tradicije i duhovnosti, pro\u0161losti i modernog doba. Osnovao ga je bosanski kralj Tvrtko I Kotromani\u0107, a grad je prvobitno nazvan <a href=\"https:\/\/www.visit-montenegro.com\/me\/destinacije\/budva\/atrakcije\/sveti-stefan\/\">Sveti Stefan<\/a>. Istorijski zapisi pokazuju da je star oko \u0161est vijekova, a njegova burna istorija je vidljiva kroz tvr\u0111ave unutar bedema, kao \u0161to su Spanjola, <a href=\"https:\/\/www.visit-montenegro.com\/me\/destinacije\/herceg-novi\/atrakcije\/forte-mare\/\">Forte Mare<\/a> i <a href=\"https:\/\/www.visit-montenegro.com\/me\/destinacije\/herceg-novi\/atrakcije\/kanli-kula\/\">Kanli kula<\/a>, zajedno sa brojnim palatama i crkvama. Posljedi\u010dno, mnogi kulturno-istorijski spomenici i moderne zgrade \u010duvaju hri\u0161\u0107anski duh i slu\u017ee kao riznica umjetni\u010dkog i kulturnog bogatstva.<\/p>\n\n<figure class=\"wp-block-image size-large\"><img loading=\"lazy\" decoding=\"async\" width=\"1024\" height=\"767\" src=\"https:\/\/www.visit-montenegro.com\/wp-content\/uploads\/2026\/01\/herceg-novi-forte-mare-air-1024x767.jpg\" alt=\"\" class=\"wp-image-36045\" srcset=\"https:\/\/www.visit-montenegro.com\/wp-content\/uploads\/2026\/01\/herceg-novi-forte-mare-air-1024x767.jpg 1024w, https:\/\/www.visit-montenegro.com\/wp-content\/uploads\/2026\/01\/herceg-novi-forte-mare-air-300x225.jpg 300w, https:\/\/www.visit-montenegro.com\/wp-content\/uploads\/2026\/01\/herceg-novi-forte-mare-air-768x575.jpg 768w, https:\/\/www.visit-montenegro.com\/wp-content\/uploads\/2026\/01\/herceg-novi-forte-mare-air-1536x1150.jpg 1536w, https:\/\/www.visit-montenegro.com\/wp-content\/uploads\/2026\/01\/herceg-novi-forte-mare-air-1200x899.jpg 1200w, https:\/\/www.visit-montenegro.com\/wp-content\/uploads\/2026\/01\/herceg-novi-forte-mare-air-scaled.jpg 1600w\" sizes=\"auto, (max-width: 1024px) 100vw, 1024px\" \/><figcaption class=\"wp-element-caption\">pogled iz vazduha na forte mare u herceg novom u crnoj gori. koncept ljetovanja<\/figcaption><\/figure>\n\n<p>Dugo vremena, <strong>Stari grad Herceg Novi<\/strong> je slu\u017eio kao posrednik u trgova\u010dkim vezama sa susjednim dr\u017eavama, takmi\u010de\u0107i se sa Dubrovnikom. Stari grad je okru\u017een zidinama izgra\u0111enim od 14. do 19. vijeka. Ako planirate da ga obi\u0111ete, pored tvr\u0111ava kao \u0161to su Forte Mare (14. vijek) i Kanli kula (15. vijek), razmislite o posjeti centralnom dijelu starog urbanog jezgra. Ovo podru\u010dje ima dva glavna trga: Trg Herceg Stjepana sa Crkvom Svetog Arhandjela Mihaila i Trg Mico Pavlovi\u0107a sa Crkvom Svete Jeronime. \u0160tavi\u0161e, grad ima umjetni\u010dke galerije, nacionalnu biblioteku i gradski arhiv.<\/p>\n\n<figure class=\"wp-block-image size-large\"><img loading=\"lazy\" decoding=\"async\" width=\"1024\" height=\"682\" src=\"https:\/\/www.visit-montenegro.com\/wp-content\/uploads\/2026\/01\/herceg-novi-archangel-michael-church-1024x682.jpg\" alt=\"\" class=\"wp-image-36038\" srcset=\"https:\/\/www.visit-montenegro.com\/wp-content\/uploads\/2026\/01\/herceg-novi-archangel-michael-church-1024x682.jpg 1024w, https:\/\/www.visit-montenegro.com\/wp-content\/uploads\/2026\/01\/herceg-novi-archangel-michael-church-300x200.jpg 300w, https:\/\/www.visit-montenegro.com\/wp-content\/uploads\/2026\/01\/herceg-novi-archangel-michael-church-768x511.jpg 768w, https:\/\/www.visit-montenegro.com\/wp-content\/uploads\/2026\/01\/herceg-novi-archangel-michael-church-1536x1022.jpg 1536w, https:\/\/www.visit-montenegro.com\/wp-content\/uploads\/2026\/01\/herceg-novi-archangel-michael-church-1200x799.jpg 1200w, https:\/\/www.visit-montenegro.com\/wp-content\/uploads\/2026\/01\/herceg-novi-archangel-michael-church-scaled.jpg 1600w\" sizes=\"auto, (max-width: 1024px) 100vw, 1024px\" \/><figcaption class=\"wp-element-caption\">Pravoslavna crkva Arhandjela Mihaila. Trg Herceg Stjepana, Stari grad Herceg Novi, Crna Gora, Evropa<\/figcaption><\/figure>\n\n<h2 class=\"wp-block-heading\">Jedinstvene karakteristike i iskustvo u Starom gradu Herceg Novi<\/h2>\n\n<p>Za\u0161titni znakovi <strong>Starog grada Herceg Novi<\/strong> su njegove stepenice, lokalno poznate kao SKALINE. Na ve\u0107ini uskih i lijepih ulica, ove stepenice su vrlo duge, \u010desto naporne za turiste i goste da se penju. Me\u0111utim, one ne moraju biti zamorne ako se posmatraju kao oblik rekreacije.<\/p>\n","protected":false},"excerpt":{"rendered":"<p>Istra\u017eite Stari grad Herceg Novi, istorijski crnogorski dragulj koji spaja srednjovekovne tvr\u0111ave, crkve i slikovite stepenice. Otkrijte njegovo bogato kulturno naslije\u0111e i jedinstven \u0161arm za nezaboravan posjet.<\/p>\n","protected":false},"author":1,"featured_media":134878,"parent":134872,"menu_order":0,"comment_status":"closed","ping_status":"closed","template":"","meta":{"_yoast_wpseo_focuskw":"Stari grad Herceg Novi","_yoast_wpseo_metadesc":"Otkrijte istoriju, tvr\u0111ave i slikovite stepenice Starog grada Herceg Novi. Planirajte svoj put u ovaj crnogorski primorski dragulj za jedinstveno kulturno iskustvo.","_kad_post_transparent":"","_kad_post_title":"","_kad_post_layout":"","_kad_post_sidebar_id":"","_kad_post_content_style":"","_kad_post_vertical_padding":"","_kad_post_feature":"","_kad_post_feature_position":"","_kad_post_header":false,"_kad_post_footer":false,"_kad_post_classname":"","iawp_total_views":16,"footnotes":""},"tags":[],"class_list":["post-134877","page","type-page","status-publish","has-post-thumbnail","hentry"],"yoast_head":"<!-- This site is optimized with the Yoast SEO plugin v27.3 - https:\/\/yoast.com\/product\/yoast-seo-wordpress\/ -->\n<title>Stari grad Herceg Novi - Visit Montenegro<\/title>\n<meta name=\"description\" content=\"Otkrijte istoriju, tvr\u0111ave i slikovite stepenice Starog grada Herceg Novi. Planirajte svoj put u ovaj crnogorski primorski dragulj za jedinstveno kulturno iskustvo.\" \/>\n<meta name=\"robots\" content=\"index, follow, max-snippet:-1, max-image-preview:large, max-video-preview:-1\" \/>\n<link rel=\"canonical\" href=\"https:\/\/www.visit-montenegro.com\/me\/destinacije\/herceg-novi\/info\/stari-grad\/\" \/>\n<meta property=\"og:locale\" content=\"en_US\" \/>\n<meta property=\"og:type\" content=\"article\" \/>\n<meta property=\"og:title\" content=\"Stari grad Herceg Novi - Visit Montenegro\" \/>\n<meta property=\"og:description\" content=\"Otkrijte istoriju, tvr\u0111ave i slikovite stepenice Starog grada Herceg Novi. Planirajte svoj put u ovaj crnogorski primorski dragulj za jedinstveno kulturno iskustvo.\" \/>\n<meta property=\"og:url\" content=\"https:\/\/www.visit-montenegro.com\/me\/destinacije\/herceg-novi\/info\/stari-grad\/\" \/>\n<meta property=\"og:site_name\" content=\"Visit Montenegro\" \/>\n<meta property=\"article:publisher\" content=\"https:\/\/www.facebook.com\/visitmontenegro\" \/>\n<meta property=\"article:modified_time\" content=\"2026-02-22T16:05:18+00:00\" \/>\n<meta property=\"og:image\" content=\"https:\/\/www.visit-montenegro.com\/wp-content\/uploads\/2026\/01\/herceg-novi-clock-tower-scaled.jpg\" \/>\n\t<meta property=\"og:image:width\" content=\"1600\" \/>\n\t<meta property=\"og:image:height\" content=\"1068\" \/>\n\t<meta property=\"og:image:type\" content=\"image\/jpeg\" \/>\n<meta name=\"twitter:card\" content=\"summary_large_image\" \/>\n<meta name=\"twitter:site\" content=\"@visitmontenegro\" \/>\n<meta name=\"twitter:label1\" content=\"Est. reading time\" \/>\n\t<meta name=\"twitter:data1\" content=\"2 minutes\" \/>\n<script type=\"application\/ld+json\" class=\"yoast-schema-graph\">{\"@context\":\"https:\\\/\\\/schema.org\",\"@graph\":[{\"@type\":\"WebPage\",\"@id\":\"https:\\\/\\\/www.visit-montenegro.com\\\/me\\\/destinacije\\\/herceg-novi\\\/info\\\/stari-grad\\\/\",\"url\":\"https:\\\/\\\/www.visit-montenegro.com\\\/me\\\/destinacije\\\/herceg-novi\\\/info\\\/stari-grad\\\/\",\"name\":\"Stari grad Herceg Novi - Visit Montenegro\",\"isPartOf\":{\"@id\":\"https:\\\/\\\/www.visit-montenegro.com\\\/me\\\/#website\"},\"primaryImageOfPage\":{\"@id\":\"https:\\\/\\\/www.visit-montenegro.com\\\/me\\\/destinacije\\\/herceg-novi\\\/info\\\/stari-grad\\\/#primaryimage\"},\"image\":{\"@id\":\"https:\\\/\\\/www.visit-montenegro.com\\\/me\\\/destinacije\\\/herceg-novi\\\/info\\\/stari-grad\\\/#primaryimage\"},\"thumbnailUrl\":\"https:\\\/\\\/www.visit-montenegro.com\\\/wp-content\\\/uploads\\\/2026\\\/01\\\/herceg-novi-clock-tower-scaled.jpg\",\"datePublished\":\"2026-01-27T20:44:32+00:00\",\"dateModified\":\"2026-02-22T16:05:18+00:00\",\"description\":\"Otkrijte istoriju, tvr\u0111ave i slikovite stepenice Starog grada Herceg Novi. Planirajte svoj put u ovaj crnogorski primorski dragulj za jedinstveno kulturno iskustvo.\",\"breadcrumb\":{\"@id\":\"https:\\\/\\\/www.visit-montenegro.com\\\/me\\\/destinacije\\\/herceg-novi\\\/info\\\/stari-grad\\\/#breadcrumb\"},\"inLanguage\":\"sr-Latn-ME\",\"potentialAction\":[{\"@type\":\"ReadAction\",\"target\":[\"https:\\\/\\\/www.visit-montenegro.com\\\/me\\\/destinacije\\\/herceg-novi\\\/info\\\/stari-grad\\\/\"]}]},{\"@type\":\"ImageObject\",\"inLanguage\":\"sr-Latn-ME\",\"@id\":\"https:\\\/\\\/www.visit-montenegro.com\\\/me\\\/destinacije\\\/herceg-novi\\\/info\\\/stari-grad\\\/#primaryimage\",\"url\":\"https:\\\/\\\/www.visit-montenegro.com\\\/wp-content\\\/uploads\\\/2026\\\/01\\\/herceg-novi-clock-tower-scaled.jpg\",\"contentUrl\":\"https:\\\/\\\/www.visit-montenegro.com\\\/wp-content\\\/uploads\\\/2026\\\/01\\\/herceg-novi-clock-tower-scaled.jpg\",\"width\":1600,\"height\":1068,\"caption\":\"Kula Sahat kula sa satom u Herceg Novom, Crna Gora\"},{\"@type\":\"BreadcrumbList\",\"@id\":\"https:\\\/\\\/www.visit-montenegro.com\\\/me\\\/destinacije\\\/herceg-novi\\\/info\\\/stari-grad\\\/#breadcrumb\",\"itemListElement\":[{\"@type\":\"ListItem\",\"position\":1,\"name\":\"Home\",\"item\":\"https:\\\/\\\/www.visit-montenegro.com\\\/me\\\/pocetna\\\/\"},{\"@type\":\"ListItem\",\"position\":2,\"name\":\"Turisti\u010dke destinacije u Crnoj Gori\",\"item\":\"https:\\\/\\\/www.visit-montenegro.com\\\/me\\\/destinacije\\\/\"},{\"@type\":\"ListItem\",\"position\":3,\"name\":\"Herceg Novi\",\"item\":\"https:\\\/\\\/www.visit-montenegro.com\\\/me\\\/destinacije\\\/herceg-novi\\\/\"},{\"@type\":\"ListItem\",\"position\":4,\"name\":\"Vi\u0161e o Herceg Novom\",\"item\":\"https:\\\/\\\/www.visit-montenegro.com\\\/me\\\/destinacije\\\/herceg-novi\\\/info\\\/\"},{\"@type\":\"ListItem\",\"position\":5,\"name\":\"Stari grad Herceg Novi\"}]},{\"@type\":\"WebSite\",\"@id\":\"https:\\\/\\\/www.visit-montenegro.com\\\/me\\\/#website\",\"url\":\"https:\\\/\\\/www.visit-montenegro.com\\\/me\\\/\",\"name\":\"Visit Montenegro\",\"description\":\"Breathtaking beauty\",\"publisher\":{\"@id\":\"https:\\\/\\\/www.visit-montenegro.com\\\/me\\\/#organization\"},\"potentialAction\":[{\"@type\":\"SearchAction\",\"target\":{\"@type\":\"EntryPoint\",\"urlTemplate\":\"https:\\\/\\\/www.visit-montenegro.com\\\/me\\\/?s={search_term_string}\"},\"query-input\":{\"@type\":\"PropertyValueSpecification\",\"valueRequired\":true,\"valueName\":\"search_term_string\"}}],\"inLanguage\":\"sr-Latn-ME\"},{\"@type\":\"Organization\",\"@id\":\"https:\\\/\\\/www.visit-montenegro.com\\\/me\\\/#organization\",\"name\":\"Visit Montenegro\",\"url\":\"https:\\\/\\\/www.visit-montenegro.com\\\/me\\\/\",\"logo\":{\"@type\":\"ImageObject\",\"inLanguage\":\"sr-Latn-ME\",\"@id\":\"https:\\\/\\\/www.visit-montenegro.com\\\/me\\\/#\\\/schema\\\/logo\\\/image\\\/\",\"url\":\"https:\\\/\\\/www.visit-montenegro.com\\\/wp-content\\\/uploads\\\/2017\\\/10\\\/logo-amp.png\",\"contentUrl\":\"https:\\\/\\\/www.visit-montenegro.com\\\/wp-content\\\/uploads\\\/2017\\\/10\\\/logo-amp.png\",\"width\":190,\"height\":36,\"caption\":\"Visit Montenegro\"},\"image\":{\"@id\":\"https:\\\/\\\/www.visit-montenegro.com\\\/me\\\/#\\\/schema\\\/logo\\\/image\\\/\"},\"sameAs\":[\"https:\\\/\\\/www.facebook.com\\\/visitmontenegro\",\"https:\\\/\\\/x.com\\\/visitmontenegro\",\"https:\\\/\\\/www.instagram.com\\\/visit_montenegro\\\/\",\"https:\\\/\\\/www.youtube.com\\\/user\\\/VisitMontenegro\"]}]}<\/script>\n<!-- \/ Yoast SEO plugin. -->","yoast_head_json":{"title":"Stari grad Herceg Novi - Visit Montenegro","description":"Otkrijte istoriju, tvr\u0111ave i slikovite stepenice Starog grada Herceg Novi. Planirajte svoj put u ovaj crnogorski primorski dragulj za jedinstveno kulturno iskustvo.","robots":{"index":"index","follow":"follow","max-snippet":"max-snippet:-1","max-image-preview":"max-image-preview:large","max-video-preview":"max-video-preview:-1"},"canonical":"https:\/\/www.visit-montenegro.com\/me\/destinacije\/herceg-novi\/info\/stari-grad\/","og_locale":"en_US","og_type":"article","og_title":"Stari grad Herceg Novi - Visit Montenegro","og_description":"Otkrijte istoriju, tvr\u0111ave i slikovite stepenice Starog grada Herceg Novi. Planirajte svoj put u ovaj crnogorski primorski dragulj za jedinstveno kulturno iskustvo.","og_url":"https:\/\/www.visit-montenegro.com\/me\/destinacije\/herceg-novi\/info\/stari-grad\/","og_site_name":"Visit Montenegro","article_publisher":"https:\/\/www.facebook.com\/visitmontenegro","article_modified_time":"2026-02-22T16:05:18+00:00","og_image":[{"width":1600,"height":1068,"url":"https:\/\/www.visit-montenegro.com\/wp-content\/uploads\/2026\/01\/herceg-novi-clock-tower-scaled.jpg","type":"image\/jpeg"}],"twitter_card":"summary_large_image","twitter_site":"@visitmontenegro","twitter_misc":{"Est. reading time":"2 minutes"},"schema":{"@context":"https:\/\/schema.org","@graph":[{"@type":"WebPage","@id":"https:\/\/www.visit-montenegro.com\/me\/destinacije\/herceg-novi\/info\/stari-grad\/","url":"https:\/\/www.visit-montenegro.com\/me\/destinacije\/herceg-novi\/info\/stari-grad\/","name":"Stari grad Herceg Novi - Visit Montenegro","isPartOf":{"@id":"https:\/\/www.visit-montenegro.com\/me\/#website"},"primaryImageOfPage":{"@id":"https:\/\/www.visit-montenegro.com\/me\/destinacije\/herceg-novi\/info\/stari-grad\/#primaryimage"},"image":{"@id":"https:\/\/www.visit-montenegro.com\/me\/destinacije\/herceg-novi\/info\/stari-grad\/#primaryimage"},"thumbnailUrl":"https:\/\/www.visit-montenegro.com\/wp-content\/uploads\/2026\/01\/herceg-novi-clock-tower-scaled.jpg","datePublished":"2026-01-27T20:44:32+00:00","dateModified":"2026-02-22T16:05:18+00:00","description":"Otkrijte istoriju, tvr\u0111ave i slikovite stepenice Starog grada Herceg Novi. Planirajte svoj put u ovaj crnogorski primorski dragulj za jedinstveno kulturno iskustvo.","breadcrumb":{"@id":"https:\/\/www.visit-montenegro.com\/me\/destinacije\/herceg-novi\/info\/stari-grad\/#breadcrumb"},"inLanguage":"sr-Latn-ME","potentialAction":[{"@type":"ReadAction","target":["https:\/\/www.visit-montenegro.com\/me\/destinacije\/herceg-novi\/info\/stari-grad\/"]}]},{"@type":"ImageObject","inLanguage":"sr-Latn-ME","@id":"https:\/\/www.visit-montenegro.com\/me\/destinacije\/herceg-novi\/info\/stari-grad\/#primaryimage","url":"https:\/\/www.visit-montenegro.com\/wp-content\/uploads\/2026\/01\/herceg-novi-clock-tower-scaled.jpg","contentUrl":"https:\/\/www.visit-montenegro.com\/wp-content\/uploads\/2026\/01\/herceg-novi-clock-tower-scaled.jpg","width":1600,"height":1068,"caption":"Kula Sahat kula sa satom u Herceg Novom, Crna Gora"},{"@type":"BreadcrumbList","@id":"https:\/\/www.visit-montenegro.com\/me\/destinacije\/herceg-novi\/info\/stari-grad\/#breadcrumb","itemListElement":[{"@type":"ListItem","position":1,"name":"Home","item":"https:\/\/www.visit-montenegro.com\/me\/pocetna\/"},{"@type":"ListItem","position":2,"name":"Turisti\u010dke destinacije u Crnoj Gori","item":"https:\/\/www.visit-montenegro.com\/me\/destinacije\/"},{"@type":"ListItem","position":3,"name":"Herceg Novi","item":"https:\/\/www.visit-montenegro.com\/me\/destinacije\/herceg-novi\/"},{"@type":"ListItem","position":4,"name":"Vi\u0161e o Herceg Novom","item":"https:\/\/www.visit-montenegro.com\/me\/destinacije\/herceg-novi\/info\/"},{"@type":"ListItem","position":5,"name":"Stari grad Herceg Novi"}]},{"@type":"WebSite","@id":"https:\/\/www.visit-montenegro.com\/me\/#website","url":"https:\/\/www.visit-montenegro.com\/me\/","name":"Visit Montenegro","description":"Breathtaking beauty","publisher":{"@id":"https:\/\/www.visit-montenegro.com\/me\/#organization"},"potentialAction":[{"@type":"SearchAction","target":{"@type":"EntryPoint","urlTemplate":"https:\/\/www.visit-montenegro.com\/me\/?s={search_term_string}"},"query-input":{"@type":"PropertyValueSpecification","valueRequired":true,"valueName":"search_term_string"}}],"inLanguage":"sr-Latn-ME"},{"@type":"Organization","@id":"https:\/\/www.visit-montenegro.com\/me\/#organization","name":"Visit Montenegro","url":"https:\/\/www.visit-montenegro.com\/me\/","logo":{"@type":"ImageObject","inLanguage":"sr-Latn-ME","@id":"https:\/\/www.visit-montenegro.com\/me\/#\/schema\/logo\/image\/","url":"https:\/\/www.visit-montenegro.com\/wp-content\/uploads\/2017\/10\/logo-amp.png","contentUrl":"https:\/\/www.visit-montenegro.com\/wp-content\/uploads\/2017\/10\/logo-amp.png","width":190,"height":36,"caption":"Visit Montenegro"},"image":{"@id":"https:\/\/www.visit-montenegro.com\/me\/#\/schema\/logo\/image\/"},"sameAs":["https:\/\/www.facebook.com\/visitmontenegro","https:\/\/x.com\/visitmontenegro","https:\/\/www.instagram.com\/visit_montenegro\/","https:\/\/www.youtube.com\/user\/VisitMontenegro"]}]}},"translations":[],"_links":{"self":[{"href":"https:\/\/www.visit-montenegro.com\/me\/wp-json\/wp\/v2\/pages\/134877","targetHints":{"allow":["GET"]}}],"collection":[{"href":"https:\/\/www.visit-montenegro.com\/me\/wp-json\/wp\/v2\/pages"}],"about":[{"href":"https:\/\/www.visit-montenegro.com\/me\/wp-json\/wp\/v2\/types\/page"}],"author":[{"embeddable":true,"href":"https:\/\/www.visit-montenegro.com\/me\/wp-json\/wp\/v2\/users\/1"}],"replies":[{"embeddable":true,"href":"https:\/\/www.visit-montenegro.com\/me\/wp-json\/wp\/v2\/comments?post=134877"}],"version-history":[{"count":0,"href":"https:\/\/www.visit-montenegro.com\/me\/wp-json\/wp\/v2\/pages\/134877\/revisions"}],"up":[{"embeddable":true,"href":"https:\/\/www.visit-montenegro.com\/me\/wp-json\/wp\/v2\/pages\/134872"}],"wp:featuredmedia":[{"embeddable":true,"href":"https:\/\/www.visit-montenegro.com\/me\/wp-json\/wp\/v2\/media\/134878"}],"wp:attachment":[{"href":"https:\/\/www.visit-montenegro.com\/me\/wp-json\/wp\/v2\/media?parent=134877"}],"wp:term":[{"taxonomy":"post_tag","embeddable":true,"href":"https:\/\/www.visit-montenegro.com\/me\/wp-json\/wp\/v2\/tags?post=134877"}],"curies":[{"name":"wp","href":"https:\/\/api.w.org\/{rel}","templated":true}]}}