{"id":134883,"date":"2026-01-27T21:44:32","date_gmt":"2026-01-27T20:44:32","guid":{"rendered":"https:\/\/new.visit-montenegro.com\/destinacije\/herceg-novi\/info\/istorija\/"},"modified":"2026-02-22T17:05:18","modified_gmt":"2026-02-22T16:05:18","slug":"istorija","status":"publish","type":"page","link":"https:\/\/www.visit-montenegro.com\/me\/destinacije\/herceg-novi\/info\/istorija\/","title":{"rendered":"Istorija Herceg Novog"},"content":{"rendered":"\n<p>Herceg Novi je istorijski primorski grad u Crnoj Gori, osnovan 1382. godine od strane bosanskog kralja Tvrtka I Kotromani\u0107a, sa bogatom pro\u0161lo\u0161\u0107u koju su oblikovali razli\u010diti vladari uklju\u010duju\u0107i Turke, Mle\u010dane, \u0160pance i Austrijance, ostavljaju\u0107i za sobom tvr\u0111ave i kulturne uticaje.<\/p>\n\n<hr class=\"wp-block-separator has-alpha-channel-opacity\"\/>\n\n<h2 class=\"wp-block-heading\">Osnivanje i rani razvoj<\/h2>\n\n<p>Herceg Novi je osnovan pre 600 godina (1382. godine). Utvr\u0111enja u gradu \u2013 tvr\u0111ave iz turskog, mleta\u010dkog, \u0161panskog i austrijskog perioda \u2013 svedo\u010de o tim davno pro\u0161lim danima. Prema najrelevantnijim istorijskim podacima, <strong>Istorija Herceg Novog<\/strong> zapo\u010dela je njegovim osnivanjem od strane <strong>bosanskog kralja Tvrtka I Kotromani\u0107a<\/strong>, u prole\u0107e 1382. godine. Tvrtko I je tako\u0111e bio \u201ekralj Srba, Bosne i primorja i zapadnih strana\u201c. Herceg Novi je osnovan u biv\u0161em okrugu Dra\u010devica, u Topaljskom zalivu (deo dana\u0161njeg podru\u010dja Topla kod Herceg Novog), a njegovo ranije ime bilo je <a href=\"https:\/\/www.visit-montenegro.com\/me\/destinacije\/budva\/atrakcije\/sveti-stefan\/\">Sveti Stefan<\/a> (SVETI STEFAN). Pored dana\u0161njeg imena (Herceg Novi), grad je bio poznat i pod imenima NOVI, CASTRUM NOVUM, CASTEL NUOVO\u2026<\/p>\n\n<figure class=\"wp-block-image size-full\"><img loading=\"lazy\" decoding=\"async\" width=\"1600\" height=\"1065\" src=\"https:\/\/www.visit-montenegro.com\/wp-content\/uploads\/2026\/01\/herceg-novi-forte-mare-scaled.jpg\" alt=\"\" class=\"wp-image-36044\" srcset=\"https:\/\/www.visit-montenegro.com\/wp-content\/uploads\/2026\/01\/herceg-novi-forte-mare-scaled.jpg 1600w, https:\/\/www.visit-montenegro.com\/wp-content\/uploads\/2026\/01\/herceg-novi-forte-mare-300x200.jpg 300w, https:\/\/www.visit-montenegro.com\/wp-content\/uploads\/2026\/01\/herceg-novi-forte-mare-1024x682.jpg 1024w, https:\/\/www.visit-montenegro.com\/wp-content\/uploads\/2026\/01\/herceg-novi-forte-mare-768x511.jpg 768w, https:\/\/www.visit-montenegro.com\/wp-content\/uploads\/2026\/01\/herceg-novi-forte-mare-1536x1022.jpg 1536w, https:\/\/www.visit-montenegro.com\/wp-content\/uploads\/2026\/01\/herceg-novi-forte-mare-1200x799.jpg 1200w\" sizes=\"auto, (max-width: 1600px) 100vw, 1600px\" \/><figcaption class=\"wp-element-caption\">Morska tvr\u0111ava (<a href=\"https:\/\/www.visit-montenegro.com\/me\/destinacije\/herceg-novi\/atrakcije\/forte-mare\/\">Forte Mare<\/a>). Herceg Novi, Crna Gora<\/figcaption><\/figure>\n\n<p>Dana\u0161nje ime grad je dobio za vreme vladavine <strong>Hercega Stjepana Vuk\u010di\u0107a Kosa\u010de<\/strong>, poznatijeg pod imenom Herceg Stjepan, a \u0161ire podru\u010dje kojim je vladao bilo je poznato kao Hercegovina. U tom periodu (XV vek) Herceg Novi do\u017eivljava najve\u0107i razvoj i procvat.<\/p>\n\n<h2 class=\"wp-block-heading\">Periodi strane vladavine<\/h2>\n\n<p>Grad je <strong>osvojen od strane Turaka 1482. godine<\/strong>, i oni su vladali Herceg Novim skoro 200 godina. Ta\u010dnije, turska vladavina u Herceg Novom zavr\u0161ava 1687. godine. <strong>Od 1687. do 1797. Herceg Novim vladaju Mle\u010dani<\/strong>. Istorijski podaci svedo\u010de o kratkom <strong>\u0161panskom<\/strong> prekidu turske vladavine nad gradom. Prema tim podacima, \u0160panci vladaju Herceg Novim od 1538. do 1539. godine.<\/p>\n\n<figure class=\"wp-block-image size-full\"><img loading=\"lazy\" decoding=\"async\" width=\"1600\" height=\"1518\" src=\"https:\/\/www.visit-montenegro.com\/wp-content\/uploads\/2026\/01\/herceg-novi-spanjola-air-scaled.jpg\" alt=\"\" class=\"wp-image-36052\" srcset=\"https:\/\/www.visit-montenegro.com\/wp-content\/uploads\/2026\/01\/herceg-novi-spanjola-air-scaled.jpg 1600w, https:\/\/www.visit-montenegro.com\/wp-content\/uploads\/2026\/01\/herceg-novi-spanjola-air-300x285.jpg 300w, https:\/\/www.visit-montenegro.com\/wp-content\/uploads\/2026\/01\/herceg-novi-spanjola-air-1024x972.jpg 1024w, https:\/\/www.visit-montenegro.com\/wp-content\/uploads\/2026\/01\/herceg-novi-spanjola-air-768x729.jpg 768w, https:\/\/www.visit-montenegro.com\/wp-content\/uploads\/2026\/01\/herceg-novi-spanjola-air-1536x1458.jpg 1536w, https:\/\/www.visit-montenegro.com\/wp-content\/uploads\/2026\/01\/herceg-novi-spanjola-air-1200x1139.jpg 1200w\" sizes=\"auto, (max-width: 1600px) 100vw, 1600px\" \/><figcaption class=\"wp-element-caption\">Pogled iz drona na kasarne u tvr\u0111avi Spanjola Herceg Novi, Crna Gora<\/figcaption><\/figure>\n\n<p>Pored Turaka i \u0160panaca, Herceg Novim vladaju i drugi veliki osvaja\u010di, a istorijske okolnosti su u\u010dinile da su na teritoriji Herceg Novog mnogi narodi i civilizacije ostavili duboke tragove na istoriji, kulturi i ekonomskom razvoju grada i okoline.<\/p>\n\n<h3 class=\"wp-block-heading\">Kasnije uprave i moderno doba<\/h3>\n\n<p>Herceg Novi je tako\u0111e <strong>osvojen od strane Mle\u010dana<\/strong>, koji su vladali gradom do kona\u010dnog propasti Mleta\u010dke Republike 1797. godine. Period nakon toga obele\u017een je \u010destim promenama uprava koje su upravljale gradom. Godine 1797. u Herceg Novom je uspostavljena prva <strong>austrijska uprava<\/strong> koja je trajala do 1806. godine. Godinu dana (1806 \u2013 1807) Herceg Novim vladaju <strong>Rusi<\/strong>. Period od 1807. do 1815. u Herceg Novom karakteri\u0161e <strong>francuska<\/strong> vlada pod autoritetom Napoleona. U veoma kratkom intervalu od 1813. do 1814. godine, Herceg Novi preuzima privremena vlada Crne Gore i Boke Kotorske, koju ve\u0107 1815. godine zamenjuje <strong>austrougarska<\/strong> vlada. Od 1815. do 1918. imamo drugu austrougarsku vladavinu nad gradom.<\/p>\n\n<p>Sa raspadom Austrougarske dr\u017eave 1918. godine, u Herceg Novi je stigla srpska vojska. Tada grad ulazi u biv\u0161u <strong>Kraljevinu Srba, Hrvata i Slovenaca<\/strong>, ili kako se od 1929. zvala Kraljevina <strong>Jugoslavija<\/strong>. Godine 1941. Herceg Novi okupiraju fa\u0161isti, prvo Italijani (1941 \u2013 1943), a zatim Nemci (1943 \u2013 1944). Grad su oslobodile partizanske trupe krajem oktobra 1944. godine.<\/p>\n","protected":false},"excerpt":{"rendered":"<p>Istra\u017eite bogatu istoriju Herceg Novog, crnogorskog grada osnovanog 1382. godine. Otkrijte kako su razli\u010diti vladari, od bosanskih kraljeva do evropskih sila, oblikovali njegovo kulturno i arhitektonsko nasle\u0111e tokom vekova.<\/p>\n","protected":false},"author":1,"featured_media":134884,"parent":134872,"menu_order":0,"comment_status":"closed","ping_status":"closed","template":"","meta":{"_yoast_wpseo_focuskw":"Istorija Herceg Novog","_yoast_wpseo_metadesc":"Zaronite u 600-godi\u0161nju istoriju Herceg Novog, od osnivanja od strane bosanskog kralja Tvrtka I do vladavine Turaka, Mle\u010dana i drugih. Savr\u0161eno za ljubitelje istorije koji planiraju putovanje u Crnu Goru.","_kad_post_transparent":"","_kad_post_title":"","_kad_post_layout":"","_kad_post_sidebar_id":"","_kad_post_content_style":"","_kad_post_vertical_padding":"","_kad_post_feature":"","_kad_post_feature_position":"","_kad_post_header":false,"_kad_post_footer":false,"_kad_post_classname":"","iawp_total_views":25,"footnotes":""},"tags":[],"class_list":["post-134883","page","type-page","status-publish","has-post-thumbnail","hentry"],"yoast_head":"<!-- This site is optimized with the Yoast SEO plugin v27.3 - https:\/\/yoast.com\/product\/yoast-seo-wordpress\/ -->\n<title>Istorija Herceg Novog - Visit Montenegro<\/title>\n<meta name=\"description\" content=\"Zaronite u 600-godi\u0161nju istoriju Herceg Novog, od osnivanja od strane bosanskog kralja Tvrtka I do vladavine Turaka, Mle\u010dana i drugih. Savr\u0161eno za ljubitelje istorije koji planiraju putovanje u Crnu Goru.\" \/>\n<meta name=\"robots\" content=\"index, follow, max-snippet:-1, max-image-preview:large, max-video-preview:-1\" \/>\n<link rel=\"canonical\" href=\"https:\/\/www.visit-montenegro.com\/me\/destinacije\/herceg-novi\/info\/istorija\/\" \/>\n<meta property=\"og:locale\" content=\"en_US\" \/>\n<meta property=\"og:type\" content=\"article\" \/>\n<meta property=\"og:title\" content=\"Istorija Herceg Novog - Visit Montenegro\" \/>\n<meta property=\"og:description\" content=\"Zaronite u 600-godi\u0161nju istoriju Herceg Novog, od osnivanja od strane bosanskog kralja Tvrtka I do vladavine Turaka, Mle\u010dana i drugih. Savr\u0161eno za ljubitelje istorije koji planiraju putovanje u Crnu Goru.\" \/>\n<meta property=\"og:url\" content=\"https:\/\/www.visit-montenegro.com\/me\/destinacije\/herceg-novi\/info\/istorija\/\" \/>\n<meta property=\"og:site_name\" content=\"Visit Montenegro\" \/>\n<meta property=\"article:publisher\" content=\"https:\/\/www.facebook.com\/visitmontenegro\" \/>\n<meta property=\"article:modified_time\" content=\"2026-02-22T16:05:18+00:00\" \/>\n<meta property=\"og:image\" content=\"https:\/\/www.visit-montenegro.com\/wp-content\/uploads\/2026\/01\/herceg-novi-spanjola-scaled.jpg\" \/>\n\t<meta property=\"og:image:width\" content=\"1600\" \/>\n\t<meta property=\"og:image:height\" content=\"1064\" \/>\n\t<meta property=\"og:image:type\" content=\"image\/jpeg\" \/>\n<meta name=\"twitter:card\" content=\"summary_large_image\" \/>\n<meta name=\"twitter:site\" content=\"@visitmontenegro\" \/>\n<meta name=\"twitter:label1\" content=\"Est. reading time\" \/>\n\t<meta name=\"twitter:data1\" content=\"2 minutes\" \/>\n<script type=\"application\/ld+json\" class=\"yoast-schema-graph\">{\"@context\":\"https:\\\/\\\/schema.org\",\"@graph\":[{\"@type\":\"WebPage\",\"@id\":\"https:\\\/\\\/www.visit-montenegro.com\\\/me\\\/destinacije\\\/herceg-novi\\\/info\\\/istorija\\\/\",\"url\":\"https:\\\/\\\/www.visit-montenegro.com\\\/me\\\/destinacije\\\/herceg-novi\\\/info\\\/istorija\\\/\",\"name\":\"Istorija Herceg Novog - Visit Montenegro\",\"isPartOf\":{\"@id\":\"https:\\\/\\\/www.visit-montenegro.com\\\/me\\\/#website\"},\"primaryImageOfPage\":{\"@id\":\"https:\\\/\\\/www.visit-montenegro.com\\\/me\\\/destinacije\\\/herceg-novi\\\/info\\\/istorija\\\/#primaryimage\"},\"image\":{\"@id\":\"https:\\\/\\\/www.visit-montenegro.com\\\/me\\\/destinacije\\\/herceg-novi\\\/info\\\/istorija\\\/#primaryimage\"},\"thumbnailUrl\":\"https:\\\/\\\/www.visit-montenegro.com\\\/wp-content\\\/uploads\\\/2026\\\/01\\\/herceg-novi-spanjola-scaled.jpg\",\"datePublished\":\"2026-01-27T20:44:32+00:00\",\"dateModified\":\"2026-02-22T16:05:18+00:00\",\"description\":\"Zaronite u 600-godi\u0161nju istoriju Herceg Novog, od osnivanja od strane bosanskog kralja Tvrtka I do vladavine Turaka, Mle\u010dana i drugih. Savr\u0161eno za ljubitelje istorije koji planiraju putovanje u Crnu Goru.\",\"breadcrumb\":{\"@id\":\"https:\\\/\\\/www.visit-montenegro.com\\\/me\\\/destinacije\\\/herceg-novi\\\/info\\\/istorija\\\/#breadcrumb\"},\"inLanguage\":\"sr-Latn-ME\",\"potentialAction\":[{\"@type\":\"ReadAction\",\"target\":[\"https:\\\/\\\/www.visit-montenegro.com\\\/me\\\/destinacije\\\/herceg-novi\\\/info\\\/istorija\\\/\"]}]},{\"@type\":\"ImageObject\",\"inLanguage\":\"sr-Latn-ME\",\"@id\":\"https:\\\/\\\/www.visit-montenegro.com\\\/me\\\/destinacije\\\/herceg-novi\\\/info\\\/istorija\\\/#primaryimage\",\"url\":\"https:\\\/\\\/www.visit-montenegro.com\\\/wp-content\\\/uploads\\\/2026\\\/01\\\/herceg-novi-spanjola-scaled.jpg\",\"contentUrl\":\"https:\\\/\\\/www.visit-montenegro.com\\\/wp-content\\\/uploads\\\/2026\\\/01\\\/herceg-novi-spanjola-scaled.jpg\",\"width\":1600,\"height\":1064,\"caption\":\"Drevna utvr\u0111enja. Pogled na tvr\u0111avu Spanjola (\u0161panska tvr\u0111ava), grad Herceg Novi, Crna Gora\"},{\"@type\":\"BreadcrumbList\",\"@id\":\"https:\\\/\\\/www.visit-montenegro.com\\\/me\\\/destinacije\\\/herceg-novi\\\/info\\\/istorija\\\/#breadcrumb\",\"itemListElement\":[{\"@type\":\"ListItem\",\"position\":1,\"name\":\"Home\",\"item\":\"https:\\\/\\\/www.visit-montenegro.com\\\/me\\\/pocetna\\\/\"},{\"@type\":\"ListItem\",\"position\":2,\"name\":\"Turisti\u010dke destinacije u Crnoj Gori\",\"item\":\"https:\\\/\\\/www.visit-montenegro.com\\\/me\\\/destinacije\\\/\"},{\"@type\":\"ListItem\",\"position\":3,\"name\":\"Herceg Novi\",\"item\":\"https:\\\/\\\/www.visit-montenegro.com\\\/me\\\/destinacije\\\/herceg-novi\\\/\"},{\"@type\":\"ListItem\",\"position\":4,\"name\":\"Vi\u0161e o Herceg Novom\",\"item\":\"https:\\\/\\\/www.visit-montenegro.com\\\/me\\\/destinacije\\\/herceg-novi\\\/info\\\/\"},{\"@type\":\"ListItem\",\"position\":5,\"name\":\"Istorija Herceg Novog\"}]},{\"@type\":\"WebSite\",\"@id\":\"https:\\\/\\\/www.visit-montenegro.com\\\/me\\\/#website\",\"url\":\"https:\\\/\\\/www.visit-montenegro.com\\\/me\\\/\",\"name\":\"Visit Montenegro\",\"description\":\"Breathtaking beauty\",\"publisher\":{\"@id\":\"https:\\\/\\\/www.visit-montenegro.com\\\/me\\\/#organization\"},\"potentialAction\":[{\"@type\":\"SearchAction\",\"target\":{\"@type\":\"EntryPoint\",\"urlTemplate\":\"https:\\\/\\\/www.visit-montenegro.com\\\/me\\\/?s={search_term_string}\"},\"query-input\":{\"@type\":\"PropertyValueSpecification\",\"valueRequired\":true,\"valueName\":\"search_term_string\"}}],\"inLanguage\":\"sr-Latn-ME\"},{\"@type\":\"Organization\",\"@id\":\"https:\\\/\\\/www.visit-montenegro.com\\\/me\\\/#organization\",\"name\":\"Visit Montenegro\",\"url\":\"https:\\\/\\\/www.visit-montenegro.com\\\/me\\\/\",\"logo\":{\"@type\":\"ImageObject\",\"inLanguage\":\"sr-Latn-ME\",\"@id\":\"https:\\\/\\\/www.visit-montenegro.com\\\/me\\\/#\\\/schema\\\/logo\\\/image\\\/\",\"url\":\"https:\\\/\\\/www.visit-montenegro.com\\\/wp-content\\\/uploads\\\/2017\\\/10\\\/logo-amp.png\",\"contentUrl\":\"https:\\\/\\\/www.visit-montenegro.com\\\/wp-content\\\/uploads\\\/2017\\\/10\\\/logo-amp.png\",\"width\":190,\"height\":36,\"caption\":\"Visit Montenegro\"},\"image\":{\"@id\":\"https:\\\/\\\/www.visit-montenegro.com\\\/me\\\/#\\\/schema\\\/logo\\\/image\\\/\"},\"sameAs\":[\"https:\\\/\\\/www.facebook.com\\\/visitmontenegro\",\"https:\\\/\\\/x.com\\\/visitmontenegro\",\"https:\\\/\\\/www.instagram.com\\\/visit_montenegro\\\/\",\"https:\\\/\\\/www.youtube.com\\\/user\\\/VisitMontenegro\"]}]}<\/script>\n<!-- \/ Yoast SEO plugin. -->","yoast_head_json":{"title":"Istorija Herceg Novog - Visit Montenegro","description":"Zaronite u 600-godi\u0161nju istoriju Herceg Novog, od osnivanja od strane bosanskog kralja Tvrtka I do vladavine Turaka, Mle\u010dana i drugih. Savr\u0161eno za ljubitelje istorije koji planiraju putovanje u Crnu Goru.","robots":{"index":"index","follow":"follow","max-snippet":"max-snippet:-1","max-image-preview":"max-image-preview:large","max-video-preview":"max-video-preview:-1"},"canonical":"https:\/\/www.visit-montenegro.com\/me\/destinacije\/herceg-novi\/info\/istorija\/","og_locale":"en_US","og_type":"article","og_title":"Istorija Herceg Novog - Visit Montenegro","og_description":"Zaronite u 600-godi\u0161nju istoriju Herceg Novog, od osnivanja od strane bosanskog kralja Tvrtka I do vladavine Turaka, Mle\u010dana i drugih. Savr\u0161eno za ljubitelje istorije koji planiraju putovanje u Crnu Goru.","og_url":"https:\/\/www.visit-montenegro.com\/me\/destinacije\/herceg-novi\/info\/istorija\/","og_site_name":"Visit Montenegro","article_publisher":"https:\/\/www.facebook.com\/visitmontenegro","article_modified_time":"2026-02-22T16:05:18+00:00","og_image":[{"width":1600,"height":1064,"url":"https:\/\/www.visit-montenegro.com\/wp-content\/uploads\/2026\/01\/herceg-novi-spanjola-scaled.jpg","type":"image\/jpeg"}],"twitter_card":"summary_large_image","twitter_site":"@visitmontenegro","twitter_misc":{"Est. reading time":"2 minutes"},"schema":{"@context":"https:\/\/schema.org","@graph":[{"@type":"WebPage","@id":"https:\/\/www.visit-montenegro.com\/me\/destinacije\/herceg-novi\/info\/istorija\/","url":"https:\/\/www.visit-montenegro.com\/me\/destinacije\/herceg-novi\/info\/istorija\/","name":"Istorija Herceg Novog - Visit Montenegro","isPartOf":{"@id":"https:\/\/www.visit-montenegro.com\/me\/#website"},"primaryImageOfPage":{"@id":"https:\/\/www.visit-montenegro.com\/me\/destinacije\/herceg-novi\/info\/istorija\/#primaryimage"},"image":{"@id":"https:\/\/www.visit-montenegro.com\/me\/destinacije\/herceg-novi\/info\/istorija\/#primaryimage"},"thumbnailUrl":"https:\/\/www.visit-montenegro.com\/wp-content\/uploads\/2026\/01\/herceg-novi-spanjola-scaled.jpg","datePublished":"2026-01-27T20:44:32+00:00","dateModified":"2026-02-22T16:05:18+00:00","description":"Zaronite u 600-godi\u0161nju istoriju Herceg Novog, od osnivanja od strane bosanskog kralja Tvrtka I do vladavine Turaka, Mle\u010dana i drugih. Savr\u0161eno za ljubitelje istorije koji planiraju putovanje u Crnu Goru.","breadcrumb":{"@id":"https:\/\/www.visit-montenegro.com\/me\/destinacije\/herceg-novi\/info\/istorija\/#breadcrumb"},"inLanguage":"sr-Latn-ME","potentialAction":[{"@type":"ReadAction","target":["https:\/\/www.visit-montenegro.com\/me\/destinacije\/herceg-novi\/info\/istorija\/"]}]},{"@type":"ImageObject","inLanguage":"sr-Latn-ME","@id":"https:\/\/www.visit-montenegro.com\/me\/destinacije\/herceg-novi\/info\/istorija\/#primaryimage","url":"https:\/\/www.visit-montenegro.com\/wp-content\/uploads\/2026\/01\/herceg-novi-spanjola-scaled.jpg","contentUrl":"https:\/\/www.visit-montenegro.com\/wp-content\/uploads\/2026\/01\/herceg-novi-spanjola-scaled.jpg","width":1600,"height":1064,"caption":"Drevna utvr\u0111enja. Pogled na tvr\u0111avu Spanjola (\u0161panska tvr\u0111ava), grad Herceg Novi, Crna Gora"},{"@type":"BreadcrumbList","@id":"https:\/\/www.visit-montenegro.com\/me\/destinacije\/herceg-novi\/info\/istorija\/#breadcrumb","itemListElement":[{"@type":"ListItem","position":1,"name":"Home","item":"https:\/\/www.visit-montenegro.com\/me\/pocetna\/"},{"@type":"ListItem","position":2,"name":"Turisti\u010dke destinacije u Crnoj Gori","item":"https:\/\/www.visit-montenegro.com\/me\/destinacije\/"},{"@type":"ListItem","position":3,"name":"Herceg Novi","item":"https:\/\/www.visit-montenegro.com\/me\/destinacije\/herceg-novi\/"},{"@type":"ListItem","position":4,"name":"Vi\u0161e o Herceg Novom","item":"https:\/\/www.visit-montenegro.com\/me\/destinacije\/herceg-novi\/info\/"},{"@type":"ListItem","position":5,"name":"Istorija Herceg Novog"}]},{"@type":"WebSite","@id":"https:\/\/www.visit-montenegro.com\/me\/#website","url":"https:\/\/www.visit-montenegro.com\/me\/","name":"Visit Montenegro","description":"Breathtaking beauty","publisher":{"@id":"https:\/\/www.visit-montenegro.com\/me\/#organization"},"potentialAction":[{"@type":"SearchAction","target":{"@type":"EntryPoint","urlTemplate":"https:\/\/www.visit-montenegro.com\/me\/?s={search_term_string}"},"query-input":{"@type":"PropertyValueSpecification","valueRequired":true,"valueName":"search_term_string"}}],"inLanguage":"sr-Latn-ME"},{"@type":"Organization","@id":"https:\/\/www.visit-montenegro.com\/me\/#organization","name":"Visit Montenegro","url":"https:\/\/www.visit-montenegro.com\/me\/","logo":{"@type":"ImageObject","inLanguage":"sr-Latn-ME","@id":"https:\/\/www.visit-montenegro.com\/me\/#\/schema\/logo\/image\/","url":"https:\/\/www.visit-montenegro.com\/wp-content\/uploads\/2017\/10\/logo-amp.png","contentUrl":"https:\/\/www.visit-montenegro.com\/wp-content\/uploads\/2017\/10\/logo-amp.png","width":190,"height":36,"caption":"Visit Montenegro"},"image":{"@id":"https:\/\/www.visit-montenegro.com\/me\/#\/schema\/logo\/image\/"},"sameAs":["https:\/\/www.facebook.com\/visitmontenegro","https:\/\/x.com\/visitmontenegro","https:\/\/www.instagram.com\/visit_montenegro\/","https:\/\/www.youtube.com\/user\/VisitMontenegro"]}]}},"translations":[],"_links":{"self":[{"href":"https:\/\/www.visit-montenegro.com\/me\/wp-json\/wp\/v2\/pages\/134883","targetHints":{"allow":["GET"]}}],"collection":[{"href":"https:\/\/www.visit-montenegro.com\/me\/wp-json\/wp\/v2\/pages"}],"about":[{"href":"https:\/\/www.visit-montenegro.com\/me\/wp-json\/wp\/v2\/types\/page"}],"author":[{"embeddable":true,"href":"https:\/\/www.visit-montenegro.com\/me\/wp-json\/wp\/v2\/users\/1"}],"replies":[{"embeddable":true,"href":"https:\/\/www.visit-montenegro.com\/me\/wp-json\/wp\/v2\/comments?post=134883"}],"version-history":[{"count":0,"href":"https:\/\/www.visit-montenegro.com\/me\/wp-json\/wp\/v2\/pages\/134883\/revisions"}],"up":[{"embeddable":true,"href":"https:\/\/www.visit-montenegro.com\/me\/wp-json\/wp\/v2\/pages\/134872"}],"wp:featuredmedia":[{"embeddable":true,"href":"https:\/\/www.visit-montenegro.com\/me\/wp-json\/wp\/v2\/media\/134884"}],"wp:attachment":[{"href":"https:\/\/www.visit-montenegro.com\/me\/wp-json\/wp\/v2\/media?parent=134883"}],"wp:term":[{"taxonomy":"post_tag","embeddable":true,"href":"https:\/\/www.visit-montenegro.com\/me\/wp-json\/wp\/v2\/tags?post=134883"}],"curies":[{"name":"wp","href":"https:\/\/api.w.org\/{rel}","templated":true}]}}