{"id":134896,"date":"2026-01-27T21:44:32","date_gmt":"2026-01-27T20:44:32","guid":{"rendered":"https:\/\/new.visit-montenegro.com\/destinacije\/herceg-novi\/info\/plaze\/"},"modified":"2026-02-22T17:09:04","modified_gmt":"2026-02-22T16:09:04","slug":"plaze","status":"publish","type":"page","link":"https:\/\/www.visit-montenegro.com\/me\/destinacije\/herceg-novi\/info\/plaze\/","title":{"rendered":"Herceg Novi pla\u017ee"},"content":{"rendered":"\n<p>Pla\u017ee Herceg Novog u Crnoj Gori nude prekrasnu 25 km obalu sa 62 registrovane opcije, od pje\u0161\u010danih obala do modernih sadr\u017eaja, idealne za raznoliku i produ\u017eenu sezonu kupanja.<\/p>\n\n<hr class=\"wp-block-separator has-alpha-channel-opacity\"\/>\n\n<h2 class=\"wp-block-heading\">Istorijske i klimatske osnove turizma Herceg Novog<\/h2>\n\n<p>Po\u010deci turizma Herceg Novog povezani su sa XIX vijekom. U to vrijeme spominju se taverna Sjora Roza i kafi\u0107 \u201cBella Vista\u201d. Ipak, prete\u010da modernog hotelskog poslovanja na crnogorskoj obali smatra se ma\u0111arski plemi\u0107 Antal Magyar iz Budimpe\u0161te, koji je 1902. godine izgradio \u201cPansion na zelenoj pla\u017ei\u201d u Zelenici, koji je kasnije postao hotel \u201cPlaza\u201d (PLA\u017dA) \u2013 Zelenika.<\/p>\n\n<p>Kao i u svim drugim gradovima na Obali, <strong>Herceg Novi<\/strong> tako\u0111er ima blagu mediteransku klimu sa suhim, toplim ljetima i blagim zimama. U ljetnim mjesecima (jul i avgust), grad ima pribli\u017eno 10.7 sun\u010danih sati dnevno. Temperatura mora u <strong>Herceg Novom<\/strong> tokom ljeta je 22\u201326\u00b0C, a sa pribli\u017eno istom dnevnom temperaturom vazduha, omogu\u0107ava sezonu kupanja do 5 mjeseci.<\/p>\n\n<h2 class=\"wp-block-heading\">Pregled pla\u017ea i rivijere Herceg Novog<\/h2>\n\n<p>Danas se <strong>Herceg Novi<\/strong> rivijera prostire na 25 km i obuhvata 7 naselja, svako sa jedinstvenim karakteristikama. Spomenu\u0107emo vam neka mjesta: Meljine, Bijela, Djenovici, Kumbor, Zelenika\u2026 <strong>Herceg Novi<\/strong> ima veoma uredno ure\u0111ene pla\u017ee. 62 njih (registrovane) prostiru se od Njivica do rta Macak (MA\u010cAK) na poluostrvu Lu\u0161tica. Osim atraktivnih prirodnih, <strong>Herceg Novi<\/strong> posljednjih godina obiluje modernim pla\u017eama za kupanje, lociranim pored hotela ili izleti\u0161ta.<\/p>\n\n<p>Spomenu\u0107emo neke od <strong>pla\u017ea Herceg Novog<\/strong>:<\/p>\n\n<h3 class=\"wp-block-heading\">Zna\u010dajne javne i pje\u0161\u010dane pla\u017ee<\/h3>\n\n<p><strong>Pla\u017ea Njivice<\/strong> je javna pla\u017ea smje\u0161tena u istoimenom naselju, 4 km od <strong>Herceg Novog<\/strong>. Kombinuje kamenite, pje\u0161\u010dane i betonske podloge. Ljudi iz Novog je tako\u0111er zovu Kralji\u010dina pla\u017ea (KRALJI\u010cINA PLA\u017dA).<\/p>\n\n<p>U Sutorini, nekoliko kilometara zapadno od <strong>Herceg Novog<\/strong>, nalazi se najve\u0107a javna pla\u017ea na <strong>Herceg Novi<\/strong> rivijeri: Blatna pla\u017ea (BLATNA PLA\u017dA), sa povr\u0161inom od 9.000 m\u00b2. Bogata je veoma ljekovitim pijeskom i blatom.<\/p>\n\n<p>Pla\u017ea Rehabilitacionog centra <a href=\"https:\/\/www.visit-montenegro.com\/me\/destinacije\/herceg-novi\/atrakcije\/igalo\/\">Igalo<\/a> je tako\u0111er javna, ali asfaltirana. Zatim imamo jo\u0161 jednu asfaltiranu pla\u017eu, pla\u017eu hotela \u201cIgalo\u201d. Ipak, najatraktivnija javna pje\u0161\u010dana pla\u017ea je \u201cRaffaelo\u201d ispod istoimenog turisti\u010dkog kompleksa. Prema brojnim anketama turista, pla\u017ea \u201cRaffaelo\u201d je broj 1.<\/p>\n\n<p>Kao i sve druge javne pla\u017ee, \u201cMila\u0161inovi\u0107a pla\u017ea\u201d (PLA\u017dA KOJA PRI PADA PORODICI MILA\u0160INOVI\u0106) otvorena je za turiste i gra\u0111ane tokom cijele sezone. Nalazi se u Topli. Tu su i druge veoma atraktivne pla\u017ee kao \u201cMontenegrina\u201d (\u017dENA IZ CRNE GORE) ili pla\u017ee pored tunela. U gradskoj luci nalazi se pla\u017ea \u201cBijela vila\u201d (BIJELA VILA), danas javna pla\u017ea koja je nekada bila glavno kupali\u0161te u <strong>Herceg Novom<\/strong>. U blizini ove pla\u017ee je i pla\u017ea \u201cZalo\u201d (ZALO), sa srednje sitnim pijeskom i \u0161ljunkom, te javna pje\u0161\u010dana pla\u017ea \u201c\u0106orovi\u0107a pla\u017ea\u201d (PLA\u017dA KOJA PRI PADA PORODICI \u0106OROVI\u0106).<\/p>\n\n<h3 class=\"wp-block-heading\">Hotelske i moderne opcije pla\u017ea<\/h3>\n\n<p>Pla\u017ea hotela \u201cPerla\u201d, smje\u0161tena blizu centra grada, kombiniuje beton i pijesak, idealna za turiste rafiniranijeg ukusa. Veoma atraktivna i iste strukture tla je pla\u017ea \u201cAzzuro\u201d, hotelska ali i javna pla\u017ea u Bijeli, 13 km od <strong>Herceg Novog<\/strong>.<\/p>\n\n<p>Turisti\u010dki zanimljive posljednjih godina su pla\u017ee \u201cZanjice\u201d i \u201cMiri\u0161ta\u201d, dio istoimenih izleti\u0161ta. Zanjice je omiljeno izleti\u0161te na <strong>Herceg Novi<\/strong> rivijeri. Pla\u017ea tamo je javna, napravljena od \u0161ljunka, betona i pijeska. Veoma zanimljiva je i pla\u017ea u uvali Miri\u0161te, napravljena od betona i pijeska.<\/p>\n\n<p>Zanimljiva po svom imenu je pla\u017ea \u201cFenix Montenegro\u201d u Meljinama, 3 km od <strong>Herceg Novog<\/strong>. To je kombinovana betonsko-pje\u0161\u010dana pla\u017ea.<\/p>\n\n<p>Gosti <strong>Herceg Novog<\/strong>, a posebno izletnici, rado posje\u0107uju pje\u0161\u010danu pla\u017eu \u201cDobrec\u201d na poluostrvu Lu\u0161tica, koja ima plavu zastavu, sa ukupnom povr\u0161inom od 600 m\u00b2. Sve spomenute pla\u017ee uglavnom imaju kompletnu opremu za pla\u017eu: le\u017ealjke, suncobrane, tu\u0161eve, vodu, struju\u2026 Veliki broj pla\u017ea ima dodatne usluge kao \u0161to su kafi\u0107i, restorani, vlastito parkirali\u0161te ili druge usluge.<\/p>\n\n<h2 class=\"wp-block-heading\">Moderni kapaciteti za kupanje i savjeti za posjetioce<\/h2>\n\n<p>Kada govorimo o pla\u017eama i kapacitetima za kupanje u <strong>Herceg Novom<\/strong>, neizbje\u017eno je spomenuti da su turisti posljednjih vremena zainteresovani za dvije aktuelne pla\u017ee za kupanje. U blizini gradske luke nalazi se pla\u017ea za kupanje \u201cYachting club\u201d. Otvorena je za sve turiste i gra\u0111ane, napravljena od betona i pijeska, i nudi kompletnu uslugu. Kao dio pla\u017ee za kupanje, tu su restoran i pizzerija. Ako ste ljubitelj izlo\u017ebi na moru, \u201cYachting club\u201d nudi iznajmljivanje motornih skutera, obuku u \u0161koli ronjenja, iznajmljivanje bicikala, itd.<\/p>\n\n<p>Dio hotela \u201cPlaza\u201d u <strong>Herceg Novom<\/strong> je potpuno ure\u0111ena pla\u017ea za kupanje sa povr\u0161inom od 3.600 m\u00b2, a kao dio pla\u017ee tu je i pla\u017eni <a href=\"https:\/\/www.visit-montenegro.com\/me\/destinacije\/bar\/\">bar<\/a>. Ako odlu\u010dite da provedete odmor u <strong>Herceg Novom<\/strong>, najbolje je da iz dana u dan razmi\u0161ljate koju novu pla\u017eu posjetiti jer ima 62 registrovane pla\u017ee. Ako \u017eelite brzo do\u0107i do <strong>pla\u017ea Herceg Novog<\/strong>, mo\u017eete birati izme\u0111u iznajmljivanja taksi \u010damaca, ve\u0107ih taksi \u010damaca ili barki, uglavnom smje\u0161tenih u gradskoj luci. Informacije o tome kako do\u0107i do pla\u017ee koju \u017eelite posjetiti mo\u017eete dobiti od ljubaznih ljudi u <strong>Herceg Novom<\/strong>, brojnih turisti\u010dkih agencija, restorana ili Turisti\u010dke organizacije <strong>Herceg Novog<\/strong>.<\/p>\n","protected":false},"excerpt":{"rendered":"<p>Otkrijte prekrasne pla\u017ee Herceg Novog du\u017e 25 km obale Crne Gore. Sa 62 registrovane opcije, od pje\u0161\u010danih obala do modernih sadr\u017eaja, ovaj vodi\u010d pokriva sve od istorijskih korijena do prakti\u010dnih savjeta za va\u0161u posjetu.<\/p>\n","protected":false},"author":1,"featured_media":134897,"parent":134872,"menu_order":0,"comment_status":"closed","ping_status":"closed","template":"","meta":{"_yoast_wpseo_focuskw":"Herceg Novi pla\u017ee","_yoast_wpseo_metadesc":"Istra\u017eite 62 pla\u017ee Herceg Novog na prekrasnoj obali Crne Gore. Saznajte o pje\u0161\u010danim obalama, modernim sadr\u017eajima i savjetima za nezaboravan odmor na pla\u017ei.","_kad_post_transparent":"","_kad_post_title":"","_kad_post_layout":"","_kad_post_sidebar_id":"","_kad_post_content_style":"","_kad_post_vertical_padding":"","_kad_post_feature":"","_kad_post_feature_position":"","_kad_post_header":false,"_kad_post_footer":false,"_kad_post_classname":"","iawp_total_views":89,"footnotes":""},"tags":[],"class_list":["post-134896","page","type-page","status-publish","has-post-thumbnail","hentry"],"yoast_head":"<!-- This site is optimized with the Yoast SEO plugin v27.3 - https:\/\/yoast.com\/product\/yoast-seo-wordpress\/ -->\n<title>Herceg Novi pla\u017ee - Visit Montenegro<\/title>\n<meta name=\"description\" content=\"Istra\u017eite 62 pla\u017ee Herceg Novog na prekrasnoj obali Crne Gore. Saznajte o pje\u0161\u010danim obalama, modernim sadr\u017eajima i savjetima za nezaboravan odmor na pla\u017ei.\" \/>\n<meta name=\"robots\" content=\"index, follow, max-snippet:-1, max-image-preview:large, max-video-preview:-1\" \/>\n<link rel=\"canonical\" href=\"https:\/\/www.visit-montenegro.com\/me\/destinacije\/herceg-novi\/info\/plaze\/\" \/>\n<meta property=\"og:locale\" content=\"en_US\" \/>\n<meta property=\"og:type\" content=\"article\" \/>\n<meta property=\"og:title\" content=\"Herceg Novi pla\u017ee - Visit Montenegro\" \/>\n<meta property=\"og:description\" content=\"Istra\u017eite 62 pla\u017ee Herceg Novog na prekrasnoj obali Crne Gore. Saznajte o pje\u0161\u010danim obalama, modernim sadr\u017eajima i savjetima za nezaboravan odmor na pla\u017ei.\" \/>\n<meta property=\"og:url\" content=\"https:\/\/www.visit-montenegro.com\/me\/destinacije\/herceg-novi\/info\/plaze\/\" \/>\n<meta property=\"og:site_name\" content=\"Visit Montenegro\" \/>\n<meta property=\"article:publisher\" content=\"https:\/\/www.facebook.com\/visitmontenegro\" \/>\n<meta property=\"article:modified_time\" content=\"2026-02-22T16:09:04+00:00\" \/>\n<meta property=\"og:image\" content=\"https:\/\/www.visit-montenegro.com\/wp-content\/uploads\/2026\/02\/herceg-novi-beach.jpg\" \/>\n\t<meta property=\"og:image:width\" content=\"1600\" \/>\n\t<meta property=\"og:image:height\" content=\"1067\" \/>\n\t<meta property=\"og:image:type\" content=\"image\/jpeg\" \/>\n<meta name=\"twitter:card\" content=\"summary_large_image\" \/>\n<meta name=\"twitter:site\" content=\"@visitmontenegro\" \/>\n<meta name=\"twitter:label1\" content=\"Est. reading time\" \/>\n\t<meta name=\"twitter:data1\" content=\"4 minutes\" \/>\n<script type=\"application\/ld+json\" class=\"yoast-schema-graph\">{\"@context\":\"https:\\\/\\\/schema.org\",\"@graph\":[{\"@type\":\"WebPage\",\"@id\":\"https:\\\/\\\/www.visit-montenegro.com\\\/me\\\/destinacije\\\/herceg-novi\\\/info\\\/plaze\\\/\",\"url\":\"https:\\\/\\\/www.visit-montenegro.com\\\/me\\\/destinacije\\\/herceg-novi\\\/info\\\/plaze\\\/\",\"name\":\"Herceg Novi pla\u017ee - Visit Montenegro\",\"isPartOf\":{\"@id\":\"https:\\\/\\\/www.visit-montenegro.com\\\/me\\\/#website\"},\"primaryImageOfPage\":{\"@id\":\"https:\\\/\\\/www.visit-montenegro.com\\\/me\\\/destinacije\\\/herceg-novi\\\/info\\\/plaze\\\/#primaryimage\"},\"image\":{\"@id\":\"https:\\\/\\\/www.visit-montenegro.com\\\/me\\\/destinacije\\\/herceg-novi\\\/info\\\/plaze\\\/#primaryimage\"},\"thumbnailUrl\":\"https:\\\/\\\/www.visit-montenegro.com\\\/wp-content\\\/uploads\\\/2026\\\/02\\\/herceg-novi-beach.jpg\",\"datePublished\":\"2026-01-27T20:44:32+00:00\",\"dateModified\":\"2026-02-22T16:09:04+00:00\",\"description\":\"Istra\u017eite 62 pla\u017ee Herceg Novog na prekrasnoj obali Crne Gore. Saznajte o pje\u0161\u010danim obalama, modernim sadr\u017eajima i savjetima za nezaboravan odmor na pla\u017ei.\",\"breadcrumb\":{\"@id\":\"https:\\\/\\\/www.visit-montenegro.com\\\/me\\\/destinacije\\\/herceg-novi\\\/info\\\/plaze\\\/#breadcrumb\"},\"inLanguage\":\"sr-Latn-ME\",\"potentialAction\":[{\"@type\":\"ReadAction\",\"target\":[\"https:\\\/\\\/www.visit-montenegro.com\\\/me\\\/destinacije\\\/herceg-novi\\\/info\\\/plaze\\\/\"]}]},{\"@type\":\"ImageObject\",\"inLanguage\":\"sr-Latn-ME\",\"@id\":\"https:\\\/\\\/www.visit-montenegro.com\\\/me\\\/destinacije\\\/herceg-novi\\\/info\\\/plaze\\\/#primaryimage\",\"url\":\"https:\\\/\\\/www.visit-montenegro.com\\\/wp-content\\\/uploads\\\/2026\\\/02\\\/herceg-novi-beach.jpg\",\"contentUrl\":\"https:\\\/\\\/www.visit-montenegro.com\\\/wp-content\\\/uploads\\\/2026\\\/02\\\/herceg-novi-beach.jpg\",\"width\":1600,\"height\":1067},{\"@type\":\"BreadcrumbList\",\"@id\":\"https:\\\/\\\/www.visit-montenegro.com\\\/me\\\/destinacije\\\/herceg-novi\\\/info\\\/plaze\\\/#breadcrumb\",\"itemListElement\":[{\"@type\":\"ListItem\",\"position\":1,\"name\":\"Home\",\"item\":\"https:\\\/\\\/www.visit-montenegro.com\\\/me\\\/pocetna\\\/\"},{\"@type\":\"ListItem\",\"position\":2,\"name\":\"Turisti\u010dke destinacije u Crnoj Gori\",\"item\":\"https:\\\/\\\/www.visit-montenegro.com\\\/me\\\/destinacije\\\/\"},{\"@type\":\"ListItem\",\"position\":3,\"name\":\"Herceg Novi\",\"item\":\"https:\\\/\\\/www.visit-montenegro.com\\\/me\\\/destinacije\\\/herceg-novi\\\/\"},{\"@type\":\"ListItem\",\"position\":4,\"name\":\"Vi\u0161e o Herceg Novom\",\"item\":\"https:\\\/\\\/www.visit-montenegro.com\\\/me\\\/destinacije\\\/herceg-novi\\\/info\\\/\"},{\"@type\":\"ListItem\",\"position\":5,\"name\":\"Herceg Novi pla\u017ee\"}]},{\"@type\":\"WebSite\",\"@id\":\"https:\\\/\\\/www.visit-montenegro.com\\\/me\\\/#website\",\"url\":\"https:\\\/\\\/www.visit-montenegro.com\\\/me\\\/\",\"name\":\"Visit Montenegro\",\"description\":\"Breathtaking beauty\",\"publisher\":{\"@id\":\"https:\\\/\\\/www.visit-montenegro.com\\\/me\\\/#organization\"},\"potentialAction\":[{\"@type\":\"SearchAction\",\"target\":{\"@type\":\"EntryPoint\",\"urlTemplate\":\"https:\\\/\\\/www.visit-montenegro.com\\\/me\\\/?s={search_term_string}\"},\"query-input\":{\"@type\":\"PropertyValueSpecification\",\"valueRequired\":true,\"valueName\":\"search_term_string\"}}],\"inLanguage\":\"sr-Latn-ME\"},{\"@type\":\"Organization\",\"@id\":\"https:\\\/\\\/www.visit-montenegro.com\\\/me\\\/#organization\",\"name\":\"Visit Montenegro\",\"url\":\"https:\\\/\\\/www.visit-montenegro.com\\\/me\\\/\",\"logo\":{\"@type\":\"ImageObject\",\"inLanguage\":\"sr-Latn-ME\",\"@id\":\"https:\\\/\\\/www.visit-montenegro.com\\\/me\\\/#\\\/schema\\\/logo\\\/image\\\/\",\"url\":\"https:\\\/\\\/www.visit-montenegro.com\\\/wp-content\\\/uploads\\\/2017\\\/10\\\/logo-amp.png\",\"contentUrl\":\"https:\\\/\\\/www.visit-montenegro.com\\\/wp-content\\\/uploads\\\/2017\\\/10\\\/logo-amp.png\",\"width\":190,\"height\":36,\"caption\":\"Visit Montenegro\"},\"image\":{\"@id\":\"https:\\\/\\\/www.visit-montenegro.com\\\/me\\\/#\\\/schema\\\/logo\\\/image\\\/\"},\"sameAs\":[\"https:\\\/\\\/www.facebook.com\\\/visitmontenegro\",\"https:\\\/\\\/x.com\\\/visitmontenegro\",\"https:\\\/\\\/www.instagram.com\\\/visit_montenegro\\\/\",\"https:\\\/\\\/www.youtube.com\\\/user\\\/VisitMontenegro\"]}]}<\/script>\n<!-- \/ Yoast SEO plugin. -->","yoast_head_json":{"title":"Herceg Novi pla\u017ee - Visit Montenegro","description":"Istra\u017eite 62 pla\u017ee Herceg Novog na prekrasnoj obali Crne Gore. Saznajte o pje\u0161\u010danim obalama, modernim sadr\u017eajima i savjetima za nezaboravan odmor na pla\u017ei.","robots":{"index":"index","follow":"follow","max-snippet":"max-snippet:-1","max-image-preview":"max-image-preview:large","max-video-preview":"max-video-preview:-1"},"canonical":"https:\/\/www.visit-montenegro.com\/me\/destinacije\/herceg-novi\/info\/plaze\/","og_locale":"en_US","og_type":"article","og_title":"Herceg Novi pla\u017ee - Visit Montenegro","og_description":"Istra\u017eite 62 pla\u017ee Herceg Novog na prekrasnoj obali Crne Gore. Saznajte o pje\u0161\u010danim obalama, modernim sadr\u017eajima i savjetima za nezaboravan odmor na pla\u017ei.","og_url":"https:\/\/www.visit-montenegro.com\/me\/destinacije\/herceg-novi\/info\/plaze\/","og_site_name":"Visit Montenegro","article_publisher":"https:\/\/www.facebook.com\/visitmontenegro","article_modified_time":"2026-02-22T16:09:04+00:00","og_image":[{"width":1600,"height":1067,"url":"https:\/\/www.visit-montenegro.com\/wp-content\/uploads\/2026\/02\/herceg-novi-beach.jpg","type":"image\/jpeg"}],"twitter_card":"summary_large_image","twitter_site":"@visitmontenegro","twitter_misc":{"Est. reading time":"4 minutes"},"schema":{"@context":"https:\/\/schema.org","@graph":[{"@type":"WebPage","@id":"https:\/\/www.visit-montenegro.com\/me\/destinacije\/herceg-novi\/info\/plaze\/","url":"https:\/\/www.visit-montenegro.com\/me\/destinacije\/herceg-novi\/info\/plaze\/","name":"Herceg Novi pla\u017ee - Visit Montenegro","isPartOf":{"@id":"https:\/\/www.visit-montenegro.com\/me\/#website"},"primaryImageOfPage":{"@id":"https:\/\/www.visit-montenegro.com\/me\/destinacije\/herceg-novi\/info\/plaze\/#primaryimage"},"image":{"@id":"https:\/\/www.visit-montenegro.com\/me\/destinacije\/herceg-novi\/info\/plaze\/#primaryimage"},"thumbnailUrl":"https:\/\/www.visit-montenegro.com\/wp-content\/uploads\/2026\/02\/herceg-novi-beach.jpg","datePublished":"2026-01-27T20:44:32+00:00","dateModified":"2026-02-22T16:09:04+00:00","description":"Istra\u017eite 62 pla\u017ee Herceg Novog na prekrasnoj obali Crne Gore. Saznajte o pje\u0161\u010danim obalama, modernim sadr\u017eajima i savjetima za nezaboravan odmor na pla\u017ei.","breadcrumb":{"@id":"https:\/\/www.visit-montenegro.com\/me\/destinacije\/herceg-novi\/info\/plaze\/#breadcrumb"},"inLanguage":"sr-Latn-ME","potentialAction":[{"@type":"ReadAction","target":["https:\/\/www.visit-montenegro.com\/me\/destinacije\/herceg-novi\/info\/plaze\/"]}]},{"@type":"ImageObject","inLanguage":"sr-Latn-ME","@id":"https:\/\/www.visit-montenegro.com\/me\/destinacije\/herceg-novi\/info\/plaze\/#primaryimage","url":"https:\/\/www.visit-montenegro.com\/wp-content\/uploads\/2026\/02\/herceg-novi-beach.jpg","contentUrl":"https:\/\/www.visit-montenegro.com\/wp-content\/uploads\/2026\/02\/herceg-novi-beach.jpg","width":1600,"height":1067},{"@type":"BreadcrumbList","@id":"https:\/\/www.visit-montenegro.com\/me\/destinacije\/herceg-novi\/info\/plaze\/#breadcrumb","itemListElement":[{"@type":"ListItem","position":1,"name":"Home","item":"https:\/\/www.visit-montenegro.com\/me\/pocetna\/"},{"@type":"ListItem","position":2,"name":"Turisti\u010dke destinacije u Crnoj Gori","item":"https:\/\/www.visit-montenegro.com\/me\/destinacije\/"},{"@type":"ListItem","position":3,"name":"Herceg Novi","item":"https:\/\/www.visit-montenegro.com\/me\/destinacije\/herceg-novi\/"},{"@type":"ListItem","position":4,"name":"Vi\u0161e o Herceg Novom","item":"https:\/\/www.visit-montenegro.com\/me\/destinacije\/herceg-novi\/info\/"},{"@type":"ListItem","position":5,"name":"Herceg Novi pla\u017ee"}]},{"@type":"WebSite","@id":"https:\/\/www.visit-montenegro.com\/me\/#website","url":"https:\/\/www.visit-montenegro.com\/me\/","name":"Visit Montenegro","description":"Breathtaking beauty","publisher":{"@id":"https:\/\/www.visit-montenegro.com\/me\/#organization"},"potentialAction":[{"@type":"SearchAction","target":{"@type":"EntryPoint","urlTemplate":"https:\/\/www.visit-montenegro.com\/me\/?s={search_term_string}"},"query-input":{"@type":"PropertyValueSpecification","valueRequired":true,"valueName":"search_term_string"}}],"inLanguage":"sr-Latn-ME"},{"@type":"Organization","@id":"https:\/\/www.visit-montenegro.com\/me\/#organization","name":"Visit Montenegro","url":"https:\/\/www.visit-montenegro.com\/me\/","logo":{"@type":"ImageObject","inLanguage":"sr-Latn-ME","@id":"https:\/\/www.visit-montenegro.com\/me\/#\/schema\/logo\/image\/","url":"https:\/\/www.visit-montenegro.com\/wp-content\/uploads\/2017\/10\/logo-amp.png","contentUrl":"https:\/\/www.visit-montenegro.com\/wp-content\/uploads\/2017\/10\/logo-amp.png","width":190,"height":36,"caption":"Visit Montenegro"},"image":{"@id":"https:\/\/www.visit-montenegro.com\/me\/#\/schema\/logo\/image\/"},"sameAs":["https:\/\/www.facebook.com\/visitmontenegro","https:\/\/x.com\/visitmontenegro","https:\/\/www.instagram.com\/visit_montenegro\/","https:\/\/www.youtube.com\/user\/VisitMontenegro"]}]}},"translations":[],"_links":{"self":[{"href":"https:\/\/www.visit-montenegro.com\/me\/wp-json\/wp\/v2\/pages\/134896","targetHints":{"allow":["GET"]}}],"collection":[{"href":"https:\/\/www.visit-montenegro.com\/me\/wp-json\/wp\/v2\/pages"}],"about":[{"href":"https:\/\/www.visit-montenegro.com\/me\/wp-json\/wp\/v2\/types\/page"}],"author":[{"embeddable":true,"href":"https:\/\/www.visit-montenegro.com\/me\/wp-json\/wp\/v2\/users\/1"}],"replies":[{"embeddable":true,"href":"https:\/\/www.visit-montenegro.com\/me\/wp-json\/wp\/v2\/comments?post=134896"}],"version-history":[{"count":0,"href":"https:\/\/www.visit-montenegro.com\/me\/wp-json\/wp\/v2\/pages\/134896\/revisions"}],"up":[{"embeddable":true,"href":"https:\/\/www.visit-montenegro.com\/me\/wp-json\/wp\/v2\/pages\/134872"}],"wp:featuredmedia":[{"embeddable":true,"href":"https:\/\/www.visit-montenegro.com\/me\/wp-json\/wp\/v2\/media\/134897"}],"wp:attachment":[{"href":"https:\/\/www.visit-montenegro.com\/me\/wp-json\/wp\/v2\/media?parent=134896"}],"wp:term":[{"taxonomy":"post_tag","embeddable":true,"href":"https:\/\/www.visit-montenegro.com\/me\/wp-json\/wp\/v2\/tags?post=134896"}],"curies":[{"name":"wp","href":"https:\/\/api.w.org\/{rel}","templated":true}]}}