{"id":134927,"date":"2026-01-27T21:44:32","date_gmt":"2026-01-27T20:44:32","guid":{"rendered":"https:\/\/new.visit-montenegro.com\/destinacije\/petrovac\/atrakcije\/perazica-do\/"},"modified":"2026-02-22T18:27:51","modified_gmt":"2026-02-22T17:27:51","slug":"perazica-do","status":"publish","type":"page","link":"https:\/\/www.visit-montenegro.com\/me\/destinacije\/petrovac\/atrakcije\/perazica-do\/","title":{"rendered":"Perazi\u0107a Do"},"content":{"rendered":"\n<p>Perazi\u0107a Do je mirno primorsko selo u blizini Petrovca, poznato po strmom terenu, \u0161armantnim ku\u0107ama i predivnoj pje\u0161\u010danoj pla\u017ei sa tirkiznim morem, \u0161to ga \u010dini savr\u0161enim mjestom za odmor na samo par minuta vo\u017enje od Budve.<\/p>\n\n<hr class=\"wp-block-separator has-alpha-channel-opacity\"\/>\n\n<h2 class=\"wp-block-heading\">Lokacija i ambijent Perazi\u0107a Dola<\/h2>\n\n<p><strong>Perazi\u0107a Do<\/strong> je lijepo i mirno mjesto smje\u0161teno na samo nekoliko kilometara od Petrovca, na putu ka Budvi. Ovo malo mjesto krase divne ku\u0107e koje su savr\u0161eno uklopljene u okolnu vegetaciju. Sam zaselak je veoma strm, sa mnogo stepenica.<\/p>\n\n<h2 class=\"wp-block-heading\">Pla\u017ea i prirodne ljepote<\/h2>\n\n<p>Pje\u0161\u010dana pla\u017ea u<strong> Perazi\u0107a Dolu<\/strong> duga je svega nekoliko stotina metara. Ipak, njena kristalno \u010dista tirkizna voda svrstava je me\u0111u najbolje pla\u017ee na crnogorskom primorju. Zbog toga je ovo nezaobilazna lokacija za ljubitelje pla\u017ea koji tra\u017ee netaknutu vodu.<\/p>\n\n<figure class=\"wp-block-image size-large\"><img loading=\"lazy\" decoding=\"async\" width=\"1024\" height=\"681\" src=\"https:\/\/www.visit-montenegro.com\/wp-content\/uploads\/2026\/01\/petrovac-perazica-do-tunel-1024x681.jpg\" alt=\"\" class=\"wp-image-36162\" srcset=\"https:\/\/www.visit-montenegro.com\/wp-content\/uploads\/2026\/01\/petrovac-perazica-do-tunel-1024x681.jpg 1024w, https:\/\/www.visit-montenegro.com\/wp-content\/uploads\/2026\/01\/petrovac-perazica-do-tunel-300x200.jpg 300w, https:\/\/www.visit-montenegro.com\/wp-content\/uploads\/2026\/01\/petrovac-perazica-do-tunel-768x511.jpg 768w, https:\/\/www.visit-montenegro.com\/wp-content\/uploads\/2026\/01\/petrovac-perazica-do-tunel-1536x1022.jpg 1536w, https:\/\/www.visit-montenegro.com\/wp-content\/uploads\/2026\/01\/petrovac-perazica-do-tunel-1200x798.jpg 1200w, https:\/\/www.visit-montenegro.com\/wp-content\/uploads\/2026\/01\/petrovac-perazica-do-tunel-scaled.jpg 1600w\" sizes=\"auto, (max-width: 1024px) 100vw, 1024px\" \/><figcaption class=\"wp-element-caption\">Stari pje\u0161a\u010dki tunel na stazi od Petrovca ka Starom gradu. Drevni crni prolaz od tvr\u0111ave. Crna Gora.<\/figcaption><\/figure>\n\n<h2 class=\"wp-block-heading\">Pristup i slikovite rute<\/h2>\n\n<p>Do <strong>Perazi\u0107a Dola<\/strong> mo\u017eete do\u0107i automobilom, ali ga morate parkirati na vrhu brda i spustiti se niz brojne stepenice do mora. Postoji i alternativna pje\u0161a\u010dka staza koja vodi iz Petrovca. Ova staza ide tik uz more, a kombinacija svje\u017eeg morskog vazduha i mirisa borove \u0161ume \u010dine ovu \u0161etnju ne\u010dim po \u010demu \u0107ete <a href=\"https:\/\/www.visit-montenegro.com\/me\/destinacije\/petrovac\/\">Petrovac<\/a> pamtiti cijelog \u017eivota.<\/p>\n\n<p>Na kraju staze, neposredno prije<strong> Perazi\u0107a Dola<\/strong>, nalazi se mali tunel. Tunel unutra nema osvjetljenje, pa pripremite baterijsku lampu ili LED svijetlo na telefonu ako \u017eelite da pro\u0111ete kroz njega.<\/p>\n","protected":false},"excerpt":{"rendered":"<p>Otkrijte Perazi\u0107a Do, skriveni dragulj u blizini Petrovca, koji o\u010darava \u0161armom primorskog sela i predivnom pje\u0161\u010danom pla\u017eom. Saznajte kako do\u0107i do ovog mirnog mjesta i u\u017eivajte u slikovitim \u0161etnjama du\u017e obale.<\/p>\n","protected":false},"author":1,"featured_media":134928,"parent":134916,"menu_order":0,"comment_status":"closed","ping_status":"closed","template":"","meta":{"_yoast_wpseo_focuskw":"Perazi\u0107a Do","_yoast_wpseo_metadesc":"Istra\u017eite Perazi\u0107a Do, mirno primorsko selo u blizini Petrovca, koje krasi prelijepa pla\u017ea i slikovite staze za \u0161etnju. Savr\u0161eno mjesto za opu\u0161taju\u0107i odmor.","_kad_post_transparent":"","_kad_post_title":"","_kad_post_layout":"","_kad_post_sidebar_id":"","_kad_post_content_style":"","_kad_post_vertical_padding":"","_kad_post_feature":"","_kad_post_feature_position":"","_kad_post_header":false,"_kad_post_footer":false,"_kad_post_classname":"","iawp_total_views":31,"footnotes":""},"tags":[],"class_list":["post-134927","page","type-page","status-publish","has-post-thumbnail","hentry"],"yoast_head":"<!-- This site is optimized with the Yoast SEO plugin v27.3 - https:\/\/yoast.com\/product\/yoast-seo-wordpress\/ -->\n<title>Perazi\u0107a Do - Visit Montenegro<\/title>\n<meta name=\"description\" content=\"Istra\u017eite Perazi\u0107a Do, mirno primorsko selo u blizini Petrovca, koje krasi prelijepa pla\u017ea i slikovite staze za \u0161etnju. Savr\u0161eno mjesto za opu\u0161taju\u0107i odmor.\" \/>\n<meta name=\"robots\" content=\"index, follow, max-snippet:-1, max-image-preview:large, max-video-preview:-1\" \/>\n<link rel=\"canonical\" href=\"https:\/\/www.visit-montenegro.com\/me\/destinacije\/petrovac\/atrakcije\/perazica-do\/\" \/>\n<meta property=\"og:locale\" content=\"en_US\" \/>\n<meta property=\"og:type\" content=\"article\" \/>\n<meta property=\"og:title\" content=\"Perazi\u0107a Do - Visit Montenegro\" \/>\n<meta property=\"og:description\" content=\"Istra\u017eite Perazi\u0107a Do, mirno primorsko selo u blizini Petrovca, koje krasi prelijepa pla\u017ea i slikovite staze za \u0161etnju. Savr\u0161eno mjesto za opu\u0161taju\u0107i odmor.\" \/>\n<meta property=\"og:url\" content=\"https:\/\/www.visit-montenegro.com\/me\/destinacije\/petrovac\/atrakcije\/perazica-do\/\" \/>\n<meta property=\"og:site_name\" content=\"Visit Montenegro\" \/>\n<meta property=\"article:publisher\" content=\"https:\/\/www.facebook.com\/visitmontenegro\" \/>\n<meta property=\"article:modified_time\" content=\"2026-02-22T17:27:51+00:00\" \/>\n<meta property=\"og:image\" content=\"https:\/\/www.visit-montenegro.com\/wp-content\/uploads\/2026\/01\/petrovac-perazica-do-scaled.jpg\" \/>\n\t<meta property=\"og:image:width\" content=\"1600\" \/>\n\t<meta property=\"og:image:height\" content=\"1198\" \/>\n\t<meta property=\"og:image:type\" content=\"image\/jpeg\" \/>\n<meta name=\"twitter:card\" content=\"summary_large_image\" \/>\n<meta name=\"twitter:site\" content=\"@visitmontenegro\" \/>\n<meta name=\"twitter:label1\" content=\"Est. reading time\" \/>\n\t<meta name=\"twitter:data1\" content=\"1 minute\" \/>\n<script type=\"application\/ld+json\" class=\"yoast-schema-graph\">{\"@context\":\"https:\\\/\\\/schema.org\",\"@graph\":[{\"@type\":\"WebPage\",\"@id\":\"https:\\\/\\\/www.visit-montenegro.com\\\/me\\\/destinacije\\\/petrovac\\\/atrakcije\\\/perazica-do\\\/\",\"url\":\"https:\\\/\\\/www.visit-montenegro.com\\\/me\\\/destinacije\\\/petrovac\\\/atrakcije\\\/perazica-do\\\/\",\"name\":\"Perazi\u0107a Do - Visit Montenegro\",\"isPartOf\":{\"@id\":\"https:\\\/\\\/www.visit-montenegro.com\\\/me\\\/#website\"},\"primaryImageOfPage\":{\"@id\":\"https:\\\/\\\/www.visit-montenegro.com\\\/me\\\/destinacije\\\/petrovac\\\/atrakcije\\\/perazica-do\\\/#primaryimage\"},\"image\":{\"@id\":\"https:\\\/\\\/www.visit-montenegro.com\\\/me\\\/destinacije\\\/petrovac\\\/atrakcije\\\/perazica-do\\\/#primaryimage\"},\"thumbnailUrl\":\"https:\\\/\\\/www.visit-montenegro.com\\\/wp-content\\\/uploads\\\/2026\\\/01\\\/petrovac-perazica-do-scaled.jpg\",\"datePublished\":\"2026-01-27T20:44:32+00:00\",\"dateModified\":\"2026-02-22T17:27:51+00:00\",\"description\":\"Istra\u017eite Perazi\u0107a Do, mirno primorsko selo u blizini Petrovca, koje krasi prelijepa pla\u017ea i slikovite staze za \u0161etnju. Savr\u0161eno mjesto za opu\u0161taju\u0107i odmor.\",\"breadcrumb\":{\"@id\":\"https:\\\/\\\/www.visit-montenegro.com\\\/me\\\/destinacije\\\/petrovac\\\/atrakcije\\\/perazica-do\\\/#breadcrumb\"},\"inLanguage\":\"sr-Latn-ME\",\"potentialAction\":[{\"@type\":\"ReadAction\",\"target\":[\"https:\\\/\\\/www.visit-montenegro.com\\\/me\\\/destinacije\\\/petrovac\\\/atrakcije\\\/perazica-do\\\/\"]}]},{\"@type\":\"ImageObject\",\"inLanguage\":\"sr-Latn-ME\",\"@id\":\"https:\\\/\\\/www.visit-montenegro.com\\\/me\\\/destinacije\\\/petrovac\\\/atrakcije\\\/perazica-do\\\/#primaryimage\",\"url\":\"https:\\\/\\\/www.visit-montenegro.com\\\/wp-content\\\/uploads\\\/2026\\\/01\\\/petrovac-perazica-do-scaled.jpg\",\"contentUrl\":\"https:\\\/\\\/www.visit-montenegro.com\\\/wp-content\\\/uploads\\\/2026\\\/01\\\/petrovac-perazica-do-scaled.jpg\",\"width\":1600,\"height\":1198,\"caption\":\"pogled na jadransku obalu iz vazduha, snimak dronom\"},{\"@type\":\"BreadcrumbList\",\"@id\":\"https:\\\/\\\/www.visit-montenegro.com\\\/me\\\/destinacije\\\/petrovac\\\/atrakcije\\\/perazica-do\\\/#breadcrumb\",\"itemListElement\":[{\"@type\":\"ListItem\",\"position\":1,\"name\":\"Home\",\"item\":\"https:\\\/\\\/www.visit-montenegro.com\\\/me\\\/pocetna\\\/\"},{\"@type\":\"ListItem\",\"position\":2,\"name\":\"Turisti\u010dke destinacije u Crnoj Gori\",\"item\":\"https:\\\/\\\/www.visit-montenegro.com\\\/me\\\/destinacije\\\/\"},{\"@type\":\"ListItem\",\"position\":3,\"name\":\"Petrovac\",\"item\":\"https:\\\/\\\/www.visit-montenegro.com\\\/me\\\/destinacije\\\/petrovac\\\/\"},{\"@type\":\"ListItem\",\"position\":4,\"name\":\"Atrakcije Petrovca\",\"item\":\"https:\\\/\\\/www.visit-montenegro.com\\\/me\\\/destinacije\\\/petrovac\\\/atrakcije\\\/\"},{\"@type\":\"ListItem\",\"position\":5,\"name\":\"Perazi\u0107a Do\"}]},{\"@type\":\"WebSite\",\"@id\":\"https:\\\/\\\/www.visit-montenegro.com\\\/me\\\/#website\",\"url\":\"https:\\\/\\\/www.visit-montenegro.com\\\/me\\\/\",\"name\":\"Visit Montenegro\",\"description\":\"Breathtaking beauty\",\"publisher\":{\"@id\":\"https:\\\/\\\/www.visit-montenegro.com\\\/me\\\/#organization\"},\"potentialAction\":[{\"@type\":\"SearchAction\",\"target\":{\"@type\":\"EntryPoint\",\"urlTemplate\":\"https:\\\/\\\/www.visit-montenegro.com\\\/me\\\/?s={search_term_string}\"},\"query-input\":{\"@type\":\"PropertyValueSpecification\",\"valueRequired\":true,\"valueName\":\"search_term_string\"}}],\"inLanguage\":\"sr-Latn-ME\"},{\"@type\":\"Organization\",\"@id\":\"https:\\\/\\\/www.visit-montenegro.com\\\/me\\\/#organization\",\"name\":\"Visit Montenegro\",\"url\":\"https:\\\/\\\/www.visit-montenegro.com\\\/me\\\/\",\"logo\":{\"@type\":\"ImageObject\",\"inLanguage\":\"sr-Latn-ME\",\"@id\":\"https:\\\/\\\/www.visit-montenegro.com\\\/me\\\/#\\\/schema\\\/logo\\\/image\\\/\",\"url\":\"https:\\\/\\\/www.visit-montenegro.com\\\/wp-content\\\/uploads\\\/2017\\\/10\\\/logo-amp.png\",\"contentUrl\":\"https:\\\/\\\/www.visit-montenegro.com\\\/wp-content\\\/uploads\\\/2017\\\/10\\\/logo-amp.png\",\"width\":190,\"height\":36,\"caption\":\"Visit Montenegro\"},\"image\":{\"@id\":\"https:\\\/\\\/www.visit-montenegro.com\\\/me\\\/#\\\/schema\\\/logo\\\/image\\\/\"},\"sameAs\":[\"https:\\\/\\\/www.facebook.com\\\/visitmontenegro\",\"https:\\\/\\\/x.com\\\/visitmontenegro\",\"https:\\\/\\\/www.instagram.com\\\/visit_montenegro\\\/\",\"https:\\\/\\\/www.youtube.com\\\/user\\\/VisitMontenegro\"]}]}<\/script>\n<!-- \/ Yoast SEO plugin. -->","yoast_head_json":{"title":"Perazi\u0107a Do - Visit Montenegro","description":"Istra\u017eite Perazi\u0107a Do, mirno primorsko selo u blizini Petrovca, koje krasi prelijepa pla\u017ea i slikovite staze za \u0161etnju. Savr\u0161eno mjesto za opu\u0161taju\u0107i odmor.","robots":{"index":"index","follow":"follow","max-snippet":"max-snippet:-1","max-image-preview":"max-image-preview:large","max-video-preview":"max-video-preview:-1"},"canonical":"https:\/\/www.visit-montenegro.com\/me\/destinacije\/petrovac\/atrakcije\/perazica-do\/","og_locale":"en_US","og_type":"article","og_title":"Perazi\u0107a Do - Visit Montenegro","og_description":"Istra\u017eite Perazi\u0107a Do, mirno primorsko selo u blizini Petrovca, koje krasi prelijepa pla\u017ea i slikovite staze za \u0161etnju. Savr\u0161eno mjesto za opu\u0161taju\u0107i odmor.","og_url":"https:\/\/www.visit-montenegro.com\/me\/destinacije\/petrovac\/atrakcije\/perazica-do\/","og_site_name":"Visit Montenegro","article_publisher":"https:\/\/www.facebook.com\/visitmontenegro","article_modified_time":"2026-02-22T17:27:51+00:00","og_image":[{"width":1600,"height":1198,"url":"https:\/\/www.visit-montenegro.com\/wp-content\/uploads\/2026\/01\/petrovac-perazica-do-scaled.jpg","type":"image\/jpeg"}],"twitter_card":"summary_large_image","twitter_site":"@visitmontenegro","twitter_misc":{"Est. reading time":"1 minute"},"schema":{"@context":"https:\/\/schema.org","@graph":[{"@type":"WebPage","@id":"https:\/\/www.visit-montenegro.com\/me\/destinacije\/petrovac\/atrakcije\/perazica-do\/","url":"https:\/\/www.visit-montenegro.com\/me\/destinacije\/petrovac\/atrakcije\/perazica-do\/","name":"Perazi\u0107a Do - Visit Montenegro","isPartOf":{"@id":"https:\/\/www.visit-montenegro.com\/me\/#website"},"primaryImageOfPage":{"@id":"https:\/\/www.visit-montenegro.com\/me\/destinacije\/petrovac\/atrakcije\/perazica-do\/#primaryimage"},"image":{"@id":"https:\/\/www.visit-montenegro.com\/me\/destinacije\/petrovac\/atrakcije\/perazica-do\/#primaryimage"},"thumbnailUrl":"https:\/\/www.visit-montenegro.com\/wp-content\/uploads\/2026\/01\/petrovac-perazica-do-scaled.jpg","datePublished":"2026-01-27T20:44:32+00:00","dateModified":"2026-02-22T17:27:51+00:00","description":"Istra\u017eite Perazi\u0107a Do, mirno primorsko selo u blizini Petrovca, koje krasi prelijepa pla\u017ea i slikovite staze za \u0161etnju. Savr\u0161eno mjesto za opu\u0161taju\u0107i odmor.","breadcrumb":{"@id":"https:\/\/www.visit-montenegro.com\/me\/destinacije\/petrovac\/atrakcije\/perazica-do\/#breadcrumb"},"inLanguage":"sr-Latn-ME","potentialAction":[{"@type":"ReadAction","target":["https:\/\/www.visit-montenegro.com\/me\/destinacije\/petrovac\/atrakcije\/perazica-do\/"]}]},{"@type":"ImageObject","inLanguage":"sr-Latn-ME","@id":"https:\/\/www.visit-montenegro.com\/me\/destinacije\/petrovac\/atrakcije\/perazica-do\/#primaryimage","url":"https:\/\/www.visit-montenegro.com\/wp-content\/uploads\/2026\/01\/petrovac-perazica-do-scaled.jpg","contentUrl":"https:\/\/www.visit-montenegro.com\/wp-content\/uploads\/2026\/01\/petrovac-perazica-do-scaled.jpg","width":1600,"height":1198,"caption":"pogled na jadransku obalu iz vazduha, snimak dronom"},{"@type":"BreadcrumbList","@id":"https:\/\/www.visit-montenegro.com\/me\/destinacije\/petrovac\/atrakcije\/perazica-do\/#breadcrumb","itemListElement":[{"@type":"ListItem","position":1,"name":"Home","item":"https:\/\/www.visit-montenegro.com\/me\/pocetna\/"},{"@type":"ListItem","position":2,"name":"Turisti\u010dke destinacije u Crnoj Gori","item":"https:\/\/www.visit-montenegro.com\/me\/destinacije\/"},{"@type":"ListItem","position":3,"name":"Petrovac","item":"https:\/\/www.visit-montenegro.com\/me\/destinacije\/petrovac\/"},{"@type":"ListItem","position":4,"name":"Atrakcije Petrovca","item":"https:\/\/www.visit-montenegro.com\/me\/destinacije\/petrovac\/atrakcije\/"},{"@type":"ListItem","position":5,"name":"Perazi\u0107a Do"}]},{"@type":"WebSite","@id":"https:\/\/www.visit-montenegro.com\/me\/#website","url":"https:\/\/www.visit-montenegro.com\/me\/","name":"Visit Montenegro","description":"Breathtaking beauty","publisher":{"@id":"https:\/\/www.visit-montenegro.com\/me\/#organization"},"potentialAction":[{"@type":"SearchAction","target":{"@type":"EntryPoint","urlTemplate":"https:\/\/www.visit-montenegro.com\/me\/?s={search_term_string}"},"query-input":{"@type":"PropertyValueSpecification","valueRequired":true,"valueName":"search_term_string"}}],"inLanguage":"sr-Latn-ME"},{"@type":"Organization","@id":"https:\/\/www.visit-montenegro.com\/me\/#organization","name":"Visit Montenegro","url":"https:\/\/www.visit-montenegro.com\/me\/","logo":{"@type":"ImageObject","inLanguage":"sr-Latn-ME","@id":"https:\/\/www.visit-montenegro.com\/me\/#\/schema\/logo\/image\/","url":"https:\/\/www.visit-montenegro.com\/wp-content\/uploads\/2017\/10\/logo-amp.png","contentUrl":"https:\/\/www.visit-montenegro.com\/wp-content\/uploads\/2017\/10\/logo-amp.png","width":190,"height":36,"caption":"Visit Montenegro"},"image":{"@id":"https:\/\/www.visit-montenegro.com\/me\/#\/schema\/logo\/image\/"},"sameAs":["https:\/\/www.facebook.com\/visitmontenegro","https:\/\/x.com\/visitmontenegro","https:\/\/www.instagram.com\/visit_montenegro\/","https:\/\/www.youtube.com\/user\/VisitMontenegro"]}]}},"translations":[],"_links":{"self":[{"href":"https:\/\/www.visit-montenegro.com\/me\/wp-json\/wp\/v2\/pages\/134927","targetHints":{"allow":["GET"]}}],"collection":[{"href":"https:\/\/www.visit-montenegro.com\/me\/wp-json\/wp\/v2\/pages"}],"about":[{"href":"https:\/\/www.visit-montenegro.com\/me\/wp-json\/wp\/v2\/types\/page"}],"author":[{"embeddable":true,"href":"https:\/\/www.visit-montenegro.com\/me\/wp-json\/wp\/v2\/users\/1"}],"replies":[{"embeddable":true,"href":"https:\/\/www.visit-montenegro.com\/me\/wp-json\/wp\/v2\/comments?post=134927"}],"version-history":[{"count":0,"href":"https:\/\/www.visit-montenegro.com\/me\/wp-json\/wp\/v2\/pages\/134927\/revisions"}],"up":[{"embeddable":true,"href":"https:\/\/www.visit-montenegro.com\/me\/wp-json\/wp\/v2\/pages\/134916"}],"wp:featuredmedia":[{"embeddable":true,"href":"https:\/\/www.visit-montenegro.com\/me\/wp-json\/wp\/v2\/media\/134928"}],"wp:attachment":[{"href":"https:\/\/www.visit-montenegro.com\/me\/wp-json\/wp\/v2\/media?parent=134927"}],"wp:term":[{"taxonomy":"post_tag","embeddable":true,"href":"https:\/\/www.visit-montenegro.com\/me\/wp-json\/wp\/v2\/tags?post=134927"}],"curies":[{"name":"wp","href":"https:\/\/api.w.org\/{rel}","templated":true}]}}