{"id":134941,"date":"2026-01-27T21:44:32","date_gmt":"2026-01-27T20:44:32","guid":{"rendered":"https:\/\/new.visit-montenegro.com\/destinacije\/petrovac\/atrakcije\/sveta-nedjelja-island\/"},"modified":"2026-02-22T17:09:05","modified_gmt":"2026-02-22T16:09:05","slug":"sveta-nedjelja-island","status":"publish","type":"page","link":"https:\/\/www.visit-montenegro.com\/me\/destinacije\/petrovac\/atrakcije\/sveta-nedjelja-island\/","title":{"rendered":"Ostrvo Sveta Nedjelja"},"content":{"rendered":"\n<p><strong>Ostrvo Sveta Nedjelja<\/strong> je malo ostrvo smje\u0161teno ta\u010dno nasuprot Petrovca u Crnoj Gori. Na njemu se nalazi crkva izgra\u0111ena krajem 20. vijeka, koja je zamijenila originalnu uni\u0161tenu u zemljotresu 1979. godine. Ostrvo je dostupno turisti\u010dkim brodovima, kajacima ili pedalino brodovima, ali plivanje se ne preporu\u010duje zbog udaljenosti od skoro 1km od obale.<\/p>\n\n<hr class=\"wp-block-separator has-alpha-channel-opacity\"\/>\n\n<h2 class=\"wp-block-heading\">Lokacija i istorija ostrva Sveta Nedjelja<\/h2>\n\n<p>Ostrvo se nalazi ta\u010dno nasuprot Petrovca. Na samom ostrvu postoji mala crkva izgra\u0111ena krajem 20. vijeka nakon razornog zemljotresa 1979. godine, koji je potpuno uni\u0161tio originalnu.<\/p>\n\n<h2 class=\"wp-block-heading\">Kako do\u0107i do ostrva Sveta Nedjelja<\/h2>\n\n<p>Ostrvo se mo\u017ee do\u0107i mnogim turisti\u010dkim brodovima koji polaze iz Petrovca, ili za avanturisti\u010dnije, kajakom ili pedalino brodovima. Iako se ostrvo \u010dini prili\u010dno blizu kada se gleda sa pla\u017ee, zapravo je udaljeno skoro 1km, tako da ne bismo savjetovali poku\u0161aj dolaska plivanjem.<\/p>\n","protected":false},"excerpt":{"rendered":"<p>Otkrijte ostrvo Sveta Nedjelja, slikovito mjesto kod Petrovca sa istorijskom crkvom i predivnim pogledima. Saznajte kako ga sigurno posjetiti brodom ili kajakom i za\u0161to se plivanje ne preporu\u010duje.<\/p>\n","protected":false},"author":1,"featured_media":134942,"parent":134916,"menu_order":0,"comment_status":"closed","ping_status":"closed","template":"","meta":{"_yoast_wpseo_focuskw":"Ostrvo Sveta Nedjelja","_yoast_wpseo_metadesc":"Istra\u017eite ostrvo Sveta Nedjelja kod Petrovca: njegovu istoriju, crkvu i kako ga posjetiti brodom ili kajakom. Planirajte svoj put do ove predivne crnogorske destinacije.","_kad_post_transparent":"","_kad_post_title":"","_kad_post_layout":"","_kad_post_sidebar_id":"","_kad_post_content_style":"","_kad_post_vertical_padding":"","_kad_post_feature":"","_kad_post_feature_position":"","_kad_post_header":false,"_kad_post_footer":false,"_kad_post_classname":"","iawp_total_views":16,"footnotes":""},"tags":[],"class_list":["post-134941","page","type-page","status-publish","has-post-thumbnail","hentry"],"yoast_head":"<!-- This site is optimized with the Yoast SEO plugin v27.3 - https:\/\/yoast.com\/product\/yoast-seo-wordpress\/ -->\n<title>Ostrvo Sveta Nedjelja - Visit Montenegro<\/title>\n<meta name=\"description\" content=\"Istra\u017eite ostrvo Sveta Nedjelja kod Petrovca: njegovu istoriju, crkvu i kako ga posjetiti brodom ili kajakom. Planirajte svoj put do ove predivne crnogorske destinacije.\" \/>\n<meta name=\"robots\" content=\"index, follow, max-snippet:-1, max-image-preview:large, max-video-preview:-1\" \/>\n<link rel=\"canonical\" href=\"https:\/\/www.visit-montenegro.com\/me\/destinacije\/petrovac\/atrakcije\/sveta-nedjelja-island\/\" \/>\n<meta property=\"og:locale\" content=\"en_US\" \/>\n<meta property=\"og:type\" content=\"article\" \/>\n<meta property=\"og:title\" content=\"Ostrvo Sveta Nedjelja - Visit Montenegro\" \/>\n<meta property=\"og:description\" content=\"Istra\u017eite ostrvo Sveta Nedjelja kod Petrovca: njegovu istoriju, crkvu i kako ga posjetiti brodom ili kajakom. Planirajte svoj put do ove predivne crnogorske destinacije.\" \/>\n<meta property=\"og:url\" content=\"https:\/\/www.visit-montenegro.com\/me\/destinacije\/petrovac\/atrakcije\/sveta-nedjelja-island\/\" \/>\n<meta property=\"og:site_name\" content=\"Visit Montenegro\" \/>\n<meta property=\"article:publisher\" content=\"https:\/\/www.facebook.com\/visitmontenegro\" \/>\n<meta property=\"article:modified_time\" content=\"2026-02-22T16:09:05+00:00\" \/>\n<meta property=\"og:image\" content=\"https:\/\/www.visit-montenegro.com\/wp-content\/uploads\/2026\/01\/petrovac-island-scaled.jpg\" \/>\n\t<meta property=\"og:image:width\" content=\"1600\" \/>\n\t<meta property=\"og:image:height\" content=\"1067\" \/>\n\t<meta property=\"og:image:type\" content=\"image\/jpeg\" \/>\n<meta name=\"twitter:card\" content=\"summary_large_image\" \/>\n<meta name=\"twitter:site\" content=\"@visitmontenegro\" \/>\n<meta name=\"twitter:label1\" content=\"Est. reading time\" \/>\n\t<meta name=\"twitter:data1\" content=\"1 minute\" \/>\n<script type=\"application\/ld+json\" class=\"yoast-schema-graph\">{\"@context\":\"https:\\\/\\\/schema.org\",\"@graph\":[{\"@type\":\"WebPage\",\"@id\":\"https:\\\/\\\/www.visit-montenegro.com\\\/me\\\/destinacije\\\/petrovac\\\/atrakcije\\\/sveta-nedjelja-island\\\/\",\"url\":\"https:\\\/\\\/www.visit-montenegro.com\\\/me\\\/destinacije\\\/petrovac\\\/atrakcije\\\/sveta-nedjelja-island\\\/\",\"name\":\"Ostrvo Sveta Nedjelja - Visit Montenegro\",\"isPartOf\":{\"@id\":\"https:\\\/\\\/www.visit-montenegro.com\\\/me\\\/#website\"},\"primaryImageOfPage\":{\"@id\":\"https:\\\/\\\/www.visit-montenegro.com\\\/me\\\/destinacije\\\/petrovac\\\/atrakcije\\\/sveta-nedjelja-island\\\/#primaryimage\"},\"image\":{\"@id\":\"https:\\\/\\\/www.visit-montenegro.com\\\/me\\\/destinacije\\\/petrovac\\\/atrakcije\\\/sveta-nedjelja-island\\\/#primaryimage\"},\"thumbnailUrl\":\"https:\\\/\\\/www.visit-montenegro.com\\\/wp-content\\\/uploads\\\/2026\\\/01\\\/petrovac-island-scaled.jpg\",\"datePublished\":\"2026-01-27T20:44:32+00:00\",\"dateModified\":\"2026-02-22T16:09:05+00:00\",\"description\":\"Istra\u017eite ostrvo Sveta Nedjelja kod Petrovca: njegovu istoriju, crkvu i kako ga posjetiti brodom ili kajakom. Planirajte svoj put do ove predivne crnogorske destinacije.\",\"breadcrumb\":{\"@id\":\"https:\\\/\\\/www.visit-montenegro.com\\\/me\\\/destinacije\\\/petrovac\\\/atrakcije\\\/sveta-nedjelja-island\\\/#breadcrumb\"},\"inLanguage\":\"sr-Latn-ME\",\"potentialAction\":[{\"@type\":\"ReadAction\",\"target\":[\"https:\\\/\\\/www.visit-montenegro.com\\\/me\\\/destinacije\\\/petrovac\\\/atrakcije\\\/sveta-nedjelja-island\\\/\"]}]},{\"@type\":\"ImageObject\",\"inLanguage\":\"sr-Latn-ME\",\"@id\":\"https:\\\/\\\/www.visit-montenegro.com\\\/me\\\/destinacije\\\/petrovac\\\/atrakcije\\\/sveta-nedjelja-island\\\/#primaryimage\",\"url\":\"https:\\\/\\\/www.visit-montenegro.com\\\/wp-content\\\/uploads\\\/2026\\\/01\\\/petrovac-island-scaled.jpg\",\"contentUrl\":\"https:\\\/\\\/www.visit-montenegro.com\\\/wp-content\\\/uploads\\\/2026\\\/01\\\/petrovac-island-scaled.jpg\",\"width\":1600,\"height\":1067,\"caption\":\"Pogled odozgo na ostrvo sa kamenom zgradom\"},{\"@type\":\"BreadcrumbList\",\"@id\":\"https:\\\/\\\/www.visit-montenegro.com\\\/me\\\/destinacije\\\/petrovac\\\/atrakcije\\\/sveta-nedjelja-island\\\/#breadcrumb\",\"itemListElement\":[{\"@type\":\"ListItem\",\"position\":1,\"name\":\"Home\",\"item\":\"https:\\\/\\\/www.visit-montenegro.com\\\/me\\\/pocetna\\\/\"},{\"@type\":\"ListItem\",\"position\":2,\"name\":\"Turisti\u010dke destinacije u Crnoj Gori\",\"item\":\"https:\\\/\\\/www.visit-montenegro.com\\\/me\\\/destinacije\\\/\"},{\"@type\":\"ListItem\",\"position\":3,\"name\":\"Petrovac\",\"item\":\"https:\\\/\\\/www.visit-montenegro.com\\\/me\\\/destinacije\\\/petrovac\\\/\"},{\"@type\":\"ListItem\",\"position\":4,\"name\":\"Atrakcije Petrovca\",\"item\":\"https:\\\/\\\/www.visit-montenegro.com\\\/me\\\/destinacije\\\/petrovac\\\/atrakcije\\\/\"},{\"@type\":\"ListItem\",\"position\":5,\"name\":\"Ostrvo Sveta Nedjelja\"}]},{\"@type\":\"WebSite\",\"@id\":\"https:\\\/\\\/www.visit-montenegro.com\\\/me\\\/#website\",\"url\":\"https:\\\/\\\/www.visit-montenegro.com\\\/me\\\/\",\"name\":\"Visit Montenegro\",\"description\":\"Breathtaking beauty\",\"publisher\":{\"@id\":\"https:\\\/\\\/www.visit-montenegro.com\\\/me\\\/#organization\"},\"potentialAction\":[{\"@type\":\"SearchAction\",\"target\":{\"@type\":\"EntryPoint\",\"urlTemplate\":\"https:\\\/\\\/www.visit-montenegro.com\\\/me\\\/?s={search_term_string}\"},\"query-input\":{\"@type\":\"PropertyValueSpecification\",\"valueRequired\":true,\"valueName\":\"search_term_string\"}}],\"inLanguage\":\"sr-Latn-ME\"},{\"@type\":\"Organization\",\"@id\":\"https:\\\/\\\/www.visit-montenegro.com\\\/me\\\/#organization\",\"name\":\"Visit Montenegro\",\"url\":\"https:\\\/\\\/www.visit-montenegro.com\\\/me\\\/\",\"logo\":{\"@type\":\"ImageObject\",\"inLanguage\":\"sr-Latn-ME\",\"@id\":\"https:\\\/\\\/www.visit-montenegro.com\\\/me\\\/#\\\/schema\\\/logo\\\/image\\\/\",\"url\":\"https:\\\/\\\/www.visit-montenegro.com\\\/wp-content\\\/uploads\\\/2017\\\/10\\\/logo-amp.png\",\"contentUrl\":\"https:\\\/\\\/www.visit-montenegro.com\\\/wp-content\\\/uploads\\\/2017\\\/10\\\/logo-amp.png\",\"width\":190,\"height\":36,\"caption\":\"Visit Montenegro\"},\"image\":{\"@id\":\"https:\\\/\\\/www.visit-montenegro.com\\\/me\\\/#\\\/schema\\\/logo\\\/image\\\/\"},\"sameAs\":[\"https:\\\/\\\/www.facebook.com\\\/visitmontenegro\",\"https:\\\/\\\/x.com\\\/visitmontenegro\",\"https:\\\/\\\/www.instagram.com\\\/visit_montenegro\\\/\",\"https:\\\/\\\/www.youtube.com\\\/user\\\/VisitMontenegro\"]}]}<\/script>\n<!-- \/ Yoast SEO plugin. -->","yoast_head_json":{"title":"Ostrvo Sveta Nedjelja - Visit Montenegro","description":"Istra\u017eite ostrvo Sveta Nedjelja kod Petrovca: njegovu istoriju, crkvu i kako ga posjetiti brodom ili kajakom. Planirajte svoj put do ove predivne crnogorske destinacije.","robots":{"index":"index","follow":"follow","max-snippet":"max-snippet:-1","max-image-preview":"max-image-preview:large","max-video-preview":"max-video-preview:-1"},"canonical":"https:\/\/www.visit-montenegro.com\/me\/destinacije\/petrovac\/atrakcije\/sveta-nedjelja-island\/","og_locale":"en_US","og_type":"article","og_title":"Ostrvo Sveta Nedjelja - Visit Montenegro","og_description":"Istra\u017eite ostrvo Sveta Nedjelja kod Petrovca: njegovu istoriju, crkvu i kako ga posjetiti brodom ili kajakom. Planirajte svoj put do ove predivne crnogorske destinacije.","og_url":"https:\/\/www.visit-montenegro.com\/me\/destinacije\/petrovac\/atrakcije\/sveta-nedjelja-island\/","og_site_name":"Visit Montenegro","article_publisher":"https:\/\/www.facebook.com\/visitmontenegro","article_modified_time":"2026-02-22T16:09:05+00:00","og_image":[{"width":1600,"height":1067,"url":"https:\/\/www.visit-montenegro.com\/wp-content\/uploads\/2026\/01\/petrovac-island-scaled.jpg","type":"image\/jpeg"}],"twitter_card":"summary_large_image","twitter_site":"@visitmontenegro","twitter_misc":{"Est. reading time":"1 minute"},"schema":{"@context":"https:\/\/schema.org","@graph":[{"@type":"WebPage","@id":"https:\/\/www.visit-montenegro.com\/me\/destinacije\/petrovac\/atrakcije\/sveta-nedjelja-island\/","url":"https:\/\/www.visit-montenegro.com\/me\/destinacije\/petrovac\/atrakcije\/sveta-nedjelja-island\/","name":"Ostrvo Sveta Nedjelja - Visit Montenegro","isPartOf":{"@id":"https:\/\/www.visit-montenegro.com\/me\/#website"},"primaryImageOfPage":{"@id":"https:\/\/www.visit-montenegro.com\/me\/destinacije\/petrovac\/atrakcije\/sveta-nedjelja-island\/#primaryimage"},"image":{"@id":"https:\/\/www.visit-montenegro.com\/me\/destinacije\/petrovac\/atrakcije\/sveta-nedjelja-island\/#primaryimage"},"thumbnailUrl":"https:\/\/www.visit-montenegro.com\/wp-content\/uploads\/2026\/01\/petrovac-island-scaled.jpg","datePublished":"2026-01-27T20:44:32+00:00","dateModified":"2026-02-22T16:09:05+00:00","description":"Istra\u017eite ostrvo Sveta Nedjelja kod Petrovca: njegovu istoriju, crkvu i kako ga posjetiti brodom ili kajakom. Planirajte svoj put do ove predivne crnogorske destinacije.","breadcrumb":{"@id":"https:\/\/www.visit-montenegro.com\/me\/destinacije\/petrovac\/atrakcije\/sveta-nedjelja-island\/#breadcrumb"},"inLanguage":"sr-Latn-ME","potentialAction":[{"@type":"ReadAction","target":["https:\/\/www.visit-montenegro.com\/me\/destinacije\/petrovac\/atrakcije\/sveta-nedjelja-island\/"]}]},{"@type":"ImageObject","inLanguage":"sr-Latn-ME","@id":"https:\/\/www.visit-montenegro.com\/me\/destinacije\/petrovac\/atrakcije\/sveta-nedjelja-island\/#primaryimage","url":"https:\/\/www.visit-montenegro.com\/wp-content\/uploads\/2026\/01\/petrovac-island-scaled.jpg","contentUrl":"https:\/\/www.visit-montenegro.com\/wp-content\/uploads\/2026\/01\/petrovac-island-scaled.jpg","width":1600,"height":1067,"caption":"Pogled odozgo na ostrvo sa kamenom zgradom"},{"@type":"BreadcrumbList","@id":"https:\/\/www.visit-montenegro.com\/me\/destinacije\/petrovac\/atrakcije\/sveta-nedjelja-island\/#breadcrumb","itemListElement":[{"@type":"ListItem","position":1,"name":"Home","item":"https:\/\/www.visit-montenegro.com\/me\/pocetna\/"},{"@type":"ListItem","position":2,"name":"Turisti\u010dke destinacije u Crnoj Gori","item":"https:\/\/www.visit-montenegro.com\/me\/destinacije\/"},{"@type":"ListItem","position":3,"name":"Petrovac","item":"https:\/\/www.visit-montenegro.com\/me\/destinacije\/petrovac\/"},{"@type":"ListItem","position":4,"name":"Atrakcije Petrovca","item":"https:\/\/www.visit-montenegro.com\/me\/destinacije\/petrovac\/atrakcije\/"},{"@type":"ListItem","position":5,"name":"Ostrvo Sveta Nedjelja"}]},{"@type":"WebSite","@id":"https:\/\/www.visit-montenegro.com\/me\/#website","url":"https:\/\/www.visit-montenegro.com\/me\/","name":"Visit Montenegro","description":"Breathtaking beauty","publisher":{"@id":"https:\/\/www.visit-montenegro.com\/me\/#organization"},"potentialAction":[{"@type":"SearchAction","target":{"@type":"EntryPoint","urlTemplate":"https:\/\/www.visit-montenegro.com\/me\/?s={search_term_string}"},"query-input":{"@type":"PropertyValueSpecification","valueRequired":true,"valueName":"search_term_string"}}],"inLanguage":"sr-Latn-ME"},{"@type":"Organization","@id":"https:\/\/www.visit-montenegro.com\/me\/#organization","name":"Visit Montenegro","url":"https:\/\/www.visit-montenegro.com\/me\/","logo":{"@type":"ImageObject","inLanguage":"sr-Latn-ME","@id":"https:\/\/www.visit-montenegro.com\/me\/#\/schema\/logo\/image\/","url":"https:\/\/www.visit-montenegro.com\/wp-content\/uploads\/2017\/10\/logo-amp.png","contentUrl":"https:\/\/www.visit-montenegro.com\/wp-content\/uploads\/2017\/10\/logo-amp.png","width":190,"height":36,"caption":"Visit Montenegro"},"image":{"@id":"https:\/\/www.visit-montenegro.com\/me\/#\/schema\/logo\/image\/"},"sameAs":["https:\/\/www.facebook.com\/visitmontenegro","https:\/\/x.com\/visitmontenegro","https:\/\/www.instagram.com\/visit_montenegro\/","https:\/\/www.youtube.com\/user\/VisitMontenegro"]}]}},"translations":[],"_links":{"self":[{"href":"https:\/\/www.visit-montenegro.com\/me\/wp-json\/wp\/v2\/pages\/134941","targetHints":{"allow":["GET"]}}],"collection":[{"href":"https:\/\/www.visit-montenegro.com\/me\/wp-json\/wp\/v2\/pages"}],"about":[{"href":"https:\/\/www.visit-montenegro.com\/me\/wp-json\/wp\/v2\/types\/page"}],"author":[{"embeddable":true,"href":"https:\/\/www.visit-montenegro.com\/me\/wp-json\/wp\/v2\/users\/1"}],"replies":[{"embeddable":true,"href":"https:\/\/www.visit-montenegro.com\/me\/wp-json\/wp\/v2\/comments?post=134941"}],"version-history":[{"count":0,"href":"https:\/\/www.visit-montenegro.com\/me\/wp-json\/wp\/v2\/pages\/134941\/revisions"}],"up":[{"embeddable":true,"href":"https:\/\/www.visit-montenegro.com\/me\/wp-json\/wp\/v2\/pages\/134916"}],"wp:featuredmedia":[{"embeddable":true,"href":"https:\/\/www.visit-montenegro.com\/me\/wp-json\/wp\/v2\/media\/134942"}],"wp:attachment":[{"href":"https:\/\/www.visit-montenegro.com\/me\/wp-json\/wp\/v2\/media?parent=134941"}],"wp:term":[{"taxonomy":"post_tag","embeddable":true,"href":"https:\/\/www.visit-montenegro.com\/me\/wp-json\/wp\/v2\/tags?post=134941"}],"curies":[{"name":"wp","href":"https:\/\/api.w.org\/{rel}","templated":true}]}}