{"id":134947,"date":"2026-01-27T21:44:32","date_gmt":"2026-01-27T20:44:32","guid":{"rendered":"https:\/\/new.visit-montenegro.com\/destinacije\/petrovac\/info\/"},"modified":"2026-02-22T17:09:05","modified_gmt":"2026-02-22T16:09:05","slug":"info","status":"publish","type":"page","link":"https:\/\/www.visit-montenegro.com\/me\/destinacije\/petrovac\/info\/","title":{"rendered":"Vi\u0161e o Petrovcu"},"content":{"rendered":"\n<p><a href=\"https:\/\/www.visit-montenegro.com\/me\/destinacije\/petrovac\/\">Petrovac<\/a> je \u0161armantni obalski grad u Crnoj Gori poznat po svojim predivnim pla\u017eama, istorijskim mjestima i opu\u0161tenoj atmosferi, \u0161to ga \u010dini idealnom destinacijom za putnike koji tra\u017ee i opu\u0161tanje i kulturno istra\u017eivanje.<\/p>\n\n<hr class=\"wp-block-separator has-alpha-channel-opacity\"\/>\n\n<div class=\"wp-block-query is-layout-flow wp-block-query-is-layout-flow\"><ul class=\"wp-block-post-template is-layout-flow wp-block-post-template-is-layout-flow\"><li class=\"wp-block-post post-133903 page type-page status-publish has-post-thumbnail hentry tag-destination-hotels\">\n<h2 class=\"wp-block-post-title\"><a href=\"https:\/\/www.visit-montenegro.com\/me\/destinacije\/petrovac\/info\/hoteli\/\" target=\"_self\" >Hoteli u Petrovcu<\/a><\/h2>\n\n<figure class=\"alignwide wp-block-post-featured-image\"><a href=\"https:\/\/www.visit-montenegro.com\/me\/destinacije\/petrovac\/info\/hoteli\/\" target=\"_self\"  ><img loading=\"lazy\" decoding=\"async\" width=\"1600\" height=\"1067\" src=\"https:\/\/www.visit-montenegro.com\/wp-content\/uploads\/2026\/02\/Depositphotos_639669476_L-scaled.jpg\" class=\"attachment-post-thumbnail size-post-thumbnail wp-post-image\" alt=\"Hoteli u Petrovcu\" style=\"object-fit:cover;\" srcset=\"https:\/\/www.visit-montenegro.com\/wp-content\/uploads\/2026\/02\/Depositphotos_639669476_L-scaled.jpg 1600w, https:\/\/www.visit-montenegro.com\/wp-content\/uploads\/2026\/02\/Depositphotos_639669476_L-300x200.jpg 300w, https:\/\/www.visit-montenegro.com\/wp-content\/uploads\/2026\/02\/Depositphotos_639669476_L-1024x683.jpg 1024w, https:\/\/www.visit-montenegro.com\/wp-content\/uploads\/2026\/02\/Depositphotos_639669476_L-768x512.jpg 768w, https:\/\/www.visit-montenegro.com\/wp-content\/uploads\/2026\/02\/Depositphotos_639669476_L-1536x1025.jpg 1536w\" sizes=\"auto, (max-width: 1600px) 100vw, 1600px\" \/><\/a><\/figure>\n\n<div class=\"wp-block-post-excerpt\"><p class=\"wp-block-post-excerpt__excerpt\">Istra\u017eite hotele u Petrovcu za mirne pla\u017ee, istorijski \u0161arm i zadivljuju\u0107e poglede na zaljev u Crnoj Gori.<\/p><p class=\"wp-block-post-excerpt__more-text\"><a class=\"wp-block-post-excerpt__more-link\" href=\"https:\/\/www.visit-montenegro.com\/me\/destinacije\/petrovac\/info\/hoteli\/\"><strong>Pro\u010ditajte vi\u0161e<\/strong><\/a><\/p><\/div>\n\n\n<hr class=\"wp-block-separator has-css-opacity\" style=\"margin-top:var(--wp--preset--spacing--70);margin-bottom:var(--wp--preset--spacing--70)\"\/>\n\n<\/li><li class=\"wp-block-post post-134955 page type-page status-publish has-post-thumbnail hentry\">\n<h2 class=\"wp-block-post-title\"><a href=\"https:\/\/www.visit-montenegro.com\/me\/destinacije\/petrovac\/info\/plaze\/\" target=\"_self\" >Pla\u017ee Petrovca<\/a><\/h2>\n\n<figure class=\"alignwide wp-block-post-featured-image\"><a href=\"https:\/\/www.visit-montenegro.com\/me\/destinacije\/petrovac\/info\/plaze\/\" target=\"_self\"  ><img loading=\"lazy\" decoding=\"async\" width=\"1200\" height=\"800\" src=\"https:\/\/www.visit-montenegro.com\/wp-content\/uploads\/2026\/01\/beach-family-1200x800.jpg\" class=\"attachment-post-thumbnail size-post-thumbnail wp-post-image\" alt=\"Pla\u017ee Petrovca\" style=\"object-fit:cover;\" srcset=\"https:\/\/www.visit-montenegro.com\/wp-content\/uploads\/2026\/01\/beach-family-1200x800.jpg 1200w, https:\/\/www.visit-montenegro.com\/wp-content\/uploads\/2026\/01\/beach-family-300x200.jpg 300w, https:\/\/www.visit-montenegro.com\/wp-content\/uploads\/2026\/01\/beach-family-1024x683.jpg 1024w, https:\/\/www.visit-montenegro.com\/wp-content\/uploads\/2026\/01\/beach-family-768x512.jpg 768w, https:\/\/www.visit-montenegro.com\/wp-content\/uploads\/2026\/01\/beach-family-1536x1024.jpg 1536w, https:\/\/www.visit-montenegro.com\/wp-content\/uploads\/2026\/01\/beach-family-scaled.jpg 1600w\" sizes=\"auto, (max-width: 1200px) 100vw, 1200px\" \/><\/a><\/figure>\n\n<div class=\"wp-block-post-excerpt\"><p class=\"wp-block-post-excerpt__excerpt\">Otkrijte prekrasne pla\u017ee Petrovca u Crnoj Gori, od pje\u0161\u010danih gradskih obala do slikovitih uvala. Savr\u0161ene za porodi\u010dne odmore i opu\u0161taju\u0107e odlaske, ove pla\u017ee nude kristalno \u010diste vode i prelepe okolice.<\/p><p class=\"wp-block-post-excerpt__more-text\"><a class=\"wp-block-post-excerpt__more-link\" href=\"https:\/\/www.visit-montenegro.com\/me\/destinacije\/petrovac\/info\/plaze\/\"><strong>Pro\u010ditajte vi\u0161e<\/strong><\/a><\/p><\/div>\n\n\n<hr class=\"wp-block-separator has-css-opacity\" style=\"margin-top:var(--wp--preset--spacing--70);margin-bottom:var(--wp--preset--spacing--70)\"\/>\n\n<\/li><\/ul><\/div>\n","protected":false},"excerpt":{"rendered":"<p>Otkrijte predivne pje\u0161\u010dane pla\u017ee i istorijski \u0161arm Petrovca u Crnoj Gori. Ovaj vodi\u010d pru\u017ea uvid u njegove obalske atrakcije i opu\u0161tenu atmosferu, savr\u0161ene za planiranje va\u0161eg putovanja.<\/p>\n","protected":false},"author":1,"featured_media":134948,"parent":134913,"menu_order":0,"comment_status":"closed","ping_status":"closed","template":"","meta":{"_yoast_wpseo_focuskw":"Vi\u0161e o Petrovcu","_yoast_wpseo_metadesc":"Istra\u017eite predivne pla\u017ee i kulturna mjesta Petrovca u Crnoj Gori. Dobijte savjete za savr\u0161en odmor na obali uz na\u0161 detaljan vodi\u010d za putovanja.","_kad_post_transparent":"","_kad_post_title":"","_kad_post_layout":"","_kad_post_sidebar_id":"","_kad_post_content_style":"","_kad_post_vertical_padding":"","_kad_post_feature":"","_kad_post_feature_position":"","_kad_post_header":false,"_kad_post_footer":false,"_kad_post_classname":"","iawp_total_views":3,"footnotes":""},"tags":[],"class_list":["post-134947","page","type-page","status-publish","has-post-thumbnail","hentry"],"yoast_head":"<!-- This site is optimized with the Yoast SEO plugin v27.3 - https:\/\/yoast.com\/product\/yoast-seo-wordpress\/ -->\n<title>Vi\u0161e o Petrovcu - Visit Montenegro<\/title>\n<meta name=\"description\" content=\"Istra\u017eite predivne pla\u017ee i kulturna mjesta Petrovca u Crnoj Gori. Dobijte savjete za savr\u0161en odmor na obali uz na\u0161 detaljan vodi\u010d za putovanja.\" \/>\n<meta name=\"robots\" content=\"index, follow, max-snippet:-1, max-image-preview:large, max-video-preview:-1\" \/>\n<link rel=\"canonical\" href=\"https:\/\/www.visit-montenegro.com\/me\/destinacije\/petrovac\/info\/\" \/>\n<meta property=\"og:locale\" content=\"en_US\" \/>\n<meta property=\"og:type\" content=\"article\" \/>\n<meta property=\"og:title\" content=\"Vi\u0161e o Petrovcu - Visit Montenegro\" \/>\n<meta property=\"og:description\" content=\"Istra\u017eite predivne pla\u017ee i kulturna mjesta Petrovca u Crnoj Gori. Dobijte savjete za savr\u0161en odmor na obali uz na\u0161 detaljan vodi\u010d za putovanja.\" \/>\n<meta property=\"og:url\" content=\"https:\/\/www.visit-montenegro.com\/me\/destinacije\/petrovac\/info\/\" \/>\n<meta property=\"og:site_name\" content=\"Visit Montenegro\" \/>\n<meta property=\"article:publisher\" content=\"https:\/\/www.facebook.com\/visitmontenegro\" \/>\n<meta property=\"article:modified_time\" content=\"2026-02-22T16:09:05+00:00\" \/>\n<meta property=\"og:image\" content=\"https:\/\/www.visit-montenegro.com\/wp-content\/uploads\/2026\/01\/petrovac-drone-scaled.jpg\" \/>\n\t<meta property=\"og:image:width\" content=\"1600\" \/>\n\t<meta property=\"og:image:height\" content=\"1198\" \/>\n\t<meta property=\"og:image:type\" content=\"image\/jpeg\" \/>\n<meta name=\"twitter:card\" content=\"summary_large_image\" \/>\n<meta name=\"twitter:site\" content=\"@visitmontenegro\" \/>\n<script type=\"application\/ld+json\" class=\"yoast-schema-graph\">{\"@context\":\"https:\\\/\\\/schema.org\",\"@graph\":[{\"@type\":\"WebPage\",\"@id\":\"https:\\\/\\\/www.visit-montenegro.com\\\/me\\\/destinacije\\\/petrovac\\\/info\\\/\",\"url\":\"https:\\\/\\\/www.visit-montenegro.com\\\/me\\\/destinacije\\\/petrovac\\\/info\\\/\",\"name\":\"Vi\u0161e o Petrovcu - Visit Montenegro\",\"isPartOf\":{\"@id\":\"https:\\\/\\\/www.visit-montenegro.com\\\/me\\\/#website\"},\"primaryImageOfPage\":{\"@id\":\"https:\\\/\\\/www.visit-montenegro.com\\\/me\\\/destinacije\\\/petrovac\\\/info\\\/#primaryimage\"},\"image\":{\"@id\":\"https:\\\/\\\/www.visit-montenegro.com\\\/me\\\/destinacije\\\/petrovac\\\/info\\\/#primaryimage\"},\"thumbnailUrl\":\"https:\\\/\\\/www.visit-montenegro.com\\\/wp-content\\\/uploads\\\/2026\\\/01\\\/petrovac-drone-scaled.jpg\",\"datePublished\":\"2026-01-27T20:44:32+00:00\",\"dateModified\":\"2026-02-22T16:09:05+00:00\",\"description\":\"Istra\u017eite predivne pla\u017ee i kulturna mjesta Petrovca u Crnoj Gori. Dobijte savjete za savr\u0161en odmor na obali uz na\u0161 detaljan vodi\u010d za putovanja.\",\"breadcrumb\":{\"@id\":\"https:\\\/\\\/www.visit-montenegro.com\\\/me\\\/destinacije\\\/petrovac\\\/info\\\/#breadcrumb\"},\"inLanguage\":\"sr-Latn-ME\",\"potentialAction\":[{\"@type\":\"ReadAction\",\"target\":[\"https:\\\/\\\/www.visit-montenegro.com\\\/me\\\/destinacije\\\/petrovac\\\/info\\\/\"]}]},{\"@type\":\"ImageObject\",\"inLanguage\":\"sr-Latn-ME\",\"@id\":\"https:\\\/\\\/www.visit-montenegro.com\\\/me\\\/destinacije\\\/petrovac\\\/info\\\/#primaryimage\",\"url\":\"https:\\\/\\\/www.visit-montenegro.com\\\/wp-content\\\/uploads\\\/2026\\\/01\\\/petrovac-drone-scaled.jpg\",\"contentUrl\":\"https:\\\/\\\/www.visit-montenegro.com\\\/wp-content\\\/uploads\\\/2026\\\/01\\\/petrovac-drone-scaled.jpg\",\"width\":1600,\"height\":1198,\"caption\":\"pogled iz vazduha na staru evropsku varo\u0161 na obali Jadranskog mora, ljeto\"},{\"@type\":\"BreadcrumbList\",\"@id\":\"https:\\\/\\\/www.visit-montenegro.com\\\/me\\\/destinacije\\\/petrovac\\\/info\\\/#breadcrumb\",\"itemListElement\":[{\"@type\":\"ListItem\",\"position\":1,\"name\":\"Home\",\"item\":\"https:\\\/\\\/www.visit-montenegro.com\\\/me\\\/pocetna\\\/\"},{\"@type\":\"ListItem\",\"position\":2,\"name\":\"Turisti\u010dke destinacije u Crnoj Gori\",\"item\":\"https:\\\/\\\/www.visit-montenegro.com\\\/me\\\/destinacije\\\/\"},{\"@type\":\"ListItem\",\"position\":3,\"name\":\"Petrovac\",\"item\":\"https:\\\/\\\/www.visit-montenegro.com\\\/me\\\/destinacije\\\/petrovac\\\/\"},{\"@type\":\"ListItem\",\"position\":4,\"name\":\"Vi\u0161e o Petrovcu\"}]},{\"@type\":\"WebSite\",\"@id\":\"https:\\\/\\\/www.visit-montenegro.com\\\/me\\\/#website\",\"url\":\"https:\\\/\\\/www.visit-montenegro.com\\\/me\\\/\",\"name\":\"Visit Montenegro\",\"description\":\"Breathtaking beauty\",\"publisher\":{\"@id\":\"https:\\\/\\\/www.visit-montenegro.com\\\/me\\\/#organization\"},\"potentialAction\":[{\"@type\":\"SearchAction\",\"target\":{\"@type\":\"EntryPoint\",\"urlTemplate\":\"https:\\\/\\\/www.visit-montenegro.com\\\/me\\\/?s={search_term_string}\"},\"query-input\":{\"@type\":\"PropertyValueSpecification\",\"valueRequired\":true,\"valueName\":\"search_term_string\"}}],\"inLanguage\":\"sr-Latn-ME\"},{\"@type\":\"Organization\",\"@id\":\"https:\\\/\\\/www.visit-montenegro.com\\\/me\\\/#organization\",\"name\":\"Visit Montenegro\",\"url\":\"https:\\\/\\\/www.visit-montenegro.com\\\/me\\\/\",\"logo\":{\"@type\":\"ImageObject\",\"inLanguage\":\"sr-Latn-ME\",\"@id\":\"https:\\\/\\\/www.visit-montenegro.com\\\/me\\\/#\\\/schema\\\/logo\\\/image\\\/\",\"url\":\"https:\\\/\\\/www.visit-montenegro.com\\\/wp-content\\\/uploads\\\/2017\\\/10\\\/logo-amp.png\",\"contentUrl\":\"https:\\\/\\\/www.visit-montenegro.com\\\/wp-content\\\/uploads\\\/2017\\\/10\\\/logo-amp.png\",\"width\":190,\"height\":36,\"caption\":\"Visit Montenegro\"},\"image\":{\"@id\":\"https:\\\/\\\/www.visit-montenegro.com\\\/me\\\/#\\\/schema\\\/logo\\\/image\\\/\"},\"sameAs\":[\"https:\\\/\\\/www.facebook.com\\\/visitmontenegro\",\"https:\\\/\\\/x.com\\\/visitmontenegro\",\"https:\\\/\\\/www.instagram.com\\\/visit_montenegro\\\/\",\"https:\\\/\\\/www.youtube.com\\\/user\\\/VisitMontenegro\"]}]}<\/script>\n<!-- \/ Yoast SEO plugin. -->","yoast_head_json":{"title":"Vi\u0161e o Petrovcu - Visit Montenegro","description":"Istra\u017eite predivne pla\u017ee i kulturna mjesta Petrovca u Crnoj Gori. Dobijte savjete za savr\u0161en odmor na obali uz na\u0161 detaljan vodi\u010d za putovanja.","robots":{"index":"index","follow":"follow","max-snippet":"max-snippet:-1","max-image-preview":"max-image-preview:large","max-video-preview":"max-video-preview:-1"},"canonical":"https:\/\/www.visit-montenegro.com\/me\/destinacije\/petrovac\/info\/","og_locale":"en_US","og_type":"article","og_title":"Vi\u0161e o Petrovcu - Visit Montenegro","og_description":"Istra\u017eite predivne pla\u017ee i kulturna mjesta Petrovca u Crnoj Gori. Dobijte savjete za savr\u0161en odmor na obali uz na\u0161 detaljan vodi\u010d za putovanja.","og_url":"https:\/\/www.visit-montenegro.com\/me\/destinacije\/petrovac\/info\/","og_site_name":"Visit Montenegro","article_publisher":"https:\/\/www.facebook.com\/visitmontenegro","article_modified_time":"2026-02-22T16:09:05+00:00","og_image":[{"width":1600,"height":1198,"url":"https:\/\/www.visit-montenegro.com\/wp-content\/uploads\/2026\/01\/petrovac-drone-scaled.jpg","type":"image\/jpeg"}],"twitter_card":"summary_large_image","twitter_site":"@visitmontenegro","schema":{"@context":"https:\/\/schema.org","@graph":[{"@type":"WebPage","@id":"https:\/\/www.visit-montenegro.com\/me\/destinacije\/petrovac\/info\/","url":"https:\/\/www.visit-montenegro.com\/me\/destinacije\/petrovac\/info\/","name":"Vi\u0161e o Petrovcu - Visit Montenegro","isPartOf":{"@id":"https:\/\/www.visit-montenegro.com\/me\/#website"},"primaryImageOfPage":{"@id":"https:\/\/www.visit-montenegro.com\/me\/destinacije\/petrovac\/info\/#primaryimage"},"image":{"@id":"https:\/\/www.visit-montenegro.com\/me\/destinacije\/petrovac\/info\/#primaryimage"},"thumbnailUrl":"https:\/\/www.visit-montenegro.com\/wp-content\/uploads\/2026\/01\/petrovac-drone-scaled.jpg","datePublished":"2026-01-27T20:44:32+00:00","dateModified":"2026-02-22T16:09:05+00:00","description":"Istra\u017eite predivne pla\u017ee i kulturna mjesta Petrovca u Crnoj Gori. Dobijte savjete za savr\u0161en odmor na obali uz na\u0161 detaljan vodi\u010d za putovanja.","breadcrumb":{"@id":"https:\/\/www.visit-montenegro.com\/me\/destinacije\/petrovac\/info\/#breadcrumb"},"inLanguage":"sr-Latn-ME","potentialAction":[{"@type":"ReadAction","target":["https:\/\/www.visit-montenegro.com\/me\/destinacije\/petrovac\/info\/"]}]},{"@type":"ImageObject","inLanguage":"sr-Latn-ME","@id":"https:\/\/www.visit-montenegro.com\/me\/destinacije\/petrovac\/info\/#primaryimage","url":"https:\/\/www.visit-montenegro.com\/wp-content\/uploads\/2026\/01\/petrovac-drone-scaled.jpg","contentUrl":"https:\/\/www.visit-montenegro.com\/wp-content\/uploads\/2026\/01\/petrovac-drone-scaled.jpg","width":1600,"height":1198,"caption":"pogled iz vazduha na staru evropsku varo\u0161 na obali Jadranskog mora, ljeto"},{"@type":"BreadcrumbList","@id":"https:\/\/www.visit-montenegro.com\/me\/destinacije\/petrovac\/info\/#breadcrumb","itemListElement":[{"@type":"ListItem","position":1,"name":"Home","item":"https:\/\/www.visit-montenegro.com\/me\/pocetna\/"},{"@type":"ListItem","position":2,"name":"Turisti\u010dke destinacije u Crnoj Gori","item":"https:\/\/www.visit-montenegro.com\/me\/destinacije\/"},{"@type":"ListItem","position":3,"name":"Petrovac","item":"https:\/\/www.visit-montenegro.com\/me\/destinacije\/petrovac\/"},{"@type":"ListItem","position":4,"name":"Vi\u0161e o Petrovcu"}]},{"@type":"WebSite","@id":"https:\/\/www.visit-montenegro.com\/me\/#website","url":"https:\/\/www.visit-montenegro.com\/me\/","name":"Visit Montenegro","description":"Breathtaking beauty","publisher":{"@id":"https:\/\/www.visit-montenegro.com\/me\/#organization"},"potentialAction":[{"@type":"SearchAction","target":{"@type":"EntryPoint","urlTemplate":"https:\/\/www.visit-montenegro.com\/me\/?s={search_term_string}"},"query-input":{"@type":"PropertyValueSpecification","valueRequired":true,"valueName":"search_term_string"}}],"inLanguage":"sr-Latn-ME"},{"@type":"Organization","@id":"https:\/\/www.visit-montenegro.com\/me\/#organization","name":"Visit Montenegro","url":"https:\/\/www.visit-montenegro.com\/me\/","logo":{"@type":"ImageObject","inLanguage":"sr-Latn-ME","@id":"https:\/\/www.visit-montenegro.com\/me\/#\/schema\/logo\/image\/","url":"https:\/\/www.visit-montenegro.com\/wp-content\/uploads\/2017\/10\/logo-amp.png","contentUrl":"https:\/\/www.visit-montenegro.com\/wp-content\/uploads\/2017\/10\/logo-amp.png","width":190,"height":36,"caption":"Visit Montenegro"},"image":{"@id":"https:\/\/www.visit-montenegro.com\/me\/#\/schema\/logo\/image\/"},"sameAs":["https:\/\/www.facebook.com\/visitmontenegro","https:\/\/x.com\/visitmontenegro","https:\/\/www.instagram.com\/visit_montenegro\/","https:\/\/www.youtube.com\/user\/VisitMontenegro"]}]}},"translations":[],"_links":{"self":[{"href":"https:\/\/www.visit-montenegro.com\/me\/wp-json\/wp\/v2\/pages\/134947","targetHints":{"allow":["GET"]}}],"collection":[{"href":"https:\/\/www.visit-montenegro.com\/me\/wp-json\/wp\/v2\/pages"}],"about":[{"href":"https:\/\/www.visit-montenegro.com\/me\/wp-json\/wp\/v2\/types\/page"}],"author":[{"embeddable":true,"href":"https:\/\/www.visit-montenegro.com\/me\/wp-json\/wp\/v2\/users\/1"}],"replies":[{"embeddable":true,"href":"https:\/\/www.visit-montenegro.com\/me\/wp-json\/wp\/v2\/comments?post=134947"}],"version-history":[{"count":0,"href":"https:\/\/www.visit-montenegro.com\/me\/wp-json\/wp\/v2\/pages\/134947\/revisions"}],"up":[{"embeddable":true,"href":"https:\/\/www.visit-montenegro.com\/me\/wp-json\/wp\/v2\/pages\/134913"}],"wp:featuredmedia":[{"embeddable":true,"href":"https:\/\/www.visit-montenegro.com\/me\/wp-json\/wp\/v2\/media\/134948"}],"wp:attachment":[{"href":"https:\/\/www.visit-montenegro.com\/me\/wp-json\/wp\/v2\/media?parent=134947"}],"wp:term":[{"taxonomy":"post_tag","embeddable":true,"href":"https:\/\/www.visit-montenegro.com\/me\/wp-json\/wp\/v2\/tags?post=134947"}],"curies":[{"name":"wp","href":"https:\/\/api.w.org\/{rel}","templated":true}]}}