{"id":134955,"date":"2026-01-27T21:44:32","date_gmt":"2026-01-27T20:44:32","guid":{"rendered":"https:\/\/new.visit-montenegro.com\/destinacije\/petrovac\/info\/plaze\/"},"modified":"2026-02-22T17:09:05","modified_gmt":"2026-02-22T16:09:05","slug":"plaze","status":"publish","type":"page","link":"https:\/\/www.visit-montenegro.com\/me\/destinacije\/petrovac\/info\/plaze\/","title":{"rendered":"Pla\u017ee Petrovca"},"content":{"rendered":"\n<p>Pla\u017ee Petrovca nude prelepu lepezu pje\u0161\u010danih obala, kristalno \u010distih voda i slikovitih uvala du\u017e crnogorske obale, savr\u0161ene za porodi\u010dne odmore i opu\u0161taju\u0107e odlaske.<\/p>\n\n<hr class=\"wp-block-separator has-alpha-channel-opacity\"\/>\n\n<h2 class=\"wp-block-heading\">Gradska pla\u017ea Petrovca<\/h2>\n\n<p><a href=\"https:\/\/www.visit-montenegro.com\/me\/destinacije\/petrovac\/\">Petrovac<\/a> ima veoma lepu pje\u0161\u010danu gradsku pla\u017eu koja, zavisno od toga gde planirate da odsednete, mo\u017ee biti samo nekoliko metara od va\u0161eg sme\u0161taja. Pla\u017ea je duga 600 metara i prote\u017ee se od <a href=\"https:\/\/www.visit-montenegro.com\/me\/destinacije\/petrovac\/atrakcije\/tvrdava-lastva\/\">Kule Lastva<\/a> do drugog kraja grada. Shodno tome, gradska pla\u017ea mo\u017ee biti malo gu\u017eva u visokoj sezoni od sredine jula do kraja avgusta, tako da ako planirate svoj odmor tokom tih meseci, pogledajte ostale <strong>pla\u017ee Petrovca<\/strong> ispod.<\/p>\n\n<figure class=\"wp-block-image size-large\"><img loading=\"lazy\" decoding=\"async\" width=\"1024\" height=\"767\" src=\"https:\/\/www.visit-montenegro.com\/wp-content\/uploads\/2026\/01\/petrovac-drone-1024x767.jpg\" alt=\"\" class=\"wp-image-36155\" srcset=\"https:\/\/www.visit-montenegro.com\/wp-content\/uploads\/2026\/01\/petrovac-drone-1024x767.jpg 1024w, https:\/\/www.visit-montenegro.com\/wp-content\/uploads\/2026\/01\/petrovac-drone-300x225.jpg 300w, https:\/\/www.visit-montenegro.com\/wp-content\/uploads\/2026\/01\/petrovac-drone-768x575.jpg 768w, https:\/\/www.visit-montenegro.com\/wp-content\/uploads\/2026\/01\/petrovac-drone-1536x1150.jpg 1536w, https:\/\/www.visit-montenegro.com\/wp-content\/uploads\/2026\/01\/petrovac-drone-1200x899.jpg 1200w, https:\/\/www.visit-montenegro.com\/wp-content\/uploads\/2026\/01\/petrovac-drone-scaled.jpg 1600w\" sizes=\"auto, (max-width: 1024px) 100vw, 1024px\" \/><figcaption class=\"wp-element-caption\">pogled iz vazduha na stari evropski grad na obali Jadranskog mora, leto<\/figcaption><\/figure>\n\n<h2 class=\"wp-block-heading\">Pla\u017ea Lu\u010dice<\/h2>\n\n<p>Pla\u017ea Lu\u010dice je prelepa pje\u0161\u010dana pla\u017ea u divnoj uvali. Kristalno \u010distu vodu nadgleda mediteranska borova \u0161uma, daju\u0107i poseban duh okolini. Mala po veli\u010dini i izuzetno lepa, pla\u017ea je gu\u017eva u sezoni. \u0160tavi\u0161e, dva mala ostrva Kati\u0107 i <a href=\"https:\/\/www.visit-montenegro.com\/me\/destinacije\/petrovac\/atrakcije\/sveta-nedjelja-island\/\">Sveta Nedelja<\/a> dodaju poseban \u0161arm panorami i mogu se posetiti brodom. Posetioci mogu da se osve\u017ee na pla\u017ei, jer su barovi svuda okolo. Tokom sezone, polovina pla\u017ee ima le\u017ealjke i suncobrane za iznajmljivanje, a druga polovina je besplatna. Vodeni tobogan i igrali\u0161te na samom kraju \u010dine je rajem za decu i njihove roditelje.<\/p>\n\n<figure class=\"wp-block-image size-large\"><img loading=\"lazy\" decoding=\"async\" width=\"1024\" height=\"683\" src=\"https:\/\/www.visit-montenegro.com\/wp-content\/uploads\/2026\/01\/petrovac-lucice-beach-1024x683.jpg\" alt=\"\" class=\"wp-image-36159\" srcset=\"https:\/\/www.visit-montenegro.com\/wp-content\/uploads\/2026\/01\/petrovac-lucice-beach-1024x683.jpg 1024w, https:\/\/www.visit-montenegro.com\/wp-content\/uploads\/2026\/01\/petrovac-lucice-beach-300x200.jpg 300w, https:\/\/www.visit-montenegro.com\/wp-content\/uploads\/2026\/01\/petrovac-lucice-beach-768x512.jpg 768w, https:\/\/www.visit-montenegro.com\/wp-content\/uploads\/2026\/01\/petrovac-lucice-beach-1536x1024.jpg 1536w, https:\/\/www.visit-montenegro.com\/wp-content\/uploads\/2026\/01\/petrovac-lucice-beach-1200x800.jpg 1200w, https:\/\/www.visit-montenegro.com\/wp-content\/uploads\/2026\/01\/petrovac-lucice-beach-scaled.jpg 1600w\" sizes=\"auto, (max-width: 1024px) 100vw, 1024px\" \/><figcaption class=\"wp-element-caption\">Pla\u017ea Lu\u010dice, Petrovac<\/figcaption><\/figure>\n\n<h2 class=\"wp-block-heading\">Pla\u017ea Buljarica<\/h2>\n\n<p>Pla\u017ea Buljarica je definitivno jedna od najlep\u0161ih <strong>pla\u017ea Petrovca<\/strong>. Ova 2km duga \u0161ljun\u010dana pla\u017ea ima lepu i mirnu ambijent, savr\u0161enu za porodi\u010dne i opu\u0161taju\u0107e odmore. Mo\u017eete do\u0107i do nje iz Petrovca automobilom za samo nekoliko minuta, sa velikim parking mestom odmah pored pla\u017ee. Zaista, na pla\u017ei postoji nekoliko lepih restorana i pla\u017enih barova, kao i neka igrali\u0161ta za decu.<\/p>\n\n<figure class=\"wp-block-image size-large\"><img loading=\"lazy\" decoding=\"async\" width=\"1024\" height=\"683\" src=\"https:\/\/www.visit-montenegro.com\/wp-content\/uploads\/2026\/01\/budva-beach-buljarica-1024x683.jpg\" alt=\"\" class=\"wp-image-36151\" srcset=\"https:\/\/www.visit-montenegro.com\/wp-content\/uploads\/2026\/01\/budva-beach-buljarica-1024x683.jpg 1024w, https:\/\/www.visit-montenegro.com\/wp-content\/uploads\/2026\/01\/budva-beach-buljarica-300x200.jpg 300w, https:\/\/www.visit-montenegro.com\/wp-content\/uploads\/2026\/01\/budva-beach-buljarica-768x512.jpg 768w, https:\/\/www.visit-montenegro.com\/wp-content\/uploads\/2026\/01\/budva-beach-buljarica-1536x1025.jpg 1536w, https:\/\/www.visit-montenegro.com\/wp-content\/uploads\/2026\/01\/budva-beach-buljarica-1200x801.jpg 1200w, https:\/\/www.visit-montenegro.com\/wp-content\/uploads\/2026\/01\/budva-beach-buljarica-scaled.jpg 1600w\" sizes=\"auto, (max-width: 1024px) 100vw, 1024px\" \/><figcaption class=\"wp-element-caption\">Pla\u017ea Buljarica, Petrovac<\/figcaption><\/figure>\n\n<h2 class=\"wp-block-heading\">Pla\u017ea Perazi\u0107a Do<\/h2>\n\n<p>Pje\u0161\u010dana pla\u017ea u <a href=\"https:\/\/www.visit-montenegro.com\/me\/destinacije\/petrovac\/atrakcije\/perazica-do\/\">Perazi\u0107a Do<\/a> je duga samo nekoliko stotina metara. Me\u0111utim, njena kristalno \u010dista tirkizna voda je \u010dini jednom od vrhunskih <strong>pla\u017ea Petrovca<\/strong> na crnogorskoj obali.<\/p>\n\n<figure class=\"wp-block-image size-large\"><img loading=\"lazy\" decoding=\"async\" width=\"1024\" height=\"767\" src=\"https:\/\/www.visit-montenegro.com\/wp-content\/uploads\/2026\/01\/petrovac-perazica-do-1024x767.jpg\" alt=\"\" class=\"wp-image-36161\" srcset=\"https:\/\/www.visit-montenegro.com\/wp-content\/uploads\/2026\/01\/petrovac-perazica-do-1024x767.jpg 1024w, https:\/\/www.visit-montenegro.com\/wp-content\/uploads\/2026\/01\/petrovac-perazica-do-300x225.jpg 300w, https:\/\/www.visit-montenegro.com\/wp-content\/uploads\/2026\/01\/petrovac-perazica-do-768x575.jpg 768w, https:\/\/www.visit-montenegro.com\/wp-content\/uploads\/2026\/01\/petrovac-perazica-do-1536x1150.jpg 1536w, https:\/\/www.visit-montenegro.com\/wp-content\/uploads\/2026\/01\/petrovac-perazica-do-1200x899.jpg 1200w, https:\/\/www.visit-montenegro.com\/wp-content\/uploads\/2026\/01\/petrovac-perazica-do-scaled.jpg 1600w\" sizes=\"auto, (max-width: 1024px) 100vw, 1024px\" \/><figcaption class=\"wp-element-caption\">Vazdu\u0161ni pogled na pla\u017ee jadranske obale u Crnoj Gori<\/figcaption><\/figure>\n","protected":false},"excerpt":{"rendered":"<p>Otkrijte prekrasne pla\u017ee Petrovca u Crnoj Gori, od pje\u0161\u010danih gradskih obala do slikovitih uvala. Savr\u0161ene za porodi\u010dne odmore i opu\u0161taju\u0107e odlaske, ove pla\u017ee nude kristalno \u010diste vode i prelepe okolice.<\/p>\n","protected":false},"author":1,"featured_media":134956,"parent":134947,"menu_order":0,"comment_status":"closed","ping_status":"closed","template":"","meta":{"_yoast_wpseo_focuskw":"Pla\u017ee Petrovca","_yoast_wpseo_metadesc":"Istra\u017eite najbolje pla\u017ee Petrovca u Crnoj Gori: pje\u0161\u010dane obale, kristalno \u010diste vode i slikovite uvale savr\u0161ene za porodi\u010dne odmore i opu\u0161taju\u0107e odlaske.","_kad_post_transparent":"","_kad_post_title":"","_kad_post_layout":"","_kad_post_sidebar_id":"","_kad_post_content_style":"","_kad_post_vertical_padding":"","_kad_post_feature":"","_kad_post_feature_position":"","_kad_post_header":false,"_kad_post_footer":false,"_kad_post_classname":"","iawp_total_views":19,"footnotes":""},"tags":[],"class_list":["post-134955","page","type-page","status-publish","has-post-thumbnail","hentry"],"yoast_head":"<!-- This site is optimized with the Yoast SEO plugin v27.3 - https:\/\/yoast.com\/product\/yoast-seo-wordpress\/ -->\n<title>Pla\u017ee Petrovca - Visit Montenegro<\/title>\n<meta name=\"description\" content=\"Istra\u017eite najbolje pla\u017ee Petrovca u Crnoj Gori: pje\u0161\u010dane obale, kristalno \u010diste vode i slikovite uvale savr\u0161ene za porodi\u010dne odmore i opu\u0161taju\u0107e odlaske.\" \/>\n<meta name=\"robots\" content=\"index, follow, max-snippet:-1, max-image-preview:large, max-video-preview:-1\" \/>\n<link rel=\"canonical\" href=\"https:\/\/www.visit-montenegro.com\/me\/destinacije\/petrovac\/info\/plaze\/\" \/>\n<meta property=\"og:locale\" content=\"en_US\" \/>\n<meta property=\"og:type\" content=\"article\" \/>\n<meta property=\"og:title\" content=\"Pla\u017ee Petrovca - Visit Montenegro\" \/>\n<meta property=\"og:description\" content=\"Istra\u017eite najbolje pla\u017ee Petrovca u Crnoj Gori: pje\u0161\u010dane obale, kristalno \u010diste vode i slikovite uvale savr\u0161ene za porodi\u010dne odmore i opu\u0161taju\u0107e odlaske.\" \/>\n<meta property=\"og:url\" content=\"https:\/\/www.visit-montenegro.com\/me\/destinacije\/petrovac\/info\/plaze\/\" \/>\n<meta property=\"og:site_name\" content=\"Visit Montenegro\" \/>\n<meta property=\"article:publisher\" content=\"https:\/\/www.facebook.com\/visitmontenegro\" \/>\n<meta property=\"article:modified_time\" content=\"2026-02-22T16:09:05+00:00\" \/>\n<meta property=\"og:image\" content=\"https:\/\/www.visit-montenegro.com\/wp-content\/uploads\/2026\/01\/beach-family-scaled.jpg\" \/>\n\t<meta property=\"og:image:width\" content=\"1600\" \/>\n\t<meta property=\"og:image:height\" content=\"1067\" \/>\n\t<meta property=\"og:image:type\" content=\"image\/jpeg\" \/>\n<meta name=\"twitter:card\" content=\"summary_large_image\" \/>\n<meta name=\"twitter:site\" content=\"@visitmontenegro\" \/>\n<meta name=\"twitter:label1\" content=\"Est. reading time\" \/>\n\t<meta name=\"twitter:data1\" content=\"2 minutes\" \/>\n<script type=\"application\/ld+json\" class=\"yoast-schema-graph\">{\"@context\":\"https:\\\/\\\/schema.org\",\"@graph\":[{\"@type\":\"WebPage\",\"@id\":\"https:\\\/\\\/www.visit-montenegro.com\\\/me\\\/destinacije\\\/petrovac\\\/info\\\/plaze\\\/\",\"url\":\"https:\\\/\\\/www.visit-montenegro.com\\\/me\\\/destinacije\\\/petrovac\\\/info\\\/plaze\\\/\",\"name\":\"Pla\u017ee Petrovca - Visit Montenegro\",\"isPartOf\":{\"@id\":\"https:\\\/\\\/www.visit-montenegro.com\\\/me\\\/#website\"},\"primaryImageOfPage\":{\"@id\":\"https:\\\/\\\/www.visit-montenegro.com\\\/me\\\/destinacije\\\/petrovac\\\/info\\\/plaze\\\/#primaryimage\"},\"image\":{\"@id\":\"https:\\\/\\\/www.visit-montenegro.com\\\/me\\\/destinacije\\\/petrovac\\\/info\\\/plaze\\\/#primaryimage\"},\"thumbnailUrl\":\"https:\\\/\\\/www.visit-montenegro.com\\\/wp-content\\\/uploads\\\/2026\\\/01\\\/beach-family-scaled.jpg\",\"datePublished\":\"2026-01-27T20:44:32+00:00\",\"dateModified\":\"2026-02-22T16:09:05+00:00\",\"description\":\"Istra\u017eite najbolje pla\u017ee Petrovca u Crnoj Gori: pje\u0161\u010dane obale, kristalno \u010diste vode i slikovite uvale savr\u0161ene za porodi\u010dne odmore i opu\u0161taju\u0107e odlaske.\",\"breadcrumb\":{\"@id\":\"https:\\\/\\\/www.visit-montenegro.com\\\/me\\\/destinacije\\\/petrovac\\\/info\\\/plaze\\\/#breadcrumb\"},\"inLanguage\":\"sr-Latn-ME\",\"potentialAction\":[{\"@type\":\"ReadAction\",\"target\":[\"https:\\\/\\\/www.visit-montenegro.com\\\/me\\\/destinacije\\\/petrovac\\\/info\\\/plaze\\\/\"]}]},{\"@type\":\"ImageObject\",\"inLanguage\":\"sr-Latn-ME\",\"@id\":\"https:\\\/\\\/www.visit-montenegro.com\\\/me\\\/destinacije\\\/petrovac\\\/info\\\/plaze\\\/#primaryimage\",\"url\":\"https:\\\/\\\/www.visit-montenegro.com\\\/wp-content\\\/uploads\\\/2026\\\/01\\\/beach-family-scaled.jpg\",\"contentUrl\":\"https:\\\/\\\/www.visit-montenegro.com\\\/wp-content\\\/uploads\\\/2026\\\/01\\\/beach-family-scaled.jpg\",\"width\":1600,\"height\":1067,\"caption\":\"sre\u0107na mlada porodica se zabavlja na pla\u017ei tr\u010di i ska\u010de u zalasku sunca\"},{\"@type\":\"BreadcrumbList\",\"@id\":\"https:\\\/\\\/www.visit-montenegro.com\\\/me\\\/destinacije\\\/petrovac\\\/info\\\/plaze\\\/#breadcrumb\",\"itemListElement\":[{\"@type\":\"ListItem\",\"position\":1,\"name\":\"Home\",\"item\":\"https:\\\/\\\/www.visit-montenegro.com\\\/me\\\/pocetna\\\/\"},{\"@type\":\"ListItem\",\"position\":2,\"name\":\"Turisti\u010dke destinacije u Crnoj Gori\",\"item\":\"https:\\\/\\\/www.visit-montenegro.com\\\/me\\\/destinacije\\\/\"},{\"@type\":\"ListItem\",\"position\":3,\"name\":\"Petrovac\",\"item\":\"https:\\\/\\\/www.visit-montenegro.com\\\/me\\\/destinacije\\\/petrovac\\\/\"},{\"@type\":\"ListItem\",\"position\":4,\"name\":\"Vi\u0161e o Petrovcu\",\"item\":\"https:\\\/\\\/www.visit-montenegro.com\\\/me\\\/destinacije\\\/petrovac\\\/info\\\/\"},{\"@type\":\"ListItem\",\"position\":5,\"name\":\"Pla\u017ee Petrovca\"}]},{\"@type\":\"WebSite\",\"@id\":\"https:\\\/\\\/www.visit-montenegro.com\\\/me\\\/#website\",\"url\":\"https:\\\/\\\/www.visit-montenegro.com\\\/me\\\/\",\"name\":\"Visit Montenegro\",\"description\":\"Breathtaking beauty\",\"publisher\":{\"@id\":\"https:\\\/\\\/www.visit-montenegro.com\\\/me\\\/#organization\"},\"potentialAction\":[{\"@type\":\"SearchAction\",\"target\":{\"@type\":\"EntryPoint\",\"urlTemplate\":\"https:\\\/\\\/www.visit-montenegro.com\\\/me\\\/?s={search_term_string}\"},\"query-input\":{\"@type\":\"PropertyValueSpecification\",\"valueRequired\":true,\"valueName\":\"search_term_string\"}}],\"inLanguage\":\"sr-Latn-ME\"},{\"@type\":\"Organization\",\"@id\":\"https:\\\/\\\/www.visit-montenegro.com\\\/me\\\/#organization\",\"name\":\"Visit Montenegro\",\"url\":\"https:\\\/\\\/www.visit-montenegro.com\\\/me\\\/\",\"logo\":{\"@type\":\"ImageObject\",\"inLanguage\":\"sr-Latn-ME\",\"@id\":\"https:\\\/\\\/www.visit-montenegro.com\\\/me\\\/#\\\/schema\\\/logo\\\/image\\\/\",\"url\":\"https:\\\/\\\/www.visit-montenegro.com\\\/wp-content\\\/uploads\\\/2017\\\/10\\\/logo-amp.png\",\"contentUrl\":\"https:\\\/\\\/www.visit-montenegro.com\\\/wp-content\\\/uploads\\\/2017\\\/10\\\/logo-amp.png\",\"width\":190,\"height\":36,\"caption\":\"Visit Montenegro\"},\"image\":{\"@id\":\"https:\\\/\\\/www.visit-montenegro.com\\\/me\\\/#\\\/schema\\\/logo\\\/image\\\/\"},\"sameAs\":[\"https:\\\/\\\/www.facebook.com\\\/visitmontenegro\",\"https:\\\/\\\/x.com\\\/visitmontenegro\",\"https:\\\/\\\/www.instagram.com\\\/visit_montenegro\\\/\",\"https:\\\/\\\/www.youtube.com\\\/user\\\/VisitMontenegro\"]}]}<\/script>\n<!-- \/ Yoast SEO plugin. -->","yoast_head_json":{"title":"Pla\u017ee Petrovca - Visit Montenegro","description":"Istra\u017eite najbolje pla\u017ee Petrovca u Crnoj Gori: pje\u0161\u010dane obale, kristalno \u010diste vode i slikovite uvale savr\u0161ene za porodi\u010dne odmore i opu\u0161taju\u0107e odlaske.","robots":{"index":"index","follow":"follow","max-snippet":"max-snippet:-1","max-image-preview":"max-image-preview:large","max-video-preview":"max-video-preview:-1"},"canonical":"https:\/\/www.visit-montenegro.com\/me\/destinacije\/petrovac\/info\/plaze\/","og_locale":"en_US","og_type":"article","og_title":"Pla\u017ee Petrovca - Visit Montenegro","og_description":"Istra\u017eite najbolje pla\u017ee Petrovca u Crnoj Gori: pje\u0161\u010dane obale, kristalno \u010diste vode i slikovite uvale savr\u0161ene za porodi\u010dne odmore i opu\u0161taju\u0107e odlaske.","og_url":"https:\/\/www.visit-montenegro.com\/me\/destinacije\/petrovac\/info\/plaze\/","og_site_name":"Visit Montenegro","article_publisher":"https:\/\/www.facebook.com\/visitmontenegro","article_modified_time":"2026-02-22T16:09:05+00:00","og_image":[{"width":1600,"height":1067,"url":"https:\/\/www.visit-montenegro.com\/wp-content\/uploads\/2026\/01\/beach-family-scaled.jpg","type":"image\/jpeg"}],"twitter_card":"summary_large_image","twitter_site":"@visitmontenegro","twitter_misc":{"Est. reading time":"2 minutes"},"schema":{"@context":"https:\/\/schema.org","@graph":[{"@type":"WebPage","@id":"https:\/\/www.visit-montenegro.com\/me\/destinacije\/petrovac\/info\/plaze\/","url":"https:\/\/www.visit-montenegro.com\/me\/destinacije\/petrovac\/info\/plaze\/","name":"Pla\u017ee Petrovca - Visit Montenegro","isPartOf":{"@id":"https:\/\/www.visit-montenegro.com\/me\/#website"},"primaryImageOfPage":{"@id":"https:\/\/www.visit-montenegro.com\/me\/destinacije\/petrovac\/info\/plaze\/#primaryimage"},"image":{"@id":"https:\/\/www.visit-montenegro.com\/me\/destinacije\/petrovac\/info\/plaze\/#primaryimage"},"thumbnailUrl":"https:\/\/www.visit-montenegro.com\/wp-content\/uploads\/2026\/01\/beach-family-scaled.jpg","datePublished":"2026-01-27T20:44:32+00:00","dateModified":"2026-02-22T16:09:05+00:00","description":"Istra\u017eite najbolje pla\u017ee Petrovca u Crnoj Gori: pje\u0161\u010dane obale, kristalno \u010diste vode i slikovite uvale savr\u0161ene za porodi\u010dne odmore i opu\u0161taju\u0107e odlaske.","breadcrumb":{"@id":"https:\/\/www.visit-montenegro.com\/me\/destinacije\/petrovac\/info\/plaze\/#breadcrumb"},"inLanguage":"sr-Latn-ME","potentialAction":[{"@type":"ReadAction","target":["https:\/\/www.visit-montenegro.com\/me\/destinacije\/petrovac\/info\/plaze\/"]}]},{"@type":"ImageObject","inLanguage":"sr-Latn-ME","@id":"https:\/\/www.visit-montenegro.com\/me\/destinacije\/petrovac\/info\/plaze\/#primaryimage","url":"https:\/\/www.visit-montenegro.com\/wp-content\/uploads\/2026\/01\/beach-family-scaled.jpg","contentUrl":"https:\/\/www.visit-montenegro.com\/wp-content\/uploads\/2026\/01\/beach-family-scaled.jpg","width":1600,"height":1067,"caption":"sre\u0107na mlada porodica se zabavlja na pla\u017ei tr\u010di i ska\u010de u zalasku sunca"},{"@type":"BreadcrumbList","@id":"https:\/\/www.visit-montenegro.com\/me\/destinacije\/petrovac\/info\/plaze\/#breadcrumb","itemListElement":[{"@type":"ListItem","position":1,"name":"Home","item":"https:\/\/www.visit-montenegro.com\/me\/pocetna\/"},{"@type":"ListItem","position":2,"name":"Turisti\u010dke destinacije u Crnoj Gori","item":"https:\/\/www.visit-montenegro.com\/me\/destinacije\/"},{"@type":"ListItem","position":3,"name":"Petrovac","item":"https:\/\/www.visit-montenegro.com\/me\/destinacije\/petrovac\/"},{"@type":"ListItem","position":4,"name":"Vi\u0161e o Petrovcu","item":"https:\/\/www.visit-montenegro.com\/me\/destinacije\/petrovac\/info\/"},{"@type":"ListItem","position":5,"name":"Pla\u017ee Petrovca"}]},{"@type":"WebSite","@id":"https:\/\/www.visit-montenegro.com\/me\/#website","url":"https:\/\/www.visit-montenegro.com\/me\/","name":"Visit Montenegro","description":"Breathtaking beauty","publisher":{"@id":"https:\/\/www.visit-montenegro.com\/me\/#organization"},"potentialAction":[{"@type":"SearchAction","target":{"@type":"EntryPoint","urlTemplate":"https:\/\/www.visit-montenegro.com\/me\/?s={search_term_string}"},"query-input":{"@type":"PropertyValueSpecification","valueRequired":true,"valueName":"search_term_string"}}],"inLanguage":"sr-Latn-ME"},{"@type":"Organization","@id":"https:\/\/www.visit-montenegro.com\/me\/#organization","name":"Visit Montenegro","url":"https:\/\/www.visit-montenegro.com\/me\/","logo":{"@type":"ImageObject","inLanguage":"sr-Latn-ME","@id":"https:\/\/www.visit-montenegro.com\/me\/#\/schema\/logo\/image\/","url":"https:\/\/www.visit-montenegro.com\/wp-content\/uploads\/2017\/10\/logo-amp.png","contentUrl":"https:\/\/www.visit-montenegro.com\/wp-content\/uploads\/2017\/10\/logo-amp.png","width":190,"height":36,"caption":"Visit Montenegro"},"image":{"@id":"https:\/\/www.visit-montenegro.com\/me\/#\/schema\/logo\/image\/"},"sameAs":["https:\/\/www.facebook.com\/visitmontenegro","https:\/\/x.com\/visitmontenegro","https:\/\/www.instagram.com\/visit_montenegro\/","https:\/\/www.youtube.com\/user\/VisitMontenegro"]}]}},"translations":[],"_links":{"self":[{"href":"https:\/\/www.visit-montenegro.com\/me\/wp-json\/wp\/v2\/pages\/134955","targetHints":{"allow":["GET"]}}],"collection":[{"href":"https:\/\/www.visit-montenegro.com\/me\/wp-json\/wp\/v2\/pages"}],"about":[{"href":"https:\/\/www.visit-montenegro.com\/me\/wp-json\/wp\/v2\/types\/page"}],"author":[{"embeddable":true,"href":"https:\/\/www.visit-montenegro.com\/me\/wp-json\/wp\/v2\/users\/1"}],"replies":[{"embeddable":true,"href":"https:\/\/www.visit-montenegro.com\/me\/wp-json\/wp\/v2\/comments?post=134955"}],"version-history":[{"count":0,"href":"https:\/\/www.visit-montenegro.com\/me\/wp-json\/wp\/v2\/pages\/134955\/revisions"}],"up":[{"embeddable":true,"href":"https:\/\/www.visit-montenegro.com\/me\/wp-json\/wp\/v2\/pages\/134947"}],"wp:featuredmedia":[{"embeddable":true,"href":"https:\/\/www.visit-montenegro.com\/me\/wp-json\/wp\/v2\/media\/134956"}],"wp:attachment":[{"href":"https:\/\/www.visit-montenegro.com\/me\/wp-json\/wp\/v2\/media?parent=134955"}],"wp:term":[{"taxonomy":"post_tag","embeddable":true,"href":"https:\/\/www.visit-montenegro.com\/me\/wp-json\/wp\/v2\/tags?post=134955"}],"curies":[{"name":"wp","href":"https:\/\/api.w.org\/{rel}","templated":true}]}}