{"id":134969,"date":"2026-01-27T21:44:32","date_gmt":"2026-01-27T20:44:32","guid":{"rendered":"https:\/\/new.visit-montenegro.com\/destinacije\/bar\/atrakcije\/stari-bar\/"},"modified":"2026-02-22T17:09:06","modified_gmt":"2026-02-22T16:09:06","slug":"stari-bar","status":"publish","type":"page","link":"https:\/\/www.visit-montenegro.com\/me\/destinacije\/bar\/atrakcije\/stari-bar\/","title":{"rendered":"Stari Bar"},"content":{"rendered":"\n<p><strong>Stari <a href=\"https:\/\/www.visit-montenegro.com\/me\/destinacije\/bar\/\">Bar<\/a><\/strong> je istorijsko utvr\u0111eno jezgro Bara u Crnoj Gori, smje\u0161teno na strmoj litici 4 km od modernog centra. Sadr\u017ei vjekovne zidine, kapije, crkve i ru\u0161evine, nude\u0107i uvid u bogatu pro\u0161lost regije i teku\u0107e napore revitalizacije.<\/p>\n\n<hr class=\"wp-block-separator has-alpha-channel-opacity\"\/>\n\n<h2 class=\"wp-block-heading\">Istorija i lokacija Starog Bara<\/h2>\n\n<p>Ostati u Baru i ne posjetiti njegov stari dio, odnosno <strong>Stari Bar<\/strong>, isto je kao da uop\u0107e niste bili u tom gradu. <strong>Stari Bar<\/strong> se nalazi 4 kilometra od centra Novog Bara na vrlo strmoj litici u podno\u017eju planine Rumije. Grad je sukcesivno gra\u0111en tokom nekoliko vjekova. Prvenstveno, podru\u010dje koje je <strong>Stari Bar<\/strong> obuhvatao bilo je mnogo bli\u017ee obali, ali zbog \u010destih napada gusara, stanovni\u0161tvo se moralo preseliti u unutra\u0161njost. Posljedi\u010dno, danas je <strong>Stari Bar<\/strong> gotovo 5 kilometara udaljen od mora.<\/p>\n\n<figure class=\"wp-block-image size-full\"><img loading=\"lazy\" decoding=\"async\" width=\"1600\" height=\"1066\" src=\"https:\/\/www.visit-montenegro.com\/wp-content\/uploads\/2026\/01\/bar-old-town-walls-scaled.jpg\" alt=\"\" class=\"wp-image-35993\" srcset=\"https:\/\/www.visit-montenegro.com\/wp-content\/uploads\/2026\/01\/bar-old-town-walls-scaled.jpg 1600w, https:\/\/www.visit-montenegro.com\/wp-content\/uploads\/2026\/01\/bar-old-town-walls-300x200.jpg 300w, https:\/\/www.visit-montenegro.com\/wp-content\/uploads\/2026\/01\/bar-old-town-walls-1024x682.jpg 1024w, https:\/\/www.visit-montenegro.com\/wp-content\/uploads\/2026\/01\/bar-old-town-walls-768x512.jpg 768w, https:\/\/www.visit-montenegro.com\/wp-content\/uploads\/2026\/01\/bar-old-town-walls-1536x1023.jpg 1536w, https:\/\/www.visit-montenegro.com\/wp-content\/uploads\/2026\/01\/bar-old-town-walls-1200x799.jpg 1200w\" sizes=\"auto, (max-width: 1600px) 100vw, 1600px\" \/><figcaption class=\"wp-element-caption\">Gradske zidine, Stari Bar<\/figcaption><\/figure>\n\n<h2 class=\"wp-block-heading\">Arhitektonske i istorijske karakteristike<\/h2>\n\n<p><strong>Stari Bar<\/strong> se sastoji od utvr\u0111enog gradskog jezgra, okru\u017eenog zidinama iz 11. i 12. vijeka, koje su obnovljene u 14. i 15. vijeku. Tokom posjete, vidjet \u0107ete staru gradsku kapiju iz 11. vijeka. Pored kapije nalazi se Citadela, koja je imala isklju\u010divo odbrambeni karakter. Kao dio <strong>Starog Bara<\/strong> anektiran u venecijanskom periodu tokom 15. i ranog 16. vijeka, veliki broj spomenika autenti\u010dno svjedo\u010di o tom vremenu.<\/p>\n\n<figure class=\"wp-block-image size-full\"><img loading=\"lazy\" decoding=\"async\" width=\"1600\" height=\"1067\" src=\"https:\/\/www.visit-montenegro.com\/wp-content\/uploads\/2026\/01\/bar-old-town-mosque-scaled.jpg\" alt=\"\" class=\"wp-image-35991\" srcset=\"https:\/\/www.visit-montenegro.com\/wp-content\/uploads\/2026\/01\/bar-old-town-mosque-scaled.jpg 1600w, https:\/\/www.visit-montenegro.com\/wp-content\/uploads\/2026\/01\/bar-old-town-mosque-300x200.jpg 300w, https:\/\/www.visit-montenegro.com\/wp-content\/uploads\/2026\/01\/bar-old-town-mosque-1024x683.jpg 1024w, https:\/\/www.visit-montenegro.com\/wp-content\/uploads\/2026\/01\/bar-old-town-mosque-768x512.jpg 768w, https:\/\/www.visit-montenegro.com\/wp-content\/uploads\/2026\/01\/bar-old-town-mosque-1536x1024.jpg 1536w, https:\/\/www.visit-montenegro.com\/wp-content\/uploads\/2026\/01\/bar-old-town-mosque-1200x800.jpg 1200w\" sizes=\"auto, (max-width: 1600px) 100vw, 1600px\" \/><figcaption class=\"wp-element-caption\">D\u017eamija u gradu Bar, Crna Gora<\/figcaption><\/figure>\n\n<p>Postoje dvije jo\u0161 uvijek vrlo dobro o\u010duvane crkve: crkva Svete Katarine iz 16. vijeka i crkva Svete Venerande iz 15. vijeka. U starom dijelu grada nalazi se tursko kupatilo\u2014parno kupatilo iz 17. vijeka\u2014barutana i druge zanimljive zgrade. Osim toga, mogu se vidjeti ostaci crkve Sv. Nikole, sagra\u0111ene 1288. godine od strane supruge srpskog cara Uro\u0161a, Jelene An\u017eujske ili Jelene Kurtnejske. Ispod <strong>Starog Bara<\/strong> nalaze se ostaci akvadukta iz 16. i 17. vijeka, kroz koji se voda dovodila u grad.<\/p>\n\n<figure class=\"wp-block-image size-full\"><img loading=\"lazy\" decoding=\"async\" width=\"1600\" height=\"1064\" src=\"https:\/\/www.visit-montenegro.com\/wp-content\/uploads\/2026\/01\/bar-old-town-street-scaled.jpg\" alt=\"\" class=\"wp-image-35992\" srcset=\"https:\/\/www.visit-montenegro.com\/wp-content\/uploads\/2026\/01\/bar-old-town-street-scaled.jpg 1600w, https:\/\/www.visit-montenegro.com\/wp-content\/uploads\/2026\/01\/bar-old-town-street-300x200.jpg 300w, https:\/\/www.visit-montenegro.com\/wp-content\/uploads\/2026\/01\/bar-old-town-street-1024x681.jpg 1024w, https:\/\/www.visit-montenegro.com\/wp-content\/uploads\/2026\/01\/bar-old-town-street-768x511.jpg 768w, https:\/\/www.visit-montenegro.com\/wp-content\/uploads\/2026\/01\/bar-old-town-street-1536x1022.jpg 1536w, https:\/\/www.visit-montenegro.com\/wp-content\/uploads\/2026\/01\/bar-old-town-street-1200x798.jpg 1200w\" sizes=\"auto, (max-width: 1600px) 100vw, 1600px\" \/><figcaption class=\"wp-element-caption\">Stara poplo\u010dana ulica i zgrade turisti\u010dkog centra Bara, Crna Gora<\/figcaption><\/figure>\n\n<h2 class=\"wp-block-heading\">Zajednica i napori revitalizacije<\/h2>\n\n<p><strong>Stari Bar<\/strong>, u kojem danas niko ne \u017eivi, nekada je bio pun stanovnika anga\u017eovanih u raznim vrstama trgovine, poput prodaje maslinovog ulja, soli i zanatskih proizvoda. U <strong>Starom Baru<\/strong> postoji i mjesto zvano Podgrad, koje datira iz srednjeg vijeka, ali je i danas naseljeno. Ova zajednica uklju\u010duje nekoliko starih hanova, prodavnica, zanatskih radnji i mesaru. Zaista, Podgrad uklju\u010duje dvije d\u017eamije i katoli\u010dku crkvu Svete Marije.<\/p>\n\n<p>Posebno posljednjih godina, Dru\u0161tvo prijatelja <strong>Starog Bara<\/strong> i potomci biv\u0161ih porodica pokrenuli su akcije za njegovo o\u017eivljavanje kao drevnog arhitektonskog kompleksa i najstarijeg naselja u podru\u010dju. Od ljeta do ljeta, <strong>Stari Bar<\/strong> je postao vrlo zanimljiv arhitektima, arheolozima i kulturnim radnicima. Oni otkrivaju ideje i kreiraju projekte za revitalizaciju i o\u010duvanje, upoznavaju\u0107i mla\u0111e ljude i turiste sa onim \u0161to je <strong>Stari Bar<\/strong> nekada zna\u010dio.<\/p>\n\n<p>Ako \u017eelite istra\u017eiti okolinu <strong>Starog Bara<\/strong>, preporu\u010dujemo \u0161etnju do Mirovice. Tamo mo\u017eete vidjeti poznato deblo preko 2000-godi\u0161njeg barskog stabla masline.<\/p>\n","protected":false},"excerpt":{"rendered":"<p>Istra\u017eite istorijski Stari Bar u Crnoj Gori, utvr\u0111eno naselje sa drevnim zidinama, crkvama i ru\u0161evinama. Saznajte o njegovoj bogatoj istoriji, teku\u0107im naporima revitalizacije i obli\u017enjim atrakcijama poput 2000-godi\u0161njeg stabla masline.<\/p>\n","protected":false},"author":1,"featured_media":134970,"parent":134964,"menu_order":0,"comment_status":"closed","ping_status":"closed","template":"","meta":{"_yoast_wpseo_focuskw":"Stari Bar","_yoast_wpseo_metadesc":"Otkrijte istorijski Stari Bar u Crnoj Gori: drevne zidine, crkve i ru\u0161evine. Saznajte o njegovoj bogatoj pro\u0161losti i naporima revitalizacije. Planirajte svoj posjet danas!","_kad_post_transparent":"","_kad_post_title":"","_kad_post_layout":"","_kad_post_sidebar_id":"","_kad_post_content_style":"","_kad_post_vertical_padding":"","_kad_post_feature":"","_kad_post_feature_position":"","_kad_post_header":false,"_kad_post_footer":false,"_kad_post_classname":"","iawp_total_views":24,"footnotes":""},"tags":[],"class_list":["post-134969","page","type-page","status-publish","has-post-thumbnail","hentry"],"yoast_head":"<!-- This site is optimized with the Yoast SEO plugin v27.3 - https:\/\/yoast.com\/product\/yoast-seo-wordpress\/ -->\n<title>Stari Bar - Visit Montenegro<\/title>\n<meta name=\"description\" content=\"Otkrijte istorijski Stari Bar u Crnoj Gori: drevne zidine, crkve i ru\u0161evine. Saznajte o njegovoj bogatoj pro\u0161losti i naporima revitalizacije. Planirajte svoj posjet danas!\" \/>\n<meta name=\"robots\" content=\"index, follow, max-snippet:-1, max-image-preview:large, max-video-preview:-1\" \/>\n<link rel=\"canonical\" href=\"https:\/\/www.visit-montenegro.com\/me\/destinacije\/bar\/atrakcije\/stari-bar\/\" \/>\n<meta property=\"og:locale\" content=\"en_US\" \/>\n<meta property=\"og:type\" content=\"article\" \/>\n<meta property=\"og:title\" content=\"Stari Bar - Visit Montenegro\" \/>\n<meta property=\"og:description\" content=\"Otkrijte istorijski Stari Bar u Crnoj Gori: drevne zidine, crkve i ru\u0161evine. Saznajte o njegovoj bogatoj pro\u0161losti i naporima revitalizacije. Planirajte svoj posjet danas!\" \/>\n<meta property=\"og:url\" content=\"https:\/\/www.visit-montenegro.com\/me\/destinacije\/bar\/atrakcije\/stari-bar\/\" \/>\n<meta property=\"og:site_name\" content=\"Visit Montenegro\" \/>\n<meta property=\"article:publisher\" content=\"https:\/\/www.facebook.com\/visitmontenegro\" \/>\n<meta property=\"article:modified_time\" content=\"2026-02-22T16:09:06+00:00\" \/>\n<meta property=\"og:image\" content=\"https:\/\/www.visit-montenegro.com\/wp-content\/uploads\/2026\/01\/bar-old-town-01-scaled.jpg\" \/>\n\t<meta property=\"og:image:width\" content=\"1600\" \/>\n\t<meta property=\"og:image:height\" content=\"1068\" \/>\n\t<meta property=\"og:image:type\" content=\"image\/jpeg\" \/>\n<meta name=\"twitter:card\" content=\"summary_large_image\" \/>\n<meta name=\"twitter:site\" content=\"@visitmontenegro\" \/>\n<meta name=\"twitter:label1\" content=\"Est. reading time\" \/>\n\t<meta name=\"twitter:data1\" content=\"2 minutes\" \/>\n<script type=\"application\/ld+json\" class=\"yoast-schema-graph\">{\"@context\":\"https:\\\/\\\/schema.org\",\"@graph\":[{\"@type\":\"WebPage\",\"@id\":\"https:\\\/\\\/www.visit-montenegro.com\\\/me\\\/destinacije\\\/bar\\\/atrakcije\\\/stari-bar\\\/\",\"url\":\"https:\\\/\\\/www.visit-montenegro.com\\\/me\\\/destinacije\\\/bar\\\/atrakcije\\\/stari-bar\\\/\",\"name\":\"Stari Bar - Visit Montenegro\",\"isPartOf\":{\"@id\":\"https:\\\/\\\/www.visit-montenegro.com\\\/me\\\/#website\"},\"primaryImageOfPage\":{\"@id\":\"https:\\\/\\\/www.visit-montenegro.com\\\/me\\\/destinacije\\\/bar\\\/atrakcije\\\/stari-bar\\\/#primaryimage\"},\"image\":{\"@id\":\"https:\\\/\\\/www.visit-montenegro.com\\\/me\\\/destinacije\\\/bar\\\/atrakcije\\\/stari-bar\\\/#primaryimage\"},\"thumbnailUrl\":\"https:\\\/\\\/www.visit-montenegro.com\\\/wp-content\\\/uploads\\\/2026\\\/01\\\/bar-old-town-01-scaled.jpg\",\"datePublished\":\"2026-01-27T20:44:32+00:00\",\"dateModified\":\"2026-02-22T16:09:06+00:00\",\"description\":\"Otkrijte istorijski Stari Bar u Crnoj Gori: drevne zidine, crkve i ru\u0161evine. Saznajte o njegovoj bogatoj pro\u0161losti i naporima revitalizacije. Planirajte svoj posjet danas!\",\"breadcrumb\":{\"@id\":\"https:\\\/\\\/www.visit-montenegro.com\\\/me\\\/destinacije\\\/bar\\\/atrakcije\\\/stari-bar\\\/#breadcrumb\"},\"inLanguage\":\"sr-Latn-ME\",\"potentialAction\":[{\"@type\":\"ReadAction\",\"target\":[\"https:\\\/\\\/www.visit-montenegro.com\\\/me\\\/destinacije\\\/bar\\\/atrakcije\\\/stari-bar\\\/\"]}]},{\"@type\":\"ImageObject\",\"inLanguage\":\"sr-Latn-ME\",\"@id\":\"https:\\\/\\\/www.visit-montenegro.com\\\/me\\\/destinacije\\\/bar\\\/atrakcije\\\/stari-bar\\\/#primaryimage\",\"url\":\"https:\\\/\\\/www.visit-montenegro.com\\\/wp-content\\\/uploads\\\/2026\\\/01\\\/bar-old-town-01-scaled.jpg\",\"contentUrl\":\"https:\\\/\\\/www.visit-montenegro.com\\\/wp-content\\\/uploads\\\/2026\\\/01\\\/bar-old-town-01-scaled.jpg\",\"width\":1600,\"height\":1068,\"caption\":\"Drevne kamene ru\u0161evine i sat-kula u Starom Baru na obla\u010dnom planinskom pejza\u017eu, Crna Gora. Panoramski pogled na Stari Bar - razru\u0161eni srednjovjekovni grad na jadranskoj obali, Unesco-va svjetska ba\u0161tina.\"},{\"@type\":\"BreadcrumbList\",\"@id\":\"https:\\\/\\\/www.visit-montenegro.com\\\/me\\\/destinacije\\\/bar\\\/atrakcije\\\/stari-bar\\\/#breadcrumb\",\"itemListElement\":[{\"@type\":\"ListItem\",\"position\":1,\"name\":\"Home\",\"item\":\"https:\\\/\\\/www.visit-montenegro.com\\\/me\\\/pocetna\\\/\"},{\"@type\":\"ListItem\",\"position\":2,\"name\":\"Turisti\u010dke destinacije u Crnoj Gori\",\"item\":\"https:\\\/\\\/www.visit-montenegro.com\\\/me\\\/destinacije\\\/\"},{\"@type\":\"ListItem\",\"position\":3,\"name\":\"Bar\",\"item\":\"https:\\\/\\\/www.visit-montenegro.com\\\/me\\\/destinacije\\\/bar\\\/\"},{\"@type\":\"ListItem\",\"position\":4,\"name\":\"Atrakcije Bara\",\"item\":\"https:\\\/\\\/www.visit-montenegro.com\\\/me\\\/destinacije\\\/bar\\\/atrakcije\\\/\"},{\"@type\":\"ListItem\",\"position\":5,\"name\":\"Stari Bar\"}]},{\"@type\":\"WebSite\",\"@id\":\"https:\\\/\\\/www.visit-montenegro.com\\\/me\\\/#website\",\"url\":\"https:\\\/\\\/www.visit-montenegro.com\\\/me\\\/\",\"name\":\"Visit Montenegro\",\"description\":\"Breathtaking beauty\",\"publisher\":{\"@id\":\"https:\\\/\\\/www.visit-montenegro.com\\\/me\\\/#organization\"},\"potentialAction\":[{\"@type\":\"SearchAction\",\"target\":{\"@type\":\"EntryPoint\",\"urlTemplate\":\"https:\\\/\\\/www.visit-montenegro.com\\\/me\\\/?s={search_term_string}\"},\"query-input\":{\"@type\":\"PropertyValueSpecification\",\"valueRequired\":true,\"valueName\":\"search_term_string\"}}],\"inLanguage\":\"sr-Latn-ME\"},{\"@type\":\"Organization\",\"@id\":\"https:\\\/\\\/www.visit-montenegro.com\\\/me\\\/#organization\",\"name\":\"Visit Montenegro\",\"url\":\"https:\\\/\\\/www.visit-montenegro.com\\\/me\\\/\",\"logo\":{\"@type\":\"ImageObject\",\"inLanguage\":\"sr-Latn-ME\",\"@id\":\"https:\\\/\\\/www.visit-montenegro.com\\\/me\\\/#\\\/schema\\\/logo\\\/image\\\/\",\"url\":\"https:\\\/\\\/www.visit-montenegro.com\\\/wp-content\\\/uploads\\\/2017\\\/10\\\/logo-amp.png\",\"contentUrl\":\"https:\\\/\\\/www.visit-montenegro.com\\\/wp-content\\\/uploads\\\/2017\\\/10\\\/logo-amp.png\",\"width\":190,\"height\":36,\"caption\":\"Visit Montenegro\"},\"image\":{\"@id\":\"https:\\\/\\\/www.visit-montenegro.com\\\/me\\\/#\\\/schema\\\/logo\\\/image\\\/\"},\"sameAs\":[\"https:\\\/\\\/www.facebook.com\\\/visitmontenegro\",\"https:\\\/\\\/x.com\\\/visitmontenegro\",\"https:\\\/\\\/www.instagram.com\\\/visit_montenegro\\\/\",\"https:\\\/\\\/www.youtube.com\\\/user\\\/VisitMontenegro\"]}]}<\/script>\n<!-- \/ Yoast SEO plugin. -->","yoast_head_json":{"title":"Stari Bar - Visit Montenegro","description":"Otkrijte istorijski Stari Bar u Crnoj Gori: drevne zidine, crkve i ru\u0161evine. Saznajte o njegovoj bogatoj pro\u0161losti i naporima revitalizacije. Planirajte svoj posjet danas!","robots":{"index":"index","follow":"follow","max-snippet":"max-snippet:-1","max-image-preview":"max-image-preview:large","max-video-preview":"max-video-preview:-1"},"canonical":"https:\/\/www.visit-montenegro.com\/me\/destinacije\/bar\/atrakcije\/stari-bar\/","og_locale":"en_US","og_type":"article","og_title":"Stari Bar - Visit Montenegro","og_description":"Otkrijte istorijski Stari Bar u Crnoj Gori: drevne zidine, crkve i ru\u0161evine. Saznajte o njegovoj bogatoj pro\u0161losti i naporima revitalizacije. Planirajte svoj posjet danas!","og_url":"https:\/\/www.visit-montenegro.com\/me\/destinacije\/bar\/atrakcije\/stari-bar\/","og_site_name":"Visit Montenegro","article_publisher":"https:\/\/www.facebook.com\/visitmontenegro","article_modified_time":"2026-02-22T16:09:06+00:00","og_image":[{"width":1600,"height":1068,"url":"https:\/\/www.visit-montenegro.com\/wp-content\/uploads\/2026\/01\/bar-old-town-01-scaled.jpg","type":"image\/jpeg"}],"twitter_card":"summary_large_image","twitter_site":"@visitmontenegro","twitter_misc":{"Est. reading time":"2 minutes"},"schema":{"@context":"https:\/\/schema.org","@graph":[{"@type":"WebPage","@id":"https:\/\/www.visit-montenegro.com\/me\/destinacije\/bar\/atrakcije\/stari-bar\/","url":"https:\/\/www.visit-montenegro.com\/me\/destinacije\/bar\/atrakcije\/stari-bar\/","name":"Stari Bar - Visit Montenegro","isPartOf":{"@id":"https:\/\/www.visit-montenegro.com\/me\/#website"},"primaryImageOfPage":{"@id":"https:\/\/www.visit-montenegro.com\/me\/destinacije\/bar\/atrakcije\/stari-bar\/#primaryimage"},"image":{"@id":"https:\/\/www.visit-montenegro.com\/me\/destinacije\/bar\/atrakcije\/stari-bar\/#primaryimage"},"thumbnailUrl":"https:\/\/www.visit-montenegro.com\/wp-content\/uploads\/2026\/01\/bar-old-town-01-scaled.jpg","datePublished":"2026-01-27T20:44:32+00:00","dateModified":"2026-02-22T16:09:06+00:00","description":"Otkrijte istorijski Stari Bar u Crnoj Gori: drevne zidine, crkve i ru\u0161evine. Saznajte o njegovoj bogatoj pro\u0161losti i naporima revitalizacije. Planirajte svoj posjet danas!","breadcrumb":{"@id":"https:\/\/www.visit-montenegro.com\/me\/destinacije\/bar\/atrakcije\/stari-bar\/#breadcrumb"},"inLanguage":"sr-Latn-ME","potentialAction":[{"@type":"ReadAction","target":["https:\/\/www.visit-montenegro.com\/me\/destinacije\/bar\/atrakcije\/stari-bar\/"]}]},{"@type":"ImageObject","inLanguage":"sr-Latn-ME","@id":"https:\/\/www.visit-montenegro.com\/me\/destinacije\/bar\/atrakcije\/stari-bar\/#primaryimage","url":"https:\/\/www.visit-montenegro.com\/wp-content\/uploads\/2026\/01\/bar-old-town-01-scaled.jpg","contentUrl":"https:\/\/www.visit-montenegro.com\/wp-content\/uploads\/2026\/01\/bar-old-town-01-scaled.jpg","width":1600,"height":1068,"caption":"Drevne kamene ru\u0161evine i sat-kula u Starom Baru na obla\u010dnom planinskom pejza\u017eu, Crna Gora. Panoramski pogled na Stari Bar - razru\u0161eni srednjovjekovni grad na jadranskoj obali, Unesco-va svjetska ba\u0161tina."},{"@type":"BreadcrumbList","@id":"https:\/\/www.visit-montenegro.com\/me\/destinacije\/bar\/atrakcije\/stari-bar\/#breadcrumb","itemListElement":[{"@type":"ListItem","position":1,"name":"Home","item":"https:\/\/www.visit-montenegro.com\/me\/pocetna\/"},{"@type":"ListItem","position":2,"name":"Turisti\u010dke destinacije u Crnoj Gori","item":"https:\/\/www.visit-montenegro.com\/me\/destinacije\/"},{"@type":"ListItem","position":3,"name":"Bar","item":"https:\/\/www.visit-montenegro.com\/me\/destinacije\/bar\/"},{"@type":"ListItem","position":4,"name":"Atrakcije Bara","item":"https:\/\/www.visit-montenegro.com\/me\/destinacije\/bar\/atrakcije\/"},{"@type":"ListItem","position":5,"name":"Stari Bar"}]},{"@type":"WebSite","@id":"https:\/\/www.visit-montenegro.com\/me\/#website","url":"https:\/\/www.visit-montenegro.com\/me\/","name":"Visit Montenegro","description":"Breathtaking beauty","publisher":{"@id":"https:\/\/www.visit-montenegro.com\/me\/#organization"},"potentialAction":[{"@type":"SearchAction","target":{"@type":"EntryPoint","urlTemplate":"https:\/\/www.visit-montenegro.com\/me\/?s={search_term_string}"},"query-input":{"@type":"PropertyValueSpecification","valueRequired":true,"valueName":"search_term_string"}}],"inLanguage":"sr-Latn-ME"},{"@type":"Organization","@id":"https:\/\/www.visit-montenegro.com\/me\/#organization","name":"Visit Montenegro","url":"https:\/\/www.visit-montenegro.com\/me\/","logo":{"@type":"ImageObject","inLanguage":"sr-Latn-ME","@id":"https:\/\/www.visit-montenegro.com\/me\/#\/schema\/logo\/image\/","url":"https:\/\/www.visit-montenegro.com\/wp-content\/uploads\/2017\/10\/logo-amp.png","contentUrl":"https:\/\/www.visit-montenegro.com\/wp-content\/uploads\/2017\/10\/logo-amp.png","width":190,"height":36,"caption":"Visit Montenegro"},"image":{"@id":"https:\/\/www.visit-montenegro.com\/me\/#\/schema\/logo\/image\/"},"sameAs":["https:\/\/www.facebook.com\/visitmontenegro","https:\/\/x.com\/visitmontenegro","https:\/\/www.instagram.com\/visit_montenegro\/","https:\/\/www.youtube.com\/user\/VisitMontenegro"]}]}},"translations":[],"_links":{"self":[{"href":"https:\/\/www.visit-montenegro.com\/me\/wp-json\/wp\/v2\/pages\/134969","targetHints":{"allow":["GET"]}}],"collection":[{"href":"https:\/\/www.visit-montenegro.com\/me\/wp-json\/wp\/v2\/pages"}],"about":[{"href":"https:\/\/www.visit-montenegro.com\/me\/wp-json\/wp\/v2\/types\/page"}],"author":[{"embeddable":true,"href":"https:\/\/www.visit-montenegro.com\/me\/wp-json\/wp\/v2\/users\/1"}],"replies":[{"embeddable":true,"href":"https:\/\/www.visit-montenegro.com\/me\/wp-json\/wp\/v2\/comments?post=134969"}],"version-history":[{"count":0,"href":"https:\/\/www.visit-montenegro.com\/me\/wp-json\/wp\/v2\/pages\/134969\/revisions"}],"up":[{"embeddable":true,"href":"https:\/\/www.visit-montenegro.com\/me\/wp-json\/wp\/v2\/pages\/134964"}],"wp:featuredmedia":[{"embeddable":true,"href":"https:\/\/www.visit-montenegro.com\/me\/wp-json\/wp\/v2\/media\/134970"}],"wp:attachment":[{"href":"https:\/\/www.visit-montenegro.com\/me\/wp-json\/wp\/v2\/media?parent=134969"}],"wp:term":[{"taxonomy":"post_tag","embeddable":true,"href":"https:\/\/www.visit-montenegro.com\/me\/wp-json\/wp\/v2\/tags?post=134969"}],"curies":[{"name":"wp","href":"https:\/\/api.w.org\/{rel}","templated":true}]}}