{"id":134981,"date":"2026-01-27T21:44:32","date_gmt":"2026-01-27T20:44:32","guid":{"rendered":"https:\/\/new.visit-montenegro.com\/destinacije\/bar\/atrakcije\/virpazar\/"},"modified":"2026-02-22T17:09:06","modified_gmt":"2026-02-22T16:09:06","slug":"virpazar","status":"publish","type":"page","link":"https:\/\/www.visit-montenegro.com\/me\/destinacije\/bar\/atrakcije\/virpazar\/","title":{"rendered":"Virpazar"},"content":{"rendered":"\n<p>Virpazar je slikoviti crnogorski grad na Skadarskom jezeru, istorijski poznat po bu\u010dnoj pijaci, a danas mirno odmarali\u0161te koje nudi slikovitu lepotu, brodske obilaske i bogatu lokalnu kulturu, idealno za beg od letnjih gu\u017evi.<\/p>\n\n<hr class=\"wp-block-separator has-alpha-channel-opacity\"\/>\n\n<h2 class=\"wp-block-heading\">Otkri\u0107e Virpazara: Povla\u010denje tokom cele godine<\/h2>\n\n<p>Ako \u017eelite da pobegnete od letnje vru\u0107ine i gu\u017eve koja vlada i na pla\u017eama i u celom gradu, preporu\u010dujemo da se iz Bara kroz tunel Sozina, sopstvenim autom ili turisti\u010dkim taksijem ili kombi prevozom, uputite na mesto zvano <strong>Virpazar<\/strong>. To je slikovito mesto, a u pro\u0161losti je bilo poznato po najve\u0107oj crnogorskoj pijaci. Danas je <strong>Virpazar<\/strong> tako\u0111e poznato odmarali\u0161te, a u pro\u0161losti je bio tranzitna stanica za krstarenje preko <a href=\"https:\/\/www.visit-montenegro.com\/me\/destinacije\/podgorica\/atrakcije\/skadarsko-jezero\/\">Skadarskog jezera<\/a>.<\/p>\n\n<p>Mnogi poznati i manje poznati ljudi, koji su do\u0161li u <strong>Virpazar<\/strong>, stalno su se vra\u0107ali, jer je to lepo mesto, koje jednostavno privla\u010di ljude i u toplim letnjim danima, kao i u ranoj jeseni i prole\u0107u. Tako\u0111e u hladnim zimskim danima, sivim od ki\u0161e ili prvog snega, <strong>Virpazar<\/strong> izgleda privla\u010dno. Porodi\u010dne ku\u0107e iz kojih se vidi dim koji izlazi iz dimnjaka, koji greje dom tokom zime, brojni kanui, teglenice i ve\u0107i taksi brodovi, koji obi\u010dno prevoze turiste koji \u017eele da vide lepote Skadarskog jezera, stoje vezani za obalu, a samo neki vredni i uporni stanovnik <strong>Virpazara<\/strong>, poku\u0161ava da krene na jezersku vodu u nadi da \u0107e u svojoj mre\u017ei na\u0107i brojne: \u0161arane, ukljeve ili neku jegulju. Ipak, svu magiju <strong>Virpazara<\/strong> ili Vira, kako se to mesto zvalo u pro\u0161losti, najbolje \u0107ete do\u017eiveti tokom leta.<\/p>\n\n<figure class=\"wp-block-image size-large\"><img loading=\"lazy\" decoding=\"async\" width=\"1024\" height=\"683\" src=\"https:\/\/www.visit-montenegro.com\/wp-content\/uploads\/2026\/01\/virpazar-02-1024x683.jpg\" alt=\"\" class=\"wp-image-36137\" srcset=\"https:\/\/www.visit-montenegro.com\/wp-content\/uploads\/2026\/01\/virpazar-02-1024x683.jpg 1024w, https:\/\/www.visit-montenegro.com\/wp-content\/uploads\/2026\/01\/virpazar-02-300x200.jpg 300w, https:\/\/www.visit-montenegro.com\/wp-content\/uploads\/2026\/01\/virpazar-02-768x512.jpg 768w, https:\/\/www.visit-montenegro.com\/wp-content\/uploads\/2026\/01\/virpazar-02-1536x1024.jpg 1536w, https:\/\/www.visit-montenegro.com\/wp-content\/uploads\/2026\/01\/virpazar-02-1200x800.jpg 1200w, https:\/\/www.visit-montenegro.com\/wp-content\/uploads\/2026\/01\/virpazar-02-scaled.jpg 1600w\" sizes=\"auto, (max-width: 1024px) 100vw, 1024px\" \/><figcaption class=\"wp-element-caption\">grad Virpazar na Skadarskom jezeru u Crnoj Gori na Balkanu u isto\u010dnoj Evropi.<\/figcaption><\/figure>\n\n<h2 class=\"wp-block-heading\">Istra\u017eivanje Skadarskog jezera: Prirodno i istorijsko putovanje<\/h2>\n\n<p>Bilo da boravite u hotelu &#8220;13. juli&#8221; ili ako ste udobno sme\u0161teni u poznatom motelu &#8220;Pelikan&#8221;, brzo \u0107ete napustiti hotelsku sobu, jer \u0107e vas poziv Skadarskog jezera i njegovih brojnih istorijskih spomenika odmah povu\u0107i na krstarenje. Kada se ukrcate na jedan od turisti\u010dkih taksija ispod nekada izgra\u0111enog mosta, kapetan i u isto vreme vodi\u010d, ve\u0161to upravljaju\u0107i plovilom, poku\u0161a\u0107e vam da objasni, na najbolji mogu\u0107i na\u010din, pro\u0161lost <strong>Virpazara<\/strong> i Skadarskog jezera, i vrlo \u010desto na nekoliko stranih jezika.<\/p>\n\n<p>Upozna\u0107e vas sa nekim detaljima kao \u0161to je: \u010dinjenica da je Skadarsko jezero najve\u0107e jezero na Balkanu, i drugo po veli\u010dini u Evropi. Sazna\u0107ete da na jezeru ima 200 razli\u010ditih vrsta ptica. Zbog te \u010dinjenice, poslednjih godina, posebno me\u0111u turistima, promatranje ptica je vrlo razvijeno ili posmatranje ptica \u2013 dalekozorima ili posebnom opremom namenjenom za pra\u0107enje njihovog pravca leta.<\/p>\n\n<figure class=\"wp-block-image size-large\"><img loading=\"lazy\" decoding=\"async\" width=\"1024\" height=\"678\" src=\"https:\/\/www.visit-montenegro.com\/wp-content\/uploads\/2026\/01\/lake-skadar-pelikan-1024x678.jpg\" alt=\"\" class=\"wp-image-36133\" srcset=\"https:\/\/www.visit-montenegro.com\/wp-content\/uploads\/2026\/01\/lake-skadar-pelikan-1024x678.jpg 1024w, https:\/\/www.visit-montenegro.com\/wp-content\/uploads\/2026\/01\/lake-skadar-pelikan-300x199.jpg 300w, https:\/\/www.visit-montenegro.com\/wp-content\/uploads\/2026\/01\/lake-skadar-pelikan-768x508.jpg 768w, https:\/\/www.visit-montenegro.com\/wp-content\/uploads\/2026\/01\/lake-skadar-pelikan-1536x1017.jpg 1536w, https:\/\/www.visit-montenegro.com\/wp-content\/uploads\/2026\/01\/lake-skadar-pelikan-1200x794.jpg 1200w, https:\/\/www.visit-montenegro.com\/wp-content\/uploads\/2026\/01\/lake-skadar-pelikan-scaled.jpg 1600w\" sizes=\"auto, (max-width: 1024px) 100vw, 1024px\" \/><figcaption class=\"wp-element-caption\">Pelikan na Skadarskom jezeru<\/figcaption><\/figure>\n\n<p>Skadarsko jezero danas je najve\u0107e naselje pelikana u Evropi. Tu ima 12 vrsta \u0161ljuka, 3 vrste pataka i 160 vi\u0161e drugih vrsta ptica. Me\u0111u pti\u010djim stanovnicima u regionu Skadarskog jezera imamo: kormorane, galebove, razne vrste pataka, guske i fazane. \u010cesto mo\u017eete videti rode, \u010daplje (bele, \u017eute i sive), gnjurce i druge vrste ptica, koje su retke u svetu, a \u010desto se nalaze ovde. Na Skadarskom jezeru ribolov je vrlo \u010dest. Ribe koje se naj\u010de\u0161\u0107e love su \u0161arani i jegulje. Voze\u0107i se preko jezera, mo\u017eete sresti lepu floru. Ako izrazite \u017eelju, kapetan \u0107e usporiti na trenutak, kako biste lako mogli da ubacite lopo\u010d ili lepi beli lotosov cvet koji se mo\u017ee na\u0107i po celom jezeru.<\/p>\n\n<p>Pored dekorativnih stabila procvetalog trska, se\u0107anje na boravak u ekolo\u0161kim podru\u010djima Skadarskog jezera bi\u0107e i suvenir kao \u0161to je kasoranja (crni, nepravilnog oblika \u010dekinjasti plod), odnosno morski orah. Uobi\u010dajeni turisti\u010dki obilazak jezera, podrazumeva zaustavljanje kod ostrva Grmo\u017eur \u2013 koje je nekada bilo zatvor, zatim posetu crkvama \u010diji su ktitori bili stari crnogorski vladari Bal\u0161i\u0107i, posetu pla\u017ei zvanoj Muri\u0107i gde se mo\u017eete osve\u017eiti u jezerskoj vodi, odmoriti pod stogodi\u0161njim drve\u0107em ili odahnuti uz divan jezerski ru\u010dak (obi\u010dno gusta riblja \u010dorba i pe\u010deni \u0161aran)!<\/p>\n\n<figure class=\"wp-block-image size-large\"><img loading=\"lazy\" decoding=\"async\" width=\"1024\" height=\"685\" src=\"https:\/\/www.visit-montenegro.com\/wp-content\/uploads\/2026\/01\/lake-skadar-murici-beach-02-1024x685.jpg\" alt=\"\" class=\"wp-image-36130\" srcset=\"https:\/\/www.visit-montenegro.com\/wp-content\/uploads\/2026\/01\/lake-skadar-murici-beach-02-1024x685.jpg 1024w, https:\/\/www.visit-montenegro.com\/wp-content\/uploads\/2026\/01\/lake-skadar-murici-beach-02-300x201.jpg 300w, https:\/\/www.visit-montenegro.com\/wp-content\/uploads\/2026\/01\/lake-skadar-murici-beach-02-768x514.jpg 768w, https:\/\/www.visit-montenegro.com\/wp-content\/uploads\/2026\/01\/lake-skadar-murici-beach-02-1536x1028.jpg 1536w, https:\/\/www.visit-montenegro.com\/wp-content\/uploads\/2026\/01\/lake-skadar-murici-beach-02-1200x803.jpg 1200w, https:\/\/www.visit-montenegro.com\/wp-content\/uploads\/2026\/01\/lake-skadar-murici-beach-02-scaled.jpg 1600w\" sizes=\"auto, (max-width: 1024px) 100vw, 1024px\" \/><figcaption class=\"wp-element-caption\">NACIONALNI PARK SKADARSKO JEZERO, CRNA GORA &#8211; 8. AVGUST 2009: Turisti se opu\u0161taju na pla\u017ei prekrasnog planinskog jezera Skadar, jednog od mnogih popularnih destinacija u Crnoj Gori<\/figcaption><\/figure>\n\n<p>Na povratku u <strong>Virpazar<\/strong>, kapetan \u0107e predlo\u017eiti kupanje u vodi gde je jezero najtoplije, tako\u0111e \u0107e predlo\u017eiti posmatranje retkih vrsta ptica, razgledanje starih crkava\u2026 i kada zadovoljni onim \u0161to ste videli vratite se u <strong>Virpazar<\/strong>, preporu\u010dujemo da neminovno posetite motel &#8220;Pelikan&#8221; jer, pored izvanrednih jezerskih specijaliteta kao \u0161to su: gusta riblja \u010dorba, dimljena ili pe\u010dena riba, doma\u0107i hleb\u2026, ljubazni doma\u0107ini \u0107e vam poslu\u017eiti ne\u0161to drugo. Enterijer restorana, koji je u motelu, svedo\u010di o ribarskom \u017eivotu ovog regiona. Po zidima su obe\u0161eni razni \u0161e\u0161iri, aromati\u010dne i lekovite biljke, stari predmeti\u2026<\/p>\n\n<p>Ako primetite da je motel &#8220;Pelikan&#8221; neobi\u010dno zanimljivo mesto i to javno ka\u017eete, doma\u0107ini \u0107e vas odvesti u skriveno mesto zvano Od\u017eaklija (Ku\u0107a dimnjaka), staru ku\u0107u koja se nalazi u potkrovlju hotela. O tom mestu otkri\u0107emo samo toliko da pored pro\u0161losti Crne Gore, alata, oru\u017eja i narodnih no\u0161nji tu su na primer \u010duvani mnogi stari predmeti, neki \u010dak i nekoliko vekova stari. Ostatak pri\u010de \u017eelimo da sami otkrijete i do\u017eivite. I naravno da u\u017eivate!<\/p>\n","protected":false},"excerpt":{"rendered":"<p>Pobegnite u Virpazar, \u0161armantni crnogorski grad na Skadarskom jezeru. Otkrijte njegovu slikovitu lepotu, brodske obilaske i bogatu istoriju. Do\u017eivite lokalnu kulturu i kuhinju za savr\u0161eno povla\u010denje.<\/p>\n","protected":false},"author":1,"featured_media":134982,"parent":134964,"menu_order":0,"comment_status":"closed","ping_status":"closed","template":"","meta":{"_yoast_wpseo_focuskw":"Virpazar","_yoast_wpseo_metadesc":"Istra\u017eite Virpazar, slikoviti crnogorski grad na Skadarskom jezeru. U\u017eivajte u brodskim obilascima, promatranju ptica i lokalnoj kulturi. Planirajte svoj miran odmor danas!","_kad_post_transparent":"","_kad_post_title":"","_kad_post_layout":"","_kad_post_sidebar_id":"","_kad_post_content_style":"","_kad_post_vertical_padding":"","_kad_post_feature":"","_kad_post_feature_position":"","_kad_post_header":false,"_kad_post_footer":false,"_kad_post_classname":"","iawp_total_views":27,"footnotes":""},"tags":[],"class_list":["post-134981","page","type-page","status-publish","has-post-thumbnail","hentry"],"yoast_head":"<!-- This site is optimized with the Yoast SEO plugin v27.3 - https:\/\/yoast.com\/product\/yoast-seo-wordpress\/ -->\n<title>Virpazar - Visit Montenegro<\/title>\n<meta name=\"description\" content=\"Istra\u017eite Virpazar, slikoviti crnogorski grad na Skadarskom jezeru. U\u017eivajte u brodskim obilascima, promatranju ptica i lokalnoj kulturi. Planirajte svoj miran odmor danas!\" \/>\n<meta name=\"robots\" content=\"index, follow, max-snippet:-1, max-image-preview:large, max-video-preview:-1\" \/>\n<link rel=\"canonical\" href=\"https:\/\/www.visit-montenegro.com\/me\/destinacije\/bar\/atrakcije\/virpazar\/\" \/>\n<meta property=\"og:locale\" content=\"en_US\" \/>\n<meta property=\"og:type\" content=\"article\" \/>\n<meta property=\"og:title\" content=\"Virpazar - Visit Montenegro\" \/>\n<meta property=\"og:description\" content=\"Istra\u017eite Virpazar, slikoviti crnogorski grad na Skadarskom jezeru. U\u017eivajte u brodskim obilascima, promatranju ptica i lokalnoj kulturi. Planirajte svoj miran odmor danas!\" \/>\n<meta property=\"og:url\" content=\"https:\/\/www.visit-montenegro.com\/me\/destinacije\/bar\/atrakcije\/virpazar\/\" \/>\n<meta property=\"og:site_name\" content=\"Visit Montenegro\" \/>\n<meta property=\"article:publisher\" content=\"https:\/\/www.facebook.com\/visitmontenegro\" \/>\n<meta property=\"article:modified_time\" content=\"2026-02-22T16:09:06+00:00\" \/>\n<meta property=\"og:image\" content=\"https:\/\/www.visit-montenegro.com\/wp-content\/uploads\/2026\/01\/virpazar-01-scaled.jpg\" \/>\n\t<meta property=\"og:image:width\" content=\"1600\" \/>\n\t<meta property=\"og:image:height\" content=\"1067\" \/>\n\t<meta property=\"og:image:type\" content=\"image\/jpeg\" \/>\n<meta name=\"twitter:card\" content=\"summary_large_image\" \/>\n<meta name=\"twitter:site\" content=\"@visitmontenegro\" \/>\n<meta name=\"twitter:label1\" content=\"Est. reading time\" \/>\n\t<meta name=\"twitter:data1\" content=\"4 minutes\" \/>\n<script type=\"application\/ld+json\" class=\"yoast-schema-graph\">{\"@context\":\"https:\\\/\\\/schema.org\",\"@graph\":[{\"@type\":\"WebPage\",\"@id\":\"https:\\\/\\\/www.visit-montenegro.com\\\/me\\\/destinacije\\\/bar\\\/atrakcije\\\/virpazar\\\/\",\"url\":\"https:\\\/\\\/www.visit-montenegro.com\\\/me\\\/destinacije\\\/bar\\\/atrakcije\\\/virpazar\\\/\",\"name\":\"Virpazar - Visit Montenegro\",\"isPartOf\":{\"@id\":\"https:\\\/\\\/www.visit-montenegro.com\\\/me\\\/#website\"},\"primaryImageOfPage\":{\"@id\":\"https:\\\/\\\/www.visit-montenegro.com\\\/me\\\/destinacije\\\/bar\\\/atrakcije\\\/virpazar\\\/#primaryimage\"},\"image\":{\"@id\":\"https:\\\/\\\/www.visit-montenegro.com\\\/me\\\/destinacije\\\/bar\\\/atrakcije\\\/virpazar\\\/#primaryimage\"},\"thumbnailUrl\":\"https:\\\/\\\/www.visit-montenegro.com\\\/wp-content\\\/uploads\\\/2026\\\/01\\\/virpazar-01-scaled.jpg\",\"datePublished\":\"2026-01-27T20:44:32+00:00\",\"dateModified\":\"2026-02-22T16:09:06+00:00\",\"description\":\"Istra\u017eite Virpazar, slikoviti crnogorski grad na Skadarskom jezeru. U\u017eivajte u brodskim obilascima, promatranju ptica i lokalnoj kulturi. Planirajte svoj miran odmor danas!\",\"breadcrumb\":{\"@id\":\"https:\\\/\\\/www.visit-montenegro.com\\\/me\\\/destinacije\\\/bar\\\/atrakcije\\\/virpazar\\\/#breadcrumb\"},\"inLanguage\":\"sr-Latn-ME\",\"potentialAction\":[{\"@type\":\"ReadAction\",\"target\":[\"https:\\\/\\\/www.visit-montenegro.com\\\/me\\\/destinacije\\\/bar\\\/atrakcije\\\/virpazar\\\/\"]}]},{\"@type\":\"ImageObject\",\"inLanguage\":\"sr-Latn-ME\",\"@id\":\"https:\\\/\\\/www.visit-montenegro.com\\\/me\\\/destinacije\\\/bar\\\/atrakcije\\\/virpazar\\\/#primaryimage\",\"url\":\"https:\\\/\\\/www.visit-montenegro.com\\\/wp-content\\\/uploads\\\/2026\\\/01\\\/virpazar-01-scaled.jpg\",\"contentUrl\":\"https:\\\/\\\/www.visit-montenegro.com\\\/wp-content\\\/uploads\\\/2026\\\/01\\\/virpazar-01-scaled.jpg\",\"width\":1600,\"height\":1067},{\"@type\":\"BreadcrumbList\",\"@id\":\"https:\\\/\\\/www.visit-montenegro.com\\\/me\\\/destinacije\\\/bar\\\/atrakcije\\\/virpazar\\\/#breadcrumb\",\"itemListElement\":[{\"@type\":\"ListItem\",\"position\":1,\"name\":\"Home\",\"item\":\"https:\\\/\\\/www.visit-montenegro.com\\\/me\\\/pocetna\\\/\"},{\"@type\":\"ListItem\",\"position\":2,\"name\":\"Turisti\u010dke destinacije u Crnoj Gori\",\"item\":\"https:\\\/\\\/www.visit-montenegro.com\\\/me\\\/destinacije\\\/\"},{\"@type\":\"ListItem\",\"position\":3,\"name\":\"Bar\",\"item\":\"https:\\\/\\\/www.visit-montenegro.com\\\/me\\\/destinacije\\\/bar\\\/\"},{\"@type\":\"ListItem\",\"position\":4,\"name\":\"Atrakcije Bara\",\"item\":\"https:\\\/\\\/www.visit-montenegro.com\\\/me\\\/destinacije\\\/bar\\\/atrakcije\\\/\"},{\"@type\":\"ListItem\",\"position\":5,\"name\":\"Virpazar\"}]},{\"@type\":\"WebSite\",\"@id\":\"https:\\\/\\\/www.visit-montenegro.com\\\/me\\\/#website\",\"url\":\"https:\\\/\\\/www.visit-montenegro.com\\\/me\\\/\",\"name\":\"Visit Montenegro\",\"description\":\"Breathtaking beauty\",\"publisher\":{\"@id\":\"https:\\\/\\\/www.visit-montenegro.com\\\/me\\\/#organization\"},\"potentialAction\":[{\"@type\":\"SearchAction\",\"target\":{\"@type\":\"EntryPoint\",\"urlTemplate\":\"https:\\\/\\\/www.visit-montenegro.com\\\/me\\\/?s={search_term_string}\"},\"query-input\":{\"@type\":\"PropertyValueSpecification\",\"valueRequired\":true,\"valueName\":\"search_term_string\"}}],\"inLanguage\":\"sr-Latn-ME\"},{\"@type\":\"Organization\",\"@id\":\"https:\\\/\\\/www.visit-montenegro.com\\\/me\\\/#organization\",\"name\":\"Visit Montenegro\",\"url\":\"https:\\\/\\\/www.visit-montenegro.com\\\/me\\\/\",\"logo\":{\"@type\":\"ImageObject\",\"inLanguage\":\"sr-Latn-ME\",\"@id\":\"https:\\\/\\\/www.visit-montenegro.com\\\/me\\\/#\\\/schema\\\/logo\\\/image\\\/\",\"url\":\"https:\\\/\\\/www.visit-montenegro.com\\\/wp-content\\\/uploads\\\/2017\\\/10\\\/logo-amp.png\",\"contentUrl\":\"https:\\\/\\\/www.visit-montenegro.com\\\/wp-content\\\/uploads\\\/2017\\\/10\\\/logo-amp.png\",\"width\":190,\"height\":36,\"caption\":\"Visit Montenegro\"},\"image\":{\"@id\":\"https:\\\/\\\/www.visit-montenegro.com\\\/me\\\/#\\\/schema\\\/logo\\\/image\\\/\"},\"sameAs\":[\"https:\\\/\\\/www.facebook.com\\\/visitmontenegro\",\"https:\\\/\\\/x.com\\\/visitmontenegro\",\"https:\\\/\\\/www.instagram.com\\\/visit_montenegro\\\/\",\"https:\\\/\\\/www.youtube.com\\\/user\\\/VisitMontenegro\"]}]}<\/script>\n<!-- \/ Yoast SEO plugin. -->","yoast_head_json":{"title":"Virpazar - Visit Montenegro","description":"Istra\u017eite Virpazar, slikoviti crnogorski grad na Skadarskom jezeru. U\u017eivajte u brodskim obilascima, promatranju ptica i lokalnoj kulturi. Planirajte svoj miran odmor danas!","robots":{"index":"index","follow":"follow","max-snippet":"max-snippet:-1","max-image-preview":"max-image-preview:large","max-video-preview":"max-video-preview:-1"},"canonical":"https:\/\/www.visit-montenegro.com\/me\/destinacije\/bar\/atrakcije\/virpazar\/","og_locale":"en_US","og_type":"article","og_title":"Virpazar - Visit Montenegro","og_description":"Istra\u017eite Virpazar, slikoviti crnogorski grad na Skadarskom jezeru. U\u017eivajte u brodskim obilascima, promatranju ptica i lokalnoj kulturi. Planirajte svoj miran odmor danas!","og_url":"https:\/\/www.visit-montenegro.com\/me\/destinacije\/bar\/atrakcije\/virpazar\/","og_site_name":"Visit Montenegro","article_publisher":"https:\/\/www.facebook.com\/visitmontenegro","article_modified_time":"2026-02-22T16:09:06+00:00","og_image":[{"width":1600,"height":1067,"url":"https:\/\/www.visit-montenegro.com\/wp-content\/uploads\/2026\/01\/virpazar-01-scaled.jpg","type":"image\/jpeg"}],"twitter_card":"summary_large_image","twitter_site":"@visitmontenegro","twitter_misc":{"Est. reading time":"4 minutes"},"schema":{"@context":"https:\/\/schema.org","@graph":[{"@type":"WebPage","@id":"https:\/\/www.visit-montenegro.com\/me\/destinacije\/bar\/atrakcije\/virpazar\/","url":"https:\/\/www.visit-montenegro.com\/me\/destinacije\/bar\/atrakcije\/virpazar\/","name":"Virpazar - Visit Montenegro","isPartOf":{"@id":"https:\/\/www.visit-montenegro.com\/me\/#website"},"primaryImageOfPage":{"@id":"https:\/\/www.visit-montenegro.com\/me\/destinacije\/bar\/atrakcije\/virpazar\/#primaryimage"},"image":{"@id":"https:\/\/www.visit-montenegro.com\/me\/destinacije\/bar\/atrakcije\/virpazar\/#primaryimage"},"thumbnailUrl":"https:\/\/www.visit-montenegro.com\/wp-content\/uploads\/2026\/01\/virpazar-01-scaled.jpg","datePublished":"2026-01-27T20:44:32+00:00","dateModified":"2026-02-22T16:09:06+00:00","description":"Istra\u017eite Virpazar, slikoviti crnogorski grad na Skadarskom jezeru. U\u017eivajte u brodskim obilascima, promatranju ptica i lokalnoj kulturi. Planirajte svoj miran odmor danas!","breadcrumb":{"@id":"https:\/\/www.visit-montenegro.com\/me\/destinacije\/bar\/atrakcije\/virpazar\/#breadcrumb"},"inLanguage":"sr-Latn-ME","potentialAction":[{"@type":"ReadAction","target":["https:\/\/www.visit-montenegro.com\/me\/destinacije\/bar\/atrakcije\/virpazar\/"]}]},{"@type":"ImageObject","inLanguage":"sr-Latn-ME","@id":"https:\/\/www.visit-montenegro.com\/me\/destinacije\/bar\/atrakcije\/virpazar\/#primaryimage","url":"https:\/\/www.visit-montenegro.com\/wp-content\/uploads\/2026\/01\/virpazar-01-scaled.jpg","contentUrl":"https:\/\/www.visit-montenegro.com\/wp-content\/uploads\/2026\/01\/virpazar-01-scaled.jpg","width":1600,"height":1067},{"@type":"BreadcrumbList","@id":"https:\/\/www.visit-montenegro.com\/me\/destinacije\/bar\/atrakcije\/virpazar\/#breadcrumb","itemListElement":[{"@type":"ListItem","position":1,"name":"Home","item":"https:\/\/www.visit-montenegro.com\/me\/pocetna\/"},{"@type":"ListItem","position":2,"name":"Turisti\u010dke destinacije u Crnoj Gori","item":"https:\/\/www.visit-montenegro.com\/me\/destinacije\/"},{"@type":"ListItem","position":3,"name":"Bar","item":"https:\/\/www.visit-montenegro.com\/me\/destinacije\/bar\/"},{"@type":"ListItem","position":4,"name":"Atrakcije Bara","item":"https:\/\/www.visit-montenegro.com\/me\/destinacije\/bar\/atrakcije\/"},{"@type":"ListItem","position":5,"name":"Virpazar"}]},{"@type":"WebSite","@id":"https:\/\/www.visit-montenegro.com\/me\/#website","url":"https:\/\/www.visit-montenegro.com\/me\/","name":"Visit Montenegro","description":"Breathtaking beauty","publisher":{"@id":"https:\/\/www.visit-montenegro.com\/me\/#organization"},"potentialAction":[{"@type":"SearchAction","target":{"@type":"EntryPoint","urlTemplate":"https:\/\/www.visit-montenegro.com\/me\/?s={search_term_string}"},"query-input":{"@type":"PropertyValueSpecification","valueRequired":true,"valueName":"search_term_string"}}],"inLanguage":"sr-Latn-ME"},{"@type":"Organization","@id":"https:\/\/www.visit-montenegro.com\/me\/#organization","name":"Visit Montenegro","url":"https:\/\/www.visit-montenegro.com\/me\/","logo":{"@type":"ImageObject","inLanguage":"sr-Latn-ME","@id":"https:\/\/www.visit-montenegro.com\/me\/#\/schema\/logo\/image\/","url":"https:\/\/www.visit-montenegro.com\/wp-content\/uploads\/2017\/10\/logo-amp.png","contentUrl":"https:\/\/www.visit-montenegro.com\/wp-content\/uploads\/2017\/10\/logo-amp.png","width":190,"height":36,"caption":"Visit Montenegro"},"image":{"@id":"https:\/\/www.visit-montenegro.com\/me\/#\/schema\/logo\/image\/"},"sameAs":["https:\/\/www.facebook.com\/visitmontenegro","https:\/\/x.com\/visitmontenegro","https:\/\/www.instagram.com\/visit_montenegro\/","https:\/\/www.youtube.com\/user\/VisitMontenegro"]}]}},"translations":[],"_links":{"self":[{"href":"https:\/\/www.visit-montenegro.com\/me\/wp-json\/wp\/v2\/pages\/134981","targetHints":{"allow":["GET"]}}],"collection":[{"href":"https:\/\/www.visit-montenegro.com\/me\/wp-json\/wp\/v2\/pages"}],"about":[{"href":"https:\/\/www.visit-montenegro.com\/me\/wp-json\/wp\/v2\/types\/page"}],"author":[{"embeddable":true,"href":"https:\/\/www.visit-montenegro.com\/me\/wp-json\/wp\/v2\/users\/1"}],"replies":[{"embeddable":true,"href":"https:\/\/www.visit-montenegro.com\/me\/wp-json\/wp\/v2\/comments?post=134981"}],"version-history":[{"count":0,"href":"https:\/\/www.visit-montenegro.com\/me\/wp-json\/wp\/v2\/pages\/134981\/revisions"}],"up":[{"embeddable":true,"href":"https:\/\/www.visit-montenegro.com\/me\/wp-json\/wp\/v2\/pages\/134964"}],"wp:featuredmedia":[{"embeddable":true,"href":"https:\/\/www.visit-montenegro.com\/me\/wp-json\/wp\/v2\/media\/134982"}],"wp:attachment":[{"href":"https:\/\/www.visit-montenegro.com\/me\/wp-json\/wp\/v2\/media?parent=134981"}],"wp:term":[{"taxonomy":"post_tag","embeddable":true,"href":"https:\/\/www.visit-montenegro.com\/me\/wp-json\/wp\/v2\/tags?post=134981"}],"curies":[{"name":"wp","href":"https:\/\/api.w.org\/{rel}","templated":true}]}}