{"id":134995,"date":"2026-01-27T21:44:32","date_gmt":"2026-01-27T20:44:32","guid":{"rendered":"https:\/\/new.visit-montenegro.com\/destinacije\/bar\/atrakcije\/sutomore\/"},"modified":"2026-02-22T17:09:06","modified_gmt":"2026-02-22T16:09:06","slug":"sutomore","status":"publish","type":"page","link":"https:\/\/www.visit-montenegro.com\/me\/destinacije\/bar\/atrakcije\/sutomore\/","title":{"rendered":"Sutomore"},"content":{"rendered":"\n<p>Sutomore je primorski grad blizu Bara u Crnoj Gori, poznat po svojoj dugoj pje\u0161\u010danoj pla\u017ei i \u017eivahnoj ljetnoj atmosferi, koji nudi hotele, privatne smje\u0161taje i pristup obli\u017enjim prirodnim i kulturnim mjestima poput zajednice Brca.<\/p>\n\n<hr class=\"wp-block-separator has-alpha-channel-opacity\"\/>\n\n<h2 class=\"wp-block-heading\">Pla\u017ea i ljetne atrakcije u Sutomoru<\/h2>\n\n<p>Mjesto, koje je samo nekoliko kilometara udaljeno od Bara, pa se smatra njegovim predgra\u0111em. <strong>Sutomore<\/strong> je izuzetno zanimljivo i atraktivno mjesto tokom ljeta, tako da mnogi turisti umjesto da ostanu u Baru, smje\u0161taju se u hotelima du\u017e Rivijere u <strong>Sutomoru<\/strong>, ili u nekoj od privatnih ku\u0107a ili vila. Na samom rubu mora u <strong>Sutomoru<\/strong> nalazi se duga pje\u0161\u010dana pla\u017ea, neobi\u010dan prizor koji se prote\u017ee prema otvorenom moru. Ako \u017eelite samo pro\u0107i kroz <strong>Sutomore<\/strong>, onda \u0107ete najbolji dio svog ljetnog odmora bez sumnje provesti na pla\u017ei u <strong>Sutomoru<\/strong> u\u017eivaju\u0107i u sun\u010danju, plivanju ili opu\u0161tanju uz hladna vo\u0107na pi\u0107a na nekoj od brojnih terasa restorana. Me\u0111utim, ako \u017eelite i\u0107i prema mjestima Zagradje ili pla\u017ei Maljek, na\u0107i \u0107ete prostor za kampovanje. Raspakujte svoje stvari iz torbe i kampujte koliko god \u017eelite.<\/p>\n\n<h2 class=\"wp-block-heading\">Smje\u0161taj i istra\u017eivanje izvan pla\u017ee<\/h2>\n\n<p>Ako vas <strong>Sutomore<\/strong> toliko privu\u010de da planirate ostati malo du\u017ee, pored hotela, mo\u017eete prona\u0107i adekvatan i ne tako skup smje\u0161taj u privatnim ku\u0107ama ili apartman vilama. Tako\u0111e, ako se informi\u0161ete sa ljubaznim lokalnim stanovnicima, iz <strong>Sutomora<\/strong> mo\u017eete oti\u0107i na primorski ili planinski dio zajednice Brca. U podno\u017eju te zajednice nalaze se lijepo ure\u0111ene privatne ku\u0107e ili apartmanske zgrade, koje pru\u017eaju usluge smje\u0161taja i pansiona. Planinski dio dominiraju vikendice, ali iznad njih nalazi se vrlo stara zajednica sa zanimljivom arhitekturom, karakteristi\u010dnom samo za taj dio barskog podru\u010dja. Zajednicu Brca kao i cijeli <strong>Sutomore<\/strong> do\u017eivjet \u0107ete kao zanimljiva mjesta za odmor, koja pored atraktivnih pla\u017ea i okoline nude bogatu ponudu za odmor i zabavu.<\/p>\n","protected":false},"excerpt":{"rendered":"<p>Otkrijte Sutomore, \u017eivahni primorski grad blizu Bara sa prekrasnom pje\u0161\u010danom pla\u017eom, savr\u0161enom za sun\u010danje i plivanje. Istra\u017eite pristupa\u010dne smje\u0161taje i obli\u017enje kulturne dragulje poput zajednice Brca za nezaboravan crnogorski odmor.<\/p>\n","protected":false},"author":1,"featured_media":134996,"parent":134964,"menu_order":0,"comment_status":"closed","ping_status":"closed","template":"","meta":{"_yoast_wpseo_focuskw":"Sutomore","_yoast_wpseo_metadesc":"Istra\u017eite Sutomore, njegove pje\u0161\u010dane pla\u017ee, ljetnu zabavu i pristupa\u010dne smje\u0161taje blizu Bara. Otkrijte skrivene dragulje poput zajednice Brca za savr\u0161en crnogorski odmor.","_kad_post_transparent":"","_kad_post_title":"","_kad_post_layout":"","_kad_post_sidebar_id":"","_kad_post_content_style":"","_kad_post_vertical_padding":"","_kad_post_feature":"","_kad_post_feature_position":"","_kad_post_header":false,"_kad_post_footer":false,"_kad_post_classname":"","iawp_total_views":4,"footnotes":""},"tags":[],"class_list":["post-134995","page","type-page","status-publish","has-post-thumbnail","hentry"],"yoast_head":"<!-- This site is optimized with the Yoast SEO plugin v27.3 - https:\/\/yoast.com\/product\/yoast-seo-wordpress\/ -->\n<title>Sutomore - Visit Montenegro<\/title>\n<meta name=\"description\" content=\"Istra\u017eite Sutomore, njegove pje\u0161\u010dane pla\u017ee, ljetnu zabavu i pristupa\u010dne smje\u0161taje blizu Bara. Otkrijte skrivene dragulje poput zajednice Brca za savr\u0161en crnogorski odmor.\" \/>\n<meta name=\"robots\" content=\"index, follow, max-snippet:-1, max-image-preview:large, max-video-preview:-1\" \/>\n<link rel=\"canonical\" href=\"https:\/\/www.visit-montenegro.com\/me\/destinacije\/bar\/atrakcije\/sutomore\/\" \/>\n<meta property=\"og:locale\" content=\"en_US\" \/>\n<meta property=\"og:type\" content=\"article\" \/>\n<meta property=\"og:title\" content=\"Sutomore - Visit Montenegro\" \/>\n<meta property=\"og:description\" content=\"Istra\u017eite Sutomore, njegove pje\u0161\u010dane pla\u017ee, ljetnu zabavu i pristupa\u010dne smje\u0161taje blizu Bara. Otkrijte skrivene dragulje poput zajednice Brca za savr\u0161en crnogorski odmor.\" \/>\n<meta property=\"og:url\" content=\"https:\/\/www.visit-montenegro.com\/me\/destinacije\/bar\/atrakcije\/sutomore\/\" \/>\n<meta property=\"og:site_name\" content=\"Visit Montenegro\" \/>\n<meta property=\"article:publisher\" content=\"https:\/\/www.facebook.com\/visitmontenegro\" \/>\n<meta property=\"article:modified_time\" content=\"2026-02-22T16:09:06+00:00\" \/>\n<meta property=\"og:image\" content=\"https:\/\/www.visit-montenegro.com\/wp-content\/uploads\/2026\/01\/sutomore-beach-scaled.jpg\" \/>\n\t<meta property=\"og:image:width\" content=\"1600\" \/>\n\t<meta property=\"og:image:height\" content=\"1067\" \/>\n\t<meta property=\"og:image:type\" content=\"image\/jpeg\" \/>\n<meta name=\"twitter:card\" content=\"summary_large_image\" \/>\n<meta name=\"twitter:site\" content=\"@visitmontenegro\" \/>\n<meta name=\"twitter:label1\" content=\"Est. reading time\" \/>\n\t<meta name=\"twitter:data1\" content=\"2 minutes\" \/>\n<script type=\"application\/ld+json\" class=\"yoast-schema-graph\">{\"@context\":\"https:\\\/\\\/schema.org\",\"@graph\":[{\"@type\":\"WebPage\",\"@id\":\"https:\\\/\\\/www.visit-montenegro.com\\\/me\\\/destinacije\\\/bar\\\/atrakcije\\\/sutomore\\\/\",\"url\":\"https:\\\/\\\/www.visit-montenegro.com\\\/me\\\/destinacije\\\/bar\\\/atrakcije\\\/sutomore\\\/\",\"name\":\"Sutomore - Visit Montenegro\",\"isPartOf\":{\"@id\":\"https:\\\/\\\/www.visit-montenegro.com\\\/me\\\/#website\"},\"primaryImageOfPage\":{\"@id\":\"https:\\\/\\\/www.visit-montenegro.com\\\/me\\\/destinacije\\\/bar\\\/atrakcije\\\/sutomore\\\/#primaryimage\"},\"image\":{\"@id\":\"https:\\\/\\\/www.visit-montenegro.com\\\/me\\\/destinacije\\\/bar\\\/atrakcije\\\/sutomore\\\/#primaryimage\"},\"thumbnailUrl\":\"https:\\\/\\\/www.visit-montenegro.com\\\/wp-content\\\/uploads\\\/2026\\\/01\\\/sutomore-beach-scaled.jpg\",\"datePublished\":\"2026-01-27T20:44:32+00:00\",\"dateModified\":\"2026-02-22T16:09:06+00:00\",\"description\":\"Istra\u017eite Sutomore, njegove pje\u0161\u010dane pla\u017ee, ljetnu zabavu i pristupa\u010dne smje\u0161taje blizu Bara. Otkrijte skrivene dragulje poput zajednice Brca za savr\u0161en crnogorski odmor.\",\"breadcrumb\":{\"@id\":\"https:\\\/\\\/www.visit-montenegro.com\\\/me\\\/destinacije\\\/bar\\\/atrakcije\\\/sutomore\\\/#breadcrumb\"},\"inLanguage\":\"sr-Latn-ME\",\"potentialAction\":[{\"@type\":\"ReadAction\",\"target\":[\"https:\\\/\\\/www.visit-montenegro.com\\\/me\\\/destinacije\\\/bar\\\/atrakcije\\\/sutomore\\\/\"]}]},{\"@type\":\"ImageObject\",\"inLanguage\":\"sr-Latn-ME\",\"@id\":\"https:\\\/\\\/www.visit-montenegro.com\\\/me\\\/destinacije\\\/bar\\\/atrakcije\\\/sutomore\\\/#primaryimage\",\"url\":\"https:\\\/\\\/www.visit-montenegro.com\\\/wp-content\\\/uploads\\\/2026\\\/01\\\/sutomore-beach-scaled.jpg\",\"contentUrl\":\"https:\\\/\\\/www.visit-montenegro.com\\\/wp-content\\\/uploads\\\/2026\\\/01\\\/sutomore-beach-scaled.jpg\",\"width\":1600,\"height\":1067},{\"@type\":\"BreadcrumbList\",\"@id\":\"https:\\\/\\\/www.visit-montenegro.com\\\/me\\\/destinacije\\\/bar\\\/atrakcije\\\/sutomore\\\/#breadcrumb\",\"itemListElement\":[{\"@type\":\"ListItem\",\"position\":1,\"name\":\"Home\",\"item\":\"https:\\\/\\\/www.visit-montenegro.com\\\/me\\\/pocetna\\\/\"},{\"@type\":\"ListItem\",\"position\":2,\"name\":\"Turisti\u010dke destinacije u Crnoj Gori\",\"item\":\"https:\\\/\\\/www.visit-montenegro.com\\\/me\\\/destinacije\\\/\"},{\"@type\":\"ListItem\",\"position\":3,\"name\":\"Bar\",\"item\":\"https:\\\/\\\/www.visit-montenegro.com\\\/me\\\/destinacije\\\/bar\\\/\"},{\"@type\":\"ListItem\",\"position\":4,\"name\":\"Atrakcije Bara\",\"item\":\"https:\\\/\\\/www.visit-montenegro.com\\\/me\\\/destinacije\\\/bar\\\/atrakcije\\\/\"},{\"@type\":\"ListItem\",\"position\":5,\"name\":\"Sutomore\"}]},{\"@type\":\"WebSite\",\"@id\":\"https:\\\/\\\/www.visit-montenegro.com\\\/me\\\/#website\",\"url\":\"https:\\\/\\\/www.visit-montenegro.com\\\/me\\\/\",\"name\":\"Visit Montenegro\",\"description\":\"Breathtaking beauty\",\"publisher\":{\"@id\":\"https:\\\/\\\/www.visit-montenegro.com\\\/me\\\/#organization\"},\"potentialAction\":[{\"@type\":\"SearchAction\",\"target\":{\"@type\":\"EntryPoint\",\"urlTemplate\":\"https:\\\/\\\/www.visit-montenegro.com\\\/me\\\/?s={search_term_string}\"},\"query-input\":{\"@type\":\"PropertyValueSpecification\",\"valueRequired\":true,\"valueName\":\"search_term_string\"}}],\"inLanguage\":\"sr-Latn-ME\"},{\"@type\":\"Organization\",\"@id\":\"https:\\\/\\\/www.visit-montenegro.com\\\/me\\\/#organization\",\"name\":\"Visit Montenegro\",\"url\":\"https:\\\/\\\/www.visit-montenegro.com\\\/me\\\/\",\"logo\":{\"@type\":\"ImageObject\",\"inLanguage\":\"sr-Latn-ME\",\"@id\":\"https:\\\/\\\/www.visit-montenegro.com\\\/me\\\/#\\\/schema\\\/logo\\\/image\\\/\",\"url\":\"https:\\\/\\\/www.visit-montenegro.com\\\/wp-content\\\/uploads\\\/2017\\\/10\\\/logo-amp.png\",\"contentUrl\":\"https:\\\/\\\/www.visit-montenegro.com\\\/wp-content\\\/uploads\\\/2017\\\/10\\\/logo-amp.png\",\"width\":190,\"height\":36,\"caption\":\"Visit Montenegro\"},\"image\":{\"@id\":\"https:\\\/\\\/www.visit-montenegro.com\\\/me\\\/#\\\/schema\\\/logo\\\/image\\\/\"},\"sameAs\":[\"https:\\\/\\\/www.facebook.com\\\/visitmontenegro\",\"https:\\\/\\\/x.com\\\/visitmontenegro\",\"https:\\\/\\\/www.instagram.com\\\/visit_montenegro\\\/\",\"https:\\\/\\\/www.youtube.com\\\/user\\\/VisitMontenegro\"]}]}<\/script>\n<!-- \/ Yoast SEO plugin. -->","yoast_head_json":{"title":"Sutomore - Visit Montenegro","description":"Istra\u017eite Sutomore, njegove pje\u0161\u010dane pla\u017ee, ljetnu zabavu i pristupa\u010dne smje\u0161taje blizu Bara. Otkrijte skrivene dragulje poput zajednice Brca za savr\u0161en crnogorski odmor.","robots":{"index":"index","follow":"follow","max-snippet":"max-snippet:-1","max-image-preview":"max-image-preview:large","max-video-preview":"max-video-preview:-1"},"canonical":"https:\/\/www.visit-montenegro.com\/me\/destinacije\/bar\/atrakcije\/sutomore\/","og_locale":"en_US","og_type":"article","og_title":"Sutomore - Visit Montenegro","og_description":"Istra\u017eite Sutomore, njegove pje\u0161\u010dane pla\u017ee, ljetnu zabavu i pristupa\u010dne smje\u0161taje blizu Bara. Otkrijte skrivene dragulje poput zajednice Brca za savr\u0161en crnogorski odmor.","og_url":"https:\/\/www.visit-montenegro.com\/me\/destinacije\/bar\/atrakcije\/sutomore\/","og_site_name":"Visit Montenegro","article_publisher":"https:\/\/www.facebook.com\/visitmontenegro","article_modified_time":"2026-02-22T16:09:06+00:00","og_image":[{"width":1600,"height":1067,"url":"https:\/\/www.visit-montenegro.com\/wp-content\/uploads\/2026\/01\/sutomore-beach-scaled.jpg","type":"image\/jpeg"}],"twitter_card":"summary_large_image","twitter_site":"@visitmontenegro","twitter_misc":{"Est. reading time":"2 minutes"},"schema":{"@context":"https:\/\/schema.org","@graph":[{"@type":"WebPage","@id":"https:\/\/www.visit-montenegro.com\/me\/destinacije\/bar\/atrakcije\/sutomore\/","url":"https:\/\/www.visit-montenegro.com\/me\/destinacije\/bar\/atrakcije\/sutomore\/","name":"Sutomore - Visit Montenegro","isPartOf":{"@id":"https:\/\/www.visit-montenegro.com\/me\/#website"},"primaryImageOfPage":{"@id":"https:\/\/www.visit-montenegro.com\/me\/destinacije\/bar\/atrakcije\/sutomore\/#primaryimage"},"image":{"@id":"https:\/\/www.visit-montenegro.com\/me\/destinacije\/bar\/atrakcije\/sutomore\/#primaryimage"},"thumbnailUrl":"https:\/\/www.visit-montenegro.com\/wp-content\/uploads\/2026\/01\/sutomore-beach-scaled.jpg","datePublished":"2026-01-27T20:44:32+00:00","dateModified":"2026-02-22T16:09:06+00:00","description":"Istra\u017eite Sutomore, njegove pje\u0161\u010dane pla\u017ee, ljetnu zabavu i pristupa\u010dne smje\u0161taje blizu Bara. Otkrijte skrivene dragulje poput zajednice Brca za savr\u0161en crnogorski odmor.","breadcrumb":{"@id":"https:\/\/www.visit-montenegro.com\/me\/destinacije\/bar\/atrakcije\/sutomore\/#breadcrumb"},"inLanguage":"sr-Latn-ME","potentialAction":[{"@type":"ReadAction","target":["https:\/\/www.visit-montenegro.com\/me\/destinacije\/bar\/atrakcije\/sutomore\/"]}]},{"@type":"ImageObject","inLanguage":"sr-Latn-ME","@id":"https:\/\/www.visit-montenegro.com\/me\/destinacije\/bar\/atrakcije\/sutomore\/#primaryimage","url":"https:\/\/www.visit-montenegro.com\/wp-content\/uploads\/2026\/01\/sutomore-beach-scaled.jpg","contentUrl":"https:\/\/www.visit-montenegro.com\/wp-content\/uploads\/2026\/01\/sutomore-beach-scaled.jpg","width":1600,"height":1067},{"@type":"BreadcrumbList","@id":"https:\/\/www.visit-montenegro.com\/me\/destinacije\/bar\/atrakcije\/sutomore\/#breadcrumb","itemListElement":[{"@type":"ListItem","position":1,"name":"Home","item":"https:\/\/www.visit-montenegro.com\/me\/pocetna\/"},{"@type":"ListItem","position":2,"name":"Turisti\u010dke destinacije u Crnoj Gori","item":"https:\/\/www.visit-montenegro.com\/me\/destinacije\/"},{"@type":"ListItem","position":3,"name":"Bar","item":"https:\/\/www.visit-montenegro.com\/me\/destinacije\/bar\/"},{"@type":"ListItem","position":4,"name":"Atrakcije Bara","item":"https:\/\/www.visit-montenegro.com\/me\/destinacije\/bar\/atrakcije\/"},{"@type":"ListItem","position":5,"name":"Sutomore"}]},{"@type":"WebSite","@id":"https:\/\/www.visit-montenegro.com\/me\/#website","url":"https:\/\/www.visit-montenegro.com\/me\/","name":"Visit Montenegro","description":"Breathtaking beauty","publisher":{"@id":"https:\/\/www.visit-montenegro.com\/me\/#organization"},"potentialAction":[{"@type":"SearchAction","target":{"@type":"EntryPoint","urlTemplate":"https:\/\/www.visit-montenegro.com\/me\/?s={search_term_string}"},"query-input":{"@type":"PropertyValueSpecification","valueRequired":true,"valueName":"search_term_string"}}],"inLanguage":"sr-Latn-ME"},{"@type":"Organization","@id":"https:\/\/www.visit-montenegro.com\/me\/#organization","name":"Visit Montenegro","url":"https:\/\/www.visit-montenegro.com\/me\/","logo":{"@type":"ImageObject","inLanguage":"sr-Latn-ME","@id":"https:\/\/www.visit-montenegro.com\/me\/#\/schema\/logo\/image\/","url":"https:\/\/www.visit-montenegro.com\/wp-content\/uploads\/2017\/10\/logo-amp.png","contentUrl":"https:\/\/www.visit-montenegro.com\/wp-content\/uploads\/2017\/10\/logo-amp.png","width":190,"height":36,"caption":"Visit Montenegro"},"image":{"@id":"https:\/\/www.visit-montenegro.com\/me\/#\/schema\/logo\/image\/"},"sameAs":["https:\/\/www.facebook.com\/visitmontenegro","https:\/\/x.com\/visitmontenegro","https:\/\/www.instagram.com\/visit_montenegro\/","https:\/\/www.youtube.com\/user\/VisitMontenegro"]}]}},"translations":[],"_links":{"self":[{"href":"https:\/\/www.visit-montenegro.com\/me\/wp-json\/wp\/v2\/pages\/134995","targetHints":{"allow":["GET"]}}],"collection":[{"href":"https:\/\/www.visit-montenegro.com\/me\/wp-json\/wp\/v2\/pages"}],"about":[{"href":"https:\/\/www.visit-montenegro.com\/me\/wp-json\/wp\/v2\/types\/page"}],"author":[{"embeddable":true,"href":"https:\/\/www.visit-montenegro.com\/me\/wp-json\/wp\/v2\/users\/1"}],"replies":[{"embeddable":true,"href":"https:\/\/www.visit-montenegro.com\/me\/wp-json\/wp\/v2\/comments?post=134995"}],"version-history":[{"count":0,"href":"https:\/\/www.visit-montenegro.com\/me\/wp-json\/wp\/v2\/pages\/134995\/revisions"}],"up":[{"embeddable":true,"href":"https:\/\/www.visit-montenegro.com\/me\/wp-json\/wp\/v2\/pages\/134964"}],"wp:featuredmedia":[{"embeddable":true,"href":"https:\/\/www.visit-montenegro.com\/me\/wp-json\/wp\/v2\/media\/134996"}],"wp:attachment":[{"href":"https:\/\/www.visit-montenegro.com\/me\/wp-json\/wp\/v2\/media?parent=134995"}],"wp:term":[{"taxonomy":"post_tag","embeddable":true,"href":"https:\/\/www.visit-montenegro.com\/me\/wp-json\/wp\/v2\/tags?post=134995"}],"curies":[{"name":"wp","href":"https:\/\/api.w.org\/{rel}","templated":true}]}}