{"id":135005,"date":"2026-01-27T21:44:32","date_gmt":"2026-01-27T20:44:32","guid":{"rendered":"https:\/\/new.visit-montenegro.com\/destinacije\/bar\/info\/plaze\/"},"modified":"2026-02-22T17:09:06","modified_gmt":"2026-02-22T16:09:06","slug":"plaze","status":"publish","type":"page","link":"https:\/\/www.visit-montenegro.com\/me\/destinacije\/bar\/info\/plaze\/","title":{"rendered":"Pla\u017ee u Baru"},"content":{"rendered":"\n<p>Barska rivijera nudi zapanjuju\u0107u obalu s raznolikim <strong>pla\u017eama u Baru<\/strong>, od pje\u0161\u010danih dionica do osamljenih stjenovitih uvala, savr\u0161enim za sun\u010danje i kupanje u bistrim vodama.<\/p>\n<hr \/>\n\n<h2 class=\"wp-block-heading\">Obalni pejza\u017e Bara<\/h2>\n\n<p>Obala Bara se prostire od rta Stolac, zaljeva Pe\u0107in, rta i uvale \u010canj, koja se nalazi izme\u0111u litica Velja ponta i rta \u0160apavica. U centru Bara ne postoji prava pla\u017ea, s obzirom na \u010dinjenicu da je ve\u0107i dio morske obale pretvoren u lu\u010dki pristan, tako da na najve\u0107em dijelu obale u Baru posto\u0107i pristani\u0161ta za pristup teretnim i putni\u010dkim brodovima.<\/p>\n\n<p>Najve\u0107i dio obale barskog podru\u010dja je strm i kamenit, sa zaljevima, uvalama, okomitim liticama i strmim obalnim rubom. Kako postoji mali broj ostrva i grebena, obala Bara je prili\u010dno izlo\u017eena talasima. Obala unutra\u0161njeg dijela Bara je prili\u010dno razu\u0111ena, s mnogo karakteristi\u010dnih pla\u017ea, nastalih dono\u0161enjem materijala iz rijeka ili djelovanjem talasa. Du\u017eina barske obale koja se mo\u017ee koristiti za kupanje je 4.964 metra.<\/p>\n\n<figure class=\"wp-block-image size-large\"><img loading=\"lazy\" decoding=\"async\" width=\"1024\" height=\"683\" src=\"https:\/\/www.visit-montenegro.com\/wp-content\/uploads\/2026\/01\/bar-susanj-beach-1024x683.jpg\" alt=\"\" class=\"wp-image-35995\" srcset=\"https:\/\/www.visit-montenegro.com\/wp-content\/uploads\/2026\/01\/bar-susanj-beach-1024x683.jpg 1024w, https:\/\/www.visit-montenegro.com\/wp-content\/uploads\/2026\/01\/bar-susanj-beach-300x200.jpg 300w, https:\/\/www.visit-montenegro.com\/wp-content\/uploads\/2026\/01\/bar-susanj-beach-768x512.jpg 768w, https:\/\/www.visit-montenegro.com\/wp-content\/uploads\/2026\/01\/bar-susanj-beach-1536x1024.jpg 1536w, https:\/\/www.visit-montenegro.com\/wp-content\/uploads\/2026\/01\/bar-susanj-beach-1200x800.jpg 1200w, https:\/\/www.visit-montenegro.com\/wp-content\/uploads\/2026\/01\/bar-susanj-beach-scaled.jpg 1600w\" sizes=\"auto, (max-width: 1024px) 100vw, 1024px\" \/><figcaption class=\"wp-element-caption\">izlazak sunca na jezeru magla pejza\u017e priroda<\/figcaption><\/figure>\n\n<h2 class=\"wp-block-heading\">Klima i pregled pla\u017ea<\/h2>\n\n<p>Klima u Baru je vrlo karakteristi\u010dna. Pored \u010dinjenice da je jedno od najsun\u010danijih mjesta ju\u017ene Evrope, s pribli\u017eno 270 sun\u010danih dana godi\u0161nje, klima ima duga i topla ljeta, te blage zime. Prosje\u010dna godi\u0161nja temperatura je 16\u00b0C. U julu pribli\u017ena temperatura zraka je 23\u00b0C, a u januaru 10\u00b0C. Salinitet mora je 38 promila; prozirnost vode ide do 5, a na otvorenom moru do 45.<\/p>\n\n<p>Na Barskoj rivijeri postoji skoro 20 razli\u010ditih <strong>pla\u017ea u Baru<\/strong>, kupali\u0161ta i kamenitih uvala koje se tako\u0111er koriste za sun\u010danje i kupanje turista.<\/p>\n\n<h2 class=\"wp-block-heading\">Zna\u010dajne pla\u017ee i uvale<\/h2>\n\n<p>Poznata gradska pla\u017ea na Topolici je u Baru. Ta pla\u017ea je smanjena tokom godina zbog izgradnje luke i pristana. Obalni dio, od rijeke \u017deljeznice koja proti\u010de kroz <a href=\"https:\/\/www.visit-montenegro.com\/me\/destinacije\/bar\/\">Bar<\/a>, prekriven je kamenitim materijalom, dok je dio koji je ispred hotela \u201cTopolica\u201d u centru Bara, bogat sitnim \u0161ljunkom i pijeskom koji se sipa iz ekstrakcije portalnog bazena. Rijeka \u017deljanica, <a href=\"https:\/\/www.visit-montenegro.com\/me\/destinacije\/ulcinj\/atrakcije\/velika-plaza\/\">velika pla\u017ea<\/a>, prekrivena kamenitim i krupnozrnim pijeskom pojavila se na \u017dukotrlici.<\/p>\n\n<p>Sa strane mora Barski zaliv je za\u0161ti\u0107en brdom Volujica, iza \u010dijeg rta se nalazi za\u0161ti\u0107ena i te\u0161ko dostupna kamenita pla\u017ea Val Bigovice, poznatija po \u010distoj morskoj vodi. Dvije male uvale sa zanimljivim pla\u017eama Crvene stijene (Crvena pe\u0107ina, Velika i Mala stijena), nalaze se izme\u0111u Vala Bigovice i rta \u0160ko\u010divuk. Kre\u0107u\u0107i se prema jugoistoku, dolazi se do mjesta Ujtin \u2013 potok, i tako\u0111er do zaljeva Mrkojevi\u0107i. Na tim dijelovima Barske rivijere, obala je strma, sa stijenama i brojnim liticama. Ipak, nekoliko <strong>pla\u017ea u Baru<\/strong> se nalazi tamo. Pla\u017ea u uvali Mali pijesak, zatim pla\u017ee Trila i Veliki pijesak, koje se prostiru sve do rta Meret. Pla\u017ea Veliki pijesak je kamenita pla\u017ea, vrlo poznata po svojoj \u010distoj i bistroj morskoj vodi. Ta pla\u017ea je tako\u0111er zanimljiva za pliva\u010de zbog svoje razu\u0111enog dijela obale na kojem se nalazi i zbog svoje guste suptropske vegetacije. Du\u017eina pla\u017ee Veliki pijesak je 298 m, a povr\u0161ina 8.046 m\u00b2.<\/p>\n\n<p>Od rta Meret do rta Komina, imamo uvale: pod Meretom i pod Crnjakom, s pla\u017eama koje imaju isto ime. Nekoliko stotina metara dalje nalazi se uvala maslina ili Utjeha, gdje se nalazi pla\u017ea Utjeha. Pla\u017ea Utjeha je napravljena od \u017eu\u0107kastog i bjelkastog kre\u010dnjaka. Od rta Adamove stjenovite terene do rta Karastanov, prostire se pla\u017ea u uvali Palju\u0161kovo, a malo ju\u017enije od tih mjesta nalazi se pla\u017ea u uvali Hladna i pla\u017ea Pe\u0161ki\u0107.<\/p>\n\n<p>U uvali \u010canj, mjestu koje se nalazi na dijelu autoputa, <a href=\"https:\/\/www.visit-montenegro.com\/me\/destinacije\/petrovac\/\">Petrovac<\/a> \u2013 Bar, nalazi se pla\u017ea prekrivena sitnim pijeskom i \u0161ljunkom, \u010dija je du\u017eina 797 m. Tokom ljeta ta pla\u017ea je vrlo popularno mjesto za odmor i rekreaciju kako za lokalne stanovnike tako i za brojne turiste.<\/p>\n\n<figure class=\"wp-block-image size-large\"><img loading=\"lazy\" decoding=\"async\" width=\"1024\" height=\"683\" src=\"https:\/\/www.visit-montenegro.com\/wp-content\/uploads\/2026\/01\/sutomore-beach-1024x683.jpg\" alt=\"\" class=\"wp-image-35997\" srcset=\"https:\/\/www.visit-montenegro.com\/wp-content\/uploads\/2026\/01\/sutomore-beach-1024x683.jpg 1024w, https:\/\/www.visit-montenegro.com\/wp-content\/uploads\/2026\/01\/sutomore-beach-300x200.jpg 300w, https:\/\/www.visit-montenegro.com\/wp-content\/uploads\/2026\/01\/sutomore-beach-768x512.jpg 768w, https:\/\/www.visit-montenegro.com\/wp-content\/uploads\/2026\/01\/sutomore-beach-1536x1024.jpg 1536w, https:\/\/www.visit-montenegro.com\/wp-content\/uploads\/2026\/01\/sutomore-beach-1200x800.jpg 1200w, https:\/\/www.visit-montenegro.com\/wp-content\/uploads\/2026\/01\/sutomore-beach-scaled.jpg 1600w\" sizes=\"auto, (max-width: 1024px) 100vw, 1024px\" \/><figcaption class=\"wp-element-caption\">Pla\u017ea <a href=\"https:\/\/www.visit-montenegro.com\/me\/destinacije\/bar\/atrakcije\/sutomore\/\">Sutomore<\/a>, Bar, Crna Gora<\/figcaption><\/figure>\n\n<p>Dio barske obale od rta \u0160apavica do Crne pe\u0107ine koja se nalazi u Sutomoru, mjestu za koje se mo\u017ee re\u0107i da predstavlja predgra\u0111e Bara, je vrlo strm i ima nekoliko uvala, tako da nema ure\u0111enih kupali\u0161ta, osim pla\u017ee u uvali Perazi\u0107i, ispod Crvenog brda.<\/p>\n\n<p>Pla\u017ea u uvali Maljevik je kamenita i sa strmom obalom. Jugoisto\u010dno od nje nalazi se kamenita Crvena pla\u017ea Spi\u010da.<\/p>\n\n<p>Jedna od najve\u0107ih <strong>pla\u017ea u Baru<\/strong> je pje\u0161\u010dana pla\u017ea u Sutomoru. Ta pla\u017ea ima lu\u010dni oblik, du\u017eine 1.070 m i povr\u0161ine 27.820 m\u00b2. Veliki broj malih pla\u017ea i uvala nalazi se u dijelu Barske rivijere, koji se prostire izme\u0111u pla\u017ee Sutomore i pla\u017ea na \u017dukotrlici. To su uglavnom hotelske pla\u017ee, me\u0111u kojima treba spomenuti pla\u017eu hotela \u201cInex \u2013 Zlatna obala\u201d, \u201cMala pla\u017ea Ratac\u201d, \u201cBijela pla\u017ea\u201d, \u201cKadi\u0107e\u201d i pla\u017eu \u201c\u0160oferska\u201d\u2026<\/p>\n\n<p>Ispod poznatog rta Bara, bolje poznatog pod imenom Ratac, koji je obrasao raznim vrstama biljaka, nalazi se pla\u017ea sa nudisti\u010dkom pla\u017eom.<\/p>\n\n<p>Dio obale izme\u0111u rta Ratac i brda Volujica, koji je bolje poznat kao polukru\u017eni Barski zaljev, prekriven je \u0161ljunkom i pje\u0161\u010danim diluvijem, i na tim dijelovima nema ni ure\u0111enih kupali\u0161ta ni pla\u017ea. Isto\u010dno od spomenutog dijela obale, izme\u0111u litice Djonov kr\u0161, stjenovite obale i platoa Crvanj, nalazi se Crvena pla\u017ea Bara. Ta pla\u017ea je prekrivena sitnozrnim \u0161ljunkom i pijeskom crvenkaste boje, \u0161to daje poseban zna\u010daj pla\u017ei.<\/p>\n\n<h2 class=\"wp-block-heading\">Sadr\u017eaji pla\u017ea i pristup<\/h2>\n\n<p>Ve\u0107ina hotelskih pla\u017ea i kupali\u0161ta kao i umjetnih pla\u017ea koje se nalaze na liticama ili uvalama, ispunjava osnovne turisti\u010dke standarde. Pored neophodne pla\u017ene opreme kao \u0161to su: suncobrani, le\u017ealjke, tu\u0161evi, odre\u0111ene pla\u017ee imaju \u010dak i restorane, pla\u017ene barove, terase i dje\u010dje mini igrali\u0161ta. Iako je ve\u0107ina <strong>pla\u017ea u Baru<\/strong> smje\u0161tena na udaljenosti ne ve\u0107oj od 2 kilometra od centra grada, sigurni smo da \u0107ete na\u0107i najlak\u0161i na\u010din da stignete do gore spomenutih pla\u017ea, i u\u017eivate u blagodatima sunca i mora u Baru i njegovoj okolini. Najsigurniji i najlak\u0161i na\u010din da se informi\u0161ete o tome kako do\u0107i do odre\u0111ene pla\u017ee, mo\u017eete saznati u Turisti\u010dkoj agenciji grada Bara. Tako\u0111er, kao prevoz do odre\u0111enih pla\u017ea, posebno onih u Sutomoru i \u010canju, mo\u017eete koristiti brojne male kombi taksije, koji voze turiste iz centra grada do \u017eeljenih destinacija svakih 15 minuta. Ako je more mjesto gdje \u017eelite provesti ve\u0107inu svog odmora, onda vam predla\u017eemo da se raspitate kod vlasnika taksi \u010damaca i teglenica o ekskurzijama koje se organizuju na neku od 20 barskih pla\u017ea. Mogu\u0107nosti su raznovrsne i na vama je da brzo odlu\u010dite, i naravno posjetite Bar \u0161to je prije mogu\u0107e!<\/p>\n\n<p>Ako jedan dan svog odmora \u017eelite provesti u nekom drugom gradu, i na nekoj drugoj pla\u017ei, predla\u017eemo da koristite organizirane ekskurzije s turisti\u010dkim taksi \u010damcima koji krstare linijama Bar \u2013 <a href=\"https:\/\/www.visit-montenegro.com\/me\/destinacije\/ulcinj\/\">Ulcinj<\/a>, Bar \u2013 <a href=\"https:\/\/www.visit-montenegro.com\/me\/destinacije\/budva\/\">Budva<\/a>, ili Bar \u2013 Herceg Novi.<\/p>\n","protected":false},"excerpt":{"rendered":"<p>Otkrijte zapanjuju\u0107e pla\u017ee u Baru, Crna Gora, od pje\u0161\u010danih dionica do stjenovitih uvala. Saznajte o klimi, sadr\u017eajima i kako pristupiti ovim predivnim mjestima za savr\u0161eno odmori\u0161te uz more.<\/p>\n","protected":false},"author":1,"featured_media":135006,"parent":135000,"menu_order":0,"comment_status":"closed","ping_status":"closed","template":"","meta":{"_yoast_wpseo_focuskw":"Pla\u017ee u Baru","_yoast_wpseo_metadesc":"Istra\u017eite najbolje pla\u017ee u Baru, Crna Gora. Prona\u0111ite pje\u0161\u010dane obale, stjenovite uvale i bistre vode. Planirajte svoj put sa savjetima o klimi, pristupu i sadr\u017eajima.","_kad_post_transparent":"","_kad_post_title":"","_kad_post_layout":"","_kad_post_sidebar_id":"","_kad_post_content_style":"","_kad_post_vertical_padding":"","_kad_post_feature":"","_kad_post_feature_position":"","_kad_post_header":false,"_kad_post_footer":false,"_kad_post_classname":"","iawp_total_views":28,"footnotes":""},"tags":[],"class_list":["post-135005","page","type-page","status-publish","has-post-thumbnail","hentry"],"yoast_head":"<!-- This site is optimized with the Yoast SEO plugin v27.4 - https:\/\/yoast.com\/product\/yoast-seo-wordpress\/ -->\n<title>Pla\u017ee u Baru - Visit Montenegro<\/title>\n<meta name=\"description\" content=\"Istra\u017eite najbolje pla\u017ee u Baru, Crna Gora. Prona\u0111ite pje\u0161\u010dane obale, stjenovite uvale i bistre vode. Planirajte svoj put sa savjetima o klimi, pristupu i sadr\u017eajima.\" \/>\n<meta name=\"robots\" content=\"index, follow, max-snippet:-1, max-image-preview:large, max-video-preview:-1\" \/>\n<link rel=\"canonical\" href=\"https:\/\/www.visit-montenegro.com\/me\/destinacije\/bar\/info\/plaze\/\" \/>\n<meta property=\"og:locale\" content=\"en_US\" \/>\n<meta property=\"og:type\" content=\"article\" \/>\n<meta property=\"og:title\" content=\"Pla\u017ee u Baru - Visit Montenegro\" \/>\n<meta property=\"og:description\" content=\"Istra\u017eite najbolje pla\u017ee u Baru, Crna Gora. Prona\u0111ite pje\u0161\u010dane obale, stjenovite uvale i bistre vode. Planirajte svoj put sa savjetima o klimi, pristupu i sadr\u017eajima.\" \/>\n<meta property=\"og:url\" content=\"https:\/\/www.visit-montenegro.com\/me\/destinacije\/bar\/info\/plaze\/\" \/>\n<meta property=\"og:site_name\" content=\"Visit Montenegro\" \/>\n<meta property=\"article:publisher\" content=\"https:\/\/www.facebook.com\/visitmontenegro\" \/>\n<meta property=\"article:modified_time\" content=\"2026-02-22T16:09:06+00:00\" \/>\n<meta property=\"og:image\" content=\"https:\/\/www.visit-montenegro.com\/wp-content\/uploads\/2026\/01\/beach-guitar-scaled.jpg\" \/>\n\t<meta property=\"og:image:width\" content=\"1600\" \/>\n\t<meta property=\"og:image:height\" content=\"1068\" \/>\n\t<meta property=\"og:image:type\" content=\"image\/jpeg\" \/>\n<meta name=\"twitter:card\" content=\"summary_large_image\" \/>\n<meta name=\"twitter:site\" content=\"@visitmontenegro\" \/>\n<meta name=\"twitter:label1\" content=\"Est. reading time\" \/>\n\t<meta name=\"twitter:data1\" content=\"6 minutes\" \/>\n<script type=\"application\/ld+json\" class=\"yoast-schema-graph\">{\"@context\":\"https:\\\/\\\/schema.org\",\"@graph\":[{\"@type\":\"WebPage\",\"@id\":\"https:\\\/\\\/www.visit-montenegro.com\\\/me\\\/destinacije\\\/bar\\\/info\\\/plaze\\\/\",\"url\":\"https:\\\/\\\/www.visit-montenegro.com\\\/me\\\/destinacije\\\/bar\\\/info\\\/plaze\\\/\",\"name\":\"Pla\u017ee u Baru - Visit Montenegro\",\"isPartOf\":{\"@id\":\"https:\\\/\\\/www.visit-montenegro.com\\\/me\\\/#website\"},\"primaryImageOfPage\":{\"@id\":\"https:\\\/\\\/www.visit-montenegro.com\\\/me\\\/destinacije\\\/bar\\\/info\\\/plaze\\\/#primaryimage\"},\"image\":{\"@id\":\"https:\\\/\\\/www.visit-montenegro.com\\\/me\\\/destinacije\\\/bar\\\/info\\\/plaze\\\/#primaryimage\"},\"thumbnailUrl\":\"https:\\\/\\\/www.visit-montenegro.com\\\/wp-content\\\/uploads\\\/2026\\\/01\\\/beach-guitar-scaled.jpg\",\"datePublished\":\"2026-01-27T20:44:32+00:00\",\"dateModified\":\"2026-02-22T16:09:06+00:00\",\"description\":\"Istra\u017eite najbolje pla\u017ee u Baru, Crna Gora. Prona\u0111ite pje\u0161\u010dane obale, stjenovite uvale i bistre vode. Planirajte svoj put sa savjetima o klimi, pristupu i sadr\u017eajima.\",\"breadcrumb\":{\"@id\":\"https:\\\/\\\/www.visit-montenegro.com\\\/me\\\/destinacije\\\/bar\\\/info\\\/plaze\\\/#breadcrumb\"},\"inLanguage\":\"sr-Latn-ME\",\"potentialAction\":[{\"@type\":\"ReadAction\",\"target\":[\"https:\\\/\\\/www.visit-montenegro.com\\\/me\\\/destinacije\\\/bar\\\/info\\\/plaze\\\/\"]}]},{\"@type\":\"ImageObject\",\"inLanguage\":\"sr-Latn-ME\",\"@id\":\"https:\\\/\\\/www.visit-montenegro.com\\\/me\\\/destinacije\\\/bar\\\/info\\\/plaze\\\/#primaryimage\",\"url\":\"https:\\\/\\\/www.visit-montenegro.com\\\/wp-content\\\/uploads\\\/2026\\\/01\\\/beach-guitar-scaled.jpg\",\"contentUrl\":\"https:\\\/\\\/www.visit-montenegro.com\\\/wp-content\\\/uploads\\\/2026\\\/01\\\/beach-guitar-scaled.jpg\",\"width\":1600,\"height\":1068},{\"@type\":\"BreadcrumbList\",\"@id\":\"https:\\\/\\\/www.visit-montenegro.com\\\/me\\\/destinacije\\\/bar\\\/info\\\/plaze\\\/#breadcrumb\",\"itemListElement\":[{\"@type\":\"ListItem\",\"position\":1,\"name\":\"Home\",\"item\":\"https:\\\/\\\/www.visit-montenegro.com\\\/me\\\/\"},{\"@type\":\"ListItem\",\"position\":2,\"name\":\"Turisti\u010dke destinacije u Crnoj Gori\",\"item\":\"https:\\\/\\\/www.visit-montenegro.com\\\/me\\\/destinacije\\\/\"},{\"@type\":\"ListItem\",\"position\":3,\"name\":\"Bar\",\"item\":\"https:\\\/\\\/www.visit-montenegro.com\\\/me\\\/destinacije\\\/bar\\\/\"},{\"@type\":\"ListItem\",\"position\":4,\"name\":\"Vi\u0161e o Baru\",\"item\":\"https:\\\/\\\/www.visit-montenegro.com\\\/me\\\/destinacije\\\/bar\\\/info\\\/\"},{\"@type\":\"ListItem\",\"position\":5,\"name\":\"Pla\u017ee u Baru\"}]},{\"@type\":\"WebSite\",\"@id\":\"https:\\\/\\\/www.visit-montenegro.com\\\/me\\\/#website\",\"url\":\"https:\\\/\\\/www.visit-montenegro.com\\\/me\\\/\",\"name\":\"Visit Montenegro\",\"description\":\"Breathtaking beauty\",\"publisher\":{\"@id\":\"https:\\\/\\\/www.visit-montenegro.com\\\/me\\\/#organization\"},\"potentialAction\":[{\"@type\":\"SearchAction\",\"target\":{\"@type\":\"EntryPoint\",\"urlTemplate\":\"https:\\\/\\\/www.visit-montenegro.com\\\/me\\\/?s={search_term_string}\"},\"query-input\":{\"@type\":\"PropertyValueSpecification\",\"valueRequired\":true,\"valueName\":\"search_term_string\"}}],\"inLanguage\":\"sr-Latn-ME\"},{\"@type\":\"Organization\",\"@id\":\"https:\\\/\\\/www.visit-montenegro.com\\\/me\\\/#organization\",\"name\":\"Visit Montenegro\",\"url\":\"https:\\\/\\\/www.visit-montenegro.com\\\/me\\\/\",\"logo\":{\"@type\":\"ImageObject\",\"inLanguage\":\"sr-Latn-ME\",\"@id\":\"https:\\\/\\\/www.visit-montenegro.com\\\/me\\\/#\\\/schema\\\/logo\\\/image\\\/\",\"url\":\"https:\\\/\\\/www.visit-montenegro.com\\\/wp-content\\\/uploads\\\/2017\\\/10\\\/logo-amp.png\",\"contentUrl\":\"https:\\\/\\\/www.visit-montenegro.com\\\/wp-content\\\/uploads\\\/2017\\\/10\\\/logo-amp.png\",\"width\":190,\"height\":36,\"caption\":\"Visit Montenegro\"},\"image\":{\"@id\":\"https:\\\/\\\/www.visit-montenegro.com\\\/me\\\/#\\\/schema\\\/logo\\\/image\\\/\"},\"sameAs\":[\"https:\\\/\\\/www.facebook.com\\\/visitmontenegro\",\"https:\\\/\\\/x.com\\\/visitmontenegro\",\"https:\\\/\\\/www.instagram.com\\\/visit_montenegro\\\/\",\"https:\\\/\\\/www.youtube.com\\\/user\\\/VisitMontenegro\"]}]}<\/script>\n<!-- \/ Yoast SEO plugin. -->","yoast_head_json":{"title":"Pla\u017ee u Baru - Visit Montenegro","description":"Istra\u017eite najbolje pla\u017ee u Baru, Crna Gora. Prona\u0111ite pje\u0161\u010dane obale, stjenovite uvale i bistre vode. Planirajte svoj put sa savjetima o klimi, pristupu i sadr\u017eajima.","robots":{"index":"index","follow":"follow","max-snippet":"max-snippet:-1","max-image-preview":"max-image-preview:large","max-video-preview":"max-video-preview:-1"},"canonical":"https:\/\/www.visit-montenegro.com\/me\/destinacije\/bar\/info\/plaze\/","og_locale":"en_US","og_type":"article","og_title":"Pla\u017ee u Baru - Visit Montenegro","og_description":"Istra\u017eite najbolje pla\u017ee u Baru, Crna Gora. Prona\u0111ite pje\u0161\u010dane obale, stjenovite uvale i bistre vode. Planirajte svoj put sa savjetima o klimi, pristupu i sadr\u017eajima.","og_url":"https:\/\/www.visit-montenegro.com\/me\/destinacije\/bar\/info\/plaze\/","og_site_name":"Visit Montenegro","article_publisher":"https:\/\/www.facebook.com\/visitmontenegro","article_modified_time":"2026-02-22T16:09:06+00:00","og_image":[{"width":1600,"height":1068,"url":"https:\/\/www.visit-montenegro.com\/wp-content\/uploads\/2026\/01\/beach-guitar-scaled.jpg","type":"image\/jpeg"}],"twitter_card":"summary_large_image","twitter_site":"@visitmontenegro","twitter_misc":{"Est. reading time":"6 minutes"},"schema":{"@context":"https:\/\/schema.org","@graph":[{"@type":"WebPage","@id":"https:\/\/www.visit-montenegro.com\/me\/destinacije\/bar\/info\/plaze\/","url":"https:\/\/www.visit-montenegro.com\/me\/destinacije\/bar\/info\/plaze\/","name":"Pla\u017ee u Baru - Visit Montenegro","isPartOf":{"@id":"https:\/\/www.visit-montenegro.com\/me\/#website"},"primaryImageOfPage":{"@id":"https:\/\/www.visit-montenegro.com\/me\/destinacije\/bar\/info\/plaze\/#primaryimage"},"image":{"@id":"https:\/\/www.visit-montenegro.com\/me\/destinacije\/bar\/info\/plaze\/#primaryimage"},"thumbnailUrl":"https:\/\/www.visit-montenegro.com\/wp-content\/uploads\/2026\/01\/beach-guitar-scaled.jpg","datePublished":"2026-01-27T20:44:32+00:00","dateModified":"2026-02-22T16:09:06+00:00","description":"Istra\u017eite najbolje pla\u017ee u Baru, Crna Gora. Prona\u0111ite pje\u0161\u010dane obale, stjenovite uvale i bistre vode. Planirajte svoj put sa savjetima o klimi, pristupu i sadr\u017eajima.","breadcrumb":{"@id":"https:\/\/www.visit-montenegro.com\/me\/destinacije\/bar\/info\/plaze\/#breadcrumb"},"inLanguage":"sr-Latn-ME","potentialAction":[{"@type":"ReadAction","target":["https:\/\/www.visit-montenegro.com\/me\/destinacije\/bar\/info\/plaze\/"]}]},{"@type":"ImageObject","inLanguage":"sr-Latn-ME","@id":"https:\/\/www.visit-montenegro.com\/me\/destinacije\/bar\/info\/plaze\/#primaryimage","url":"https:\/\/www.visit-montenegro.com\/wp-content\/uploads\/2026\/01\/beach-guitar-scaled.jpg","contentUrl":"https:\/\/www.visit-montenegro.com\/wp-content\/uploads\/2026\/01\/beach-guitar-scaled.jpg","width":1600,"height":1068},{"@type":"BreadcrumbList","@id":"https:\/\/www.visit-montenegro.com\/me\/destinacije\/bar\/info\/plaze\/#breadcrumb","itemListElement":[{"@type":"ListItem","position":1,"name":"Home","item":"https:\/\/www.visit-montenegro.com\/me\/"},{"@type":"ListItem","position":2,"name":"Turisti\u010dke destinacije u Crnoj Gori","item":"https:\/\/www.visit-montenegro.com\/me\/destinacije\/"},{"@type":"ListItem","position":3,"name":"Bar","item":"https:\/\/www.visit-montenegro.com\/me\/destinacije\/bar\/"},{"@type":"ListItem","position":4,"name":"Vi\u0161e o Baru","item":"https:\/\/www.visit-montenegro.com\/me\/destinacije\/bar\/info\/"},{"@type":"ListItem","position":5,"name":"Pla\u017ee u Baru"}]},{"@type":"WebSite","@id":"https:\/\/www.visit-montenegro.com\/me\/#website","url":"https:\/\/www.visit-montenegro.com\/me\/","name":"Visit Montenegro","description":"Breathtaking beauty","publisher":{"@id":"https:\/\/www.visit-montenegro.com\/me\/#organization"},"potentialAction":[{"@type":"SearchAction","target":{"@type":"EntryPoint","urlTemplate":"https:\/\/www.visit-montenegro.com\/me\/?s={search_term_string}"},"query-input":{"@type":"PropertyValueSpecification","valueRequired":true,"valueName":"search_term_string"}}],"inLanguage":"sr-Latn-ME"},{"@type":"Organization","@id":"https:\/\/www.visit-montenegro.com\/me\/#organization","name":"Visit Montenegro","url":"https:\/\/www.visit-montenegro.com\/me\/","logo":{"@type":"ImageObject","inLanguage":"sr-Latn-ME","@id":"https:\/\/www.visit-montenegro.com\/me\/#\/schema\/logo\/image\/","url":"https:\/\/www.visit-montenegro.com\/wp-content\/uploads\/2017\/10\/logo-amp.png","contentUrl":"https:\/\/www.visit-montenegro.com\/wp-content\/uploads\/2017\/10\/logo-amp.png","width":190,"height":36,"caption":"Visit Montenegro"},"image":{"@id":"https:\/\/www.visit-montenegro.com\/me\/#\/schema\/logo\/image\/"},"sameAs":["https:\/\/www.facebook.com\/visitmontenegro","https:\/\/x.com\/visitmontenegro","https:\/\/www.instagram.com\/visit_montenegro\/","https:\/\/www.youtube.com\/user\/VisitMontenegro"]}]}},"_links":{"self":[{"href":"https:\/\/www.visit-montenegro.com\/me\/wp-json\/wp\/v2\/pages\/135005","targetHints":{"allow":["GET"]}}],"collection":[{"href":"https:\/\/www.visit-montenegro.com\/me\/wp-json\/wp\/v2\/pages"}],"about":[{"href":"https:\/\/www.visit-montenegro.com\/me\/wp-json\/wp\/v2\/types\/page"}],"author":[{"embeddable":true,"href":"https:\/\/www.visit-montenegro.com\/me\/wp-json\/wp\/v2\/users\/1"}],"replies":[{"embeddable":true,"href":"https:\/\/www.visit-montenegro.com\/me\/wp-json\/wp\/v2\/comments?post=135005"}],"version-history":[{"count":0,"href":"https:\/\/www.visit-montenegro.com\/me\/wp-json\/wp\/v2\/pages\/135005\/revisions"}],"up":[{"embeddable":true,"href":"https:\/\/www.visit-montenegro.com\/me\/wp-json\/wp\/v2\/pages\/135000"}],"wp:featuredmedia":[{"embeddable":true,"href":"https:\/\/www.visit-montenegro.com\/me\/wp-json\/wp\/v2\/media\/135006"}],"wp:attachment":[{"href":"https:\/\/www.visit-montenegro.com\/me\/wp-json\/wp\/v2\/media?parent=135005"}],"wp:term":[{"taxonomy":"post_tag","embeddable":true,"href":"https:\/\/www.visit-montenegro.com\/me\/wp-json\/wp\/v2\/tags?post=135005"}],"curies":[{"name":"wp","href":"https:\/\/api.w.org\/{rel}","templated":true}]}}