{"id":135015,"date":"2026-01-27T21:44:32","date_gmt":"2026-01-27T20:44:32","guid":{"rendered":"https:\/\/new.visit-montenegro.com\/destinacije\/bar\/info\/istorija\/"},"modified":"2026-02-22T17:09:07","modified_gmt":"2026-02-22T16:09:07","slug":"istorija","status":"publish","type":"page","link":"https:\/\/www.visit-montenegro.com\/me\/destinacije\/bar\/info\/istorija\/","title":{"rendered":"Istorija Bara"},"content":{"rendered":"\n<p><a href=\"https:\/\/www.visit-montenegro.com\/me\/destinacije\/bar\/\">Bar<\/a> je veoma star grad. Ne postoje precizni podaci o njegovom porijeklu, ali u istorijskim izvorima ime <a href=\"https:\/\/www.visit-montenegro.com\/me\/destinacije\/bar\/atrakcije\/stari-bar\/\">Stari Bar<\/a> se prvi put pominje u IX vijeku pod imenom Antibareos (Anti-stari). Prema informacijama iz nekih drugih izvora, porijeklo grada se smje\u0161ta izme\u0111u VI i VII vijeka, jer je u to vrijeme u Baru postojalo karakteristi\u010dno rimsko naselje.<\/p>\n\n<p>Iako postoje vrlo malo preciznih podataka o vremenu osnivanja drevnog Bara, ostaci neolitskog materijala prona\u0111eni su na \u0161irem prostoru, razni predmeti poput: eneolitske sjekire, bode\u017ea, vaza neobi\u010dne izrade itd., svjedo\u010de da je na podru\u010dju koje danas \u010dini op\u0161tinu Bar postojalo \u017eivota \u010dak u praistorijskom, ilirskom, gr\u010dkom i rimskom dobu. Ipak, najve\u0107a potvrda te teze je 2000 godina staro maslinovo drvo, koje se nalazi na mjestu zvanom Mirovica, \u0161to na drugi na\u010din svjedo\u010di da je na podru\u010dju Bara postojalo \u017eivota prije vi\u0161e od dva milenijuma. Da je Bar doista staro urbano naselje potvr\u0111uju imena grada: gr\u010dko \u2013 Antibareos, rimsko \u2013 Antibarum, i slovensko \u2013 Bar.<\/p>\n\n<figure class=\"wp-block-image size-large\"><img loading=\"lazy\" decoding=\"async\" width=\"1024\" height=\"684\" src=\"https:\/\/www.visit-montenegro.com\/wp-content\/uploads\/2026\/01\/bar-old-town-01-1024x684.jpg\" alt=\"\" class=\"wp-image-35989\" srcset=\"https:\/\/www.visit-montenegro.com\/wp-content\/uploads\/2026\/01\/bar-old-town-01-1024x684.jpg 1024w, https:\/\/www.visit-montenegro.com\/wp-content\/uploads\/2026\/01\/bar-old-town-01-300x200.jpg 300w, https:\/\/www.visit-montenegro.com\/wp-content\/uploads\/2026\/01\/bar-old-town-01-768x513.jpg 768w, https:\/\/www.visit-montenegro.com\/wp-content\/uploads\/2026\/01\/bar-old-town-01-1536x1026.jpg 1536w, https:\/\/www.visit-montenegro.com\/wp-content\/uploads\/2026\/01\/bar-old-town-01-1200x801.jpg 1200w, https:\/\/www.visit-montenegro.com\/wp-content\/uploads\/2026\/01\/bar-old-town-01-scaled.jpg 1600w\" sizes=\"auto, (max-width: 1024px) 100vw, 1024px\" \/><figcaption class=\"wp-element-caption\">Drevne kamene ru\u0161evine i sat-kula u Starom Baru na planinskom pejza\u017eu s oblacima, Crna Gora. Panoramski pogled na Stari Bar &#8211; ru\u0161evni srednjovjekovni grad na jadranskoj obali, UNESCO-va svjetska ba\u0161tina.<\/figcaption><\/figure>\n\n<p>Krajem IX vijeka Bar se pominje i pod imenom Antivari, \u0161to se prema istorijskim izvorima mo\u017ee povezati s plemenom Avara, koji su u VI i VII vijeku, zajedno sa Slovenima, naselili podru\u010dje koje danas \u010dini Crnu Goru.<\/p>\n\n<h2 class=\"wp-block-heading\">Bar pod vizantijskom i ranom crnogorskom vla\u0161\u0107u<\/h2>\n\n<p>Iako su ga Sloveni naselili po\u010detkom VII vijeka, do sredine XI vijeka Bar je ostao pod kontrolom Vizantije, ta\u010dnije, u to vrijeme Bar je bio smje\u0161ten u regionu Dirahion, istorijski poznatijem pod imenom Prevalis. Da je Bar bio veoma va\u017ean duhovni, kulturni i politi\u010dki centar govori \u010dinjenica da je do sredine VIII vijeka Bar bio centar biskupije. Za glavni grad prvog nominalno nezavisnog vladara prve crnogorske dr\u017eave \u2013 Duklje, kneza Vladimira, pominje se podru\u010dje samo nekoliko kilometara od Bara prema Skadarskom jezeru, selo Krajina na mjestu Ostros, 50 kilometara udaljeno od Bara. S obzirom da je to podru\u010dje ipak bilo u sastavu Vizantijskog carstva, 1042. godine, u poznatoj \u201eBitci kod Bara\u201c, koja se vodila na padinama Rumije, taj dio baranskog teritorija osloba\u0111a (osloba\u0111a) vladar Zete Vojislav (1017 \u2013 1050).<\/p>\n\n<p>Pretpostavlja se da je ve\u0107 1077. godine u Baru okrunjen prvi crnogorski kralj Mihailo Vojislavljevi\u0107, a kao potvrdu za takav \u010din, dobio je kraljevske oznake od pape Klementa III. Nakon toga, Barom vlada kralj Bodin Vojislavljevi\u0107 (1082 \u2013 1101). Zbog Bodinovog truda 1089. godine biskupija Bara dobija titulu nadbiskupije, a kao rezultat toga grad Bar postaje centar Bodinove dr\u017eave. Sredinom XI vijeka Bar ponovo postaje dio Duklje, a nakon 1183. ponovo ulazi u sastav Vizantijskog carstva, kada sa ostatkom Zete postaje dio dr\u017eave Nemanji\u0107a. Bar je pod kontrolom Nemanji\u0107a do 1360. godine. Tokom tog vremena do\u017eivljava pun procvat \u2013 imao je gradsku autonomiju, statut, grb i novac.<\/p>\n\n<h2 class=\"wp-block-heading\">Srednjovjekovni sukobi i mleta\u010dki uticaj<\/h2>\n\n<p>U istorijskim dokumentima se ka\u017ee da je sredinom XV vijeka Bar izvojevao pobjedu nad Dubrovnikom. Tokom 60-ih godina XIV vijeka, Barom vladaju Bal\u0161i\u0107i, kraljevska porodica koja je stvorila nezavisnu teritoriju u podru\u010dju Skadra. Tokom tog perioda princeza Jelena i Bal\u0161a III smatraju Bar svojim glavnim gradom.<\/p>\n\n<p>Nakon toga, dugo vremena, Bar se nalazi u stalnim borbama i sva\u0111ama izme\u0111u \u017eupanijskih vlastelina.<\/p>\n\n<p>1404. godine Bar preuzimaju Mle\u010dani (Mleta\u010dka Republika), koji bi 1412. godine ponovo pao u ruke Bal\u0161i\u0107a.<\/p>\n\n<p>1421. godine Bar je bio pod pokroviteljstvom despota Stefana Lazarevi\u0107a, a od 1427. godine bio je pod pokroviteljstvom despota \u0110ur\u0111a Brankovi\u0107a \u2013 kada ponovo postaje glavni grad Zete.<\/p>\n\n<p>Plja\u010dkom (zauzimanjem) grada od poznatog bosanskog gospodara Stefana Vuk\u010di\u0107a Kosa\u010de, 1443. godine Bar sa svojim primorskim podru\u010djima osvajaju Mle\u010dani. Nakon mleta\u010dke vladavine, Bar napadaju Turci. Brane\u0107i se od turske invazije, Bar kako bi o\u010duvao trajni mir, zatra\u017eio je pomo\u0107 od Mleta\u010dke Republike, u \u010demu nije uspio.<\/p>\n\n<figure class=\"wp-block-image size-large\"><img loading=\"lazy\" decoding=\"async\" width=\"1024\" height=\"683\" src=\"https:\/\/www.visit-montenegro.com\/wp-content\/uploads\/2026\/01\/bar-old-town-mosque-1024x683.jpg\" alt=\"\" class=\"wp-image-35991\" srcset=\"https:\/\/www.visit-montenegro.com\/wp-content\/uploads\/2026\/01\/bar-old-town-mosque-1024x683.jpg 1024w, https:\/\/www.visit-montenegro.com\/wp-content\/uploads\/2026\/01\/bar-old-town-mosque-300x200.jpg 300w, https:\/\/www.visit-montenegro.com\/wp-content\/uploads\/2026\/01\/bar-old-town-mosque-768x512.jpg 768w, https:\/\/www.visit-montenegro.com\/wp-content\/uploads\/2026\/01\/bar-old-town-mosque-1536x1024.jpg 1536w, https:\/\/www.visit-montenegro.com\/wp-content\/uploads\/2026\/01\/bar-old-town-mosque-1200x800.jpg 1200w, https:\/\/www.visit-montenegro.com\/wp-content\/uploads\/2026\/01\/bar-old-town-mosque-scaled.jpg 1600w\" sizes=\"auto, (max-width: 1024px) 100vw, 1024px\" \/><figcaption class=\"wp-element-caption\">D\u017eamija u gradu Baru, Crna Gora<\/figcaption><\/figure>\n\n<h2 class=\"wp-block-heading\">Osmanska vlast i moderni razvoj<\/h2>\n\n<p>Turci, koji su vladali tim podru\u010djem 307 godina, osvojili su Bar 1571. godine. 1878. godine, Bar osloba\u0111aju od Turaka Crnogorci. Iste godine, 1878., na Berlinskom kongresu Crna Gora je progla\u0161ena nezavisnom, pa grad Bar dobija veliki zna\u010daj i ugled. Kako je tokom oslobo\u0111enja 1878. godine Bar bio duboko razoren, Ministarski savjet Kne\u017eevine Crne Gore 1908. godine donosi odluku da zapo\u010dne izgradnju novog grada, koji \u0107e se nazvati Bar.<\/p>\n\n<p>S vremenom veliki broj gra\u0111ana Bara po\u010dinje se seliti u ju\u017ene dijelove grada, uglavnom naseljavaju\u0107i podru\u010dje pored morske obale, gdje po\u010detkom XX vijeka nastaje podru\u010dje poznatije kao Pristan (Luka), na \u010dijem je mjestu postavljen temelj Novog Bara. Danas se Novi Bar smatra urbanisti\u010dki najorganizovanijim, modernim arhitektonskim sklopom u Crnoj Gori. \u0160iroki bulevari ukra\u0161eni palmama, oleandrima i drugim egzoti\u010dnim mediteranskim drve\u0107em koji se pa\u017eljivo \u010duvaju i njeguju, uz srda\u010dnu brigu javnih radnika, u\u010dinili su da je nekoliko godina zaredom (uglavnom u posljednjoj deceniji XX vijeka), Bar progla\u0161en za naj\u010distiji grad u Saveznoj Republici Jugoslaviji.<\/p>\n\n<p>Kao i u drugim primorskim gradovima do 1928. godine Bar je bio pod austrougarskom upravom. Nakon oslobo\u0111enja od Austro-Ugarske, do 1941. godine Bar je dio Kraljevine Jugoslavije (dr\u017eave Srba, Hrvata i Slovenaca).<\/p>\n\n<p>Tokom Drugog svjetskog rata (1941 \u2013 1945) Bar je bio pod stranom kontrolom. U to vrijeme, italijanska i njema\u010dka vojska kontrolisale su Bar. Bore\u0107i se protiv okupatora (osvaja\u010da) partizanska vojska oslobodila je Bar u novembru 1944. godine. Od tada i do 1991. godine Bar je bio dio Socijalisti\u010dke Federativne Republike Jugoslavije.<\/p>\n\n<p>U poslijeratnom periodu, posebno tokom 60-ih godina XX vijeka Bar se razvio u poznati lu\u010dki centar Crne Gore i biv\u0161e Jugoslavije. Tako\u0111e, pored lu\u010dkog i pomorskog saobra\u0107aja, Bar je danas poznat po razvoju turizma, ekonomije i sporta.<\/p>\n","protected":false},"excerpt":{"rendered":"<p>Istra\u017eite bogatu istoriju Bara, Crna Gora, od drevnih po\u010detaka do modernog razvoja. Otkrijte kako se ovaj primorski grad razvijao kroz vizantijsku, mleta\u010dku i osmansku vlast, oblikuju\u0107i svoje jedinstveno kulturno naslje\u0111e.<\/p>\n","protected":false},"author":1,"featured_media":135016,"parent":135000,"menu_order":0,"comment_status":"closed","ping_status":"closed","template":"","meta":{"_yoast_wpseo_focuskw":"Istorija Bara","_yoast_wpseo_metadesc":"Otkrijte fascinantnu istoriju Bara, Crna Gora. Od drevnih po\u010detaka do modernog rasta, saznajte kako je ovaj grad oblikovao naslje\u0111e Crne Gore. Planirajte svoj posjet danas!","_kad_post_transparent":"","_kad_post_title":"","_kad_post_layout":"","_kad_post_sidebar_id":"","_kad_post_content_style":"","_kad_post_vertical_padding":"","_kad_post_feature":"","_kad_post_feature_position":"","_kad_post_header":false,"_kad_post_footer":false,"_kad_post_classname":"","iawp_total_views":34,"footnotes":""},"tags":[],"class_list":["post-135015","page","type-page","status-publish","has-post-thumbnail","hentry"],"yoast_head":"<!-- This site is optimized with the Yoast SEO plugin v27.3 - https:\/\/yoast.com\/product\/yoast-seo-wordpress\/ -->\n<title>Istorija Bara - Visit Montenegro<\/title>\n<meta name=\"description\" content=\"Otkrijte fascinantnu istoriju Bara, Crna Gora. Od drevnih po\u010detaka do modernog rasta, saznajte kako je ovaj grad oblikovao naslje\u0111e Crne Gore. Planirajte svoj posjet danas!\" \/>\n<meta name=\"robots\" content=\"index, follow, max-snippet:-1, max-image-preview:large, max-video-preview:-1\" \/>\n<link rel=\"canonical\" href=\"https:\/\/www.visit-montenegro.com\/me\/destinacije\/bar\/info\/istorija\/\" \/>\n<meta property=\"og:locale\" content=\"en_US\" \/>\n<meta property=\"og:type\" content=\"article\" \/>\n<meta property=\"og:title\" content=\"Istorija Bara - Visit Montenegro\" \/>\n<meta property=\"og:description\" content=\"Otkrijte fascinantnu istoriju Bara, Crna Gora. Od drevnih po\u010detaka do modernog rasta, saznajte kako je ovaj grad oblikovao naslje\u0111e Crne Gore. Planirajte svoj posjet danas!\" \/>\n<meta property=\"og:url\" content=\"https:\/\/www.visit-montenegro.com\/me\/destinacije\/bar\/info\/istorija\/\" \/>\n<meta property=\"og:site_name\" content=\"Visit Montenegro\" \/>\n<meta property=\"article:publisher\" content=\"https:\/\/www.facebook.com\/visitmontenegro\" \/>\n<meta property=\"article:modified_time\" content=\"2026-02-22T16:09:07+00:00\" \/>\n<meta property=\"og:image\" content=\"https:\/\/www.visit-montenegro.com\/wp-content\/uploads\/2026\/01\/bar-old-town-detail-scaled.jpg\" \/>\n\t<meta property=\"og:image:width\" content=\"1600\" \/>\n\t<meta property=\"og:image:height\" content=\"1068\" \/>\n\t<meta property=\"og:image:type\" content=\"image\/jpeg\" \/>\n<meta name=\"twitter:card\" content=\"summary_large_image\" \/>\n<meta name=\"twitter:site\" content=\"@visitmontenegro\" \/>\n<meta name=\"twitter:label1\" content=\"Est. reading time\" \/>\n\t<meta name=\"twitter:data1\" content=\"5 minutes\" \/>\n<script type=\"application\/ld+json\" class=\"yoast-schema-graph\">{\"@context\":\"https:\\\/\\\/schema.org\",\"@graph\":[{\"@type\":\"WebPage\",\"@id\":\"https:\\\/\\\/www.visit-montenegro.com\\\/me\\\/destinacije\\\/bar\\\/info\\\/istorija\\\/\",\"url\":\"https:\\\/\\\/www.visit-montenegro.com\\\/me\\\/destinacije\\\/bar\\\/info\\\/istorija\\\/\",\"name\":\"Istorija Bara - Visit Montenegro\",\"isPartOf\":{\"@id\":\"https:\\\/\\\/www.visit-montenegro.com\\\/me\\\/#website\"},\"primaryImageOfPage\":{\"@id\":\"https:\\\/\\\/www.visit-montenegro.com\\\/me\\\/destinacije\\\/bar\\\/info\\\/istorija\\\/#primaryimage\"},\"image\":{\"@id\":\"https:\\\/\\\/www.visit-montenegro.com\\\/me\\\/destinacije\\\/bar\\\/info\\\/istorija\\\/#primaryimage\"},\"thumbnailUrl\":\"https:\\\/\\\/www.visit-montenegro.com\\\/wp-content\\\/uploads\\\/2026\\\/01\\\/bar-old-town-detail-scaled.jpg\",\"datePublished\":\"2026-01-27T20:44:32+00:00\",\"dateModified\":\"2026-02-22T16:09:07+00:00\",\"description\":\"Otkrijte fascinantnu istoriju Bara, Crna Gora. Od drevnih po\u010detaka do modernog rasta, saznajte kako je ovaj grad oblikovao naslje\u0111e Crne Gore. Planirajte svoj posjet danas!\",\"breadcrumb\":{\"@id\":\"https:\\\/\\\/www.visit-montenegro.com\\\/me\\\/destinacije\\\/bar\\\/info\\\/istorija\\\/#breadcrumb\"},\"inLanguage\":\"sr-Latn-ME\",\"potentialAction\":[{\"@type\":\"ReadAction\",\"target\":[\"https:\\\/\\\/www.visit-montenegro.com\\\/me\\\/destinacije\\\/bar\\\/info\\\/istorija\\\/\"]}]},{\"@type\":\"ImageObject\",\"inLanguage\":\"sr-Latn-ME\",\"@id\":\"https:\\\/\\\/www.visit-montenegro.com\\\/me\\\/destinacije\\\/bar\\\/info\\\/istorija\\\/#primaryimage\",\"url\":\"https:\\\/\\\/www.visit-montenegro.com\\\/wp-content\\\/uploads\\\/2026\\\/01\\\/bar-old-town-detail-scaled.jpg\",\"contentUrl\":\"https:\\\/\\\/www.visit-montenegro.com\\\/wp-content\\\/uploads\\\/2026\\\/01\\\/bar-old-town-detail-scaled.jpg\",\"width\":1600,\"height\":1068,\"caption\":\"Drevne kamene ru\u0161evine s br\u0161ljanom, tvr\u0111avski zid i kapije u Starom Baru, Crna Gora. Stari Bar - ru\u0161evni srednjovjekovni grad na jadranskoj obali, UNESCO-va svjetska ba\u0161tina.\"},{\"@type\":\"BreadcrumbList\",\"@id\":\"https:\\\/\\\/www.visit-montenegro.com\\\/me\\\/destinacije\\\/bar\\\/info\\\/istorija\\\/#breadcrumb\",\"itemListElement\":[{\"@type\":\"ListItem\",\"position\":1,\"name\":\"Home\",\"item\":\"https:\\\/\\\/www.visit-montenegro.com\\\/me\\\/pocetna\\\/\"},{\"@type\":\"ListItem\",\"position\":2,\"name\":\"Turisti\u010dke destinacije u Crnoj Gori\",\"item\":\"https:\\\/\\\/www.visit-montenegro.com\\\/me\\\/destinacije\\\/\"},{\"@type\":\"ListItem\",\"position\":3,\"name\":\"Bar\",\"item\":\"https:\\\/\\\/www.visit-montenegro.com\\\/me\\\/destinacije\\\/bar\\\/\"},{\"@type\":\"ListItem\",\"position\":4,\"name\":\"Vi\u0161e o Baru\",\"item\":\"https:\\\/\\\/www.visit-montenegro.com\\\/me\\\/destinacije\\\/bar\\\/info\\\/\"},{\"@type\":\"ListItem\",\"position\":5,\"name\":\"Istorija Bara\"}]},{\"@type\":\"WebSite\",\"@id\":\"https:\\\/\\\/www.visit-montenegro.com\\\/me\\\/#website\",\"url\":\"https:\\\/\\\/www.visit-montenegro.com\\\/me\\\/\",\"name\":\"Visit Montenegro\",\"description\":\"Breathtaking beauty\",\"publisher\":{\"@id\":\"https:\\\/\\\/www.visit-montenegro.com\\\/me\\\/#organization\"},\"potentialAction\":[{\"@type\":\"SearchAction\",\"target\":{\"@type\":\"EntryPoint\",\"urlTemplate\":\"https:\\\/\\\/www.visit-montenegro.com\\\/me\\\/?s={search_term_string}\"},\"query-input\":{\"@type\":\"PropertyValueSpecification\",\"valueRequired\":true,\"valueName\":\"search_term_string\"}}],\"inLanguage\":\"sr-Latn-ME\"},{\"@type\":\"Organization\",\"@id\":\"https:\\\/\\\/www.visit-montenegro.com\\\/me\\\/#organization\",\"name\":\"Visit Montenegro\",\"url\":\"https:\\\/\\\/www.visit-montenegro.com\\\/me\\\/\",\"logo\":{\"@type\":\"ImageObject\",\"inLanguage\":\"sr-Latn-ME\",\"@id\":\"https:\\\/\\\/www.visit-montenegro.com\\\/me\\\/#\\\/schema\\\/logo\\\/image\\\/\",\"url\":\"https:\\\/\\\/www.visit-montenegro.com\\\/wp-content\\\/uploads\\\/2017\\\/10\\\/logo-amp.png\",\"contentUrl\":\"https:\\\/\\\/www.visit-montenegro.com\\\/wp-content\\\/uploads\\\/2017\\\/10\\\/logo-amp.png\",\"width\":190,\"height\":36,\"caption\":\"Visit Montenegro\"},\"image\":{\"@id\":\"https:\\\/\\\/www.visit-montenegro.com\\\/me\\\/#\\\/schema\\\/logo\\\/image\\\/\"},\"sameAs\":[\"https:\\\/\\\/www.facebook.com\\\/visitmontenegro\",\"https:\\\/\\\/x.com\\\/visitmontenegro\",\"https:\\\/\\\/www.instagram.com\\\/visit_montenegro\\\/\",\"https:\\\/\\\/www.youtube.com\\\/user\\\/VisitMontenegro\"]}]}<\/script>\n<!-- \/ Yoast SEO plugin. -->","yoast_head_json":{"title":"Istorija Bara - Visit Montenegro","description":"Otkrijte fascinantnu istoriju Bara, Crna Gora. Od drevnih po\u010detaka do modernog rasta, saznajte kako je ovaj grad oblikovao naslje\u0111e Crne Gore. Planirajte svoj posjet danas!","robots":{"index":"index","follow":"follow","max-snippet":"max-snippet:-1","max-image-preview":"max-image-preview:large","max-video-preview":"max-video-preview:-1"},"canonical":"https:\/\/www.visit-montenegro.com\/me\/destinacije\/bar\/info\/istorija\/","og_locale":"en_US","og_type":"article","og_title":"Istorija Bara - Visit Montenegro","og_description":"Otkrijte fascinantnu istoriju Bara, Crna Gora. Od drevnih po\u010detaka do modernog rasta, saznajte kako je ovaj grad oblikovao naslje\u0111e Crne Gore. Planirajte svoj posjet danas!","og_url":"https:\/\/www.visit-montenegro.com\/me\/destinacije\/bar\/info\/istorija\/","og_site_name":"Visit Montenegro","article_publisher":"https:\/\/www.facebook.com\/visitmontenegro","article_modified_time":"2026-02-22T16:09:07+00:00","og_image":[{"width":1600,"height":1068,"url":"https:\/\/www.visit-montenegro.com\/wp-content\/uploads\/2026\/01\/bar-old-town-detail-scaled.jpg","type":"image\/jpeg"}],"twitter_card":"summary_large_image","twitter_site":"@visitmontenegro","twitter_misc":{"Est. reading time":"5 minutes"},"schema":{"@context":"https:\/\/schema.org","@graph":[{"@type":"WebPage","@id":"https:\/\/www.visit-montenegro.com\/me\/destinacije\/bar\/info\/istorija\/","url":"https:\/\/www.visit-montenegro.com\/me\/destinacije\/bar\/info\/istorija\/","name":"Istorija Bara - Visit Montenegro","isPartOf":{"@id":"https:\/\/www.visit-montenegro.com\/me\/#website"},"primaryImageOfPage":{"@id":"https:\/\/www.visit-montenegro.com\/me\/destinacije\/bar\/info\/istorija\/#primaryimage"},"image":{"@id":"https:\/\/www.visit-montenegro.com\/me\/destinacije\/bar\/info\/istorija\/#primaryimage"},"thumbnailUrl":"https:\/\/www.visit-montenegro.com\/wp-content\/uploads\/2026\/01\/bar-old-town-detail-scaled.jpg","datePublished":"2026-01-27T20:44:32+00:00","dateModified":"2026-02-22T16:09:07+00:00","description":"Otkrijte fascinantnu istoriju Bara, Crna Gora. Od drevnih po\u010detaka do modernog rasta, saznajte kako je ovaj grad oblikovao naslje\u0111e Crne Gore. Planirajte svoj posjet danas!","breadcrumb":{"@id":"https:\/\/www.visit-montenegro.com\/me\/destinacije\/bar\/info\/istorija\/#breadcrumb"},"inLanguage":"sr-Latn-ME","potentialAction":[{"@type":"ReadAction","target":["https:\/\/www.visit-montenegro.com\/me\/destinacije\/bar\/info\/istorija\/"]}]},{"@type":"ImageObject","inLanguage":"sr-Latn-ME","@id":"https:\/\/www.visit-montenegro.com\/me\/destinacije\/bar\/info\/istorija\/#primaryimage","url":"https:\/\/www.visit-montenegro.com\/wp-content\/uploads\/2026\/01\/bar-old-town-detail-scaled.jpg","contentUrl":"https:\/\/www.visit-montenegro.com\/wp-content\/uploads\/2026\/01\/bar-old-town-detail-scaled.jpg","width":1600,"height":1068,"caption":"Drevne kamene ru\u0161evine s br\u0161ljanom, tvr\u0111avski zid i kapije u Starom Baru, Crna Gora. Stari Bar - ru\u0161evni srednjovjekovni grad na jadranskoj obali, UNESCO-va svjetska ba\u0161tina."},{"@type":"BreadcrumbList","@id":"https:\/\/www.visit-montenegro.com\/me\/destinacije\/bar\/info\/istorija\/#breadcrumb","itemListElement":[{"@type":"ListItem","position":1,"name":"Home","item":"https:\/\/www.visit-montenegro.com\/me\/pocetna\/"},{"@type":"ListItem","position":2,"name":"Turisti\u010dke destinacije u Crnoj Gori","item":"https:\/\/www.visit-montenegro.com\/me\/destinacije\/"},{"@type":"ListItem","position":3,"name":"Bar","item":"https:\/\/www.visit-montenegro.com\/me\/destinacije\/bar\/"},{"@type":"ListItem","position":4,"name":"Vi\u0161e o Baru","item":"https:\/\/www.visit-montenegro.com\/me\/destinacije\/bar\/info\/"},{"@type":"ListItem","position":5,"name":"Istorija Bara"}]},{"@type":"WebSite","@id":"https:\/\/www.visit-montenegro.com\/me\/#website","url":"https:\/\/www.visit-montenegro.com\/me\/","name":"Visit Montenegro","description":"Breathtaking beauty","publisher":{"@id":"https:\/\/www.visit-montenegro.com\/me\/#organization"},"potentialAction":[{"@type":"SearchAction","target":{"@type":"EntryPoint","urlTemplate":"https:\/\/www.visit-montenegro.com\/me\/?s={search_term_string}"},"query-input":{"@type":"PropertyValueSpecification","valueRequired":true,"valueName":"search_term_string"}}],"inLanguage":"sr-Latn-ME"},{"@type":"Organization","@id":"https:\/\/www.visit-montenegro.com\/me\/#organization","name":"Visit Montenegro","url":"https:\/\/www.visit-montenegro.com\/me\/","logo":{"@type":"ImageObject","inLanguage":"sr-Latn-ME","@id":"https:\/\/www.visit-montenegro.com\/me\/#\/schema\/logo\/image\/","url":"https:\/\/www.visit-montenegro.com\/wp-content\/uploads\/2017\/10\/logo-amp.png","contentUrl":"https:\/\/www.visit-montenegro.com\/wp-content\/uploads\/2017\/10\/logo-amp.png","width":190,"height":36,"caption":"Visit Montenegro"},"image":{"@id":"https:\/\/www.visit-montenegro.com\/me\/#\/schema\/logo\/image\/"},"sameAs":["https:\/\/www.facebook.com\/visitmontenegro","https:\/\/x.com\/visitmontenegro","https:\/\/www.instagram.com\/visit_montenegro\/","https:\/\/www.youtube.com\/user\/VisitMontenegro"]}]}},"translations":[],"_links":{"self":[{"href":"https:\/\/www.visit-montenegro.com\/me\/wp-json\/wp\/v2\/pages\/135015","targetHints":{"allow":["GET"]}}],"collection":[{"href":"https:\/\/www.visit-montenegro.com\/me\/wp-json\/wp\/v2\/pages"}],"about":[{"href":"https:\/\/www.visit-montenegro.com\/me\/wp-json\/wp\/v2\/types\/page"}],"author":[{"embeddable":true,"href":"https:\/\/www.visit-montenegro.com\/me\/wp-json\/wp\/v2\/users\/1"}],"replies":[{"embeddable":true,"href":"https:\/\/www.visit-montenegro.com\/me\/wp-json\/wp\/v2\/comments?post=135015"}],"version-history":[{"count":0,"href":"https:\/\/www.visit-montenegro.com\/me\/wp-json\/wp\/v2\/pages\/135015\/revisions"}],"up":[{"embeddable":true,"href":"https:\/\/www.visit-montenegro.com\/me\/wp-json\/wp\/v2\/pages\/135000"}],"wp:featuredmedia":[{"embeddable":true,"href":"https:\/\/www.visit-montenegro.com\/me\/wp-json\/wp\/v2\/media\/135016"}],"wp:attachment":[{"href":"https:\/\/www.visit-montenegro.com\/me\/wp-json\/wp\/v2\/media?parent=135015"}],"wp:term":[{"taxonomy":"post_tag","embeddable":true,"href":"https:\/\/www.visit-montenegro.com\/me\/wp-json\/wp\/v2\/tags?post=135015"}],"curies":[{"name":"wp","href":"https:\/\/api.w.org\/{rel}","templated":true}]}}