{"id":135023,"date":"2026-01-27T21:44:32","date_gmt":"2026-01-27T20:44:32","guid":{"rendered":"https:\/\/new.visit-montenegro.com\/destinacije\/cetinje\/atrakcije\/njegos-mausoleum\/"},"modified":"2026-02-22T17:09:07","modified_gmt":"2026-02-22T16:09:07","slug":"njegos-mausoleum","status":"publish","type":"page","link":"https:\/\/www.visit-montenegro.com\/me\/destinacije\/cetinje\/atrakcije\/njegos-mausoleum\/","title":{"rendered":"Njego\u0161ev mauzolej"},"content":{"rendered":"\n<p><strong>Njego\u0161ev mauzolej<\/strong> je najvi\u0161i mauzolej na svijetu, smje\u0161ten na planini Lov\u0107en u Crnoj Gori. Posve\u0107en je Petru II Petrovi\u0107u Njego\u0161u i nudi zadivljuju\u0107e poglede na jadransku obalu i okolne pejza\u017ee, spajaju\u0107i prirodnu ljepotu sa historijskim zna\u010dajem.<\/p>\n\n<hr class=\"wp-block-separator has-alpha-channel-opacity\"\/>\n\n<h2 class=\"wp-block-heading\">Uvod u Njego\u0161ev mauzolej<\/h2>\n\n<p>Najimpresivnija i vrlo misti\u010dna destinacija Crne Gore je <strong>Njego\u0161ev mauzolej<\/strong> na planini Lov\u0107en. Do njega mo\u017eete do\u0107i autom iz Cetinja, udaljenog 13 kilometara, prolaze\u0107i kroz klimatsko lje\u010dili\u0161te Ivanove korite. Vo\u017enja kroz \u0161ume bukve, hrasta i lipe nudi svje\u017e, prozra\u010dan zrak koji raspr\u0161uje ljetnu vru\u0107inu obale.<\/p>\n\n<p>Mauzolej se nalazi na Jezerskom vrhu, na 1.660 metara nadmorske visine, \u0161to ga \u010dini najvi\u0161im na svijetu. Asfaltni put vodi do njegovog podno\u017eja, vijugaju\u0107i kroz visove. Po dolasku, plato ima restoran sa prodajnom mjestom za ulaznice i suvenirnicom. Nadalje, \u010duvar ili vodi\u010d pru\u017ea obilje informacija o Petru II Petrovi\u0107u Njego\u0161u i crnogorskoj historiji.<\/p>\n\n<figure class=\"wp-block-image size-large\"><img loading=\"lazy\" decoding=\"async\" width=\"1024\" height=\"684\" src=\"https:\/\/www.visit-montenegro.com\/wp-content\/uploads\/2026\/01\/lovcen-mausoleum-njegos-monument-1024x684.jpg\" alt=\"\" class=\"wp-image-36034\" srcset=\"https:\/\/www.visit-montenegro.com\/wp-content\/uploads\/2026\/01\/lovcen-mausoleum-njegos-monument-1024x684.jpg 1024w, https:\/\/www.visit-montenegro.com\/wp-content\/uploads\/2026\/01\/lovcen-mausoleum-njegos-monument-300x200.jpg 300w, https:\/\/www.visit-montenegro.com\/wp-content\/uploads\/2026\/01\/lovcen-mausoleum-njegos-monument-768x513.jpg 768w, https:\/\/www.visit-montenegro.com\/wp-content\/uploads\/2026\/01\/lovcen-mausoleum-njegos-monument-1536x1026.jpg 1536w, https:\/\/www.visit-montenegro.com\/wp-content\/uploads\/2026\/01\/lovcen-mausoleum-njegos-monument-1200x801.jpg 1200w, https:\/\/www.visit-montenegro.com\/wp-content\/uploads\/2026\/01\/lovcen-mausoleum-njegos-monument-scaled.jpg 1600w\" sizes=\"auto, (max-width: 1024px) 100vw, 1024px\" \/><figcaption class=\"wp-element-caption\">Pogled na zgradu Njego\u0161evog mauzoleja u Nacionalnom parku Lov\u0107en, Crna Gora<\/figcaption><\/figure>\n\n<h2 class=\"wp-block-heading\">Arhitektura i izgradnja mauzoleja<\/h2>\n\n<p>Sa platoa, 461 kamenih stepenica i mramorni tunel vode do ulaza u <strong>Njego\u0161ev mauzolej<\/strong>. Izgradnja je trajala pet godina, koriste\u0107i nekoliko tona kamena. Ideja je potekla od kipara Ivana Me\u0161trovi\u0107a, i zamijenila je Njego\u0161evo originalno mjesto pokopa u kapeli.<\/p>\n\n<figure class=\"wp-block-image size-large\"><img loading=\"lazy\" decoding=\"async\" width=\"1024\" height=\"680\" src=\"https:\/\/www.visit-montenegro.com\/wp-content\/uploads\/2026\/01\/lovcen-mausoleum-njegos-tunnel-1024x680.jpg\" alt=\"\" class=\"wp-image-36037\" srcset=\"https:\/\/www.visit-montenegro.com\/wp-content\/uploads\/2026\/01\/lovcen-mausoleum-njegos-tunnel-1024x680.jpg 1024w, https:\/\/www.visit-montenegro.com\/wp-content\/uploads\/2026\/01\/lovcen-mausoleum-njegos-tunnel-300x199.jpg 300w, https:\/\/www.visit-montenegro.com\/wp-content\/uploads\/2026\/01\/lovcen-mausoleum-njegos-tunnel-768x510.jpg 768w, https:\/\/www.visit-montenegro.com\/wp-content\/uploads\/2026\/01\/lovcen-mausoleum-njegos-tunnel-1536x1020.jpg 1536w, https:\/\/www.visit-montenegro.com\/wp-content\/uploads\/2026\/01\/lovcen-mausoleum-njegos-tunnel-1200x797.jpg 1200w, https:\/\/www.visit-montenegro.com\/wp-content\/uploads\/2026\/01\/lovcen-mausoleum-njegos-tunnel-scaled.jpg 1600w\" sizes=\"auto, (max-width: 1024px) 100vw, 1024px\" \/><figcaption class=\"wp-element-caption\">Stepenice do Njego\u0161evog mauzoleja, planina Lov\u0107en, <a href=\"https:\/\/www.visit-montenegro.com\/me\/destinacije\/cetinje\/\">Cetinje<\/a><\/figcaption><\/figure>\n\n<p>Fasada mauzoleja prikazuje Njego\u0161evu veli\u010danstvenu figuru od finog kamena, te\u0161ku 28 tona, nadvi\u0161enu sivim orlom. Unutra, dvije kamene karijatide te\u0161ke su 7,5 tona. U kripti, bijeli mramorni sarkofag \u010duva njegove posmrtne ostatke, sa 18 kg zlata raspr\u0161enog kao 27.000 zrna na zidovima. Nadgrobni spomenik glasi &#8220;Njego\u0161 1813. \u2013 1851.&#8221;<\/p>\n\n<figure class=\"wp-block-image size-large\"><img loading=\"lazy\" decoding=\"async\" width=\"1024\" height=\"683\" src=\"https:\/\/www.visit-montenegro.com\/wp-content\/uploads\/2026\/01\/lovcen-mausoleum-njegos-tomb-1024x683.jpg\" alt=\"\" class=\"wp-image-36036\" srcset=\"https:\/\/www.visit-montenegro.com\/wp-content\/uploads\/2026\/01\/lovcen-mausoleum-njegos-tomb-1024x683.jpg 1024w, https:\/\/www.visit-montenegro.com\/wp-content\/uploads\/2026\/01\/lovcen-mausoleum-njegos-tomb-300x200.jpg 300w, https:\/\/www.visit-montenegro.com\/wp-content\/uploads\/2026\/01\/lovcen-mausoleum-njegos-tomb-768x512.jpg 768w, https:\/\/www.visit-montenegro.com\/wp-content\/uploads\/2026\/01\/lovcen-mausoleum-njegos-tomb-1536x1024.jpg 1536w, https:\/\/www.visit-montenegro.com\/wp-content\/uploads\/2026\/01\/lovcen-mausoleum-njegos-tomb-1200x800.jpg 1200w, https:\/\/www.visit-montenegro.com\/wp-content\/uploads\/2026\/01\/lovcen-mausoleum-njegos-tomb-scaled.jpg 1600w\" sizes=\"auto, (max-width: 1024px) 100vw, 1024px\" \/><figcaption class=\"wp-element-caption\">\u010cuveni mauzolej Njego\u0161a na planini Lov\u0107en. Njego\u0161 je crnogorski vladar, historijska li\u010dnost.<\/figcaption><\/figure>\n\n<h2 class=\"wp-block-heading\">Posjeta Njego\u0161evom mauzoleju i okolini<\/h2>\n\n<p>Posjete su najbrojnije od maja do oktobra, privla\u010de\u0107i hiljade ljudi na planinu Lov\u0107en. Pogled se prote\u017ee na Kotorski zaliv, otvoreno more, Skadarsko jezero, <a href=\"https:\/\/www.visit-montenegro.com\/me\/destinacije\/plav\/atrakcije\/prokletije\/\">Prokletije<\/a> i Cetinje. Sa <strong>Njego\u0161evog mauzoleja<\/strong>, mo\u017eete fotografirati ove scene kao trajne uspomene. Dodatno, kameni put vodi do crnogorske gumne, historijskog mjesta okupljanja.<\/p>\n\n<p>Penjanje stepenicama zahtijeva napor, ali kratke pauze omogu\u0107avaju razgledanje. Po povratku, posjetite restoran &#8220;Vidikovac&#8221; za odli\u010dne poglede. Posjeta zahtijeva odlu\u010dnost i dobru volju, ali iskustvo na Lov\u0107enu je nezaboravno. Od ulaza, skrenuv\u0161i desno, put nudi kratku \u0161etnju do ovog kulturnog mjesta.<\/p>\n\n<figure class=\"wp-block-image size-large\"><img loading=\"lazy\" decoding=\"async\" width=\"1024\" height=\"633\" src=\"https:\/\/www.visit-montenegro.com\/wp-content\/uploads\/2026\/01\/lovcen-gumno-1024x633.jpg\" alt=\"\" class=\"wp-image-36032\" srcset=\"https:\/\/www.visit-montenegro.com\/wp-content\/uploads\/2026\/01\/lovcen-gumno-1024x633.jpg 1024w, https:\/\/www.visit-montenegro.com\/wp-content\/uploads\/2026\/01\/lovcen-gumno-300x185.jpg 300w, https:\/\/www.visit-montenegro.com\/wp-content\/uploads\/2026\/01\/lovcen-gumno-768x475.jpg 768w, https:\/\/www.visit-montenegro.com\/wp-content\/uploads\/2026\/01\/lovcen-gumno-1536x950.jpg 1536w, https:\/\/www.visit-montenegro.com\/wp-content\/uploads\/2026\/01\/lovcen-gumno-1200x742.jpg 1200w, https:\/\/www.visit-montenegro.com\/wp-content\/uploads\/2026\/01\/lovcen-gumno-scaled.jpg 1600w\" sizes=\"auto, (max-width: 1024px) 100vw, 1024px\" \/><figcaption class=\"wp-element-caption\">Vidikovac se nalazi na vrhu visoke planine.<\/figcaption><\/figure>\n\n<h3 class=\"wp-block-heading\">Kako do\u0107i do Njego\u0161evog mauzoleja<\/h3>\n\n<p>Iz Budve ili obalnih mjesta, do Lov\u0107ena mo\u017eete do\u0107i autom, iznajmljenim vozilom, taksijem, autobusom ili organizovanim turima. Vo\u017enjom iz Ivanovih korita, idite rutom preko sedla Krstac na putu Kotor\u2013<a href=\"https:\/\/www.visit-montenegro.com\/me\/destinacije\/cetinje\/atrakcije\/njegusi\/\">Njegu\u0161i<\/a>\u2013Cetinje. Za entuzijaste rekreacije, hodanje je opcija preko ozna\u010denih planinskih staza iz Budve, Tivta, Cetinja ili Njegu\u0161a.<\/p>\n","protected":false},"excerpt":{"rendered":"<p>Istra\u017eite Njego\u0161ev mauzolej, najvi\u0161i mauzolej na svijetu na planini Lov\u0107en. Otkrijte njegovu impresivnu arhitekturu, zadivljuju\u0107e poglede i bogatu crnogorsku historiju u ovom detaljnom vodi\u010du.<\/p>\n","protected":false},"author":1,"featured_media":135024,"parent":134806,"menu_order":0,"comment_status":"closed","ping_status":"closed","template":"","meta":{"_yoast_wpseo_focuskw":"Njego\u0161ev mauzolej","_yoast_wpseo_metadesc":"Posjetite Njego\u0161ev mauzolej, najvi\u0161i mauzolej na svijetu na planini Lov\u0107en. Do\u017eivite zadivljuju\u0107e poglede i crnogorsku historiju u ovoj destinaciji koju morate vidjeti.","_kad_post_transparent":"","_kad_post_title":"","_kad_post_layout":"","_kad_post_sidebar_id":"","_kad_post_content_style":"","_kad_post_vertical_padding":"","_kad_post_feature":"","_kad_post_feature_position":"","_kad_post_header":false,"_kad_post_footer":false,"_kad_post_classname":"","iawp_total_views":59,"footnotes":""},"tags":[],"class_list":["post-135023","page","type-page","status-publish","has-post-thumbnail","hentry"],"yoast_head":"<!-- This site is optimized with the Yoast SEO plugin v27.3 - https:\/\/yoast.com\/product\/yoast-seo-wordpress\/ -->\n<title>Njego\u0161ev mauzolej - Visit Montenegro<\/title>\n<meta name=\"description\" content=\"Posjetite Njego\u0161ev mauzolej, najvi\u0161i mauzolej na svijetu na planini Lov\u0107en. Do\u017eivite zadivljuju\u0107e poglede i crnogorsku historiju u ovoj destinaciji koju morate vidjeti.\" \/>\n<meta name=\"robots\" content=\"index, follow, max-snippet:-1, max-image-preview:large, max-video-preview:-1\" \/>\n<link rel=\"canonical\" href=\"https:\/\/www.visit-montenegro.com\/me\/destinacije\/cetinje\/atrakcije\/njegos-mausoleum\/\" \/>\n<meta property=\"og:locale\" content=\"en_US\" \/>\n<meta property=\"og:type\" content=\"article\" \/>\n<meta property=\"og:title\" content=\"Njego\u0161ev mauzolej - Visit Montenegro\" \/>\n<meta property=\"og:description\" content=\"Posjetite Njego\u0161ev mauzolej, najvi\u0161i mauzolej na svijetu na planini Lov\u0107en. Do\u017eivite zadivljuju\u0107e poglede i crnogorsku historiju u ovoj destinaciji koju morate vidjeti.\" \/>\n<meta property=\"og:url\" content=\"https:\/\/www.visit-montenegro.com\/me\/destinacije\/cetinje\/atrakcije\/njegos-mausoleum\/\" \/>\n<meta property=\"og:site_name\" content=\"Visit Montenegro\" \/>\n<meta property=\"article:publisher\" content=\"https:\/\/www.facebook.com\/visitmontenegro\" \/>\n<meta property=\"article:modified_time\" content=\"2026-02-22T16:09:07+00:00\" \/>\n<meta property=\"og:image\" content=\"https:\/\/www.visit-montenegro.com\/wp-content\/uploads\/2017\/11\/20582877_369771663460508_4396329292984745984_n.jpg\" \/>\n\t<meta property=\"og:image:width\" content=\"1080\" \/>\n\t<meta property=\"og:image:height\" content=\"718\" \/>\n\t<meta property=\"og:image:type\" content=\"image\/jpeg\" \/>\n<meta name=\"twitter:card\" content=\"summary_large_image\" \/>\n<meta name=\"twitter:site\" content=\"@visitmontenegro\" \/>\n<meta name=\"twitter:label1\" content=\"Est. reading time\" \/>\n\t<meta name=\"twitter:data1\" content=\"2 minutes\" \/>\n<script type=\"application\/ld+json\" class=\"yoast-schema-graph\">{\"@context\":\"https:\\\/\\\/schema.org\",\"@graph\":[{\"@type\":\"WebPage\",\"@id\":\"https:\\\/\\\/www.visit-montenegro.com\\\/me\\\/destinacije\\\/cetinje\\\/atrakcije\\\/njegos-mausoleum\\\/\",\"url\":\"https:\\\/\\\/www.visit-montenegro.com\\\/me\\\/destinacije\\\/cetinje\\\/atrakcije\\\/njegos-mausoleum\\\/\",\"name\":\"Njego\u0161ev mauzolej - Visit Montenegro\",\"isPartOf\":{\"@id\":\"https:\\\/\\\/www.visit-montenegro.com\\\/me\\\/#website\"},\"primaryImageOfPage\":{\"@id\":\"https:\\\/\\\/www.visit-montenegro.com\\\/me\\\/destinacije\\\/cetinje\\\/atrakcije\\\/njegos-mausoleum\\\/#primaryimage\"},\"image\":{\"@id\":\"https:\\\/\\\/www.visit-montenegro.com\\\/me\\\/destinacije\\\/cetinje\\\/atrakcije\\\/njegos-mausoleum\\\/#primaryimage\"},\"thumbnailUrl\":\"https:\\\/\\\/www.visit-montenegro.com\\\/wp-content\\\/uploads\\\/2017\\\/11\\\/20582877_369771663460508_4396329292984745984_n.jpg\",\"datePublished\":\"2026-01-27T20:44:32+00:00\",\"dateModified\":\"2026-02-22T16:09:07+00:00\",\"description\":\"Posjetite Njego\u0161ev mauzolej, najvi\u0161i mauzolej na svijetu na planini Lov\u0107en. Do\u017eivite zadivljuju\u0107e poglede i crnogorsku historiju u ovoj destinaciji koju morate vidjeti.\",\"breadcrumb\":{\"@id\":\"https:\\\/\\\/www.visit-montenegro.com\\\/me\\\/destinacije\\\/cetinje\\\/atrakcije\\\/njegos-mausoleum\\\/#breadcrumb\"},\"inLanguage\":\"sr-Latn-ME\",\"potentialAction\":[{\"@type\":\"ReadAction\",\"target\":[\"https:\\\/\\\/www.visit-montenegro.com\\\/me\\\/destinacije\\\/cetinje\\\/atrakcije\\\/njegos-mausoleum\\\/\"]}]},{\"@type\":\"ImageObject\",\"inLanguage\":\"sr-Latn-ME\",\"@id\":\"https:\\\/\\\/www.visit-montenegro.com\\\/me\\\/destinacije\\\/cetinje\\\/atrakcije\\\/njegos-mausoleum\\\/#primaryimage\",\"url\":\"https:\\\/\\\/www.visit-montenegro.com\\\/wp-content\\\/uploads\\\/2017\\\/11\\\/20582877_369771663460508_4396329292984745984_n.jpg\",\"contentUrl\":\"https:\\\/\\\/www.visit-montenegro.com\\\/wp-content\\\/uploads\\\/2017\\\/11\\\/20582877_369771663460508_4396329292984745984_n.jpg\",\"width\":1080,\"height\":718,\"caption\":\"fotografija uz ljubaznost @bright.sky.travel\"},{\"@type\":\"BreadcrumbList\",\"@id\":\"https:\\\/\\\/www.visit-montenegro.com\\\/me\\\/destinacije\\\/cetinje\\\/atrakcije\\\/njegos-mausoleum\\\/#breadcrumb\",\"itemListElement\":[{\"@type\":\"ListItem\",\"position\":1,\"name\":\"Home\",\"item\":\"https:\\\/\\\/www.visit-montenegro.com\\\/me\\\/pocetna\\\/\"},{\"@type\":\"ListItem\",\"position\":2,\"name\":\"Turisti\u010dke destinacije u Crnoj Gori\",\"item\":\"https:\\\/\\\/www.visit-montenegro.com\\\/me\\\/destinacije\\\/\"},{\"@type\":\"ListItem\",\"position\":3,\"name\":\"Cetinje\",\"item\":\"https:\\\/\\\/www.visit-montenegro.com\\\/me\\\/destinations\\\/cetinje\\\/\"},{\"@type\":\"ListItem\",\"position\":4,\"name\":\"Cetinje atrakcije\",\"item\":\"https:\\\/\\\/www.visit-montenegro.com\\\/me\\\/destinations\\\/cetinje\\\/attractions\\\/\"},{\"@type\":\"ListItem\",\"position\":5,\"name\":\"Njego\u0161ev mauzolej\"}]},{\"@type\":\"WebSite\",\"@id\":\"https:\\\/\\\/www.visit-montenegro.com\\\/me\\\/#website\",\"url\":\"https:\\\/\\\/www.visit-montenegro.com\\\/me\\\/\",\"name\":\"Visit Montenegro\",\"description\":\"Breathtaking beauty\",\"publisher\":{\"@id\":\"https:\\\/\\\/www.visit-montenegro.com\\\/me\\\/#organization\"},\"potentialAction\":[{\"@type\":\"SearchAction\",\"target\":{\"@type\":\"EntryPoint\",\"urlTemplate\":\"https:\\\/\\\/www.visit-montenegro.com\\\/me\\\/?s={search_term_string}\"},\"query-input\":{\"@type\":\"PropertyValueSpecification\",\"valueRequired\":true,\"valueName\":\"search_term_string\"}}],\"inLanguage\":\"sr-Latn-ME\"},{\"@type\":\"Organization\",\"@id\":\"https:\\\/\\\/www.visit-montenegro.com\\\/me\\\/#organization\",\"name\":\"Visit Montenegro\",\"url\":\"https:\\\/\\\/www.visit-montenegro.com\\\/me\\\/\",\"logo\":{\"@type\":\"ImageObject\",\"inLanguage\":\"sr-Latn-ME\",\"@id\":\"https:\\\/\\\/www.visit-montenegro.com\\\/me\\\/#\\\/schema\\\/logo\\\/image\\\/\",\"url\":\"https:\\\/\\\/www.visit-montenegro.com\\\/wp-content\\\/uploads\\\/2017\\\/10\\\/logo-amp.png\",\"contentUrl\":\"https:\\\/\\\/www.visit-montenegro.com\\\/wp-content\\\/uploads\\\/2017\\\/10\\\/logo-amp.png\",\"width\":190,\"height\":36,\"caption\":\"Visit Montenegro\"},\"image\":{\"@id\":\"https:\\\/\\\/www.visit-montenegro.com\\\/me\\\/#\\\/schema\\\/logo\\\/image\\\/\"},\"sameAs\":[\"https:\\\/\\\/www.facebook.com\\\/visitmontenegro\",\"https:\\\/\\\/x.com\\\/visitmontenegro\",\"https:\\\/\\\/www.instagram.com\\\/visit_montenegro\\\/\",\"https:\\\/\\\/www.youtube.com\\\/user\\\/VisitMontenegro\"]}]}<\/script>\n<!-- \/ Yoast SEO plugin. -->","yoast_head_json":{"title":"Njego\u0161ev mauzolej - Visit Montenegro","description":"Posjetite Njego\u0161ev mauzolej, najvi\u0161i mauzolej na svijetu na planini Lov\u0107en. Do\u017eivite zadivljuju\u0107e poglede i crnogorsku historiju u ovoj destinaciji koju morate vidjeti.","robots":{"index":"index","follow":"follow","max-snippet":"max-snippet:-1","max-image-preview":"max-image-preview:large","max-video-preview":"max-video-preview:-1"},"canonical":"https:\/\/www.visit-montenegro.com\/me\/destinacije\/cetinje\/atrakcije\/njegos-mausoleum\/","og_locale":"en_US","og_type":"article","og_title":"Njego\u0161ev mauzolej - Visit Montenegro","og_description":"Posjetite Njego\u0161ev mauzolej, najvi\u0161i mauzolej na svijetu na planini Lov\u0107en. Do\u017eivite zadivljuju\u0107e poglede i crnogorsku historiju u ovoj destinaciji koju morate vidjeti.","og_url":"https:\/\/www.visit-montenegro.com\/me\/destinacije\/cetinje\/atrakcije\/njegos-mausoleum\/","og_site_name":"Visit Montenegro","article_publisher":"https:\/\/www.facebook.com\/visitmontenegro","article_modified_time":"2026-02-22T16:09:07+00:00","og_image":[{"width":1080,"height":718,"url":"https:\/\/www.visit-montenegro.com\/wp-content\/uploads\/2017\/11\/20582877_369771663460508_4396329292984745984_n.jpg","type":"image\/jpeg"}],"twitter_card":"summary_large_image","twitter_site":"@visitmontenegro","twitter_misc":{"Est. reading time":"2 minutes"},"schema":{"@context":"https:\/\/schema.org","@graph":[{"@type":"WebPage","@id":"https:\/\/www.visit-montenegro.com\/me\/destinacije\/cetinje\/atrakcije\/njegos-mausoleum\/","url":"https:\/\/www.visit-montenegro.com\/me\/destinacije\/cetinje\/atrakcije\/njegos-mausoleum\/","name":"Njego\u0161ev mauzolej - Visit Montenegro","isPartOf":{"@id":"https:\/\/www.visit-montenegro.com\/me\/#website"},"primaryImageOfPage":{"@id":"https:\/\/www.visit-montenegro.com\/me\/destinacije\/cetinje\/atrakcije\/njegos-mausoleum\/#primaryimage"},"image":{"@id":"https:\/\/www.visit-montenegro.com\/me\/destinacije\/cetinje\/atrakcije\/njegos-mausoleum\/#primaryimage"},"thumbnailUrl":"https:\/\/www.visit-montenegro.com\/wp-content\/uploads\/2017\/11\/20582877_369771663460508_4396329292984745984_n.jpg","datePublished":"2026-01-27T20:44:32+00:00","dateModified":"2026-02-22T16:09:07+00:00","description":"Posjetite Njego\u0161ev mauzolej, najvi\u0161i mauzolej na svijetu na planini Lov\u0107en. Do\u017eivite zadivljuju\u0107e poglede i crnogorsku historiju u ovoj destinaciji koju morate vidjeti.","breadcrumb":{"@id":"https:\/\/www.visit-montenegro.com\/me\/destinacije\/cetinje\/atrakcije\/njegos-mausoleum\/#breadcrumb"},"inLanguage":"sr-Latn-ME","potentialAction":[{"@type":"ReadAction","target":["https:\/\/www.visit-montenegro.com\/me\/destinacije\/cetinje\/atrakcije\/njegos-mausoleum\/"]}]},{"@type":"ImageObject","inLanguage":"sr-Latn-ME","@id":"https:\/\/www.visit-montenegro.com\/me\/destinacije\/cetinje\/atrakcije\/njegos-mausoleum\/#primaryimage","url":"https:\/\/www.visit-montenegro.com\/wp-content\/uploads\/2017\/11\/20582877_369771663460508_4396329292984745984_n.jpg","contentUrl":"https:\/\/www.visit-montenegro.com\/wp-content\/uploads\/2017\/11\/20582877_369771663460508_4396329292984745984_n.jpg","width":1080,"height":718,"caption":"fotografija uz ljubaznost @bright.sky.travel"},{"@type":"BreadcrumbList","@id":"https:\/\/www.visit-montenegro.com\/me\/destinacije\/cetinje\/atrakcije\/njegos-mausoleum\/#breadcrumb","itemListElement":[{"@type":"ListItem","position":1,"name":"Home","item":"https:\/\/www.visit-montenegro.com\/me\/pocetna\/"},{"@type":"ListItem","position":2,"name":"Turisti\u010dke destinacije u Crnoj Gori","item":"https:\/\/www.visit-montenegro.com\/me\/destinacije\/"},{"@type":"ListItem","position":3,"name":"Cetinje","item":"https:\/\/www.visit-montenegro.com\/me\/destinations\/cetinje\/"},{"@type":"ListItem","position":4,"name":"Cetinje atrakcije","item":"https:\/\/www.visit-montenegro.com\/me\/destinations\/cetinje\/attractions\/"},{"@type":"ListItem","position":5,"name":"Njego\u0161ev mauzolej"}]},{"@type":"WebSite","@id":"https:\/\/www.visit-montenegro.com\/me\/#website","url":"https:\/\/www.visit-montenegro.com\/me\/","name":"Visit Montenegro","description":"Breathtaking beauty","publisher":{"@id":"https:\/\/www.visit-montenegro.com\/me\/#organization"},"potentialAction":[{"@type":"SearchAction","target":{"@type":"EntryPoint","urlTemplate":"https:\/\/www.visit-montenegro.com\/me\/?s={search_term_string}"},"query-input":{"@type":"PropertyValueSpecification","valueRequired":true,"valueName":"search_term_string"}}],"inLanguage":"sr-Latn-ME"},{"@type":"Organization","@id":"https:\/\/www.visit-montenegro.com\/me\/#organization","name":"Visit Montenegro","url":"https:\/\/www.visit-montenegro.com\/me\/","logo":{"@type":"ImageObject","inLanguage":"sr-Latn-ME","@id":"https:\/\/www.visit-montenegro.com\/me\/#\/schema\/logo\/image\/","url":"https:\/\/www.visit-montenegro.com\/wp-content\/uploads\/2017\/10\/logo-amp.png","contentUrl":"https:\/\/www.visit-montenegro.com\/wp-content\/uploads\/2017\/10\/logo-amp.png","width":190,"height":36,"caption":"Visit Montenegro"},"image":{"@id":"https:\/\/www.visit-montenegro.com\/me\/#\/schema\/logo\/image\/"},"sameAs":["https:\/\/www.facebook.com\/visitmontenegro","https:\/\/x.com\/visitmontenegro","https:\/\/www.instagram.com\/visit_montenegro\/","https:\/\/www.youtube.com\/user\/VisitMontenegro"]}]}},"translations":[],"_links":{"self":[{"href":"https:\/\/www.visit-montenegro.com\/me\/wp-json\/wp\/v2\/pages\/135023","targetHints":{"allow":["GET"]}}],"collection":[{"href":"https:\/\/www.visit-montenegro.com\/me\/wp-json\/wp\/v2\/pages"}],"about":[{"href":"https:\/\/www.visit-montenegro.com\/me\/wp-json\/wp\/v2\/types\/page"}],"author":[{"embeddable":true,"href":"https:\/\/www.visit-montenegro.com\/me\/wp-json\/wp\/v2\/users\/1"}],"replies":[{"embeddable":true,"href":"https:\/\/www.visit-montenegro.com\/me\/wp-json\/wp\/v2\/comments?post=135023"}],"version-history":[{"count":0,"href":"https:\/\/www.visit-montenegro.com\/me\/wp-json\/wp\/v2\/pages\/135023\/revisions"}],"up":[{"embeddable":true,"href":"https:\/\/www.visit-montenegro.com\/me\/wp-json\/wp\/v2\/pages\/134806"}],"wp:featuredmedia":[{"embeddable":true,"href":"https:\/\/www.visit-montenegro.com\/me\/wp-json\/wp\/v2\/media\/135024"}],"wp:attachment":[{"href":"https:\/\/www.visit-montenegro.com\/me\/wp-json\/wp\/v2\/media?parent=135023"}],"wp:term":[{"taxonomy":"post_tag","embeddable":true,"href":"https:\/\/www.visit-montenegro.com\/me\/wp-json\/wp\/v2\/tags?post=135023"}],"curies":[{"name":"wp","href":"https:\/\/api.w.org\/{rel}","templated":true}]}}