{"id":135037,"date":"2026-01-27T21:44:32","date_gmt":"2026-01-27T20:44:32","guid":{"rendered":"https:\/\/new.visit-montenegro.com\/destinacije\/cetinje\/atrakcije\/lovcen\/"},"modified":"2026-02-22T17:12:21","modified_gmt":"2026-02-22T16:12:21","slug":"lovcen","status":"publish","type":"page","link":"https:\/\/www.visit-montenegro.com\/me\/destinacije\/cetinje\/atrakcije\/lovcen\/","title":{"rendered":"Nacionalni park Lov\u0107en"},"content":{"rendered":"\n<p>Nacionalni park Lov\u0107en je planinsko uto\u010di\u0161te u Dinarskim Alpima Crne Gore, koje se strmo uzdi\u017ee od budvanske obale do 1.749 metara. Prostire se na 6.220 jutara i spaja mediteransku i kontinentalnu klimu, podsti\u010du\u0107i jedinstvena stani\u0161ta i bogatu biodiverzitet.<\/p>\n\n<hr class=\"wp-block-separator has-alpha-channel-opacity\"\/>\n\n<h2 class=\"wp-block-heading\">Lokacija i prirodne karakteristike<\/h2>\n\n<p>Nacionalni park <strong>Lov\u0107en<\/strong> se nalazi u kamenitom podru\u010dju Dinarskih Alpa. Padine planine Lov\u0107en strmo se uzdi\u017eu od obalnog podru\u010dja Budve i zapadnog dijela Cetinja. Park je na jugu ome\u0111en autoputem <a href=\"https:\/\/www.visit-montenegro.com\/me\/destinacije\/budva\/\">Budva<\/a> \u2013 <a href=\"https:\/\/www.visit-montenegro.com\/me\/destinacije\/cetinje\/\">Cetinje<\/a>, a na sjeveru starim kotorskim putem. \u201cCrna Gora\u201d, po kojoj je Crna Gora dobila ime, uzdi\u017ee se do 1.749 metara nadmorske visine. Park je veli\u010dine 6.220 jutara, a njegov ured je na Cetinju.<\/p>\n\n<p>Istorija flore i faune igra va\u017enu ulogu u Nacionalnom parku <strong>Lov\u0107en<\/strong>, koji u vrlo malom prostoru ima devet razli\u010ditih stani\u0161ta. Ovaj veliki broj stani\u0161ta rezultira velikom raznoliko\u0161\u0107u flore i faune. U parku postoji 2.000 biljaka. Ovo obilje \u017eivota proizlazi iz ekstremnih nadmorskih visina i uticaja dvije klimatske zone: mediteranske i kontinentalne. Njihova kombinacija u tako malom prostoru stvara jedinstveno stani\u0161te.<\/p>\n\n<figure class=\"wp-block-image size-large\"><img loading=\"lazy\" decoding=\"async\" width=\"1024\" height=\"681\" src=\"https:\/\/www.visit-montenegro.com\/wp-content\/uploads\/2017\/11\/20582877_369771663460508_4396329292984745984_n-1024x681.jpg\" alt=\"\" class=\"wp-image-33109\" srcset=\"https:\/\/www.visit-montenegro.com\/wp-content\/uploads\/2017\/11\/20582877_369771663460508_4396329292984745984_n-1024x681.jpg 1024w, https:\/\/www.visit-montenegro.com\/wp-content\/uploads\/2017\/11\/20582877_369771663460508_4396329292984745984_n-300x199.jpg 300w, https:\/\/www.visit-montenegro.com\/wp-content\/uploads\/2017\/11\/20582877_369771663460508_4396329292984745984_n-768x511.jpg 768w, https:\/\/www.visit-montenegro.com\/wp-content\/uploads\/2017\/11\/20582877_369771663460508_4396329292984745984_n-90x60.jpg 90w, https:\/\/www.visit-montenegro.com\/wp-content\/uploads\/2017\/11\/20582877_369771663460508_4396329292984745984_n-180x120.jpg 180w, https:\/\/www.visit-montenegro.com\/wp-content\/uploads\/2017\/11\/20582877_369771663460508_4396329292984745984_n-95x64.jpg 95w, https:\/\/www.visit-montenegro.com\/wp-content\/uploads\/2017\/11\/20582877_369771663460508_4396329292984745984_n.jpg 1080w\" sizes=\"auto, (max-width: 1024px) 100vw, 1024px\" \/><figcaption class=\"wp-element-caption\">fotografija uz dozvolu <a href=\"https:\/\/www.instagram.com\/bright.sky.travel\/\" target=\"_blank\">@bright.sky.travel<\/a><\/figcaption><\/figure>\n\n<h2 class=\"wp-block-heading\">Kulturni i istorijski zna\u010daj<\/h2>\n\n<p>U ovom parku se nalazi <a href=\"https:\/\/www.visit-montenegro.com\/me\/destinacije\/cetinje\/atrakcije\/njegos-mausoleum\/\">mauzolej crnogorskog vladara i pjesnika Petra II Petrovi\u0107a Njego\u0161a<\/a>. Ta impozantna zgrada ima 461 stepeniku koji vode od parkirali\u0161ta do samog mauzoleja. Njena izgradnja je zapo\u010dela 1951. godine i otvorena je za javnost 1974. godine. Cijelo podru\u010dje planine Lov\u0107en Crnogorci smatraju svetim. Kao \u0161to stihovi poznate pjesme ka\u017eu, \u201cLov\u0107en je na\u0161 sveti oltar.\u201d <strong>Lov\u0107en<\/strong> je simbol Crne Gore i daje joj nacionalni identitet. Ukratko, ono \u0161to je Kip slobode za Amerikance, to je planina Lov\u0107en za Crnogorce.<\/p>\n\n<h3 class=\"wp-block-heading\">Istorija<\/h3>\n\n<p>Ovo podru\u010dje je svjedo\u010dilo dolasku i toku istorije od Ilira i Rimljana do dolaska slovenskih plemena. Cetinje je postalo upori\u0161te hri\u0161\u0107anstva i prijestolnica Crne Gore, nikada osvojena od Turaka. 1885. godine, relikvije Petra II su prenesene na vrh planine Lov\u0107en u malu crkvu. Tokom Drugog svjetskog rata, austrijski vojnici su uni\u0161tili crkvu, a kne\u017eevo tijelo je premje\u0161teno radi za\u0161tite. Nova crkva je izgra\u0111ena na istom mjestu, a kne\u017eeve relikvije su prenesene u nju. Plan za izgradnju mauzoleja je odobren, a izgradnja je zapo\u010dela 1951. godine. Trajala je 23 godine i otvorena je za javnost 1974. godine.<\/p>\n\n<h3 class=\"wp-block-heading\">Istorija parka<\/h3>\n\n<p>Ovaj park je stariji od 50 godina i stolje\u0107ima je budio sna\u017ene emocije u srcima Crnogoraca. Petar II, jedan od posljednjih velikih crnogorskih dinastija Petrovi\u0107 koji je \u017eivio u obli\u017enjem selu (u zoni VI parka), napisao je: \u201cPonosan Lov\u0107en planina, glava iznad oblaka vi\u0161a pod tobom ponosno smatra sve \u010dudesno \u0161to priroda stvara.\u201d<\/p>\n\n<h2 class=\"wp-block-heading\">Rekreacija i pristup<\/h2>\n\n<p>Najpopularniji sport na visokim snje\u017enim padinama je nordijsko skijanje. Ostale popularne aktivnosti su planinarenje i \u0161etnje kroz park. Tako\u0111e postoji mali avanturisti\u010dki park smje\u0161ten u Ivanovim Koritima.<\/p>\n\n<h3 class=\"wp-block-heading\">Transport i veze<\/h3>\n\n<p>Veliki autobusni saobra\u0107aj se odvija izme\u0111u Cetinja, Bara, Budve i Podgorice. Mogu\u0107e je unajmiti taksi koji prevozi putnike do parka. Za posjet parku, ve\u0107ina gostiju koristi vlastita ili iznajmljena vozila.<\/p>\n","protected":false},"excerpt":{"rendered":"<p>Istra\u017eite Nacionalni park Lov\u0107en, veli\u010danstveno crnogorsko blago koje spaja divlje planine, bogatu biodiverzitet i duboko kulturno naslje\u0111e. Otkrijte njegov ikoni\u010dni mauzolej, raznolika stani\u0161ta i aktivnosti na otvorenom u ovom slikovitom uto\u010di\u0161tu.<\/p>\n","protected":false},"author":1,"featured_media":135038,"parent":134806,"menu_order":0,"comment_status":"closed","ping_status":"closed","template":"","meta":{"_yoast_wpseo_focuskw":"Nacionalni park Lov\u0107en","_yoast_wpseo_metadesc":"Otkrijte Nacionalni park Lov\u0107en: sveta planina Crne Gore sa predivnim pejza\u017eima, mauzolejem Njego\u0161a i raznolikom florom. Planirajte svoj posjet za planinarenje, skijanje i istoriju.","_kad_post_transparent":"","_kad_post_title":"","_kad_post_layout":"","_kad_post_sidebar_id":"","_kad_post_content_style":"","_kad_post_vertical_padding":"","_kad_post_feature":"","_kad_post_feature_position":"","_kad_post_header":false,"_kad_post_footer":false,"_kad_post_classname":"","iawp_total_views":24,"footnotes":""},"tags":[],"class_list":["post-135037","page","type-page","status-publish","has-post-thumbnail","hentry"],"yoast_head":"<!-- This site is optimized with the Yoast SEO plugin v27.3 - https:\/\/yoast.com\/product\/yoast-seo-wordpress\/ -->\n<title>Nacionalni park Lov\u0107en - Visit Montenegro<\/title>\n<meta name=\"description\" content=\"Otkrijte Nacionalni park Lov\u0107en: sveta planina Crne Gore sa predivnim pejza\u017eima, mauzolejem Njego\u0161a i raznolikom florom. Planirajte svoj posjet za planinarenje, skijanje i istoriju.\" \/>\n<meta name=\"robots\" content=\"index, follow, max-snippet:-1, max-image-preview:large, max-video-preview:-1\" \/>\n<link rel=\"canonical\" href=\"https:\/\/www.visit-montenegro.com\/me\/destinacije\/cetinje\/atrakcije\/lovcen\/\" \/>\n<meta property=\"og:locale\" content=\"en_US\" \/>\n<meta property=\"og:type\" content=\"article\" \/>\n<meta property=\"og:title\" content=\"Nacionalni park Lov\u0107en - Visit Montenegro\" \/>\n<meta property=\"og:description\" content=\"Otkrijte Nacionalni park Lov\u0107en: sveta planina Crne Gore sa predivnim pejza\u017eima, mauzolejem Njego\u0161a i raznolikom florom. Planirajte svoj posjet za planinarenje, skijanje i istoriju.\" \/>\n<meta property=\"og:url\" content=\"https:\/\/www.visit-montenegro.com\/me\/destinacije\/cetinje\/atrakcije\/lovcen\/\" \/>\n<meta property=\"og:site_name\" content=\"Visit Montenegro\" \/>\n<meta property=\"article:publisher\" content=\"https:\/\/www.facebook.com\/visitmontenegro\" \/>\n<meta property=\"article:modified_time\" content=\"2026-02-22T16:12:21+00:00\" \/>\n<meta property=\"og:image\" content=\"https:\/\/www.visit-montenegro.com\/wp-content\/uploads\/2026\/01\/lovcen-scaled.jpg\" \/>\n\t<meta property=\"og:image:width\" content=\"1600\" \/>\n\t<meta property=\"og:image:height\" content=\"1200\" \/>\n\t<meta property=\"og:image:type\" content=\"image\/jpeg\" \/>\n<meta name=\"twitter:card\" content=\"summary_large_image\" \/>\n<meta name=\"twitter:site\" content=\"@visitmontenegro\" \/>\n<meta name=\"twitter:label1\" content=\"Est. reading time\" \/>\n\t<meta name=\"twitter:data1\" content=\"3 minutes\" \/>\n<script type=\"application\/ld+json\" class=\"yoast-schema-graph\">{\"@context\":\"https:\\\/\\\/schema.org\",\"@graph\":[{\"@type\":\"WebPage\",\"@id\":\"https:\\\/\\\/www.visit-montenegro.com\\\/me\\\/destinacije\\\/cetinje\\\/atrakcije\\\/lovcen\\\/\",\"url\":\"https:\\\/\\\/www.visit-montenegro.com\\\/me\\\/destinacije\\\/cetinje\\\/atrakcije\\\/lovcen\\\/\",\"name\":\"Nacionalni park Lov\u0107en - Visit Montenegro\",\"isPartOf\":{\"@id\":\"https:\\\/\\\/www.visit-montenegro.com\\\/me\\\/#website\"},\"primaryImageOfPage\":{\"@id\":\"https:\\\/\\\/www.visit-montenegro.com\\\/me\\\/destinacije\\\/cetinje\\\/atrakcije\\\/lovcen\\\/#primaryimage\"},\"image\":{\"@id\":\"https:\\\/\\\/www.visit-montenegro.com\\\/me\\\/destinacije\\\/cetinje\\\/atrakcije\\\/lovcen\\\/#primaryimage\"},\"thumbnailUrl\":\"https:\\\/\\\/www.visit-montenegro.com\\\/wp-content\\\/uploads\\\/2026\\\/01\\\/lovcen-scaled.jpg\",\"datePublished\":\"2026-01-27T20:44:32+00:00\",\"dateModified\":\"2026-02-22T16:12:21+00:00\",\"description\":\"Otkrijte Nacionalni park Lov\u0107en: sveta planina Crne Gore sa predivnim pejza\u017eima, mauzolejem Njego\u0161a i raznolikom florom. Planirajte svoj posjet za planinarenje, skijanje i istoriju.\",\"breadcrumb\":{\"@id\":\"https:\\\/\\\/www.visit-montenegro.com\\\/me\\\/destinacije\\\/cetinje\\\/atrakcije\\\/lovcen\\\/#breadcrumb\"},\"inLanguage\":\"sr-Latn-ME\",\"potentialAction\":[{\"@type\":\"ReadAction\",\"target\":[\"https:\\\/\\\/www.visit-montenegro.com\\\/me\\\/destinacije\\\/cetinje\\\/atrakcije\\\/lovcen\\\/\"]}]},{\"@type\":\"ImageObject\",\"inLanguage\":\"sr-Latn-ME\",\"@id\":\"https:\\\/\\\/www.visit-montenegro.com\\\/me\\\/destinacije\\\/cetinje\\\/atrakcije\\\/lovcen\\\/#primaryimage\",\"url\":\"https:\\\/\\\/www.visit-montenegro.com\\\/wp-content\\\/uploads\\\/2026\\\/01\\\/lovcen-scaled.jpg\",\"contentUrl\":\"https:\\\/\\\/www.visit-montenegro.com\\\/wp-content\\\/uploads\\\/2026\\\/01\\\/lovcen-scaled.jpg\",\"width\":1600,\"height\":1200,\"caption\":\"Vrh planine Lov\u0107en, Crna Gora\"},{\"@type\":\"BreadcrumbList\",\"@id\":\"https:\\\/\\\/www.visit-montenegro.com\\\/me\\\/destinacije\\\/cetinje\\\/atrakcije\\\/lovcen\\\/#breadcrumb\",\"itemListElement\":[{\"@type\":\"ListItem\",\"position\":1,\"name\":\"Home\",\"item\":\"https:\\\/\\\/www.visit-montenegro.com\\\/me\\\/pocetna\\\/\"},{\"@type\":\"ListItem\",\"position\":2,\"name\":\"Turisti\u010dke destinacije u Crnoj Gori\",\"item\":\"https:\\\/\\\/www.visit-montenegro.com\\\/me\\\/destinacije\\\/\"},{\"@type\":\"ListItem\",\"position\":3,\"name\":\"Cetinje\",\"item\":\"https:\\\/\\\/www.visit-montenegro.com\\\/me\\\/destinations\\\/cetinje\\\/\"},{\"@type\":\"ListItem\",\"position\":4,\"name\":\"Cetinje atrakcije\",\"item\":\"https:\\\/\\\/www.visit-montenegro.com\\\/me\\\/destinations\\\/cetinje\\\/attractions\\\/\"},{\"@type\":\"ListItem\",\"position\":5,\"name\":\"Nacionalni park Lov\u0107en\"}]},{\"@type\":\"WebSite\",\"@id\":\"https:\\\/\\\/www.visit-montenegro.com\\\/me\\\/#website\",\"url\":\"https:\\\/\\\/www.visit-montenegro.com\\\/me\\\/\",\"name\":\"Visit Montenegro\",\"description\":\"Breathtaking beauty\",\"publisher\":{\"@id\":\"https:\\\/\\\/www.visit-montenegro.com\\\/me\\\/#organization\"},\"potentialAction\":[{\"@type\":\"SearchAction\",\"target\":{\"@type\":\"EntryPoint\",\"urlTemplate\":\"https:\\\/\\\/www.visit-montenegro.com\\\/me\\\/?s={search_term_string}\"},\"query-input\":{\"@type\":\"PropertyValueSpecification\",\"valueRequired\":true,\"valueName\":\"search_term_string\"}}],\"inLanguage\":\"sr-Latn-ME\"},{\"@type\":\"Organization\",\"@id\":\"https:\\\/\\\/www.visit-montenegro.com\\\/me\\\/#organization\",\"name\":\"Visit Montenegro\",\"url\":\"https:\\\/\\\/www.visit-montenegro.com\\\/me\\\/\",\"logo\":{\"@type\":\"ImageObject\",\"inLanguage\":\"sr-Latn-ME\",\"@id\":\"https:\\\/\\\/www.visit-montenegro.com\\\/me\\\/#\\\/schema\\\/logo\\\/image\\\/\",\"url\":\"https:\\\/\\\/www.visit-montenegro.com\\\/wp-content\\\/uploads\\\/2017\\\/10\\\/logo-amp.png\",\"contentUrl\":\"https:\\\/\\\/www.visit-montenegro.com\\\/wp-content\\\/uploads\\\/2017\\\/10\\\/logo-amp.png\",\"width\":190,\"height\":36,\"caption\":\"Visit Montenegro\"},\"image\":{\"@id\":\"https:\\\/\\\/www.visit-montenegro.com\\\/me\\\/#\\\/schema\\\/logo\\\/image\\\/\"},\"sameAs\":[\"https:\\\/\\\/www.facebook.com\\\/visitmontenegro\",\"https:\\\/\\\/x.com\\\/visitmontenegro\",\"https:\\\/\\\/www.instagram.com\\\/visit_montenegro\\\/\",\"https:\\\/\\\/www.youtube.com\\\/user\\\/VisitMontenegro\"]}]}<\/script>\n<!-- \/ Yoast SEO plugin. -->","yoast_head_json":{"title":"Nacionalni park Lov\u0107en - Visit Montenegro","description":"Otkrijte Nacionalni park Lov\u0107en: sveta planina Crne Gore sa predivnim pejza\u017eima, mauzolejem Njego\u0161a i raznolikom florom. Planirajte svoj posjet za planinarenje, skijanje i istoriju.","robots":{"index":"index","follow":"follow","max-snippet":"max-snippet:-1","max-image-preview":"max-image-preview:large","max-video-preview":"max-video-preview:-1"},"canonical":"https:\/\/www.visit-montenegro.com\/me\/destinacije\/cetinje\/atrakcije\/lovcen\/","og_locale":"en_US","og_type":"article","og_title":"Nacionalni park Lov\u0107en - Visit Montenegro","og_description":"Otkrijte Nacionalni park Lov\u0107en: sveta planina Crne Gore sa predivnim pejza\u017eima, mauzolejem Njego\u0161a i raznolikom florom. Planirajte svoj posjet za planinarenje, skijanje i istoriju.","og_url":"https:\/\/www.visit-montenegro.com\/me\/destinacije\/cetinje\/atrakcije\/lovcen\/","og_site_name":"Visit Montenegro","article_publisher":"https:\/\/www.facebook.com\/visitmontenegro","article_modified_time":"2026-02-22T16:12:21+00:00","og_image":[{"width":1600,"height":1200,"url":"https:\/\/www.visit-montenegro.com\/wp-content\/uploads\/2026\/01\/lovcen-scaled.jpg","type":"image\/jpeg"}],"twitter_card":"summary_large_image","twitter_site":"@visitmontenegro","twitter_misc":{"Est. reading time":"3 minutes"},"schema":{"@context":"https:\/\/schema.org","@graph":[{"@type":"WebPage","@id":"https:\/\/www.visit-montenegro.com\/me\/destinacije\/cetinje\/atrakcije\/lovcen\/","url":"https:\/\/www.visit-montenegro.com\/me\/destinacije\/cetinje\/atrakcije\/lovcen\/","name":"Nacionalni park Lov\u0107en - Visit Montenegro","isPartOf":{"@id":"https:\/\/www.visit-montenegro.com\/me\/#website"},"primaryImageOfPage":{"@id":"https:\/\/www.visit-montenegro.com\/me\/destinacije\/cetinje\/atrakcije\/lovcen\/#primaryimage"},"image":{"@id":"https:\/\/www.visit-montenegro.com\/me\/destinacije\/cetinje\/atrakcije\/lovcen\/#primaryimage"},"thumbnailUrl":"https:\/\/www.visit-montenegro.com\/wp-content\/uploads\/2026\/01\/lovcen-scaled.jpg","datePublished":"2026-01-27T20:44:32+00:00","dateModified":"2026-02-22T16:12:21+00:00","description":"Otkrijte Nacionalni park Lov\u0107en: sveta planina Crne Gore sa predivnim pejza\u017eima, mauzolejem Njego\u0161a i raznolikom florom. Planirajte svoj posjet za planinarenje, skijanje i istoriju.","breadcrumb":{"@id":"https:\/\/www.visit-montenegro.com\/me\/destinacije\/cetinje\/atrakcije\/lovcen\/#breadcrumb"},"inLanguage":"sr-Latn-ME","potentialAction":[{"@type":"ReadAction","target":["https:\/\/www.visit-montenegro.com\/me\/destinacije\/cetinje\/atrakcije\/lovcen\/"]}]},{"@type":"ImageObject","inLanguage":"sr-Latn-ME","@id":"https:\/\/www.visit-montenegro.com\/me\/destinacije\/cetinje\/atrakcije\/lovcen\/#primaryimage","url":"https:\/\/www.visit-montenegro.com\/wp-content\/uploads\/2026\/01\/lovcen-scaled.jpg","contentUrl":"https:\/\/www.visit-montenegro.com\/wp-content\/uploads\/2026\/01\/lovcen-scaled.jpg","width":1600,"height":1200,"caption":"Vrh planine Lov\u0107en, Crna Gora"},{"@type":"BreadcrumbList","@id":"https:\/\/www.visit-montenegro.com\/me\/destinacije\/cetinje\/atrakcije\/lovcen\/#breadcrumb","itemListElement":[{"@type":"ListItem","position":1,"name":"Home","item":"https:\/\/www.visit-montenegro.com\/me\/pocetna\/"},{"@type":"ListItem","position":2,"name":"Turisti\u010dke destinacije u Crnoj Gori","item":"https:\/\/www.visit-montenegro.com\/me\/destinacije\/"},{"@type":"ListItem","position":3,"name":"Cetinje","item":"https:\/\/www.visit-montenegro.com\/me\/destinations\/cetinje\/"},{"@type":"ListItem","position":4,"name":"Cetinje atrakcije","item":"https:\/\/www.visit-montenegro.com\/me\/destinations\/cetinje\/attractions\/"},{"@type":"ListItem","position":5,"name":"Nacionalni park Lov\u0107en"}]},{"@type":"WebSite","@id":"https:\/\/www.visit-montenegro.com\/me\/#website","url":"https:\/\/www.visit-montenegro.com\/me\/","name":"Visit Montenegro","description":"Breathtaking beauty","publisher":{"@id":"https:\/\/www.visit-montenegro.com\/me\/#organization"},"potentialAction":[{"@type":"SearchAction","target":{"@type":"EntryPoint","urlTemplate":"https:\/\/www.visit-montenegro.com\/me\/?s={search_term_string}"},"query-input":{"@type":"PropertyValueSpecification","valueRequired":true,"valueName":"search_term_string"}}],"inLanguage":"sr-Latn-ME"},{"@type":"Organization","@id":"https:\/\/www.visit-montenegro.com\/me\/#organization","name":"Visit Montenegro","url":"https:\/\/www.visit-montenegro.com\/me\/","logo":{"@type":"ImageObject","inLanguage":"sr-Latn-ME","@id":"https:\/\/www.visit-montenegro.com\/me\/#\/schema\/logo\/image\/","url":"https:\/\/www.visit-montenegro.com\/wp-content\/uploads\/2017\/10\/logo-amp.png","contentUrl":"https:\/\/www.visit-montenegro.com\/wp-content\/uploads\/2017\/10\/logo-amp.png","width":190,"height":36,"caption":"Visit Montenegro"},"image":{"@id":"https:\/\/www.visit-montenegro.com\/me\/#\/schema\/logo\/image\/"},"sameAs":["https:\/\/www.facebook.com\/visitmontenegro","https:\/\/x.com\/visitmontenegro","https:\/\/www.instagram.com\/visit_montenegro\/","https:\/\/www.youtube.com\/user\/VisitMontenegro"]}]}},"translations":[],"_links":{"self":[{"href":"https:\/\/www.visit-montenegro.com\/me\/wp-json\/wp\/v2\/pages\/135037","targetHints":{"allow":["GET"]}}],"collection":[{"href":"https:\/\/www.visit-montenegro.com\/me\/wp-json\/wp\/v2\/pages"}],"about":[{"href":"https:\/\/www.visit-montenegro.com\/me\/wp-json\/wp\/v2\/types\/page"}],"author":[{"embeddable":true,"href":"https:\/\/www.visit-montenegro.com\/me\/wp-json\/wp\/v2\/users\/1"}],"replies":[{"embeddable":true,"href":"https:\/\/www.visit-montenegro.com\/me\/wp-json\/wp\/v2\/comments?post=135037"}],"version-history":[{"count":0,"href":"https:\/\/www.visit-montenegro.com\/me\/wp-json\/wp\/v2\/pages\/135037\/revisions"}],"up":[{"embeddable":true,"href":"https:\/\/www.visit-montenegro.com\/me\/wp-json\/wp\/v2\/pages\/134806"}],"wp:featuredmedia":[{"embeddable":true,"href":"https:\/\/www.visit-montenegro.com\/me\/wp-json\/wp\/v2\/media\/135038"}],"wp:attachment":[{"href":"https:\/\/www.visit-montenegro.com\/me\/wp-json\/wp\/v2\/media?parent=135037"}],"wp:term":[{"taxonomy":"post_tag","embeddable":true,"href":"https:\/\/www.visit-montenegro.com\/me\/wp-json\/wp\/v2\/tags?post=135037"}],"curies":[{"name":"wp","href":"https:\/\/api.w.org\/{rel}","templated":true}]}}