{"id":135048,"date":"2026-01-27T21:44:32","date_gmt":"2026-01-27T20:44:32","guid":{"rendered":"https:\/\/new.visit-montenegro.com\/atrakcije\/stari-grad\/"},"modified":"2026-02-22T17:12:21","modified_gmt":"2026-02-22T16:12:21","slug":"stari-grad","status":"publish","type":"page","link":"https:\/\/www.visit-montenegro.com\/me\/destinacije\/ulcinj\/atrakcije\/stari-grad\/","title":{"rendered":"Stari grad Ulcinj"},"content":{"rendered":"\n<p>Stari grad <a href=\"https:\/\/www.visit-montenegro.com\/me\/destinacije\/ulcinj\/\">Ulcinj<\/a> je istorijska tvr\u0111ava na crnogorskoj obali, sa srednjovjekovnim kamenim zidovima, bogatim kulturnim naslije\u0111em i pri\u010dama o gusarima i legendama, \u0161to ga \u010dini klju\u010dnim spomenikom i kandidatom za UNESCO.<\/p>\n\n<hr class=\"wp-block-separator has-alpha-channel-opacity\"\/>\n\n<p><strong>Stari grad Ulcinj<\/strong> podsje\u0107a na mnoge druge srednjovjekovne gradove na crnogorskoj obali. Okru\u017een je velikim kamenim zidovima i tvr\u0111avama, koji su vijekovima bili \u010duvari ulcinjske historije, kulture i tradicije. Mje\u0161tani ga opisuju kao tvr\u0111avu jedinstvene ljepote. Bedemi, koji ga okru\u017euju, izlaze direktno iz mora i pokrivaju povr\u0161inu od 3 hektara. Sastoje se od citadele \u2013 dijela koji se jo\u0161 uvijek naziva gornji grad \u2013 i tvr\u0111ave vojni\u010dkog karaktera, smje\u0161tene na najvi\u0161oj kamenoj zaravni, i gradskog naselja koje okru\u017euje ju\u017eni dio, opasanog odbrambenim zidovima. Smatra se da su pravi graditelji <strong>Starog grada Ulcinj<\/strong> bili Grci iz Epira, koji su grad izgradili krajem V i po\u010detkom IV vijeka p.n.e.<\/p>\n\n<p>Taj period se mo\u017ee smatrati genezom grada, \u0161to potvr\u0111uje zapis na postolju za ikonu boginje Are, koji glasi: \u201cUdru\u017eenje klesara (podiglo) Artemidi Elafavoli (boginji lova)\u201d. To dovodi do \u010dinjenice da su \u201cKiklopski\u201d zidovi, kako se jo\u0161 uvijek nazivaju, bedemi Ulcinja, podignuti od strane gr\u010dkih zidara. Grad, koji su napravili Grci, uni\u0161ten je u zemljotresu u V vijeku, tako da za dana\u0161nji izgled <strong>Starog grada Ulcinj<\/strong>, zasluga uglavnom pripada Rimljanima, koji su izgradili novi grad u VI vijeku.<\/p>\n\n<h2 class=\"wp-block-heading\">Istorijski i kulturni zna\u010daj<\/h2>\n\n<p>Mnoge pri\u010de su povezane sa <strong>Starim gradom Ulcinj<\/strong>. Do 1900. godine, 100 crnaca \u017eivjelo je u Ulcinju. Dolazak prvih ljudi tamne puti najva\u017eniji je u periodu kada je Ulcinj, odnosno tada\u0161nja luka <a href=\"https:\/\/www.visit-montenegro.com\/me\/destinacije\/ulcinj\/atrakcije\/valdanos\/\">Valdanos<\/a>, bio gusarsko uto\u010di\u0161te. Zbog trgovine robovima iz mediteranskih zemalja, glavni trg u Ulcinju i danas nosi naziv Trg robova.<\/p>\n\n<figure class=\"wp-block-image size-large\"><img loading=\"lazy\" decoding=\"async\" width=\"1024\" height=\"708\" src=\"https:\/\/www.visit-montenegro.com\/wp-content\/uploads\/2026\/01\/ulcinj-old-town-stairs-1024x708.jpg\" alt=\"\" class=\"wp-image-36238\" srcset=\"https:\/\/www.visit-montenegro.com\/wp-content\/uploads\/2026\/01\/ulcinj-old-town-stairs-1024x708.jpg 1024w, https:\/\/www.visit-montenegro.com\/wp-content\/uploads\/2026\/01\/ulcinj-old-town-stairs-300x208.jpg 300w, https:\/\/www.visit-montenegro.com\/wp-content\/uploads\/2026\/01\/ulcinj-old-town-stairs-768x531.jpg 768w, https:\/\/www.visit-montenegro.com\/wp-content\/uploads\/2026\/01\/ulcinj-old-town-stairs-1536x1062.jpg 1536w, https:\/\/www.visit-montenegro.com\/wp-content\/uploads\/2026\/01\/ulcinj-old-town-stairs-1200x830.jpg 1200w, https:\/\/www.visit-montenegro.com\/wp-content\/uploads\/2026\/01\/ulcinj-old-town-stairs-scaled.jpg 1600w\" sizes=\"auto, (max-width: 1024px) 100vw, 1024px\" \/><figcaption class=\"wp-element-caption\">stepenice i kameni luk u Starom gradu Ulcinj, Crna Gora<\/figcaption><\/figure>\n\n<p>\u0160tavi\u0161e, i danas mo\u017eete \u010duti pri\u010du da je poznati \u0161panski pisac Miguel de Cervantes bio jedan od zarobljenih gusarskih zatvorenika i robova u Ulcinju. U Ulcinju, Cervantes je proveo 5 godina. Kasnije, po povratku u domovinu, Cervantes je napisao svoje poznato djelo pod nazivom \u201cDon Kihot\u201d. Pretpostavlja se da su dva \u017eenska lika spomenuta u tom djelu upravo inspirisana Cervantesovim zato\u010deni\u0161tvom u <strong>Starom gradu Ulcinj<\/strong>.<\/p>\n\n<p><strong>Stari grad Ulcinj<\/strong> predstavlja pravo gnijezdo kulturno-istorijskog naslije\u0111a Ulcinja. Pored Sjeverne kapije grada, na centralnoj zaravni, nalazi se muzejski kompleks. Tu je i crkva, d\u017eamija, danas muzej u kojem se nalaze svi relevantni dokumenti i otkri\u0107a. Eksponati vrijedni pa\u017enje uklju\u010duju: anti\u010dko postolje s natpisom gr\u010dkoj boginji Artemidi, anti\u010dki kameo sa slikom boginje sa \u0161ljemom, i 2 sjekire iz bronzanog doba. U zbirci kamenih predmeta, sa\u010duvan je jonski kapitel, dijelovi Male crkve iz IX vijeka, i obilje predmeta iz turskog doba.<\/p>\n\n<figure class=\"wp-block-image size-large\"><img loading=\"lazy\" decoding=\"async\" width=\"1024\" height=\"683\" src=\"https:\/\/www.visit-montenegro.com\/wp-content\/uploads\/2026\/01\/ulcinj-archeological-museum-1024x683.jpg\" alt=\"\" class=\"wp-image-36227\" srcset=\"https:\/\/www.visit-montenegro.com\/wp-content\/uploads\/2026\/01\/ulcinj-archeological-museum-1024x683.jpg 1024w, https:\/\/www.visit-montenegro.com\/wp-content\/uploads\/2026\/01\/ulcinj-archeological-museum-300x200.jpg 300w, https:\/\/www.visit-montenegro.com\/wp-content\/uploads\/2026\/01\/ulcinj-archeological-museum-768x512.jpg 768w, https:\/\/www.visit-montenegro.com\/wp-content\/uploads\/2026\/01\/ulcinj-archeological-museum-1536x1024.jpg 1536w, https:\/\/www.visit-montenegro.com\/wp-content\/uploads\/2026\/01\/ulcinj-archeological-museum-1200x800.jpg 1200w, https:\/\/www.visit-montenegro.com\/wp-content\/uploads\/2026\/01\/ulcinj-archeological-museum-scaled.jpg 1600w\" sizes=\"auto, (max-width: 1024px) 100vw, 1024px\" \/><figcaption class=\"wp-element-caption\">Arheolo\u0161ki muzej u Starom gradu, Ulcinj, Crna Gora<\/figcaption><\/figure>\n\n<h3 class=\"wp-block-heading\">Arhitektonske karakteristike<\/h3>\n\n<p>Iza starog ulcinjskog muzeja, nalazi se \u201cKula Bal\u0161i\u0107a\u201d, \u010diji je prostor dijelom kori\u0161ten kao galerija. \u201cKula Bal\u0161i\u0107a\u201d se smatra jednim od najreprezentativnijih objekata srednjovjekovne arhitekture u Crnoj Gori. Ispred Kule je Mali ili Trg robova, ogra\u0111en svodovima (kazamatima). U blizini, nalazi se visoki zid, poznatiji kao Balani, iz mleta\u010dkog doba. Ispred ulaza u muzej je rampa \u201cravelin\u201d (vanjski dio utvr\u0111enja, u obliku polumjeseca, obi\u010dno smje\u0161ten ispred srednjeg bedema i izme\u0111u parapeta), i turska \u010desma iz 1749. godine.<\/p>\n\n<p>Samo nekoliko metara od glavnog je Etnolo\u0161ki muzej Ulcinja. Posjeduje izuzetno bogatu zbirku eksponata. Od njega, mnoge uli\u010dice vode do gornje zaravni stare gradske tvr\u0111ave. Ispred Ju\u017enog ulaza u grad, nalaze se temelji nekada\u0161nje pravoslavne crkve Svete Bogorodice, iz XII vijeka, koja je kasnije pretvorena u katoli\u010dku crkvu Sv. Marka. U blizini crkve je i velika mleta\u010dka cisterna. Malo dalje je turski barutni magacin iz XVIII vijeka. U blizini je izuzetno luksuzna zgrada \u201cPalata Venecija\u201d, na \u010dijem mjestu su nekada bili ostaci stare zgrade, pa se smatra da je u zgradi \u201cPalata Venecija\u201d u vrijeme Mleta\u010dke Republike bila rezidencija upravitelja grada.<\/p>\n\n<p>Zbog ljepote, luksuza i funkcionalnosti, crnogorski vladari Bal\u0161i\u0107i su koristili palatu kao rezidenciju i dvor. U pribli\u017enoj blizini Palate, nalazi se velika mleta\u010dka zgrada, \u201cDvori Bal\u0161i\u0107a\u201d iz XIV vijeka \u2013 danas poznati hotelski objekat.<\/p>\n\n<figure class=\"wp-block-image size-large\"><img loading=\"lazy\" decoding=\"async\" width=\"1024\" height=\"684\" src=\"https:\/\/www.visit-montenegro.com\/wp-content\/uploads\/2026\/01\/ulcinj-old-town-window-1024x684.jpg\" alt=\"\" class=\"wp-image-36239\" srcset=\"https:\/\/www.visit-montenegro.com\/wp-content\/uploads\/2026\/01\/ulcinj-old-town-window-1024x684.jpg 1024w, https:\/\/www.visit-montenegro.com\/wp-content\/uploads\/2026\/01\/ulcinj-old-town-window-300x200.jpg 300w, https:\/\/www.visit-montenegro.com\/wp-content\/uploads\/2026\/01\/ulcinj-old-town-window-768x513.jpg 768w, https:\/\/www.visit-montenegro.com\/wp-content\/uploads\/2026\/01\/ulcinj-old-town-window-1536x1026.jpg 1536w, https:\/\/www.visit-montenegro.com\/wp-content\/uploads\/2026\/01\/ulcinj-old-town-window-1200x801.jpg 1200w, https:\/\/www.visit-montenegro.com\/wp-content\/uploads\/2026\/01\/ulcinj-old-town-window-scaled.jpg 1600w\" sizes=\"auto, (max-width: 1024px) 100vw, 1024px\" \/><figcaption class=\"wp-element-caption\">Pogled na more kroz prozor tvr\u0111ave u starom gradu Ulcinj, Crna Gora<\/figcaption><\/figure>\n\n<h3 class=\"wp-block-heading\">Legende i tradicije<\/h3>\n\n<p>Prije ulaza u <strong>Stari grad Ulcinj<\/strong>, nalazi se grobna komora, koja je specifi\u010dna oznaka perioda vladavine Osmanskog carstva. Prema legendi, grobna komora svjedo\u010di o dvoboju dvojice bra\u0107e ili prijatelja, zbog ljubavi prema \u017eeni. Prema toj pri\u010di, dvojica mu\u0161karaca su se borili na smrt kako bi pobjednik u tom dvoboju osvojio ljubav voljene \u017eene. Nesposobna da donese odluku, a ni da gleda njihovu borbu na smrt, prema legendi, mlada \u017eena je sko\u010dila s ku\u0107e i okon\u010dala svoj \u017eivot. Ipak, dvoboj mladi\u0107a, koji su u to vrijeme bili visoko cijenjeni u tada\u0161njem Ulcinju, je nastavljen. Jedan od njih je poginuo u borbi, a drugi ne\u0161to kasnije nakon prvog tako\u0111e umro. Grobna komora \u2013 na mjestu njihove borbe, predstavlja svetinju, koja \u2013 prema narodnom vjerovanju zra\u010di i lije\u010di.<\/p>\n\n<p>Brojni ljudi iz Ulcinja i tako\u0111e turisti koji prolaze kroz <strong>Stari grad Ulcinj<\/strong>, koji i danas ima \u0161ankove kojima je grobna komora ogra\u0111ena, bacaju nov\u010di\u0107 za sre\u0107u.<\/p>\n\n<p><strong>Stari grad Ulcinj<\/strong> unato\u010d brojnim o\u0161te\u0107enjima na ju\u017enoj strani i lo\u0161oj kvaliteti komunalne infrastrukture, ostaje spomenik I kategorije i kandidat za UNESCO za\u0161titu.<\/p>\n","protected":false},"excerpt":{"rendered":"<p>Istra\u017eite Stari grad Ulcinj, srednjovjekovnu tvr\u0111avu na crnogorskoj obali s bogatom historijom, gusarskim pri\u010dama i kulturnim blagom. Otkrijte njegovo gr\u010dko i rimsko porijeklo, legende i status kandidata za UNESCO.<\/p>\n","protected":false},"author":1,"featured_media":134812,"parent":135042,"menu_order":0,"comment_status":"closed","ping_status":"closed","template":"","meta":{"_yoast_wpseo_focuskw":"Stari grad Ulcinj","_yoast_wpseo_metadesc":"Otkrijte srednjovjekovni \u0161arm, gusarsku historiju i kulturno naslije\u0111e Starog grada Ulcinja u Crnoj Gori. Istra\u017eite njegove pri\u010de, arhitekturu i kandidaturu za UNESCO za nezaboravan posjet.","_kad_post_transparent":"","_kad_post_title":"","_kad_post_layout":"","_kad_post_sidebar_id":"","_kad_post_content_style":"","_kad_post_vertical_padding":"","_kad_post_feature":"","_kad_post_feature_position":"","_kad_post_header":false,"_kad_post_footer":false,"_kad_post_classname":"","iawp_total_views":14,"footnotes":""},"tags":[],"class_list":["post-135048","page","type-page","status-publish","has-post-thumbnail","hentry"],"yoast_head":"<!-- This site is optimized with the Yoast SEO plugin v27.3 - https:\/\/yoast.com\/product\/yoast-seo-wordpress\/ -->\n<title>Stari grad Ulcinj - Visit Montenegro<\/title>\n<meta name=\"description\" content=\"Otkrijte srednjovjekovni \u0161arm, gusarsku historiju i kulturno naslije\u0111e Starog grada Ulcinja u Crnoj Gori. Istra\u017eite njegove pri\u010de, arhitekturu i kandidaturu za UNESCO za nezaboravan posjet.\" \/>\n<meta name=\"robots\" content=\"index, follow, max-snippet:-1, max-image-preview:large, max-video-preview:-1\" \/>\n<link rel=\"canonical\" href=\"https:\/\/www.visit-montenegro.com\/me\/destinacije\/ulcinj\/atrakcije\/stari-grad\/\" \/>\n<meta property=\"og:locale\" content=\"en_US\" \/>\n<meta property=\"og:type\" content=\"article\" \/>\n<meta property=\"og:title\" content=\"Stari grad Ulcinj - Visit Montenegro\" \/>\n<meta property=\"og:description\" content=\"Otkrijte srednjovjekovni \u0161arm, gusarsku historiju i kulturno naslije\u0111e Starog grada Ulcinja u Crnoj Gori. Istra\u017eite njegove pri\u010de, arhitekturu i kandidaturu za UNESCO za nezaboravan posjet.\" \/>\n<meta property=\"og:url\" content=\"https:\/\/www.visit-montenegro.com\/me\/destinacije\/ulcinj\/atrakcije\/stari-grad\/\" \/>\n<meta property=\"og:site_name\" content=\"Visit Montenegro\" \/>\n<meta property=\"article:publisher\" content=\"https:\/\/www.facebook.com\/visitmontenegro\" \/>\n<meta property=\"article:modified_time\" content=\"2026-02-22T16:12:21+00:00\" \/>\n<meta property=\"og:image\" content=\"https:\/\/www.visit-montenegro.com\/wp-content\/uploads\/2026\/01\/ulcinj-old-town-scaled.jpg\" \/>\n\t<meta property=\"og:image:width\" content=\"1600\" \/>\n\t<meta property=\"og:image:height\" content=\"945\" \/>\n\t<meta property=\"og:image:type\" content=\"image\/jpeg\" \/>\n<meta name=\"twitter:card\" content=\"summary_large_image\" \/>\n<meta name=\"twitter:site\" content=\"@visitmontenegro\" \/>\n<meta name=\"twitter:label1\" content=\"Est. reading time\" \/>\n\t<meta name=\"twitter:data1\" content=\"5 minutes\" \/>\n<script type=\"application\/ld+json\" class=\"yoast-schema-graph\">{\"@context\":\"https:\\\/\\\/schema.org\",\"@graph\":[{\"@type\":\"WebPage\",\"@id\":\"https:\\\/\\\/www.visit-montenegro.com\\\/me\\\/destinacije\\\/ulcinj\\\/atrakcije\\\/stari-grad\\\/\",\"url\":\"https:\\\/\\\/www.visit-montenegro.com\\\/me\\\/destinacije\\\/ulcinj\\\/atrakcije\\\/stari-grad\\\/\",\"name\":\"Stari grad Ulcinj - Visit Montenegro\",\"isPartOf\":{\"@id\":\"https:\\\/\\\/www.visit-montenegro.com\\\/me\\\/#website\"},\"primaryImageOfPage\":{\"@id\":\"https:\\\/\\\/www.visit-montenegro.com\\\/me\\\/destinacije\\\/ulcinj\\\/atrakcije\\\/stari-grad\\\/#primaryimage\"},\"image\":{\"@id\":\"https:\\\/\\\/www.visit-montenegro.com\\\/me\\\/destinacije\\\/ulcinj\\\/atrakcije\\\/stari-grad\\\/#primaryimage\"},\"thumbnailUrl\":\"https:\\\/\\\/www.visit-montenegro.com\\\/wp-content\\\/uploads\\\/2026\\\/01\\\/ulcinj-old-town-scaled.jpg\",\"datePublished\":\"2026-01-27T20:44:32+00:00\",\"dateModified\":\"2026-02-22T16:12:21+00:00\",\"description\":\"Otkrijte srednjovjekovni \u0161arm, gusarsku historiju i kulturno naslije\u0111e Starog grada Ulcinja u Crnoj Gori. Istra\u017eite njegove pri\u010de, arhitekturu i kandidaturu za UNESCO za nezaboravan posjet.\",\"breadcrumb\":{\"@id\":\"https:\\\/\\\/www.visit-montenegro.com\\\/me\\\/destinacije\\\/ulcinj\\\/atrakcije\\\/stari-grad\\\/#breadcrumb\"},\"inLanguage\":\"sr-Latn-ME\",\"potentialAction\":[{\"@type\":\"ReadAction\",\"target\":[\"https:\\\/\\\/www.visit-montenegro.com\\\/me\\\/destinacije\\\/ulcinj\\\/atrakcije\\\/stari-grad\\\/\"]}]},{\"@type\":\"ImageObject\",\"inLanguage\":\"sr-Latn-ME\",\"@id\":\"https:\\\/\\\/www.visit-montenegro.com\\\/me\\\/destinacije\\\/ulcinj\\\/atrakcije\\\/stari-grad\\\/#primaryimage\",\"url\":\"https:\\\/\\\/www.visit-montenegro.com\\\/wp-content\\\/uploads\\\/2026\\\/01\\\/ulcinj-old-town-scaled.jpg\",\"contentUrl\":\"https:\\\/\\\/www.visit-montenegro.com\\\/wp-content\\\/uploads\\\/2026\\\/01\\\/ulcinj-old-town-scaled.jpg\",\"width\":1600,\"height\":945,\"caption\":\"Stari grad Ulcinj, Crna Gora\"},{\"@type\":\"BreadcrumbList\",\"@id\":\"https:\\\/\\\/www.visit-montenegro.com\\\/me\\\/destinacije\\\/ulcinj\\\/atrakcije\\\/stari-grad\\\/#breadcrumb\",\"itemListElement\":[{\"@type\":\"ListItem\",\"position\":1,\"name\":\"Home\",\"item\":\"https:\\\/\\\/www.visit-montenegro.com\\\/me\\\/pocetna\\\/\"},{\"@type\":\"ListItem\",\"position\":2,\"name\":\"Turisti\u010dke destinacije u Crnoj Gori\",\"item\":\"https:\\\/\\\/www.visit-montenegro.com\\\/me\\\/destinacije\\\/\"},{\"@type\":\"ListItem\",\"position\":3,\"name\":\"Ulcinj\",\"item\":\"https:\\\/\\\/www.visit-montenegro.com\\\/me\\\/destinacije\\\/ulcinj\\\/\"},{\"@type\":\"ListItem\",\"position\":4,\"name\":\"Atrakcije Ulcinja\",\"item\":\"https:\\\/\\\/www.visit-montenegro.com\\\/me\\\/destinacije\\\/ulcinj\\\/atrakcije\\\/\"},{\"@type\":\"ListItem\",\"position\":5,\"name\":\"Stari grad Ulcinj\"}]},{\"@type\":\"WebSite\",\"@id\":\"https:\\\/\\\/www.visit-montenegro.com\\\/me\\\/#website\",\"url\":\"https:\\\/\\\/www.visit-montenegro.com\\\/me\\\/\",\"name\":\"Visit Montenegro\",\"description\":\"Breathtaking beauty\",\"publisher\":{\"@id\":\"https:\\\/\\\/www.visit-montenegro.com\\\/me\\\/#organization\"},\"potentialAction\":[{\"@type\":\"SearchAction\",\"target\":{\"@type\":\"EntryPoint\",\"urlTemplate\":\"https:\\\/\\\/www.visit-montenegro.com\\\/me\\\/?s={search_term_string}\"},\"query-input\":{\"@type\":\"PropertyValueSpecification\",\"valueRequired\":true,\"valueName\":\"search_term_string\"}}],\"inLanguage\":\"sr-Latn-ME\"},{\"@type\":\"Organization\",\"@id\":\"https:\\\/\\\/www.visit-montenegro.com\\\/me\\\/#organization\",\"name\":\"Visit Montenegro\",\"url\":\"https:\\\/\\\/www.visit-montenegro.com\\\/me\\\/\",\"logo\":{\"@type\":\"ImageObject\",\"inLanguage\":\"sr-Latn-ME\",\"@id\":\"https:\\\/\\\/www.visit-montenegro.com\\\/me\\\/#\\\/schema\\\/logo\\\/image\\\/\",\"url\":\"https:\\\/\\\/www.visit-montenegro.com\\\/wp-content\\\/uploads\\\/2017\\\/10\\\/logo-amp.png\",\"contentUrl\":\"https:\\\/\\\/www.visit-montenegro.com\\\/wp-content\\\/uploads\\\/2017\\\/10\\\/logo-amp.png\",\"width\":190,\"height\":36,\"caption\":\"Visit Montenegro\"},\"image\":{\"@id\":\"https:\\\/\\\/www.visit-montenegro.com\\\/me\\\/#\\\/schema\\\/logo\\\/image\\\/\"},\"sameAs\":[\"https:\\\/\\\/www.facebook.com\\\/visitmontenegro\",\"https:\\\/\\\/x.com\\\/visitmontenegro\",\"https:\\\/\\\/www.instagram.com\\\/visit_montenegro\\\/\",\"https:\\\/\\\/www.youtube.com\\\/user\\\/VisitMontenegro\"]}]}<\/script>\n<!-- \/ Yoast SEO plugin. -->","yoast_head_json":{"title":"Stari grad Ulcinj - Visit Montenegro","description":"Otkrijte srednjovjekovni \u0161arm, gusarsku historiju i kulturno naslije\u0111e Starog grada Ulcinja u Crnoj Gori. Istra\u017eite njegove pri\u010de, arhitekturu i kandidaturu za UNESCO za nezaboravan posjet.","robots":{"index":"index","follow":"follow","max-snippet":"max-snippet:-1","max-image-preview":"max-image-preview:large","max-video-preview":"max-video-preview:-1"},"canonical":"https:\/\/www.visit-montenegro.com\/me\/destinacije\/ulcinj\/atrakcije\/stari-grad\/","og_locale":"en_US","og_type":"article","og_title":"Stari grad Ulcinj - Visit Montenegro","og_description":"Otkrijte srednjovjekovni \u0161arm, gusarsku historiju i kulturno naslije\u0111e Starog grada Ulcinja u Crnoj Gori. Istra\u017eite njegove pri\u010de, arhitekturu i kandidaturu za UNESCO za nezaboravan posjet.","og_url":"https:\/\/www.visit-montenegro.com\/me\/destinacije\/ulcinj\/atrakcije\/stari-grad\/","og_site_name":"Visit Montenegro","article_publisher":"https:\/\/www.facebook.com\/visitmontenegro","article_modified_time":"2026-02-22T16:12:21+00:00","og_image":[{"width":1600,"height":945,"url":"https:\/\/www.visit-montenegro.com\/wp-content\/uploads\/2026\/01\/ulcinj-old-town-scaled.jpg","type":"image\/jpeg"}],"twitter_card":"summary_large_image","twitter_site":"@visitmontenegro","twitter_misc":{"Est. reading time":"5 minutes"},"schema":{"@context":"https:\/\/schema.org","@graph":[{"@type":"WebPage","@id":"https:\/\/www.visit-montenegro.com\/me\/destinacije\/ulcinj\/atrakcije\/stari-grad\/","url":"https:\/\/www.visit-montenegro.com\/me\/destinacije\/ulcinj\/atrakcije\/stari-grad\/","name":"Stari grad Ulcinj - Visit Montenegro","isPartOf":{"@id":"https:\/\/www.visit-montenegro.com\/me\/#website"},"primaryImageOfPage":{"@id":"https:\/\/www.visit-montenegro.com\/me\/destinacije\/ulcinj\/atrakcije\/stari-grad\/#primaryimage"},"image":{"@id":"https:\/\/www.visit-montenegro.com\/me\/destinacije\/ulcinj\/atrakcije\/stari-grad\/#primaryimage"},"thumbnailUrl":"https:\/\/www.visit-montenegro.com\/wp-content\/uploads\/2026\/01\/ulcinj-old-town-scaled.jpg","datePublished":"2026-01-27T20:44:32+00:00","dateModified":"2026-02-22T16:12:21+00:00","description":"Otkrijte srednjovjekovni \u0161arm, gusarsku historiju i kulturno naslije\u0111e Starog grada Ulcinja u Crnoj Gori. Istra\u017eite njegove pri\u010de, arhitekturu i kandidaturu za UNESCO za nezaboravan posjet.","breadcrumb":{"@id":"https:\/\/www.visit-montenegro.com\/me\/destinacije\/ulcinj\/atrakcije\/stari-grad\/#breadcrumb"},"inLanguage":"sr-Latn-ME","potentialAction":[{"@type":"ReadAction","target":["https:\/\/www.visit-montenegro.com\/me\/destinacije\/ulcinj\/atrakcije\/stari-grad\/"]}]},{"@type":"ImageObject","inLanguage":"sr-Latn-ME","@id":"https:\/\/www.visit-montenegro.com\/me\/destinacije\/ulcinj\/atrakcije\/stari-grad\/#primaryimage","url":"https:\/\/www.visit-montenegro.com\/wp-content\/uploads\/2026\/01\/ulcinj-old-town-scaled.jpg","contentUrl":"https:\/\/www.visit-montenegro.com\/wp-content\/uploads\/2026\/01\/ulcinj-old-town-scaled.jpg","width":1600,"height":945,"caption":"Stari grad Ulcinj, Crna Gora"},{"@type":"BreadcrumbList","@id":"https:\/\/www.visit-montenegro.com\/me\/destinacije\/ulcinj\/atrakcije\/stari-grad\/#breadcrumb","itemListElement":[{"@type":"ListItem","position":1,"name":"Home","item":"https:\/\/www.visit-montenegro.com\/me\/pocetna\/"},{"@type":"ListItem","position":2,"name":"Turisti\u010dke destinacije u Crnoj Gori","item":"https:\/\/www.visit-montenegro.com\/me\/destinacije\/"},{"@type":"ListItem","position":3,"name":"Ulcinj","item":"https:\/\/www.visit-montenegro.com\/me\/destinacije\/ulcinj\/"},{"@type":"ListItem","position":4,"name":"Atrakcije Ulcinja","item":"https:\/\/www.visit-montenegro.com\/me\/destinacije\/ulcinj\/atrakcije\/"},{"@type":"ListItem","position":5,"name":"Stari grad Ulcinj"}]},{"@type":"WebSite","@id":"https:\/\/www.visit-montenegro.com\/me\/#website","url":"https:\/\/www.visit-montenegro.com\/me\/","name":"Visit Montenegro","description":"Breathtaking beauty","publisher":{"@id":"https:\/\/www.visit-montenegro.com\/me\/#organization"},"potentialAction":[{"@type":"SearchAction","target":{"@type":"EntryPoint","urlTemplate":"https:\/\/www.visit-montenegro.com\/me\/?s={search_term_string}"},"query-input":{"@type":"PropertyValueSpecification","valueRequired":true,"valueName":"search_term_string"}}],"inLanguage":"sr-Latn-ME"},{"@type":"Organization","@id":"https:\/\/www.visit-montenegro.com\/me\/#organization","name":"Visit Montenegro","url":"https:\/\/www.visit-montenegro.com\/me\/","logo":{"@type":"ImageObject","inLanguage":"sr-Latn-ME","@id":"https:\/\/www.visit-montenegro.com\/me\/#\/schema\/logo\/image\/","url":"https:\/\/www.visit-montenegro.com\/wp-content\/uploads\/2017\/10\/logo-amp.png","contentUrl":"https:\/\/www.visit-montenegro.com\/wp-content\/uploads\/2017\/10\/logo-amp.png","width":190,"height":36,"caption":"Visit Montenegro"},"image":{"@id":"https:\/\/www.visit-montenegro.com\/me\/#\/schema\/logo\/image\/"},"sameAs":["https:\/\/www.facebook.com\/visitmontenegro","https:\/\/x.com\/visitmontenegro","https:\/\/www.instagram.com\/visit_montenegro\/","https:\/\/www.youtube.com\/user\/VisitMontenegro"]}]}},"translations":[],"_links":{"self":[{"href":"https:\/\/www.visit-montenegro.com\/me\/wp-json\/wp\/v2\/pages\/135048","targetHints":{"allow":["GET"]}}],"collection":[{"href":"https:\/\/www.visit-montenegro.com\/me\/wp-json\/wp\/v2\/pages"}],"about":[{"href":"https:\/\/www.visit-montenegro.com\/me\/wp-json\/wp\/v2\/types\/page"}],"author":[{"embeddable":true,"href":"https:\/\/www.visit-montenegro.com\/me\/wp-json\/wp\/v2\/users\/1"}],"replies":[{"embeddable":true,"href":"https:\/\/www.visit-montenegro.com\/me\/wp-json\/wp\/v2\/comments?post=135048"}],"version-history":[{"count":0,"href":"https:\/\/www.visit-montenegro.com\/me\/wp-json\/wp\/v2\/pages\/135048\/revisions"}],"up":[{"embeddable":true,"href":"https:\/\/www.visit-montenegro.com\/me\/wp-json\/wp\/v2\/pages\/135042"}],"wp:featuredmedia":[{"embeddable":true,"href":"https:\/\/www.visit-montenegro.com\/me\/wp-json\/wp\/v2\/media\/134812"}],"wp:attachment":[{"href":"https:\/\/www.visit-montenegro.com\/me\/wp-json\/wp\/v2\/media?parent=135048"}],"wp:term":[{"taxonomy":"post_tag","embeddable":true,"href":"https:\/\/www.visit-montenegro.com\/me\/wp-json\/wp\/v2\/tags?post=135048"}],"curies":[{"name":"wp","href":"https:\/\/api.w.org\/{rel}","templated":true}]}}