{"id":135053,"date":"2026-01-27T21:44:32","date_gmt":"2026-01-27T20:44:32","guid":{"rendered":"https:\/\/new.visit-montenegro.com\/atrakcije\/ada-bojana\/"},"modified":"2026-02-22T17:12:21","modified_gmt":"2026-02-22T16:12:21","slug":"ada-bojana","status":"publish","type":"page","link":"https:\/\/www.visit-montenegro.com\/me\/destinacije\/ulcinj\/atrakcije\/ada-bojana\/","title":{"rendered":"Ada Bojana"},"content":{"rendered":"\n<p>Ada Bojana je ve\u0161ta\u010dko ostrvo nastalo u 19. vijeku kada se brod &#8220;Merito&#8221; nasukao, a godinama rije\u010dne sedimentacije oblikovale su ga u ono \u0161to mnogi danas smatraju rajem na zemlji.<\/p>\n\n<p>Posljedi\u010dno, <strong>Ada Bojana<\/strong> je najpoznatiji turisti\u010dki dragulj Crne Gore. Njena nudisti\u010dka zona, vje\u0161to skrivena od radoznalih pogleda, okru\u017eena je prekrasnom rijekom Bojanom sa dvije strane i naj\u010distijom morskom vodom sa tre\u0107e. Mnogi savjetuju: &#8220;Ako ikada sanjate o ljetnom odmoru u kostimima Adama i Eve, <strong>Ada Bojana<\/strong> je pravi izbor.&#8221;<\/p>\n\n<figure class=\"wp-block-image size-large\"><img loading=\"lazy\" decoding=\"async\" width=\"1024\" height=\"650\" src=\"https:\/\/www.visit-montenegro.com\/wp-content\/uploads\/2026\/01\/ulcinj-bojana-1024x650.jpg\" alt=\"\" class=\"wp-image-36228\" srcset=\"https:\/\/www.visit-montenegro.com\/wp-content\/uploads\/2026\/01\/ulcinj-bojana-1024x650.jpg 1024w, https:\/\/www.visit-montenegro.com\/wp-content\/uploads\/2026\/01\/ulcinj-bojana-300x190.jpg 300w, https:\/\/www.visit-montenegro.com\/wp-content\/uploads\/2026\/01\/ulcinj-bojana-768x488.jpg 768w, https:\/\/www.visit-montenegro.com\/wp-content\/uploads\/2026\/01\/ulcinj-bojana-1536x975.jpg 1536w, https:\/\/www.visit-montenegro.com\/wp-content\/uploads\/2026\/01\/ulcinj-bojana-1200x762.jpg 1200w, https:\/\/www.visit-montenegro.com\/wp-content\/uploads\/2026\/01\/ulcinj-bojana-scaled.jpg 1600w\" sizes=\"auto, (max-width: 1024px) 100vw, 1024px\" \/><figcaption class=\"wp-element-caption\">Rijeka Bojana i ostrvo Ada u Ulcinju, Crna Gora<\/figcaption><\/figure>\n\n<h2 class=\"wp-block-heading\">Pla\u017ea i prirodna ljepota Ada Bojane<\/h2>\n\n<p>Kada odmarate na <strong>Ada Bojani<\/strong>, o\u010dara\u0107e vas kilometri duge pje\u0161\u010dane pla\u017ee koja se spaja sa kristalno \u010distim morem. Pla\u017ea i morsko dno prekriveni su finim pijeskom, obrubljeni trskom i kol parasolima. <strong>Ada Bojana<\/strong> je najljep\u0161a u zalasku sunca, sa nevjerovatnim bojama koje spajaju more, pijesak i nebo u jedinstvenu sliku. \u0160tavi\u0161e, pored turista i nudista, ljeto donosi i one koji \u017eele da se spoje sa netaknutom prirodom, u\u017eivaju\u0107i u dnevnim zalascima sunca koji se odra\u017eavaju na plavom moru. Od ljeta do ljeta, ovdje se vra\u0107aju pjesnici, knji\u017eevnici, pjeva\u010di, filmski stvaraoci, novinari, biznismeni, boemi i ekscentri\u010dni ljudi.<\/p>\n\n<p>Zaista, pla\u017eni prostor nudi potpunu privatnost. Luksuzni bungalovi smje\u0161teni su pored pla\u017ee, okru\u017eeni cvetnim aran\u017emanima i mediteranskom vegetacijom, \u010dine\u0107i va\u0161 odmor na <strong>Ada Bojani<\/strong> neobi\u010dnim i nezamislivo savr\u0161enim.<\/p>\n\n<figure class=\"wp-block-image size-large\"><img loading=\"lazy\" decoding=\"async\" width=\"1024\" height=\"678\" src=\"https:\/\/www.visit-montenegro.com\/wp-content\/uploads\/2026\/01\/ada-bojana-house-1024x678.jpg\" alt=\"\" class=\"wp-image-36223\" srcset=\"https:\/\/www.visit-montenegro.com\/wp-content\/uploads\/2026\/01\/ada-bojana-house-1024x678.jpg 1024w, https:\/\/www.visit-montenegro.com\/wp-content\/uploads\/2026\/01\/ada-bojana-house-300x199.jpg 300w, https:\/\/www.visit-montenegro.com\/wp-content\/uploads\/2026\/01\/ada-bojana-house-768x508.jpg 768w, https:\/\/www.visit-montenegro.com\/wp-content\/uploads\/2026\/01\/ada-bojana-house-1536x1017.jpg 1536w, https:\/\/www.visit-montenegro.com\/wp-content\/uploads\/2026\/01\/ada-bojana-house-1200x794.jpg 1200w, https:\/\/www.visit-montenegro.com\/wp-content\/uploads\/2026\/01\/ada-bojana-house-scaled.jpg 1600w\" sizes=\"auto, (max-width: 1024px) 100vw, 1024px\" \/><figcaption class=\"wp-element-caption\">drvena ku\u0107a uz bujnu obalu rijeke Ada Bojana, Crna Gora<\/figcaption><\/figure>\n\n<p>Za one koji \u017eele maksimalno da se odmore, bungalovi su samo 100 metara od pla\u017ee sa odvojenim ulazima i terasama okrenutim prema moru. U blizini su restorani, sportski tereni i parking prostori.<\/p>\n\n<h2 class=\"wp-block-heading\">Aktivnosti i atmosfera na Ada Bojani<\/h2>\n\n<p>Ljudi ka\u017eu da je <strong>Ada Bojana<\/strong> predstava koja izvla\u010di negativne misli. Podru\u010dje je neobi\u010dno tiho, i nakon nekoliko dana, ta ti\u0161ina mo\u017ee smiriti ljude, vra\u0107aju\u0107i entuzijazam i \u017eivotnu energiju. Kako ne bi, kada samo pjevanje ptica, \u0161i\u0161tanje talasa, morski vjetar ili zujanje cvr\u010daka remete mir? Osim netaknute prirode, sportske ponude su raznolike: jahanje konja, jedrenje, paraglajding, kite surfing i windsurfing.<\/p>\n\n<figure class=\"wp-block-image size-large\"><img loading=\"lazy\" decoding=\"async\" width=\"1024\" height=\"676\" src=\"https:\/\/www.visit-montenegro.com\/wp-content\/uploads\/2026\/01\/ulcinj-long-beach-kite-surfing-1024x676.jpg\" alt=\"\" class=\"wp-image-36236\" srcset=\"https:\/\/www.visit-montenegro.com\/wp-content\/uploads\/2026\/01\/ulcinj-long-beach-kite-surfing-1024x676.jpg 1024w, https:\/\/www.visit-montenegro.com\/wp-content\/uploads\/2026\/01\/ulcinj-long-beach-kite-surfing-300x198.jpg 300w, https:\/\/www.visit-montenegro.com\/wp-content\/uploads\/2026\/01\/ulcinj-long-beach-kite-surfing-768x507.jpg 768w, https:\/\/www.visit-montenegro.com\/wp-content\/uploads\/2026\/01\/ulcinj-long-beach-kite-surfing-1536x1014.jpg 1536w, https:\/\/www.visit-montenegro.com\/wp-content\/uploads\/2026\/01\/ulcinj-long-beach-kite-surfing-1200x792.jpg 1200w, https:\/\/www.visit-montenegro.com\/wp-content\/uploads\/2026\/01\/ulcinj-long-beach-kite-surfing-scaled.jpg 1600w\" sizes=\"auto, (max-width: 1024px) 100vw, 1024px\" \/><figcaption class=\"wp-element-caption\">Kitesurfer sa kitesurf zmajem na pla\u017ei u Ulcinju, Crna Gora<\/figcaption><\/figure>\n\n<p>Na <strong>Ada Bojani<\/strong>, windsurf \u0161kola sa vrhunskom opremom zadovoljava amatere i profesionalce. Ravna jezerska voda odgovara po\u010detnicima; nakon 7 dana treninga, mo\u017eete u\u017eivati u talasima, a nakon mjesec dana, otvorenim morskim vjetrovima. Prodorni vjetrovi stvaraju odli\u010dne talase za kvalitetan windsurfing.<\/p>\n\n<p>Obale koje prska Bojana poznate su po drvenim ku\u0107ama gdje lokalci tradicionalno love ribu, koja se odmah poslu\u017euje u ribljim restoranima sa atraktivnom ambijentom. <strong>Ada Bojana<\/strong> je puna suptropske i mediteranske vegetacije. Izgra\u0111ena 1970-ih, godinama je prepoznata kao destinacija za hipi generaciju.<\/p>\n","protected":false},"excerpt":{"rendered":"<p>Otkrijte Ada Bojanu, ve\u0161ta\u010dko ostrvski raj Crne Gore nastao od brodoloma. U\u017eivajte u dugim pje\u0161\u010danim pla\u017eama, nudisti\u010dkim zonama i mirnim zalascima sunca u jedinstvenom prirodnom okru\u017eenju. Savr\u0161eno za opu\u0161tanje, vodene sportove i povezivanje sa netaknutom lepotom.<\/p>\n","protected":false},"author":1,"featured_media":135054,"parent":135042,"menu_order":0,"comment_status":"closed","ping_status":"closed","template":"","meta":{"_yoast_wpseo_focuskw":"Ada Bojana","_yoast_wpseo_metadesc":"Istra\u017eite Ada Bojanu, skriveni dragulj Crne Gore sa pje\u0161\u010danim pla\u017eama, nudisti\u010dkim zonama i vodnim sportovima. Planirajte svoj sanjani odmor na ovom mirnom ostrvskom raju.","_kad_post_transparent":"","_kad_post_title":"","_kad_post_layout":"","_kad_post_sidebar_id":"","_kad_post_content_style":"","_kad_post_vertical_padding":"","_kad_post_feature":"","_kad_post_feature_position":"","_kad_post_header":false,"_kad_post_footer":false,"_kad_post_classname":"","iawp_total_views":47,"footnotes":""},"tags":[],"class_list":["post-135053","page","type-page","status-publish","has-post-thumbnail","hentry"],"yoast_head":"<!-- This site is optimized with the Yoast SEO plugin v27.3 - https:\/\/yoast.com\/product\/yoast-seo-wordpress\/ -->\n<title>Ada Bojana - Visit Montenegro<\/title>\n<meta name=\"description\" content=\"Istra\u017eite Ada Bojanu, skriveni dragulj Crne Gore sa pje\u0161\u010danim pla\u017eama, nudisti\u010dkim zonama i vodnim sportovima. Planirajte svoj sanjani odmor na ovom mirnom ostrvskom raju.\" \/>\n<meta name=\"robots\" content=\"index, follow, max-snippet:-1, max-image-preview:large, max-video-preview:-1\" \/>\n<link rel=\"canonical\" href=\"https:\/\/www.visit-montenegro.com\/me\/destinacije\/ulcinj\/atrakcije\/ada-bojana\/\" \/>\n<meta property=\"og:locale\" content=\"en_US\" \/>\n<meta property=\"og:type\" content=\"article\" \/>\n<meta property=\"og:title\" content=\"Ada Bojana - Visit Montenegro\" \/>\n<meta property=\"og:description\" content=\"Istra\u017eite Ada Bojanu, skriveni dragulj Crne Gore sa pje\u0161\u010danim pla\u017eama, nudisti\u010dkim zonama i vodnim sportovima. Planirajte svoj sanjani odmor na ovom mirnom ostrvskom raju.\" \/>\n<meta property=\"og:url\" content=\"https:\/\/www.visit-montenegro.com\/me\/destinacije\/ulcinj\/atrakcije\/ada-bojana\/\" \/>\n<meta property=\"og:site_name\" content=\"Visit Montenegro\" \/>\n<meta property=\"article:publisher\" content=\"https:\/\/www.facebook.com\/visitmontenegro\" \/>\n<meta property=\"article:modified_time\" content=\"2026-02-22T16:12:21+00:00\" \/>\n<meta property=\"og:image\" content=\"https:\/\/www.visit-montenegro.com\/wp-content\/uploads\/2026\/01\/ulcinj-bojana-ada-scaled.jpg\" \/>\n\t<meta property=\"og:image:width\" content=\"1600\" \/>\n\t<meta property=\"og:image:height\" content=\"1200\" \/>\n\t<meta property=\"og:image:type\" content=\"image\/jpeg\" \/>\n<meta name=\"twitter:card\" content=\"summary_large_image\" \/>\n<meta name=\"twitter:site\" content=\"@visitmontenegro\" \/>\n<meta name=\"twitter:label1\" content=\"Est. reading time\" \/>\n\t<meta name=\"twitter:data1\" content=\"2 minutes\" \/>\n<script type=\"application\/ld+json\" class=\"yoast-schema-graph\">{\"@context\":\"https:\\\/\\\/schema.org\",\"@graph\":[{\"@type\":\"WebPage\",\"@id\":\"https:\\\/\\\/www.visit-montenegro.com\\\/me\\\/destinacije\\\/ulcinj\\\/atrakcije\\\/ada-bojana\\\/\",\"url\":\"https:\\\/\\\/www.visit-montenegro.com\\\/me\\\/destinacije\\\/ulcinj\\\/atrakcije\\\/ada-bojana\\\/\",\"name\":\"Ada Bojana - Visit Montenegro\",\"isPartOf\":{\"@id\":\"https:\\\/\\\/www.visit-montenegro.com\\\/me\\\/#website\"},\"primaryImageOfPage\":{\"@id\":\"https:\\\/\\\/www.visit-montenegro.com\\\/me\\\/destinacije\\\/ulcinj\\\/atrakcije\\\/ada-bojana\\\/#primaryimage\"},\"image\":{\"@id\":\"https:\\\/\\\/www.visit-montenegro.com\\\/me\\\/destinacije\\\/ulcinj\\\/atrakcije\\\/ada-bojana\\\/#primaryimage\"},\"thumbnailUrl\":\"https:\\\/\\\/www.visit-montenegro.com\\\/wp-content\\\/uploads\\\/2026\\\/01\\\/ulcinj-bojana-ada-scaled.jpg\",\"datePublished\":\"2026-01-27T20:44:32+00:00\",\"dateModified\":\"2026-02-22T16:12:21+00:00\",\"description\":\"Istra\u017eite Ada Bojanu, skriveni dragulj Crne Gore sa pje\u0161\u010danim pla\u017eama, nudisti\u010dkim zonama i vodnim sportovima. Planirajte svoj sanjani odmor na ovom mirnom ostrvskom raju.\",\"breadcrumb\":{\"@id\":\"https:\\\/\\\/www.visit-montenegro.com\\\/me\\\/destinacije\\\/ulcinj\\\/atrakcije\\\/ada-bojana\\\/#breadcrumb\"},\"inLanguage\":\"sr-Latn-ME\",\"potentialAction\":[{\"@type\":\"ReadAction\",\"target\":[\"https:\\\/\\\/www.visit-montenegro.com\\\/me\\\/destinacije\\\/ulcinj\\\/atrakcije\\\/ada-bojana\\\/\"]}]},{\"@type\":\"ImageObject\",\"inLanguage\":\"sr-Latn-ME\",\"@id\":\"https:\\\/\\\/www.visit-montenegro.com\\\/me\\\/destinacije\\\/ulcinj\\\/atrakcije\\\/ada-bojana\\\/#primaryimage\",\"url\":\"https:\\\/\\\/www.visit-montenegro.com\\\/wp-content\\\/uploads\\\/2026\\\/01\\\/ulcinj-bojana-ada-scaled.jpg\",\"contentUrl\":\"https:\\\/\\\/www.visit-montenegro.com\\\/wp-content\\\/uploads\\\/2026\\\/01\\\/ulcinj-bojana-ada-scaled.jpg\",\"width\":1600,\"height\":1200,\"caption\":\"Pogled iz vazduha na rijeku Bojanu i ostrvo Ada Bojana, Crna Gora\"},{\"@type\":\"BreadcrumbList\",\"@id\":\"https:\\\/\\\/www.visit-montenegro.com\\\/me\\\/destinacije\\\/ulcinj\\\/atrakcije\\\/ada-bojana\\\/#breadcrumb\",\"itemListElement\":[{\"@type\":\"ListItem\",\"position\":1,\"name\":\"Home\",\"item\":\"https:\\\/\\\/www.visit-montenegro.com\\\/me\\\/pocetna\\\/\"},{\"@type\":\"ListItem\",\"position\":2,\"name\":\"Turisti\u010dke destinacije u Crnoj Gori\",\"item\":\"https:\\\/\\\/www.visit-montenegro.com\\\/me\\\/destinacije\\\/\"},{\"@type\":\"ListItem\",\"position\":3,\"name\":\"Ulcinj\",\"item\":\"https:\\\/\\\/www.visit-montenegro.com\\\/me\\\/destinacije\\\/ulcinj\\\/\"},{\"@type\":\"ListItem\",\"position\":4,\"name\":\"Atrakcije Ulcinja\",\"item\":\"https:\\\/\\\/www.visit-montenegro.com\\\/me\\\/destinacije\\\/ulcinj\\\/atrakcije\\\/\"},{\"@type\":\"ListItem\",\"position\":5,\"name\":\"Ada Bojana\"}]},{\"@type\":\"WebSite\",\"@id\":\"https:\\\/\\\/www.visit-montenegro.com\\\/me\\\/#website\",\"url\":\"https:\\\/\\\/www.visit-montenegro.com\\\/me\\\/\",\"name\":\"Visit Montenegro\",\"description\":\"Breathtaking beauty\",\"publisher\":{\"@id\":\"https:\\\/\\\/www.visit-montenegro.com\\\/me\\\/#organization\"},\"potentialAction\":[{\"@type\":\"SearchAction\",\"target\":{\"@type\":\"EntryPoint\",\"urlTemplate\":\"https:\\\/\\\/www.visit-montenegro.com\\\/me\\\/?s={search_term_string}\"},\"query-input\":{\"@type\":\"PropertyValueSpecification\",\"valueRequired\":true,\"valueName\":\"search_term_string\"}}],\"inLanguage\":\"sr-Latn-ME\"},{\"@type\":\"Organization\",\"@id\":\"https:\\\/\\\/www.visit-montenegro.com\\\/me\\\/#organization\",\"name\":\"Visit Montenegro\",\"url\":\"https:\\\/\\\/www.visit-montenegro.com\\\/me\\\/\",\"logo\":{\"@type\":\"ImageObject\",\"inLanguage\":\"sr-Latn-ME\",\"@id\":\"https:\\\/\\\/www.visit-montenegro.com\\\/me\\\/#\\\/schema\\\/logo\\\/image\\\/\",\"url\":\"https:\\\/\\\/www.visit-montenegro.com\\\/wp-content\\\/uploads\\\/2017\\\/10\\\/logo-amp.png\",\"contentUrl\":\"https:\\\/\\\/www.visit-montenegro.com\\\/wp-content\\\/uploads\\\/2017\\\/10\\\/logo-amp.png\",\"width\":190,\"height\":36,\"caption\":\"Visit Montenegro\"},\"image\":{\"@id\":\"https:\\\/\\\/www.visit-montenegro.com\\\/me\\\/#\\\/schema\\\/logo\\\/image\\\/\"},\"sameAs\":[\"https:\\\/\\\/www.facebook.com\\\/visitmontenegro\",\"https:\\\/\\\/x.com\\\/visitmontenegro\",\"https:\\\/\\\/www.instagram.com\\\/visit_montenegro\\\/\",\"https:\\\/\\\/www.youtube.com\\\/user\\\/VisitMontenegro\"]}]}<\/script>\n<!-- \/ Yoast SEO plugin. -->","yoast_head_json":{"title":"Ada Bojana - Visit Montenegro","description":"Istra\u017eite Ada Bojanu, skriveni dragulj Crne Gore sa pje\u0161\u010danim pla\u017eama, nudisti\u010dkim zonama i vodnim sportovima. Planirajte svoj sanjani odmor na ovom mirnom ostrvskom raju.","robots":{"index":"index","follow":"follow","max-snippet":"max-snippet:-1","max-image-preview":"max-image-preview:large","max-video-preview":"max-video-preview:-1"},"canonical":"https:\/\/www.visit-montenegro.com\/me\/destinacije\/ulcinj\/atrakcije\/ada-bojana\/","og_locale":"en_US","og_type":"article","og_title":"Ada Bojana - Visit Montenegro","og_description":"Istra\u017eite Ada Bojanu, skriveni dragulj Crne Gore sa pje\u0161\u010danim pla\u017eama, nudisti\u010dkim zonama i vodnim sportovima. Planirajte svoj sanjani odmor na ovom mirnom ostrvskom raju.","og_url":"https:\/\/www.visit-montenegro.com\/me\/destinacije\/ulcinj\/atrakcije\/ada-bojana\/","og_site_name":"Visit Montenegro","article_publisher":"https:\/\/www.facebook.com\/visitmontenegro","article_modified_time":"2026-02-22T16:12:21+00:00","og_image":[{"width":1600,"height":1200,"url":"https:\/\/www.visit-montenegro.com\/wp-content\/uploads\/2026\/01\/ulcinj-bojana-ada-scaled.jpg","type":"image\/jpeg"}],"twitter_card":"summary_large_image","twitter_site":"@visitmontenegro","twitter_misc":{"Est. reading time":"2 minutes"},"schema":{"@context":"https:\/\/schema.org","@graph":[{"@type":"WebPage","@id":"https:\/\/www.visit-montenegro.com\/me\/destinacije\/ulcinj\/atrakcije\/ada-bojana\/","url":"https:\/\/www.visit-montenegro.com\/me\/destinacije\/ulcinj\/atrakcije\/ada-bojana\/","name":"Ada Bojana - Visit Montenegro","isPartOf":{"@id":"https:\/\/www.visit-montenegro.com\/me\/#website"},"primaryImageOfPage":{"@id":"https:\/\/www.visit-montenegro.com\/me\/destinacije\/ulcinj\/atrakcije\/ada-bojana\/#primaryimage"},"image":{"@id":"https:\/\/www.visit-montenegro.com\/me\/destinacije\/ulcinj\/atrakcije\/ada-bojana\/#primaryimage"},"thumbnailUrl":"https:\/\/www.visit-montenegro.com\/wp-content\/uploads\/2026\/01\/ulcinj-bojana-ada-scaled.jpg","datePublished":"2026-01-27T20:44:32+00:00","dateModified":"2026-02-22T16:12:21+00:00","description":"Istra\u017eite Ada Bojanu, skriveni dragulj Crne Gore sa pje\u0161\u010danim pla\u017eama, nudisti\u010dkim zonama i vodnim sportovima. Planirajte svoj sanjani odmor na ovom mirnom ostrvskom raju.","breadcrumb":{"@id":"https:\/\/www.visit-montenegro.com\/me\/destinacije\/ulcinj\/atrakcije\/ada-bojana\/#breadcrumb"},"inLanguage":"sr-Latn-ME","potentialAction":[{"@type":"ReadAction","target":["https:\/\/www.visit-montenegro.com\/me\/destinacije\/ulcinj\/atrakcije\/ada-bojana\/"]}]},{"@type":"ImageObject","inLanguage":"sr-Latn-ME","@id":"https:\/\/www.visit-montenegro.com\/me\/destinacije\/ulcinj\/atrakcije\/ada-bojana\/#primaryimage","url":"https:\/\/www.visit-montenegro.com\/wp-content\/uploads\/2026\/01\/ulcinj-bojana-ada-scaled.jpg","contentUrl":"https:\/\/www.visit-montenegro.com\/wp-content\/uploads\/2026\/01\/ulcinj-bojana-ada-scaled.jpg","width":1600,"height":1200,"caption":"Pogled iz vazduha na rijeku Bojanu i ostrvo Ada Bojana, Crna Gora"},{"@type":"BreadcrumbList","@id":"https:\/\/www.visit-montenegro.com\/me\/destinacije\/ulcinj\/atrakcije\/ada-bojana\/#breadcrumb","itemListElement":[{"@type":"ListItem","position":1,"name":"Home","item":"https:\/\/www.visit-montenegro.com\/me\/pocetna\/"},{"@type":"ListItem","position":2,"name":"Turisti\u010dke destinacije u Crnoj Gori","item":"https:\/\/www.visit-montenegro.com\/me\/destinacije\/"},{"@type":"ListItem","position":3,"name":"Ulcinj","item":"https:\/\/www.visit-montenegro.com\/me\/destinacije\/ulcinj\/"},{"@type":"ListItem","position":4,"name":"Atrakcije Ulcinja","item":"https:\/\/www.visit-montenegro.com\/me\/destinacije\/ulcinj\/atrakcije\/"},{"@type":"ListItem","position":5,"name":"Ada Bojana"}]},{"@type":"WebSite","@id":"https:\/\/www.visit-montenegro.com\/me\/#website","url":"https:\/\/www.visit-montenegro.com\/me\/","name":"Visit Montenegro","description":"Breathtaking beauty","publisher":{"@id":"https:\/\/www.visit-montenegro.com\/me\/#organization"},"potentialAction":[{"@type":"SearchAction","target":{"@type":"EntryPoint","urlTemplate":"https:\/\/www.visit-montenegro.com\/me\/?s={search_term_string}"},"query-input":{"@type":"PropertyValueSpecification","valueRequired":true,"valueName":"search_term_string"}}],"inLanguage":"sr-Latn-ME"},{"@type":"Organization","@id":"https:\/\/www.visit-montenegro.com\/me\/#organization","name":"Visit Montenegro","url":"https:\/\/www.visit-montenegro.com\/me\/","logo":{"@type":"ImageObject","inLanguage":"sr-Latn-ME","@id":"https:\/\/www.visit-montenegro.com\/me\/#\/schema\/logo\/image\/","url":"https:\/\/www.visit-montenegro.com\/wp-content\/uploads\/2017\/10\/logo-amp.png","contentUrl":"https:\/\/www.visit-montenegro.com\/wp-content\/uploads\/2017\/10\/logo-amp.png","width":190,"height":36,"caption":"Visit Montenegro"},"image":{"@id":"https:\/\/www.visit-montenegro.com\/me\/#\/schema\/logo\/image\/"},"sameAs":["https:\/\/www.facebook.com\/visitmontenegro","https:\/\/x.com\/visitmontenegro","https:\/\/www.instagram.com\/visit_montenegro\/","https:\/\/www.youtube.com\/user\/VisitMontenegro"]}]}},"translations":[],"_links":{"self":[{"href":"https:\/\/www.visit-montenegro.com\/me\/wp-json\/wp\/v2\/pages\/135053","targetHints":{"allow":["GET"]}}],"collection":[{"href":"https:\/\/www.visit-montenegro.com\/me\/wp-json\/wp\/v2\/pages"}],"about":[{"href":"https:\/\/www.visit-montenegro.com\/me\/wp-json\/wp\/v2\/types\/page"}],"author":[{"embeddable":true,"href":"https:\/\/www.visit-montenegro.com\/me\/wp-json\/wp\/v2\/users\/1"}],"replies":[{"embeddable":true,"href":"https:\/\/www.visit-montenegro.com\/me\/wp-json\/wp\/v2\/comments?post=135053"}],"version-history":[{"count":0,"href":"https:\/\/www.visit-montenegro.com\/me\/wp-json\/wp\/v2\/pages\/135053\/revisions"}],"up":[{"embeddable":true,"href":"https:\/\/www.visit-montenegro.com\/me\/wp-json\/wp\/v2\/pages\/135042"}],"wp:featuredmedia":[{"embeddable":true,"href":"https:\/\/www.visit-montenegro.com\/me\/wp-json\/wp\/v2\/media\/135054"}],"wp:attachment":[{"href":"https:\/\/www.visit-montenegro.com\/me\/wp-json\/wp\/v2\/media?parent=135053"}],"wp:term":[{"taxonomy":"post_tag","embeddable":true,"href":"https:\/\/www.visit-montenegro.com\/me\/wp-json\/wp\/v2\/tags?post=135053"}],"curies":[{"name":"wp","href":"https:\/\/api.w.org\/{rel}","templated":true}]}}